{"id":42210,"date":"2022-11-18T20:00:04","date_gmt":"2022-11-18T19:00:04","guid":{"rendered":"https:\/\/kgerad.de\/?post_type=product&#038;p=42210"},"modified":"2023-08-11T09:58:53","modified_gmt":"2023-08-11T07:58:53","slug":"diamant-zouma-deluxe-625-wh-2022-275-zoll-tiefeinsteiger","status":"publish","type":"product","link":"https:\/\/kgerad.de\/en\/product\/diamant-zouma-deluxe-625-wh-2022-275-zoll-tiefeinsteiger\/","title":{"rendered":"Diamant Zouma Deluxe+ &#8211; 625 Wh &#8211; 2022 &#8211; 27,5 Zoll"},"content":{"rendered":"<div class=\"col product-detail-name-container\">\n<h2 class=\"product-detail-name\">Diamant Zouma Deluxe+ &#8211; 625 Wh &#8211; 2022 &#8211; 27,5 Zoll &#8211; Tiefeinsteiger<\/h2>\n<p>Wenn Aluminium das Material deiner Wahl ist, solltest du dir das Diamant Zouma Deluxe+ &#8211; 625 einmal genauer ansehen. Das schicke E-Trekkingbike bietet n\u00e4mlich einen sch\u00f6nen Tiefeinsteiger Rahmen aus Aluminium. Ein weiteres Highlight ist der kr\u00e4ftige Bosch Performance Line CX Gen4 Mittelmotor, der ordentliche 85 Nm Drehmoment auf die Stra\u00dfe bringt. Der gro\u00dfe 625 Wh Intube-Akku gew\u00e4hrleistet au\u00dferdem, dass dir auch bei schneller Gangart nie der Saft ausgeht. In Kombination mit den 27,5&#8243; Laufr\u00e4dern sorgt das f\u00fcr guten Vortrieb. Damit aber nicht genug. Sportive Damen finden mit dem Zouma Deluxe+ also einen treuen Begleiter f\u00fcr die n\u00e4chten Abenteuer.<\/p>\n<p>&nbsp;<\/p>\n<hr \/>\n<h3>Details<\/h3>\n<div>\n<table>\n<tbody>\n<tr>\n<td>Zul\u00e4ssiges Gewicht inkl. Fahrer und Zuladung<\/td>\n<td>136 kg<\/td>\n<\/tr>\n<tr>\n<td>Gewicht in kg<\/td>\n<td>25.6<\/td>\n<\/tr>\n<tr>\n<td>Drehmoment in Nm<\/td>\n<td>85 Nm<\/td>\n<\/tr>\n<tr>\n<td>Motor<\/td>\n<td>Bosch Mittelmotor Performance Line CX Gen4 250 Watt<\/td>\n<\/tr>\n<tr>\n<td>Display<\/td>\n<td>Bosch Intuvia mit Fernbedienung<\/td>\n<\/tr>\n<tr>\n<td>Motorposition<\/td>\n<td>Mittelmotor<\/td>\n<\/tr>\n<tr>\n<td>Kurbelgarnitur<\/td>\n<td>Alumnium, 40 Z\u00e4hne<\/td>\n<\/tr>\n<tr>\n<td>Schaltwerk<\/td>\n<td>Shimano Deore, Shadow Plus, 10-fach<\/td>\n<\/tr>\n<tr>\n<td>Kassette<\/td>\n<td>Shimano HG500 11-46, 10-fach<\/td>\n<\/tr>\n<tr>\n<td>Schalthebel<\/td>\n<td>Shimano Deore Rapidfire, 10-fach<\/td>\n<\/tr>\n<tr>\n<td>Schaltung<\/td>\n<td>10-Gang Kettenschaltung<\/td>\n<\/tr>\n<tr>\n<td>Schaltungscode<\/td>\n<td>10-Gang Kette<\/td>\n<\/tr>\n<tr>\n<td>Bremsen vorne<\/td>\n<td>Shimano BR-MT200, hydraulische Scheibenbremse<\/td>\n<\/tr>\n<tr>\n<td>Bremsen hinten<\/td>\n<td>Shimano BR-MT200, hydraulische Scheibenbremse<\/td>\n<\/tr>\n<tr>\n<td>Rahmen<\/td>\n<td>hydrogeformter Aluminiumrahmen mit Akkuintegration und Motor Armor. Herren und Trapez mit Range Boost kompatibel<\/td>\n<\/tr>\n<tr>\n<td>Gabel<\/td>\n<td>SR Suntour Mobie-e25 Magnesium, blockierbar und einstellbar, 50mm Federweg, mit Steckachse<\/td>\n<\/tr>\n<tr>\n<td>Federweg vorne in mm<\/td>\n<td>50 mm<\/td>\n<\/tr>\n<tr>\n<td>Rahmenform<\/td>\n<td>Tiefeinsteiger<\/td>\n<\/tr>\n<tr>\n<td>Vorbau<\/td>\n<td>Bontrager, 7-Grad<\/td>\n<\/tr>\n<tr>\n<td>Lenker<\/td>\n<td>Bontrager Riser, 31.8mm, 25mm hochgezogen<\/td>\n<\/tr>\n<tr>\n<td>Griffe<\/td>\n<td>Bontrager Satellite Elite, Triple-Density, ergonomisch und klemmbar<\/td>\n<\/tr>\n<tr>\n<td>Sattel<\/td>\n<td>Selle Royal Vivo Moderate Ergo<\/td>\n<\/tr>\n<tr>\n<td>Sattelst\u00fctze<\/td>\n<td>Bontrager SSR<\/td>\n<\/tr>\n<tr>\n<td>Nabe vorne<\/td>\n<td>Bontrager thru15<\/td>\n<\/tr>\n<tr>\n<td>Nabe hinten<\/td>\n<td>Shimano M4050<\/td>\n<\/tr>\n<tr>\n<td>Reifen (vorne)<\/td>\n<td>Schwalbe G-One Allround mit RaceGuard Pannenschutz, Reflexstreifen, 27.5&#215;2.25&#8243; (57-584)<\/td>\n<\/tr>\n<tr>\n<td>Reifen (hinten)<\/td>\n<td>Schwalbe G-One Allround mit RaceGuard Pannenschutz, Reflexstreifen, 27.5&#215;2.25&#8243; (57-584)<\/td>\n<\/tr>\n<tr>\n<td>Felgen<\/td>\n<td>Alexrims MD35 Hohlkammerfelgen;Alexrims MD35 Hohlkammerfelgen<\/td>\n<\/tr>\n<tr>\n<td>Pedale<\/td>\n<td>Aluminium mit Gummstandfl\u00e4che<\/td>\n<\/tr>\n<tr>\n<td>H\u00f6chstgeschwindigkeit<\/td>\n<td>25<\/td>\n<\/tr>\n<tr>\n<td>Ma\u00dfeinheit<\/td>\n<td>km\/h<\/td>\n<\/tr>\n<tr>\n<td>Akku<\/td>\n<td>Bosch PowerTube 625, Lithium-Ionen-Akku, kein Memory-Effekt, Akku abschlie\u00dfbar und abnehmbar<\/td>\n<\/tr>\n<tr>\n<td>Ladeger\u00e4t<\/td>\n<td>Bosch, 4A Ladeger\u00e4t<\/td>\n<\/tr>\n<tr>\n<td>Felge hinten<\/td>\n<td>Alexrims MD35 Hohlkammerfelgen<\/td>\n<\/tr>\n<tr>\n<td>Gep\u00e4cktr\u00e4ger<\/td>\n<td>leichter Gep\u00e4cktr\u00e4ger aus Aluminium mit MIK System<\/td>\n<\/tr>\n<tr>\n<td>Beleuchtung vorn<\/td>\n<td>Herrmans H-Black MR8 E, LED<\/td>\n<\/tr>\n<tr>\n<td>Beleuchtung hinten<\/td>\n<td>Spanninga Solo for e-bike<\/td>\n<\/tr>\n<tr>\n<td>Klingel<\/td>\n<td>Miniklingel<\/td>\n<\/tr>\n<tr>\n<td>St\u00e4nder<\/td>\n<td>Pletscher Comp Flex, einstellbar<\/td>\n<\/tr>\n<tr>\n<td>Reichweite<\/td>\n<td>40 &#8211; 225 km<\/td>\n<\/tr>\n<tr>\n<td>Schutzbleche<\/td>\n<td>SKS Kunststoff mit verbindungsfreier Kabelverlegung im Schutzblech<\/td>\n<\/tr>\n<tr>\n<td>Akku entnehmbar<\/td>\n<td>ja<\/td>\n<\/tr>\n<tr>\n<td>Beleuchtung<\/td>\n<td>mit Beleuchtung<\/td>\n<\/tr>\n<tr>\n<td>E-Bike Motor Hersteller<\/td>\n<td>Bosch<\/td>\n<\/tr>\n<tr>\n<td>E-Bike Zulassungspflichtig<\/td>\n<td>Nein<\/td>\n<\/tr>\n<tr>\n<td>Federung<\/td>\n<td>Mit Federung<\/td>\n<\/tr>\n<tr>\n<td>G\u00e4nge<\/td>\n<td>10 &#8211; G\u00e4nge<\/td>\n<\/tr>\n<tr>\n<td>Geschlecht<\/td>\n<td>Damen<\/td>\n<\/tr>\n<tr>\n<td>Marke<\/td>\n<td>Diamant<\/td>\n<\/tr>\n<tr>\n<td>Radgr\u00f6\u00dfe<\/td>\n<td>27,5 Zoll<\/td>\n<\/tr>\n<tr>\n<td>Rahmenmaterial<\/td>\n<td>Aluminium<\/td>\n<\/tr>\n<tr>\n<td>Saison<\/td>\n<td>2022<\/td>\n<\/tr>\n<tr>\n<td>Schaltart<\/td>\n<td>Kettenschaltung<\/td>\n<\/tr>\n<\/tbody>\n<\/table>\n<\/div>\n<\/div>","protected":false},"excerpt":{"rendered":"<p>Diamant Zouma Deluxe+ &#8211; 625 Wh &#8211; 2022 &#8211; 27,5 Zoll &#8211; Tiefeinsteiger Wenn Aluminium das Material deiner Wahl ist,<\/p>","protected":false},"featured_media":62478,"comment_status":"open","ping_status":"closed","template":"","meta":[],"product_brand":[],"product_cat":[33,247,35],"product_tag":[],"class_list":{"0":"post-42210","1":"product","2":"type-product","3":"status-publish","4":"has-post-thumbnail","6":"product_cat-e-bike","7":"product_cat-e-bike-trekking","8":"product_cat-e-bikes-2022","9":"pa_marke-diamant","11":"first","12":"instock","13":"sale","14":"taxable","15":"shipping-taxable","16":"purchasable","17":"product-type-variable"},"yoast_head":"<!-- This site is optimized with the Yoast SEO Premium plugin v20.12 (Yoast SEO v27.1.1) - https:\/\/yoast.com\/product\/yoast-seo-premium-wordpress\/ -->\n<title>Diamant Zouma Deluxe+ - 625 Wh - 2022 - 27,5 Zoll<\/title>\n<meta name=\"description\" content=\"Entdecken Sie unseren Online-Fahrradladen: Gro\u00dfe Auswahl an Modellen f\u00fcr alle Radsportbegeisterten. Von Rennr\u00e4dern bis zu Mountainbikes - finden Sie heute Ihren perfekten Wegbegleiter!\" \/>\n<meta name=\"robots\" content=\"index, follow, max-snippet:-1, max-image-preview:large, max-video-preview:-1\" \/>\n<link rel=\"canonical\" href=\"https:\/\/kgerad.de\/en\/product\/diamant-zouma-deluxe-625-wh-2022-275-zoll-tiefeinsteiger\/\" \/>\n<meta property=\"og:locale\" content=\"en_US\" \/>\n<meta property=\"og:type\" content=\"article\" \/>\n<meta property=\"og:title\" content=\"Diamant Zouma Deluxe+ - 625 Wh - 2022 - 27,5 Zoll\" \/>\n<meta property=\"og:description\" content=\"Entdecken Sie unseren Online-Fahrradladen: Gro\u00dfe Auswahl an Modellen f\u00fcr alle Radsportbegeisterten. Von Rennr\u00e4dern bis zu Mountainbikes - finden Sie heute Ihren perfekten Wegbegleiter!\" \/>\n<meta property=\"og:url\" content=\"https:\/\/kgerad.de\/en\/product\/diamant-zouma-deluxe-625-wh-2022-275-zoll-tiefeinsteiger\/\" \/>\n<meta property=\"og:site_name\" content=\"kgerad.de\" \/>\n<meta property=\"article:modified_time\" content=\"2023-08-11T07:58:53+00:00\" \/>\n<meta property=\"og:image\" content=\"https:\/\/kgerad.de\/wp-content\/uploads\/2023\/06\/b352f58ce03a4f4ba00e3669265199e4.jpg\" \/>\n\t<meta property=\"og:image:width\" content=\"1920\" \/>\n\t<meta property=\"og:image:height\" content=\"1280\" \/>\n\t<meta property=\"og:image:type\" content=\"image\/jpeg\" \/>\n<meta name=\"twitter:card\" content=\"summary_large_image\" \/>\n<meta name=\"twitter:label1\" content=\"Est. reading time\" \/>\n\t<meta name=\"twitter:data1\" content=\"3 minutes\" \/>\n<script type=\"application\/ld+json\" class=\"yoast-schema-graph\">{\"@context\":\"https:\/\/schema.org\",\"@graph\":[{\"@type\":\"WebPage\",\"@id\":\"https:\/\/kgerad.de\/produkt\/diamant-zouma-deluxe-625-wh-2022-275-zoll-tiefeinsteiger\/\",\"url\":\"https:\/\/kgerad.de\/produkt\/diamant-zouma-deluxe-625-wh-2022-275-zoll-tiefeinsteiger\/\",\"name\":\"Diamant Zouma Deluxe+ - 625 Wh - 2022 - 27,5 Zoll\",\"isPartOf\":{\"@id\":\"https:\/\/kgerad.de\/#website\"},\"primaryImageOfPage\":{\"@id\":\"https:\/\/kgerad.de\/produkt\/diamant-zouma-deluxe-625-wh-2022-275-zoll-tiefeinsteiger\/#primaryimage\"},\"image\":{\"@id\":\"https:\/\/kgerad.de\/produkt\/diamant-zouma-deluxe-625-wh-2022-275-zoll-tiefeinsteiger\/#primaryimage\"},\"thumbnailUrl\":\"https:\/\/kgerad.de\/wp-content\/uploads\/2023\/06\/b352f58ce03a4f4ba00e3669265199e4.jpg\",\"datePublished\":\"2022-11-18T19:00:04+00:00\",\"dateModified\":\"2023-08-11T07:58:53+00:00\",\"description\":\"Entdecken Sie unseren Online-Fahrradladen: Gro\u00dfe Auswahl an Modellen f\u00fcr alle Radsportbegeisterten. Von Rennr\u00e4dern bis zu Mountainbikes - finden Sie heute Ihren perfekten Wegbegleiter!\",\"breadcrumb\":{\"@id\":\"https:\/\/kgerad.de\/produkt\/diamant-zouma-deluxe-625-wh-2022-275-zoll-tiefeinsteiger\/#breadcrumb\"},\"inLanguage\":\"en-US\",\"potentialAction\":[{\"@type\":\"ReadAction\",\"target\":[\"https:\/\/kgerad.de\/produkt\/diamant-zouma-deluxe-625-wh-2022-275-zoll-tiefeinsteiger\/\"]}]},{\"@type\":\"ImageObject\",\"inLanguage\":\"en-US\",\"@id\":\"https:\/\/kgerad.de\/produkt\/diamant-zouma-deluxe-625-wh-2022-275-zoll-tiefeinsteiger\/#primaryimage\",\"url\":\"https:\/\/kgerad.de\/wp-content\/uploads\/2023\/06\/b352f58ce03a4f4ba00e3669265199e4.jpg\",\"contentUrl\":\"https:\/\/kgerad.de\/wp-content\/uploads\/2023\/06\/b352f58ce03a4f4ba00e3669265199e4.jpg\",\"width\":1920,\"height\":1280,\"caption\":\"Diamant Zouma Deluxe+ - 625 Wh - 2022 - 27\"},{\"@type\":\"BreadcrumbList\",\"@id\":\"https:\/\/kgerad.de\/produkt\/diamant-zouma-deluxe-625-wh-2022-275-zoll-tiefeinsteiger\/#breadcrumb\",\"itemListElement\":[{\"@type\":\"ListItem\",\"position\":1,\"name\":\"Startseite\",\"item\":\"https:\/\/kgerad.de\/\"},{\"@type\":\"ListItem\",\"position\":2,\"name\":\"LADEN\",\"item\":\"https:\/\/kgerad.de\/laden\/\"},{\"@type\":\"ListItem\",\"position\":3,\"name\":\"Diamant Zouma Deluxe+ &#8211; 625 Wh &#8211; 2022 &#8211; 27,5 Zoll\"}]},{\"@type\":\"WebSite\",\"@id\":\"https:\/\/kgerad.de\/#website\",\"url\":\"https:\/\/kgerad.de\/\",\"name\":\"kgerad.de\",\"description\":\"Treten Sie mit uns ins Abenteuer!\",\"publisher\":{\"@id\":\"https:\/\/kgerad.de\/#organization\"},\"alternateName\":\"MEIN RADLADEN\",\"potentialAction\":[{\"@type\":\"SearchAction\",\"target\":{\"@type\":\"EntryPoint\",\"urlTemplate\":\"https:\/\/kgerad.de\/?s={search_term_string}\"},\"query-input\":{\"@type\":\"PropertyValueSpecification\",\"valueRequired\":true,\"valueName\":\"search_term_string\"}}],\"inLanguage\":\"en-US\"},{\"@type\":\"Organization\",\"@id\":\"https:\/\/kgerad.de\/#organization\",\"name\":\"MEINRADLADEN\",\"alternateName\":\"MEIN RADLADEN\",\"url\":\"https:\/\/kgerad.de\/\",\"logo\":{\"@type\":\"ImageObject\",\"inLanguage\":\"en-US\",\"@id\":\"https:\/\/kgerad.de\/#\/schema\/logo\/image\/\",\"url\":\"https:\/\/kgerad.de\/wp-content\/uploads\/2025\/07\/logo-Whit.svg\",\"contentUrl\":\"https:\/\/kgerad.de\/wp-content\/uploads\/2025\/07\/logo-Whit.svg\",\"width\":1640,\"height\":371,\"caption\":\"MEINRADLADEN\"},\"image\":{\"@id\":\"https:\/\/kgerad.de\/#\/schema\/logo\/image\/\"}}]}<\/script>\n<!-- \/ Yoast SEO Premium plugin. -->","yoast_head_json":{"title":"Diamant Zouma Deluxe+ - 625 Wh - 2022 - 27,5 Zoll","description":"Entdecken Sie unseren Online-Fahrradladen: Gro\u00dfe Auswahl an Modellen f\u00fcr alle Radsportbegeisterten. Von Rennr\u00e4dern bis zu Mountainbikes - finden Sie heute Ihren perfekten Wegbegleiter!","robots":{"index":"index","follow":"follow","max-snippet":"max-snippet:-1","max-image-preview":"max-image-preview:large","max-video-preview":"max-video-preview:-1"},"canonical":"https:\/\/kgerad.de\/en\/product\/diamant-zouma-deluxe-625-wh-2022-275-zoll-tiefeinsteiger\/","og_locale":"en_US","og_type":"article","og_title":"Diamant Zouma Deluxe+ - 625 Wh - 2022 - 27,5 Zoll","og_description":"Entdecken Sie unseren Online-Fahrradladen: Gro\u00dfe Auswahl an Modellen f\u00fcr alle Radsportbegeisterten. Von Rennr\u00e4dern bis zu Mountainbikes - finden Sie heute Ihren perfekten Wegbegleiter!","og_url":"https:\/\/kgerad.de\/en\/product\/diamant-zouma-deluxe-625-wh-2022-275-zoll-tiefeinsteiger\/","og_site_name":"kgerad.de","article_modified_time":"2023-08-11T07:58:53+00:00","og_image":[{"width":1920,"height":1280,"url":"https:\/\/kgerad.de\/wp-content\/uploads\/2023\/06\/b352f58ce03a4f4ba00e3669265199e4.jpg","type":"image\/jpeg"}],"twitter_card":"summary_large_image","twitter_misc":{"Est. reading time":"3 minutes"},"schema":{"@context":"https:\/\/schema.org","@graph":[{"@type":"WebPage","@id":"https:\/\/kgerad.de\/produkt\/diamant-zouma-deluxe-625-wh-2022-275-zoll-tiefeinsteiger\/","url":"https:\/\/kgerad.de\/produkt\/diamant-zouma-deluxe-625-wh-2022-275-zoll-tiefeinsteiger\/","name":"Diamant Zouma Deluxe+ - 625 Wh - 2022 - 27,5 Zoll","isPartOf":{"@id":"https:\/\/kgerad.de\/#website"},"primaryImageOfPage":{"@id":"https:\/\/kgerad.de\/produkt\/diamant-zouma-deluxe-625-wh-2022-275-zoll-tiefeinsteiger\/#primaryimage"},"image":{"@id":"https:\/\/kgerad.de\/produkt\/diamant-zouma-deluxe-625-wh-2022-275-zoll-tiefeinsteiger\/#primaryimage"},"thumbnailUrl":"https:\/\/kgerad.de\/wp-content\/uploads\/2023\/06\/b352f58ce03a4f4ba00e3669265199e4.jpg","datePublished":"2022-11-18T19:00:04+00:00","dateModified":"2023-08-11T07:58:53+00:00","description":"Entdecken Sie unseren Online-Fahrradladen: Gro\u00dfe Auswahl an Modellen f\u00fcr alle Radsportbegeisterten. Von Rennr\u00e4dern bis zu Mountainbikes - finden Sie heute Ihren perfekten Wegbegleiter!","breadcrumb":{"@id":"https:\/\/kgerad.de\/produkt\/diamant-zouma-deluxe-625-wh-2022-275-zoll-tiefeinsteiger\/#breadcrumb"},"inLanguage":"en-US","potentialAction":[{"@type":"ReadAction","target":["https:\/\/kgerad.de\/produkt\/diamant-zouma-deluxe-625-wh-2022-275-zoll-tiefeinsteiger\/"]}]},{"@type":"ImageObject","inLanguage":"en-US","@id":"https:\/\/kgerad.de\/produkt\/diamant-zouma-deluxe-625-wh-2022-275-zoll-tiefeinsteiger\/#primaryimage","url":"https:\/\/kgerad.de\/wp-content\/uploads\/2023\/06\/b352f58ce03a4f4ba00e3669265199e4.jpg","contentUrl":"https:\/\/kgerad.de\/wp-content\/uploads\/2023\/06\/b352f58ce03a4f4ba00e3669265199e4.jpg","width":1920,"height":1280,"caption":"Diamant Zouma Deluxe+ - 625 Wh - 2022 - 27"},{"@type":"BreadcrumbList","@id":"https:\/\/kgerad.de\/produkt\/diamant-zouma-deluxe-625-wh-2022-275-zoll-tiefeinsteiger\/#breadcrumb","itemListElement":[{"@type":"ListItem","position":1,"name":"Startseite","item":"https:\/\/kgerad.de\/"},{"@type":"ListItem","position":2,"name":"LADEN","item":"https:\/\/kgerad.de\/laden\/"},{"@type":"ListItem","position":3,"name":"Diamant Zouma Deluxe+ &#8211; 625 Wh &#8211; 2022 &#8211; 27,5 Zoll"}]},{"@type":"WebSite","@id":"https:\/\/kgerad.de\/#website","url":"https:\/\/kgerad.de\/","name":"kgerad.de","description":"Treten Sie mit uns ins Abenteuer!","publisher":{"@id":"https:\/\/kgerad.de\/#organization"},"alternateName":"MEIN RADLADEN","potentialAction":[{"@type":"SearchAction","target":{"@type":"EntryPoint","urlTemplate":"https:\/\/kgerad.de\/?s={search_term_string}"},"query-input":{"@type":"PropertyValueSpecification","valueRequired":true,"valueName":"search_term_string"}}],"inLanguage":"en-US"},{"@type":"Organization","@id":"https:\/\/kgerad.de\/#organization","name":"MEINRADLADEN","alternateName":"MEIN RADLADEN","url":"https:\/\/kgerad.de\/","logo":{"@type":"ImageObject","inLanguage":"en-US","@id":"https:\/\/kgerad.de\/#\/schema\/logo\/image\/","url":"https:\/\/kgerad.de\/wp-content\/uploads\/2025\/07\/logo-Whit.svg","contentUrl":"https:\/\/kgerad.de\/wp-content\/uploads\/2025\/07\/logo-Whit.svg","width":1640,"height":371,"caption":"MEINRADLADEN"},"image":{"@id":"https:\/\/kgerad.de\/#\/schema\/logo\/image\/"}}]}},"_links":{"self":[{"href":"https:\/\/kgerad.de\/en\/wp-json\/wp\/v2\/product\/42210","targetHints":{"allow":["GET"]}}],"collection":[{"href":"https:\/\/kgerad.de\/en\/wp-json\/wp\/v2\/product"}],"about":[{"href":"https:\/\/kgerad.de\/en\/wp-json\/wp\/v2\/types\/product"}],"replies":[{"embeddable":true,"href":"https:\/\/kgerad.de\/en\/wp-json\/wp\/v2\/comments?post=42210"}],"version-history":[{"count":1,"href":"https:\/\/kgerad.de\/en\/wp-json\/wp\/v2\/product\/42210\/revisions"}],"predecessor-version":[{"id":79361,"href":"https:\/\/kgerad.de\/en\/wp-json\/wp\/v2\/product\/42210\/revisions\/79361"}],"wp:featuredmedia":[{"embeddable":true,"href":"https:\/\/kgerad.de\/en\/wp-json\/wp\/v2\/media\/62478"}],"wp:attachment":[{"href":"https:\/\/kgerad.de\/en\/wp-json\/wp\/v2\/media?parent=42210"}],"wp:term":[{"taxonomy":"product_brand","embeddable":true,"href":"https:\/\/kgerad.de\/en\/wp-json\/wp\/v2\/product_brand?post=42210"},{"taxonomy":"product_cat","embeddable":true,"href":"https:\/\/kgerad.de\/en\/wp-json\/wp\/v2\/product_cat?post=42210"},{"taxonomy":"product_tag","embeddable":true,"href":"https:\/\/kgerad.de\/en\/wp-json\/wp\/v2\/product_tag?post=42210"}],"curies":[{"name":"wp","href":"https:\/\/api.w.org\/{rel}","templated":true}]}}