{"id":42156,"date":"2022-11-18T18:59:35","date_gmt":"2022-11-18T17:59:35","guid":{"rendered":"https:\/\/kgerad.de\/?post_type=product&#038;p=42156"},"modified":"2023-08-11T10:02:53","modified_gmt":"2023-08-11T08:02:53","slug":"cube-reaction-hybrid-performance-500-allroad-500-wh-2022-29-zoll-diamant","status":"publish","type":"product","link":"https:\/\/kgerad.de\/en\/product\/cube-reaction-hybrid-performance-500-allroad-500-wh-2022-29-zoll-diamant\/","title":{"rendered":"Cube Reaction Hybrid Performance 500 Allroad &#8211; 500 Wh &#8211; 2022"},"content":{"rendered":"<h2>Cube Reaction Hybrid Performance 500 Allroad &#8211; 500 Wh &#8211; 2022 &#8211; 29 Zoll &#8211; Diamant<\/h2>\n<p>Cube Reaction Hybrid Performance Form folgt Funktion. Der schlanke Rahmen des Reaction Hybrid Performance Allroad beherbergt diskret einen Bosch-Akku mit hoher Kapazit\u00e4t im Unterrohr f\u00fcr zus\u00e4tzliche Eleganz und besseren Schutz vor den Elementen. Die innenliegende Kabelf\u00fchrung tr\u00e4gt zum eleganten Design bei und bietet zuverl\u00e4ssige, pr\u00e4zise und wartungsarme Gangwechsel. Mit Schutzblechen, Lichtanlage und Seitenst\u00e4nder bist du f\u00fcr alle Eventualit\u00e4ten ger\u00fcstet. Die Trapezrahmenoption bietet komfortableren Fahrern mit einem niedrigeren Oberrohr eine einfachere Spreizoption ohne Kompromisse bei der Leistung. Und dank Size Split findest du garantiert eine Fassung, die zu dir passt.<\/p>\n<div class=\"h3 product-detail-description-title\">Produktinformationen &#8222;Cube Reaction Hybrid Performance 500 Allroad &#8211; 500 Wh &#8211; 2022 &#8211; 29 Zoll &#8211; Diamant&#8220;<\/div>\n<div class=\"product-detail-description-text\">\n<hr \/>\n<h3>Details<\/h3>\n<div>\n<table>\n<tbody>\n<tr>\n<td>Zul\u00e4ssiges Gewicht inkl. Fahrer und Zuladung<\/td>\n<td>140 kg<\/td>\n<\/tr>\n<tr>\n<td>Gewicht in kg<\/td>\n<td>24.2<\/td>\n<\/tr>\n<tr>\n<td>Motor<\/td>\n<td>Bosch Mittelmotor Performance Line Gen3 250 Watt<\/td>\n<\/tr>\n<tr>\n<td>Display<\/td>\n<td>Bosch Purion<\/td>\n<\/tr>\n<tr>\n<td>Drehmoment in Nm<\/td>\n<td>65 Nm<\/td>\n<\/tr>\n<tr>\n<td>Motorposition<\/td>\n<td>Mittelmotor<\/td>\n<\/tr>\n<tr>\n<td>Kette<\/td>\n<td>KMC X9<\/td>\n<\/tr>\n<tr>\n<td>Kassette<\/td>\n<td>Shimano CS-HG201, 9-fach, 11-36 Z\u00e4hne<\/td>\n<\/tr>\n<tr>\n<td>Schaltung<\/td>\n<td>9-Gang Kettenschaltung<\/td>\n<\/tr>\n<tr>\n<td>Schaltwerk<\/td>\n<td>Shimano RD-M3100-SGS, 9-fach<\/td>\n<\/tr>\n<tr>\n<td>Schalthebel<\/td>\n<td>Shimano SL-M3100-R, Rapidfire-Plus, 1&#215;9-fach<\/td>\n<\/tr>\n<tr>\n<td>Kurbelgarnitur<\/td>\n<td>Acid E-Crank, 175mm, 38 Z\u00e4hne<\/td>\n<\/tr>\n<tr>\n<td>Schaltungscode<\/td>\n<td>09-Gang Kette<\/td>\n<\/tr>\n<tr>\n<td>Bremsen vorne<\/td>\n<td>Shimano BR-MT200, hydraulische Scheibenbremse<\/td>\n<\/tr>\n<tr>\n<td>Bremsen hinten<\/td>\n<td>Shimano BR-MT200, hydraulische Scheibenbremse<\/td>\n<\/tr>\n<tr>\n<td>Bremsscheibe<\/td>\n<td>180mm \/ 180mm;180mm \/ 180mm<\/td>\n<\/tr>\n<tr>\n<td>Gabel<\/td>\n<td>SR Suntour NVX30 Coil, 100mm Federweg<\/td>\n<\/tr>\n<tr>\n<td>Rahmen<\/td>\n<td>Aluminium Superlite, Gravity Casting, Agile Ride Geometry, Tapered Steuerrohr, innenverlegte Z\u00fcge, vollintegrierter Akku, Befestigungspunkte f\u00fcr St\u00e4nder\/Schutzblech\/Gep\u00e4cktr\u00e4ger<\/td>\n<\/tr>\n<tr>\n<td>Sattelklemme<\/td>\n<td>Cube Varioclose, 34.9mm<\/td>\n<\/tr>\n<tr>\n<td>Federweg vorne in mm<\/td>\n<td>100 mm<\/td>\n<\/tr>\n<tr>\n<td>Rahmenform<\/td>\n<td>Diamant<\/td>\n<\/tr>\n<tr>\n<td>Griffe<\/td>\n<td>Cube Race Grip 31mm, 1-Clamp<\/td>\n<\/tr>\n<tr>\n<td>Lenker<\/td>\n<td>Cube Rise Trail Bar, 720mm<\/td>\n<\/tr>\n<tr>\n<td>Sattel<\/td>\n<td>Natural Fit Sequence<\/td>\n<\/tr>\n<tr>\n<td>Vorbau<\/td>\n<td>Cube Performance Stem Pro, 31.8mm<\/td>\n<\/tr>\n<tr>\n<td>Sattelst\u00fctze<\/td>\n<td>Cube Performance Post, 30.9mm<\/td>\n<\/tr>\n<tr>\n<td>Nabe vorne<\/td>\n<td>Shimano HB-TX505, Schnellspanner, Centerlock<\/td>\n<\/tr>\n<tr>\n<td>Felgen<\/td>\n<td>Rodi Blackrock 23, 32-Loch, Disc, Tubeless Ready;Rodi Blackrock 23, 32-Loch, Disc, Tubeless Ready<\/td>\n<\/tr>\n<tr>\n<td>Nabe hinten<\/td>\n<td>Shimano FH-TX505, Schnellspanner, Centerlock<\/td>\n<\/tr>\n<tr>\n<td>Reifen (vorne)<\/td>\n<td>Schwalbe Smart Sam, Active, 29&#215;2.35&#8243; (60-622)<\/td>\n<\/tr>\n<tr>\n<td>Reifen (hinten)<\/td>\n<td>Schwalbe Smart Sam, Active, 29&#215;2.35&#8243; (60-622)<\/td>\n<\/tr>\n<tr>\n<td>Akku<\/td>\n<td>Bosch PowerTube, 500 Wh<\/td>\n<\/tr>\n<tr>\n<td>Pedale<\/td>\n<td>Cube PP MTB<\/td>\n<\/tr>\n<tr>\n<td>Ladeger\u00e4t<\/td>\n<td>Bosch 2A<\/td>\n<\/tr>\n<tr>\n<td>Felge hinten<\/td>\n<td>Rodi Blackrock 23, 32-Loch, Disc, Tubeless Ready<\/td>\n<\/tr>\n<tr>\n<td>Klingel<\/td>\n<td>Easy Bell<\/td>\n<\/tr>\n<tr>\n<td>St\u00e4nder<\/td>\n<td>Cubestand Cmpt<\/td>\n<\/tr>\n<tr>\n<td>Schutzbleche<\/td>\n<td>Acid 65 BB-Mount<\/td>\n<\/tr>\n<tr>\n<td>Beleuchtung vorn<\/td>\n<td>Cube Shiny 50 Lux, 12V, DC<\/td>\n<\/tr>\n<tr>\n<td>Beleuchtung hinten<\/td>\n<td>Acid Schutzblech- R\u00fccklicht PRO-E, 12V, DC<\/td>\n<\/tr>\n<tr>\n<td>H\u00f6chstgeschwindigkeit<\/td>\n<td>25<\/td>\n<\/tr>\n<tr>\n<td>Ma\u00dfeinheit<\/td>\n<td>km\/h<\/td>\n<\/tr>\n<tr>\n<td>Beleuchtung<\/td>\n<td>mit Beleuchtung<\/td>\n<\/tr>\n<tr>\n<td>E-Bike Motor Hersteller<\/td>\n<td>Bosch<\/td>\n<\/tr>\n<tr>\n<td>E-Bike Zulassungspflichtig<\/td>\n<td>Nein<\/td>\n<\/tr>\n<tr>\n<td>Federung<\/td>\n<td>Mit Federung<\/td>\n<\/tr>\n<tr>\n<td>G\u00e4nge<\/td>\n<td>09 &#8211; G\u00e4nge<\/td>\n<\/tr>\n<tr>\n<td>Geschlecht<\/td>\n<td>Herren<\/td>\n<\/tr>\n<tr>\n<td>Marke<\/td>\n<td>Cube<\/td>\n<\/tr>\n<tr>\n<td>Radgr\u00f6\u00dfe<\/td>\n<td>29 Zoll<\/td>\n<\/tr>\n<tr>\n<td>Rahmenmaterial<\/td>\n<td>Aluminium<\/td>\n<\/tr>\n<tr>\n<td>Saison<\/td>\n<td>2022<\/td>\n<\/tr>\n<tr>\n<td>Schaltart<\/td>\n<td>Kettenschaltung<\/td>\n<\/tr>\n<tr>\n<td>Kompatibilit\u00e4t Fahrradst\u00e4nder<\/td>\n<td>Herunterladen<\/td>\n<\/tr>\n<\/tbody>\n<\/table>\n<\/div>\n<\/div>","protected":false},"excerpt":{"rendered":"<p>Cube Reaction Hybrid Performance 500 Allroad &#8211; 500 Wh &#8211; 2022 &#8211; 29 Zoll &#8211; Diamant Cube Reaction Hybrid Performance<\/p>","protected":false},"featured_media":62452,"comment_status":"open","ping_status":"closed","template":"","meta":[],"product_brand":[],"product_cat":[33,247,35],"product_tag":[],"class_list":{"0":"post-42156","1":"product","2":"type-product","3":"status-publish","4":"has-post-thumbnail","6":"product_cat-e-bike","7":"product_cat-e-bike-trekking","8":"product_cat-e-bikes-2022","9":"pa_marke-cube","11":"first","12":"instock","13":"taxable","14":"shipping-taxable","15":"purchasable","16":"product-type-variable"},"yoast_head":"<!-- This site is optimized with the Yoast SEO Premium plugin v20.12 (Yoast SEO v27.1.1) - https:\/\/yoast.com\/product\/yoast-seo-premium-wordpress\/ -->\n<title>Cube Reaction Hybrid Performance 500 Allroad - 500 Wh - 2022<\/title>\n<meta name=\"description\" content=\"kgerad.de bietet Ihnen das Cube Reaction Hybrid Performance 500 Allroad - 500 Wh - 2022 zum besten Preis mit kostenlosem Versand in ganz\" \/>\n<meta name=\"robots\" content=\"index, follow, max-snippet:-1, max-image-preview:large, max-video-preview:-1\" \/>\n<link rel=\"canonical\" href=\"https:\/\/kgerad.de\/en\/product\/cube-reaction-hybrid-performance-500-allroad-500-wh-2022-29-zoll-diamant\/\" \/>\n<meta property=\"og:locale\" content=\"en_US\" \/>\n<meta property=\"og:type\" content=\"article\" \/>\n<meta property=\"og:title\" content=\"Cube Reaction Hybrid Performance 500 Allroad - 500 Wh - 2022\" \/>\n<meta property=\"og:description\" content=\"Entdecken Sie unseren Online-Fahrradladen: Gro\u00dfe Auswahl an Modellen f\u00fcr alle Radsportbegeisterten. Von Rennr\u00e4dern bis zu Mountainbikes - finden Sie heute Ihren perfekten Wegbegleiter!\" \/>\n<meta property=\"og:url\" content=\"https:\/\/kgerad.de\/en\/product\/cube-reaction-hybrid-performance-500-allroad-500-wh-2022-29-zoll-diamant\/\" \/>\n<meta property=\"og:site_name\" content=\"kgerad.de\" \/>\n<meta property=\"article:modified_time\" content=\"2023-08-11T08:02:53+00:00\" \/>\n<meta property=\"og:image\" content=\"https:\/\/kgerad.de\/wp-content\/uploads\/2023\/06\/ed5ef16f1a48417f8551054892b6d555.jpg\" \/>\n\t<meta property=\"og:image:width\" content=\"1920\" \/>\n\t<meta property=\"og:image:height\" content=\"1280\" \/>\n\t<meta property=\"og:image:type\" content=\"image\/jpeg\" \/>\n<meta name=\"twitter:card\" content=\"summary_large_image\" \/>\n<meta name=\"twitter:label1\" content=\"Est. reading time\" \/>\n\t<meta name=\"twitter:data1\" content=\"3 minutes\" \/>\n<script type=\"application\/ld+json\" class=\"yoast-schema-graph\">{\"@context\":\"https:\/\/schema.org\",\"@graph\":[{\"@type\":\"WebPage\",\"@id\":\"https:\/\/kgerad.de\/produkt\/cube-reaction-hybrid-performance-500-allroad-500-wh-2022-29-zoll-diamant\/\",\"url\":\"https:\/\/kgerad.de\/produkt\/cube-reaction-hybrid-performance-500-allroad-500-wh-2022-29-zoll-diamant\/\",\"name\":\"Cube Reaction Hybrid Performance 500 Allroad - 500 Wh - 2022\",\"isPartOf\":{\"@id\":\"https:\/\/kgerad.de\/#website\"},\"primaryImageOfPage\":{\"@id\":\"https:\/\/kgerad.de\/produkt\/cube-reaction-hybrid-performance-500-allroad-500-wh-2022-29-zoll-diamant\/#primaryimage\"},\"image\":{\"@id\":\"https:\/\/kgerad.de\/produkt\/cube-reaction-hybrid-performance-500-allroad-500-wh-2022-29-zoll-diamant\/#primaryimage\"},\"thumbnailUrl\":\"https:\/\/kgerad.de\/wp-content\/uploads\/2023\/06\/ed5ef16f1a48417f8551054892b6d555.jpg\",\"datePublished\":\"2022-11-18T17:59:35+00:00\",\"dateModified\":\"2023-08-11T08:02:53+00:00\",\"description\":\"kgerad.de bietet Ihnen das Cube Reaction Hybrid Performance 500 Allroad - 500 Wh - 2022 zum besten Preis mit kostenlosem Versand in ganz\",\"breadcrumb\":{\"@id\":\"https:\/\/kgerad.de\/produkt\/cube-reaction-hybrid-performance-500-allroad-500-wh-2022-29-zoll-diamant\/#breadcrumb\"},\"inLanguage\":\"en-US\",\"potentialAction\":[{\"@type\":\"ReadAction\",\"target\":[\"https:\/\/kgerad.de\/produkt\/cube-reaction-hybrid-performance-500-allroad-500-wh-2022-29-zoll-diamant\/\"]}]},{\"@type\":\"ImageObject\",\"inLanguage\":\"en-US\",\"@id\":\"https:\/\/kgerad.de\/produkt\/cube-reaction-hybrid-performance-500-allroad-500-wh-2022-29-zoll-diamant\/#primaryimage\",\"url\":\"https:\/\/kgerad.de\/wp-content\/uploads\/2023\/06\/ed5ef16f1a48417f8551054892b6d555.jpg\",\"contentUrl\":\"https:\/\/kgerad.de\/wp-content\/uploads\/2023\/06\/ed5ef16f1a48417f8551054892b6d555.jpg\",\"width\":1920,\"height\":1280,\"caption\":\"Cube Reaction Hybrid Performance 500 Allroad - 500 Wh - 2022 - 29 Zoll - Diamant\"},{\"@type\":\"BreadcrumbList\",\"@id\":\"https:\/\/kgerad.de\/produkt\/cube-reaction-hybrid-performance-500-allroad-500-wh-2022-29-zoll-diamant\/#breadcrumb\",\"itemListElement\":[{\"@type\":\"ListItem\",\"position\":1,\"name\":\"Startseite\",\"item\":\"https:\/\/kgerad.de\/\"},{\"@type\":\"ListItem\",\"position\":2,\"name\":\"LADEN\",\"item\":\"https:\/\/kgerad.de\/laden\/\"},{\"@type\":\"ListItem\",\"position\":3,\"name\":\"Cube Reaction Hybrid Performance 500 Allroad &#8211; 500 Wh &#8211; 2022\"}]},{\"@type\":\"WebSite\",\"@id\":\"https:\/\/kgerad.de\/#website\",\"url\":\"https:\/\/kgerad.de\/\",\"name\":\"kgerad.de\",\"description\":\"Treten Sie mit uns ins Abenteuer!\",\"publisher\":{\"@id\":\"https:\/\/kgerad.de\/#organization\"},\"alternateName\":\"MEIN RADLADEN\",\"potentialAction\":[{\"@type\":\"SearchAction\",\"target\":{\"@type\":\"EntryPoint\",\"urlTemplate\":\"https:\/\/kgerad.de\/?s={search_term_string}\"},\"query-input\":{\"@type\":\"PropertyValueSpecification\",\"valueRequired\":true,\"valueName\":\"search_term_string\"}}],\"inLanguage\":\"en-US\"},{\"@type\":\"Organization\",\"@id\":\"https:\/\/kgerad.de\/#organization\",\"name\":\"MEINRADLADEN\",\"alternateName\":\"MEIN RADLADEN\",\"url\":\"https:\/\/kgerad.de\/\",\"logo\":{\"@type\":\"ImageObject\",\"inLanguage\":\"en-US\",\"@id\":\"https:\/\/kgerad.de\/#\/schema\/logo\/image\/\",\"url\":\"https:\/\/kgerad.de\/wp-content\/uploads\/2025\/07\/logo-Whit.svg\",\"contentUrl\":\"https:\/\/kgerad.de\/wp-content\/uploads\/2025\/07\/logo-Whit.svg\",\"width\":1640,\"height\":371,\"caption\":\"MEINRADLADEN\"},\"image\":{\"@id\":\"https:\/\/kgerad.de\/#\/schema\/logo\/image\/\"}}]}<\/script>\n<!-- \/ Yoast SEO Premium plugin. -->","yoast_head_json":{"title":"Cube Reaction Hybrid Performance 500 Allroad - 500 Wh - 2022","description":"kgerad.de bietet Ihnen das Cube Reaction Hybrid Performance 500 Allroad - 500 Wh - 2022 zum besten Preis mit kostenlosem Versand in ganz","robots":{"index":"index","follow":"follow","max-snippet":"max-snippet:-1","max-image-preview":"max-image-preview:large","max-video-preview":"max-video-preview:-1"},"canonical":"https:\/\/kgerad.de\/en\/product\/cube-reaction-hybrid-performance-500-allroad-500-wh-2022-29-zoll-diamant\/","og_locale":"en_US","og_type":"article","og_title":"Cube Reaction Hybrid Performance 500 Allroad - 500 Wh - 2022","og_description":"Entdecken Sie unseren Online-Fahrradladen: Gro\u00dfe Auswahl an Modellen f\u00fcr alle Radsportbegeisterten. Von Rennr\u00e4dern bis zu Mountainbikes - finden Sie heute Ihren perfekten Wegbegleiter!","og_url":"https:\/\/kgerad.de\/en\/product\/cube-reaction-hybrid-performance-500-allroad-500-wh-2022-29-zoll-diamant\/","og_site_name":"kgerad.de","article_modified_time":"2023-08-11T08:02:53+00:00","og_image":[{"width":1920,"height":1280,"url":"https:\/\/kgerad.de\/wp-content\/uploads\/2023\/06\/ed5ef16f1a48417f8551054892b6d555.jpg","type":"image\/jpeg"}],"twitter_card":"summary_large_image","twitter_misc":{"Est. reading time":"3 minutes"},"schema":{"@context":"https:\/\/schema.org","@graph":[{"@type":"WebPage","@id":"https:\/\/kgerad.de\/produkt\/cube-reaction-hybrid-performance-500-allroad-500-wh-2022-29-zoll-diamant\/","url":"https:\/\/kgerad.de\/produkt\/cube-reaction-hybrid-performance-500-allroad-500-wh-2022-29-zoll-diamant\/","name":"Cube Reaction Hybrid Performance 500 Allroad - 500 Wh - 2022","isPartOf":{"@id":"https:\/\/kgerad.de\/#website"},"primaryImageOfPage":{"@id":"https:\/\/kgerad.de\/produkt\/cube-reaction-hybrid-performance-500-allroad-500-wh-2022-29-zoll-diamant\/#primaryimage"},"image":{"@id":"https:\/\/kgerad.de\/produkt\/cube-reaction-hybrid-performance-500-allroad-500-wh-2022-29-zoll-diamant\/#primaryimage"},"thumbnailUrl":"https:\/\/kgerad.de\/wp-content\/uploads\/2023\/06\/ed5ef16f1a48417f8551054892b6d555.jpg","datePublished":"2022-11-18T17:59:35+00:00","dateModified":"2023-08-11T08:02:53+00:00","description":"kgerad.de bietet Ihnen das Cube Reaction Hybrid Performance 500 Allroad - 500 Wh - 2022 zum besten Preis mit kostenlosem Versand in ganz","breadcrumb":{"@id":"https:\/\/kgerad.de\/produkt\/cube-reaction-hybrid-performance-500-allroad-500-wh-2022-29-zoll-diamant\/#breadcrumb"},"inLanguage":"en-US","potentialAction":[{"@type":"ReadAction","target":["https:\/\/kgerad.de\/produkt\/cube-reaction-hybrid-performance-500-allroad-500-wh-2022-29-zoll-diamant\/"]}]},{"@type":"ImageObject","inLanguage":"en-US","@id":"https:\/\/kgerad.de\/produkt\/cube-reaction-hybrid-performance-500-allroad-500-wh-2022-29-zoll-diamant\/#primaryimage","url":"https:\/\/kgerad.de\/wp-content\/uploads\/2023\/06\/ed5ef16f1a48417f8551054892b6d555.jpg","contentUrl":"https:\/\/kgerad.de\/wp-content\/uploads\/2023\/06\/ed5ef16f1a48417f8551054892b6d555.jpg","width":1920,"height":1280,"caption":"Cube Reaction Hybrid Performance 500 Allroad - 500 Wh - 2022 - 29 Zoll - Diamant"},{"@type":"BreadcrumbList","@id":"https:\/\/kgerad.de\/produkt\/cube-reaction-hybrid-performance-500-allroad-500-wh-2022-29-zoll-diamant\/#breadcrumb","itemListElement":[{"@type":"ListItem","position":1,"name":"Startseite","item":"https:\/\/kgerad.de\/"},{"@type":"ListItem","position":2,"name":"LADEN","item":"https:\/\/kgerad.de\/laden\/"},{"@type":"ListItem","position":3,"name":"Cube Reaction Hybrid Performance 500 Allroad &#8211; 500 Wh &#8211; 2022"}]},{"@type":"WebSite","@id":"https:\/\/kgerad.de\/#website","url":"https:\/\/kgerad.de\/","name":"kgerad.de","description":"Treten Sie mit uns ins Abenteuer!","publisher":{"@id":"https:\/\/kgerad.de\/#organization"},"alternateName":"MEIN RADLADEN","potentialAction":[{"@type":"SearchAction","target":{"@type":"EntryPoint","urlTemplate":"https:\/\/kgerad.de\/?s={search_term_string}"},"query-input":{"@type":"PropertyValueSpecification","valueRequired":true,"valueName":"search_term_string"}}],"inLanguage":"en-US"},{"@type":"Organization","@id":"https:\/\/kgerad.de\/#organization","name":"MEINRADLADEN","alternateName":"MEIN RADLADEN","url":"https:\/\/kgerad.de\/","logo":{"@type":"ImageObject","inLanguage":"en-US","@id":"https:\/\/kgerad.de\/#\/schema\/logo\/image\/","url":"https:\/\/kgerad.de\/wp-content\/uploads\/2025\/07\/logo-Whit.svg","contentUrl":"https:\/\/kgerad.de\/wp-content\/uploads\/2025\/07\/logo-Whit.svg","width":1640,"height":371,"caption":"MEINRADLADEN"},"image":{"@id":"https:\/\/kgerad.de\/#\/schema\/logo\/image\/"}}]}},"_links":{"self":[{"href":"https:\/\/kgerad.de\/en\/wp-json\/wp\/v2\/product\/42156","targetHints":{"allow":["GET"]}}],"collection":[{"href":"https:\/\/kgerad.de\/en\/wp-json\/wp\/v2\/product"}],"about":[{"href":"https:\/\/kgerad.de\/en\/wp-json\/wp\/v2\/types\/product"}],"replies":[{"embeddable":true,"href":"https:\/\/kgerad.de\/en\/wp-json\/wp\/v2\/comments?post=42156"}],"version-history":[{"count":1,"href":"https:\/\/kgerad.de\/en\/wp-json\/wp\/v2\/product\/42156\/revisions"}],"predecessor-version":[{"id":79373,"href":"https:\/\/kgerad.de\/en\/wp-json\/wp\/v2\/product\/42156\/revisions\/79373"}],"wp:featuredmedia":[{"embeddable":true,"href":"https:\/\/kgerad.de\/en\/wp-json\/wp\/v2\/media\/62452"}],"wp:attachment":[{"href":"https:\/\/kgerad.de\/en\/wp-json\/wp\/v2\/media?parent=42156"}],"wp:term":[{"taxonomy":"product_brand","embeddable":true,"href":"https:\/\/kgerad.de\/en\/wp-json\/wp\/v2\/product_brand?post=42156"},{"taxonomy":"product_cat","embeddable":true,"href":"https:\/\/kgerad.de\/en\/wp-json\/wp\/v2\/product_cat?post=42156"},{"taxonomy":"product_tag","embeddable":true,"href":"https:\/\/kgerad.de\/en\/wp-json\/wp\/v2\/product_tag?post=42156"}],"curies":[{"name":"wp","href":"https:\/\/api.w.org\/{rel}","templated":true}]}}