{"id":42057,"date":"2022-11-18T17:39:18","date_gmt":"2022-11-18T16:39:18","guid":{"rendered":"https:\/\/kgerad.de\/?post_type=product&#038;p=42057"},"modified":"2023-08-11T10:04:21","modified_gmt":"2023-08-11T08:04:21","slug":"carver-route-e-440-500-wh-2022-28-zoll-diamant","status":"publish","type":"product","link":"https:\/\/kgerad.de\/en\/product\/carver-route-e-440-500-wh-2022-28-zoll-diamant\/","title":{"rendered":"Carver Route E.440 &#8211; 500 Wh &#8211; 2022 &#8211; 28 Zoll &#8211; Diamant"},"content":{"rendered":"<div class=\"col product-detail-name-container\">\n<div class=\"col product-detail-name-container\">\n<h2 class=\"product-detail-name\">Carver Route E.440 &#8211; 500 Wh &#8211; 2022 &#8211; 28 Zoll &#8211; Diamant<\/h2>\n<div class=\"product-detail-description-text\">\n<p>Wer auf der Suche nach einem Bike f\u00fcr den Alltag und die Wochenendausfahrt ist, der k\u00f6nnte beim Carver Route E.440 f\u00fcndig werden. Das schicke E-Trekkingbike \u00fcberzeugt mit einem Diamant Rahmen aus Aluminium und einem kr\u00e4ftigen Bosch Performance Line Mittelmotor. Letzterer bietet ordentliche 63 Nm Drehmoment, die f\u00fcr den n\u00f6tigen Vortrieb sorgen. Damit dem Motor nicht auf halber Strecke die Puste ausgeht, setzt Carver auf einen gro\u00dfen 500 Wh Intube-Akku. In der Summe d\u00fcrfte das Bike also alle sportiven Herren \u00fcberzeugen.<\/p>\n<p>Auch die restliche Ausstattung ist nat\u00fcrlich wertig und sinnig, so zum Beispiel die 28&#8243; Laufr\u00e4der.<\/p>\n<\/div>\n<div class=\"product-detail-properties\">\n<div class=\"row product-detail-properties-container\">\n<div class=\"col-md-10 col-lg-6\">\n<table class=\"table table-striped product-detail-properties-table\">\n<tbody>\n<tr class=\"properties-row\">\n<th class=\"properties-label\">Akku :<\/th>\n<td class=\"properties-value\">Bosch, 500 Wh<\/td>\n<\/tr>\n<tr class=\"properties-row\">\n<th class=\"properties-label\">Beleuchtung :<\/th>\n<td class=\"properties-value\">mit Beleuchtung<\/td>\n<\/tr>\n<tr class=\"properties-row\">\n<th class=\"properties-label\">Beleuchtung hinten :<\/th>\n<td class=\"properties-value\">AXA LS611 Duo Flat<\/td>\n<\/tr>\n<tr class=\"properties-row\">\n<th class=\"properties-label\">Beleuchtung vorn :<\/th>\n<td class=\"properties-value\">Trelock Airflow (70 Lux)<\/td>\n<\/tr>\n<tr class=\"properties-row\">\n<th class=\"properties-label\">Bremsen hinten :<\/th>\n<td class=\"properties-value\">Shimano Deore, hydraulische Scheibenbremse<\/td>\n<\/tr>\n<tr class=\"properties-row\">\n<th class=\"properties-label\">Bremsen vorne :<\/th>\n<td class=\"properties-value\">Shimano Deore, hydraulische Scheibenbremse<\/td>\n<\/tr>\n<tr class=\"properties-row\">\n<th class=\"properties-label\">Bremsscheibe :<\/th>\n<td class=\"properties-value\">180mm \/ 160mm;180mm \/ 160mm<\/td>\n<\/tr>\n<tr class=\"properties-row\">\n<th class=\"properties-label\">Display :<\/th>\n<td class=\"properties-value\">Bosch Intuvia<\/td>\n<\/tr>\n<tr class=\"properties-row\">\n<th class=\"properties-label\">Drehmoment in Nm :<\/th>\n<td class=\"properties-value\">63 Nm<\/td>\n<\/tr>\n<tr class=\"properties-row\">\n<th class=\"properties-label\">E-Bike Motor Hersteller :<\/th>\n<td class=\"properties-value\">Bosch<\/td>\n<\/tr>\n<tr class=\"properties-row\">\n<th class=\"properties-label\">E-Bike Zulassungspflichtig :<\/th>\n<td class=\"properties-value\">Nein<\/td>\n<\/tr>\n<tr class=\"properties-row\">\n<th class=\"properties-label\">Farbe :<\/th>\n<td class=\"properties-value\">Grau<\/td>\n<\/tr>\n<tr class=\"properties-row\">\n<th class=\"properties-label\">Federung :<\/th>\n<td class=\"properties-value\">Mit Federung<\/td>\n<\/tr>\n<tr class=\"properties-row\">\n<th class=\"properties-label\">Federweg vorne in mm :<\/th>\n<td class=\"properties-value\">65 mm<\/td>\n<\/tr>\n<tr class=\"properties-row\">\n<th class=\"properties-label\">Gabel :<\/th>\n<td class=\"properties-value\">RockShox Paragon Silver, 65mm Federweg<\/td>\n<\/tr>\n<tr class=\"properties-row\">\n<th class=\"properties-label\">Gep\u00e4cktr\u00e4ger :<\/th>\n<td class=\"properties-value\">Carver<\/td>\n<\/tr>\n<tr class=\"properties-row\">\n<th class=\"properties-label\">Geschlecht :<\/th>\n<td class=\"properties-value\">Herren<\/td>\n<\/tr>\n<tr class=\"properties-row\">\n<th class=\"properties-label\">Gewicht in kg :<\/th>\n<td class=\"properties-value\">24<\/td>\n<\/tr>\n<tr class=\"properties-row\">\n<th class=\"properties-label\">Griffe :<\/th>\n<td class=\"properties-value\">Ergon GP1<\/td>\n<\/tr>\n<tr class=\"properties-row\">\n<th class=\"properties-label\">G\u00e4nge :<\/th>\n<td class=\"properties-value\">11 &#8211; G\u00e4nge<\/td>\n<\/tr>\n<tr class=\"properties-row\">\n<th class=\"properties-label\">H\u00f6chstgeschwindigkeit :<\/th>\n<td class=\"properties-value\">25<\/td>\n<\/tr>\n<tr class=\"properties-row\">\n<th class=\"properties-label\">Kurbelgarnitur :<\/th>\n<td class=\"properties-value\">FSA CK-220, Kettenblatt: 38 Z\u00e4hne<\/td>\n<\/tr>\n<tr class=\"properties-row\">\n<th class=\"properties-label\">Laufr\u00e4der :<\/th>\n<td class=\"properties-value\">Carver, Doublewall, 28&#8243;<\/td>\n<\/tr>\n<tr class=\"properties-row\">\n<th class=\"properties-label\">Lenker :<\/th>\n<td class=\"properties-value\">Humpert Ergo XL<\/td>\n<\/tr>\n<tr class=\"properties-row\">\n<th class=\"properties-label\">Marke :<\/th>\n<td class=\"properties-value\">Carver<\/td>\n<\/tr>\n<tr class=\"properties-row\">\n<th class=\"properties-label\">Ma\u00dfeinheit :<\/th>\n<td class=\"properties-value\">km\/h<\/td>\n<\/tr>\n<tr class=\"properties-row\">\n<th class=\"properties-label\">Motor :<\/th>\n<td class=\"properties-value\">Bosch Mittelmotor Performance Line 250 Watt<\/td>\n<\/tr>\n<tr class=\"properties-row\">\n<th class=\"properties-label\">Motorposition :<\/th>\n<td class=\"properties-value\">Mittelmotor<\/td>\n<\/tr>\n<tr class=\"properties-row\">\n<th class=\"properties-label\">Nabe hinten :<\/th>\n<td class=\"properties-value\">Shimano Deore<\/td>\n<\/tr>\n<tr class=\"properties-row\">\n<th class=\"properties-label\">Nabe vorne :<\/th>\n<td class=\"properties-value\">Shimano Deore<\/td>\n<\/tr>\n<tr class=\"properties-row\">\n<th class=\"properties-label\">Radgr\u00f6\u00dfe :<\/th>\n<td class=\"properties-value\">28 Zoll<\/td>\n<\/tr>\n<tr class=\"properties-row\">\n<th class=\"properties-label\">Rahmen :<\/th>\n<td class=\"properties-value\">Aluminium<\/td>\n<\/tr>\n<tr class=\"properties-row\">\n<th class=\"properties-label\">Rahmenform :<\/th>\n<td class=\"properties-value\">Diamant<\/td>\n<\/tr>\n<tr class=\"properties-row\">\n<th class=\"properties-label\">Rahmenmaterial :<\/th>\n<td class=\"properties-value\">Aluminium<\/td>\n<\/tr>\n<tr class=\"properties-row\">\n<th class=\"properties-label\">Reifen (hinten) :<\/th>\n<td class=\"properties-value\">Schwalbe Energizer Plus (28&#8243; x 2,00 \/ 50-622)<\/td>\n<\/tr>\n<tr class=\"properties-row\">\n<th class=\"properties-label\">Reifen (vorne) :<\/th>\n<td class=\"properties-value\">Schwalbe Energizer Plus (28&#8243; x 2,00 \/ 50-622)<\/td>\n<\/tr>\n<tr class=\"properties-row\">\n<th class=\"properties-label\">Saison :<\/th>\n<td class=\"properties-value\">2022<\/td>\n<\/tr>\n<tr class=\"properties-row\">\n<th class=\"properties-label\">Sattel :<\/th>\n<td class=\"properties-value\">Velo<\/td>\n<\/tr>\n<tr class=\"properties-row\">\n<th class=\"properties-label\">Sattelst\u00fctze :<\/th>\n<td class=\"properties-value\">Humpert Atar<\/td>\n<\/tr>\n<tr class=\"properties-row\">\n<th class=\"properties-label\">Schaltart :<\/th>\n<td class=\"properties-value\">Kettenschaltung<\/td>\n<\/tr>\n<tr class=\"properties-row\">\n<th class=\"properties-label\">Schalthebel :<\/th>\n<td class=\"properties-value\">Shimano XT, 11-fach, Rapidfire Plus<\/td>\n<\/tr>\n<tr class=\"properties-row\">\n<th class=\"properties-label\">Schaltung :<\/th>\n<td class=\"properties-value\">11-Gang Kettenschaltung<\/td>\n<\/tr>\n<tr class=\"properties-row\">\n<th class=\"properties-label\">Schaltungscode :<\/th>\n<td class=\"properties-value\">11-Gang Kette<\/td>\n<\/tr>\n<tr class=\"properties-row\">\n<th class=\"properties-label\">Schaltwerk :<\/th>\n<td class=\"properties-value\">Shimano XT, 11-fach, Shadow Plus Design<\/td>\n<\/tr>\n<tr class=\"properties-row\">\n<th class=\"properties-label\">Schutzbleche :<\/th>\n<td class=\"properties-value\">SKS<\/td>\n<\/tr>\n<tr class=\"properties-row\">\n<th class=\"properties-label\">Vorbau :<\/th>\n<td class=\"properties-value\">Humpert Octupus, Ahead verstellbar<\/td>\n<\/tr>\n<tr class=\"properties-row\">\n<th class=\"properties-label\">Zul\u00e4ssiges Gewicht inkl. Fahrer und Zuladung :<\/th>\n<td class=\"properties-value\">140 kg<\/td>\n<\/tr>\n<\/tbody>\n<\/table>\n<\/div>\n<\/div>\n<\/div>\n<\/div>\n<\/div>","protected":false},"excerpt":{"rendered":"<p>Carver Route E.440 &#8211; 500 Wh &#8211; 2022 &#8211; 28 Zoll &#8211; Diamant Wer auf der Suche nach einem Bike<\/p>","protected":false},"featured_media":62417,"comment_status":"open","ping_status":"closed","template":"","meta":[],"product_brand":[],"product_cat":[33,247,35],"product_tag":[],"class_list":{"0":"post-42057","1":"product","2":"type-product","3":"status-publish","4":"has-post-thumbnail","6":"product_cat-e-bike","7":"product_cat-e-bike-trekking","8":"product_cat-e-bikes-2022","9":"pa_marke-carver","11":"first","12":"instock","13":"taxable","14":"shipping-taxable","15":"purchasable","16":"product-type-variable"},"yoast_head":"<!-- This site is optimized with the Yoast SEO Premium plugin v20.12 (Yoast SEO v27.1.1) - https:\/\/yoast.com\/product\/yoast-seo-premium-wordpress\/ -->\n<title>Carver Route E.440 - 500 Wh - 2022 - 28 Zoll - Diamant<\/title>\n<meta name=\"description\" content=\"Entdecken Sie unseren Online-Fahrradladen: Gro\u00dfe Auswahl an Modellen f\u00fcr alle Radsportbegeisterten. Von Rennr\u00e4dern bis zu Mountainbikes - finden Sie heute Ihren perfekten Wegbegleiter!\" \/>\n<meta name=\"robots\" content=\"index, follow, max-snippet:-1, max-image-preview:large, max-video-preview:-1\" \/>\n<link rel=\"canonical\" href=\"https:\/\/kgerad.de\/en\/product\/carver-route-e-440-500-wh-2022-28-zoll-diamant\/\" \/>\n<meta property=\"og:locale\" content=\"en_US\" \/>\n<meta property=\"og:type\" content=\"article\" \/>\n<meta property=\"og:title\" content=\"Carver Route E.440 - 500 Wh - 2022 - 28 Zoll - Diamant\" \/>\n<meta property=\"og:description\" content=\"Entdecken Sie unseren Online-Fahrradladen: Gro\u00dfe Auswahl an Modellen f\u00fcr alle Radsportbegeisterten. Von Rennr\u00e4dern bis zu Mountainbikes - finden Sie heute Ihren perfekten Wegbegleiter!\" \/>\n<meta property=\"og:url\" content=\"https:\/\/kgerad.de\/en\/product\/carver-route-e-440-500-wh-2022-28-zoll-diamant\/\" \/>\n<meta property=\"og:site_name\" content=\"kgerad.de\" \/>\n<meta property=\"article:modified_time\" content=\"2023-08-11T08:04:21+00:00\" \/>\n<meta property=\"og:image\" content=\"https:\/\/kgerad.de\/wp-content\/uploads\/2023\/06\/a8f60fa2aae3404ea3bb5d63862c6cd2.jpg\" \/>\n\t<meta property=\"og:image:width\" content=\"1920\" \/>\n\t<meta property=\"og:image:height\" content=\"1280\" \/>\n\t<meta property=\"og:image:type\" content=\"image\/jpeg\" \/>\n<meta name=\"twitter:card\" content=\"summary_large_image\" \/>\n<meta name=\"twitter:label1\" content=\"Est. reading time\" \/>\n\t<meta name=\"twitter:data1\" content=\"2 minutes\" \/>\n<script type=\"application\/ld+json\" class=\"yoast-schema-graph\">{\"@context\":\"https:\/\/schema.org\",\"@graph\":[{\"@type\":\"WebPage\",\"@id\":\"https:\/\/kgerad.de\/produkt\/carver-route-e-440-500-wh-2022-28-zoll-diamant\/\",\"url\":\"https:\/\/kgerad.de\/produkt\/carver-route-e-440-500-wh-2022-28-zoll-diamant\/\",\"name\":\"Carver Route E.440 - 500 Wh - 2022 - 28 Zoll - Diamant\",\"isPartOf\":{\"@id\":\"https:\/\/kgerad.de\/#website\"},\"primaryImageOfPage\":{\"@id\":\"https:\/\/kgerad.de\/produkt\/carver-route-e-440-500-wh-2022-28-zoll-diamant\/#primaryimage\"},\"image\":{\"@id\":\"https:\/\/kgerad.de\/produkt\/carver-route-e-440-500-wh-2022-28-zoll-diamant\/#primaryimage\"},\"thumbnailUrl\":\"https:\/\/kgerad.de\/wp-content\/uploads\/2023\/06\/a8f60fa2aae3404ea3bb5d63862c6cd2.jpg\",\"datePublished\":\"2022-11-18T16:39:18+00:00\",\"dateModified\":\"2023-08-11T08:04:21+00:00\",\"description\":\"Entdecken Sie unseren Online-Fahrradladen: Gro\u00dfe Auswahl an Modellen f\u00fcr alle Radsportbegeisterten. Von Rennr\u00e4dern bis zu Mountainbikes - finden Sie heute Ihren perfekten Wegbegleiter!\",\"breadcrumb\":{\"@id\":\"https:\/\/kgerad.de\/produkt\/carver-route-e-440-500-wh-2022-28-zoll-diamant\/#breadcrumb\"},\"inLanguage\":\"en-US\",\"potentialAction\":[{\"@type\":\"ReadAction\",\"target\":[\"https:\/\/kgerad.de\/produkt\/carver-route-e-440-500-wh-2022-28-zoll-diamant\/\"]}]},{\"@type\":\"ImageObject\",\"inLanguage\":\"en-US\",\"@id\":\"https:\/\/kgerad.de\/produkt\/carver-route-e-440-500-wh-2022-28-zoll-diamant\/#primaryimage\",\"url\":\"https:\/\/kgerad.de\/wp-content\/uploads\/2023\/06\/a8f60fa2aae3404ea3bb5d63862c6cd2.jpg\",\"contentUrl\":\"https:\/\/kgerad.de\/wp-content\/uploads\/2023\/06\/a8f60fa2aae3404ea3bb5d63862c6cd2.jpg\",\"width\":1920,\"height\":1280,\"caption\":\"Carver Route E.440 - 500 Wh - 2022 - 28 Zoll - Diamant\"},{\"@type\":\"BreadcrumbList\",\"@id\":\"https:\/\/kgerad.de\/produkt\/carver-route-e-440-500-wh-2022-28-zoll-diamant\/#breadcrumb\",\"itemListElement\":[{\"@type\":\"ListItem\",\"position\":1,\"name\":\"Startseite\",\"item\":\"https:\/\/kgerad.de\/\"},{\"@type\":\"ListItem\",\"position\":2,\"name\":\"LADEN\",\"item\":\"https:\/\/kgerad.de\/laden\/\"},{\"@type\":\"ListItem\",\"position\":3,\"name\":\"Carver Route E.440 &#8211; 500 Wh &#8211; 2022 &#8211; 28 Zoll &#8211; Diamant\"}]},{\"@type\":\"WebSite\",\"@id\":\"https:\/\/kgerad.de\/#website\",\"url\":\"https:\/\/kgerad.de\/\",\"name\":\"kgerad.de\",\"description\":\"Treten Sie mit uns ins Abenteuer!\",\"publisher\":{\"@id\":\"https:\/\/kgerad.de\/#organization\"},\"alternateName\":\"MEIN RADLADEN\",\"potentialAction\":[{\"@type\":\"SearchAction\",\"target\":{\"@type\":\"EntryPoint\",\"urlTemplate\":\"https:\/\/kgerad.de\/?s={search_term_string}\"},\"query-input\":{\"@type\":\"PropertyValueSpecification\",\"valueRequired\":true,\"valueName\":\"search_term_string\"}}],\"inLanguage\":\"en-US\"},{\"@type\":\"Organization\",\"@id\":\"https:\/\/kgerad.de\/#organization\",\"name\":\"MEINRADLADEN\",\"alternateName\":\"MEIN RADLADEN\",\"url\":\"https:\/\/kgerad.de\/\",\"logo\":{\"@type\":\"ImageObject\",\"inLanguage\":\"en-US\",\"@id\":\"https:\/\/kgerad.de\/#\/schema\/logo\/image\/\",\"url\":\"https:\/\/kgerad.de\/wp-content\/uploads\/2025\/07\/logo-Whit.svg\",\"contentUrl\":\"https:\/\/kgerad.de\/wp-content\/uploads\/2025\/07\/logo-Whit.svg\",\"width\":1640,\"height\":371,\"caption\":\"MEINRADLADEN\"},\"image\":{\"@id\":\"https:\/\/kgerad.de\/#\/schema\/logo\/image\/\"}}]}<\/script>\n<!-- \/ Yoast SEO Premium plugin. -->","yoast_head_json":{"title":"Carver Route E.440 - 500 Wh - 2022 - 28 Zoll - Diamant","description":"Entdecken Sie unseren Online-Fahrradladen: Gro\u00dfe Auswahl an Modellen f\u00fcr alle Radsportbegeisterten. Von Rennr\u00e4dern bis zu Mountainbikes - finden Sie heute Ihren perfekten Wegbegleiter!","robots":{"index":"index","follow":"follow","max-snippet":"max-snippet:-1","max-image-preview":"max-image-preview:large","max-video-preview":"max-video-preview:-1"},"canonical":"https:\/\/kgerad.de\/en\/product\/carver-route-e-440-500-wh-2022-28-zoll-diamant\/","og_locale":"en_US","og_type":"article","og_title":"Carver Route E.440 - 500 Wh - 2022 - 28 Zoll - Diamant","og_description":"Entdecken Sie unseren Online-Fahrradladen: Gro\u00dfe Auswahl an Modellen f\u00fcr alle Radsportbegeisterten. Von Rennr\u00e4dern bis zu Mountainbikes - finden Sie heute Ihren perfekten Wegbegleiter!","og_url":"https:\/\/kgerad.de\/en\/product\/carver-route-e-440-500-wh-2022-28-zoll-diamant\/","og_site_name":"kgerad.de","article_modified_time":"2023-08-11T08:04:21+00:00","og_image":[{"width":1920,"height":1280,"url":"https:\/\/kgerad.de\/wp-content\/uploads\/2023\/06\/a8f60fa2aae3404ea3bb5d63862c6cd2.jpg","type":"image\/jpeg"}],"twitter_card":"summary_large_image","twitter_misc":{"Est. reading time":"2 minutes"},"schema":{"@context":"https:\/\/schema.org","@graph":[{"@type":"WebPage","@id":"https:\/\/kgerad.de\/produkt\/carver-route-e-440-500-wh-2022-28-zoll-diamant\/","url":"https:\/\/kgerad.de\/produkt\/carver-route-e-440-500-wh-2022-28-zoll-diamant\/","name":"Carver Route E.440 - 500 Wh - 2022 - 28 Zoll - Diamant","isPartOf":{"@id":"https:\/\/kgerad.de\/#website"},"primaryImageOfPage":{"@id":"https:\/\/kgerad.de\/produkt\/carver-route-e-440-500-wh-2022-28-zoll-diamant\/#primaryimage"},"image":{"@id":"https:\/\/kgerad.de\/produkt\/carver-route-e-440-500-wh-2022-28-zoll-diamant\/#primaryimage"},"thumbnailUrl":"https:\/\/kgerad.de\/wp-content\/uploads\/2023\/06\/a8f60fa2aae3404ea3bb5d63862c6cd2.jpg","datePublished":"2022-11-18T16:39:18+00:00","dateModified":"2023-08-11T08:04:21+00:00","description":"Entdecken Sie unseren Online-Fahrradladen: Gro\u00dfe Auswahl an Modellen f\u00fcr alle Radsportbegeisterten. Von Rennr\u00e4dern bis zu Mountainbikes - finden Sie heute Ihren perfekten Wegbegleiter!","breadcrumb":{"@id":"https:\/\/kgerad.de\/produkt\/carver-route-e-440-500-wh-2022-28-zoll-diamant\/#breadcrumb"},"inLanguage":"en-US","potentialAction":[{"@type":"ReadAction","target":["https:\/\/kgerad.de\/produkt\/carver-route-e-440-500-wh-2022-28-zoll-diamant\/"]}]},{"@type":"ImageObject","inLanguage":"en-US","@id":"https:\/\/kgerad.de\/produkt\/carver-route-e-440-500-wh-2022-28-zoll-diamant\/#primaryimage","url":"https:\/\/kgerad.de\/wp-content\/uploads\/2023\/06\/a8f60fa2aae3404ea3bb5d63862c6cd2.jpg","contentUrl":"https:\/\/kgerad.de\/wp-content\/uploads\/2023\/06\/a8f60fa2aae3404ea3bb5d63862c6cd2.jpg","width":1920,"height":1280,"caption":"Carver Route E.440 - 500 Wh - 2022 - 28 Zoll - Diamant"},{"@type":"BreadcrumbList","@id":"https:\/\/kgerad.de\/produkt\/carver-route-e-440-500-wh-2022-28-zoll-diamant\/#breadcrumb","itemListElement":[{"@type":"ListItem","position":1,"name":"Startseite","item":"https:\/\/kgerad.de\/"},{"@type":"ListItem","position":2,"name":"LADEN","item":"https:\/\/kgerad.de\/laden\/"},{"@type":"ListItem","position":3,"name":"Carver Route E.440 &#8211; 500 Wh &#8211; 2022 &#8211; 28 Zoll &#8211; Diamant"}]},{"@type":"WebSite","@id":"https:\/\/kgerad.de\/#website","url":"https:\/\/kgerad.de\/","name":"kgerad.de","description":"Treten Sie mit uns ins Abenteuer!","publisher":{"@id":"https:\/\/kgerad.de\/#organization"},"alternateName":"MEIN RADLADEN","potentialAction":[{"@type":"SearchAction","target":{"@type":"EntryPoint","urlTemplate":"https:\/\/kgerad.de\/?s={search_term_string}"},"query-input":{"@type":"PropertyValueSpecification","valueRequired":true,"valueName":"search_term_string"}}],"inLanguage":"en-US"},{"@type":"Organization","@id":"https:\/\/kgerad.de\/#organization","name":"MEINRADLADEN","alternateName":"MEIN RADLADEN","url":"https:\/\/kgerad.de\/","logo":{"@type":"ImageObject","inLanguage":"en-US","@id":"https:\/\/kgerad.de\/#\/schema\/logo\/image\/","url":"https:\/\/kgerad.de\/wp-content\/uploads\/2025\/07\/logo-Whit.svg","contentUrl":"https:\/\/kgerad.de\/wp-content\/uploads\/2025\/07\/logo-Whit.svg","width":1640,"height":371,"caption":"MEINRADLADEN"},"image":{"@id":"https:\/\/kgerad.de\/#\/schema\/logo\/image\/"}}]}},"_links":{"self":[{"href":"https:\/\/kgerad.de\/en\/wp-json\/wp\/v2\/product\/42057","targetHints":{"allow":["GET"]}}],"collection":[{"href":"https:\/\/kgerad.de\/en\/wp-json\/wp\/v2\/product"}],"about":[{"href":"https:\/\/kgerad.de\/en\/wp-json\/wp\/v2\/types\/product"}],"replies":[{"embeddable":true,"href":"https:\/\/kgerad.de\/en\/wp-json\/wp\/v2\/comments?post=42057"}],"version-history":[{"count":1,"href":"https:\/\/kgerad.de\/en\/wp-json\/wp\/v2\/product\/42057\/revisions"}],"predecessor-version":[{"id":79379,"href":"https:\/\/kgerad.de\/en\/wp-json\/wp\/v2\/product\/42057\/revisions\/79379"}],"wp:featuredmedia":[{"embeddable":true,"href":"https:\/\/kgerad.de\/en\/wp-json\/wp\/v2\/media\/62417"}],"wp:attachment":[{"href":"https:\/\/kgerad.de\/en\/wp-json\/wp\/v2\/media?parent=42057"}],"wp:term":[{"taxonomy":"product_brand","embeddable":true,"href":"https:\/\/kgerad.de\/en\/wp-json\/wp\/v2\/product_brand?post=42057"},{"taxonomy":"product_cat","embeddable":true,"href":"https:\/\/kgerad.de\/en\/wp-json\/wp\/v2\/product_cat?post=42057"},{"taxonomy":"product_tag","embeddable":true,"href":"https:\/\/kgerad.de\/en\/wp-json\/wp\/v2\/product_tag?post=42057"}],"curies":[{"name":"wp","href":"https:\/\/api.w.org\/{rel}","templated":true}]}}