{"id":41973,"date":"2022-11-18T16:55:40","date_gmt":"2022-11-18T15:55:40","guid":{"rendered":"https:\/\/kgerad.de\/?post_type=product&#038;p=41973"},"modified":"2023-08-11T10:06:48","modified_gmt":"2023-08-11T08:06:48","slug":"carver-route-e-420-500-wh-2022-28-zoll-tiefeinsteiger","status":"publish","type":"product","link":"https:\/\/kgerad.de\/en\/product\/carver-route-e-420-500-wh-2022-28-zoll-tiefeinsteiger\/","title":{"rendered":"Carver Route E.420 &#8211; 500 Wh &#8211; 2022 &#8211; 28 Zoll &#8211; Tiefeinsteiger"},"content":{"rendered":"<div class=\"col product-detail-name-container\">\n<h2 class=\"product-detail-name\">Carver Route E.420 &#8211; 500 Wh &#8211; 2022 &#8211; 28 Zoll &#8211; Tiefeinsteiger<\/h2>\n<p>Daf\u00fcr sorgt der 500 Wh Intube-Akku.<\/p>\n<p>Das carver Route E.420 aus dem Hause Carver ist ein sch\u00f6nes E-Trekkingbike f\u00fcr sportive Damen, die sich einen Tiefeinsteiger Rahmen aus Aluminium w\u00fcnschen und Wert auf einen kr\u00e4ftigen Mittelmotor setzen. In Kombination mit den 28&#8243; Laufr\u00e4dern rollt das Fahrrad daher extrem leichtf\u00fc\u00dfig. Dabei kann das Route E.420 nicht nur schnell sondern auch ausdauernd. Carver verbaut hier einen Bosch Active Line Plus mit 50 Nm Drehmoment, der auch bei steilen Anstiegen immer f\u00fcr genug Vortrieb sorgt. Egal ob Begleiter f\u00fcr den Alltag oder f\u00fcr die Ausfahrt am Wochenende, mit diesem Bike liegt man immer goldrichtig.<\/p>\n<p>&nbsp;<\/p>\n<hr \/>\n<h3>Details<\/h3>\n<div>\n<table>\n<tbody>\n<tr>\n<td>Zul\u00e4ssiges Gewicht inkl. Fahrer und Zuladung<\/td>\n<td>140 kg<\/td>\n<\/tr>\n<tr>\n<td>Gewicht in kg<\/td>\n<td>24.8<\/td>\n<\/tr>\n<tr>\n<td>Drehmoment in Nm<\/td>\n<td>50 Nm<\/td>\n<\/tr>\n<tr>\n<td>Motor<\/td>\n<td>Bosch Mittelmotor Active Line Plus 250 Watt, 50Nm<\/td>\n<\/tr>\n<tr>\n<td>Display<\/td>\n<td>Bosch Purion<\/td>\n<\/tr>\n<tr>\n<td>Motorposition<\/td>\n<td>Mittelmotor<\/td>\n<\/tr>\n<tr>\n<td>Kurbelgarnitur<\/td>\n<td>FSA CK-220, Kettenblatt: 38 Z\u00e4hne<\/td>\n<\/tr>\n<tr>\n<td>Schaltung<\/td>\n<td>9-Gang Kettenschaltung<\/td>\n<\/tr>\n<tr>\n<td>Schaltwerk<\/td>\n<td>Shimano Deore, 9-fach, Shadow Design<\/td>\n<\/tr>\n<tr>\n<td>Schalthebel<\/td>\n<td>Shimano Altus, 9-fach<\/td>\n<\/tr>\n<tr>\n<td>Schaltungscode<\/td>\n<td>09-Gang Kette<\/td>\n<\/tr>\n<tr>\n<td>Bremsen vorne<\/td>\n<td>Shimano BR-MT200, hydraulische Scheibenbremse<\/td>\n<\/tr>\n<tr>\n<td>Bremsen hinten<\/td>\n<td>Shimano BR-MT200, hydraulische Scheibenbremse<\/td>\n<\/tr>\n<tr>\n<td>Bremsscheibe<\/td>\n<td>180mm \/ 160mm;180mm \/ 160mm<\/td>\n<\/tr>\n<tr>\n<td>Rahmen<\/td>\n<td>Aluminium<\/td>\n<\/tr>\n<tr>\n<td>Gabel<\/td>\n<td>SR Suntour NEX E25 DS CTS, 63mm Federweg<\/td>\n<\/tr>\n<tr>\n<td>Federweg vorne in mm<\/td>\n<td>63 mm<\/td>\n<\/tr>\n<tr>\n<td>Rahmenform<\/td>\n<td>Tiefeinsteiger<\/td>\n<\/tr>\n<tr>\n<td>Rahmenh\u00f6he<\/td>\n<td>55 cm<\/td>\n<\/tr>\n<tr>\n<td>Vorbau<\/td>\n<td>Humpert Octupus, Ahead verstellbar<\/td>\n<\/tr>\n<tr>\n<td>Lenker<\/td>\n<td>Humpert Ergo XL<\/td>\n<\/tr>\n<tr>\n<td>Griffe<\/td>\n<td>Ergon GP1<\/td>\n<\/tr>\n<tr>\n<td>Sattel<\/td>\n<td>Velo<\/td>\n<\/tr>\n<tr>\n<td>Sattelst\u00fctze<\/td>\n<td>Humpert Atar<\/td>\n<\/tr>\n<tr>\n<td>Nabe vorne<\/td>\n<td>Shimano TX-505<\/td>\n<\/tr>\n<tr>\n<td>Nabe hinten<\/td>\n<td>Shimano TX-505<\/td>\n<\/tr>\n<tr>\n<td>Reifen (vorne)<\/td>\n<td>Schwalbe Energizer Plus (28&#8243; x 2,00 \/ 50-622)<\/td>\n<\/tr>\n<tr>\n<td>Reifen (hinten)<\/td>\n<td>Schwalbe Energizer Plus (28&#8243; x 2,00 \/ 50-622)<\/td>\n<\/tr>\n<tr>\n<td>Laufr\u00e4der<\/td>\n<td>Carver, Doublewall, 28&#8243;<\/td>\n<\/tr>\n<tr>\n<td>Beleuchtung vorn<\/td>\n<td>AXA Compactline (20 Lux)<\/td>\n<\/tr>\n<tr>\n<td>Beleuchtung hinten<\/td>\n<td>AXA LS612 Duo Flat<\/td>\n<\/tr>\n<tr>\n<td>Schutzbleche<\/td>\n<td>SKS<\/td>\n<\/tr>\n<tr>\n<td>Reichweite<\/td>\n<td>30 &#8211; 210 km<\/td>\n<\/tr>\n<tr>\n<td>Akku<\/td>\n<td>Bosch, 500 Wh<\/td>\n<\/tr>\n<tr>\n<td>Gep\u00e4cktr\u00e4ger<\/td>\n<td>Carver<\/td>\n<\/tr>\n<tr>\n<td>H\u00f6chstgeschwindigkeit<\/td>\n<td>25<\/td>\n<\/tr>\n<tr>\n<td>Ma\u00dfeinheit<\/td>\n<td>km\/h<\/td>\n<\/tr>\n<tr>\n<td>Beleuchtung<\/td>\n<td>mit Beleuchtung<\/td>\n<\/tr>\n<tr>\n<td>E-Bike Motor Hersteller<\/td>\n<td>Bosch<\/td>\n<\/tr>\n<tr>\n<td>E-Bike Zulassungspflichtig<\/td>\n<td>Nein<\/td>\n<\/tr>\n<tr>\n<td>Farbe<\/td>\n<td>Grau<\/td>\n<\/tr>\n<tr>\n<td>Federung<\/td>\n<td>Mit Federung<\/td>\n<\/tr>\n<tr>\n<td>G\u00e4nge<\/td>\n<td>09 &#8211; G\u00e4nge<\/td>\n<\/tr>\n<tr>\n<td>Geschlecht<\/td>\n<td>Damen<\/td>\n<\/tr>\n<tr>\n<td>Marke<\/td>\n<td>Carver<\/td>\n<\/tr>\n<tr>\n<td>Radgr\u00f6\u00dfe<\/td>\n<td>28 Zoll<\/td>\n<\/tr>\n<tr>\n<td>Rahmenmaterial<\/td>\n<td>Aluminium<\/td>\n<\/tr>\n<tr>\n<td>Saison<\/td>\n<td>2022<\/td>\n<\/tr>\n<tr>\n<td>Schaltart<\/td>\n<td>Kettenschaltung<\/td>\n<\/tr>\n<\/tbody>\n<\/table>\n<\/div>\n<\/div>","protected":false},"excerpt":{"rendered":"<p>Carver Route E.420 &#8211; 500 Wh &#8211; 2022 &#8211; 28 Zoll &#8211; Tiefeinsteiger Daf\u00fcr sorgt der 500 Wh Intube-Akku. Das<\/p>","protected":false},"featured_media":62364,"comment_status":"open","ping_status":"closed","template":"","meta":[],"product_brand":[],"product_cat":[33,247,35],"product_tag":[],"class_list":{"0":"post-41973","1":"product","2":"type-product","3":"status-publish","4":"has-post-thumbnail","6":"product_cat-e-bike","7":"product_cat-e-bike-trekking","8":"product_cat-e-bikes-2022","9":"pa_marke-carver","11":"first","12":"instock","13":"taxable","14":"shipping-taxable","15":"purchasable","16":"product-type-variable"},"yoast_head":"<!-- This site is optimized with the Yoast SEO Premium plugin v20.12 (Yoast SEO v27.1.1) - https:\/\/yoast.com\/product\/yoast-seo-premium-wordpress\/ -->\n<title>Carver Route E.420 - 500 Wh - 2022 - 28 Zoll - Tiefeinsteiger<\/title>\n<meta name=\"description\" content=\"Entdecken Sie unseren Online-Fahrradladen: Gro\u00dfe Auswahl an Modellen f\u00fcr alle Radsportbegeisterten. Von Rennr\u00e4dern bis zu Mountainbikes - finden Sie heute Ihren perfekten Wegbegleiter!\" \/>\n<meta name=\"robots\" content=\"index, follow, max-snippet:-1, max-image-preview:large, max-video-preview:-1\" \/>\n<link rel=\"canonical\" href=\"https:\/\/kgerad.de\/en\/product\/carver-route-e-420-500-wh-2022-28-zoll-tiefeinsteiger\/\" \/>\n<meta property=\"og:locale\" content=\"en_US\" \/>\n<meta property=\"og:type\" content=\"article\" \/>\n<meta property=\"og:title\" content=\"Carver Route E.420 - 500 Wh - 2022 - 28 Zoll - Tiefeinsteiger\" \/>\n<meta property=\"og:description\" content=\"Entdecken Sie unseren Online-Fahrradladen: Gro\u00dfe Auswahl an Modellen f\u00fcr alle Radsportbegeisterten. Von Rennr\u00e4dern bis zu Mountainbikes - finden Sie heute Ihren perfekten Wegbegleiter!\" \/>\n<meta property=\"og:url\" content=\"https:\/\/kgerad.de\/en\/product\/carver-route-e-420-500-wh-2022-28-zoll-tiefeinsteiger\/\" \/>\n<meta property=\"og:site_name\" content=\"kgerad.de\" \/>\n<meta property=\"article:modified_time\" content=\"2023-08-11T08:06:48+00:00\" \/>\n<meta property=\"og:image\" content=\"https:\/\/kgerad.de\/wp-content\/uploads\/2023\/06\/99237440d4564e2da3a3826d4e00d4d3.jpg\" \/>\n\t<meta property=\"og:image:width\" content=\"1920\" \/>\n\t<meta property=\"og:image:height\" content=\"1280\" \/>\n\t<meta property=\"og:image:type\" content=\"image\/jpeg\" \/>\n<meta name=\"twitter:card\" content=\"summary_large_image\" \/>\n<meta name=\"twitter:label1\" content=\"Est. reading time\" \/>\n\t<meta name=\"twitter:data1\" content=\"2 minutes\" \/>\n<script type=\"application\/ld+json\" class=\"yoast-schema-graph\">{\"@context\":\"https:\/\/schema.org\",\"@graph\":[{\"@type\":\"WebPage\",\"@id\":\"https:\/\/kgerad.de\/produkt\/carver-route-e-420-500-wh-2022-28-zoll-tiefeinsteiger\/\",\"url\":\"https:\/\/kgerad.de\/produkt\/carver-route-e-420-500-wh-2022-28-zoll-tiefeinsteiger\/\",\"name\":\"Carver Route E.420 - 500 Wh - 2022 - 28 Zoll - Tiefeinsteiger\",\"isPartOf\":{\"@id\":\"https:\/\/kgerad.de\/#website\"},\"primaryImageOfPage\":{\"@id\":\"https:\/\/kgerad.de\/produkt\/carver-route-e-420-500-wh-2022-28-zoll-tiefeinsteiger\/#primaryimage\"},\"image\":{\"@id\":\"https:\/\/kgerad.de\/produkt\/carver-route-e-420-500-wh-2022-28-zoll-tiefeinsteiger\/#primaryimage\"},\"thumbnailUrl\":\"https:\/\/kgerad.de\/wp-content\/uploads\/2023\/06\/99237440d4564e2da3a3826d4e00d4d3.jpg\",\"datePublished\":\"2022-11-18T15:55:40+00:00\",\"dateModified\":\"2023-08-11T08:06:48+00:00\",\"description\":\"Entdecken Sie unseren Online-Fahrradladen: Gro\u00dfe Auswahl an Modellen f\u00fcr alle Radsportbegeisterten. Von Rennr\u00e4dern bis zu Mountainbikes - finden Sie heute Ihren perfekten Wegbegleiter!\",\"breadcrumb\":{\"@id\":\"https:\/\/kgerad.de\/produkt\/carver-route-e-420-500-wh-2022-28-zoll-tiefeinsteiger\/#breadcrumb\"},\"inLanguage\":\"en-US\",\"potentialAction\":[{\"@type\":\"ReadAction\",\"target\":[\"https:\/\/kgerad.de\/produkt\/carver-route-e-420-500-wh-2022-28-zoll-tiefeinsteiger\/\"]}]},{\"@type\":\"ImageObject\",\"inLanguage\":\"en-US\",\"@id\":\"https:\/\/kgerad.de\/produkt\/carver-route-e-420-500-wh-2022-28-zoll-tiefeinsteiger\/#primaryimage\",\"url\":\"https:\/\/kgerad.de\/wp-content\/uploads\/2023\/06\/99237440d4564e2da3a3826d4e00d4d3.jpg\",\"contentUrl\":\"https:\/\/kgerad.de\/wp-content\/uploads\/2023\/06\/99237440d4564e2da3a3826d4e00d4d3.jpg\",\"width\":1920,\"height\":1280,\"caption\":\"Carver Route E.420 - 500 Wh - 2022 - 28 Zoll - Tiefeinsteiger\"},{\"@type\":\"BreadcrumbList\",\"@id\":\"https:\/\/kgerad.de\/produkt\/carver-route-e-420-500-wh-2022-28-zoll-tiefeinsteiger\/#breadcrumb\",\"itemListElement\":[{\"@type\":\"ListItem\",\"position\":1,\"name\":\"Startseite\",\"item\":\"https:\/\/kgerad.de\/\"},{\"@type\":\"ListItem\",\"position\":2,\"name\":\"LADEN\",\"item\":\"https:\/\/kgerad.de\/laden\/\"},{\"@type\":\"ListItem\",\"position\":3,\"name\":\"Carver Route E.420 &#8211; 500 Wh &#8211; 2022 &#8211; 28 Zoll &#8211; Tiefeinsteiger\"}]},{\"@type\":\"WebSite\",\"@id\":\"https:\/\/kgerad.de\/#website\",\"url\":\"https:\/\/kgerad.de\/\",\"name\":\"kgerad.de\",\"description\":\"Treten Sie mit uns ins Abenteuer!\",\"publisher\":{\"@id\":\"https:\/\/kgerad.de\/#organization\"},\"alternateName\":\"MEIN RADLADEN\",\"potentialAction\":[{\"@type\":\"SearchAction\",\"target\":{\"@type\":\"EntryPoint\",\"urlTemplate\":\"https:\/\/kgerad.de\/?s={search_term_string}\"},\"query-input\":{\"@type\":\"PropertyValueSpecification\",\"valueRequired\":true,\"valueName\":\"search_term_string\"}}],\"inLanguage\":\"en-US\"},{\"@type\":\"Organization\",\"@id\":\"https:\/\/kgerad.de\/#organization\",\"name\":\"MEINRADLADEN\",\"alternateName\":\"MEIN RADLADEN\",\"url\":\"https:\/\/kgerad.de\/\",\"logo\":{\"@type\":\"ImageObject\",\"inLanguage\":\"en-US\",\"@id\":\"https:\/\/kgerad.de\/#\/schema\/logo\/image\/\",\"url\":\"https:\/\/kgerad.de\/wp-content\/uploads\/2025\/07\/logo-Whit.svg\",\"contentUrl\":\"https:\/\/kgerad.de\/wp-content\/uploads\/2025\/07\/logo-Whit.svg\",\"width\":1640,\"height\":371,\"caption\":\"MEINRADLADEN\"},\"image\":{\"@id\":\"https:\/\/kgerad.de\/#\/schema\/logo\/image\/\"}}]}<\/script>\n<!-- \/ Yoast SEO Premium plugin. -->","yoast_head_json":{"title":"Carver Route E.420 - 500 Wh - 2022 - 28 Zoll - Tiefeinsteiger","description":"Entdecken Sie unseren Online-Fahrradladen: Gro\u00dfe Auswahl an Modellen f\u00fcr alle Radsportbegeisterten. Von Rennr\u00e4dern bis zu Mountainbikes - finden Sie heute Ihren perfekten Wegbegleiter!","robots":{"index":"index","follow":"follow","max-snippet":"max-snippet:-1","max-image-preview":"max-image-preview:large","max-video-preview":"max-video-preview:-1"},"canonical":"https:\/\/kgerad.de\/en\/product\/carver-route-e-420-500-wh-2022-28-zoll-tiefeinsteiger\/","og_locale":"en_US","og_type":"article","og_title":"Carver Route E.420 - 500 Wh - 2022 - 28 Zoll - Tiefeinsteiger","og_description":"Entdecken Sie unseren Online-Fahrradladen: Gro\u00dfe Auswahl an Modellen f\u00fcr alle Radsportbegeisterten. Von Rennr\u00e4dern bis zu Mountainbikes - finden Sie heute Ihren perfekten Wegbegleiter!","og_url":"https:\/\/kgerad.de\/en\/product\/carver-route-e-420-500-wh-2022-28-zoll-tiefeinsteiger\/","og_site_name":"kgerad.de","article_modified_time":"2023-08-11T08:06:48+00:00","og_image":[{"width":1920,"height":1280,"url":"https:\/\/kgerad.de\/wp-content\/uploads\/2023\/06\/99237440d4564e2da3a3826d4e00d4d3.jpg","type":"image\/jpeg"}],"twitter_card":"summary_large_image","twitter_misc":{"Est. reading time":"2 minutes"},"schema":{"@context":"https:\/\/schema.org","@graph":[{"@type":"WebPage","@id":"https:\/\/kgerad.de\/produkt\/carver-route-e-420-500-wh-2022-28-zoll-tiefeinsteiger\/","url":"https:\/\/kgerad.de\/produkt\/carver-route-e-420-500-wh-2022-28-zoll-tiefeinsteiger\/","name":"Carver Route E.420 - 500 Wh - 2022 - 28 Zoll - Tiefeinsteiger","isPartOf":{"@id":"https:\/\/kgerad.de\/#website"},"primaryImageOfPage":{"@id":"https:\/\/kgerad.de\/produkt\/carver-route-e-420-500-wh-2022-28-zoll-tiefeinsteiger\/#primaryimage"},"image":{"@id":"https:\/\/kgerad.de\/produkt\/carver-route-e-420-500-wh-2022-28-zoll-tiefeinsteiger\/#primaryimage"},"thumbnailUrl":"https:\/\/kgerad.de\/wp-content\/uploads\/2023\/06\/99237440d4564e2da3a3826d4e00d4d3.jpg","datePublished":"2022-11-18T15:55:40+00:00","dateModified":"2023-08-11T08:06:48+00:00","description":"Entdecken Sie unseren Online-Fahrradladen: Gro\u00dfe Auswahl an Modellen f\u00fcr alle Radsportbegeisterten. Von Rennr\u00e4dern bis zu Mountainbikes - finden Sie heute Ihren perfekten Wegbegleiter!","breadcrumb":{"@id":"https:\/\/kgerad.de\/produkt\/carver-route-e-420-500-wh-2022-28-zoll-tiefeinsteiger\/#breadcrumb"},"inLanguage":"en-US","potentialAction":[{"@type":"ReadAction","target":["https:\/\/kgerad.de\/produkt\/carver-route-e-420-500-wh-2022-28-zoll-tiefeinsteiger\/"]}]},{"@type":"ImageObject","inLanguage":"en-US","@id":"https:\/\/kgerad.de\/produkt\/carver-route-e-420-500-wh-2022-28-zoll-tiefeinsteiger\/#primaryimage","url":"https:\/\/kgerad.de\/wp-content\/uploads\/2023\/06\/99237440d4564e2da3a3826d4e00d4d3.jpg","contentUrl":"https:\/\/kgerad.de\/wp-content\/uploads\/2023\/06\/99237440d4564e2da3a3826d4e00d4d3.jpg","width":1920,"height":1280,"caption":"Carver Route E.420 - 500 Wh - 2022 - 28 Zoll - Tiefeinsteiger"},{"@type":"BreadcrumbList","@id":"https:\/\/kgerad.de\/produkt\/carver-route-e-420-500-wh-2022-28-zoll-tiefeinsteiger\/#breadcrumb","itemListElement":[{"@type":"ListItem","position":1,"name":"Startseite","item":"https:\/\/kgerad.de\/"},{"@type":"ListItem","position":2,"name":"LADEN","item":"https:\/\/kgerad.de\/laden\/"},{"@type":"ListItem","position":3,"name":"Carver Route E.420 &#8211; 500 Wh &#8211; 2022 &#8211; 28 Zoll &#8211; Tiefeinsteiger"}]},{"@type":"WebSite","@id":"https:\/\/kgerad.de\/#website","url":"https:\/\/kgerad.de\/","name":"kgerad.de","description":"Treten Sie mit uns ins Abenteuer!","publisher":{"@id":"https:\/\/kgerad.de\/#organization"},"alternateName":"MEIN RADLADEN","potentialAction":[{"@type":"SearchAction","target":{"@type":"EntryPoint","urlTemplate":"https:\/\/kgerad.de\/?s={search_term_string}"},"query-input":{"@type":"PropertyValueSpecification","valueRequired":true,"valueName":"search_term_string"}}],"inLanguage":"en-US"},{"@type":"Organization","@id":"https:\/\/kgerad.de\/#organization","name":"MEINRADLADEN","alternateName":"MEIN RADLADEN","url":"https:\/\/kgerad.de\/","logo":{"@type":"ImageObject","inLanguage":"en-US","@id":"https:\/\/kgerad.de\/#\/schema\/logo\/image\/","url":"https:\/\/kgerad.de\/wp-content\/uploads\/2025\/07\/logo-Whit.svg","contentUrl":"https:\/\/kgerad.de\/wp-content\/uploads\/2025\/07\/logo-Whit.svg","width":1640,"height":371,"caption":"MEINRADLADEN"},"image":{"@id":"https:\/\/kgerad.de\/#\/schema\/logo\/image\/"}}]}},"_links":{"self":[{"href":"https:\/\/kgerad.de\/en\/wp-json\/wp\/v2\/product\/41973","targetHints":{"allow":["GET"]}}],"collection":[{"href":"https:\/\/kgerad.de\/en\/wp-json\/wp\/v2\/product"}],"about":[{"href":"https:\/\/kgerad.de\/en\/wp-json\/wp\/v2\/types\/product"}],"replies":[{"embeddable":true,"href":"https:\/\/kgerad.de\/en\/wp-json\/wp\/v2\/comments?post=41973"}],"version-history":[{"count":1,"href":"https:\/\/kgerad.de\/en\/wp-json\/wp\/v2\/product\/41973\/revisions"}],"predecessor-version":[{"id":79386,"href":"https:\/\/kgerad.de\/en\/wp-json\/wp\/v2\/product\/41973\/revisions\/79386"}],"wp:featuredmedia":[{"embeddable":true,"href":"https:\/\/kgerad.de\/en\/wp-json\/wp\/v2\/media\/62364"}],"wp:attachment":[{"href":"https:\/\/kgerad.de\/en\/wp-json\/wp\/v2\/media?parent=41973"}],"wp:term":[{"taxonomy":"product_brand","embeddable":true,"href":"https:\/\/kgerad.de\/en\/wp-json\/wp\/v2\/product_brand?post=41973"},{"taxonomy":"product_cat","embeddable":true,"href":"https:\/\/kgerad.de\/en\/wp-json\/wp\/v2\/product_cat?post=41973"},{"taxonomy":"product_tag","embeddable":true,"href":"https:\/\/kgerad.de\/en\/wp-json\/wp\/v2\/product_tag?post=41973"}],"curies":[{"name":"wp","href":"https:\/\/api.w.org\/{rel}","templated":true}]}}