{"id":41656,"date":"2022-11-17T20:05:22","date_gmt":"2022-11-17T19:05:22","guid":{"rendered":"https:\/\/kgerad.de\/?post_type=product&#038;p=41656"},"modified":"2023-08-11T10:19:35","modified_gmt":"2023-08-11T08:19:35","slug":"bergamont-e-horizon-elite-gent-625-wh-2020-28-zoll-diamant","status":"publish","type":"product","link":"https:\/\/kgerad.de\/en\/product\/bergamont-e-horizon-elite-gent-625-wh-2020-28-zoll-diamant\/","title":{"rendered":"Bergamont E-Horizon Elite Gent &#8211; 625 Wh- 28 Zoll &#8211; Diamant"},"content":{"rendered":"<div class=\"col product-detail-name-container\">\n<h2 class=\"product-detail-name\">Bergamont E-Horizon Elite Gent &#8211; 625 Wh- 28 Zoll &#8211; Diamant<\/h2>\n<p>Ordentliche 85 Nm Drehmoment bringt der Bosch Performance Line CX Gen4 Mittelmotor des Bergamont E-Horizon Elite Gent auf den Boden. Dabei meistert das kleine Kraftpaket auch lange Anstiege. In Kombination mit den 28&#8243; Laufr\u00e4dern geht es also z\u00fcgig voran, egal ob in der Ebene oder am Berg. Daf\u00fcr sorgt der gro\u00dfz\u00fcgige 36 V &#8211; 14 Ah &#8211; 500 Wh Intube-Akku. Ein weiteres Highlight ist der sch\u00f6ne Diamant Rahmen aus Aluminium. Sportive Herren werden daher absolut ihre Freude haben.<\/p>\n<p>Auch die restliche Ausstattung ist nat\u00fcrlich durchdacht und wertig, was das Rad zu einem tollen Trekkingbike macht.<\/p>\n<p>&nbsp;<\/p>\n<hr \/>\n<h3>Details<\/h3>\n<div>\n<table>\n<tbody>\n<tr>\n<td>Zul\u00e4ssiges Gewicht inkl. Fahrer und Zuladung<\/td>\n<td>140 kg<\/td>\n<\/tr>\n<tr>\n<td>Drehmoment in Nm<\/td>\n<td>85 Nm<\/td>\n<\/tr>\n<tr>\n<td>Motor<\/td>\n<td>Bosch Mittelmotor Performance Line CX Gen4 250 Watt<\/td>\n<\/tr>\n<tr>\n<td>Motorposition<\/td>\n<td>Mittelmotor<\/td>\n<\/tr>\n<tr>\n<td>Kurbelgarnitur<\/td>\n<td>FSA CK-320, Shimano CRE80-12, 1-fach, 38 Z\u00e4hne, 165 mm<\/td>\n<\/tr>\n<tr>\n<td>Schaltung<\/td>\n<td>12-Gang Kettenschaltung<\/td>\n<\/tr>\n<tr>\n<td>Schaltwerk<\/td>\n<td>Shimano Deore XT, RD-M8100, Shadow Plus, 12-fach<\/td>\n<\/tr>\n<tr>\n<td>Kassette<\/td>\n<td>Shimano SLX, CS-M7100, 12-fach, 10-51 Z\u00e4hne<\/td>\n<\/tr>\n<tr>\n<td>Kette<\/td>\n<td>Shimano SLX, CN-M7100<\/td>\n<\/tr>\n<tr>\n<td>Schalthebel<\/td>\n<td>Shimano Deore XT, SL-M8100, 1&#215;12-fach, Rapidfire Plus-Schalthebel<\/td>\n<\/tr>\n<tr>\n<td>Schaltungscode<\/td>\n<td>12-Gang Kette<\/td>\n<\/tr>\n<tr>\n<td>Bremsen vorne<\/td>\n<td>Shimano XT BR-M8000, hydraulische Scheibenbremse<\/td>\n<\/tr>\n<tr>\n<td>Bremsen hinten<\/td>\n<td>Shimano XT BR-M8000, hydraulische Scheibenbremse<\/td>\n<\/tr>\n<tr>\n<td>Bremsscheibe<\/td>\n<td>180mm \/ 180mm;180mm \/ 180mm<\/td>\n<\/tr>\n<tr>\n<td>Rahmen<\/td>\n<td>Ultra Lite AL-6061 Rohrsatz, PowerTube Akku<\/td>\n<\/tr>\n<tr>\n<td>Gabel<\/td>\n<td>SR Suntour NCX E Air, Lockout, 63mm Federweg<\/td>\n<\/tr>\n<tr>\n<td>Federweg vorne in mm<\/td>\n<td>63 mm<\/td>\n<\/tr>\n<tr>\n<td>Rahmenform<\/td>\n<td>Diamant<\/td>\n<\/tr>\n<tr>\n<td>Rahmenh\u00f6he<\/td>\n<td>60 cm<\/td>\n<\/tr>\n<tr>\n<td>Vorbau<\/td>\n<td>BGM E-Bike, einstellbar, mit Kiox-Integration<\/td>\n<\/tr>\n<tr>\n<td>Lenker<\/td>\n<td>BGM Pro, Riser Lenker, Kr\u00f6pfung: 15\u00b0, H\u00f6he: 5 mm<\/td>\n<\/tr>\n<tr>\n<td>Griffe<\/td>\n<td>Ergon GP10<\/td>\n<\/tr>\n<tr>\n<td>Sattel<\/td>\n<td>Ergon ST10<\/td>\n<\/tr>\n<tr>\n<td>Sattelst\u00fctze<\/td>\n<td>BGM Pro<\/td>\n<\/tr>\n<tr>\n<td>Felgen<\/td>\n<td>Mach 1 ER20, Disc, ge\u00f6st<\/td>\n<\/tr>\n<tr>\n<td>Nabe vorne<\/td>\n<td>Shimano HB-MT400, Centerlock, Disc, 15&#215;100 mm Achse<\/td>\n<\/tr>\n<tr>\n<td>Nabe hinten<\/td>\n<td>Shimano FH-MT500, Centerlock, Disc, Schnellspanner<\/td>\n<\/tr>\n<tr>\n<td>Speichen<\/td>\n<td>Sapim Leader<\/td>\n<\/tr>\n<tr>\n<td>Reifen (vorne)<\/td>\n<td>Schwalbe Energizer Active Plus, Reflex-Streifen, 47-622<\/td>\n<\/tr>\n<tr>\n<td>Reifen (hinten)<\/td>\n<td>Schwalbe Energizer Active Plus, Reflex-Streifen, 47-622<\/td>\n<\/tr>\n<tr>\n<td>Tretlager<\/td>\n<td>Bosch, Isis<\/td>\n<\/tr>\n<tr>\n<td>Steuersatz<\/td>\n<td>FSA NO.57SC-1, A-Headset, semi-integriert, Tapered<\/td>\n<\/tr>\n<tr>\n<td>Beleuchtung vorn<\/td>\n<td>Busch &amp; M\u00fcller IQ-XS, 70 Lux, LED, E-Bike Version<\/td>\n<\/tr>\n<tr>\n<td>Beleuchtung hinten<\/td>\n<td>Busch &amp; M\u00fcller Toplight 2 C, LED<\/td>\n<\/tr>\n<tr>\n<td>Schutzbleche<\/td>\n<td>Racktime Wingee<\/td>\n<\/tr>\n<tr>\n<td>Pedale<\/td>\n<td>Trekking Aluminium<\/td>\n<\/tr>\n<tr>\n<td>St\u00e4nder<\/td>\n<td>Syncros<\/td>\n<\/tr>\n<tr>\n<td>Gep\u00e4cktr\u00e4ger<\/td>\n<td>BGM, Racktime<\/td>\n<\/tr>\n<tr>\n<td>Reichweite<\/td>\n<td>37 &#8211; 200 km<\/td>\n<\/tr>\n<tr>\n<td>H\u00f6chstgeschwindigkeit<\/td>\n<td>25<\/td>\n<\/tr>\n<tr>\n<td>Ma\u00dfeinheit<\/td>\n<td>km\/h<\/td>\n<\/tr>\n<tr>\n<td>Beleuchtung<\/td>\n<td>mit Beleuchtung<\/td>\n<\/tr>\n<tr>\n<td>E-Bike Motor Hersteller<\/td>\n<td>Bosch<\/td>\n<\/tr>\n<tr>\n<td>E-Bike Zulassungspflichtig<\/td>\n<td>Nein<\/td>\n<\/tr>\n<tr>\n<td>Farbe<\/td>\n<td>Braun<\/td>\n<\/tr>\n<tr>\n<td>Federung<\/td>\n<td>Mit Federung<\/td>\n<\/tr>\n<tr>\n<td>G\u00e4nge<\/td>\n<td>12 &#8211; G\u00e4nge<\/td>\n<\/tr>\n<tr>\n<td>Geschlecht<\/td>\n<td>Herren<\/td>\n<\/tr>\n<tr>\n<td>Marke<\/td>\n<td>Bergamont<\/td>\n<\/tr>\n<tr>\n<td>Radgr\u00f6\u00dfe<\/td>\n<td>28 Zoll<\/td>\n<\/tr>\n<tr>\n<td>Rahmenmaterial<\/td>\n<td>Aluminium<\/td>\n<\/tr>\n<tr>\n<td>Saison<\/td>\n<td>2020<\/td>\n<\/tr>\n<tr>\n<td>Schaltart<\/td>\n<td>Kettenschaltung<\/td>\n<\/tr>\n<\/tbody>\n<\/table>\n<\/div>\n<\/div>","protected":false},"excerpt":{"rendered":"<p>Bergamont E-Horizon Elite Gent &#8211; 625 Wh- 28 Zoll &#8211; Diamant Ordentliche 85 Nm Drehmoment bringt der Bosch Performance Line<\/p>","protected":false},"featured_media":62229,"comment_status":"open","ping_status":"closed","template":"","meta":[],"product_brand":[],"product_cat":[33,247],"product_tag":[],"class_list":{"0":"post-41656","1":"product","2":"type-product","3":"status-publish","4":"has-post-thumbnail","6":"product_cat-e-bike","7":"product_cat-e-bike-trekking","8":"pa_marke-bergamont","10":"first","11":"instock","12":"taxable","13":"shipping-taxable","14":"purchasable","15":"product-type-variable"},"yoast_head":"<!-- This site is optimized with the Yoast SEO Premium plugin v20.12 (Yoast SEO v27.1.1) - https:\/\/yoast.com\/product\/yoast-seo-premium-wordpress\/ -->\n<title>Bergamont E-Horizon Elite Gent - 625 Wh- 28 Zoll - Diamant<\/title>\n<meta name=\"description\" content=\"Entdecken Sie unseren Online-Fahrradladen: Gro\u00dfe Auswahl an Modellen f\u00fcr alle Radsportbegeisterten. Von Rennr\u00e4dern bis zu Mountainbikes - finden Sie heute Ihren perfekten Wegbegleiter!\" \/>\n<meta name=\"robots\" content=\"index, follow, max-snippet:-1, max-image-preview:large, max-video-preview:-1\" \/>\n<link rel=\"canonical\" href=\"https:\/\/kgerad.de\/en\/product\/bergamont-e-horizon-elite-gent-625-wh-2020-28-zoll-diamant\/\" \/>\n<meta property=\"og:locale\" content=\"en_US\" \/>\n<meta property=\"og:type\" content=\"article\" \/>\n<meta property=\"og:title\" content=\"Bergamont E-Horizon Elite Gent - 625 Wh- 28 Zoll - Diamant\" \/>\n<meta property=\"og:description\" content=\"Entdecken Sie unseren Online-Fahrradladen: Gro\u00dfe Auswahl an Modellen f\u00fcr alle Radsportbegeisterten. Von Rennr\u00e4dern bis zu Mountainbikes - finden Sie heute Ihren perfekten Wegbegleiter!\" \/>\n<meta property=\"og:url\" content=\"https:\/\/kgerad.de\/en\/product\/bergamont-e-horizon-elite-gent-625-wh-2020-28-zoll-diamant\/\" \/>\n<meta property=\"og:site_name\" content=\"kgerad.de\" \/>\n<meta property=\"article:modified_time\" content=\"2023-08-11T08:19:35+00:00\" \/>\n<meta property=\"og:image\" content=\"https:\/\/kgerad.de\/wp-content\/uploads\/2023\/06\/da0f68aa9e5a42178a9c219cf1c68f11-1.jpg\" \/>\n\t<meta property=\"og:image:width\" content=\"1920\" \/>\n\t<meta property=\"og:image:height\" content=\"1280\" \/>\n\t<meta property=\"og:image:type\" content=\"image\/jpeg\" \/>\n<meta name=\"twitter:card\" content=\"summary_large_image\" \/>\n<meta name=\"twitter:label1\" content=\"Est. reading time\" \/>\n\t<meta name=\"twitter:data1\" content=\"3 minutes\" \/>\n<script type=\"application\/ld+json\" class=\"yoast-schema-graph\">{\"@context\":\"https:\/\/schema.org\",\"@graph\":[{\"@type\":\"WebPage\",\"@id\":\"https:\/\/kgerad.de\/produkt\/bergamont-e-horizon-elite-gent-625-wh-2020-28-zoll-diamant\/\",\"url\":\"https:\/\/kgerad.de\/produkt\/bergamont-e-horizon-elite-gent-625-wh-2020-28-zoll-diamant\/\",\"name\":\"Bergamont E-Horizon Elite Gent - 625 Wh- 28 Zoll - Diamant\",\"isPartOf\":{\"@id\":\"https:\/\/kgerad.de\/#website\"},\"primaryImageOfPage\":{\"@id\":\"https:\/\/kgerad.de\/produkt\/bergamont-e-horizon-elite-gent-625-wh-2020-28-zoll-diamant\/#primaryimage\"},\"image\":{\"@id\":\"https:\/\/kgerad.de\/produkt\/bergamont-e-horizon-elite-gent-625-wh-2020-28-zoll-diamant\/#primaryimage\"},\"thumbnailUrl\":\"https:\/\/kgerad.de\/wp-content\/uploads\/2023\/06\/da0f68aa9e5a42178a9c219cf1c68f11-1.jpg\",\"datePublished\":\"2022-11-17T19:05:22+00:00\",\"dateModified\":\"2023-08-11T08:19:35+00:00\",\"description\":\"Entdecken Sie unseren Online-Fahrradladen: Gro\u00dfe Auswahl an Modellen f\u00fcr alle Radsportbegeisterten. Von Rennr\u00e4dern bis zu Mountainbikes - finden Sie heute Ihren perfekten Wegbegleiter!\",\"breadcrumb\":{\"@id\":\"https:\/\/kgerad.de\/produkt\/bergamont-e-horizon-elite-gent-625-wh-2020-28-zoll-diamant\/#breadcrumb\"},\"inLanguage\":\"en-US\",\"potentialAction\":[{\"@type\":\"ReadAction\",\"target\":[\"https:\/\/kgerad.de\/produkt\/bergamont-e-horizon-elite-gent-625-wh-2020-28-zoll-diamant\/\"]}]},{\"@type\":\"ImageObject\",\"inLanguage\":\"en-US\",\"@id\":\"https:\/\/kgerad.de\/produkt\/bergamont-e-horizon-elite-gent-625-wh-2020-28-zoll-diamant\/#primaryimage\",\"url\":\"https:\/\/kgerad.de\/wp-content\/uploads\/2023\/06\/da0f68aa9e5a42178a9c219cf1c68f11-1.jpg\",\"contentUrl\":\"https:\/\/kgerad.de\/wp-content\/uploads\/2023\/06\/da0f68aa9e5a42178a9c219cf1c68f11-1.jpg\",\"width\":1920,\"height\":1280,\"caption\":\"Bergamont E-Horizon Elite Gent - 625 Wh - 2020 - 28 Zoll - Diamant\"},{\"@type\":\"BreadcrumbList\",\"@id\":\"https:\/\/kgerad.de\/produkt\/bergamont-e-horizon-elite-gent-625-wh-2020-28-zoll-diamant\/#breadcrumb\",\"itemListElement\":[{\"@type\":\"ListItem\",\"position\":1,\"name\":\"Startseite\",\"item\":\"https:\/\/kgerad.de\/\"},{\"@type\":\"ListItem\",\"position\":2,\"name\":\"LADEN\",\"item\":\"https:\/\/kgerad.de\/laden\/\"},{\"@type\":\"ListItem\",\"position\":3,\"name\":\"Bergamont E-Horizon Elite Gent &#8211; 625 Wh- 28 Zoll &#8211; Diamant\"}]},{\"@type\":\"WebSite\",\"@id\":\"https:\/\/kgerad.de\/#website\",\"url\":\"https:\/\/kgerad.de\/\",\"name\":\"kgerad.de\",\"description\":\"Treten Sie mit uns ins Abenteuer!\",\"publisher\":{\"@id\":\"https:\/\/kgerad.de\/#organization\"},\"alternateName\":\"MEIN RADLADEN\",\"potentialAction\":[{\"@type\":\"SearchAction\",\"target\":{\"@type\":\"EntryPoint\",\"urlTemplate\":\"https:\/\/kgerad.de\/?s={search_term_string}\"},\"query-input\":{\"@type\":\"PropertyValueSpecification\",\"valueRequired\":true,\"valueName\":\"search_term_string\"}}],\"inLanguage\":\"en-US\"},{\"@type\":\"Organization\",\"@id\":\"https:\/\/kgerad.de\/#organization\",\"name\":\"MEINRADLADEN\",\"alternateName\":\"MEIN RADLADEN\",\"url\":\"https:\/\/kgerad.de\/\",\"logo\":{\"@type\":\"ImageObject\",\"inLanguage\":\"en-US\",\"@id\":\"https:\/\/kgerad.de\/#\/schema\/logo\/image\/\",\"url\":\"https:\/\/kgerad.de\/wp-content\/uploads\/2025\/07\/logo-Whit.svg\",\"contentUrl\":\"https:\/\/kgerad.de\/wp-content\/uploads\/2025\/07\/logo-Whit.svg\",\"width\":1640,\"height\":371,\"caption\":\"MEINRADLADEN\"},\"image\":{\"@id\":\"https:\/\/kgerad.de\/#\/schema\/logo\/image\/\"}}]}<\/script>\n<!-- \/ Yoast SEO Premium plugin. -->","yoast_head_json":{"title":"Bergamont E-Horizon Elite Gent - 625 Wh- 28 Zoll - Diamant","description":"Entdecken Sie unseren Online-Fahrradladen: Gro\u00dfe Auswahl an Modellen f\u00fcr alle Radsportbegeisterten. Von Rennr\u00e4dern bis zu Mountainbikes - finden Sie heute Ihren perfekten Wegbegleiter!","robots":{"index":"index","follow":"follow","max-snippet":"max-snippet:-1","max-image-preview":"max-image-preview:large","max-video-preview":"max-video-preview:-1"},"canonical":"https:\/\/kgerad.de\/en\/product\/bergamont-e-horizon-elite-gent-625-wh-2020-28-zoll-diamant\/","og_locale":"en_US","og_type":"article","og_title":"Bergamont E-Horizon Elite Gent - 625 Wh- 28 Zoll - Diamant","og_description":"Entdecken Sie unseren Online-Fahrradladen: Gro\u00dfe Auswahl an Modellen f\u00fcr alle Radsportbegeisterten. Von Rennr\u00e4dern bis zu Mountainbikes - finden Sie heute Ihren perfekten Wegbegleiter!","og_url":"https:\/\/kgerad.de\/en\/product\/bergamont-e-horizon-elite-gent-625-wh-2020-28-zoll-diamant\/","og_site_name":"kgerad.de","article_modified_time":"2023-08-11T08:19:35+00:00","og_image":[{"width":1920,"height":1280,"url":"https:\/\/kgerad.de\/wp-content\/uploads\/2023\/06\/da0f68aa9e5a42178a9c219cf1c68f11-1.jpg","type":"image\/jpeg"}],"twitter_card":"summary_large_image","twitter_misc":{"Est. reading time":"3 minutes"},"schema":{"@context":"https:\/\/schema.org","@graph":[{"@type":"WebPage","@id":"https:\/\/kgerad.de\/produkt\/bergamont-e-horizon-elite-gent-625-wh-2020-28-zoll-diamant\/","url":"https:\/\/kgerad.de\/produkt\/bergamont-e-horizon-elite-gent-625-wh-2020-28-zoll-diamant\/","name":"Bergamont E-Horizon Elite Gent - 625 Wh- 28 Zoll - Diamant","isPartOf":{"@id":"https:\/\/kgerad.de\/#website"},"primaryImageOfPage":{"@id":"https:\/\/kgerad.de\/produkt\/bergamont-e-horizon-elite-gent-625-wh-2020-28-zoll-diamant\/#primaryimage"},"image":{"@id":"https:\/\/kgerad.de\/produkt\/bergamont-e-horizon-elite-gent-625-wh-2020-28-zoll-diamant\/#primaryimage"},"thumbnailUrl":"https:\/\/kgerad.de\/wp-content\/uploads\/2023\/06\/da0f68aa9e5a42178a9c219cf1c68f11-1.jpg","datePublished":"2022-11-17T19:05:22+00:00","dateModified":"2023-08-11T08:19:35+00:00","description":"Entdecken Sie unseren Online-Fahrradladen: Gro\u00dfe Auswahl an Modellen f\u00fcr alle Radsportbegeisterten. Von Rennr\u00e4dern bis zu Mountainbikes - finden Sie heute Ihren perfekten Wegbegleiter!","breadcrumb":{"@id":"https:\/\/kgerad.de\/produkt\/bergamont-e-horizon-elite-gent-625-wh-2020-28-zoll-diamant\/#breadcrumb"},"inLanguage":"en-US","potentialAction":[{"@type":"ReadAction","target":["https:\/\/kgerad.de\/produkt\/bergamont-e-horizon-elite-gent-625-wh-2020-28-zoll-diamant\/"]}]},{"@type":"ImageObject","inLanguage":"en-US","@id":"https:\/\/kgerad.de\/produkt\/bergamont-e-horizon-elite-gent-625-wh-2020-28-zoll-diamant\/#primaryimage","url":"https:\/\/kgerad.de\/wp-content\/uploads\/2023\/06\/da0f68aa9e5a42178a9c219cf1c68f11-1.jpg","contentUrl":"https:\/\/kgerad.de\/wp-content\/uploads\/2023\/06\/da0f68aa9e5a42178a9c219cf1c68f11-1.jpg","width":1920,"height":1280,"caption":"Bergamont E-Horizon Elite Gent - 625 Wh - 2020 - 28 Zoll - Diamant"},{"@type":"BreadcrumbList","@id":"https:\/\/kgerad.de\/produkt\/bergamont-e-horizon-elite-gent-625-wh-2020-28-zoll-diamant\/#breadcrumb","itemListElement":[{"@type":"ListItem","position":1,"name":"Startseite","item":"https:\/\/kgerad.de\/"},{"@type":"ListItem","position":2,"name":"LADEN","item":"https:\/\/kgerad.de\/laden\/"},{"@type":"ListItem","position":3,"name":"Bergamont E-Horizon Elite Gent &#8211; 625 Wh- 28 Zoll &#8211; Diamant"}]},{"@type":"WebSite","@id":"https:\/\/kgerad.de\/#website","url":"https:\/\/kgerad.de\/","name":"kgerad.de","description":"Treten Sie mit uns ins Abenteuer!","publisher":{"@id":"https:\/\/kgerad.de\/#organization"},"alternateName":"MEIN RADLADEN","potentialAction":[{"@type":"SearchAction","target":{"@type":"EntryPoint","urlTemplate":"https:\/\/kgerad.de\/?s={search_term_string}"},"query-input":{"@type":"PropertyValueSpecification","valueRequired":true,"valueName":"search_term_string"}}],"inLanguage":"en-US"},{"@type":"Organization","@id":"https:\/\/kgerad.de\/#organization","name":"MEINRADLADEN","alternateName":"MEIN RADLADEN","url":"https:\/\/kgerad.de\/","logo":{"@type":"ImageObject","inLanguage":"en-US","@id":"https:\/\/kgerad.de\/#\/schema\/logo\/image\/","url":"https:\/\/kgerad.de\/wp-content\/uploads\/2025\/07\/logo-Whit.svg","contentUrl":"https:\/\/kgerad.de\/wp-content\/uploads\/2025\/07\/logo-Whit.svg","width":1640,"height":371,"caption":"MEINRADLADEN"},"image":{"@id":"https:\/\/kgerad.de\/#\/schema\/logo\/image\/"}}]}},"_links":{"self":[{"href":"https:\/\/kgerad.de\/en\/wp-json\/wp\/v2\/product\/41656","targetHints":{"allow":["GET"]}}],"collection":[{"href":"https:\/\/kgerad.de\/en\/wp-json\/wp\/v2\/product"}],"about":[{"href":"https:\/\/kgerad.de\/en\/wp-json\/wp\/v2\/types\/product"}],"replies":[{"embeddable":true,"href":"https:\/\/kgerad.de\/en\/wp-json\/wp\/v2\/comments?post=41656"}],"version-history":[{"count":1,"href":"https:\/\/kgerad.de\/en\/wp-json\/wp\/v2\/product\/41656\/revisions"}],"predecessor-version":[{"id":79422,"href":"https:\/\/kgerad.de\/en\/wp-json\/wp\/v2\/product\/41656\/revisions\/79422"}],"wp:featuredmedia":[{"embeddable":true,"href":"https:\/\/kgerad.de\/en\/wp-json\/wp\/v2\/media\/62229"}],"wp:attachment":[{"href":"https:\/\/kgerad.de\/en\/wp-json\/wp\/v2\/media?parent=41656"}],"wp:term":[{"taxonomy":"product_brand","embeddable":true,"href":"https:\/\/kgerad.de\/en\/wp-json\/wp\/v2\/product_brand?post=41656"},{"taxonomy":"product_cat","embeddable":true,"href":"https:\/\/kgerad.de\/en\/wp-json\/wp\/v2\/product_cat?post=41656"},{"taxonomy":"product_tag","embeddable":true,"href":"https:\/\/kgerad.de\/en\/wp-json\/wp\/v2\/product_tag?post=41656"}],"curies":[{"name":"wp","href":"https:\/\/api.w.org\/{rel}","templated":true}]}}