{"id":41634,"date":"2022-11-17T19:52:29","date_gmt":"2022-11-17T18:52:29","guid":{"rendered":"https:\/\/kgerad.de\/?post_type=product&#038;p=41634"},"modified":"2023-08-11T10:30:45","modified_gmt":"2023-08-11T08:30:45","slug":"cube-litening-c68x-race-teamline","status":"publish","type":"product","link":"https:\/\/kgerad.de\/en\/product\/cube-litening-c68x-race-teamline\/","title":{"rendered":"Cube Litening C:68X Race teamline"},"content":{"rendered":"<h2 class=\"content--title\">Cube Litening C:68X Race Team-Linie<\/h2>\n<p class=\"product--description\">Cube wei\u00df, dass im Rennsport jede Millisekunde z\u00e4hlt. Aus diesem Grund ist der Rahmen des UCI-konformen Rennwagens namens Litening Cube C:68X Race so konzipiert, dass er 30 % weniger Luftwiderstand erzeugt. Es gibt auch Newmen Advanced STREEM Laufr\u00e4der mit Aero-Profil. Shimanos neuer Ultegra Di2 2&#215;12-Antrieb \u00fcberzeugt mit einem breiten \u00dcbersetzungsbereich, extremer Zuverl\u00e4ssigkeit und pr\u00e4zisen Schaltvorg\u00e4ngen.<\/p>\n<hr \/>\n<p class=\"product--description\"><a href=\"https:\/\/www.cube.eu\/360\/579200\" target=\"_blank\" rel=\"noopener\"><img decoding=\"async\" title=\"360\u00b0\" src=\"https:\/\/cd.bike-discount.de\/media\/image\/3a\/ee\/83\/360.png\" alt=\"\" width=\"40\" height=\"39\" data-mid=\"729769\" data-src=\"media\/image\/360.png\" \/><span style=\"vertical-align: inherit;\"><span style=\"vertical-align: inherit;\">Ouvrir la vue \u00e0 360\u00b0<\/span><\/span><\/a><\/p>\n<hr \/>\n<p>Und weil dir die passenden hydraulischen Ultegra-Scheibenbremsen jederzeit die volle Kontrolle geben, kannst du noch st\u00e4rker beschleunigen und noch sp\u00e4ter bremsen. Eine superschnelle Rennmaschine f\u00fcr echte Fans pr\u00e4ziser Geschwindigkeit!<\/p>\n<hr \/>\n<h3><span style=\"vertical-align: inherit;\"><span style=\"vertical-align: inherit;\">RAHMEN Cube Litening C:68X Race teamline<\/span><\/span><\/h3>\n<p>Die Regeln sind die Regeln \u2013 und ein Rennrad muss sich daran halten, um an UCI-Rennen teilnehmen zu d\u00fcrfen. Aber wie macht man einen Carbonrahmen wie den Litening C:68X Pro sp\u00fcrbar aerodynamischer, ohne gegen die Regeln zu versto\u00dfen? Die Antwort: Verwendung unseres hochwertigen C:68X-Materials, aufw\u00e4ndige CFD-Analysen und Windkanaltests unter realen Bedingungen. Das Ergebnis ist 30 % weniger Luftwiderstand in Form eines vollst\u00e4ndig UCI-konformen Chassis, das zu einem vollst\u00e4ndig integrierten Setup mit Gabel, Vorbau, Lenker und Sattelst\u00fctze f\u00fchrt. Zudem ist er \u00e4u\u00dferst komfortabel zu fahren, bietet Platz f\u00fcr Reifen bis 28 mm Breite und die M\u00f6glichkeit, ihn mit allen g\u00e4ngigen Leistungsmesssystemen zu verwenden. Aber seine Spezialit\u00e4t ist und bleibt: absolute H\u00f6chstgeschwindigkeit!<\/p>\n<h2><span style=\"vertical-align: inherit;\"><span style=\"vertical-align: inherit;\">Ameublement<\/span><\/span><\/h2>\n<div class=\"product--properties panel has--border\">\n<table class=\"product--properties-table\">\n<tbody>\n<tr class=\"product--properties-row row1\">\n<td class=\"product--properties-label is--bold\"><span style=\"vertical-align: inherit;\"><span style=\"vertical-align: inherit;\">Cadre:<\/span><\/span><\/td>\n<td class=\"product--properties-value\"><span style=\"vertical-align: inherit;\"><span style=\"vertical-align: inherit;\">Litening C:68X Monocoque Advanced Twin Mold Technology, tube de direction Aero, acheminement interne complet des c\u00e2bles, disque \u00e0 montage plat<\/span><\/span><\/td>\n<\/tr>\n<tr class=\"product--properties-row row2\">\n<td class=\"product--properties-label is--bold\"><span style=\"vertical-align: inherit;\"><span style=\"vertical-align: inherit;\">Mat\u00e9riau du cadre\u00a0:<\/span><\/span><\/td>\n<td class=\"product--properties-value\"><span style=\"vertical-align: inherit;\"><span style=\"vertical-align: inherit;\">Carbone<\/span><\/span><\/td>\n<\/tr>\n<tr class=\"product--properties-row row3\">\n<td class=\"product--properties-label is--bold\"><span style=\"vertical-align: inherit;\"><span style=\"vertical-align: inherit;\">taille de roue :<\/span><\/span><\/td>\n<td class=\"product--properties-value\"><span style=\"vertical-align: inherit;\"><span style=\"vertical-align: inherit;\">28&#8243;<\/span><\/span><\/td>\n<\/tr>\n<tr class=\"product--properties-row row4\">\n<td class=\"product--properties-label is--bold\"><span style=\"vertical-align: inherit;\"><span style=\"vertical-align: inherit;\">Couleur:<\/span><\/span><\/td>\n<td class=\"product--properties-value\"><span style=\"vertical-align: inherit;\"><span style=\"vertical-align: inherit;\">ligne d&#8217;\u00e9quipe<\/span><\/span><\/td>\n<\/tr>\n<tr class=\"product--properties-row row5\">\n<td class=\"product--properties-label is--bold\"><span style=\"vertical-align: inherit;\"><span style=\"vertical-align: inherit;\">Gabel\u00a0:<\/span><\/span><\/td>\n<td class=\"product--properties-value\"><span style=\"vertical-align: inherit;\"><span style=\"vertical-align: inherit;\">Litening C:68X Aero, routage de c\u00e2ble int\u00e9gr\u00e9, disque \u00e0 montage plat<\/span><\/span><\/td>\n<\/tr>\n<tr class=\"product--properties-row row6\">\n<td class=\"product--properties-label is--bold\"><span style=\"vertical-align: inherit;\"><span style=\"vertical-align: inherit;\">Freins\u00a0:<\/span><\/span><\/td>\n<td class=\"product--properties-value\"><span style=\"vertical-align: inherit;\"><span style=\"vertical-align: inherit;\">Shimano Ultegra BR-R8170, Hydr. <\/span><span style=\"vertical-align: inherit;\">Frein \u00e0 disque, montage plat (160\/160)<\/span><\/span><\/td>\n<\/tr>\n<tr class=\"product--properties-row row7\">\n<td class=\"product--properties-label is--bold\"><span style=\"vertical-align: inherit;\"><span style=\"vertical-align: inherit;\">Taux d&#8217;imposition:<\/span><\/span><\/td>\n<td class=\"product--properties-value\"><span style=\"vertical-align: inherit;\"><span style=\"vertical-align: inherit;\">ACROS, haut int\u00e9gr\u00e9 1 1\/8&#8243;, bas int\u00e9gr\u00e9 1 1\/4&#8243;<\/span><\/span><\/td>\n<\/tr>\n<tr class=\"product--properties-row row8\">\n<td class=\"product--properties-label is--bold\"><span style=\"vertical-align: inherit;\"><span style=\"vertical-align: inherit;\">Liens:<\/span><\/span><\/td>\n<td class=\"product--properties-value\"><span style=\"vertical-align: inherit;\"><span style=\"vertical-align: inherit;\">Litening C:68X ICR Aero Cockpit System, routage de c\u00e2ble int\u00e9gr\u00e9, syst\u00e8me d&#8217;espacement Aero, interface de montage Garmin\/Wahoo (50 cm, 52 cm : 400 mm\/90 mm ; 54 cm, 56 cm : 420 mm\/100 mm ; 58 cm : 440 mm\/110 mm ; 60 cm : 440 mm\/120 mm )<\/span><\/span><\/td>\n<\/tr>\n<tr class=\"product--properties-row row9\">\n<td class=\"product--properties-label is--bold\">Griffe:<\/td>\n<td class=\"product--properties-value\"><span style=\"vertical-align: inherit;\"><span style=\"vertical-align: inherit;\">Guidoline ACID RD<\/span><\/span><\/td>\n<\/tr>\n<tr class=\"product--properties-row row10\">\n<td class=\"product--properties-label is--bold\"><span style=\"vertical-align: inherit;\"><span style=\"vertical-align: inherit;\">Selle:<\/span><\/span><\/td>\n<td class=\"product--properties-value\"><span style=\"vertical-align: inherit;\"><span style=\"vertical-align: inherit;\">Natural Fit Nuance SLT Route Carbone<\/span><\/span><\/td>\n<\/tr>\n<tr class=\"product--properties-row row11\">\n<td class=\"product--properties-label is--bold\"><span style=\"vertical-align: inherit;\"><span style=\"vertical-align: inherit;\">Tige de selle :<\/span><\/span><\/td>\n<td class=\"product--properties-value\"><span style=\"vertical-align: inherit;\"><span style=\"vertical-align: inherit;\">Litening C:68X Aero, Comfort Flex<\/span><\/span><\/td>\n<\/tr>\n<tr class=\"product--properties-row row12\">\n<td class=\"product--properties-label is--bold\"><span style=\"vertical-align: inherit;\"><span style=\"vertical-align: inherit;\">Collier de selle :<\/span><\/span><\/td>\n<td class=\"product--properties-value\"><span style=\"vertical-align: inherit;\"><span style=\"vertical-align: inherit;\">Pince a\u00e9rodynamique enti\u00e8rement int\u00e9gr\u00e9e CUBE<\/span><\/span><\/td>\n<\/tr>\n<tr class=\"product--properties-row row13\">\n<td class=\"product--properties-label is--bold\"><span style=\"vertical-align: inherit;\"><span style=\"vertical-align: inherit;\">Manivelle:<\/span><\/span><\/td>\n<td class=\"product--properties-value\"><span style=\"vertical-align: inherit;\"><span style=\"vertical-align: inherit;\">Shimano Ultegra FC-R8100, Hollowtech II, 52x36T<\/span><\/span><\/td>\n<\/tr>\n<tr class=\"product--properties-row row14\">\n<td class=\"product--properties-label is--bold\"><span style=\"vertical-align: inherit;\"><span style=\"vertical-align: inherit;\">Derailleur arriere:<\/span><\/span><\/td>\n<td class=\"product--properties-value\"><span style=\"vertical-align: inherit;\"><span style=\"vertical-align: inherit;\">Shimano Ultegra Di2 RD-8150-DGS, 12 vitesses<\/span><\/span><\/td>\n<\/tr>\n<tr class=\"product--properties-row row15\">\n<td class=\"product--properties-label is--bold\"><span style=\"vertical-align: inherit;\"><span style=\"vertical-align: inherit;\">levier de vitesses\u00a0:<\/span><\/span><\/td>\n<td class=\"product--properties-value\"><span style=\"vertical-align: inherit;\"><span style=\"vertical-align: inherit;\">Shimano Ult\u00e9gra Di2 ST-R8170<\/span><\/span><\/td>\n<\/tr>\n<\/tbody>\n<\/table>\n<table class=\"product--properties-table\">\n<tbody>\n<tr class=\"product--properties-row row16\">\n<td class=\"product--properties-label is--bold\"><span style=\"vertical-align: inherit;\"><span style=\"vertical-align: inherit;\">D\u00e9railleur\u00a0:<\/span><\/span><\/td>\n<td class=\"product--properties-value\"><span style=\"vertical-align: inherit;\"><span style=\"vertical-align: inherit;\">Shimano Ultegra Di2 FD-R8150-F<\/span><\/span><\/td>\n<\/tr>\n<tr class=\"product--properties-row row17\">\n<td class=\"product--properties-label is--bold\"><span style=\"vertical-align: inherit;\"><span style=\"vertical-align: inherit;\">Cassette:<\/span><\/span><\/td>\n<td class=\"product--properties-value\"><span style=\"vertical-align: inherit;\"><span style=\"vertical-align: inherit;\">Shimano Ult\u00e9gra CS-R8100, 11-34T<\/span><\/span><\/td>\n<\/tr>\n<tr class=\"product--properties-row row18\">\n<td class=\"product--properties-label is--bold\"><span style=\"vertical-align: inherit;\"><span style=\"vertical-align: inherit;\">Cha\u00eene:<\/span><\/span><\/td>\n<td class=\"product--properties-value\"><span style=\"vertical-align: inherit;\"><span style=\"vertical-align: inherit;\">Shimano CN-M8100<\/span><\/span><\/td>\n<\/tr>\n<tr class=\"product--properties-row row19\">\n<td class=\"product--properties-label is--bold\"><span style=\"vertical-align: inherit;\"><span style=\"vertical-align: inherit;\">Pneus\u00a0:<\/span><\/span><\/td>\n<td class=\"product--properties-value\"><span style=\"vertical-align: inherit;\"><span style=\"vertical-align: inherit;\">Schwalbe Pro One, Tubeless facile, 28-622<\/span><\/span><\/td>\n<\/tr>\n<tr class=\"product--properties-row row20\">\n<td class=\"product--properties-label is--bold\"><span style=\"vertical-align: inherit;\"><span style=\"vertical-align: inherit;\">paire de roues\u00a0:<\/span><\/span><\/td>\n<td class=\"product--properties-value\"><span style=\"vertical-align: inherit;\"><span style=\"vertical-align: inherit;\">Newmen Advanced SL R.50\/65 Stream, Carbone<\/span><\/span><\/td>\n<\/tr>\n<tr class=\"product--properties-row row21\">\n<td class=\"product--properties-label is--bold\"><span style=\"vertical-align: inherit;\"><span style=\"vertical-align: inherit;\">P\u00e9dale:<\/span><\/span><\/td>\n<td class=\"product--properties-value\"><span style=\"vertical-align: inherit;\"><span style=\"vertical-align: inherit;\">non inclus dans la livraison<\/span><\/span><\/td>\n<\/tr>\n<tr class=\"product--properties-row row22\">\n<td class=\"product--properties-label is--bold\"><span style=\"vertical-align: inherit;\"><span style=\"vertical-align: inherit;\">Poids maximum autoris\u00e9\u00a0:<\/span><\/span><\/td>\n<td class=\"product--properties-value\"><span style=\"vertical-align: inherit;\"><span style=\"vertical-align: inherit;\">115 kg (poids corporel + v\u00e9lo + \u00e9quipement)<\/span><\/span><\/td>\n<\/tr>\n<tr class=\"product--properties-row row23\">\n<td class=\"product--properties-label is--bold\"><span style=\"vertical-align: inherit;\"><span style=\"vertical-align: inherit;\">Poids v\u00e9lo complet :<\/span><\/span><\/td>\n<td class=\"product--properties-value\"><span style=\"vertical-align: inherit;\"><span style=\"vertical-align: inherit;\">environ 7,6 kg<\/span><\/span><\/td>\n<\/tr>\n<\/tbody>\n<\/table>\n<\/div>","protected":false},"excerpt":{"rendered":"<div class=\"tab-menu--product js--tab-menu\">\n<div class=\"tab--container-list\">\n<div class=\"tab--container description has--content is--active\">\n<div class=\"tab--content box-description\">\n<div class=\"content--description\">\n<div class=\"ean-box\"><label><span style=\"vertical-align: inherit;\"><span style=\"vertical-align: inherit;\">Ann\u00e9e mod\u00e8le\u00a0: <\/span><\/span><span style=\"font-size: 16px;\"><span style=\"vertical-align: inherit;\"><span style=\"vertical-align: inherit;\">2022<\/span><\/span><\/span><\/label><\/div>\n<\/div>\n<\/div>\n<\/div>\n<\/div>\n<\/div>\n<div id=\"detail--product-reviews\" class=\"content--product-reviews 123\"><\/div>","protected":false},"featured_media":62221,"comment_status":"open","ping_status":"closed","template":"","meta":[],"product_brand":[],"product_cat":[36,129],"product_tag":[],"class_list":{"0":"post-41634","1":"product","2":"type-product","3":"status-publish","4":"has-post-thumbnail","6":"product_cat-fahrrad","7":"product_cat-rennrad","8":"pa_marke-cube","10":"first","11":"instock","12":"sale","13":"taxable","14":"shipping-taxable","15":"purchasable","16":"product-type-variable"},"yoast_head":"<!-- This site is optimized with the Yoast SEO Premium plugin v20.12 (Yoast SEO v27.1.1) - https:\/\/yoast.com\/product\/yoast-seo-premium-wordpress\/ -->\n<title>Cube Litening C:68X Race teamline<\/title>\n<meta name=\"description\" content=\"kgerad.de bietet Ihnen das Cube Litening C:68X Race teamline zum besten Preis mit kostenlosem Versand in ganz EuropaLitening Cube C:68X Race\" \/>\n<meta name=\"robots\" content=\"index, follow, max-snippet:-1, max-image-preview:large, max-video-preview:-1\" \/>\n<link rel=\"canonical\" href=\"https:\/\/kgerad.de\/en\/product\/cube-litening-c68x-race-teamline\/\" \/>\n<meta property=\"og:locale\" content=\"en_US\" \/>\n<meta property=\"og:type\" content=\"article\" \/>\n<meta property=\"og:title\" content=\"Cube Litening C:68X Race teamline\" \/>\n<meta property=\"og:description\" content=\"Entdecken Sie unseren Online-Fahrradladen: Gro\u00dfe Auswahl an Modellen f\u00fcr alle Radsportbegeisterten. Von Rennr\u00e4dern bis zu Mountainbikes - finden Sie heute Ihren perfekten Wegbegleiter!\" \/>\n<meta property=\"og:url\" content=\"https:\/\/kgerad.de\/en\/product\/cube-litening-c68x-race-teamline\/\" \/>\n<meta property=\"og:site_name\" content=\"kgerad.de\" \/>\n<meta property=\"article:modified_time\" content=\"2023-08-11T08:30:45+00:00\" \/>\n<meta property=\"og:image\" content=\"https:\/\/kgerad.de\/wp-content\/uploads\/2023\/06\/Cube-Litening-C68X-Race-teamline.jpg\" \/>\n\t<meta property=\"og:image:width\" content=\"800\" \/>\n\t<meta property=\"og:image:height\" content=\"487\" \/>\n\t<meta property=\"og:image:type\" content=\"image\/jpeg\" \/>\n<meta name=\"twitter:card\" content=\"summary_large_image\" \/>\n<meta name=\"twitter:label1\" content=\"Est. reading time\" \/>\n\t<meta name=\"twitter:data1\" content=\"3 minutes\" \/>\n<script type=\"application\/ld+json\" class=\"yoast-schema-graph\">{\"@context\":\"https:\/\/schema.org\",\"@graph\":[{\"@type\":\"WebPage\",\"@id\":\"https:\/\/kgerad.de\/produkt\/cube-litening-c68x-race-teamline\/\",\"url\":\"https:\/\/kgerad.de\/produkt\/cube-litening-c68x-race-teamline\/\",\"name\":\"Cube Litening C:68X Race teamline\",\"isPartOf\":{\"@id\":\"https:\/\/kgerad.de\/#website\"},\"primaryImageOfPage\":{\"@id\":\"https:\/\/kgerad.de\/produkt\/cube-litening-c68x-race-teamline\/#primaryimage\"},\"image\":{\"@id\":\"https:\/\/kgerad.de\/produkt\/cube-litening-c68x-race-teamline\/#primaryimage\"},\"thumbnailUrl\":\"https:\/\/kgerad.de\/wp-content\/uploads\/2023\/06\/Cube-Litening-C68X-Race-teamline.jpg\",\"datePublished\":\"2022-11-17T18:52:29+00:00\",\"dateModified\":\"2023-08-11T08:30:45+00:00\",\"description\":\"kgerad.de bietet Ihnen das Cube Litening C:68X Race teamline zum besten Preis mit kostenlosem Versand in ganz EuropaLitening Cube C:68X Race\",\"breadcrumb\":{\"@id\":\"https:\/\/kgerad.de\/produkt\/cube-litening-c68x-race-teamline\/#breadcrumb\"},\"inLanguage\":\"en-US\",\"potentialAction\":[{\"@type\":\"ReadAction\",\"target\":[\"https:\/\/kgerad.de\/produkt\/cube-litening-c68x-race-teamline\/\"]}]},{\"@type\":\"ImageObject\",\"inLanguage\":\"en-US\",\"@id\":\"https:\/\/kgerad.de\/produkt\/cube-litening-c68x-race-teamline\/#primaryimage\",\"url\":\"https:\/\/kgerad.de\/wp-content\/uploads\/2023\/06\/Cube-Litening-C68X-Race-teamline.jpg\",\"contentUrl\":\"https:\/\/kgerad.de\/wp-content\/uploads\/2023\/06\/Cube-Litening-C68X-Race-teamline.jpg\",\"width\":800,\"height\":487,\"caption\":\"Cube Litening C68X Race teamline\"},{\"@type\":\"BreadcrumbList\",\"@id\":\"https:\/\/kgerad.de\/produkt\/cube-litening-c68x-race-teamline\/#breadcrumb\",\"itemListElement\":[{\"@type\":\"ListItem\",\"position\":1,\"name\":\"Startseite\",\"item\":\"https:\/\/kgerad.de\/\"},{\"@type\":\"ListItem\",\"position\":2,\"name\":\"LADEN\",\"item\":\"https:\/\/kgerad.de\/laden\/\"},{\"@type\":\"ListItem\",\"position\":3,\"name\":\"Cube Litening C:68X Race teamline\"}]},{\"@type\":\"WebSite\",\"@id\":\"https:\/\/kgerad.de\/#website\",\"url\":\"https:\/\/kgerad.de\/\",\"name\":\"kgerad.de\",\"description\":\"Treten Sie mit uns ins Abenteuer!\",\"publisher\":{\"@id\":\"https:\/\/kgerad.de\/#organization\"},\"alternateName\":\"MEIN RADLADEN\",\"potentialAction\":[{\"@type\":\"SearchAction\",\"target\":{\"@type\":\"EntryPoint\",\"urlTemplate\":\"https:\/\/kgerad.de\/?s={search_term_string}\"},\"query-input\":{\"@type\":\"PropertyValueSpecification\",\"valueRequired\":true,\"valueName\":\"search_term_string\"}}],\"inLanguage\":\"en-US\"},{\"@type\":\"Organization\",\"@id\":\"https:\/\/kgerad.de\/#organization\",\"name\":\"MEINRADLADEN\",\"alternateName\":\"MEIN RADLADEN\",\"url\":\"https:\/\/kgerad.de\/\",\"logo\":{\"@type\":\"ImageObject\",\"inLanguage\":\"en-US\",\"@id\":\"https:\/\/kgerad.de\/#\/schema\/logo\/image\/\",\"url\":\"https:\/\/kgerad.de\/wp-content\/uploads\/2025\/07\/logo-Whit.svg\",\"contentUrl\":\"https:\/\/kgerad.de\/wp-content\/uploads\/2025\/07\/logo-Whit.svg\",\"width\":1640,\"height\":371,\"caption\":\"MEINRADLADEN\"},\"image\":{\"@id\":\"https:\/\/kgerad.de\/#\/schema\/logo\/image\/\"}}]}<\/script>\n<!-- \/ Yoast SEO Premium plugin. -->","yoast_head_json":{"title":"Cube Litening C:68X Race teamline","description":"kgerad.de bietet Ihnen das Cube Litening C:68X Race teamline zum besten Preis mit kostenlosem Versand in ganz EuropaLitening Cube C:68X Race","robots":{"index":"index","follow":"follow","max-snippet":"max-snippet:-1","max-image-preview":"max-image-preview:large","max-video-preview":"max-video-preview:-1"},"canonical":"https:\/\/kgerad.de\/en\/product\/cube-litening-c68x-race-teamline\/","og_locale":"en_US","og_type":"article","og_title":"Cube Litening C:68X Race teamline","og_description":"Entdecken Sie unseren Online-Fahrradladen: Gro\u00dfe Auswahl an Modellen f\u00fcr alle Radsportbegeisterten. Von Rennr\u00e4dern bis zu Mountainbikes - finden Sie heute Ihren perfekten Wegbegleiter!","og_url":"https:\/\/kgerad.de\/en\/product\/cube-litening-c68x-race-teamline\/","og_site_name":"kgerad.de","article_modified_time":"2023-08-11T08:30:45+00:00","og_image":[{"width":800,"height":487,"url":"https:\/\/kgerad.de\/wp-content\/uploads\/2023\/06\/Cube-Litening-C68X-Race-teamline.jpg","type":"image\/jpeg"}],"twitter_card":"summary_large_image","twitter_misc":{"Est. reading time":"3 minutes"},"schema":{"@context":"https:\/\/schema.org","@graph":[{"@type":"WebPage","@id":"https:\/\/kgerad.de\/produkt\/cube-litening-c68x-race-teamline\/","url":"https:\/\/kgerad.de\/produkt\/cube-litening-c68x-race-teamline\/","name":"Cube Litening C:68X Race teamline","isPartOf":{"@id":"https:\/\/kgerad.de\/#website"},"primaryImageOfPage":{"@id":"https:\/\/kgerad.de\/produkt\/cube-litening-c68x-race-teamline\/#primaryimage"},"image":{"@id":"https:\/\/kgerad.de\/produkt\/cube-litening-c68x-race-teamline\/#primaryimage"},"thumbnailUrl":"https:\/\/kgerad.de\/wp-content\/uploads\/2023\/06\/Cube-Litening-C68X-Race-teamline.jpg","datePublished":"2022-11-17T18:52:29+00:00","dateModified":"2023-08-11T08:30:45+00:00","description":"kgerad.de bietet Ihnen das Cube Litening C:68X Race teamline zum besten Preis mit kostenlosem Versand in ganz EuropaLitening Cube C:68X Race","breadcrumb":{"@id":"https:\/\/kgerad.de\/produkt\/cube-litening-c68x-race-teamline\/#breadcrumb"},"inLanguage":"en-US","potentialAction":[{"@type":"ReadAction","target":["https:\/\/kgerad.de\/produkt\/cube-litening-c68x-race-teamline\/"]}]},{"@type":"ImageObject","inLanguage":"en-US","@id":"https:\/\/kgerad.de\/produkt\/cube-litening-c68x-race-teamline\/#primaryimage","url":"https:\/\/kgerad.de\/wp-content\/uploads\/2023\/06\/Cube-Litening-C68X-Race-teamline.jpg","contentUrl":"https:\/\/kgerad.de\/wp-content\/uploads\/2023\/06\/Cube-Litening-C68X-Race-teamline.jpg","width":800,"height":487,"caption":"Cube Litening C68X Race teamline"},{"@type":"BreadcrumbList","@id":"https:\/\/kgerad.de\/produkt\/cube-litening-c68x-race-teamline\/#breadcrumb","itemListElement":[{"@type":"ListItem","position":1,"name":"Startseite","item":"https:\/\/kgerad.de\/"},{"@type":"ListItem","position":2,"name":"LADEN","item":"https:\/\/kgerad.de\/laden\/"},{"@type":"ListItem","position":3,"name":"Cube Litening C:68X Race teamline"}]},{"@type":"WebSite","@id":"https:\/\/kgerad.de\/#website","url":"https:\/\/kgerad.de\/","name":"kgerad.de","description":"Treten Sie mit uns ins Abenteuer!","publisher":{"@id":"https:\/\/kgerad.de\/#organization"},"alternateName":"MEIN RADLADEN","potentialAction":[{"@type":"SearchAction","target":{"@type":"EntryPoint","urlTemplate":"https:\/\/kgerad.de\/?s={search_term_string}"},"query-input":{"@type":"PropertyValueSpecification","valueRequired":true,"valueName":"search_term_string"}}],"inLanguage":"en-US"},{"@type":"Organization","@id":"https:\/\/kgerad.de\/#organization","name":"MEINRADLADEN","alternateName":"MEIN RADLADEN","url":"https:\/\/kgerad.de\/","logo":{"@type":"ImageObject","inLanguage":"en-US","@id":"https:\/\/kgerad.de\/#\/schema\/logo\/image\/","url":"https:\/\/kgerad.de\/wp-content\/uploads\/2025\/07\/logo-Whit.svg","contentUrl":"https:\/\/kgerad.de\/wp-content\/uploads\/2025\/07\/logo-Whit.svg","width":1640,"height":371,"caption":"MEINRADLADEN"},"image":{"@id":"https:\/\/kgerad.de\/#\/schema\/logo\/image\/"}}]}},"_links":{"self":[{"href":"https:\/\/kgerad.de\/en\/wp-json\/wp\/v2\/product\/41634","targetHints":{"allow":["GET"]}}],"collection":[{"href":"https:\/\/kgerad.de\/en\/wp-json\/wp\/v2\/product"}],"about":[{"href":"https:\/\/kgerad.de\/en\/wp-json\/wp\/v2\/types\/product"}],"replies":[{"embeddable":true,"href":"https:\/\/kgerad.de\/en\/wp-json\/wp\/v2\/comments?post=41634"}],"version-history":[{"count":1,"href":"https:\/\/kgerad.de\/en\/wp-json\/wp\/v2\/product\/41634\/revisions"}],"predecessor-version":[{"id":79432,"href":"https:\/\/kgerad.de\/en\/wp-json\/wp\/v2\/product\/41634\/revisions\/79432"}],"wp:featuredmedia":[{"embeddable":true,"href":"https:\/\/kgerad.de\/en\/wp-json\/wp\/v2\/media\/62221"}],"wp:attachment":[{"href":"https:\/\/kgerad.de\/en\/wp-json\/wp\/v2\/media?parent=41634"}],"wp:term":[{"taxonomy":"product_brand","embeddable":true,"href":"https:\/\/kgerad.de\/en\/wp-json\/wp\/v2\/product_brand?post=41634"},{"taxonomy":"product_cat","embeddable":true,"href":"https:\/\/kgerad.de\/en\/wp-json\/wp\/v2\/product_cat?post=41634"},{"taxonomy":"product_tag","embeddable":true,"href":"https:\/\/kgerad.de\/en\/wp-json\/wp\/v2\/product_tag?post=41634"}],"curies":[{"name":"wp","href":"https:\/\/api.w.org\/{rel}","templated":true}]}}