{"id":41624,"date":"2022-11-17T19:35:20","date_gmt":"2022-11-17T18:35:20","guid":{"rendered":"https:\/\/kgerad.de\/?post_type=product&#038;p=41624"},"modified":"2023-08-11T10:31:16","modified_gmt":"2023-08-11T08:31:16","slug":"wilier-garda-disc-carbon-ultegra-r8020","status":"publish","type":"product","link":"https:\/\/kgerad.de\/en\/product\/wilier-garda-disc-carbon-ultegra-r8020\/","title":{"rendered":"Wilier Garda Disc carbon Ultegra R8020"},"content":{"rendered":"<h2 class=\"content--title\"><strong>Wilier<\/strong>\u00a0Garda Disc carbon Ultegra R8020<\/h2>\n<p class=\"product--description\">Wilier Garda ist perfekt f\u00fcr diejenigen, die gerne stressfrei mit einem modernen Rad unterwegs sein m\u00f6chten. Mit Garda hat Wilier das Carbon-Rennrad neu konzipiert, indem die Kabelf\u00fchrung im Innern des Rahmens integriert und der Reifendurchgang auf 32 mm erh\u00f6ht wurde. Ein v\u00f6llig neues Projekt, das den Abschluss der Entwicklung von Stra\u00dfenr\u00e4dern mit vollst\u00e4ndiger Kabelintegration bildet. Ausgestattet mit der hochwertigen Shimano Ultegra Schalt- und Bremsgruppe, sowie dem Shimano WH-RS171 Laufradsatz.<\/p>\n<h2>Stressfreies Fahren: Wilier Garda Disc Carbon Ultegra R8020<\/h2>\n<p>Endurance bedeutet, viele Stunden im Sattel zu verbringen: unabh\u00e4ngig davon, ob man dies w\u00e4hrend der Trainingseinheiten oder aus reiner Freude am Fahren tut. Wichtig ist, dass in jedem Fall h\u00f6chster Komfort gew\u00e4hrleistet ist. Aus der Verbindung von Komfort und technologischen L\u00f6sungen, die f\u00fcr Amateure ohne Wettbewerbsambitionen konzipiert wurden, entstand Garda, ein Carbon-Rennrad, auf dem du viele Stunden stressfrei fahren kannst.<\/p>\n<hr \/>\n<h3>Highlights des Wilier Garda Disc Carbon<\/h3>\n<p><strong>Integration der Kabel<\/strong><br \/>\nDas Garda bietet die besten L\u00f6sungen, die f\u00fcr High-End-Carbon-Rennr\u00e4der entwickelt wurden: die spezielle Form des Stemma-S-Lenker-Vorbaus nimmt die Kabel vollst\u00e4ndig im Innern des Rahmens auf, um eine \u00e4sthetisch hochwertige Linienf\u00fchrung zu gew\u00e4hrleisten.<\/p>\n<p><strong>Gro\u00dfe Clearance<\/strong><br \/>\nDas Garda ist perfekt f\u00fcr jene, die mit einem modernen Rad unterwegs sein m\u00f6chten. Au\u00dferdem k\u00f6nnen bis zu 32mm breite Reifen aufgezogen werden, um dem Fahrer noch mehr Komfort und Fahrsicherheit zu bieten.<\/p>\n<p><strong>Scheibenbremsen<\/strong><br \/>\nDas Garda ist mit hochwertigen Shimano Ultegra BR-R8070 Scheibenbremsen ausgestattet. Au\u00dferdem sind vorne 160mm und hinten 140mm Bremsscheiben verbaut.<\/p>\n<p><strong>Leichter Carbonrahmen<\/strong><br \/>\nDas Gewicht des Rahmens betr\u00e4gt 1150g +\/- 5%. Das Gewicht bezieht sich auf den Rahmen in Gr\u00f6\u00dfe M, schwarz matt.<\/p>\n<p><strong>Vorbereitet f\u00fcr Triathlon Lenkeraufs\u00e4tze<\/strong><br \/>\nAm Lenker Barra S k\u00f6nnen Triathlon-Lenkeraufs\u00e4tze montiert werden.<\/p>\n<p><strong>Shimano WH-RS171 Laufradsatz<\/strong><br \/>\nShimano macht das Road-Erlebnis zu einer runden Sache! Der 28&#8243; WH-RS171 700C Laufradsatz mit 12 mm E-THRU Steckacksen,\u00a0 zeichnet sich durch ein optimales Verh\u00e4ltnis von Gewicht, Steifigkeit und Robustheit aus. Die 19C Breitprofil-Felge bietet eine bessere Leistung bei breiteren Reifen. Der Laufradsatz bietet ein zuverl\u00e4ssiges Scheibenbremssystem mit Center Lock Aufnahme. Felgen, Nabenk\u00f6rper bestehen aus Alumnium.<\/p>\n<h2>Ausstattung<\/h2>\n<div class=\"product--properties panel has--border\">\n<table class=\"product--properties-table\">\n<tbody>\n<tr class=\"product--properties-row row1\">\n<td class=\"product--properties-label is--bold\">Rahmen:<\/td>\n<td class=\"product--properties-value\">Garda Disc, Carbon Monocoque, (Frame size M: 1150 g +\/- 5%)<\/td>\n<\/tr>\n<tr class=\"product--properties-row row2\">\n<td class=\"product--properties-label is--bold\">Rahmenmaterial:<\/td>\n<td class=\"product--properties-value\">Carbon<\/td>\n<\/tr>\n<tr class=\"product--properties-row row3\">\n<td class=\"product--properties-label is--bold\">Laufradgr\u00f6\u00dfe:<\/td>\n<td class=\"product--properties-value\">28&#8243;<\/td>\n<\/tr>\n<tr class=\"product--properties-row row4\">\n<td class=\"product--properties-label is--bold\">Farbe:<\/td>\n<td class=\"product--properties-value\">black red<\/td>\n<\/tr>\n<tr class=\"product--properties-row row5\">\n<td class=\"product--properties-label is--bold\">Gabel:<\/td>\n<td class=\"product--properties-value\">Garda Disc, Carbon Monocoque, 370 g +\/- 5%<\/td>\n<\/tr>\n<tr class=\"product--properties-row row6\">\n<td class=\"product--properties-label is--bold\">Bremsen:<\/td>\n<td class=\"product--properties-value\">Shimano Ultegra BR-R8070<\/td>\n<\/tr>\n<tr class=\"product--properties-row row7\">\n<td class=\"product--properties-label is--bold\">Bremsscheiben:<\/td>\n<td class=\"product--properties-value\">Wilier 160 mm \/ 140 mm<\/td>\n<\/tr>\n<tr class=\"product--properties-row row8\">\n<td class=\"product--properties-label is--bold\">Steuersatz:<\/td>\n<td class=\"product--properties-value\">FSA CUSTOM BEARINGS<\/td>\n<\/tr>\n<tr class=\"product--properties-row row9\">\n<td class=\"product--properties-label is--bold\">Vorbau:<\/td>\n<td class=\"product--properties-value\">Wilier Stemma S, alu<\/td>\n<\/tr>\n<tr class=\"product--properties-row row10\">\n<td class=\"product--properties-label is--bold\">Lenker:<\/td>\n<td class=\"product--properties-value\">Wilier Barra S, alu<\/td>\n<\/tr>\n<tr class=\"product--properties-row row11\">\n<td class=\"product--properties-label is--bold\">Sattel:<\/td>\n<td class=\"product--properties-value\">Prologo Kappa-RS<\/td>\n<\/tr>\n<tr class=\"product--properties-row row12\">\n<td class=\"product--properties-label is--bold\">Sattelst\u00fctze:<\/td>\n<td class=\"product--properties-value\">Ritchey Comp 27,2mm, 2-bolt, alloy, black<\/td>\n<\/tr>\n<tr class=\"product--properties-row row13\">\n<td class=\"product--properties-label is--bold\">Kurbel:<\/td>\n<td class=\"product--properties-value\">Shimano Ultegra FC-R8000 11s 50-34T<\/td>\n<\/tr>\n<tr class=\"product--properties-row row14\">\n<td class=\"product--properties-label is--bold\">Tretlager\/Innenlager:<\/td>\n<td class=\"product--properties-value\">Shimano BB-RS500<\/td>\n<\/tr>\n<tr class=\"product--properties-row row15\">\n<td class=\"product--properties-label is--bold\">Schaltwerk:<\/td>\n<td class=\"product--properties-value\">Shimano Ultegra RD-R8000 11s<\/td>\n<\/tr>\n<\/tbody>\n<\/table>\n<table class=\"product--properties-table\">\n<tbody>\n<tr class=\"product--properties-row row16\">\n<td class=\"product--properties-label is--bold\">Schalthebel:<\/td>\n<td class=\"product--properties-value\">Shimano Ultegra ST-R8020, 2 x 11 speed<\/td>\n<\/tr>\n<tr class=\"product--properties-row row17\">\n<td class=\"product--properties-label is--bold\">Umwerfer:<\/td>\n<td class=\"product--properties-value\">Shimano Ultegra FD-R8000 11s<\/td>\n<\/tr>\n<tr class=\"product--properties-row row18\">\n<td class=\"product--properties-label is--bold\">Kassette:<\/td>\n<td class=\"product--properties-value\">Shimano Ultegra CS-R8000 11s, 11-30T<\/td>\n<\/tr>\n<tr class=\"product--properties-row row19\">\n<td class=\"product--properties-label is--bold\">Kette:<\/td>\n<td class=\"product--properties-value\">Shimano Ultegra CH-HG601 11s<\/td>\n<\/tr>\n<tr class=\"product--properties-row row20\">\n<td class=\"product--properties-label is--bold\">Reifen:<\/td>\n<td class=\"product--properties-value\">Vittoria Zaffiro Pro 5 G2.0 700&#215;28, black; Innertubes: Vittoria standard 700 20-28c<\/td>\n<\/tr>\n<tr class=\"product--properties-row row21\">\n<td class=\"product--properties-label is--bold\">Laufradsatz:<\/td>\n<td class=\"product--properties-value\">Shimano WH-RS171, Rim height: 19mm, Rim width: 24.6mm, Spokes: 28 (2-cross), freehub body: Shimano Road 10\/11-speed, brake type: Disc Center-Look, front: Thru axle 12&#215;100, rear: 12&#215;142<\/td>\n<\/tr>\n<tr class=\"product--properties-row row22\">\n<td class=\"product--properties-label is--bold\">Pedale:<\/td>\n<td class=\"product--properties-value\">nicht im Lieferumfang enthalten<\/td>\n<\/tr>\n<\/tbody>\n<\/table>\n<\/div>","protected":false},"excerpt":{"rendered":"<p>Wilier\u00a0Garda Disc carbon Ultegra R8020 Wilier Garda ist perfekt f\u00fcr diejenigen, die gerne stressfrei mit einem modernen Rad unterwegs sein<\/p>","protected":false},"featured_media":62215,"comment_status":"open","ping_status":"closed","template":"","meta":[],"product_brand":[],"product_cat":[36,129],"product_tag":[],"class_list":{"0":"post-41624","1":"product","2":"type-product","3":"status-publish","4":"has-post-thumbnail","6":"product_cat-fahrrad","7":"product_cat-rennrad","8":"pa_marke-wilier-triestina","10":"first","11":"instock","12":"taxable","13":"shipping-taxable","14":"purchasable","15":"product-type-variable"},"yoast_head":"<!-- This site is optimized with the Yoast SEO Premium plugin v20.12 (Yoast SEO v27.1.1) - https:\/\/yoast.com\/product\/yoast-seo-premium-wordpress\/ -->\n<title>Wilier Garda Disc carbon Ultegra R8020<\/title>\n<meta name=\"description\" content=\"kgerad.de bietet Ihnen das Wilier Garda Disc carbon Ultegra R8020 zum besten Preis mit kostenlosem Versand in ganz EuropaWilier GardaWilier Garda\" \/>\n<meta name=\"robots\" content=\"index, follow, max-snippet:-1, max-image-preview:large, max-video-preview:-1\" \/>\n<link rel=\"canonical\" href=\"https:\/\/kgerad.de\/en\/product\/wilier-garda-disc-carbon-ultegra-r8020\/\" \/>\n<meta property=\"og:locale\" content=\"en_US\" \/>\n<meta property=\"og:type\" content=\"article\" \/>\n<meta property=\"og:title\" content=\"Wilier Garda Disc carbon Ultegra R8020\" \/>\n<meta property=\"og:description\" content=\"Entdecken Sie unseren Online-Fahrradladen: Gro\u00dfe Auswahl an Modellen f\u00fcr alle Radsportbegeisterten. Von Rennr\u00e4dern bis zu Mountainbikes - finden Sie heute Ihren perfekten Wegbegleiter!\" \/>\n<meta property=\"og:url\" content=\"https:\/\/kgerad.de\/en\/product\/wilier-garda-disc-carbon-ultegra-r8020\/\" \/>\n<meta property=\"og:site_name\" content=\"kgerad.de\" \/>\n<meta property=\"article:modified_time\" content=\"2023-08-11T08:31:16+00:00\" \/>\n<meta property=\"og:image\" content=\"https:\/\/kgerad.de\/wp-content\/uploads\/2023\/06\/Wilier-Garda-Disc-carbon-Ultegra-R8020.jpg\" \/>\n\t<meta property=\"og:image:width\" content=\"800\" \/>\n\t<meta property=\"og:image:height\" content=\"474\" \/>\n\t<meta property=\"og:image:type\" content=\"image\/jpeg\" \/>\n<meta name=\"twitter:card\" content=\"summary_large_image\" \/>\n<meta name=\"twitter:label1\" content=\"Est. reading time\" \/>\n\t<meta name=\"twitter:data1\" content=\"3 minutes\" \/>\n<script type=\"application\/ld+json\" class=\"yoast-schema-graph\">{\"@context\":\"https:\/\/schema.org\",\"@graph\":[{\"@type\":\"WebPage\",\"@id\":\"https:\/\/kgerad.de\/produkt\/wilier-garda-disc-carbon-ultegra-r8020\/\",\"url\":\"https:\/\/kgerad.de\/produkt\/wilier-garda-disc-carbon-ultegra-r8020\/\",\"name\":\"Wilier Garda Disc carbon Ultegra R8020\",\"isPartOf\":{\"@id\":\"https:\/\/kgerad.de\/#website\"},\"primaryImageOfPage\":{\"@id\":\"https:\/\/kgerad.de\/produkt\/wilier-garda-disc-carbon-ultegra-r8020\/#primaryimage\"},\"image\":{\"@id\":\"https:\/\/kgerad.de\/produkt\/wilier-garda-disc-carbon-ultegra-r8020\/#primaryimage\"},\"thumbnailUrl\":\"https:\/\/kgerad.de\/wp-content\/uploads\/2023\/06\/Wilier-Garda-Disc-carbon-Ultegra-R8020.jpg\",\"datePublished\":\"2022-11-17T18:35:20+00:00\",\"dateModified\":\"2023-08-11T08:31:16+00:00\",\"description\":\"kgerad.de bietet Ihnen das Wilier Garda Disc carbon Ultegra R8020 zum besten Preis mit kostenlosem Versand in ganz EuropaWilier GardaWilier Garda\",\"breadcrumb\":{\"@id\":\"https:\/\/kgerad.de\/produkt\/wilier-garda-disc-carbon-ultegra-r8020\/#breadcrumb\"},\"inLanguage\":\"en-US\",\"potentialAction\":[{\"@type\":\"ReadAction\",\"target\":[\"https:\/\/kgerad.de\/produkt\/wilier-garda-disc-carbon-ultegra-r8020\/\"]}]},{\"@type\":\"ImageObject\",\"inLanguage\":\"en-US\",\"@id\":\"https:\/\/kgerad.de\/produkt\/wilier-garda-disc-carbon-ultegra-r8020\/#primaryimage\",\"url\":\"https:\/\/kgerad.de\/wp-content\/uploads\/2023\/06\/Wilier-Garda-Disc-carbon-Ultegra-R8020.jpg\",\"contentUrl\":\"https:\/\/kgerad.de\/wp-content\/uploads\/2023\/06\/Wilier-Garda-Disc-carbon-Ultegra-R8020.jpg\",\"width\":800,\"height\":474,\"caption\":\"Wilier Garda Disc carbon Ultegra R8020\"},{\"@type\":\"BreadcrumbList\",\"@id\":\"https:\/\/kgerad.de\/produkt\/wilier-garda-disc-carbon-ultegra-r8020\/#breadcrumb\",\"itemListElement\":[{\"@type\":\"ListItem\",\"position\":1,\"name\":\"Startseite\",\"item\":\"https:\/\/kgerad.de\/\"},{\"@type\":\"ListItem\",\"position\":2,\"name\":\"LADEN\",\"item\":\"https:\/\/kgerad.de\/laden\/\"},{\"@type\":\"ListItem\",\"position\":3,\"name\":\"Wilier Garda Disc carbon Ultegra R8020\"}]},{\"@type\":\"WebSite\",\"@id\":\"https:\/\/kgerad.de\/#website\",\"url\":\"https:\/\/kgerad.de\/\",\"name\":\"kgerad.de\",\"description\":\"Treten Sie mit uns ins Abenteuer!\",\"publisher\":{\"@id\":\"https:\/\/kgerad.de\/#organization\"},\"alternateName\":\"MEIN RADLADEN\",\"potentialAction\":[{\"@type\":\"SearchAction\",\"target\":{\"@type\":\"EntryPoint\",\"urlTemplate\":\"https:\/\/kgerad.de\/?s={search_term_string}\"},\"query-input\":{\"@type\":\"PropertyValueSpecification\",\"valueRequired\":true,\"valueName\":\"search_term_string\"}}],\"inLanguage\":\"en-US\"},{\"@type\":\"Organization\",\"@id\":\"https:\/\/kgerad.de\/#organization\",\"name\":\"MEINRADLADEN\",\"alternateName\":\"MEIN RADLADEN\",\"url\":\"https:\/\/kgerad.de\/\",\"logo\":{\"@type\":\"ImageObject\",\"inLanguage\":\"en-US\",\"@id\":\"https:\/\/kgerad.de\/#\/schema\/logo\/image\/\",\"url\":\"https:\/\/kgerad.de\/wp-content\/uploads\/2025\/07\/logo-Whit.svg\",\"contentUrl\":\"https:\/\/kgerad.de\/wp-content\/uploads\/2025\/07\/logo-Whit.svg\",\"width\":1640,\"height\":371,\"caption\":\"MEINRADLADEN\"},\"image\":{\"@id\":\"https:\/\/kgerad.de\/#\/schema\/logo\/image\/\"}}]}<\/script>\n<!-- \/ Yoast SEO Premium plugin. -->","yoast_head_json":{"title":"Wilier Garda Disc carbon Ultegra R8020","description":"kgerad.de bietet Ihnen das Wilier Garda Disc carbon Ultegra R8020 zum besten Preis mit kostenlosem Versand in ganz EuropaWilier GardaWilier Garda","robots":{"index":"index","follow":"follow","max-snippet":"max-snippet:-1","max-image-preview":"max-image-preview:large","max-video-preview":"max-video-preview:-1"},"canonical":"https:\/\/kgerad.de\/en\/product\/wilier-garda-disc-carbon-ultegra-r8020\/","og_locale":"en_US","og_type":"article","og_title":"Wilier Garda Disc carbon Ultegra R8020","og_description":"Entdecken Sie unseren Online-Fahrradladen: Gro\u00dfe Auswahl an Modellen f\u00fcr alle Radsportbegeisterten. Von Rennr\u00e4dern bis zu Mountainbikes - finden Sie heute Ihren perfekten Wegbegleiter!","og_url":"https:\/\/kgerad.de\/en\/product\/wilier-garda-disc-carbon-ultegra-r8020\/","og_site_name":"kgerad.de","article_modified_time":"2023-08-11T08:31:16+00:00","og_image":[{"width":800,"height":474,"url":"https:\/\/kgerad.de\/wp-content\/uploads\/2023\/06\/Wilier-Garda-Disc-carbon-Ultegra-R8020.jpg","type":"image\/jpeg"}],"twitter_card":"summary_large_image","twitter_misc":{"Est. reading time":"3 minutes"},"schema":{"@context":"https:\/\/schema.org","@graph":[{"@type":"WebPage","@id":"https:\/\/kgerad.de\/produkt\/wilier-garda-disc-carbon-ultegra-r8020\/","url":"https:\/\/kgerad.de\/produkt\/wilier-garda-disc-carbon-ultegra-r8020\/","name":"Wilier Garda Disc carbon Ultegra R8020","isPartOf":{"@id":"https:\/\/kgerad.de\/#website"},"primaryImageOfPage":{"@id":"https:\/\/kgerad.de\/produkt\/wilier-garda-disc-carbon-ultegra-r8020\/#primaryimage"},"image":{"@id":"https:\/\/kgerad.de\/produkt\/wilier-garda-disc-carbon-ultegra-r8020\/#primaryimage"},"thumbnailUrl":"https:\/\/kgerad.de\/wp-content\/uploads\/2023\/06\/Wilier-Garda-Disc-carbon-Ultegra-R8020.jpg","datePublished":"2022-11-17T18:35:20+00:00","dateModified":"2023-08-11T08:31:16+00:00","description":"kgerad.de bietet Ihnen das Wilier Garda Disc carbon Ultegra R8020 zum besten Preis mit kostenlosem Versand in ganz EuropaWilier GardaWilier Garda","breadcrumb":{"@id":"https:\/\/kgerad.de\/produkt\/wilier-garda-disc-carbon-ultegra-r8020\/#breadcrumb"},"inLanguage":"en-US","potentialAction":[{"@type":"ReadAction","target":["https:\/\/kgerad.de\/produkt\/wilier-garda-disc-carbon-ultegra-r8020\/"]}]},{"@type":"ImageObject","inLanguage":"en-US","@id":"https:\/\/kgerad.de\/produkt\/wilier-garda-disc-carbon-ultegra-r8020\/#primaryimage","url":"https:\/\/kgerad.de\/wp-content\/uploads\/2023\/06\/Wilier-Garda-Disc-carbon-Ultegra-R8020.jpg","contentUrl":"https:\/\/kgerad.de\/wp-content\/uploads\/2023\/06\/Wilier-Garda-Disc-carbon-Ultegra-R8020.jpg","width":800,"height":474,"caption":"Wilier Garda Disc carbon Ultegra R8020"},{"@type":"BreadcrumbList","@id":"https:\/\/kgerad.de\/produkt\/wilier-garda-disc-carbon-ultegra-r8020\/#breadcrumb","itemListElement":[{"@type":"ListItem","position":1,"name":"Startseite","item":"https:\/\/kgerad.de\/"},{"@type":"ListItem","position":2,"name":"LADEN","item":"https:\/\/kgerad.de\/laden\/"},{"@type":"ListItem","position":3,"name":"Wilier Garda Disc carbon Ultegra R8020"}]},{"@type":"WebSite","@id":"https:\/\/kgerad.de\/#website","url":"https:\/\/kgerad.de\/","name":"kgerad.de","description":"Treten Sie mit uns ins Abenteuer!","publisher":{"@id":"https:\/\/kgerad.de\/#organization"},"alternateName":"MEIN RADLADEN","potentialAction":[{"@type":"SearchAction","target":{"@type":"EntryPoint","urlTemplate":"https:\/\/kgerad.de\/?s={search_term_string}"},"query-input":{"@type":"PropertyValueSpecification","valueRequired":true,"valueName":"search_term_string"}}],"inLanguage":"en-US"},{"@type":"Organization","@id":"https:\/\/kgerad.de\/#organization","name":"MEINRADLADEN","alternateName":"MEIN RADLADEN","url":"https:\/\/kgerad.de\/","logo":{"@type":"ImageObject","inLanguage":"en-US","@id":"https:\/\/kgerad.de\/#\/schema\/logo\/image\/","url":"https:\/\/kgerad.de\/wp-content\/uploads\/2025\/07\/logo-Whit.svg","contentUrl":"https:\/\/kgerad.de\/wp-content\/uploads\/2025\/07\/logo-Whit.svg","width":1640,"height":371,"caption":"MEINRADLADEN"},"image":{"@id":"https:\/\/kgerad.de\/#\/schema\/logo\/image\/"}}]}},"_links":{"self":[{"href":"https:\/\/kgerad.de\/en\/wp-json\/wp\/v2\/product\/41624","targetHints":{"allow":["GET"]}}],"collection":[{"href":"https:\/\/kgerad.de\/en\/wp-json\/wp\/v2\/product"}],"about":[{"href":"https:\/\/kgerad.de\/en\/wp-json\/wp\/v2\/types\/product"}],"replies":[{"embeddable":true,"href":"https:\/\/kgerad.de\/en\/wp-json\/wp\/v2\/comments?post=41624"}],"version-history":[{"count":1,"href":"https:\/\/kgerad.de\/en\/wp-json\/wp\/v2\/product\/41624\/revisions"}],"predecessor-version":[{"id":79434,"href":"https:\/\/kgerad.de\/en\/wp-json\/wp\/v2\/product\/41624\/revisions\/79434"}],"wp:featuredmedia":[{"embeddable":true,"href":"https:\/\/kgerad.de\/en\/wp-json\/wp\/v2\/media\/62215"}],"wp:attachment":[{"href":"https:\/\/kgerad.de\/en\/wp-json\/wp\/v2\/media?parent=41624"}],"wp:term":[{"taxonomy":"product_brand","embeddable":true,"href":"https:\/\/kgerad.de\/en\/wp-json\/wp\/v2\/product_brand?post=41624"},{"taxonomy":"product_cat","embeddable":true,"href":"https:\/\/kgerad.de\/en\/wp-json\/wp\/v2\/product_cat?post=41624"},{"taxonomy":"product_tag","embeddable":true,"href":"https:\/\/kgerad.de\/en\/wp-json\/wp\/v2\/product_tag?post=41624"}],"curies":[{"name":"wp","href":"https:\/\/api.w.org\/{rel}","templated":true}]}}