{"id":41375,"date":"2022-11-16T13:58:16","date_gmt":"2022-11-16T12:58:16","guid":{"rendered":"https:\/\/kgerad.de\/?post_type=product&#038;p=41375"},"modified":"2023-08-11T10:35:56","modified_gmt":"2023-08-11T08:35:56","slug":"kreidler-vitality-eco-7-sport-diamant-blau","status":"publish","type":"product","link":"https:\/\/kgerad.de\/en\/product\/kreidler-vitality-eco-7-sport-diamant-blau\/","title":{"rendered":"Kreidler Vitality Eco 7 Sport Diamant blau"},"content":{"rendered":"<h2 class=\"product-name cyc-typo_display-3 cyc-margin_bottom-1 cyc-no-texttransform js-productName\">Kreidler Vitality Eco 7 Sport Diamant blau<\/h2>\n<p><b>Trekking Erlebnis plus E-Bike Fahrspa\u00df<\/b><br \/>\nKreidler Vitality Eco 7 Ausfahrten abseits des Asphalts? Sportliche Touren am Wochenende? Dann ist das Vitality Eco 7 Sport die perfekte Wahl f\u00fcr Ihr Abenteuer. Das in drei Rahmenformen erh\u00e4ltliche Trekking E-Bike \u00fcberzeugt nicht nur mit einer hochwertigen Gesamtausstattung, sondern auch mit einzigartigem Fahrvergn\u00fcgen.<\/p>\n<p>Der Mittelmotor der Bosch Performance Line wird durch einen vollintegrierten 500 Wh-Rahmenakku angetrieben und sorgt f\u00fcr jede Menge \u201eelektrischen R\u00fcckenwind\u201c. Das minimalistische Purion Display zeigt wichtige Infos auf einen Blick und l\u00e4sst sich per Daumenklick besonders einfach bedienen.<\/p>\n<p>Dank pr\u00e4ziser Schaltvorg\u00e4nge der Shimano Deore 10-Gang Schaltung und kraftvoller Bremsungen mit Scheibenbremsen von Tektro beh\u00e4lt man die volle Kontrolle \u00fcber das Vitality Eco 7 Sport. F\u00fcr Komfort sorgen eine Suntour-Federgabel, ein Sattel von Selle Royal und Griffe von Herrmans.<\/p>\n<h2 class=\"cyc-typo_display-2 pdp__headline\">Ausstattung<\/h2>\n<p>&nbsp;<\/p>\n<div class=\"widgetBoxBottomRound\">\n<div id=\"attributes\" class=\"ui-tabs-panel ui-widget-content ui-corner-bottom\" role=\"tabpanel\" aria-labelledby=\"ui-id-1\" aria-expanded=\"true\" aria-hidden=\"false\">\n<table class=\"attributes\">\n<tbody>\n<tr>\n<th id=\"attrTitle_1\"><strong>Gewicht<\/strong><\/th>\n<td id=\"attrValue_1\">25.40<\/td>\n<\/tr>\n<tr>\n<th id=\"attrTitle_2\"><strong>Farbe<\/strong><\/th>\n<td id=\"attrValue_2\">\n<p class=\"product-name cyc-typo_display-3 cyc-margin_bottom-1 cyc-no-texttransform js-productName\">blau<\/p>\n<\/td>\n<\/tr>\n<tr>\n<th id=\"attrTitle_3\"><strong>Rahmenform<\/strong><\/th>\n<td id=\"attrValue_3\">Diamant<\/td>\n<\/tr>\n<tr>\n<th id=\"attrTitle_4\"><strong>Durchmesser Scheibenbremse vorn<\/strong><\/th>\n<td id=\"attrValue_4\">180.00<\/td>\n<\/tr>\n<tr>\n<th id=\"attrTitle_5\"><strong>Durchmesser Scheibenbremse hinten<\/strong><\/th>\n<td id=\"attrValue_5\">160.00<\/td>\n<\/tr>\n<tr>\n<th id=\"attrTitle_6\"><strong>Federweg in mm<\/strong><\/th>\n<td id=\"attrValue_6\">65.00<\/td>\n<\/tr>\n<tr>\n<th id=\"attrTitle_7\"><strong>Ganganzahl<\/strong><\/th>\n<td id=\"attrValue_7\">10<\/td>\n<\/tr>\n<tr>\n<th id=\"attrTitle_8\"><strong>Gabelhersteller<\/strong><\/th>\n<td id=\"attrValue_8\">SR Suntour<\/td>\n<\/tr>\n<tr>\n<th id=\"attrTitle_9\"><strong>Motorposition<\/strong><\/th>\n<td id=\"attrValue_9\">Mittelmotor<\/td>\n<\/tr>\n<tr>\n<th id=\"attrTitle_10\"><strong>Schaltart<\/strong><\/th>\n<td id=\"attrValue_10\">Kettenschaltung<\/td>\n<\/tr>\n<tr>\n<th id=\"attrTitle_11\"><strong>Federung<\/strong><\/th>\n<td id=\"attrValue_11\">stahlgefedert<\/td>\n<\/tr>\n<tr>\n<th id=\"attrTitle_12\"><strong>Akkuposition<\/strong><\/th>\n<td id=\"attrValue_12\">intube<\/td>\n<\/tr>\n<tr>\n<th id=\"attrTitle_13\"><strong>Bremssystem<\/strong><\/th>\n<td id=\"attrValue_13\">Scheibenbremse<\/td>\n<\/tr>\n<tr>\n<th id=\"attrTitle_14\"><strong>Rahmenmaterial<\/strong><\/th>\n<td id=\"attrValue_14\">Aluminium<\/td>\n<\/tr>\n<tr>\n<th id=\"attrTitle_15\"><strong>Schaltung<\/strong><\/th>\n<td id=\"attrValue_15\">Tektro HD-M275 (160 mm)<\/td>\n<\/tr>\n<tr>\n<th id=\"attrTitle_16\"><strong>Beleuchtung<\/strong><\/th>\n<td id=\"attrValue_16\">Herrmans MR Go, 30 LUX mit Standlicht<\/td>\n<\/tr>\n<tr>\n<th id=\"attrTitle_17\"><strong>Motorart<\/strong><\/th>\n<td id=\"attrValue_17\">Bosch Performance, Gen.3, 36 Mittelmotor, 250 Watt<\/td>\n<\/tr>\n<tr>\n<th id=\"attrTitle_18\"><strong>Sattelst\u00fctze<\/strong><\/th>\n<td id=\"attrValue_18\">Humpert Ergotec Atar, patent, 31,6 mm, 300 mm<\/td>\n<\/tr>\n<tr>\n<th id=\"attrTitle_19\"><strong>Naben<\/strong><\/th>\n<td id=\"attrValue_19\">Shimano HB-TX506, Shimano FH-TX506<\/td>\n<\/tr>\n<tr>\n<th id=\"attrTitle_20\"><strong>Zahnkr\u00e4nze<\/strong><\/th>\n<td id=\"attrValue_20\">Shimano Deore CS-HG500, 11-42 Z\u00e4hne<\/td>\n<\/tr>\n<tr>\n<th id=\"attrTitle_21\"><strong>Schalthebel<\/strong><\/th>\n<td id=\"attrValue_21\">Shimano Deore SL-M4100<\/td>\n<\/tr>\n<tr>\n<th id=\"attrTitle_22\"><strong>Schutzbleche<\/strong><\/th>\n<td id=\"attrValue_22\">SKS Kunststoff<\/td>\n<\/tr>\n<tr>\n<th id=\"attrTitle_23\"><strong>Lenker<\/strong><\/th>\n<td id=\"attrValue_23\">Promax HB-3188, 640 mm<\/td>\n<\/tr>\n<tr>\n<th id=\"attrTitle_24\"><strong>Gabel<\/strong><\/th>\n<td id=\"attrValue_24\">Suntour NEX, 28&#8243; Aluminium<\/td>\n<\/tr>\n<tr>\n<th id=\"attrTitle_25\"><strong>Pedale<\/strong><\/th>\n<td id=\"attrValue_25\">Marwi SP-823<\/td>\n<\/tr>\n<tr>\n<th id=\"attrTitle_26\"><strong>Kette<\/strong><\/th>\n<td id=\"attrValue_26\">KMC E10 Sport EPT<\/td>\n<\/tr>\n<tr>\n<th id=\"attrTitle_27\"><strong>Bremshebel<\/strong><\/th>\n<td id=\"attrValue_27\">Tektro HD-M275<\/td>\n<\/tr>\n<tr>\n<th id=\"attrTitle_28\"><strong>Speichen<\/strong><\/th>\n<td id=\"attrValue_28\">2,0 mm, schwarz<\/td>\n<\/tr>\n<tr>\n<th id=\"attrTitle_29\"><strong>Gep\u00e4cktr\u00e4ger<\/strong><\/th>\n<td id=\"attrValue_29\">Racktime Stand-it, strebenlos, mit Federklappe<\/td>\n<\/tr>\n<tr>\n<th id=\"attrTitle_30\"><strong>Griffe<\/strong><\/th>\n<td id=\"attrValue_30\">Herrmans DD37, mit Schraubklemmung<\/td>\n<\/tr>\n<tr>\n<th id=\"attrTitle_31\"><strong>Kurbelsatz<\/strong><\/th>\n<td id=\"attrValue_31\">Miranda Aluminium, 170 mm<\/td>\n<\/tr>\n<tr>\n<th id=\"attrTitle_32\"><strong>R\u00fcckleuchte<\/strong><\/th>\n<td id=\"attrValue_32\">Herrmans H-Trace, mit Standlicht<\/td>\n<\/tr>\n<tr>\n<th id=\"attrTitle_33\"><strong>Steuersatz<\/strong><\/th>\n<td id=\"attrValue_33\">Chin Haur, tapered 1 1\/8\u201d \u2013 1,5\u201d semi-integriert<\/td>\n<\/tr>\n<tr>\n<th id=\"attrTitle_34\"><strong>Sattel<\/strong><\/th>\n<td id=\"attrValue_34\">Selle Royal Milo Plus<\/td>\n<\/tr>\n<tr>\n<th id=\"attrTitle_35\"><strong>Felgen<\/strong><\/th>\n<td id=\"attrValue_35\">Sch\u00fcrmann YAK19 Disc Aluminium Hohlkammer<\/td>\n<\/tr>\n<tr>\n<th id=\"attrTitle_36\"><strong>Display<\/strong><\/th>\n<td id=\"attrValue_36\">Purion<\/td>\n<\/tr>\n<tr>\n<th id=\"attrTitle_37\"><strong>St\u00e4nder<\/strong><\/th>\n<td id=\"attrValue_37\">Pletscher Comp Flex, Hinterbaust\u00e4nder<\/td>\n<\/tr>\n<tr>\n<th id=\"attrTitle_38\"><strong>Vorbau<\/strong><\/th>\n<td id=\"attrValue_38\">a-head, winkelverstellbar, Aluminium 31,8mm<\/td>\n<\/tr>\n<tr>\n<th id=\"attrTitle_39\"><strong>Akkuleistung (Wh)<\/strong><\/th>\n<td id=\"attrValue_39\">500<\/td>\n<\/tr>\n<tr>\n<th id=\"attrTitle_40\"><strong>Akku<\/strong><\/th>\n<td id=\"attrValue_40\">Bosch Rahmenakku vollintegriert, Lithium Ionen<\/td>\n<\/tr>\n<tr>\n<th id=\"attrTitle_41\"><strong>Modelljahr<\/strong><\/th>\n<td id=\"attrValue_41\">2022<\/td>\n<\/tr>\n<tr>\n<th id=\"attrTitle_42\"><strong>Kategorie<\/strong><\/th>\n<td id=\"attrValue_42\">E-Bikes \/ Pedelecs \/ Trekking\/Touren<\/td>\n<\/tr>\n<tr>\n<th id=\"attrTitle_43\"><strong>Zustand<\/strong><\/th>\n<td id=\"attrValue_43\">neu<\/td>\n<\/tr>\n<\/tbody>\n<\/table>\n<\/div>\n<\/div>","protected":false},"excerpt":{"rendered":"<p>Kreidler Vitality Eco 7 Sport Diamant blau Trekking Erlebnis plus E-Bike Fahrspa\u00df Kreidler Vitality Eco 7 Ausfahrten abseits des Asphalts?<\/p>","protected":false},"featured_media":62165,"comment_status":"open","ping_status":"closed","template":"","meta":[],"product_brand":[],"product_cat":[33,247,35],"product_tag":[],"class_list":{"0":"post-41375","1":"product","2":"type-product","3":"status-publish","4":"has-post-thumbnail","6":"product_cat-e-bike","7":"product_cat-e-bike-trekking","8":"product_cat-e-bikes-2022","9":"pa_marke-kreidler","11":"first","12":"instock","13":"sale","14":"taxable","15":"shipping-taxable","16":"purchasable","17":"product-type-variable"},"yoast_head":"<!-- This site is optimized with the Yoast SEO Premium plugin v20.12 (Yoast SEO v27.1.1) - https:\/\/yoast.com\/product\/yoast-seo-premium-wordpress\/ -->\n<title>Kreidler Vitality Eco 7 Sport Diamant blau<\/title>\n<meta name=\"description\" content=\"Entdecken Sie unseren Online-Fahrradladen: Gro\u00dfe Auswahl an Modellen f\u00fcr alle Radsportbegeisterten. Von Rennr\u00e4dern bis zu Mountainbikes - finden Sie heute Ihren perfekten Wegbegleiter!\" \/>\n<meta name=\"robots\" content=\"index, follow, max-snippet:-1, max-image-preview:large, max-video-preview:-1\" \/>\n<link rel=\"canonical\" href=\"https:\/\/kgerad.de\/en\/product\/kreidler-vitality-eco-7-sport-diamant-blau\/\" \/>\n<meta property=\"og:locale\" content=\"en_US\" \/>\n<meta property=\"og:type\" content=\"article\" \/>\n<meta property=\"og:title\" content=\"Kreidler Vitality Eco 7 Sport Diamant blau\" \/>\n<meta property=\"og:description\" content=\"Entdecken Sie unseren Online-Fahrradladen: Gro\u00dfe Auswahl an Modellen f\u00fcr alle Radsportbegeisterten. Von Rennr\u00e4dern bis zu Mountainbikes - finden Sie heute Ihren perfekten Wegbegleiter!\" \/>\n<meta property=\"og:url\" content=\"https:\/\/kgerad.de\/en\/product\/kreidler-vitality-eco-7-sport-diamant-blau\/\" \/>\n<meta property=\"og:site_name\" content=\"kgerad.de\" \/>\n<meta property=\"article:modified_time\" content=\"2023-08-11T08:35:56+00:00\" \/>\n<meta property=\"og:image\" content=\"https:\/\/kgerad.de\/wp-content\/uploads\/2023\/06\/kreidler-vitality-eco-7-sport-diamond-blue-matt-1.jpg\" \/>\n\t<meta property=\"og:image:width\" content=\"2400\" \/>\n\t<meta property=\"og:image:height\" content=\"2400\" \/>\n\t<meta property=\"og:image:type\" content=\"image\/jpeg\" \/>\n<meta name=\"twitter:card\" content=\"summary_large_image\" \/>\n<meta name=\"twitter:label1\" content=\"Est. reading time\" \/>\n\t<meta name=\"twitter:data1\" content=\"2 minutes\" \/>\n<script type=\"application\/ld+json\" class=\"yoast-schema-graph\">{\"@context\":\"https:\/\/schema.org\",\"@graph\":[{\"@type\":\"WebPage\",\"@id\":\"https:\/\/kgerad.de\/produkt\/kreidler-vitality-eco-7-sport-diamant-blau\/\",\"url\":\"https:\/\/kgerad.de\/produkt\/kreidler-vitality-eco-7-sport-diamant-blau\/\",\"name\":\"Kreidler Vitality Eco 7 Sport Diamant blau\",\"isPartOf\":{\"@id\":\"https:\/\/kgerad.de\/#website\"},\"primaryImageOfPage\":{\"@id\":\"https:\/\/kgerad.de\/produkt\/kreidler-vitality-eco-7-sport-diamant-blau\/#primaryimage\"},\"image\":{\"@id\":\"https:\/\/kgerad.de\/produkt\/kreidler-vitality-eco-7-sport-diamant-blau\/#primaryimage\"},\"thumbnailUrl\":\"https:\/\/kgerad.de\/wp-content\/uploads\/2023\/06\/kreidler-vitality-eco-7-sport-diamond-blue-matt-1.jpg\",\"datePublished\":\"2022-11-16T12:58:16+00:00\",\"dateModified\":\"2023-08-11T08:35:56+00:00\",\"description\":\"Entdecken Sie unseren Online-Fahrradladen: Gro\u00dfe Auswahl an Modellen f\u00fcr alle Radsportbegeisterten. Von Rennr\u00e4dern bis zu Mountainbikes - finden Sie heute Ihren perfekten Wegbegleiter!\",\"breadcrumb\":{\"@id\":\"https:\/\/kgerad.de\/produkt\/kreidler-vitality-eco-7-sport-diamant-blau\/#breadcrumb\"},\"inLanguage\":\"en-US\",\"potentialAction\":[{\"@type\":\"ReadAction\",\"target\":[\"https:\/\/kgerad.de\/produkt\/kreidler-vitality-eco-7-sport-diamant-blau\/\"]}]},{\"@type\":\"ImageObject\",\"inLanguage\":\"en-US\",\"@id\":\"https:\/\/kgerad.de\/produkt\/kreidler-vitality-eco-7-sport-diamant-blau\/#primaryimage\",\"url\":\"https:\/\/kgerad.de\/wp-content\/uploads\/2023\/06\/kreidler-vitality-eco-7-sport-diamond-blue-matt-1.jpg\",\"contentUrl\":\"https:\/\/kgerad.de\/wp-content\/uploads\/2023\/06\/kreidler-vitality-eco-7-sport-diamond-blue-matt-1.jpg\",\"width\":2400,\"height\":2400,\"caption\":\"Kreidler Vitality Eco 7 Sport Diamant blau\"},{\"@type\":\"BreadcrumbList\",\"@id\":\"https:\/\/kgerad.de\/produkt\/kreidler-vitality-eco-7-sport-diamant-blau\/#breadcrumb\",\"itemListElement\":[{\"@type\":\"ListItem\",\"position\":1,\"name\":\"Startseite\",\"item\":\"https:\/\/kgerad.de\/\"},{\"@type\":\"ListItem\",\"position\":2,\"name\":\"LADEN\",\"item\":\"https:\/\/kgerad.de\/laden\/\"},{\"@type\":\"ListItem\",\"position\":3,\"name\":\"Kreidler Vitality Eco 7 Sport Diamant blau\"}]},{\"@type\":\"WebSite\",\"@id\":\"https:\/\/kgerad.de\/#website\",\"url\":\"https:\/\/kgerad.de\/\",\"name\":\"kgerad.de\",\"description\":\"Treten Sie mit uns ins Abenteuer!\",\"publisher\":{\"@id\":\"https:\/\/kgerad.de\/#organization\"},\"alternateName\":\"MEIN RADLADEN\",\"potentialAction\":[{\"@type\":\"SearchAction\",\"target\":{\"@type\":\"EntryPoint\",\"urlTemplate\":\"https:\/\/kgerad.de\/?s={search_term_string}\"},\"query-input\":{\"@type\":\"PropertyValueSpecification\",\"valueRequired\":true,\"valueName\":\"search_term_string\"}}],\"inLanguage\":\"en-US\"},{\"@type\":\"Organization\",\"@id\":\"https:\/\/kgerad.de\/#organization\",\"name\":\"MEINRADLADEN\",\"alternateName\":\"MEIN RADLADEN\",\"url\":\"https:\/\/kgerad.de\/\",\"logo\":{\"@type\":\"ImageObject\",\"inLanguage\":\"en-US\",\"@id\":\"https:\/\/kgerad.de\/#\/schema\/logo\/image\/\",\"url\":\"https:\/\/kgerad.de\/wp-content\/uploads\/2025\/07\/logo-Whit.svg\",\"contentUrl\":\"https:\/\/kgerad.de\/wp-content\/uploads\/2025\/07\/logo-Whit.svg\",\"width\":1640,\"height\":371,\"caption\":\"MEINRADLADEN\"},\"image\":{\"@id\":\"https:\/\/kgerad.de\/#\/schema\/logo\/image\/\"}}]}<\/script>\n<!-- \/ Yoast SEO Premium plugin. -->","yoast_head_json":{"title":"Kreidler Vitality Eco 7 Sport Diamant blau","description":"Entdecken Sie unseren Online-Fahrradladen: Gro\u00dfe Auswahl an Modellen f\u00fcr alle Radsportbegeisterten. Von Rennr\u00e4dern bis zu Mountainbikes - finden Sie heute Ihren perfekten Wegbegleiter!","robots":{"index":"index","follow":"follow","max-snippet":"max-snippet:-1","max-image-preview":"max-image-preview:large","max-video-preview":"max-video-preview:-1"},"canonical":"https:\/\/kgerad.de\/en\/product\/kreidler-vitality-eco-7-sport-diamant-blau\/","og_locale":"en_US","og_type":"article","og_title":"Kreidler Vitality Eco 7 Sport Diamant blau","og_description":"Entdecken Sie unseren Online-Fahrradladen: Gro\u00dfe Auswahl an Modellen f\u00fcr alle Radsportbegeisterten. Von Rennr\u00e4dern bis zu Mountainbikes - finden Sie heute Ihren perfekten Wegbegleiter!","og_url":"https:\/\/kgerad.de\/en\/product\/kreidler-vitality-eco-7-sport-diamant-blau\/","og_site_name":"kgerad.de","article_modified_time":"2023-08-11T08:35:56+00:00","og_image":[{"width":2400,"height":2400,"url":"https:\/\/kgerad.de\/wp-content\/uploads\/2023\/06\/kreidler-vitality-eco-7-sport-diamond-blue-matt-1.jpg","type":"image\/jpeg"}],"twitter_card":"summary_large_image","twitter_misc":{"Est. reading time":"2 minutes"},"schema":{"@context":"https:\/\/schema.org","@graph":[{"@type":"WebPage","@id":"https:\/\/kgerad.de\/produkt\/kreidler-vitality-eco-7-sport-diamant-blau\/","url":"https:\/\/kgerad.de\/produkt\/kreidler-vitality-eco-7-sport-diamant-blau\/","name":"Kreidler Vitality Eco 7 Sport Diamant blau","isPartOf":{"@id":"https:\/\/kgerad.de\/#website"},"primaryImageOfPage":{"@id":"https:\/\/kgerad.de\/produkt\/kreidler-vitality-eco-7-sport-diamant-blau\/#primaryimage"},"image":{"@id":"https:\/\/kgerad.de\/produkt\/kreidler-vitality-eco-7-sport-diamant-blau\/#primaryimage"},"thumbnailUrl":"https:\/\/kgerad.de\/wp-content\/uploads\/2023\/06\/kreidler-vitality-eco-7-sport-diamond-blue-matt-1.jpg","datePublished":"2022-11-16T12:58:16+00:00","dateModified":"2023-08-11T08:35:56+00:00","description":"Entdecken Sie unseren Online-Fahrradladen: Gro\u00dfe Auswahl an Modellen f\u00fcr alle Radsportbegeisterten. Von Rennr\u00e4dern bis zu Mountainbikes - finden Sie heute Ihren perfekten Wegbegleiter!","breadcrumb":{"@id":"https:\/\/kgerad.de\/produkt\/kreidler-vitality-eco-7-sport-diamant-blau\/#breadcrumb"},"inLanguage":"en-US","potentialAction":[{"@type":"ReadAction","target":["https:\/\/kgerad.de\/produkt\/kreidler-vitality-eco-7-sport-diamant-blau\/"]}]},{"@type":"ImageObject","inLanguage":"en-US","@id":"https:\/\/kgerad.de\/produkt\/kreidler-vitality-eco-7-sport-diamant-blau\/#primaryimage","url":"https:\/\/kgerad.de\/wp-content\/uploads\/2023\/06\/kreidler-vitality-eco-7-sport-diamond-blue-matt-1.jpg","contentUrl":"https:\/\/kgerad.de\/wp-content\/uploads\/2023\/06\/kreidler-vitality-eco-7-sport-diamond-blue-matt-1.jpg","width":2400,"height":2400,"caption":"Kreidler Vitality Eco 7 Sport Diamant blau"},{"@type":"BreadcrumbList","@id":"https:\/\/kgerad.de\/produkt\/kreidler-vitality-eco-7-sport-diamant-blau\/#breadcrumb","itemListElement":[{"@type":"ListItem","position":1,"name":"Startseite","item":"https:\/\/kgerad.de\/"},{"@type":"ListItem","position":2,"name":"LADEN","item":"https:\/\/kgerad.de\/laden\/"},{"@type":"ListItem","position":3,"name":"Kreidler Vitality Eco 7 Sport Diamant blau"}]},{"@type":"WebSite","@id":"https:\/\/kgerad.de\/#website","url":"https:\/\/kgerad.de\/","name":"kgerad.de","description":"Treten Sie mit uns ins Abenteuer!","publisher":{"@id":"https:\/\/kgerad.de\/#organization"},"alternateName":"MEIN RADLADEN","potentialAction":[{"@type":"SearchAction","target":{"@type":"EntryPoint","urlTemplate":"https:\/\/kgerad.de\/?s={search_term_string}"},"query-input":{"@type":"PropertyValueSpecification","valueRequired":true,"valueName":"search_term_string"}}],"inLanguage":"en-US"},{"@type":"Organization","@id":"https:\/\/kgerad.de\/#organization","name":"MEINRADLADEN","alternateName":"MEIN RADLADEN","url":"https:\/\/kgerad.de\/","logo":{"@type":"ImageObject","inLanguage":"en-US","@id":"https:\/\/kgerad.de\/#\/schema\/logo\/image\/","url":"https:\/\/kgerad.de\/wp-content\/uploads\/2025\/07\/logo-Whit.svg","contentUrl":"https:\/\/kgerad.de\/wp-content\/uploads\/2025\/07\/logo-Whit.svg","width":1640,"height":371,"caption":"MEINRADLADEN"},"image":{"@id":"https:\/\/kgerad.de\/#\/schema\/logo\/image\/"}}]}},"_links":{"self":[{"href":"https:\/\/kgerad.de\/en\/wp-json\/wp\/v2\/product\/41375","targetHints":{"allow":["GET"]}}],"collection":[{"href":"https:\/\/kgerad.de\/en\/wp-json\/wp\/v2\/product"}],"about":[{"href":"https:\/\/kgerad.de\/en\/wp-json\/wp\/v2\/types\/product"}],"replies":[{"embeddable":true,"href":"https:\/\/kgerad.de\/en\/wp-json\/wp\/v2\/comments?post=41375"}],"version-history":[{"count":1,"href":"https:\/\/kgerad.de\/en\/wp-json\/wp\/v2\/product\/41375\/revisions"}],"predecessor-version":[{"id":79450,"href":"https:\/\/kgerad.de\/en\/wp-json\/wp\/v2\/product\/41375\/revisions\/79450"}],"wp:featuredmedia":[{"embeddable":true,"href":"https:\/\/kgerad.de\/en\/wp-json\/wp\/v2\/media\/62165"}],"wp:attachment":[{"href":"https:\/\/kgerad.de\/en\/wp-json\/wp\/v2\/media?parent=41375"}],"wp:term":[{"taxonomy":"product_brand","embeddable":true,"href":"https:\/\/kgerad.de\/en\/wp-json\/wp\/v2\/product_brand?post=41375"},{"taxonomy":"product_cat","embeddable":true,"href":"https:\/\/kgerad.de\/en\/wp-json\/wp\/v2\/product_cat?post=41375"},{"taxonomy":"product_tag","embeddable":true,"href":"https:\/\/kgerad.de\/en\/wp-json\/wp\/v2\/product_tag?post=41375"}],"curies":[{"name":"wp","href":"https:\/\/api.w.org\/{rel}","templated":true}]}}