{"id":41326,"date":"2022-11-15T18:07:21","date_gmt":"2022-11-15T17:07:21","guid":{"rendered":"https:\/\/kgerad.de\/?post_type=product&#038;p=41326"},"modified":"2023-08-11T10:42:33","modified_gmt":"2023-08-11T08:42:33","slug":"giant-explr-e-1-pro-gts-braun","status":"publish","type":"product","link":"https:\/\/kgerad.de\/en\/product\/giant-explr-e-1-pro-gts-braun\/","title":{"rendered":"Giant Explr E+ 1 Pro GTS braun"},"content":{"rendered":"<h2 class=\"product-name cyc-typo_display-3 cyc-margin_bottom-1 cyc-no-texttransform js-productName\">Giant Explr E+ 1 Pro GTS braun<\/h2>\n<p>Ob durch die Stadt oder \u00fcber holprige Seitenstra\u00dfen: dieses vielseitige E-Bike Giant Explr E+ 1 Pro sorgt daf\u00fcr, dass du jede Fahrt genie\u00dfen wirst. Das Explore E+ Pro kombiniert urbanen Fahrstil mit vielseitiger Allround-Performance.<\/p>\n<p>Das Explore E+ Pro kommt mit einem AluxX SL Aluminium-Rahmen und dem SyncDrive Pro, powered by Yamaha, Motor. Diese Einheit liefert ein gro\u00dfartiges Handling und eine geschmeidige Beschleunigung &#8211; egal in welchem Zustand sich die Stra\u00dfe befindet, auf der man gerade f\u00e4hrt. Die Unterst\u00fctzungsstufen kann der Fahrer so anpassen, wie sie f\u00fcr ihn am besten funktionieren &#8211; und dies bis zu einer maximalen Unterst\u00fctzung von 360% seiner Muskelkraft. Breite Reifen sorgen f\u00fcr Komfort und Stabilit\u00e4t und machen das Explore E+ Pro zum perfekten Bike f\u00fcr Entdecker auf der Suche nach neuen Routen. Das RideDash Evo Display mit der M\u00f6glichkeit, Navigationshinweise vom Smartphone zu empfangen und anzuzeigen, hilft dem Fahrer, seinen Weg zu finden. Mit seinem Fokus auf Anpassungsf\u00e4higkeit gibt das Explore E+ Pro seinem Fahrer die Freiheit, \u00fcberall hinzufahren, wo er m\u00f6chte.<\/p>\n<p><b>Gleichm\u00e4\u00dfige, kraftvolle Motorunterst\u00fctzung<\/b><br \/>\nDer SyncDrive Pro Motor arbeitet mit einem maximalen Drehmoment von 80 Nm und einstellbaren Unterst\u00fctzungsstufen bis zu 360%. Der SmartAssist Automatik-Modus bietet eine gleichm\u00e4\u00dfige Pedalunterst\u00fctzung, die sofort bereitsteht sobald man in die Pedale tritt. Eine Motorunterst\u00fctzung genau so wie man sie braucht und eine gleichm\u00e4\u00dfige Beschleunigung sind das Resultat.<\/p>\n<p><b>Navigation<\/b><br \/>\nDas RideDash EVO Display mit OnBoard-Navigation \u00fcber die RideControl App sorgt daf\u00fcr, dass du zuverl\u00e4ssig an deinem Ziel ankommst.<\/p>\n<p><b>Integrierte Ausstattungsmerkmale<\/b><br \/>\nVom RideDash Evo Display \u00fcber die integrierten Radsch\u00fctzer, dem stabilen Gep\u00e4cktr\u00e4ger bis hin zur Beleuchtung und schlie\u00dflich dem ebenfalls integrierten Seitenst\u00e4nder &#8211; das Explore E+ Pro bietet alles was du f\u00fcr deine allt\u00e4glichen Trips oder Wochenend-Ausfl\u00fcge brauchst.<\/p>\n<h2 class=\"cyc-typo_display-2 pdp__headline\">Ausstattung<\/h2>\n<div class=\"widgetBoxBottomRound\">\n<div id=\"attributes\" class=\"ui-tabs-panel ui-widget-content ui-corner-bottom\" role=\"tabpanel\" aria-labelledby=\"ui-id-1\" aria-expanded=\"true\" aria-hidden=\"false\">\n<table class=\"attributes\">\n<tbody>\n<tr>\n<th id=\"attrTitle_1\"><strong>Rahmenform<\/strong><\/th>\n<td id=\"attrValue_1\">\n<p class=\"product-name cyc-typo_display-3 cyc-margin_bottom-1 cyc-no-texttransform js-productName\">Trapez<\/p>\n<\/td>\n<\/tr>\n<tr>\n<th id=\"attrTitle_2\"><strong>Durchmesser Scheibenbremse vorn<\/strong><\/th>\n<td id=\"attrValue_2\">180.00<\/td>\n<\/tr>\n<tr>\n<th id=\"attrTitle_3\"><strong>Durchmesser Scheibenbremse hinten<\/strong><\/th>\n<td id=\"attrValue_3\">180.00<\/td>\n<\/tr>\n<tr>\n<th id=\"attrTitle_4\"><strong>Federweg in mm<\/strong><\/th>\n<td id=\"attrValue_4\">63.00<\/td>\n<\/tr>\n<tr>\n<th id=\"attrTitle_5\"><strong>Ganganzahl<\/strong><\/th>\n<td id=\"attrValue_5\">22<\/td>\n<\/tr>\n<tr>\n<th id=\"attrTitle_6\"><strong>Federung<\/strong><\/th>\n<td id=\"attrValue_6\">luftgefedert<\/td>\n<\/tr>\n<tr>\n<th id=\"attrTitle_7\"><strong>Akkuposition<\/strong><\/th>\n<td id=\"attrValue_7\">intube<\/td>\n<\/tr>\n<tr>\n<th id=\"attrTitle_8\"><strong>Gabelhersteller<\/strong><\/th>\n<td id=\"attrValue_8\">SR Suntour<\/td>\n<\/tr>\n<tr>\n<th id=\"attrTitle_9\"><strong>Motorposition<\/strong><\/th>\n<td id=\"attrValue_9\">Mittelmotor<\/td>\n<\/tr>\n<tr>\n<th id=\"attrTitle_10\"><strong>Schaltart<\/strong><\/th>\n<td id=\"attrValue_10\">Kettenschaltung<\/td>\n<\/tr>\n<tr>\n<th id=\"attrTitle_11\"><strong>Bremssystem<\/strong><\/th>\n<td id=\"attrValue_11\">Scheibenbremse, hydraulisch<\/td>\n<\/tr>\n<tr>\n<th id=\"attrTitle_12\"><strong>Rahmenmaterial<\/strong><\/th>\n<td id=\"attrValue_12\">Aluminium<\/td>\n<\/tr>\n<tr>\n<th id=\"attrTitle_13\"><strong>Schaltung<\/strong><\/th>\n<td id=\"attrValue_13\">Shimano Deore M5120 Shadow+, 11-fach<\/td>\n<\/tr>\n<tr>\n<th id=\"attrTitle_14\"><strong>Reifen<\/strong><\/th>\n<td id=\"attrValue_14\">GIANT Crosscut Gravel 2, 700x45c (622&#215;45), Tubeless Ready, Reflex, Auslieferung mit Schlauch<\/td>\n<\/tr>\n<tr>\n<th id=\"attrTitle_15\"><strong>Beleuchtung<\/strong><\/th>\n<td id=\"attrValue_15\">Axa BlueLine Steady E6, 50 Lux \/ Axa BlueLine Steady E6<\/td>\n<\/tr>\n<tr>\n<th id=\"attrTitle_16\"><strong>Motorart<\/strong><\/th>\n<td id=\"attrValue_16\">SyncDrive Pro, 80Nm, powered by Yamaha<\/td>\n<\/tr>\n<tr>\n<th id=\"attrTitle_17\"><strong>Display<\/strong><\/th>\n<td id=\"attrValue_17\">RideDash EVO<\/td>\n<\/tr>\n<tr>\n<th id=\"attrTitle_18\"><strong>Schalthebel<\/strong><\/th>\n<td id=\"attrValue_18\">Shimano Deore M5100, I-spec EV, 2-fach<\/td>\n<\/tr>\n<tr>\n<th id=\"attrTitle_19\"><strong>Gep\u00e4cktr\u00e4ger<\/strong><\/th>\n<td id=\"attrValue_19\">MIK Gep\u00e4cktr\u00e4ger<\/td>\n<\/tr>\n<tr>\n<th id=\"attrTitle_20\"><strong>Griffe<\/strong><\/th>\n<td id=\"attrValue_20\">GIANT Contact Ergo Max Plus<\/td>\n<\/tr>\n<tr>\n<th id=\"attrTitle_21\"><strong>Sattelst\u00fctze<\/strong><\/th>\n<td id=\"attrValue_21\">GIANT 30.9mm<\/td>\n<\/tr>\n<tr>\n<th id=\"attrTitle_22\"><strong>Gabel<\/strong><\/th>\n<td id=\"attrValue_22\">SR Suntour NCX D AIR LO, 63mm Federweg, 15x100mm<\/td>\n<\/tr>\n<tr>\n<th id=\"attrTitle_23\"><strong>Zahnkr\u00e4nze<\/strong><\/th>\n<td id=\"attrValue_23\">Shimano Deore CS-M5100, 11-42T<\/td>\n<\/tr>\n<tr>\n<th id=\"attrTitle_24\"><strong>Speichen<\/strong><\/th>\n<td id=\"attrValue_24\">Sapim Race \/ Sapim E-Lite<\/td>\n<\/tr>\n<tr>\n<th id=\"attrTitle_25\"><strong>Bremshebel<\/strong><\/th>\n<td id=\"attrValue_25\">Shimano BL-M4100, I-spec EV<\/td>\n<\/tr>\n<tr>\n<th id=\"attrTitle_26\"><strong>Vorbau<\/strong><\/th>\n<td id=\"attrValue_26\">GIANT Contact<\/td>\n<\/tr>\n<tr>\n<th id=\"attrTitle_27\"><strong>Pedale<\/strong><\/th>\n<td id=\"attrValue_27\">Aluminum Platform<\/td>\n<\/tr>\n<tr>\n<th id=\"attrTitle_28\"><strong>Kette<\/strong><\/th>\n<td id=\"attrValue_28\">KMC e.11 Sport, e-bike optimized<\/td>\n<\/tr>\n<tr>\n<th id=\"attrTitle_29\"><strong>Bremse<\/strong><\/th>\n<td id=\"attrValue_29\">Shimano BR-MT410, 180mm<\/td>\n<\/tr>\n<tr>\n<th id=\"attrTitle_30\"><strong>Umwerfer<\/strong><\/th>\n<td id=\"attrValue_30\">Shimano Deore M5100<\/td>\n<\/tr>\n<tr>\n<th id=\"attrTitle_31\"><strong>St\u00e4nder<\/strong><\/th>\n<td id=\"attrValue_31\">GIANT KSA18<\/td>\n<\/tr>\n<tr>\n<th id=\"attrTitle_32\"><strong>Lenker<\/strong><\/th>\n<td id=\"attrValue_32\">GIANT Connect XC Riser 31.8, 19mm rise<\/td>\n<\/tr>\n<tr>\n<th id=\"attrTitle_33\"><strong>Sattel<\/strong><\/th>\n<td id=\"attrValue_33\">Selle Royal Vivo Ergo Moderate Unisex<\/td>\n<\/tr>\n<tr>\n<th id=\"attrTitle_34\"><strong>Felgen<\/strong><\/th>\n<td id=\"attrValue_34\">GIANT eX 2, Tubeless Ready<\/td>\n<\/tr>\n<tr>\n<th id=\"attrTitle_35\"><strong>Kurbelsatz<\/strong><\/th>\n<td id=\"attrValue_35\">Forged Alloy, 48 &#8211; 36T Kettenbl\u00e4tter<\/td>\n<\/tr>\n<tr>\n<th id=\"attrTitle_36\"><strong>Akkuleistung (Wh)<\/strong><\/th>\n<td id=\"attrValue_36\">625<\/td>\n<\/tr>\n<tr>\n<th id=\"attrTitle_37\"><strong>Modelljahr<\/strong><\/th>\n<td id=\"attrValue_37\">2022<\/td>\n<\/tr>\n<tr>\n<th id=\"attrTitle_38\"><strong>Akku<\/strong><\/th>\n<td id=\"attrValue_38\">EnergyPak Smart Integrated 625Wh, EnergyPak Plus kompatibel<\/td>\n<\/tr>\n<tr>\n<th id=\"attrTitle_39\"><strong>Kategorie<\/strong><\/th>\n<td id=\"attrValue_39\">Trekking\/Touren \/ E-Bikes \/ Pedelecs<\/td>\n<\/tr>\n<tr>\n<th id=\"attrTitle_40\"><strong>Zustand<\/strong><\/th>\n<td id=\"attrValue_40\">neu<\/td>\n<\/tr>\n<\/tbody>\n<\/table>\n<\/div>\n<\/div>","protected":false},"excerpt":{"rendered":"<p>Giant Explr E+ 1 Pro GTS braun Ob durch die Stadt oder \u00fcber holprige Seitenstra\u00dfen: dieses vielseitige E-Bike Giant Explr<\/p>","protected":false},"featured_media":62153,"comment_status":"open","ping_status":"closed","template":"","meta":[],"product_brand":[],"product_cat":[33,247,35],"product_tag":[],"class_list":{"0":"post-41326","1":"product","2":"type-product","3":"status-publish","4":"has-post-thumbnail","6":"product_cat-e-bike","7":"product_cat-e-bike-trekking","8":"product_cat-e-bikes-2022","9":"pa_marke-giant","11":"first","12":"instock","13":"sale","14":"taxable","15":"shipping-taxable","16":"purchasable","17":"product-type-variable"},"yoast_head":"<!-- This site is optimized with the Yoast SEO Premium plugin v20.12 (Yoast SEO v27.1.1) - https:\/\/yoast.com\/product\/yoast-seo-premium-wordpress\/ -->\n<title>Giant Explr E+ 1 Pro GTS braun<\/title>\n<meta name=\"description\" content=\"kgerad.de bietet Ihnen das Giant Explr E+ 1 Pro GTS braun zum besten Preis mit kostenlosem Versand in ganz EuropaGiant Explr E+ 1 ProGiant Explr E+ 1 Pro\" \/>\n<meta name=\"robots\" content=\"index, follow, max-snippet:-1, max-image-preview:large, max-video-preview:-1\" \/>\n<link rel=\"canonical\" href=\"https:\/\/kgerad.de\/en\/product\/giant-explr-e-1-pro-gts-braun\/\" \/>\n<meta property=\"og:locale\" content=\"en_US\" \/>\n<meta property=\"og:type\" content=\"article\" \/>\n<meta property=\"og:title\" content=\"Giant Explr E+ 1 Pro GTS braun\" \/>\n<meta property=\"og:description\" content=\"Entdecken Sie unseren Online-Fahrradladen: Gro\u00dfe Auswahl an Modellen f\u00fcr alle Radsportbegeisterten. Von Rennr\u00e4dern bis zu Mountainbikes - finden Sie heute Ihren perfekten Wegbegleiter!\" \/>\n<meta property=\"og:url\" content=\"https:\/\/kgerad.de\/en\/product\/giant-explr-e-1-pro-gts-braun\/\" \/>\n<meta property=\"og:site_name\" content=\"kgerad.de\" \/>\n<meta property=\"article:modified_time\" content=\"2023-08-11T08:42:33+00:00\" \/>\n<meta property=\"og:image\" content=\"https:\/\/kgerad.de\/wp-content\/uploads\/2023\/06\/giant-explr-e-1-pro-gts-metallic-brown-black-satin-matt-gloss-1.jpg\" \/>\n\t<meta property=\"og:image:width\" content=\"2400\" \/>\n\t<meta property=\"og:image:height\" content=\"2400\" \/>\n\t<meta property=\"og:image:type\" content=\"image\/jpeg\" \/>\n<meta name=\"twitter:card\" content=\"summary_large_image\" \/>\n<meta name=\"twitter:label1\" content=\"Est. reading time\" \/>\n\t<meta name=\"twitter:data1\" content=\"3 minutes\" \/>\n<script type=\"application\/ld+json\" class=\"yoast-schema-graph\">{\"@context\":\"https:\/\/schema.org\",\"@graph\":[{\"@type\":\"WebPage\",\"@id\":\"https:\/\/kgerad.de\/produkt\/giant-explr-e-1-pro-gts-braun\/\",\"url\":\"https:\/\/kgerad.de\/produkt\/giant-explr-e-1-pro-gts-braun\/\",\"name\":\"Giant Explr E+ 1 Pro GTS braun\",\"isPartOf\":{\"@id\":\"https:\/\/kgerad.de\/#website\"},\"primaryImageOfPage\":{\"@id\":\"https:\/\/kgerad.de\/produkt\/giant-explr-e-1-pro-gts-braun\/#primaryimage\"},\"image\":{\"@id\":\"https:\/\/kgerad.de\/produkt\/giant-explr-e-1-pro-gts-braun\/#primaryimage\"},\"thumbnailUrl\":\"https:\/\/kgerad.de\/wp-content\/uploads\/2023\/06\/giant-explr-e-1-pro-gts-metallic-brown-black-satin-matt-gloss-1.jpg\",\"datePublished\":\"2022-11-15T17:07:21+00:00\",\"dateModified\":\"2023-08-11T08:42:33+00:00\",\"description\":\"kgerad.de bietet Ihnen das Giant Explr E+ 1 Pro GTS braun zum besten Preis mit kostenlosem Versand in ganz EuropaGiant Explr E+ 1 ProGiant Explr E+ 1 Pro\",\"breadcrumb\":{\"@id\":\"https:\/\/kgerad.de\/produkt\/giant-explr-e-1-pro-gts-braun\/#breadcrumb\"},\"inLanguage\":\"en-US\",\"potentialAction\":[{\"@type\":\"ReadAction\",\"target\":[\"https:\/\/kgerad.de\/produkt\/giant-explr-e-1-pro-gts-braun\/\"]}]},{\"@type\":\"ImageObject\",\"inLanguage\":\"en-US\",\"@id\":\"https:\/\/kgerad.de\/produkt\/giant-explr-e-1-pro-gts-braun\/#primaryimage\",\"url\":\"https:\/\/kgerad.de\/wp-content\/uploads\/2023\/06\/giant-explr-e-1-pro-gts-metallic-brown-black-satin-matt-gloss-1.jpg\",\"contentUrl\":\"https:\/\/kgerad.de\/wp-content\/uploads\/2023\/06\/giant-explr-e-1-pro-gts-metallic-brown-black-satin-matt-gloss-1.jpg\",\"width\":2400,\"height\":2400,\"caption\":\"Giant Explr E+ 1 Pro GTS braun\"},{\"@type\":\"BreadcrumbList\",\"@id\":\"https:\/\/kgerad.de\/produkt\/giant-explr-e-1-pro-gts-braun\/#breadcrumb\",\"itemListElement\":[{\"@type\":\"ListItem\",\"position\":1,\"name\":\"Startseite\",\"item\":\"https:\/\/kgerad.de\/\"},{\"@type\":\"ListItem\",\"position\":2,\"name\":\"LADEN\",\"item\":\"https:\/\/kgerad.de\/laden\/\"},{\"@type\":\"ListItem\",\"position\":3,\"name\":\"Giant Explr E+ 1 Pro GTS braun\"}]},{\"@type\":\"WebSite\",\"@id\":\"https:\/\/kgerad.de\/#website\",\"url\":\"https:\/\/kgerad.de\/\",\"name\":\"kgerad.de\",\"description\":\"Treten Sie mit uns ins Abenteuer!\",\"publisher\":{\"@id\":\"https:\/\/kgerad.de\/#organization\"},\"alternateName\":\"MEIN RADLADEN\",\"potentialAction\":[{\"@type\":\"SearchAction\",\"target\":{\"@type\":\"EntryPoint\",\"urlTemplate\":\"https:\/\/kgerad.de\/?s={search_term_string}\"},\"query-input\":{\"@type\":\"PropertyValueSpecification\",\"valueRequired\":true,\"valueName\":\"search_term_string\"}}],\"inLanguage\":\"en-US\"},{\"@type\":\"Organization\",\"@id\":\"https:\/\/kgerad.de\/#organization\",\"name\":\"MEINRADLADEN\",\"alternateName\":\"MEIN RADLADEN\",\"url\":\"https:\/\/kgerad.de\/\",\"logo\":{\"@type\":\"ImageObject\",\"inLanguage\":\"en-US\",\"@id\":\"https:\/\/kgerad.de\/#\/schema\/logo\/image\/\",\"url\":\"https:\/\/kgerad.de\/wp-content\/uploads\/2025\/07\/logo-Whit.svg\",\"contentUrl\":\"https:\/\/kgerad.de\/wp-content\/uploads\/2025\/07\/logo-Whit.svg\",\"width\":1640,\"height\":371,\"caption\":\"MEINRADLADEN\"},\"image\":{\"@id\":\"https:\/\/kgerad.de\/#\/schema\/logo\/image\/\"}}]}<\/script>\n<!-- \/ Yoast SEO Premium plugin. -->","yoast_head_json":{"title":"Giant Explr E+ 1 Pro GTS braun","description":"kgerad.de bietet Ihnen das Giant Explr E+ 1 Pro GTS braun zum besten Preis mit kostenlosem Versand in ganz EuropaGiant Explr E+ 1 ProGiant Explr E+ 1 Pro","robots":{"index":"index","follow":"follow","max-snippet":"max-snippet:-1","max-image-preview":"max-image-preview:large","max-video-preview":"max-video-preview:-1"},"canonical":"https:\/\/kgerad.de\/en\/product\/giant-explr-e-1-pro-gts-braun\/","og_locale":"en_US","og_type":"article","og_title":"Giant Explr E+ 1 Pro GTS braun","og_description":"Entdecken Sie unseren Online-Fahrradladen: Gro\u00dfe Auswahl an Modellen f\u00fcr alle Radsportbegeisterten. Von Rennr\u00e4dern bis zu Mountainbikes - finden Sie heute Ihren perfekten Wegbegleiter!","og_url":"https:\/\/kgerad.de\/en\/product\/giant-explr-e-1-pro-gts-braun\/","og_site_name":"kgerad.de","article_modified_time":"2023-08-11T08:42:33+00:00","og_image":[{"width":2400,"height":2400,"url":"https:\/\/kgerad.de\/wp-content\/uploads\/2023\/06\/giant-explr-e-1-pro-gts-metallic-brown-black-satin-matt-gloss-1.jpg","type":"image\/jpeg"}],"twitter_card":"summary_large_image","twitter_misc":{"Est. reading time":"3 minutes"},"schema":{"@context":"https:\/\/schema.org","@graph":[{"@type":"WebPage","@id":"https:\/\/kgerad.de\/produkt\/giant-explr-e-1-pro-gts-braun\/","url":"https:\/\/kgerad.de\/produkt\/giant-explr-e-1-pro-gts-braun\/","name":"Giant Explr E+ 1 Pro GTS braun","isPartOf":{"@id":"https:\/\/kgerad.de\/#website"},"primaryImageOfPage":{"@id":"https:\/\/kgerad.de\/produkt\/giant-explr-e-1-pro-gts-braun\/#primaryimage"},"image":{"@id":"https:\/\/kgerad.de\/produkt\/giant-explr-e-1-pro-gts-braun\/#primaryimage"},"thumbnailUrl":"https:\/\/kgerad.de\/wp-content\/uploads\/2023\/06\/giant-explr-e-1-pro-gts-metallic-brown-black-satin-matt-gloss-1.jpg","datePublished":"2022-11-15T17:07:21+00:00","dateModified":"2023-08-11T08:42:33+00:00","description":"kgerad.de bietet Ihnen das Giant Explr E+ 1 Pro GTS braun zum besten Preis mit kostenlosem Versand in ganz EuropaGiant Explr E+ 1 ProGiant Explr E+ 1 Pro","breadcrumb":{"@id":"https:\/\/kgerad.de\/produkt\/giant-explr-e-1-pro-gts-braun\/#breadcrumb"},"inLanguage":"en-US","potentialAction":[{"@type":"ReadAction","target":["https:\/\/kgerad.de\/produkt\/giant-explr-e-1-pro-gts-braun\/"]}]},{"@type":"ImageObject","inLanguage":"en-US","@id":"https:\/\/kgerad.de\/produkt\/giant-explr-e-1-pro-gts-braun\/#primaryimage","url":"https:\/\/kgerad.de\/wp-content\/uploads\/2023\/06\/giant-explr-e-1-pro-gts-metallic-brown-black-satin-matt-gloss-1.jpg","contentUrl":"https:\/\/kgerad.de\/wp-content\/uploads\/2023\/06\/giant-explr-e-1-pro-gts-metallic-brown-black-satin-matt-gloss-1.jpg","width":2400,"height":2400,"caption":"Giant Explr E+ 1 Pro GTS braun"},{"@type":"BreadcrumbList","@id":"https:\/\/kgerad.de\/produkt\/giant-explr-e-1-pro-gts-braun\/#breadcrumb","itemListElement":[{"@type":"ListItem","position":1,"name":"Startseite","item":"https:\/\/kgerad.de\/"},{"@type":"ListItem","position":2,"name":"LADEN","item":"https:\/\/kgerad.de\/laden\/"},{"@type":"ListItem","position":3,"name":"Giant Explr E+ 1 Pro GTS braun"}]},{"@type":"WebSite","@id":"https:\/\/kgerad.de\/#website","url":"https:\/\/kgerad.de\/","name":"kgerad.de","description":"Treten Sie mit uns ins Abenteuer!","publisher":{"@id":"https:\/\/kgerad.de\/#organization"},"alternateName":"MEIN RADLADEN","potentialAction":[{"@type":"SearchAction","target":{"@type":"EntryPoint","urlTemplate":"https:\/\/kgerad.de\/?s={search_term_string}"},"query-input":{"@type":"PropertyValueSpecification","valueRequired":true,"valueName":"search_term_string"}}],"inLanguage":"en-US"},{"@type":"Organization","@id":"https:\/\/kgerad.de\/#organization","name":"MEINRADLADEN","alternateName":"MEIN RADLADEN","url":"https:\/\/kgerad.de\/","logo":{"@type":"ImageObject","inLanguage":"en-US","@id":"https:\/\/kgerad.de\/#\/schema\/logo\/image\/","url":"https:\/\/kgerad.de\/wp-content\/uploads\/2025\/07\/logo-Whit.svg","contentUrl":"https:\/\/kgerad.de\/wp-content\/uploads\/2025\/07\/logo-Whit.svg","width":1640,"height":371,"caption":"MEINRADLADEN"},"image":{"@id":"https:\/\/kgerad.de\/#\/schema\/logo\/image\/"}}]}},"_links":{"self":[{"href":"https:\/\/kgerad.de\/en\/wp-json\/wp\/v2\/product\/41326","targetHints":{"allow":["GET"]}}],"collection":[{"href":"https:\/\/kgerad.de\/en\/wp-json\/wp\/v2\/product"}],"about":[{"href":"https:\/\/kgerad.de\/en\/wp-json\/wp\/v2\/types\/product"}],"replies":[{"embeddable":true,"href":"https:\/\/kgerad.de\/en\/wp-json\/wp\/v2\/comments?post=41326"}],"version-history":[{"count":1,"href":"https:\/\/kgerad.de\/en\/wp-json\/wp\/v2\/product\/41326\/revisions"}],"predecessor-version":[{"id":79456,"href":"https:\/\/kgerad.de\/en\/wp-json\/wp\/v2\/product\/41326\/revisions\/79456"}],"wp:featuredmedia":[{"embeddable":true,"href":"https:\/\/kgerad.de\/en\/wp-json\/wp\/v2\/media\/62153"}],"wp:attachment":[{"href":"https:\/\/kgerad.de\/en\/wp-json\/wp\/v2\/media?parent=41326"}],"wp:term":[{"taxonomy":"product_brand","embeddable":true,"href":"https:\/\/kgerad.de\/en\/wp-json\/wp\/v2\/product_brand?post=41326"},{"taxonomy":"product_cat","embeddable":true,"href":"https:\/\/kgerad.de\/en\/wp-json\/wp\/v2\/product_cat?post=41326"},{"taxonomy":"product_tag","embeddable":true,"href":"https:\/\/kgerad.de\/en\/wp-json\/wp\/v2\/product_tag?post=41326"}],"curies":[{"name":"wp","href":"https:\/\/api.w.org\/{rel}","templated":true}]}}