{"id":41259,"date":"2022-11-15T17:32:43","date_gmt":"2022-11-15T16:32:43","guid":{"rendered":"https:\/\/kgerad.de\/?post_type=product&#038;p=41259"},"modified":"2023-08-11T10:44:01","modified_gmt":"2023-08-11T08:44:01","slug":"giant-explr-e-1-gts-625wh-schwarz","status":"publish","type":"product","link":"https:\/\/kgerad.de\/en\/product\/giant-explr-e-1-gts-625wh-schwarz\/","title":{"rendered":"Giant Explr E+ 1 GTS 625Wh schwarz"},"content":{"rendered":"<h2 class=\"product-name cyc-typo_display-3 cyc-margin_bottom-1 cyc-no-texttransform js-productName\">Giant Explr E+ 1 GTS 625Wh schwarz<\/h2>\n<p>W\u00e4hle dein Ziel aus und entdecke die Freude am Weg dorthin. Dieses neue E-Bike Giant Explr E+ ist wie gemacht f\u00fcr Trekkingtouren, indem es dir die Unterst\u00fctzung liefert, die du ben\u00f6tigst, um weiter und mit mehr Spa\u00df zu fahren. Das neue Explore E+ wurde entwickelt, um das meiste aus jedem E-Bike Ausflug herauszuholen. Den AluxX SL Aluminiumrahmen gibt es wahlweise mit tieferem Einstieg, was das Auf- und Absteigen auf&#8217;s Bike erleichtert. Sein kraftvoller und individuell einstellbarer SyncDrive Motor und der integrierte EnergyPak Akku liefern einen gleichm\u00e4\u00dfigen, ruckelfreien Antrieb, so dass du gr\u00f6\u00dfere Distanzen und steile Anstiege m\u00fchelos fahren kannst. Die integrierte Gep\u00e4cktr\u00e4gerhalterung l\u00e4sst dich die Cargo-Kapazit\u00e4ten des Trekking E-Bikes voll aussch\u00f6pfen, so dass du auf deinen kurzen und langen Reisen immer genug Platz f\u00fcr deine Ausr\u00fcstung hast.<\/p>\n<p><b>Zuverl\u00e4ssige Stabilit\u00e4t<\/b><br \/>\nDer AluxX SL Aluminiumrahmen und der SyncDrive Motor bewirken ein leichtes Handling sowie eine gleichm\u00e4\u00dfige Beschleunigung &#8211; egal auf welcher Stra\u00dfe du f\u00e4hrst oder welchen Berg du hinauffahren m\u00f6chtest.<\/p>\n<p><b>Alles im Blick<\/b><br \/>\nDas neue RideDash Evo Display zeigt alle wichtigen Werte des E-Bikes sowie der zur\u00fcckgelegten Strecke an und stellt die unterschiedlichen Fahrmodi farblich dar.<\/p>\n<p><b>Gr\u00f6\u00dfere Reichweite<\/b><br \/>\nDas Explore E+ bringt mit seinem starken EnergyPak Akku alle Voraussetzungen mit, um dich noch weiter fahren zu lassen.<\/p>\n<h2 class=\"cyc-typo_display-2 pdp__headline\">Ausstattung<\/h2>\n<div class=\"widgetBoxBottomRound\">\n<div id=\"attributes\" class=\"ui-tabs-panel ui-widget-content ui-corner-bottom\" role=\"tabpanel\" aria-labelledby=\"ui-id-1\" aria-expanded=\"true\" aria-hidden=\"false\">\n<table class=\"attributes\">\n<tbody>\n<tr>\n<th id=\"attrTitle_1\"><strong>Akku<\/strong><\/th>\n<td id=\"attrValue_1\">Giant EnergyPak 625 WH, Side-Release<\/td>\n<\/tr>\n<tr>\n<th id=\"attrTitle_2\"><strong>Akkuleistung (Wh)<\/strong><\/th>\n<td id=\"attrValue_2\">625<\/td>\n<\/tr>\n<tr>\n<th id=\"attrTitle_3\"><strong>Bremse<\/strong><\/th>\n<td id=\"attrValue_3\">Shimano BR-MT500 (180\/ 180 mm)<\/td>\n<\/tr>\n<tr>\n<th id=\"attrTitle_4\"><strong>Bremshebel<\/strong><\/th>\n<td id=\"attrValue_4\">Shimano BL-MT500<\/td>\n<\/tr>\n<tr>\n<th id=\"attrTitle_5\"><strong>Display<\/strong><\/th>\n<td id=\"attrValue_5\">Giant RideControl EVO<\/td>\n<\/tr>\n<tr>\n<th id=\"attrTitle_6\"><strong>Farbe<\/strong><\/th>\n<td id=\"attrValue_6\">Coreblack \/ Silver Satin<\/td>\n<\/tr>\n<tr>\n<th id=\"attrTitle_7\"><strong>Felgen<\/strong><\/th>\n<td id=\"attrValue_7\">Giant eX 2, e-Bike optimized<\/td>\n<\/tr>\n<tr>\n<th id=\"attrTitle_8\"><strong>Gabel<\/strong><\/th>\n<td id=\"attrValue_8\">RST VIV Air E, 60 mm Federweg, 15 x 100 mm<\/td>\n<\/tr>\n<tr>\n<th id=\"attrTitle_9\"><strong>Gep\u00e4cktr\u00e4ger<\/strong><\/th>\n<td id=\"attrValue_9\">Giant MIK<\/td>\n<\/tr>\n<tr>\n<th id=\"attrTitle_11\"><strong>Kategorie<\/strong><\/th>\n<td id=\"attrValue_11\">E-Bikes \/ Pedelecs \/ Trekking\/Touren<\/td>\n<\/tr>\n<tr>\n<th id=\"attrTitle_12\"><strong>Kette<\/strong><\/th>\n<td id=\"attrValue_12\">KMC e.10 Sport, e-Bike optimized<\/td>\n<\/tr>\n<tr>\n<th id=\"attrTitle_13\"><strong>Kurbelsatz<\/strong><\/th>\n<td id=\"attrValue_13\">Forged Alloy 36\/48t<\/td>\n<\/tr>\n<tr>\n<th id=\"attrTitle_14\"><strong>Lenker<\/strong><\/th>\n<td id=\"attrValue_14\">Giant Connect XC Riser 690 x 31.8 mm, 20 mm rise<\/td>\n<\/tr>\n<tr>\n<th id=\"attrTitle_15\"><strong>Modelljahr<\/strong><\/th>\n<td id=\"attrValue_15\">2022<\/td>\n<\/tr>\n<tr>\n<th id=\"attrTitle_16\"><strong>Motorart<\/strong><\/th>\n<td id=\"attrValue_16\">Giant SyncDrive Sport, 70Nm<\/td>\n<\/tr>\n<tr>\n<th id=\"attrTitle_17\"><strong>Pedale<\/strong><\/th>\n<td id=\"attrValue_17\">Aluminum Platform<\/td>\n<\/tr>\n<tr>\n<th id=\"attrTitle_18\"><strong>Rahmenform<\/strong><\/th>\n<td id=\"attrValue_18\">Diamant<\/td>\n<\/tr>\n<tr>\n<th id=\"attrTitle_19\"><strong>Rahmengr\u00f6\u00dfe<\/strong><\/th>\n<td id=\"attrValue_19\">XL.XXL.L.M.S<\/td>\n<\/tr>\n<tr>\n<th id=\"attrTitle_20\"><strong>Rahmenmaterial<\/strong><\/th>\n<td id=\"attrValue_20\">ALUXX SL Aluminium Rahmen, GTS Version Range Extender kompatibel, 12 x 142 mm, KSA 18 St\u00e4nderaufnahme<\/td>\n<\/tr>\n<tr>\n<th id=\"attrTitle_21\"><strong>Reifen<\/strong><\/th>\n<td id=\"attrValue_21\">Giant Crosscut Gravel 2 700 x 45 mm, Tubeless Ready, 60 TPI<\/td>\n<\/tr>\n<tr>\n<th id=\"attrTitle_22\"><strong>Sattel<\/strong><\/th>\n<td id=\"attrValue_22\">Selle Royal Vivo GTS\/ WMN<\/td>\n<\/tr>\n<tr>\n<th id=\"attrTitle_23\"><strong>Sattelst\u00fctze<\/strong><\/th>\n<td id=\"attrValue_23\">Giant 30.9 mm<\/td>\n<\/tr>\n<tr>\n<th id=\"attrTitle_24\"><strong>Schalthebel<\/strong><\/th>\n<td id=\"attrValue_24\">Shimano Deore 2 x 10<\/td>\n<\/tr>\n<tr>\n<th id=\"attrTitle_25\"><strong>Schaltung<\/strong><\/th>\n<td id=\"attrValue_25\">Shimano Deore 2 x 10<\/td>\n<\/tr>\n<tr>\n<th id=\"attrTitle_26\"><strong>Speichen<\/strong><\/th>\n<td id=\"attrValue_26\">Sapim Race \/ Sapim E-Lite, e-bike optimized<\/td>\n<\/tr>\n<tr>\n<th id=\"attrTitle_27\"><strong>Umwerfer<\/strong><\/th>\n<td id=\"attrValue_27\">Shimano Deore<\/td>\n<\/tr>\n<tr>\n<th id=\"attrTitle_28\"><strong>Vorbau<\/strong><\/th>\n<td id=\"attrValue_28\">Giant Contact<\/td>\n<\/tr>\n<tr>\n<th id=\"attrTitle_29\"><strong>Zahnkr\u00e4nze<\/strong><\/th>\n<td id=\"attrValue_29\">Shimano HG50-10, 11-36<\/td>\n<\/tr>\n<tr>\n<th id=\"attrTitle_30\"><strong>Zustand<\/strong><\/th>\n<td id=\"attrValue_30\">neu<\/td>\n<\/tr>\n<\/tbody>\n<\/table>\n<\/div>\n<\/div>","protected":false},"excerpt":{"rendered":"<p>Giant Explr E+ 1 GTS 625Wh schwarz W\u00e4hle dein Ziel aus und entdecke die Freude am Weg dorthin. Dieses neue<\/p>","protected":false},"featured_media":62130,"comment_status":"open","ping_status":"closed","template":"","meta":[],"product_brand":[],"product_cat":[33,247,35],"product_tag":[],"class_list":{"0":"post-41259","1":"product","2":"type-product","3":"status-publish","4":"has-post-thumbnail","6":"product_cat-e-bike","7":"product_cat-e-bike-trekking","8":"product_cat-e-bikes-2022","9":"pa_marke-giant","11":"first","12":"instock","13":"sale","14":"taxable","15":"shipping-taxable","16":"purchasable","17":"product-type-variable"},"yoast_head":"<!-- This site is optimized with the Yoast SEO Premium plugin v20.12 (Yoast SEO v27.1.1) - https:\/\/yoast.com\/product\/yoast-seo-premium-wordpress\/ -->\n<title>Giant Explr E+ 1 GTS 625Wh schwarz<\/title>\n<meta name=\"description\" content=\"kgerad.de bietet Ihnen das Giant Explr E+ 1 GTS 625Wh schwarz zum besten Preis mit kostenlosem Versand in ganz EuropaGiant Explr E+Giant Explr E+\" \/>\n<meta name=\"robots\" content=\"index, follow, max-snippet:-1, max-image-preview:large, max-video-preview:-1\" \/>\n<link rel=\"canonical\" href=\"https:\/\/kgerad.de\/en\/product\/giant-explr-e-1-gts-625wh-schwarz\/\" \/>\n<meta property=\"og:locale\" content=\"en_US\" \/>\n<meta property=\"og:type\" content=\"article\" \/>\n<meta property=\"og:title\" content=\"Giant Explr E+ 1 GTS 625Wh schwarz\" \/>\n<meta property=\"og:description\" content=\"Entdecken Sie unseren Online-Fahrradladen: Gro\u00dfe Auswahl an Modellen f\u00fcr alle Radsportbegeisterten. Von Rennr\u00e4dern bis zu Mountainbikes - finden Sie heute Ihren perfekten Wegbegleiter!\" \/>\n<meta property=\"og:url\" content=\"https:\/\/kgerad.de\/en\/product\/giant-explr-e-1-gts-625wh-schwarz\/\" \/>\n<meta property=\"og:site_name\" content=\"kgerad.de\" \/>\n<meta property=\"article:modified_time\" content=\"2023-08-11T08:44:01+00:00\" \/>\n<meta property=\"og:image\" content=\"https:\/\/kgerad.de\/wp-content\/uploads\/2023\/06\/giant-explr-e-1-gts-625wh-gunmetal-black-matt-gloss-1.jpg\" \/>\n\t<meta property=\"og:image:width\" content=\"2400\" \/>\n\t<meta property=\"og:image:height\" content=\"2400\" \/>\n\t<meta property=\"og:image:type\" content=\"image\/jpeg\" \/>\n<meta name=\"twitter:card\" content=\"summary_large_image\" \/>\n<meta name=\"twitter:label1\" content=\"Est. reading time\" \/>\n\t<meta name=\"twitter:data1\" content=\"3 minutes\" \/>\n<script type=\"application\/ld+json\" class=\"yoast-schema-graph\">{\"@context\":\"https:\/\/schema.org\",\"@graph\":[{\"@type\":\"WebPage\",\"@id\":\"https:\/\/kgerad.de\/produkt\/giant-explr-e-1-gts-625wh-schwarz\/\",\"url\":\"https:\/\/kgerad.de\/produkt\/giant-explr-e-1-gts-625wh-schwarz\/\",\"name\":\"Giant Explr E+ 1 GTS 625Wh schwarz\",\"isPartOf\":{\"@id\":\"https:\/\/kgerad.de\/#website\"},\"primaryImageOfPage\":{\"@id\":\"https:\/\/kgerad.de\/produkt\/giant-explr-e-1-gts-625wh-schwarz\/#primaryimage\"},\"image\":{\"@id\":\"https:\/\/kgerad.de\/produkt\/giant-explr-e-1-gts-625wh-schwarz\/#primaryimage\"},\"thumbnailUrl\":\"https:\/\/kgerad.de\/wp-content\/uploads\/2023\/06\/giant-explr-e-1-gts-625wh-gunmetal-black-matt-gloss-1.jpg\",\"datePublished\":\"2022-11-15T16:32:43+00:00\",\"dateModified\":\"2023-08-11T08:44:01+00:00\",\"description\":\"kgerad.de bietet Ihnen das Giant Explr E+ 1 GTS 625Wh schwarz zum besten Preis mit kostenlosem Versand in ganz EuropaGiant Explr E+Giant Explr E+\",\"breadcrumb\":{\"@id\":\"https:\/\/kgerad.de\/produkt\/giant-explr-e-1-gts-625wh-schwarz\/#breadcrumb\"},\"inLanguage\":\"en-US\",\"potentialAction\":[{\"@type\":\"ReadAction\",\"target\":[\"https:\/\/kgerad.de\/produkt\/giant-explr-e-1-gts-625wh-schwarz\/\"]}]},{\"@type\":\"ImageObject\",\"inLanguage\":\"en-US\",\"@id\":\"https:\/\/kgerad.de\/produkt\/giant-explr-e-1-gts-625wh-schwarz\/#primaryimage\",\"url\":\"https:\/\/kgerad.de\/wp-content\/uploads\/2023\/06\/giant-explr-e-1-gts-625wh-gunmetal-black-matt-gloss-1.jpg\",\"contentUrl\":\"https:\/\/kgerad.de\/wp-content\/uploads\/2023\/06\/giant-explr-e-1-gts-625wh-gunmetal-black-matt-gloss-1.jpg\",\"width\":2400,\"height\":2400,\"caption\":\"Giant Explr E+ 1 GTS 625Wh schwarz\"},{\"@type\":\"BreadcrumbList\",\"@id\":\"https:\/\/kgerad.de\/produkt\/giant-explr-e-1-gts-625wh-schwarz\/#breadcrumb\",\"itemListElement\":[{\"@type\":\"ListItem\",\"position\":1,\"name\":\"Startseite\",\"item\":\"https:\/\/kgerad.de\/\"},{\"@type\":\"ListItem\",\"position\":2,\"name\":\"LADEN\",\"item\":\"https:\/\/kgerad.de\/laden\/\"},{\"@type\":\"ListItem\",\"position\":3,\"name\":\"Giant Explr E+ 1 GTS 625Wh schwarz\"}]},{\"@type\":\"WebSite\",\"@id\":\"https:\/\/kgerad.de\/#website\",\"url\":\"https:\/\/kgerad.de\/\",\"name\":\"kgerad.de\",\"description\":\"Treten Sie mit uns ins Abenteuer!\",\"publisher\":{\"@id\":\"https:\/\/kgerad.de\/#organization\"},\"alternateName\":\"MEIN RADLADEN\",\"potentialAction\":[{\"@type\":\"SearchAction\",\"target\":{\"@type\":\"EntryPoint\",\"urlTemplate\":\"https:\/\/kgerad.de\/?s={search_term_string}\"},\"query-input\":{\"@type\":\"PropertyValueSpecification\",\"valueRequired\":true,\"valueName\":\"search_term_string\"}}],\"inLanguage\":\"en-US\"},{\"@type\":\"Organization\",\"@id\":\"https:\/\/kgerad.de\/#organization\",\"name\":\"MEINRADLADEN\",\"alternateName\":\"MEIN RADLADEN\",\"url\":\"https:\/\/kgerad.de\/\",\"logo\":{\"@type\":\"ImageObject\",\"inLanguage\":\"en-US\",\"@id\":\"https:\/\/kgerad.de\/#\/schema\/logo\/image\/\",\"url\":\"https:\/\/kgerad.de\/wp-content\/uploads\/2025\/07\/logo-Whit.svg\",\"contentUrl\":\"https:\/\/kgerad.de\/wp-content\/uploads\/2025\/07\/logo-Whit.svg\",\"width\":1640,\"height\":371,\"caption\":\"MEINRADLADEN\"},\"image\":{\"@id\":\"https:\/\/kgerad.de\/#\/schema\/logo\/image\/\"}}]}<\/script>\n<!-- \/ Yoast SEO Premium plugin. -->","yoast_head_json":{"title":"Giant Explr E+ 1 GTS 625Wh schwarz","description":"kgerad.de bietet Ihnen das Giant Explr E+ 1 GTS 625Wh schwarz zum besten Preis mit kostenlosem Versand in ganz EuropaGiant Explr E+Giant Explr E+","robots":{"index":"index","follow":"follow","max-snippet":"max-snippet:-1","max-image-preview":"max-image-preview:large","max-video-preview":"max-video-preview:-1"},"canonical":"https:\/\/kgerad.de\/en\/product\/giant-explr-e-1-gts-625wh-schwarz\/","og_locale":"en_US","og_type":"article","og_title":"Giant Explr E+ 1 GTS 625Wh schwarz","og_description":"Entdecken Sie unseren Online-Fahrradladen: Gro\u00dfe Auswahl an Modellen f\u00fcr alle Radsportbegeisterten. Von Rennr\u00e4dern bis zu Mountainbikes - finden Sie heute Ihren perfekten Wegbegleiter!","og_url":"https:\/\/kgerad.de\/en\/product\/giant-explr-e-1-gts-625wh-schwarz\/","og_site_name":"kgerad.de","article_modified_time":"2023-08-11T08:44:01+00:00","og_image":[{"width":2400,"height":2400,"url":"https:\/\/kgerad.de\/wp-content\/uploads\/2023\/06\/giant-explr-e-1-gts-625wh-gunmetal-black-matt-gloss-1.jpg","type":"image\/jpeg"}],"twitter_card":"summary_large_image","twitter_misc":{"Est. reading time":"3 minutes"},"schema":{"@context":"https:\/\/schema.org","@graph":[{"@type":"WebPage","@id":"https:\/\/kgerad.de\/produkt\/giant-explr-e-1-gts-625wh-schwarz\/","url":"https:\/\/kgerad.de\/produkt\/giant-explr-e-1-gts-625wh-schwarz\/","name":"Giant Explr E+ 1 GTS 625Wh schwarz","isPartOf":{"@id":"https:\/\/kgerad.de\/#website"},"primaryImageOfPage":{"@id":"https:\/\/kgerad.de\/produkt\/giant-explr-e-1-gts-625wh-schwarz\/#primaryimage"},"image":{"@id":"https:\/\/kgerad.de\/produkt\/giant-explr-e-1-gts-625wh-schwarz\/#primaryimage"},"thumbnailUrl":"https:\/\/kgerad.de\/wp-content\/uploads\/2023\/06\/giant-explr-e-1-gts-625wh-gunmetal-black-matt-gloss-1.jpg","datePublished":"2022-11-15T16:32:43+00:00","dateModified":"2023-08-11T08:44:01+00:00","description":"kgerad.de bietet Ihnen das Giant Explr E+ 1 GTS 625Wh schwarz zum besten Preis mit kostenlosem Versand in ganz EuropaGiant Explr E+Giant Explr E+","breadcrumb":{"@id":"https:\/\/kgerad.de\/produkt\/giant-explr-e-1-gts-625wh-schwarz\/#breadcrumb"},"inLanguage":"en-US","potentialAction":[{"@type":"ReadAction","target":["https:\/\/kgerad.de\/produkt\/giant-explr-e-1-gts-625wh-schwarz\/"]}]},{"@type":"ImageObject","inLanguage":"en-US","@id":"https:\/\/kgerad.de\/produkt\/giant-explr-e-1-gts-625wh-schwarz\/#primaryimage","url":"https:\/\/kgerad.de\/wp-content\/uploads\/2023\/06\/giant-explr-e-1-gts-625wh-gunmetal-black-matt-gloss-1.jpg","contentUrl":"https:\/\/kgerad.de\/wp-content\/uploads\/2023\/06\/giant-explr-e-1-gts-625wh-gunmetal-black-matt-gloss-1.jpg","width":2400,"height":2400,"caption":"Giant Explr E+ 1 GTS 625Wh schwarz"},{"@type":"BreadcrumbList","@id":"https:\/\/kgerad.de\/produkt\/giant-explr-e-1-gts-625wh-schwarz\/#breadcrumb","itemListElement":[{"@type":"ListItem","position":1,"name":"Startseite","item":"https:\/\/kgerad.de\/"},{"@type":"ListItem","position":2,"name":"LADEN","item":"https:\/\/kgerad.de\/laden\/"},{"@type":"ListItem","position":3,"name":"Giant Explr E+ 1 GTS 625Wh schwarz"}]},{"@type":"WebSite","@id":"https:\/\/kgerad.de\/#website","url":"https:\/\/kgerad.de\/","name":"kgerad.de","description":"Treten Sie mit uns ins Abenteuer!","publisher":{"@id":"https:\/\/kgerad.de\/#organization"},"alternateName":"MEIN RADLADEN","potentialAction":[{"@type":"SearchAction","target":{"@type":"EntryPoint","urlTemplate":"https:\/\/kgerad.de\/?s={search_term_string}"},"query-input":{"@type":"PropertyValueSpecification","valueRequired":true,"valueName":"search_term_string"}}],"inLanguage":"en-US"},{"@type":"Organization","@id":"https:\/\/kgerad.de\/#organization","name":"MEINRADLADEN","alternateName":"MEIN RADLADEN","url":"https:\/\/kgerad.de\/","logo":{"@type":"ImageObject","inLanguage":"en-US","@id":"https:\/\/kgerad.de\/#\/schema\/logo\/image\/","url":"https:\/\/kgerad.de\/wp-content\/uploads\/2025\/07\/logo-Whit.svg","contentUrl":"https:\/\/kgerad.de\/wp-content\/uploads\/2025\/07\/logo-Whit.svg","width":1640,"height":371,"caption":"MEINRADLADEN"},"image":{"@id":"https:\/\/kgerad.de\/#\/schema\/logo\/image\/"}}]}},"_links":{"self":[{"href":"https:\/\/kgerad.de\/en\/wp-json\/wp\/v2\/product\/41259","targetHints":{"allow":["GET"]}}],"collection":[{"href":"https:\/\/kgerad.de\/en\/wp-json\/wp\/v2\/product"}],"about":[{"href":"https:\/\/kgerad.de\/en\/wp-json\/wp\/v2\/types\/product"}],"replies":[{"embeddable":true,"href":"https:\/\/kgerad.de\/en\/wp-json\/wp\/v2\/comments?post=41259"}],"version-history":[{"count":1,"href":"https:\/\/kgerad.de\/en\/wp-json\/wp\/v2\/product\/41259\/revisions"}],"predecessor-version":[{"id":79461,"href":"https:\/\/kgerad.de\/en\/wp-json\/wp\/v2\/product\/41259\/revisions\/79461"}],"wp:featuredmedia":[{"embeddable":true,"href":"https:\/\/kgerad.de\/en\/wp-json\/wp\/v2\/media\/62130"}],"wp:attachment":[{"href":"https:\/\/kgerad.de\/en\/wp-json\/wp\/v2\/media?parent=41259"}],"wp:term":[{"taxonomy":"product_brand","embeddable":true,"href":"https:\/\/kgerad.de\/en\/wp-json\/wp\/v2\/product_brand?post=41259"},{"taxonomy":"product_cat","embeddable":true,"href":"https:\/\/kgerad.de\/en\/wp-json\/wp\/v2\/product_cat?post=41259"},{"taxonomy":"product_tag","embeddable":true,"href":"https:\/\/kgerad.de\/en\/wp-json\/wp\/v2\/product_tag?post=41259"}],"curies":[{"name":"wp","href":"https:\/\/api.w.org\/{rel}","templated":true}]}}