{"id":41218,"date":"2022-11-15T16:45:15","date_gmt":"2022-11-15T15:45:15","guid":{"rendered":"https:\/\/kgerad.de\/?post_type=product&#038;p=41218"},"modified":"2023-08-11T10:49:32","modified_gmt":"2023-08-11T08:49:32","slug":"diamant-zouma-deluxe-easy-entry-beige","status":"publish","type":"product","link":"https:\/\/kgerad.de\/en\/product\/diamant-zouma-deluxe-easy-entry-beige\/","title":{"rendered":"Diamant Zouma Deluxe+ Easy-Entry beige"},"content":{"rendered":"<h2 class=\"product-name cyc-typo_display-3 cyc-margin_bottom-1 cyc-no-texttransform js-productName\">Diamant Zouma Deluxe+ Easy-Entry beige<\/h2>\n<p>Saubere Integration zu einem fantastischen Preis dank dem neuen Aluminium-Rahmen: Das Zouma Deluxe+ Easy vereint Sch\u00f6nheit mit Leistung. Motor und Akku sind ausgelegt f\u00fcr lange Strecken und h\u00e4ufigen Einsatz.<\/p>\n<p><b>Es ist das richtige Bike f\u00fcr dich, wenn \u2026<\/b><br \/>\nLeistung ist dir wichtig. Du m\u00f6chtest ein voll ausgestattetes, sportliches Rad f\u00fcr alle Einsatzzwecke, auch abseits von Asphalt. Einen integrierten Akku findest du modern und optisch stimmiger.<\/p>\n<p><b>Diese Ausstattung bekommst du<\/b><br \/>\nDem Bosch Performance CX geht dank 625h-Batterie nicht so schnell die Puste aus. Mit Range Boost f\u00fcr Herren- und Trapezrahmen kannst du nachtr\u00e4glich noch einen externen Akku erg\u00e4nzen und die Reichweite erh\u00f6hen. Die Shimano Deore 10-Gangschaltung bietet auch f\u00fcr schwieriges Terrain die richtige \u00dcbersetzung. Das macht es zum idealen Pendlerrad, auch wenn deine Strecke auf und ab geht.<\/p>\n<p><b>Das letzte Wort<\/b><br \/>\nUrbaner Lifestyle und moderne Pedelec-Mobilit\u00e4t: Das Zouma Deluxe+ verbindet das in einem stimmigen Gesamtpaket f\u00fcr sportlich orientierte Fahrer.<\/p>\n<p><b>Warum du es lieben wirst<\/b><br \/>\nDer Rahmen integriert den 625Wh-Akku sauber und unsichtbar &#8211; das reicht f\u00fcr viele sportliche Kilometer.<br \/>\nDie leichte und solide Suntour Mobie Federgabel kannst du blockieren, wenn du sie nicht brauchst, und individuell auf dich abstimmen.<br \/>\nMit Range Boost kannst du nochmal fast doppelt so viel Reichweite nachr\u00fcsten.<br \/>\nDer Bosch Performance CX beschleunigt schnell und wiegt f\u00fcr einen bergtauglichen Antrieb erstaunlich wenig.<br \/>\nSportives Ansprechverhalten und vertrauenerweckendes Handling erlebst du mit den gro\u00dfen 27.5&#8243;-R\u00e4dern.<br \/>\nDie Shimano Deore-Schaltung gibt dir zehn G\u00e4nge zwischen &#8222;hier geht&#8217;s kr\u00e4ftig rauf&#8220; und &#8222;meine pers\u00f6nliche Bestzeit&#8220;.<\/p>\n<h2 class=\"cyc-typo_display-2 pdp__headline\">Ausstattung<\/h2>\n<table data-v-2a2d1a6f=\"\">\n<colgroup data-v-2a2d1a6f=\"\">\n<col width=\"28%\" data-v-2a2d1a6f=\"\" \/>\n<col data-v-2a2d1a6f=\"\" \/><\/colgroup>\n<tbody data-v-2a2d1a6f=\"\">\n<tr class=\"tw-border-b tw-border-gray-200\" data-v-2a2d1a6f=\"\">\n<th class=\"tw-text-left tw-text-base tw-font-bold tw-pt-3 sm:tw-py-3 tw-block tw-px-0 sm:tw-table-cell\">Fahrradtyp<\/th>\n<td class=\"tw-pt-1 tw-pb-3 tw-px-0 sm:tw-py-3 sm:tw-pl-6 tw-block sm:tw-table-cell\">City E-Bike<\/td>\n<\/tr>\n<tr class=\"tw-border-b tw-border-gray-200\" data-v-2a2d1a6f=\"\">\n<th class=\"tw-text-left tw-text-base tw-font-bold tw-pt-3 sm:tw-py-3 tw-block tw-px-0 sm:tw-table-cell\">EAN<\/th>\n<td class=\"tw-pt-1 tw-pb-3 tw-px-0 sm:tw-py-3 sm:tw-pl-6 tw-block sm:tw-table-cell\">601842408591<\/td>\n<\/tr>\n<tr class=\"tw-border-b tw-border-gray-200\" data-v-2a2d1a6f=\"\">\n<th class=\"tw-text-left tw-text-base tw-font-bold tw-pt-3 sm:tw-py-3 tw-block tw-px-0 sm:tw-table-cell\">Hersteller<\/th>\n<td class=\"tw-pt-1 tw-pb-3 tw-px-0 sm:tw-py-3 sm:tw-pl-6 tw-block sm:tw-table-cell\">Diamant<\/td>\n<\/tr>\n<tr class=\"tw-border-b tw-border-gray-200\" data-v-2a2d1a6f=\"\">\n<th class=\"tw-text-left tw-text-base tw-font-bold tw-pt-3 sm:tw-py-3 tw-block tw-px-0 sm:tw-table-cell\">Modelljahr<\/th>\n<td class=\"tw-pt-1 tw-pb-3 tw-px-0 sm:tw-py-3 sm:tw-pl-6 tw-block sm:tw-table-cell\">2022<\/td>\n<\/tr>\n<tr class=\"tw-border-b tw-border-gray-200\" data-v-2a2d1a6f=\"\">\n<th class=\"tw-text-left tw-text-base tw-font-bold tw-pt-3 sm:tw-py-3 tw-block tw-px-0 sm:tw-table-cell\">Farbe<\/th>\n<td class=\"tw-pt-1 tw-pb-3 tw-px-0 sm:tw-py-3 sm:tw-pl-6 tw-block sm:tw-table-cell\">Dravitgrau Metallic<\/td>\n<\/tr>\n<tr class=\"tw-border-b tw-border-gray-200\" data-v-2a2d1a6f=\"\">\n<th class=\"tw-text-left tw-text-base tw-font-bold tw-pt-3 sm:tw-py-3 tw-block tw-px-0 sm:tw-table-cell\">Gewicht<\/th>\n<td class=\"tw-pt-1 tw-pb-3 tw-px-0 sm:tw-py-3 sm:tw-pl-6 tw-block sm:tw-table-cell\">26.2 kg<\/td>\n<\/tr>\n<tr class=\"tw-border-b tw-border-gray-200\" data-v-2a2d1a6f=\"\">\n<th class=\"tw-text-left tw-text-base tw-font-bold tw-pt-3 sm:tw-py-3 tw-block tw-px-0 sm:tw-table-cell\">Reifengr\u00f6\u00dfe<\/th>\n<td class=\"tw-pt-1 tw-pb-3 tw-px-0 sm:tw-py-3 sm:tw-pl-6 tw-block sm:tw-table-cell\">27,5&#8220;<\/td>\n<\/tr>\n<tr class=\"tw-border-b tw-border-gray-200\" data-v-2a2d1a6f=\"\">\n<th class=\"tw-text-left tw-text-base tw-font-bold tw-pt-3 sm:tw-py-3 tw-block tw-px-0 sm:tw-table-cell\">Rahmen<\/th>\n<td class=\"tw-pt-1 tw-pb-3 tw-px-0 sm:tw-py-3 sm:tw-pl-6 tw-block sm:tw-table-cell\">Hochleistungsf\u00e4higer Aluminiumrahmen mit hydrogeformten Rohren, Removable Integrated Battery, kompatibel mit Range Boost, interne Zugf\u00fchrung, Motor Armor, Post Mount-Scheibenbremsaufnahme, 135 x 5 mm Schnellspannachse<\/td>\n<\/tr>\n<tr class=\"tw-border-b tw-border-gray-200\" data-v-2a2d1a6f=\"\">\n<th class=\"tw-text-left tw-text-base tw-font-bold tw-pt-3 sm:tw-py-3 tw-block tw-px-0 sm:tw-table-cell\">Rahmenform<\/th>\n<td class=\"tw-pt-1 tw-pb-3 tw-px-0 sm:tw-py-3 sm:tw-pl-6 tw-block sm:tw-table-cell\">Tiefeinsteiger<\/td>\n<\/tr>\n<tr class=\"tw-border-b tw-border-gray-200\" data-v-2a2d1a6f=\"\">\n<th class=\"tw-text-left tw-text-base tw-font-bold tw-pt-3 sm:tw-py-3 tw-block tw-px-0 sm:tw-table-cell\">Gabel<\/th>\n<td class=\"tw-pt-1 tw-pb-3 tw-px-0 sm:tw-py-3 sm:tw-pl-6 tw-block sm:tw-table-cell\">Suntour XCR32 mit 60mm Federweg und Lockout<\/td>\n<\/tr>\n<tr class=\"tw-border-b tw-border-gray-200\" data-v-2a2d1a6f=\"\">\n<th class=\"tw-text-left tw-text-base tw-font-bold tw-pt-3 sm:tw-py-3 tw-block tw-px-0 sm:tw-table-cell\">Anpassung &#8211; nur in Filiale<\/th>\n<td class=\"tw-pt-1 tw-pb-3 tw-px-0 sm:tw-py-3 sm:tw-pl-6 tw-block sm:tw-table-cell\">Anpassen der optimalen Sitzposition entsprechend deiner Anatomie<\/td>\n<\/tr>\n<tr class=\"tw-border-b tw-border-gray-200\" data-v-2a2d1a6f=\"\">\n<th class=\"tw-text-left tw-text-base tw-font-bold tw-pt-3 sm:tw-py-3 tw-block tw-px-0 sm:tw-table-cell\">Laufradsatz<\/th>\n<td class=\"tw-pt-1 tw-pb-3 tw-px-0 sm:tw-py-3 sm:tw-pl-6 tw-block sm:tw-table-cell\">Bontrager Kovee Hohlkammerfelgen, tubeless ready<\/td>\n<\/tr>\n<tr class=\"tw-border-b tw-border-gray-200\" data-v-2a2d1a6f=\"\">\n<th class=\"tw-text-left tw-text-base tw-font-bold tw-pt-3 sm:tw-py-3 tw-block tw-px-0 sm:tw-table-cell\">Kassette<\/th>\n<td class=\"tw-pt-1 tw-pb-3 tw-px-0 sm:tw-py-3 sm:tw-pl-6 tw-block sm:tw-table-cell\">Shimano C7000 Ritzel f\u00fcr Nexus, 27 Z.<\/td>\n<\/tr>\n<tr class=\"tw-border-b tw-border-gray-200\" data-v-2a2d1a6f=\"\">\n<th class=\"tw-text-left tw-text-base tw-font-bold tw-pt-3 sm:tw-py-3 tw-block tw-px-0 sm:tw-table-cell\">Nabe vorn<\/th>\n<td class=\"tw-pt-1 tw-pb-3 tw-px-0 sm:tw-py-3 sm:tw-pl-6 tw-block sm:tw-table-cell\">Shimano TX505<\/td>\n<\/tr>\n<tr class=\"tw-border-b tw-border-gray-200\" data-v-2a2d1a6f=\"\">\n<th class=\"tw-text-left tw-text-base tw-font-bold tw-pt-3 sm:tw-py-3 tw-block tw-px-0 sm:tw-table-cell\">Nabe hinten<\/th>\n<td class=\"tw-pt-1 tw-pb-3 tw-px-0 sm:tw-py-3 sm:tw-pl-6 tw-block sm:tw-table-cell\">Shimano Nexus 5 Schaltnabe<\/td>\n<\/tr>\n<tr class=\"tw-border-b tw-border-gray-200\" data-v-2a2d1a6f=\"\">\n<th class=\"tw-text-left tw-text-base tw-font-bold tw-pt-3 sm:tw-py-3 tw-block tw-px-0 sm:tw-table-cell\">Schalthebel<\/th>\n<td class=\"tw-pt-1 tw-pb-3 tw-px-0 sm:tw-py-3 sm:tw-pl-6 tw-block sm:tw-table-cell\">Shimano Nexus C7000, 5fach<\/td>\n<\/tr>\n<tr class=\"tw-border-b tw-border-gray-200\" data-v-2a2d1a6f=\"\">\n<th class=\"tw-text-left tw-text-base tw-font-bold tw-pt-3 sm:tw-py-3 tw-block tw-px-0 sm:tw-table-cell\">Schaltwerk<\/th>\n<td class=\"tw-pt-1 tw-pb-3 tw-px-0 sm:tw-py-3 sm:tw-pl-6 tw-block sm:tw-table-cell\">Shimano Nexus C7000, 5fach<\/td>\n<\/tr>\n<tr class=\"tw-border-b tw-border-gray-200\" data-v-2a2d1a6f=\"\">\n<th class=\"tw-text-left tw-text-base tw-font-bold tw-pt-3 sm:tw-py-3 tw-block tw-px-0 sm:tw-table-cell\">Kurbel<\/th>\n<td class=\"tw-pt-1 tw-pb-3 tw-px-0 sm:tw-py-3 sm:tw-pl-6 tw-block sm:tw-table-cell\">ProWheel, Aluminium, 170 mm Kurbelarml\u00e4nge<\/td>\n<\/tr>\n<tr class=\"tw-border-b tw-border-gray-200\" data-v-2a2d1a6f=\"\">\n<th class=\"tw-text-left tw-text-base tw-font-bold tw-pt-3 sm:tw-py-3 tw-block tw-px-0 sm:tw-table-cell\">Kette<\/th>\n<td class=\"tw-pt-1 tw-pb-3 tw-px-0 sm:tw-py-3 sm:tw-pl-6 tw-block sm:tw-table-cell\">Shimano HG40<\/td>\n<\/tr>\n<tr class=\"tw-border-b tw-border-gray-200\" data-v-2a2d1a6f=\"\">\n<th class=\"tw-text-left tw-text-base tw-font-bold tw-pt-3 sm:tw-py-3 tw-block tw-px-0 sm:tw-table-cell\">E-Motor<\/th>\n<td class=\"tw-pt-1 tw-pb-3 tw-px-0 sm:tw-py-3 sm:tw-pl-6 tw-block sm:tw-table-cell\">Bosch Performance CX, Motorgeh\u00e4use aus Magnesium, 250 Watt, 85 Nm, Unterst\u00fctzung bis max. 25 km\/h<\/td>\n<\/tr>\n<tr class=\"tw-border-b tw-border-gray-200\" data-v-2a2d1a6f=\"\">\n<th class=\"tw-text-left tw-text-base tw-font-bold tw-pt-3 sm:tw-py-3 tw-block tw-px-0 sm:tw-table-cell\">Akku<\/th>\n<td class=\"tw-pt-1 tw-pb-3 tw-px-0 sm:tw-py-3 sm:tw-pl-6 tw-block sm:tw-table-cell\">Bosch PowerTube, vertikal, 500 Wh<\/td>\n<\/tr>\n<tr class=\"tw-border-b tw-border-gray-200\" data-v-2a2d1a6f=\"\">\n<th class=\"tw-text-left tw-text-base tw-font-bold tw-pt-3 sm:tw-py-3 tw-block tw-px-0 sm:tw-table-cell\">Ladeger\u00e4t<\/th>\n<td class=\"tw-pt-1 tw-pb-3 tw-px-0 sm:tw-py-3 sm:tw-pl-6 tw-block sm:tw-table-cell\">Bosch Intuvia<\/td>\n<\/tr>\n<tr class=\"tw-border-b tw-border-gray-200\" data-v-2a2d1a6f=\"\">\n<th class=\"tw-text-left tw-text-base tw-font-bold tw-pt-3 sm:tw-py-3 tw-block tw-px-0 sm:tw-table-cell\">Bremse<\/th>\n<td class=\"tw-pt-1 tw-pb-3 tw-px-0 sm:tw-py-3 sm:tw-pl-6 tw-block sm:tw-table-cell\">Hydraulische Scheibenbremse Shimano MT200<\/td>\n<\/tr>\n<tr class=\"tw-border-b tw-border-gray-200\" data-v-2a2d1a6f=\"\">\n<th class=\"tw-text-left tw-text-base tw-font-bold tw-pt-3 sm:tw-py-3 tw-block tw-px-0 sm:tw-table-cell\">Lenker<\/th>\n<td class=\"tw-pt-1 tw-pb-3 tw-px-0 sm:tw-py-3 sm:tw-pl-6 tw-block sm:tw-table-cell\">Bontrager Riser, 31.8mm, 25mm hochgezogen<\/td>\n<\/tr>\n<tr class=\"tw-border-b tw-border-gray-200\" data-v-2a2d1a6f=\"\">\n<th class=\"tw-text-left tw-text-base tw-font-bold tw-pt-3 sm:tw-py-3 tw-block tw-px-0 sm:tw-table-cell\">Griffe<\/th>\n<td class=\"tw-pt-1 tw-pb-3 tw-px-0 sm:tw-py-3 sm:tw-pl-6 tw-block sm:tw-table-cell\">Herrmans Clik<\/td>\n<\/tr>\n<tr class=\"tw-border-b tw-border-gray-200\" data-v-2a2d1a6f=\"\">\n<th class=\"tw-text-left tw-text-base tw-font-bold tw-pt-3 sm:tw-py-3 tw-block tw-px-0 sm:tw-table-cell\">Vorbau<\/th>\n<td class=\"tw-pt-1 tw-pb-3 tw-px-0 sm:tw-py-3 sm:tw-pl-6 tw-block sm:tw-table-cell\">Bontrager, Aluminium, 31,8 mm Klemmdurchmesser, verstellbarer Rise, Blendr-kompatibel, 85 mm L\u00e4nge<\/td>\n<\/tr>\n<tr class=\"tw-border-b tw-border-gray-200\" data-v-2a2d1a6f=\"\">\n<th class=\"tw-text-left tw-text-base tw-font-bold tw-pt-3 sm:tw-py-3 tw-block tw-px-0 sm:tw-table-cell\">Sattel<\/th>\n<td class=\"tw-pt-1 tw-pb-3 tw-px-0 sm:tw-py-3 sm:tw-pl-6 tw-block sm:tw-table-cell\">Selle Royal Vivo<\/td>\n<\/tr>\n<tr class=\"tw-border-b tw-border-gray-200\" data-v-2a2d1a6f=\"\">\n<th class=\"tw-text-left tw-text-base tw-font-bold tw-pt-3 sm:tw-py-3 tw-block tw-px-0 sm:tw-table-cell\">Sattelst\u00fctze<\/th>\n<td class=\"tw-pt-1 tw-pb-3 tw-px-0 sm:tw-py-3 sm:tw-pl-6 tw-block sm:tw-table-cell\">Bontrager aus Aluminium, 31,6 mm, 12 mm Versatz, 330 mm L\u00e4nge<\/td>\n<\/tr>\n<tr class=\"tw-border-b tw-border-gray-200\" data-v-2a2d1a6f=\"\">\n<th class=\"tw-text-left tw-text-base tw-font-bold tw-pt-3 sm:tw-py-3 tw-block tw-px-0 sm:tw-table-cell\">Scheinwerfer<\/th>\n<td class=\"tw-pt-1 tw-pb-3 tw-px-0 sm:tw-py-3 sm:tw-pl-6 tw-block sm:tw-table-cell\">Herrmans MR GO E, LED<\/td>\n<\/tr>\n<tr class=\"tw-border-b tw-border-gray-200\" data-v-2a2d1a6f=\"\">\n<th class=\"tw-text-left tw-text-base tw-font-bold tw-pt-3 sm:tw-py-3 tw-block tw-px-0 sm:tw-table-cell\">R\u00fccklicht<\/th>\n<td class=\"tw-pt-1 tw-pb-3 tw-px-0 sm:tw-py-3 sm:tw-pl-6 tw-block sm:tw-table-cell\">Spanninga Solo, LED<\/td>\n<\/tr>\n<tr class=\"tw-border-b tw-border-gray-200\" data-v-2a2d1a6f=\"\">\n<th class=\"tw-text-left tw-text-base tw-font-bold tw-pt-3 sm:tw-py-3 tw-block tw-px-0 sm:tw-table-cell\">Gep\u00e4cktr\u00e4ger<\/th>\n<td class=\"tw-pt-1 tw-pb-3 tw-px-0 sm:tw-py-3 sm:tw-pl-6 tw-block sm:tw-table-cell\">leichter Racktime Gep\u00e4cktr\u00e4ger aus Aluminium mit Snapit System Racktime Lightit \/\/ MIK-kompatibler Gep\u00e4cktr\u00e4ger aus Aluminium<\/td>\n<\/tr>\n<tr class=\"tw-border-b tw-border-gray-200\" data-v-2a2d1a6f=\"\">\n<th class=\"tw-text-left tw-text-base tw-font-bold tw-pt-3 sm:tw-py-3 tw-block tw-px-0 sm:tw-table-cell\">St\u00e4nder<\/th>\n<td class=\"tw-pt-1 tw-pb-3 tw-px-0 sm:tw-py-3 sm:tw-pl-6 tw-block sm:tw-table-cell\">Pletscher Comp Flex 18<\/td>\n<\/tr>\n<tr class=\"tw-border-b tw-border-gray-200\" data-v-2a2d1a6f=\"\">\n<th class=\"tw-text-left tw-text-base tw-font-bold tw-pt-3 sm:tw-py-3 tw-block tw-px-0 sm:tw-table-cell\">Zul. Gesamtgewicht<\/th>\n<td class=\"tw-pt-1 tw-pb-3 tw-px-0 sm:tw-py-3 sm:tw-pl-6 tw-block sm:tw-table-cell\">136 kg<\/td>\n<\/tr>\n<tr class=\"tw-border-b tw-border-gray-200\" data-v-2a2d1a6f=\"\">\n<th class=\"tw-text-left tw-text-base tw-font-bold tw-pt-3 sm:tw-py-3 tw-block tw-px-0 sm:tw-table-cell\">Anmerkung<\/th>\n<td class=\"tw-pt-1 tw-pb-3 tw-px-0 sm:tw-py-3 sm:tw-pl-6 tw-block sm:tw-table-cell\">Die Abbildung kann abweichen. Der Hersteller beh\u00e4lt es sich vor, bestimmte Komponenten durch qualitativ gleichwertige zu ersetzen.<\/td>\n<\/tr>\n<\/tbody>\n<\/table>","protected":false},"excerpt":{"rendered":"<p>Diamant Zouma Deluxe+ Easy-Entry beige Saubere Integration zu einem fantastischen Preis dank dem neuen Aluminium-Rahmen: Das Zouma Deluxe+ Easy vereint<\/p>","protected":false},"featured_media":62118,"comment_status":"open","ping_status":"closed","template":"","meta":[],"product_brand":[],"product_cat":[34,247,35],"product_tag":[],"class_list":{"0":"post-41218","1":"product","2":"type-product","3":"status-publish","4":"has-post-thumbnail","6":"product_cat-e-bike-city-urban","7":"product_cat-e-bike-trekking","8":"product_cat-e-bikes-2022","9":"pa_marke-diamant","11":"first","12":"instock","13":"sale","14":"taxable","15":"shipping-taxable","16":"purchasable","17":"product-type-variable"},"yoast_head":"<!-- This site is optimized with the Yoast SEO Premium plugin v20.12 (Yoast SEO v27.1.1) - https:\/\/yoast.com\/product\/yoast-seo-premium-wordpress\/ -->\n<title>Diamant Zouma Deluxe+ Easy-Entry beige<\/title>\n<meta name=\"description\" content=\"kgerad.de bietet Ihnen das Diamant Zouma Deluxe+ Easy-Entry beige zum besten Preis mit kostenlosem Versand in ganz EuropaDas Zouma Deluxe+ Easy\" \/>\n<meta name=\"robots\" content=\"index, follow, max-snippet:-1, max-image-preview:large, max-video-preview:-1\" \/>\n<link rel=\"canonical\" href=\"https:\/\/kgerad.de\/en\/product\/diamant-zouma-deluxe-easy-entry-beige\/\" \/>\n<meta property=\"og:locale\" content=\"en_US\" \/>\n<meta property=\"og:type\" content=\"article\" \/>\n<meta property=\"og:title\" content=\"Diamant Zouma Deluxe+ Easy-Entry beige\" \/>\n<meta property=\"og:description\" content=\"Entdecken Sie unseren Online-Fahrradladen: Gro\u00dfe Auswahl an Modellen f\u00fcr alle Radsportbegeisterten. Von Rennr\u00e4dern bis zu Mountainbikes - finden Sie heute Ihren perfekten Wegbegleiter!\" \/>\n<meta property=\"og:url\" content=\"https:\/\/kgerad.de\/en\/product\/diamant-zouma-deluxe-easy-entry-beige\/\" \/>\n<meta property=\"og:site_name\" content=\"kgerad.de\" \/>\n<meta property=\"article:modified_time\" content=\"2023-08-11T08:49:32+00:00\" \/>\n<meta property=\"og:image\" content=\"https:\/\/kgerad.de\/wp-content\/uploads\/2023\/06\/diamant-zouma-deluxe-easy-entry-alvite-grey-metallic-1.jpg\" \/>\n\t<meta property=\"og:image:width\" content=\"2400\" \/>\n\t<meta property=\"og:image:height\" content=\"2400\" \/>\n\t<meta property=\"og:image:type\" content=\"image\/jpeg\" \/>\n<meta name=\"twitter:card\" content=\"summary_large_image\" \/>\n<meta name=\"twitter:label1\" content=\"Est. reading time\" \/>\n\t<meta name=\"twitter:data1\" content=\"3 minutes\" \/>\n<script type=\"application\/ld+json\" class=\"yoast-schema-graph\">{\"@context\":\"https:\/\/schema.org\",\"@graph\":[{\"@type\":\"WebPage\",\"@id\":\"https:\/\/kgerad.de\/produkt\/diamant-zouma-deluxe-easy-entry-beige\/\",\"url\":\"https:\/\/kgerad.de\/produkt\/diamant-zouma-deluxe-easy-entry-beige\/\",\"name\":\"Diamant Zouma Deluxe+ Easy-Entry beige\",\"isPartOf\":{\"@id\":\"https:\/\/kgerad.de\/#website\"},\"primaryImageOfPage\":{\"@id\":\"https:\/\/kgerad.de\/produkt\/diamant-zouma-deluxe-easy-entry-beige\/#primaryimage\"},\"image\":{\"@id\":\"https:\/\/kgerad.de\/produkt\/diamant-zouma-deluxe-easy-entry-beige\/#primaryimage\"},\"thumbnailUrl\":\"https:\/\/kgerad.de\/wp-content\/uploads\/2023\/06\/diamant-zouma-deluxe-easy-entry-alvite-grey-metallic-1.jpg\",\"datePublished\":\"2022-11-15T15:45:15+00:00\",\"dateModified\":\"2023-08-11T08:49:32+00:00\",\"description\":\"kgerad.de bietet Ihnen das Diamant Zouma Deluxe+ Easy-Entry beige zum besten Preis mit kostenlosem Versand in ganz EuropaDas Zouma Deluxe+ Easy\",\"breadcrumb\":{\"@id\":\"https:\/\/kgerad.de\/produkt\/diamant-zouma-deluxe-easy-entry-beige\/#breadcrumb\"},\"inLanguage\":\"en-US\",\"potentialAction\":[{\"@type\":\"ReadAction\",\"target\":[\"https:\/\/kgerad.de\/produkt\/diamant-zouma-deluxe-easy-entry-beige\/\"]}]},{\"@type\":\"ImageObject\",\"inLanguage\":\"en-US\",\"@id\":\"https:\/\/kgerad.de\/produkt\/diamant-zouma-deluxe-easy-entry-beige\/#primaryimage\",\"url\":\"https:\/\/kgerad.de\/wp-content\/uploads\/2023\/06\/diamant-zouma-deluxe-easy-entry-alvite-grey-metallic-1.jpg\",\"contentUrl\":\"https:\/\/kgerad.de\/wp-content\/uploads\/2023\/06\/diamant-zouma-deluxe-easy-entry-alvite-grey-metallic-1.jpg\",\"width\":2400,\"height\":2400,\"caption\":\"Diamant Zouma Deluxe+ Easy-Entry beige\"},{\"@type\":\"BreadcrumbList\",\"@id\":\"https:\/\/kgerad.de\/produkt\/diamant-zouma-deluxe-easy-entry-beige\/#breadcrumb\",\"itemListElement\":[{\"@type\":\"ListItem\",\"position\":1,\"name\":\"Startseite\",\"item\":\"https:\/\/kgerad.de\/\"},{\"@type\":\"ListItem\",\"position\":2,\"name\":\"LADEN\",\"item\":\"https:\/\/kgerad.de\/laden\/\"},{\"@type\":\"ListItem\",\"position\":3,\"name\":\"Diamant Zouma Deluxe+ Easy-Entry beige\"}]},{\"@type\":\"WebSite\",\"@id\":\"https:\/\/kgerad.de\/#website\",\"url\":\"https:\/\/kgerad.de\/\",\"name\":\"kgerad.de\",\"description\":\"Treten Sie mit uns ins Abenteuer!\",\"publisher\":{\"@id\":\"https:\/\/kgerad.de\/#organization\"},\"alternateName\":\"MEIN RADLADEN\",\"potentialAction\":[{\"@type\":\"SearchAction\",\"target\":{\"@type\":\"EntryPoint\",\"urlTemplate\":\"https:\/\/kgerad.de\/?s={search_term_string}\"},\"query-input\":{\"@type\":\"PropertyValueSpecification\",\"valueRequired\":true,\"valueName\":\"search_term_string\"}}],\"inLanguage\":\"en-US\"},{\"@type\":\"Organization\",\"@id\":\"https:\/\/kgerad.de\/#organization\",\"name\":\"MEINRADLADEN\",\"alternateName\":\"MEIN RADLADEN\",\"url\":\"https:\/\/kgerad.de\/\",\"logo\":{\"@type\":\"ImageObject\",\"inLanguage\":\"en-US\",\"@id\":\"https:\/\/kgerad.de\/#\/schema\/logo\/image\/\",\"url\":\"https:\/\/kgerad.de\/wp-content\/uploads\/2025\/07\/logo-Whit.svg\",\"contentUrl\":\"https:\/\/kgerad.de\/wp-content\/uploads\/2025\/07\/logo-Whit.svg\",\"width\":1640,\"height\":371,\"caption\":\"MEINRADLADEN\"},\"image\":{\"@id\":\"https:\/\/kgerad.de\/#\/schema\/logo\/image\/\"}}]}<\/script>\n<!-- \/ Yoast SEO Premium plugin. -->","yoast_head_json":{"title":"Diamant Zouma Deluxe+ Easy-Entry beige","description":"kgerad.de bietet Ihnen das Diamant Zouma Deluxe+ Easy-Entry beige zum besten Preis mit kostenlosem Versand in ganz EuropaDas Zouma Deluxe+ Easy","robots":{"index":"index","follow":"follow","max-snippet":"max-snippet:-1","max-image-preview":"max-image-preview:large","max-video-preview":"max-video-preview:-1"},"canonical":"https:\/\/kgerad.de\/en\/product\/diamant-zouma-deluxe-easy-entry-beige\/","og_locale":"en_US","og_type":"article","og_title":"Diamant Zouma Deluxe+ Easy-Entry beige","og_description":"Entdecken Sie unseren Online-Fahrradladen: Gro\u00dfe Auswahl an Modellen f\u00fcr alle Radsportbegeisterten. Von Rennr\u00e4dern bis zu Mountainbikes - finden Sie heute Ihren perfekten Wegbegleiter!","og_url":"https:\/\/kgerad.de\/en\/product\/diamant-zouma-deluxe-easy-entry-beige\/","og_site_name":"kgerad.de","article_modified_time":"2023-08-11T08:49:32+00:00","og_image":[{"width":2400,"height":2400,"url":"https:\/\/kgerad.de\/wp-content\/uploads\/2023\/06\/diamant-zouma-deluxe-easy-entry-alvite-grey-metallic-1.jpg","type":"image\/jpeg"}],"twitter_card":"summary_large_image","twitter_misc":{"Est. reading time":"3 minutes"},"schema":{"@context":"https:\/\/schema.org","@graph":[{"@type":"WebPage","@id":"https:\/\/kgerad.de\/produkt\/diamant-zouma-deluxe-easy-entry-beige\/","url":"https:\/\/kgerad.de\/produkt\/diamant-zouma-deluxe-easy-entry-beige\/","name":"Diamant Zouma Deluxe+ Easy-Entry beige","isPartOf":{"@id":"https:\/\/kgerad.de\/#website"},"primaryImageOfPage":{"@id":"https:\/\/kgerad.de\/produkt\/diamant-zouma-deluxe-easy-entry-beige\/#primaryimage"},"image":{"@id":"https:\/\/kgerad.de\/produkt\/diamant-zouma-deluxe-easy-entry-beige\/#primaryimage"},"thumbnailUrl":"https:\/\/kgerad.de\/wp-content\/uploads\/2023\/06\/diamant-zouma-deluxe-easy-entry-alvite-grey-metallic-1.jpg","datePublished":"2022-11-15T15:45:15+00:00","dateModified":"2023-08-11T08:49:32+00:00","description":"kgerad.de bietet Ihnen das Diamant Zouma Deluxe+ Easy-Entry beige zum besten Preis mit kostenlosem Versand in ganz EuropaDas Zouma Deluxe+ Easy","breadcrumb":{"@id":"https:\/\/kgerad.de\/produkt\/diamant-zouma-deluxe-easy-entry-beige\/#breadcrumb"},"inLanguage":"en-US","potentialAction":[{"@type":"ReadAction","target":["https:\/\/kgerad.de\/produkt\/diamant-zouma-deluxe-easy-entry-beige\/"]}]},{"@type":"ImageObject","inLanguage":"en-US","@id":"https:\/\/kgerad.de\/produkt\/diamant-zouma-deluxe-easy-entry-beige\/#primaryimage","url":"https:\/\/kgerad.de\/wp-content\/uploads\/2023\/06\/diamant-zouma-deluxe-easy-entry-alvite-grey-metallic-1.jpg","contentUrl":"https:\/\/kgerad.de\/wp-content\/uploads\/2023\/06\/diamant-zouma-deluxe-easy-entry-alvite-grey-metallic-1.jpg","width":2400,"height":2400,"caption":"Diamant Zouma Deluxe+ Easy-Entry beige"},{"@type":"BreadcrumbList","@id":"https:\/\/kgerad.de\/produkt\/diamant-zouma-deluxe-easy-entry-beige\/#breadcrumb","itemListElement":[{"@type":"ListItem","position":1,"name":"Startseite","item":"https:\/\/kgerad.de\/"},{"@type":"ListItem","position":2,"name":"LADEN","item":"https:\/\/kgerad.de\/laden\/"},{"@type":"ListItem","position":3,"name":"Diamant Zouma Deluxe+ Easy-Entry beige"}]},{"@type":"WebSite","@id":"https:\/\/kgerad.de\/#website","url":"https:\/\/kgerad.de\/","name":"kgerad.de","description":"Treten Sie mit uns ins Abenteuer!","publisher":{"@id":"https:\/\/kgerad.de\/#organization"},"alternateName":"MEIN RADLADEN","potentialAction":[{"@type":"SearchAction","target":{"@type":"EntryPoint","urlTemplate":"https:\/\/kgerad.de\/?s={search_term_string}"},"query-input":{"@type":"PropertyValueSpecification","valueRequired":true,"valueName":"search_term_string"}}],"inLanguage":"en-US"},{"@type":"Organization","@id":"https:\/\/kgerad.de\/#organization","name":"MEINRADLADEN","alternateName":"MEIN RADLADEN","url":"https:\/\/kgerad.de\/","logo":{"@type":"ImageObject","inLanguage":"en-US","@id":"https:\/\/kgerad.de\/#\/schema\/logo\/image\/","url":"https:\/\/kgerad.de\/wp-content\/uploads\/2025\/07\/logo-Whit.svg","contentUrl":"https:\/\/kgerad.de\/wp-content\/uploads\/2025\/07\/logo-Whit.svg","width":1640,"height":371,"caption":"MEINRADLADEN"},"image":{"@id":"https:\/\/kgerad.de\/#\/schema\/logo\/image\/"}}]}},"_links":{"self":[{"href":"https:\/\/kgerad.de\/en\/wp-json\/wp\/v2\/product\/41218","targetHints":{"allow":["GET"]}}],"collection":[{"href":"https:\/\/kgerad.de\/en\/wp-json\/wp\/v2\/product"}],"about":[{"href":"https:\/\/kgerad.de\/en\/wp-json\/wp\/v2\/types\/product"}],"replies":[{"embeddable":true,"href":"https:\/\/kgerad.de\/en\/wp-json\/wp\/v2\/comments?post=41218"}],"version-history":[{"count":1,"href":"https:\/\/kgerad.de\/en\/wp-json\/wp\/v2\/product\/41218\/revisions"}],"predecessor-version":[{"id":79477,"href":"https:\/\/kgerad.de\/en\/wp-json\/wp\/v2\/product\/41218\/revisions\/79477"}],"wp:featuredmedia":[{"embeddable":true,"href":"https:\/\/kgerad.de\/en\/wp-json\/wp\/v2\/media\/62118"}],"wp:attachment":[{"href":"https:\/\/kgerad.de\/en\/wp-json\/wp\/v2\/media?parent=41218"}],"wp:term":[{"taxonomy":"product_brand","embeddable":true,"href":"https:\/\/kgerad.de\/en\/wp-json\/wp\/v2\/product_brand?post=41218"},{"taxonomy":"product_cat","embeddable":true,"href":"https:\/\/kgerad.de\/en\/wp-json\/wp\/v2\/product_cat?post=41218"},{"taxonomy":"product_tag","embeddable":true,"href":"https:\/\/kgerad.de\/en\/wp-json\/wp\/v2\/product_tag?post=41218"}],"curies":[{"name":"wp","href":"https:\/\/api.w.org\/{rel}","templated":true}]}}