{"id":41109,"date":"2022-11-15T15:22:59","date_gmt":"2022-11-15T14:22:59","guid":{"rendered":"https:\/\/kgerad.de\/?post_type=product&#038;p=41109"},"modified":"2023-08-11T10:49:31","modified_gmt":"2023-08-11T08:49:31","slug":"breezer-liberty-r2-3-st-satin-black-gold","status":"publish","type":"product","link":"https:\/\/kgerad.de\/en\/product\/breezer-liberty-r2-3-st-satin-black-gold\/","title":{"rendered":"Breezer LIBERTY R2.3+ ST Satin Black\/Gold"},"content":{"rendered":"<h2 class=\"pageTitle\">Breezer LIBERTY R2.3+ ST Satin Black\/Gold<\/h2>\n<div class=\"content-section product-info-ctr\">\n<div id=\"product-info\" class=\"product-info cyc-margin_bottom-5 contentwrapper\">\n<div class=\"product-info-content cyc-typo_column-2 js-productDescription\">\n<div class=\"js-productDescriptionContainer\">\n<div class=\"cyc-margin_bottom-4\">\n<div class=\"content-section product-info-ctr\">\n<div id=\"product-info-avc\" class=\"product-info contentwrapper\">\n<div class=\"content-section product-info-ctr\">\n<div id=\"product-info\" class=\"product-info cyc-margin_bottom-5 contentwrapper\">\n<div class=\"product-info-content js-productDescription cyc-width_60p cyc-layout_block active\">\n<div class=\"js-productDescriptionContainer\">\n<div class=\"cyc-margin_bottom-4\">\n<p>Das Breezer LIBERTY R2.3 (Super Moto) mit Federgabel und verst\u00e4rkter Bereifung bietet den Komfort eines schnellen Pendlers und die Vielseitigkeit eines All-Terrain-Bikes. Mit dem leistungsstarken Bosch Performance Cruise Motor und dem Batteriesystem mit gro\u00dfer Reichweite bringt es Sie in der Stadt und in der Umgebung voran. Es ist au\u00dferdem mit Schutzblechen und einem leichten Gep\u00e4cktr\u00e4ger ausgestattet, der den Transport von Vorr\u00e4ten bei N\u00e4sse erleichtert.<\/p>\n<\/div>\n<\/div>\n<\/div>\n<\/div>\n<\/div>\n<\/div>\n<\/div>\n<\/div>\n<\/div>\n<\/div>\n<\/div>\n<\/div>\n<div class=\"content-section product-info-ctr\">\n<div id=\"product-info-avc\" class=\"product-info contentwrapper\"><em><strong>Wichtige Hinweise: Bei der Montage eines\u00a0Pedals\u00a0bitte auf Links- bzw. Rechtsgewinde achten! Vor Fahrtantritt bitte die Schnellspanner und Bremsen \u00fcberpr\u00fcfen!<\/strong><\/em><\/div>\n<div>\n<h2 class=\"cyc-typo_display-2 pdp__headline\">Ausstattung<\/h2>\n<form class=\"js-oxProductForm\" action=\"https:\/\/www.bike-angebot.de\/index.php?\" method=\"post\">\n<div class=\"detailsInfo clear\">\n<div class=\"row productdetail\">\n<div class=\"col-12 col-sm-12 col-md-12 col-lg-6 col-xl-8\">\n<div class=\"relatedInfo disable-mobile\">\n<div class=\"tabbedWidgetBox clear ui-tabs ui-widget ui-widget-content ui-corner-all\">\n<div class=\"widgetBoxBottomRound\">\n<div id=\"attributes\" class=\"ui-tabs-panel ui-widget-content ui-corner-bottom\" role=\"tabpanel\" aria-labelledby=\"ui-id-1\" aria-expanded=\"true\" aria-hidden=\"false\">\n<div id=\"detailsMain\">\n<div class=\"detailsInfo clear\">\n<div class=\"row productdetail\">\n<div class=\"col-12 col-sm-12 col-md-12 col-lg-6 col-xl-8\">\n<div class=\"relatedInfo disable-mobile\">\n<div class=\"tabbedWidgetBox clear ui-tabs ui-widget ui-widget-content ui-corner-all\">\n<p>&nbsp;<\/p>\n<div class=\"widgetBoxBottomRound\">\n<div id=\"attributes\" class=\"ui-tabs-panel ui-widget-content ui-corner-bottom\" role=\"tabpanel\" aria-labelledby=\"ui-id-1\" aria-expanded=\"true\" aria-hidden=\"false\">\n<table class=\"attributes\">\n<tbody>\n<tr>\n<th id=\"attrTitle_1\"><strong>Gewicht<\/strong><\/th>\n<td id=\"attrValue_1\">14.22<\/td>\n<\/tr>\n<tr>\n<th id=\"attrTitle_2\"><strong>Farbzuordnung<\/strong><\/th>\n<td id=\"attrValue_2\">Schwarz<\/td>\n<\/tr>\n<tr>\n<th id=\"attrTitle_3\"><strong>Farbe<\/strong><\/th>\n<td id=\"attrValue_3\">Satin Black\/Gold<\/td>\n<\/tr>\n<tr>\n<th id=\"attrTitle_4\"><strong>Rahmenform<\/strong><\/th>\n<td id=\"attrValue_4\">Trapez<\/td>\n<\/tr>\n<tr>\n<th id=\"attrTitle_5\"><strong>Durchmesser Scheibenbremse vorn<\/strong><\/th>\n<td id=\"attrValue_5\">160.00<\/td>\n<\/tr>\n<tr>\n<th id=\"attrTitle_6\"><strong>Durchmesser Scheibenbremse hinten<\/strong><\/th>\n<td id=\"attrValue_6\">160.00<\/td>\n<\/tr>\n<tr>\n<th id=\"attrTitle_7\"><strong>Ganganzahl<\/strong><\/th>\n<td id=\"attrValue_7\">24<\/td>\n<\/tr>\n<tr>\n<th id=\"attrTitle_8\"><strong>Schaltart<\/strong><\/th>\n<td id=\"attrValue_8\">Kettenschaltung<\/td>\n<\/tr>\n<tr>\n<th id=\"attrTitle_9\"><strong>Gabelhersteller<\/strong><\/th>\n<td id=\"attrValue_9\">Breezer<\/td>\n<\/tr>\n<tr>\n<th id=\"attrTitle_10\"><strong>Federung<\/strong><\/th>\n<td id=\"attrValue_10\">starr<\/td>\n<\/tr>\n<tr>\n<th id=\"attrTitle_11\"><strong>Bremssystem<\/strong><\/th>\n<td id=\"attrValue_11\">Scheibenbremse, hydraulisch<\/td>\n<\/tr>\n<tr>\n<th id=\"attrTitle_12\"><strong>Rahmenmaterial<\/strong><\/th>\n<td id=\"attrValue_12\">Aluminium<\/td>\n<\/tr>\n<tr>\n<th id=\"attrTitle_13\"><strong>Schaltung<\/strong><\/th>\n<td id=\"attrValue_13\">Shimano Altus<\/td>\n<\/tr>\n<tr>\n<th id=\"attrTitle_14\"><strong>Reifen<\/strong><\/th>\n<td id=\"attrValue_14\">Schwalbe Citizen with K-Guard, 44-622, with reflex stripe<\/td>\n<\/tr>\n<tr>\n<th id=\"attrTitle_15\"><strong>Beleuchtung<\/strong><\/th>\n<td id=\"attrValue_15\">Axa Echo 15 lux, steady, on\/off switch<\/td>\n<\/tr>\n<tr>\n<th id=\"attrTitle_16\"><strong>St\u00e4nder<\/strong><\/th>\n<td id=\"attrValue_16\">Standwell kickstand<\/td>\n<\/tr>\n<tr>\n<th id=\"attrTitle_17\"><strong>Steuersatz<\/strong><\/th>\n<td id=\"attrValue_17\">FSA 1 1\/8\u00b4\u00b4, fully integrated, Eco AC-sealed, 10 mm aluminum top cover<\/td>\n<\/tr>\n<tr>\n<th id=\"attrTitle_18\"><strong>Sattelst\u00fctze<\/strong><\/th>\n<td id=\"attrValue_18\">6061 aluminum, 27.2mm, forged alloy head, offset 12mm<\/td>\n<\/tr>\n<tr>\n<th id=\"attrTitle_19\"><strong>Zahnkr\u00e4nze<\/strong><\/th>\n<td id=\"attrValue_19\">Shimano CS-HG31, 11-32T<\/td>\n<\/tr>\n<tr>\n<th id=\"attrTitle_20\"><strong>Bremse<\/strong><\/th>\n<td id=\"attrValue_20\">Shimano MT200 hydraulic disc, 160mm rotors<\/td>\n<\/tr>\n<tr>\n<th id=\"attrTitle_21\"><strong>Umwerfer<\/strong><\/th>\n<td id=\"attrValue_21\">Shimano Tourney<\/td>\n<\/tr>\n<tr>\n<th id=\"attrTitle_22\"><strong>Schutzbleche<\/strong><\/th>\n<td id=\"attrValue_22\">SKS Black, 42 mm<\/td>\n<\/tr>\n<tr>\n<th id=\"attrTitle_23\"><strong>Vorbau<\/strong><\/th>\n<td id=\"attrValue_23\">3D-forged 6061 aluminum, 31.8, 6 degree<\/td>\n<\/tr>\n<tr>\n<th id=\"attrTitle_24\"><strong>Pedale<\/strong><\/th>\n<td id=\"attrValue_24\">VP, polished aluminum body, chromoly axle<\/td>\n<\/tr>\n<tr>\n<th id=\"attrTitle_25\"><strong>Kurbelsatz<\/strong><\/th>\n<td id=\"attrValue_25\">Suntour XCE, 48\/38\/28T<\/td>\n<\/tr>\n<tr>\n<th id=\"attrTitle_26\"><strong>Schalthebel<\/strong><\/th>\n<td id=\"attrValue_26\">Shimano 24-speed, integrated<\/td>\n<\/tr>\n<tr>\n<th id=\"attrTitle_27\"><strong>Griffe<\/strong><\/th>\n<td id=\"attrValue_27\">Oval Ergo Comfort<\/td>\n<\/tr>\n<tr>\n<th id=\"attrTitle_28\"><strong>R\u00fcckleuchte<\/strong><\/th>\n<td id=\"attrValue_28\">Axa Blueline led, steady<\/td>\n<\/tr>\n<tr>\n<th id=\"attrTitle_29\"><strong>Gabel<\/strong><\/th>\n<td id=\"attrValue_29\">Breezer aluminum disc, low-rider rack mounts<\/td>\n<\/tr>\n<tr>\n<th id=\"attrTitle_30\"><strong>Sattel<\/strong><\/th>\n<td id=\"attrValue_30\">Breezer Comfort<\/td>\n<\/tr>\n<tr>\n<th id=\"attrTitle_31\"><strong>Kette<\/strong><\/th>\n<td id=\"attrValue_31\">KMC 8-speed<\/td>\n<\/tr>\n<tr>\n<th id=\"attrTitle_32\"><strong>Bremshebel<\/strong><\/th>\n<td id=\"attrValue_32\">Shimano ST-EF505 hydraulic disc<\/td>\n<\/tr>\n<tr>\n<th id=\"attrTitle_33\"><strong>Innenlager<\/strong><\/th>\n<td id=\"attrValue_33\">VP-BC73C cartridge-style<\/td>\n<\/tr>\n<tr>\n<th id=\"attrTitle_34\"><strong>Modelljahr<\/strong><\/th>\n<td id=\"attrValue_34\">2021<\/td>\n<\/tr>\n<tr>\n<th id=\"attrTitle_35\"><strong>Kategorie<\/strong><\/th>\n<td id=\"attrValue_35\">Fahrr\u00e4der \/ Trekkingr\u00e4der<\/td>\n<\/tr>\n<tr>\n<th id=\"attrTitle_36\"><strong>Zustand<\/strong><\/th>\n<td id=\"attrValue_36\">neu<\/td>\n<\/tr>\n<\/tbody>\n<\/table>\n<\/div>\n<\/div>\n<\/div>\n<\/div>\n<\/div>\n<\/div>\n<\/div>\n<\/div>\n<div class=\"climate-wrapper\">\n<div class=\"container\"><\/div>\n<\/div>\n<\/div>\n<\/div>\n<\/div>\n<\/div>\n<\/div>\n<\/div>\n<\/div>\n<\/form>\n<\/div>\n<\/div>","protected":false},"excerpt":{"rendered":"<p>Breezer LIBERTY R2.3+ ST Satin Black\/Gold Das Breezer LIBERTY R2.3 (Super Moto) mit Federgabel und verst\u00e4rkter Bereifung bietet den Komfort<\/p>","protected":false},"featured_media":62085,"comment_status":"open","ping_status":"closed","template":"","meta":[],"product_brand":[],"product_cat":[33,247],"product_tag":[],"class_list":{"0":"post-41109","1":"product","2":"type-product","3":"status-publish","4":"has-post-thumbnail","6":"product_cat-e-bike","7":"product_cat-e-bike-trekking","8":"pa_marke-breezer","10":"first","11":"instock","12":"taxable","13":"shipping-taxable","14":"purchasable","15":"product-type-variable"},"yoast_head":"<!-- This site is optimized with the Yoast SEO Premium plugin v20.12 (Yoast SEO v27.1.1) - https:\/\/yoast.com\/product\/yoast-seo-premium-wordpress\/ -->\n<title>Breezer LIBERTY R2.3+ ST Satin Black\/Gold<\/title>\n<meta name=\"description\" content=\"Entdecken Sie unseren Online-Fahrradladen: Gro\u00dfe Auswahl an Modellen f\u00fcr alle Radsportbegeisterten. Von Rennr\u00e4dern bis zu Mountainbikes - finden Sie heute Ihren perfekten Wegbegleiter!\" \/>\n<meta name=\"robots\" content=\"index, follow, max-snippet:-1, max-image-preview:large, max-video-preview:-1\" \/>\n<link rel=\"canonical\" href=\"https:\/\/kgerad.de\/en\/product\/breezer-liberty-r2-3-st-satin-black-gold\/\" \/>\n<meta property=\"og:locale\" content=\"en_US\" \/>\n<meta property=\"og:type\" content=\"article\" \/>\n<meta property=\"og:title\" content=\"Breezer LIBERTY R2.3+ ST Satin Black\/Gold\" \/>\n<meta property=\"og:description\" content=\"Entdecken Sie unseren Online-Fahrradladen: Gro\u00dfe Auswahl an Modellen f\u00fcr alle Radsportbegeisterten. Von Rennr\u00e4dern bis zu Mountainbikes - finden Sie heute Ihren perfekten Wegbegleiter!\" \/>\n<meta property=\"og:url\" content=\"https:\/\/kgerad.de\/en\/product\/breezer-liberty-r2-3-st-satin-black-gold\/\" \/>\n<meta property=\"og:site_name\" content=\"kgerad.de\" \/>\n<meta property=\"article:modified_time\" content=\"2023-08-11T08:49:31+00:00\" \/>\n<meta property=\"og:image\" content=\"https:\/\/kgerad.de\/wp-content\/uploads\/2023\/06\/2021_Breezer_LIBERTY_R23__ST_Black.jpg\" \/>\n\t<meta property=\"og:image:width\" content=\"1363\" \/>\n\t<meta property=\"og:image:height\" content=\"877\" \/>\n\t<meta property=\"og:image:type\" content=\"image\/jpeg\" \/>\n<meta name=\"twitter:card\" content=\"summary_large_image\" \/>\n<meta name=\"twitter:label1\" content=\"Est. reading time\" \/>\n\t<meta name=\"twitter:data1\" content=\"2 minutes\" \/>\n<script type=\"application\/ld+json\" class=\"yoast-schema-graph\">{\"@context\":\"https:\/\/schema.org\",\"@graph\":[{\"@type\":\"WebPage\",\"@id\":\"https:\/\/kgerad.de\/produkt\/breezer-liberty-r2-3-st-satin-black-gold\/\",\"url\":\"https:\/\/kgerad.de\/produkt\/breezer-liberty-r2-3-st-satin-black-gold\/\",\"name\":\"Breezer LIBERTY R2.3+ ST Satin Black\/Gold\",\"isPartOf\":{\"@id\":\"https:\/\/kgerad.de\/#website\"},\"primaryImageOfPage\":{\"@id\":\"https:\/\/kgerad.de\/produkt\/breezer-liberty-r2-3-st-satin-black-gold\/#primaryimage\"},\"image\":{\"@id\":\"https:\/\/kgerad.de\/produkt\/breezer-liberty-r2-3-st-satin-black-gold\/#primaryimage\"},\"thumbnailUrl\":\"https:\/\/kgerad.de\/wp-content\/uploads\/2023\/06\/2021_Breezer_LIBERTY_R23__ST_Black.jpg\",\"datePublished\":\"2022-11-15T14:22:59+00:00\",\"dateModified\":\"2023-08-11T08:49:31+00:00\",\"description\":\"Entdecken Sie unseren Online-Fahrradladen: Gro\u00dfe Auswahl an Modellen f\u00fcr alle Radsportbegeisterten. Von Rennr\u00e4dern bis zu Mountainbikes - finden Sie heute Ihren perfekten Wegbegleiter!\",\"breadcrumb\":{\"@id\":\"https:\/\/kgerad.de\/produkt\/breezer-liberty-r2-3-st-satin-black-gold\/#breadcrumb\"},\"inLanguage\":\"en-US\",\"potentialAction\":[{\"@type\":\"ReadAction\",\"target\":[\"https:\/\/kgerad.de\/produkt\/breezer-liberty-r2-3-st-satin-black-gold\/\"]}]},{\"@type\":\"ImageObject\",\"inLanguage\":\"en-US\",\"@id\":\"https:\/\/kgerad.de\/produkt\/breezer-liberty-r2-3-st-satin-black-gold\/#primaryimage\",\"url\":\"https:\/\/kgerad.de\/wp-content\/uploads\/2023\/06\/2021_Breezer_LIBERTY_R23__ST_Black.jpg\",\"contentUrl\":\"https:\/\/kgerad.de\/wp-content\/uploads\/2023\/06\/2021_Breezer_LIBERTY_R23__ST_Black.jpg\",\"width\":1363,\"height\":877,\"caption\":\"Breezer LIBERTY R2.3+ ST Satin Black\/Gold\"},{\"@type\":\"BreadcrumbList\",\"@id\":\"https:\/\/kgerad.de\/produkt\/breezer-liberty-r2-3-st-satin-black-gold\/#breadcrumb\",\"itemListElement\":[{\"@type\":\"ListItem\",\"position\":1,\"name\":\"Startseite\",\"item\":\"https:\/\/kgerad.de\/\"},{\"@type\":\"ListItem\",\"position\":2,\"name\":\"LADEN\",\"item\":\"https:\/\/kgerad.de\/laden\/\"},{\"@type\":\"ListItem\",\"position\":3,\"name\":\"Breezer LIBERTY R2.3+ ST Satin Black\/Gold\"}]},{\"@type\":\"WebSite\",\"@id\":\"https:\/\/kgerad.de\/#website\",\"url\":\"https:\/\/kgerad.de\/\",\"name\":\"kgerad.de\",\"description\":\"Treten Sie mit uns ins Abenteuer!\",\"publisher\":{\"@id\":\"https:\/\/kgerad.de\/#organization\"},\"alternateName\":\"MEIN RADLADEN\",\"potentialAction\":[{\"@type\":\"SearchAction\",\"target\":{\"@type\":\"EntryPoint\",\"urlTemplate\":\"https:\/\/kgerad.de\/?s={search_term_string}\"},\"query-input\":{\"@type\":\"PropertyValueSpecification\",\"valueRequired\":true,\"valueName\":\"search_term_string\"}}],\"inLanguage\":\"en-US\"},{\"@type\":\"Organization\",\"@id\":\"https:\/\/kgerad.de\/#organization\",\"name\":\"MEINRADLADEN\",\"alternateName\":\"MEIN RADLADEN\",\"url\":\"https:\/\/kgerad.de\/\",\"logo\":{\"@type\":\"ImageObject\",\"inLanguage\":\"en-US\",\"@id\":\"https:\/\/kgerad.de\/#\/schema\/logo\/image\/\",\"url\":\"https:\/\/kgerad.de\/wp-content\/uploads\/2025\/07\/logo-Whit.svg\",\"contentUrl\":\"https:\/\/kgerad.de\/wp-content\/uploads\/2025\/07\/logo-Whit.svg\",\"width\":1640,\"height\":371,\"caption\":\"MEINRADLADEN\"},\"image\":{\"@id\":\"https:\/\/kgerad.de\/#\/schema\/logo\/image\/\"}}]}<\/script>\n<!-- \/ Yoast SEO Premium plugin. -->","yoast_head_json":{"title":"Breezer LIBERTY R2.3+ ST Satin Black\/Gold","description":"Entdecken Sie unseren Online-Fahrradladen: Gro\u00dfe Auswahl an Modellen f\u00fcr alle Radsportbegeisterten. Von Rennr\u00e4dern bis zu Mountainbikes - finden Sie heute Ihren perfekten Wegbegleiter!","robots":{"index":"index","follow":"follow","max-snippet":"max-snippet:-1","max-image-preview":"max-image-preview:large","max-video-preview":"max-video-preview:-1"},"canonical":"https:\/\/kgerad.de\/en\/product\/breezer-liberty-r2-3-st-satin-black-gold\/","og_locale":"en_US","og_type":"article","og_title":"Breezer LIBERTY R2.3+ ST Satin Black\/Gold","og_description":"Entdecken Sie unseren Online-Fahrradladen: Gro\u00dfe Auswahl an Modellen f\u00fcr alle Radsportbegeisterten. Von Rennr\u00e4dern bis zu Mountainbikes - finden Sie heute Ihren perfekten Wegbegleiter!","og_url":"https:\/\/kgerad.de\/en\/product\/breezer-liberty-r2-3-st-satin-black-gold\/","og_site_name":"kgerad.de","article_modified_time":"2023-08-11T08:49:31+00:00","og_image":[{"width":1363,"height":877,"url":"https:\/\/kgerad.de\/wp-content\/uploads\/2023\/06\/2021_Breezer_LIBERTY_R23__ST_Black.jpg","type":"image\/jpeg"}],"twitter_card":"summary_large_image","twitter_misc":{"Est. reading time":"2 minutes"},"schema":{"@context":"https:\/\/schema.org","@graph":[{"@type":"WebPage","@id":"https:\/\/kgerad.de\/produkt\/breezer-liberty-r2-3-st-satin-black-gold\/","url":"https:\/\/kgerad.de\/produkt\/breezer-liberty-r2-3-st-satin-black-gold\/","name":"Breezer LIBERTY R2.3+ ST Satin Black\/Gold","isPartOf":{"@id":"https:\/\/kgerad.de\/#website"},"primaryImageOfPage":{"@id":"https:\/\/kgerad.de\/produkt\/breezer-liberty-r2-3-st-satin-black-gold\/#primaryimage"},"image":{"@id":"https:\/\/kgerad.de\/produkt\/breezer-liberty-r2-3-st-satin-black-gold\/#primaryimage"},"thumbnailUrl":"https:\/\/kgerad.de\/wp-content\/uploads\/2023\/06\/2021_Breezer_LIBERTY_R23__ST_Black.jpg","datePublished":"2022-11-15T14:22:59+00:00","dateModified":"2023-08-11T08:49:31+00:00","description":"Entdecken Sie unseren Online-Fahrradladen: Gro\u00dfe Auswahl an Modellen f\u00fcr alle Radsportbegeisterten. Von Rennr\u00e4dern bis zu Mountainbikes - finden Sie heute Ihren perfekten Wegbegleiter!","breadcrumb":{"@id":"https:\/\/kgerad.de\/produkt\/breezer-liberty-r2-3-st-satin-black-gold\/#breadcrumb"},"inLanguage":"en-US","potentialAction":[{"@type":"ReadAction","target":["https:\/\/kgerad.de\/produkt\/breezer-liberty-r2-3-st-satin-black-gold\/"]}]},{"@type":"ImageObject","inLanguage":"en-US","@id":"https:\/\/kgerad.de\/produkt\/breezer-liberty-r2-3-st-satin-black-gold\/#primaryimage","url":"https:\/\/kgerad.de\/wp-content\/uploads\/2023\/06\/2021_Breezer_LIBERTY_R23__ST_Black.jpg","contentUrl":"https:\/\/kgerad.de\/wp-content\/uploads\/2023\/06\/2021_Breezer_LIBERTY_R23__ST_Black.jpg","width":1363,"height":877,"caption":"Breezer LIBERTY R2.3+ ST Satin Black\/Gold"},{"@type":"BreadcrumbList","@id":"https:\/\/kgerad.de\/produkt\/breezer-liberty-r2-3-st-satin-black-gold\/#breadcrumb","itemListElement":[{"@type":"ListItem","position":1,"name":"Startseite","item":"https:\/\/kgerad.de\/"},{"@type":"ListItem","position":2,"name":"LADEN","item":"https:\/\/kgerad.de\/laden\/"},{"@type":"ListItem","position":3,"name":"Breezer LIBERTY R2.3+ ST Satin Black\/Gold"}]},{"@type":"WebSite","@id":"https:\/\/kgerad.de\/#website","url":"https:\/\/kgerad.de\/","name":"kgerad.de","description":"Treten Sie mit uns ins Abenteuer!","publisher":{"@id":"https:\/\/kgerad.de\/#organization"},"alternateName":"MEIN RADLADEN","potentialAction":[{"@type":"SearchAction","target":{"@type":"EntryPoint","urlTemplate":"https:\/\/kgerad.de\/?s={search_term_string}"},"query-input":{"@type":"PropertyValueSpecification","valueRequired":true,"valueName":"search_term_string"}}],"inLanguage":"en-US"},{"@type":"Organization","@id":"https:\/\/kgerad.de\/#organization","name":"MEINRADLADEN","alternateName":"MEIN RADLADEN","url":"https:\/\/kgerad.de\/","logo":{"@type":"ImageObject","inLanguage":"en-US","@id":"https:\/\/kgerad.de\/#\/schema\/logo\/image\/","url":"https:\/\/kgerad.de\/wp-content\/uploads\/2025\/07\/logo-Whit.svg","contentUrl":"https:\/\/kgerad.de\/wp-content\/uploads\/2025\/07\/logo-Whit.svg","width":1640,"height":371,"caption":"MEINRADLADEN"},"image":{"@id":"https:\/\/kgerad.de\/#\/schema\/logo\/image\/"}}]}},"_links":{"self":[{"href":"https:\/\/kgerad.de\/en\/wp-json\/wp\/v2\/product\/41109","targetHints":{"allow":["GET"]}}],"collection":[{"href":"https:\/\/kgerad.de\/en\/wp-json\/wp\/v2\/product"}],"about":[{"href":"https:\/\/kgerad.de\/en\/wp-json\/wp\/v2\/types\/product"}],"replies":[{"embeddable":true,"href":"https:\/\/kgerad.de\/en\/wp-json\/wp\/v2\/comments?post=41109"}],"version-history":[{"count":1,"href":"https:\/\/kgerad.de\/en\/wp-json\/wp\/v2\/product\/41109\/revisions"}],"predecessor-version":[{"id":79476,"href":"https:\/\/kgerad.de\/en\/wp-json\/wp\/v2\/product\/41109\/revisions\/79476"}],"wp:featuredmedia":[{"embeddable":true,"href":"https:\/\/kgerad.de\/en\/wp-json\/wp\/v2\/media\/62085"}],"wp:attachment":[{"href":"https:\/\/kgerad.de\/en\/wp-json\/wp\/v2\/media?parent=41109"}],"wp:term":[{"taxonomy":"product_brand","embeddable":true,"href":"https:\/\/kgerad.de\/en\/wp-json\/wp\/v2\/product_brand?post=41109"},{"taxonomy":"product_cat","embeddable":true,"href":"https:\/\/kgerad.de\/en\/wp-json\/wp\/v2\/product_cat?post=41109"},{"taxonomy":"product_tag","embeddable":true,"href":"https:\/\/kgerad.de\/en\/wp-json\/wp\/v2\/product_tag?post=41109"}],"curies":[{"name":"wp","href":"https:\/\/api.w.org\/{rel}","templated":true}]}}