{"id":40991,"date":"2022-11-15T13:28:41","date_gmt":"2022-11-15T12:28:41","guid":{"rendered":"https:\/\/kgerad.de\/?post_type=product&#038;p=40991"},"modified":"2023-08-11T11:27:34","modified_gmt":"2023-08-11T09:27:34","slug":"focus-izalco-max-disc-8-9","status":"publish","type":"product","link":"https:\/\/kgerad.de\/en\/product\/focus-izalco-max-disc-8-9\/","title":{"rendered":"Focus IZALCO MAX 8.9 DISC"},"content":{"rendered":"<h2 class=\"content--title\"><strong>Focus<\/strong> IZALCO MAX 8.9 DISC<\/h2>\n<p class=\"product--description\">Mehr als nur das Schnellste: Das FOCUS IZALCO MAX 8.9 vereint alle Vorz\u00fcge eines Rennrads in einem Rahmen. Die optimale Mischung aus Aerodynamik, geringem Gewicht und Komfort holt f\u00fcr dich mehr aus jeder Fahrt heraus \u2013 und das mit Stil. Das IZALCO MAX kommt mit Aero-Sattelst\u00fctze und aerodynamischem C.I.S. Vorbau mit interner Kabelf\u00fchrung.<\/p>\n<p>Breitere 28 mm-Reifen sorgen f\u00fcr Komfort und Pannenschutz, insbesondere auf schlechterem Untergrund. Das IZALCO MAX bringt deine Leistung sofort auf die Stra\u00dfe.<\/p>\n<hr \/>\n<h3>Features &#8211; Focus IZALCO MAX DISC 8.9<\/h3>\n<p><b>Im Windkanal optimiert<\/b><br \/>\nUm minimalen Windwiderstand zu bieten, hat Focus einen Vorbau samt vollintegriertem Steuersatz entwickelt. Auch die eigens entwickelte Sattelst\u00fctze schmiegt sich in das aerodynamische Design des IZALCO MAX.<\/p>\n<p><b>In Summe schneller<\/b><br \/>\nDas komplett aus Carbon gefertigte IZALCO MAX ist super leicht und agil. Das extrem steife Tretlager wandelt den Antritt sofort in Vortrieb um. Leicht am Berg, spritzig im Sprint, schnittig im Wind.<\/p>\n<p><b>Setzt Ma\u00dfst\u00e4be f\u00fcr die Zukunft<\/b><br \/>\nDas IZALCO MAX setzt Ma\u00dfst\u00e4be als zukunftsweisender Vorreiter: der Technologie-Tr\u00e4ger von Focus kombiniert Disc-Bremsen perfekt mit dem aerodynamischen Rahmen.<\/p>\n<h3>Gewicht<\/h3>\n<ul>\n<li><b>Rahmen:<\/b>\u00a01040 g (Gr\u00f6\u00dfe M, lackiert, ohne Anbauteile)<\/li>\n<li><b>Gabel:<\/b>\u00a0380 g (Gr\u00f6\u00dfe M, lackiert, ohne Anbauteile)<\/li>\n<\/ul>\n<hr \/>\n<h3>Technologien<\/h3>\n<p><strong>MAX CARBON TECHNOLOGY<\/strong><br \/>\nDie MAX Carbon Technologie pusht die Grenzen des Leichtbaus. Wir benutzen hochsteife Ultra High Modulus Carbonfasern in einem Faser basierten Design um das Verh\u00e4ltnis von Gewicht zu Steifigkeit zu optimieren. Das erm\u00f6glicht, wenn es mit einem Hochdruck Molding-Verfahren kombiniert wird, eine maximale Festigkeit, die allen Testverfahren deutlich \u00fcber Norm standh\u00e4lt. Damit konstruieren wir die leichtesten Rahmen der Welt.<\/p>\n<p><strong>Cockpit Integration Solution\u00a0<b>|<\/b>\u00a0C.I.S.<\/strong><br \/>\nC.I.S. steht f\u00fcr Cockpit Integration Solution und f\u00fchrt alle integrierten Z\u00fcge und Kabel im Cockpit deines Rennrads, Gravel- oder Mountainbikes zusammen. Wir haben verschiedene C.I.S. Vorbau- L\u00f6sungen entwickelt, die den Anspr\u00fcchen der jeweiligen Rad-Kategorie entsprechen, z.B. einen Aero-Vorbau f\u00fcr das IZALCO MAX oder einen super kurzen Vorbau f\u00fcr unsere Mountainbikes. Sie haben alle eins gemein: Sie f\u00fchren alle Kabel durch Vorbau und Steuersatz in den Rahmen und liefern perfekte Funktionalit\u00e4t sowohl f\u00fcr elektronische als auch mechanische Schaltungen. Damit bekommt dein Cockpit ein aufger\u00e4umtes Design und alle Kabel verlaufen gut gesch\u00fctzt innenliegend.<\/p>\n<p><b>Rapid Axle Technology | R.A.T.<\/b><br \/>\nR.A.T. ist die schnellste Steckachse der Welt und steht f\u00fcr Rapid Axle Technology. Es ist das erste Steckachsensystem, das die Stabilit\u00e4t, Ausrichtung und die Seitensteifigkeit einer Steckachse mit einem extrem schnellen Laufradwechsel verbindet. In Simplizit\u00e4t und Geschwindigkeit \u00fcbertrifft das patentierte R.A.T. System dabei sogar herk\u00f6mmliche Schnellspanner.<\/p>\n<p><b>Stable Stiffness Per Size | S.S.P.S.<\/b><br \/>\nDamit alle Bike-Gr\u00f6\u00dfen die gleichen Fahreigenschaften bieten, werden alle angebotenen Rahmenh\u00f6hen individuell konstruiert und verf\u00fcgen \u00fcber ein eigens entwickeltes Carbon Lay-up. Durch diese Stable Stiffness Per Size (SSPS)-Fertigung wird gew\u00e4hrleistet, dass alle Gr\u00f6\u00dfenvarianten das optimale Verh\u00e4ltnis von Gewicht zu Steifigkeit bieten.<\/p>\n<h2>Ausstattung<\/h2>\n<div class=\"product--properties panel has--border\">\n<table class=\"product--properties-table\">\n<tbody>\n<tr class=\"product--properties-row row1\">\n<td class=\"product--properties-label is--bold\">Rahmen:<\/td>\n<td class=\"product--properties-value\">MAX technology carbon, disc, BB86, 142&#215;12 mm thru axle, R.A.T Evo technology, Di2\/mechanical, flat mount 160 mm, internal cable routing<\/td>\n<\/tr>\n<tr class=\"product--properties-row row2\">\n<td class=\"product--properties-label is--bold\">Rahmenmaterial:<\/td>\n<td class=\"product--properties-value\">Carbon<\/td>\n<\/tr>\n<tr class=\"product--properties-row row3\">\n<td class=\"product--properties-label is--bold\">Laufradgr\u00f6\u00dfe:<\/td>\n<td class=\"product--properties-value\">28&#8243;<\/td>\n<\/tr>\n<tr class=\"product--properties-row row4\">\n<td class=\"product--properties-label is--bold\">Farbe:<\/td>\n<td class=\"product--properties-value\">blue green<\/td>\n<\/tr>\n<tr class=\"product--properties-row row5\">\n<td class=\"product--properties-label is--bold\">Gabel:<\/td>\n<td class=\"product--properties-value\">MAX technology carbon, integrated, disc, 100&#215;12 mm R.A.T thru axle, R.A.T Evo technology, flat mount 160\/140 mm, internal brake cable routing<\/td>\n<\/tr>\n<tr class=\"product--properties-row row6\">\n<td class=\"product--properties-label is--bold\">Bremsen:<\/td>\n<td class=\"product--properties-value\">Shimano Ultegra R8020<\/td>\n<\/tr>\n<tr class=\"product--properties-row row7\">\n<td class=\"product--properties-label is--bold\">Vorbau:<\/td>\n<td class=\"product--properties-value\">FOCUS C.I.S. integrated, 31.8 mm, aluminium<\/td>\n<\/tr>\n<tr class=\"product--properties-row row8\">\n<td class=\"product--properties-label is--bold\">Lenker:<\/td>\n<td class=\"product--properties-value\">BBB Basic, Aluminium, drop: 125 mm, reach: 70mm<\/td>\n<\/tr>\n<tr class=\"product--properties-row row9\">\n<td class=\"product--properties-label is--bold\">Griffe:<\/td>\n<td class=\"product--properties-value\">Focus Bartape SL<\/td>\n<\/tr>\n<tr class=\"product--properties-row row10\">\n<td class=\"product--properties-label is--bold\">Sattel:<\/td>\n<td class=\"product--properties-value\">fi&#8217;zi:k Antares R7<\/td>\n<\/tr>\n<tr class=\"product--properties-row row11\">\n<td class=\"product--properties-label is--bold\">Sattelst\u00fctze:<\/td>\n<td class=\"product--properties-value\">Focus Aero Carbon, D-shape, 350mm, set-back: 15mm<\/td>\n<\/tr>\n<tr class=\"product--properties-row row12\">\n<td class=\"product--properties-label is--bold\">Kurbel:<\/td>\n<td class=\"product--properties-value\">Shimano Ultegra R8000<\/td>\n<\/tr>\n<tr class=\"product--properties-row row13\">\n<td class=\"product--properties-label is--bold\">Schaltwerk:<\/td>\n<td class=\"product--properties-value\">Shimano Ultegra R8000, 2&#215;11<\/td>\n<\/tr>\n<tr class=\"product--properties-row row14\">\n<td class=\"product--properties-label is--bold\">Schalthebel:<\/td>\n<td class=\"product--properties-value\">Shimano Ultegra R8000<\/td>\n<\/tr>\n<tr class=\"product--properties-row row15\">\n<td class=\"product--properties-label is--bold\">Kassette:<\/td>\n<td class=\"product--properties-value\">Shimano Ultegra R8000<\/td>\n<\/tr>\n<\/tbody>\n<\/table>\n<table class=\"product--properties-table\">\n<tbody>\n<tr class=\"product--properties-row row16\">\n<td class=\"product--properties-label is--bold\">Kette:<\/td>\n<td class=\"product--properties-value\">Shimano CN-HG701<\/td>\n<\/tr>\n<tr class=\"product--properties-row row17\">\n<td class=\"product--properties-label is--bold\">Reifen:<\/td>\n<td class=\"product--properties-value\">Vittoria Rubino TLR, 700 x 28C, Folding<\/td>\n<\/tr>\n<tr class=\"product--properties-row row18\">\n<td class=\"product--properties-label is--bold\">Laufradsatz:<\/td>\n<td class=\"product--properties-value\">Novatec R4, carbon, 21-622, front: 12&#215;100 mm, rear: 12&#215;142 mm, height: 45 mm<\/td>\n<\/tr>\n<tr class=\"product--properties-row row19\">\n<td class=\"product--properties-label is--bold\">Pedale:<\/td>\n<td class=\"product--properties-value\">nicht im Lieferumfang enthalten<\/td>\n<\/tr>\n<tr class=\"product--properties-row row20\">\n<td class=\"product--properties-label is--bold\">Zul\u00e4ssiges Gesamtgewicht:<\/td>\n<td class=\"product--properties-value\">110 kg (K\u00f6rpergewicht + Fahrrad + Ausr\u00fcstung)<\/td>\n<\/tr>\n<tr class=\"product--properties-row row21\">\n<td class=\"product--properties-label is--bold\">Gewicht Komplettrad:<\/td>\n<td class=\"product--properties-value\">8,0 kg<\/td>\n<\/tr>\n<\/tbody>\n<\/table>\n<\/div>","protected":false},"excerpt":{"rendered":"<div class=\"tab-menu--product js--tab-menu\">\n<div class=\"tab--container-list\">\n<div class=\"tab--container description has--content is--active\">\n<div class=\"tab--content box-description\">\n<div class=\"content--description\">\n<div class=\"ean-box\"><label>Modelljahr: <span style=\"font-size: 16px;\">2022<\/span><\/label><\/div>\n<\/div>\n<\/div>\n<\/div>\n<\/div>\n<\/div>\n<p><a class=\"rating-link-info--box\" name=\"product--publish-comment\"><\/a><\/p>\n<div id=\"detail--product-reviews\" class=\"content--product-reviews 123\"><\/div>","protected":false},"featured_media":62040,"comment_status":"open","ping_status":"closed","template":"","meta":[],"product_brand":[],"product_cat":[36,129],"product_tag":[],"class_list":{"0":"post-40991","1":"product","2":"type-product","3":"status-publish","4":"has-post-thumbnail","6":"product_cat-fahrrad","7":"product_cat-rennrad","8":"pa_marke-focus","10":"first","11":"instock","12":"sale","13":"taxable","14":"shipping-taxable","15":"purchasable","16":"product-type-variable"},"yoast_head":"<!-- This site is optimized with the Yoast SEO Premium plugin v20.12 (Yoast SEO v27.1.1) - https:\/\/yoast.com\/product\/yoast-seo-premium-wordpress\/ -->\n<title>Focus IZALCO MAX 8.9 DISC<\/title>\n<meta name=\"description\" content=\"kgerad.de bietet Ihnen das Focus IZALCO MAX 8.9 DISC zum besten Preis mit kostenlosem Versand in ganz EuropaFOCUS IZALCO MAX 8.9\" \/>\n<meta name=\"robots\" content=\"index, follow, max-snippet:-1, max-image-preview:large, max-video-preview:-1\" \/>\n<link rel=\"canonical\" href=\"https:\/\/kgerad.de\/en\/product\/focus-izalco-max-disc-8-9\/\" \/>\n<meta property=\"og:locale\" content=\"en_US\" \/>\n<meta property=\"og:type\" content=\"article\" \/>\n<meta property=\"og:title\" content=\"Focus IZALCO MAX 8.9 DISC\" \/>\n<meta property=\"og:description\" content=\"Entdecken Sie unseren Online-Fahrradladen: Gro\u00dfe Auswahl an Modellen f\u00fcr alle Radsportbegeisterten. Von Rennr\u00e4dern bis zu Mountainbikes - finden Sie heute Ihren perfekten Wegbegleiter!\" \/>\n<meta property=\"og:url\" content=\"https:\/\/kgerad.de\/en\/product\/focus-izalco-max-disc-8-9\/\" \/>\n<meta property=\"og:site_name\" content=\"kgerad.de\" \/>\n<meta property=\"article:modified_time\" content=\"2023-08-11T09:27:34+00:00\" \/>\n<meta property=\"og:image\" content=\"https:\/\/kgerad.de\/wp-content\/uploads\/2023\/06\/Focus-IZALCO-MAX-DISC-8.9.jpg\" \/>\n\t<meta property=\"og:image:width\" content=\"800\" \/>\n\t<meta property=\"og:image:height\" content=\"503\" \/>\n\t<meta property=\"og:image:type\" content=\"image\/jpeg\" \/>\n<meta name=\"twitter:card\" content=\"summary_large_image\" \/>\n<meta name=\"twitter:label1\" content=\"Est. reading time\" \/>\n\t<meta name=\"twitter:data1\" content=\"4 minutes\" \/>\n<script type=\"application\/ld+json\" class=\"yoast-schema-graph\">{\"@context\":\"https:\/\/schema.org\",\"@graph\":[{\"@type\":\"WebPage\",\"@id\":\"https:\/\/kgerad.de\/produkt\/focus-izalco-max-disc-8-9\/\",\"url\":\"https:\/\/kgerad.de\/produkt\/focus-izalco-max-disc-8-9\/\",\"name\":\"Focus IZALCO MAX 8.9 DISC\",\"isPartOf\":{\"@id\":\"https:\/\/kgerad.de\/#website\"},\"primaryImageOfPage\":{\"@id\":\"https:\/\/kgerad.de\/produkt\/focus-izalco-max-disc-8-9\/#primaryimage\"},\"image\":{\"@id\":\"https:\/\/kgerad.de\/produkt\/focus-izalco-max-disc-8-9\/#primaryimage\"},\"thumbnailUrl\":\"https:\/\/kgerad.de\/wp-content\/uploads\/2023\/06\/Focus-IZALCO-MAX-DISC-8.9.jpg\",\"datePublished\":\"2022-11-15T12:28:41+00:00\",\"dateModified\":\"2023-08-11T09:27:34+00:00\",\"description\":\"kgerad.de bietet Ihnen das Focus IZALCO MAX 8.9 DISC zum besten Preis mit kostenlosem Versand in ganz EuropaFOCUS IZALCO MAX 8.9\",\"breadcrumb\":{\"@id\":\"https:\/\/kgerad.de\/produkt\/focus-izalco-max-disc-8-9\/#breadcrumb\"},\"inLanguage\":\"en-US\",\"potentialAction\":[{\"@type\":\"ReadAction\",\"target\":[\"https:\/\/kgerad.de\/produkt\/focus-izalco-max-disc-8-9\/\"]}]},{\"@type\":\"ImageObject\",\"inLanguage\":\"en-US\",\"@id\":\"https:\/\/kgerad.de\/produkt\/focus-izalco-max-disc-8-9\/#primaryimage\",\"url\":\"https:\/\/kgerad.de\/wp-content\/uploads\/2023\/06\/Focus-IZALCO-MAX-DISC-8.9.jpg\",\"contentUrl\":\"https:\/\/kgerad.de\/wp-content\/uploads\/2023\/06\/Focus-IZALCO-MAX-DISC-8.9.jpg\",\"width\":800,\"height\":503,\"caption\":\"Focus IZALCO MAX DISC 8.9\"},{\"@type\":\"BreadcrumbList\",\"@id\":\"https:\/\/kgerad.de\/produkt\/focus-izalco-max-disc-8-9\/#breadcrumb\",\"itemListElement\":[{\"@type\":\"ListItem\",\"position\":1,\"name\":\"Startseite\",\"item\":\"https:\/\/kgerad.de\/\"},{\"@type\":\"ListItem\",\"position\":2,\"name\":\"LADEN\",\"item\":\"https:\/\/kgerad.de\/laden\/\"},{\"@type\":\"ListItem\",\"position\":3,\"name\":\"Focus IZALCO MAX 8.9 DISC\"}]},{\"@type\":\"WebSite\",\"@id\":\"https:\/\/kgerad.de\/#website\",\"url\":\"https:\/\/kgerad.de\/\",\"name\":\"kgerad.de\",\"description\":\"Treten Sie mit uns ins Abenteuer!\",\"publisher\":{\"@id\":\"https:\/\/kgerad.de\/#organization\"},\"alternateName\":\"MEIN RADLADEN\",\"potentialAction\":[{\"@type\":\"SearchAction\",\"target\":{\"@type\":\"EntryPoint\",\"urlTemplate\":\"https:\/\/kgerad.de\/?s={search_term_string}\"},\"query-input\":{\"@type\":\"PropertyValueSpecification\",\"valueRequired\":true,\"valueName\":\"search_term_string\"}}],\"inLanguage\":\"en-US\"},{\"@type\":\"Organization\",\"@id\":\"https:\/\/kgerad.de\/#organization\",\"name\":\"MEINRADLADEN\",\"alternateName\":\"MEIN RADLADEN\",\"url\":\"https:\/\/kgerad.de\/\",\"logo\":{\"@type\":\"ImageObject\",\"inLanguage\":\"en-US\",\"@id\":\"https:\/\/kgerad.de\/#\/schema\/logo\/image\/\",\"url\":\"https:\/\/kgerad.de\/wp-content\/uploads\/2025\/07\/logo-Whit.svg\",\"contentUrl\":\"https:\/\/kgerad.de\/wp-content\/uploads\/2025\/07\/logo-Whit.svg\",\"width\":1640,\"height\":371,\"caption\":\"MEINRADLADEN\"},\"image\":{\"@id\":\"https:\/\/kgerad.de\/#\/schema\/logo\/image\/\"}}]}<\/script>\n<!-- \/ Yoast SEO Premium plugin. -->","yoast_head_json":{"title":"Focus IZALCO MAX 8.9 DISC","description":"kgerad.de bietet Ihnen das Focus IZALCO MAX 8.9 DISC zum besten Preis mit kostenlosem Versand in ganz EuropaFOCUS IZALCO MAX 8.9","robots":{"index":"index","follow":"follow","max-snippet":"max-snippet:-1","max-image-preview":"max-image-preview:large","max-video-preview":"max-video-preview:-1"},"canonical":"https:\/\/kgerad.de\/en\/product\/focus-izalco-max-disc-8-9\/","og_locale":"en_US","og_type":"article","og_title":"Focus IZALCO MAX 8.9 DISC","og_description":"Entdecken Sie unseren Online-Fahrradladen: Gro\u00dfe Auswahl an Modellen f\u00fcr alle Radsportbegeisterten. Von Rennr\u00e4dern bis zu Mountainbikes - finden Sie heute Ihren perfekten Wegbegleiter!","og_url":"https:\/\/kgerad.de\/en\/product\/focus-izalco-max-disc-8-9\/","og_site_name":"kgerad.de","article_modified_time":"2023-08-11T09:27:34+00:00","og_image":[{"width":800,"height":503,"url":"https:\/\/kgerad.de\/wp-content\/uploads\/2023\/06\/Focus-IZALCO-MAX-DISC-8.9.jpg","type":"image\/jpeg"}],"twitter_card":"summary_large_image","twitter_misc":{"Est. reading time":"4 minutes"},"schema":{"@context":"https:\/\/schema.org","@graph":[{"@type":"WebPage","@id":"https:\/\/kgerad.de\/produkt\/focus-izalco-max-disc-8-9\/","url":"https:\/\/kgerad.de\/produkt\/focus-izalco-max-disc-8-9\/","name":"Focus IZALCO MAX 8.9 DISC","isPartOf":{"@id":"https:\/\/kgerad.de\/#website"},"primaryImageOfPage":{"@id":"https:\/\/kgerad.de\/produkt\/focus-izalco-max-disc-8-9\/#primaryimage"},"image":{"@id":"https:\/\/kgerad.de\/produkt\/focus-izalco-max-disc-8-9\/#primaryimage"},"thumbnailUrl":"https:\/\/kgerad.de\/wp-content\/uploads\/2023\/06\/Focus-IZALCO-MAX-DISC-8.9.jpg","datePublished":"2022-11-15T12:28:41+00:00","dateModified":"2023-08-11T09:27:34+00:00","description":"kgerad.de bietet Ihnen das Focus IZALCO MAX 8.9 DISC zum besten Preis mit kostenlosem Versand in ganz EuropaFOCUS IZALCO MAX 8.9","breadcrumb":{"@id":"https:\/\/kgerad.de\/produkt\/focus-izalco-max-disc-8-9\/#breadcrumb"},"inLanguage":"en-US","potentialAction":[{"@type":"ReadAction","target":["https:\/\/kgerad.de\/produkt\/focus-izalco-max-disc-8-9\/"]}]},{"@type":"ImageObject","inLanguage":"en-US","@id":"https:\/\/kgerad.de\/produkt\/focus-izalco-max-disc-8-9\/#primaryimage","url":"https:\/\/kgerad.de\/wp-content\/uploads\/2023\/06\/Focus-IZALCO-MAX-DISC-8.9.jpg","contentUrl":"https:\/\/kgerad.de\/wp-content\/uploads\/2023\/06\/Focus-IZALCO-MAX-DISC-8.9.jpg","width":800,"height":503,"caption":"Focus IZALCO MAX DISC 8.9"},{"@type":"BreadcrumbList","@id":"https:\/\/kgerad.de\/produkt\/focus-izalco-max-disc-8-9\/#breadcrumb","itemListElement":[{"@type":"ListItem","position":1,"name":"Startseite","item":"https:\/\/kgerad.de\/"},{"@type":"ListItem","position":2,"name":"LADEN","item":"https:\/\/kgerad.de\/laden\/"},{"@type":"ListItem","position":3,"name":"Focus IZALCO MAX 8.9 DISC"}]},{"@type":"WebSite","@id":"https:\/\/kgerad.de\/#website","url":"https:\/\/kgerad.de\/","name":"kgerad.de","description":"Treten Sie mit uns ins Abenteuer!","publisher":{"@id":"https:\/\/kgerad.de\/#organization"},"alternateName":"MEIN RADLADEN","potentialAction":[{"@type":"SearchAction","target":{"@type":"EntryPoint","urlTemplate":"https:\/\/kgerad.de\/?s={search_term_string}"},"query-input":{"@type":"PropertyValueSpecification","valueRequired":true,"valueName":"search_term_string"}}],"inLanguage":"en-US"},{"@type":"Organization","@id":"https:\/\/kgerad.de\/#organization","name":"MEINRADLADEN","alternateName":"MEIN RADLADEN","url":"https:\/\/kgerad.de\/","logo":{"@type":"ImageObject","inLanguage":"en-US","@id":"https:\/\/kgerad.de\/#\/schema\/logo\/image\/","url":"https:\/\/kgerad.de\/wp-content\/uploads\/2025\/07\/logo-Whit.svg","contentUrl":"https:\/\/kgerad.de\/wp-content\/uploads\/2025\/07\/logo-Whit.svg","width":1640,"height":371,"caption":"MEINRADLADEN"},"image":{"@id":"https:\/\/kgerad.de\/#\/schema\/logo\/image\/"}}]}},"_links":{"self":[{"href":"https:\/\/kgerad.de\/en\/wp-json\/wp\/v2\/product\/40991","targetHints":{"allow":["GET"]}}],"collection":[{"href":"https:\/\/kgerad.de\/en\/wp-json\/wp\/v2\/product"}],"about":[{"href":"https:\/\/kgerad.de\/en\/wp-json\/wp\/v2\/types\/product"}],"replies":[{"embeddable":true,"href":"https:\/\/kgerad.de\/en\/wp-json\/wp\/v2\/comments?post=40991"}],"version-history":[{"count":1,"href":"https:\/\/kgerad.de\/en\/wp-json\/wp\/v2\/product\/40991\/revisions"}],"predecessor-version":[{"id":79525,"href":"https:\/\/kgerad.de\/en\/wp-json\/wp\/v2\/product\/40991\/revisions\/79525"}],"wp:featuredmedia":[{"embeddable":true,"href":"https:\/\/kgerad.de\/en\/wp-json\/wp\/v2\/media\/62040"}],"wp:attachment":[{"href":"https:\/\/kgerad.de\/en\/wp-json\/wp\/v2\/media?parent=40991"}],"wp:term":[{"taxonomy":"product_brand","embeddable":true,"href":"https:\/\/kgerad.de\/en\/wp-json\/wp\/v2\/product_brand?post=40991"},{"taxonomy":"product_cat","embeddable":true,"href":"https:\/\/kgerad.de\/en\/wp-json\/wp\/v2\/product_cat?post=40991"},{"taxonomy":"product_tag","embeddable":true,"href":"https:\/\/kgerad.de\/en\/wp-json\/wp\/v2\/product_tag?post=40991"}],"curies":[{"name":"wp","href":"https:\/\/api.w.org\/{rel}","templated":true}]}}