{"id":40903,"date":"2022-11-15T11:42:41","date_gmt":"2022-11-15T10:42:41","guid":{"rendered":"https:\/\/kgerad.de\/?post_type=product&#038;p=40903"},"modified":"2023-08-11T11:06:22","modified_gmt":"2023-08-11T09:06:22","slug":"ortler-urbn-lite-tr-1-0-weis","status":"publish","type":"product","link":"https:\/\/kgerad.de\/en\/product\/ortler-urbn-lite-tr-1-0-weis\/","title":{"rendered":"Ortler URBN Lite TR 1.0 wei\u00df"},"content":{"rendered":"<h2 class=\"product-name cyc-typo_display-3 cyc-margin_bottom-1 cyc-no-texttransform js-productName\">Ortler URBN Lite TR 1.0 wei\u00df<\/h2>\n<p>Dein E-Bike kann mehr, als dich bequem von A nach B zu bringen. Du kannst mit deinem Telefon bezahlen, es schlie\u00dft die Haust\u00fcr auf, \u00fcberweist Geld und verschickt Pakete. Wenn du mit dem Ortler URBN Lite 1.0 unterwegs bist, verr\u00e4t es dir zus\u00e4tzlich eine Menge Dinge \u00fcber dein Fahrrad. So reizt du das Potential deines E-Bikes voll aus, auch und gerade dann, wenn du nicht im Sattel sitzt!<\/p>\n<p><b>Das Internet of Things im Fahrrad<\/b><br \/>\nDie verbaute Kommunikationseinheit mit GPS und LTE hebt das Ortler URBN Lite 1.0 von praktisch allen anderen E-Bikes ab, die momentan auf dem Markt sind. So wei\u00df das Fahrrad nicht nur jederzeit, wo es sich befindet, sondern kann seinen Standort, Fahrstatistiken, zur\u00fcckgelegte Strecke, wie viel Co2 gespart wurde oder die\u00a0Fahrzeit &#8211; auch per Mobilfunk an eine auf deinem Telefon installierte Fahr-Rad-App \u00fcbertragen. Dadurch hast du immer den vollen \u00dcberblick, selbst wenn das Rad vor der T\u00fcr steht.<\/p>\n<p><b>Vernetzung bringt Sicherheit<\/b><br \/>\nEs liegt auf der Hand, dass eine bessere Vernetzung vor allem die Sicherheit des Rades steigert. Es hat einen eingebauten Bewegungsalarm, wodurch Du jedes Mal eine Meldung bekommst, wenn das E-Bike bewegt wird. Sollte doch einmal der unwahrscheinliche Fall eintreten, dass dieser Schutz umgangen wird, dann bleibt dir immer noch die von au\u00dfen nicht sichtbare GPS-Einheit, mit der du den Standort des Rades in der App verfolgen kannst. So hast du selbst im Fall eines Diebstahls noch eine gute Chance, schnell wieder auf deinem Rad unterwegs zu sein.<\/p>\n<p><b>Technische Informationen<\/b><\/p>\n<table cellspacing=\"0\" cellpadding=\"0\">\n<tbody>\n<tr>\n<td valign=\"top\"><b>Rahmenbausatz<\/b><\/td>\n<td valign=\"top\"><\/td>\n<\/tr>\n<tr>\n<td valign=\"top\">Rahmen<\/td>\n<td valign=\"top\">Aluminium, Wellentyp<\/td>\n<\/tr>\n<tr>\n<td valign=\"top\">Gabel<\/td>\n<td valign=\"top\">SR Suntour CR-8V, 50 mm Federweg<\/td>\n<\/tr>\n<tr>\n<td valign=\"top\">Headset<\/td>\n<td valign=\"top\">CN<\/td>\n<\/tr>\n<tr>\n<td valign=\"top\"><b>Motorisierung<\/b><\/td>\n<td valign=\"top\"><\/td>\n<\/tr>\n<tr>\n<td valign=\"top\">Motor<\/td>\n<td valign=\"top\">Bosch ActiveLine:<\/p>\n<p>&#8211; Unterst\u00fctzung bis 25 km\/h &#8211; Leistung: 250 Watt;<\/p>\n<p>&#8211; Verhalten: harmonisch;<\/p>\n<p>&#8211; 4 Unterst\u00fctzungsstufen (Unterst\u00fctzungsstufe \u2013 maximales Drehmoment):<\/p>\n<p>Eco (40 % \u2013 30 Nm) \/ Tour (100 % \u2013 35 Nm) \/ Sport (170 % \u2013 38 Nm) \/ Turbo (250 % \u2013 40 Nm);<\/p>\n<p>&#8211; Erkennung von Gangwechseln und automatische Anpassung dank drei Sensoren, die mehr als 1.000 Mal pro Sekunde Tretkraft, Trittfrequenz und Geschwindigkeit messen;<\/p>\n<p>&#8211; Gehhilfe bis 6 km\/h.<\/td>\n<\/tr>\n<tr>\n<td valign=\"top\">Batterie<\/td>\n<td valign=\"top\">Akku: Bosch Power Pack, Li-Ion 300 Wh, 36\/8,2 Volt\/Ah,<\/p>\n<p>&#8211; Ladezeit 4,5 &#8211; 7,5 h, 1000 Ladezyklen<\/p>\n<p>Ladeger\u00e4t: Bosch 2A Schnellladeger\u00e4t, 230 Volt, 460 Watt<\/p>\n<p>&nbsp;<\/p>\n<p><b>Informationen<\/b>\u00a0:<\/p>\n<p>Die Autonomien werden nur zur Information angegeben.\u00a0Die Hauptfaktoren f\u00fcr den Verlust der Autonomie sind: Gegenwind, Steigungen, Temperatur unter 15 \u00b0C, Reifen mit zu geringem Luftdruck, Benutzergewicht \u00fcber 70 kg, falsche Fahrradeinstellung, falsche Gangschaltung.<\/td>\n<\/tr>\n<tr>\n<td valign=\"top\">Konsole<\/td>\n<td valign=\"top\">Bosch-Purion:<\/p>\n<p>&#8211; Einfache und kompakte Konsole;<\/p>\n<p>-Funktionen: Auswahl und Anzeige der Unterst\u00fctzungsstufe (Aus, Eco, Tour, eMTB\/Sport, Turbo, Gehhilfe), Akkuladung, Momentan-, Durchschnitts- und Maximalgeschwindigkeit, Tages- und Gesamtkilometer, Hintergrundbeleuchtung .<\/td>\n<\/tr>\n<tr>\n<td valign=\"top\"><b>\u00dcbertragung<\/b><\/td>\n<td valign=\"top\"><\/td>\n<\/tr>\n<tr>\n<td valign=\"top\">Integrierter Hub<\/td>\n<td valign=\"top\">Shimano Nexus 7-Gang<\/td>\n<\/tr>\n<tr>\n<td valign=\"top\">Gangschaltung<\/td>\n<td valign=\"top\">Shimano Nexus 7<\/td>\n<\/tr>\n<tr>\n<td valign=\"top\">Pedalboard<\/td>\n<td valign=\"top\">Miranda, 38 Z\u00e4hne Kettenblatt, 170 mm Kurbeln<\/td>\n<\/tr>\n<tr>\n<td valign=\"top\">Tretlager<\/td>\n<td valign=\"top\">integriert<\/td>\n<\/tr>\n<tr>\n<td valign=\"top\">Kassette<\/td>\n<td valign=\"top\">Shimano, 18 Z\u00e4hne<\/td>\n<\/tr>\n<tr>\n<td valign=\"top\">Kette<\/td>\n<td valign=\"top\">KMC Z1W<\/td>\n<\/tr>\n<tr>\n<td valign=\"top\">Bremsen<\/td>\n<td valign=\"top\">Vorne: Shimano BR-T4000 V-Bremse<\/p>\n<p>Hinten: Shimano BR-T4000 V-Bremse + R\u00fccktritt<\/td>\n<\/tr>\n<tr>\n<td valign=\"top\"><b>R\u00e4der und bereifung<\/b><\/td>\n<td valign=\"top\"><\/td>\n<\/tr>\n<tr>\n<td valign=\"top\">R\u00e4der<\/td>\n<td valign=\"top\">Felgen: Sch\u00fcrmann Yak-19, Aluminium<\/p>\n<p>Vorderradnabe: Shimano HBTX500<\/p>\n<p>Shimano Nexus Hinterradnabe mit interner Schaltung, 7 G\u00e4nge<\/p>\n<p>Speichen: Niro 2<\/td>\n<\/tr>\n<tr>\n<td valign=\"top\">Reifen<\/td>\n<td valign=\"top\">Vorne: Schwalbe Road Cruiser 28&#8243;, 42 mm, reflektierend<\/p>\n<p>Hinten: Schwalbe Road Cruiser 28&#8243;, 42 mm, reflektierend<\/td>\n<\/tr>\n<tr>\n<td valign=\"top\"><b>Peripherieger\u00e4te<\/b><\/td>\n<td valign=\"top\"><\/td>\n<\/tr>\n<tr>\n<td valign=\"top\">Aufh\u00e4nger<\/td>\n<td valign=\"top\">Riser-Bar Kalloy HB-RB11, 680 mm, Aluminium<\/td>\n<\/tr>\n<tr>\n<td valign=\"top\">Stengel<\/td>\n<td valign=\"top\">A-Kopf Kalloy ASDC1, Aluminium<\/td>\n<\/tr>\n<tr>\n<td valign=\"top\">Griffe<\/td>\n<td valign=\"top\">CN<\/td>\n<\/tr>\n<tr>\n<td valign=\"top\">Sattelstiel<\/td>\n<td valign=\"top\">Kalloy 30,4 mm, Aluminium<\/td>\n<\/tr>\n<tr>\n<td valign=\"top\">Sattel<\/td>\n<td valign=\"top\">Verkaufe Royal Rio Plus<\/td>\n<\/tr>\n<tr>\n<td valign=\"top\"><b>Beleuchtung<\/b><\/td>\n<td valign=\"top\"><\/td>\n<\/tr>\n<tr>\n<td valign=\"top\">Frontbeleuchtung<\/td>\n<td valign=\"top\">Trelock LS230 20 Lux, Led<\/td>\n<\/tr>\n<tr>\n<td valign=\"top\">Beleuchtung hinten<\/td>\n<td valign=\"top\">Axa Blueline<\/td>\n<\/tr>\n<tr>\n<td valign=\"top\"><b>Beiliegendes Zubeh\u00f6r<\/b><\/td>\n<td valign=\"top\">Standwell Alu-Gep\u00e4cktr\u00e4ger, Kunststoff-Schutzbleche, Hinterbaust\u00e4nder, Kunststoff-Pedale, Klingel, Reflektoren und technische Dokumentation<\/td>\n<\/tr>\n<tr>\n<td valign=\"top\"><b>Maximal zul\u00e4ssiges Gesamtgewicht<\/b><\/td>\n<td valign=\"top\">120kg<\/td>\n<\/tr>\n<\/tbody>\n<\/table>","protected":false},"excerpt":{"rendered":"<p>Ortler URBN Lite TR 1.0 wei\u00df Dein E-Bike kann mehr, als dich bequem von A nach B zu bringen. Du<\/p>","protected":false},"featured_media":62002,"comment_status":"open","ping_status":"closed","template":"","meta":[],"product_brand":[],"product_cat":[33,247],"product_tag":[],"class_list":{"0":"post-40903","1":"product","2":"type-product","3":"status-publish","4":"has-post-thumbnail","6":"product_cat-e-bike","7":"product_cat-e-bike-trekking","8":"pa_marke-ortler","10":"first","11":"instock","12":"sale","13":"taxable","14":"shipping-taxable","15":"purchasable","16":"product-type-variable"},"yoast_head":"<!-- This site is optimized with the Yoast SEO Premium plugin v20.12 (Yoast SEO v27.1.1) - https:\/\/yoast.com\/product\/yoast-seo-premium-wordpress\/ -->\n<title>Ortler URBN Lite TR 1.0 wei\u00df<\/title>\n<meta name=\"description\" content=\"kgerad.de bietet Ihnen das Ortler URBN Lite TR 1.0 wei\u00df zum besten Preis mit kostenlosem Versand in ganz EuropaOrtler URBN Lite 1.0\" \/>\n<meta name=\"robots\" content=\"index, follow, max-snippet:-1, max-image-preview:large, max-video-preview:-1\" \/>\n<link rel=\"canonical\" href=\"https:\/\/kgerad.de\/en\/product\/ortler-urbn-lite-tr-1-0-weis\/\" \/>\n<meta property=\"og:locale\" content=\"en_US\" \/>\n<meta property=\"og:type\" content=\"article\" \/>\n<meta property=\"og:title\" content=\"Ortler URBN Lite TR 1.0 wei\u00df\" \/>\n<meta property=\"og:description\" content=\"Entdecken Sie unseren Online-Fahrradladen: Gro\u00dfe Auswahl an Modellen f\u00fcr alle Radsportbegeisterten. Von Rennr\u00e4dern bis zu Mountainbikes - finden Sie heute Ihren perfekten Wegbegleiter!\" \/>\n<meta property=\"og:url\" content=\"https:\/\/kgerad.de\/en\/product\/ortler-urbn-lite-tr-1-0-weis\/\" \/>\n<meta property=\"og:site_name\" content=\"kgerad.de\" \/>\n<meta property=\"article:modified_time\" content=\"2023-08-11T09:06:22+00:00\" \/>\n<meta property=\"og:image\" content=\"https:\/\/kgerad.de\/wp-content\/uploads\/2023\/06\/ortler-urbn-lite-tr-10-light-grey-mat-1.jpg\" \/>\n\t<meta property=\"og:image:width\" content=\"2400\" \/>\n\t<meta property=\"og:image:height\" content=\"2400\" \/>\n\t<meta property=\"og:image:type\" content=\"image\/jpeg\" \/>\n<meta name=\"twitter:card\" content=\"summary_large_image\" \/>\n<meta name=\"twitter:label1\" content=\"Est. reading time\" \/>\n\t<meta name=\"twitter:data1\" content=\"4 minutes\" \/>\n<script type=\"application\/ld+json\" class=\"yoast-schema-graph\">{\"@context\":\"https:\/\/schema.org\",\"@graph\":[{\"@type\":\"WebPage\",\"@id\":\"https:\/\/kgerad.de\/produkt\/ortler-urbn-lite-tr-1-0-weis\/\",\"url\":\"https:\/\/kgerad.de\/produkt\/ortler-urbn-lite-tr-1-0-weis\/\",\"name\":\"Ortler URBN Lite TR 1.0 wei\u00df\",\"isPartOf\":{\"@id\":\"https:\/\/kgerad.de\/#website\"},\"primaryImageOfPage\":{\"@id\":\"https:\/\/kgerad.de\/produkt\/ortler-urbn-lite-tr-1-0-weis\/#primaryimage\"},\"image\":{\"@id\":\"https:\/\/kgerad.de\/produkt\/ortler-urbn-lite-tr-1-0-weis\/#primaryimage\"},\"thumbnailUrl\":\"https:\/\/kgerad.de\/wp-content\/uploads\/2023\/06\/ortler-urbn-lite-tr-10-light-grey-mat-1.jpg\",\"datePublished\":\"2022-11-15T10:42:41+00:00\",\"dateModified\":\"2023-08-11T09:06:22+00:00\",\"description\":\"kgerad.de bietet Ihnen das Ortler URBN Lite TR 1.0 wei\u00df zum besten Preis mit kostenlosem Versand in ganz EuropaOrtler URBN Lite 1.0\",\"breadcrumb\":{\"@id\":\"https:\/\/kgerad.de\/produkt\/ortler-urbn-lite-tr-1-0-weis\/#breadcrumb\"},\"inLanguage\":\"en-US\",\"potentialAction\":[{\"@type\":\"ReadAction\",\"target\":[\"https:\/\/kgerad.de\/produkt\/ortler-urbn-lite-tr-1-0-weis\/\"]}]},{\"@type\":\"ImageObject\",\"inLanguage\":\"en-US\",\"@id\":\"https:\/\/kgerad.de\/produkt\/ortler-urbn-lite-tr-1-0-weis\/#primaryimage\",\"url\":\"https:\/\/kgerad.de\/wp-content\/uploads\/2023\/06\/ortler-urbn-lite-tr-10-light-grey-mat-1.jpg\",\"contentUrl\":\"https:\/\/kgerad.de\/wp-content\/uploads\/2023\/06\/ortler-urbn-lite-tr-10-light-grey-mat-1.jpg\",\"width\":2400,\"height\":2400,\"caption\":\"Ortler URBN Lite TR 1.0 wei\u00df\"},{\"@type\":\"BreadcrumbList\",\"@id\":\"https:\/\/kgerad.de\/produkt\/ortler-urbn-lite-tr-1-0-weis\/#breadcrumb\",\"itemListElement\":[{\"@type\":\"ListItem\",\"position\":1,\"name\":\"Startseite\",\"item\":\"https:\/\/kgerad.de\/\"},{\"@type\":\"ListItem\",\"position\":2,\"name\":\"LADEN\",\"item\":\"https:\/\/kgerad.de\/laden\/\"},{\"@type\":\"ListItem\",\"position\":3,\"name\":\"Ortler URBN Lite TR 1.0 wei\u00df\"}]},{\"@type\":\"WebSite\",\"@id\":\"https:\/\/kgerad.de\/#website\",\"url\":\"https:\/\/kgerad.de\/\",\"name\":\"kgerad.de\",\"description\":\"Treten Sie mit uns ins Abenteuer!\",\"publisher\":{\"@id\":\"https:\/\/kgerad.de\/#organization\"},\"alternateName\":\"MEIN RADLADEN\",\"potentialAction\":[{\"@type\":\"SearchAction\",\"target\":{\"@type\":\"EntryPoint\",\"urlTemplate\":\"https:\/\/kgerad.de\/?s={search_term_string}\"},\"query-input\":{\"@type\":\"PropertyValueSpecification\",\"valueRequired\":true,\"valueName\":\"search_term_string\"}}],\"inLanguage\":\"en-US\"},{\"@type\":\"Organization\",\"@id\":\"https:\/\/kgerad.de\/#organization\",\"name\":\"MEINRADLADEN\",\"alternateName\":\"MEIN RADLADEN\",\"url\":\"https:\/\/kgerad.de\/\",\"logo\":{\"@type\":\"ImageObject\",\"inLanguage\":\"en-US\",\"@id\":\"https:\/\/kgerad.de\/#\/schema\/logo\/image\/\",\"url\":\"https:\/\/kgerad.de\/wp-content\/uploads\/2025\/07\/logo-Whit.svg\",\"contentUrl\":\"https:\/\/kgerad.de\/wp-content\/uploads\/2025\/07\/logo-Whit.svg\",\"width\":1640,\"height\":371,\"caption\":\"MEINRADLADEN\"},\"image\":{\"@id\":\"https:\/\/kgerad.de\/#\/schema\/logo\/image\/\"}}]}<\/script>\n<!-- \/ Yoast SEO Premium plugin. -->","yoast_head_json":{"title":"Ortler URBN Lite TR 1.0 wei\u00df","description":"kgerad.de bietet Ihnen das Ortler URBN Lite TR 1.0 wei\u00df zum besten Preis mit kostenlosem Versand in ganz EuropaOrtler URBN Lite 1.0","robots":{"index":"index","follow":"follow","max-snippet":"max-snippet:-1","max-image-preview":"max-image-preview:large","max-video-preview":"max-video-preview:-1"},"canonical":"https:\/\/kgerad.de\/en\/product\/ortler-urbn-lite-tr-1-0-weis\/","og_locale":"en_US","og_type":"article","og_title":"Ortler URBN Lite TR 1.0 wei\u00df","og_description":"Entdecken Sie unseren Online-Fahrradladen: Gro\u00dfe Auswahl an Modellen f\u00fcr alle Radsportbegeisterten. Von Rennr\u00e4dern bis zu Mountainbikes - finden Sie heute Ihren perfekten Wegbegleiter!","og_url":"https:\/\/kgerad.de\/en\/product\/ortler-urbn-lite-tr-1-0-weis\/","og_site_name":"kgerad.de","article_modified_time":"2023-08-11T09:06:22+00:00","og_image":[{"width":2400,"height":2400,"url":"https:\/\/kgerad.de\/wp-content\/uploads\/2023\/06\/ortler-urbn-lite-tr-10-light-grey-mat-1.jpg","type":"image\/jpeg"}],"twitter_card":"summary_large_image","twitter_misc":{"Est. reading time":"4 minutes"},"schema":{"@context":"https:\/\/schema.org","@graph":[{"@type":"WebPage","@id":"https:\/\/kgerad.de\/produkt\/ortler-urbn-lite-tr-1-0-weis\/","url":"https:\/\/kgerad.de\/produkt\/ortler-urbn-lite-tr-1-0-weis\/","name":"Ortler URBN Lite TR 1.0 wei\u00df","isPartOf":{"@id":"https:\/\/kgerad.de\/#website"},"primaryImageOfPage":{"@id":"https:\/\/kgerad.de\/produkt\/ortler-urbn-lite-tr-1-0-weis\/#primaryimage"},"image":{"@id":"https:\/\/kgerad.de\/produkt\/ortler-urbn-lite-tr-1-0-weis\/#primaryimage"},"thumbnailUrl":"https:\/\/kgerad.de\/wp-content\/uploads\/2023\/06\/ortler-urbn-lite-tr-10-light-grey-mat-1.jpg","datePublished":"2022-11-15T10:42:41+00:00","dateModified":"2023-08-11T09:06:22+00:00","description":"kgerad.de bietet Ihnen das Ortler URBN Lite TR 1.0 wei\u00df zum besten Preis mit kostenlosem Versand in ganz EuropaOrtler URBN Lite 1.0","breadcrumb":{"@id":"https:\/\/kgerad.de\/produkt\/ortler-urbn-lite-tr-1-0-weis\/#breadcrumb"},"inLanguage":"en-US","potentialAction":[{"@type":"ReadAction","target":["https:\/\/kgerad.de\/produkt\/ortler-urbn-lite-tr-1-0-weis\/"]}]},{"@type":"ImageObject","inLanguage":"en-US","@id":"https:\/\/kgerad.de\/produkt\/ortler-urbn-lite-tr-1-0-weis\/#primaryimage","url":"https:\/\/kgerad.de\/wp-content\/uploads\/2023\/06\/ortler-urbn-lite-tr-10-light-grey-mat-1.jpg","contentUrl":"https:\/\/kgerad.de\/wp-content\/uploads\/2023\/06\/ortler-urbn-lite-tr-10-light-grey-mat-1.jpg","width":2400,"height":2400,"caption":"Ortler URBN Lite TR 1.0 wei\u00df"},{"@type":"BreadcrumbList","@id":"https:\/\/kgerad.de\/produkt\/ortler-urbn-lite-tr-1-0-weis\/#breadcrumb","itemListElement":[{"@type":"ListItem","position":1,"name":"Startseite","item":"https:\/\/kgerad.de\/"},{"@type":"ListItem","position":2,"name":"LADEN","item":"https:\/\/kgerad.de\/laden\/"},{"@type":"ListItem","position":3,"name":"Ortler URBN Lite TR 1.0 wei\u00df"}]},{"@type":"WebSite","@id":"https:\/\/kgerad.de\/#website","url":"https:\/\/kgerad.de\/","name":"kgerad.de","description":"Treten Sie mit uns ins Abenteuer!","publisher":{"@id":"https:\/\/kgerad.de\/#organization"},"alternateName":"MEIN RADLADEN","potentialAction":[{"@type":"SearchAction","target":{"@type":"EntryPoint","urlTemplate":"https:\/\/kgerad.de\/?s={search_term_string}"},"query-input":{"@type":"PropertyValueSpecification","valueRequired":true,"valueName":"search_term_string"}}],"inLanguage":"en-US"},{"@type":"Organization","@id":"https:\/\/kgerad.de\/#organization","name":"MEINRADLADEN","alternateName":"MEIN RADLADEN","url":"https:\/\/kgerad.de\/","logo":{"@type":"ImageObject","inLanguage":"en-US","@id":"https:\/\/kgerad.de\/#\/schema\/logo\/image\/","url":"https:\/\/kgerad.de\/wp-content\/uploads\/2025\/07\/logo-Whit.svg","contentUrl":"https:\/\/kgerad.de\/wp-content\/uploads\/2025\/07\/logo-Whit.svg","width":1640,"height":371,"caption":"MEINRADLADEN"},"image":{"@id":"https:\/\/kgerad.de\/#\/schema\/logo\/image\/"}}]}},"_links":{"self":[{"href":"https:\/\/kgerad.de\/en\/wp-json\/wp\/v2\/product\/40903","targetHints":{"allow":["GET"]}}],"collection":[{"href":"https:\/\/kgerad.de\/en\/wp-json\/wp\/v2\/product"}],"about":[{"href":"https:\/\/kgerad.de\/en\/wp-json\/wp\/v2\/types\/product"}],"replies":[{"embeddable":true,"href":"https:\/\/kgerad.de\/en\/wp-json\/wp\/v2\/comments?post=40903"}],"version-history":[{"count":1,"href":"https:\/\/kgerad.de\/en\/wp-json\/wp\/v2\/product\/40903\/revisions"}],"predecessor-version":[{"id":79498,"href":"https:\/\/kgerad.de\/en\/wp-json\/wp\/v2\/product\/40903\/revisions\/79498"}],"wp:featuredmedia":[{"embeddable":true,"href":"https:\/\/kgerad.de\/en\/wp-json\/wp\/v2\/media\/62002"}],"wp:attachment":[{"href":"https:\/\/kgerad.de\/en\/wp-json\/wp\/v2\/media?parent=40903"}],"wp:term":[{"taxonomy":"product_brand","embeddable":true,"href":"https:\/\/kgerad.de\/en\/wp-json\/wp\/v2\/product_brand?post=40903"},{"taxonomy":"product_cat","embeddable":true,"href":"https:\/\/kgerad.de\/en\/wp-json\/wp\/v2\/product_cat?post=40903"},{"taxonomy":"product_tag","embeddable":true,"href":"https:\/\/kgerad.de\/en\/wp-json\/wp\/v2\/product_tag?post=40903"}],"curies":[{"name":"wp","href":"https:\/\/api.w.org\/{rel}","templated":true}]}}