{"id":40773,"date":"2022-11-15T09:49:32","date_gmt":"2022-11-15T08:49:32","guid":{"rendered":"https:\/\/kgerad.de\/?post_type=product&#038;p=40773"},"modified":"2023-08-11T12:18:35","modified_gmt":"2023-08-11T10:18:35","slug":"haibike-trekking-9-anthracite-red","status":"publish","type":"product","link":"https:\/\/kgerad.de\/en\/product\/haibike-trekking-9-anthracite-red\/","title":{"rendered":"Haibike TREKKING 9 Anthracite \/ Red"},"content":{"rendered":"<h2>Haibike TREKKING 9 Anthracite \/ Red<\/h2>\n<p>Der deutsche Hersteller Haibike TREKKING 9 Anthracite hat sich seit vielen Jahren auf E-Bikes spezialisiert. Mit der neuen Trekking-Serie hat die Schweinfurter Company das Thema E-Mobilit\u00e4t im Alltag konsequent zu Ende gedacht. Schlie\u00dflich suchen die meisten Radler(innen) f\u00fcr diesen Einsatzbereich ein E-Bike mit einem m\u00f6glichst vielseitigen Profil: Geeignet f\u00fcr t\u00e4gliche Fahrten in der Stadt, die abendliche Fitnessrunde, eine <a href=\"http:\/\/1-1\">gelegentliche<\/a> Wochenendtour und am besten auch stabil genug f\u00fcr eine Radreise mit Gep\u00e4ck.<\/p>\n<p>Basis der Haibike Trekking Modelle ist deshalb ein robuster Rahmen aus 6061 Aluminium mit Federgabel (Modell je nach Preisklasse). Entscheidend f\u00fcr den Fahrkomfort sind 27,5-Zoll-Laufr\u00e4der, ausgestattet mit breiter Bereifung &#8211; unverkennbar eine Anleihe aus dem MTB-Bereich. Sie sorgen f\u00fcr extra D\u00e4mpfung auf Schotter- und Waldwegen.<\/p>\n<h2 class=\"tw-text-2xl tw-font-extrabold tw-tracking-tight tw-text-gray-900\" data-v-2a2d1a6f=\"\">Zusatzinformation<\/h2>\n<p>&nbsp;<\/p>\n<div id=\"detailsMain\">\n<form class=\"js-oxProductForm\" action=\"https:\/\/www.bike-angebot.de\/index.php?\" method=\"post\">\n<div class=\"detailsInfo clear\">\n<div class=\"row productdetail\">\n<div class=\"col-12 col-sm-12 col-md-12 col-lg-6 col-xl-8\">\n<div class=\"relatedInfo disable-mobile\">\n<div class=\"tabbedWidgetBox clear ui-tabs ui-widget ui-widget-content ui-corner-all\">\n<div class=\"widgetBoxBottomRound\">\n<div id=\"attributes\" class=\"ui-tabs-panel ui-widget-content ui-corner-bottom\" role=\"tabpanel\" aria-labelledby=\"ui-id-1\" aria-expanded=\"true\" aria-hidden=\"false\">\n<table class=\"attributes\">\n<tbody>\n<tr>\n<th id=\"attrTitle_1\"><strong>Akku<\/strong><\/th>\n<td id=\"attrValue_1\">Bosch PowerTube<\/td>\n<\/tr>\n<tr>\n<th id=\"attrTitle_2\"><strong>Akkuleistung (Wh)<\/strong><\/th>\n<td id=\"attrValue_2\">625<\/td>\n<\/tr>\n<tr>\n<th id=\"attrTitle_3\"><strong>Bremse<\/strong><\/th>\n<td id=\"attrValue_3\">Shimano MT400, Aluminium, 180mm<\/td>\n<\/tr>\n<tr>\n<th id=\"attrTitle_4\"><strong>Bremshebel<\/strong><\/th>\n<td id=\"attrValue_4\">Shimano MT401, Aluminium<\/td>\n<\/tr>\n<tr>\n<th id=\"attrTitle_5\"><strong>Display<\/strong><\/th>\n<td id=\"attrValue_5\">Bosch Intuvia<\/td>\n<\/tr>\n<tr>\n<th id=\"attrTitle_6\"><strong>Dynamo<\/strong><\/th>\n<td id=\"attrValue_6\">\u00fcber Systembatterie<\/td>\n<\/tr>\n<tr>\n<th id=\"attrTitle_7\"><strong>Farbe<\/strong><\/th>\n<td id=\"attrValue_7\">Anthracite \/ Red<\/td>\n<\/tr>\n<tr>\n<th id=\"attrTitle_8\"><strong>Felgen<\/strong><\/th>\n<td id=\"attrValue_8\">Rodi Tryp 30, ge\u00f6st, Hohlkammerfelge, Aluminium<\/td>\n<\/tr>\n<tr>\n<th id=\"attrTitle_9\"><strong>Gabel<\/strong><\/th>\n<td id=\"attrValue_9\">SR Suntour Mobie 25 LOR, Luft, Federweg: 75mm, Stahlschaft 1 1\/8&#8243; &#8211; 1 1\/2&#8243; tapered, 15 x 100mm Steckachse<\/td>\n<\/tr>\n<tr>\n<th id=\"attrTitle_10\"><strong>Gep\u00e4cktr\u00e4ger<\/strong><\/th>\n<td id=\"attrValue_10\">StandWell KM040<\/td>\n<\/tr>\n<tr>\n<th id=\"attrTitle_12\"><strong>Griffe<\/strong><\/th>\n<td id=\"attrValue_12\">XLC Comfort bo3<\/td>\n<\/tr>\n<tr>\n<th id=\"attrTitle_13\"><strong>Kategorie<\/strong><\/th>\n<td id=\"attrValue_13\">Trekking\/Touren \/ E-Bikes \/ Pedelecs<\/td>\n<\/tr>\n<tr>\n<th id=\"attrTitle_14\"><strong>Kette<\/strong><\/th>\n<td id=\"attrValue_14\">KMC X11<\/td>\n<\/tr>\n<tr>\n<th id=\"attrTitle_15\"><strong>Kurbelsatz<\/strong><\/th>\n<td id=\"attrValue_15\">Kettenblatt: Aluminium, 42<\/td>\n<\/tr>\n<tr>\n<th id=\"attrTitle_16\"><strong>Lenker<\/strong><\/th>\n<td id=\"attrValue_16\">Haibike Components TheBar ++ 740mm<\/td>\n<\/tr>\n<tr>\n<th id=\"attrTitle_17\"><strong>Modelljahr<\/strong><\/th>\n<td id=\"attrValue_17\">2021<\/td>\n<\/tr>\n<tr>\n<th id=\"attrTitle_18\"><strong>Motorart<\/strong><\/th>\n<td id=\"attrValue_18\">Bosch Performance CX GEN4, 250W, 85Nm, 25km\/h<\/td>\n<\/tr>\n<tr>\n<th id=\"attrTitle_19\"><strong>Naben<\/strong><\/th>\n<td id=\"attrValue_19\">Shimano MT400-B, Shimano MT410<\/td>\n<\/tr>\n<tr>\n<th id=\"attrTitle_20\"><strong>Pedale<\/strong><\/th>\n<td id=\"attrValue_20\">VP E461 Aluminium, mit Reflektor<\/td>\n<\/tr>\n<tr>\n<th id=\"attrTitle_21\"><strong>Rahmenform<\/strong><\/th>\n<td id=\"attrValue_21\">Wave<\/td>\n<\/tr>\n<tr>\n<th id=\"attrTitle_22\"><strong>Rahmengr\u00f6\u00dfe<\/strong><\/th>\n<td id=\"attrValue_22\">M<\/td>\n<\/tr>\n<tr>\n<th id=\"attrTitle_23\"><strong>Rahmenmaterial<\/strong><\/th>\n<td id=\"attrValue_23\">Aluminium, Steckachse M12 (1.00) x 148mm, Scheibenbremse Post Mount, Federweg: 100mm<\/td>\n<\/tr>\n<tr>\n<th id=\"attrTitle_24\"><strong>Reifen<\/strong><\/th>\n<td id=\"attrValue_24\">Continental Contact Cruiser, 60-584, Reflex<\/td>\n<\/tr>\n<tr>\n<th id=\"attrTitle_25\"><strong>Sattel<\/strong><\/th>\n<td id=\"attrValue_25\">Haibike Components TheSaddle<\/td>\n<\/tr>\n<tr>\n<th id=\"attrTitle_26\"><strong>Sattelst\u00fctze<\/strong><\/th>\n<td id=\"attrValue_26\">Haibike Components TheSeatpost ++, Patent, 34.9mm, Aluminium<\/td>\n<\/tr>\n<tr>\n<th id=\"attrTitle_27\"><strong>Schalthebel<\/strong><\/th>\n<td id=\"attrValue_27\">Shimano Deore M5100, Triggerschalter<\/td>\n<\/tr>\n<tr>\n<th id=\"attrTitle_28\"><strong>Schaltung<\/strong><\/th>\n<td id=\"attrValue_28\">Shimano Deore M5100, 11-Gang<\/td>\n<\/tr>\n<tr>\n<th id=\"attrTitle_29\"><strong>Schutzbleche<\/strong><\/th>\n<td id=\"attrValue_29\">SKS, Chromoplastik<\/td>\n<\/tr>\n<tr>\n<th id=\"attrTitle_30\"><strong>Speichen<\/strong><\/th>\n<td id=\"attrValue_30\">Sapim Leader, Schwarz<\/td>\n<\/tr>\n<tr>\n<th id=\"attrTitle_31\"><strong>Steuersatz<\/strong><\/th>\n<td id=\"attrValue_31\">A-Head Alloy Tapered<\/td>\n<\/tr>\n<tr>\n<th id=\"attrTitle_32\"><strong>St\u00e4nder<\/strong><\/th>\n<td id=\"attrValue_32\">Ursus Mooi, einstellbar<\/td>\n<\/tr>\n<tr>\n<th id=\"attrTitle_33\"><strong>Vorbau<\/strong><\/th>\n<td id=\"attrValue_33\">Haibike Components TheStem ++, A-Head, Bar bore: 31.8mm, 12<\/td>\n<\/tr>\n<tr>\n<th id=\"attrTitle_34\"><strong>Zahnkr\u00e4nze<\/strong><\/th>\n<td id=\"attrValue_34\">Shimano HG5100, 11-51 Z\u00e4hne<\/td>\n<\/tr>\n<tr>\n<th id=\"attrTitle_35\"><strong>Zustand<\/strong><\/th>\n<td id=\"attrValue_35\">neu<\/td>\n<\/tr>\n<\/tbody>\n<\/table>\n<\/div>\n<\/div>\n<\/div>\n<\/div>\n<\/div>\n<div class=\"col-12 col-sm-12 col-md-12 col-lg-6 col-xl-4\">\n<div class=\"information\">\n<div class=\"manufacturer-logo\"><\/div>\n<\/div>\n<\/div>\n<\/div>\n<\/div>\n<\/form>\n<\/div>","protected":false},"excerpt":{"rendered":"<p>Haibike TREKKING 9 Anthracite \/ Red Der deutsche Hersteller Haibike TREKKING 9 Anthracite hat sich seit vielen Jahren auf E-Bikes<\/p>","protected":false},"featured_media":61943,"comment_status":"open","ping_status":"closed","template":"","meta":[],"product_brand":[],"product_cat":[33,247,35],"product_tag":[],"class_list":{"0":"post-40773","1":"product","2":"type-product","3":"status-publish","4":"has-post-thumbnail","6":"product_cat-e-bike","7":"product_cat-e-bike-trekking","8":"product_cat-e-bikes-2022","9":"pa_marke-haibike","11":"first","12":"instock","13":"sale","14":"taxable","15":"shipping-taxable","16":"purchasable","17":"product-type-variable"},"yoast_head":"<!-- This site is optimized with the Yoast SEO Premium plugin v20.12 (Yoast SEO v27.1.1) - https:\/\/yoast.com\/product\/yoast-seo-premium-wordpress\/ -->\n<title>Haibike TREKKING 9 Anthracite \/ Red<\/title>\n<meta name=\"description\" content=\"kgerad.de bietet Ihnen das Haibike TREKKING 9 Anthracite \/ Red zum besten Preis mit kostenlosem Versand in ganz EuropaTREKKING 9 AnthraciteTREKKING 9 Anthracite\" \/>\n<meta name=\"robots\" content=\"index, follow, max-snippet:-1, max-image-preview:large, max-video-preview:-1\" \/>\n<link rel=\"canonical\" href=\"https:\/\/kgerad.de\/en\/product\/haibike-trekking-9-anthracite-red\/\" \/>\n<meta property=\"og:locale\" content=\"en_US\" \/>\n<meta property=\"og:type\" content=\"article\" \/>\n<meta property=\"og:title\" content=\"Haibike TREKKING 9 Anthracite \/ Red\" \/>\n<meta property=\"og:description\" content=\"Entdecken Sie unseren Online-Fahrradladen: Gro\u00dfe Auswahl an Modellen f\u00fcr alle Radsportbegeisterten. Von Rennr\u00e4dern bis zu Mountainbikes - finden Sie heute Ihren perfekten Wegbegleiter!\" \/>\n<meta property=\"og:url\" content=\"https:\/\/kgerad.de\/en\/product\/haibike-trekking-9-anthracite-red\/\" \/>\n<meta property=\"og:site_name\" content=\"kgerad.de\" \/>\n<meta property=\"article:modified_time\" content=\"2023-08-11T10:18:35+00:00\" \/>\n<meta property=\"og:image\" content=\"https:\/\/kgerad.de\/wp-content\/uploads\/2023\/06\/Haibike-TREKKING-9-Anthracite-Red-2021-625Wh-275-LOWSTEP-_FDB_9c82q984jhsxi0i319e3qp4hx-1.jpg\" \/>\n\t<meta property=\"og:image:width\" content=\"1180\" \/>\n\t<meta property=\"og:image:height\" content=\"787\" \/>\n\t<meta property=\"og:image:type\" content=\"image\/jpeg\" \/>\n<meta name=\"twitter:card\" content=\"summary_large_image\" \/>\n<meta name=\"twitter:label1\" content=\"Est. reading time\" \/>\n\t<meta name=\"twitter:data1\" content=\"2 minutes\" \/>\n<script type=\"application\/ld+json\" class=\"yoast-schema-graph\">{\"@context\":\"https:\/\/schema.org\",\"@graph\":[{\"@type\":\"WebPage\",\"@id\":\"https:\/\/kgerad.de\/produkt\/haibike-trekking-9-anthracite-red\/\",\"url\":\"https:\/\/kgerad.de\/produkt\/haibike-trekking-9-anthracite-red\/\",\"name\":\"Haibike TREKKING 9 Anthracite \/ Red\",\"isPartOf\":{\"@id\":\"https:\/\/kgerad.de\/#website\"},\"primaryImageOfPage\":{\"@id\":\"https:\/\/kgerad.de\/produkt\/haibike-trekking-9-anthracite-red\/#primaryimage\"},\"image\":{\"@id\":\"https:\/\/kgerad.de\/produkt\/haibike-trekking-9-anthracite-red\/#primaryimage\"},\"thumbnailUrl\":\"https:\/\/kgerad.de\/wp-content\/uploads\/2023\/06\/Haibike-TREKKING-9-Anthracite-Red-2021-625Wh-275-LOWSTEP-_FDB_9c82q984jhsxi0i319e3qp4hx-1.jpg\",\"datePublished\":\"2022-11-15T08:49:32+00:00\",\"dateModified\":\"2023-08-11T10:18:35+00:00\",\"description\":\"kgerad.de bietet Ihnen das Haibike TREKKING 9 Anthracite \/ Red zum besten Preis mit kostenlosem Versand in ganz EuropaTREKKING 9 AnthraciteTREKKING 9 Anthracite\",\"breadcrumb\":{\"@id\":\"https:\/\/kgerad.de\/produkt\/haibike-trekking-9-anthracite-red\/#breadcrumb\"},\"inLanguage\":\"en-US\",\"potentialAction\":[{\"@type\":\"ReadAction\",\"target\":[\"https:\/\/kgerad.de\/produkt\/haibike-trekking-9-anthracite-red\/\"]}]},{\"@type\":\"ImageObject\",\"inLanguage\":\"en-US\",\"@id\":\"https:\/\/kgerad.de\/produkt\/haibike-trekking-9-anthracite-red\/#primaryimage\",\"url\":\"https:\/\/kgerad.de\/wp-content\/uploads\/2023\/06\/Haibike-TREKKING-9-Anthracite-Red-2021-625Wh-275-LOWSTEP-_FDB_9c82q984jhsxi0i319e3qp4hx-1.jpg\",\"contentUrl\":\"https:\/\/kgerad.de\/wp-content\/uploads\/2023\/06\/Haibike-TREKKING-9-Anthracite-Red-2021-625Wh-275-LOWSTEP-_FDB_9c82q984jhsxi0i319e3qp4hx-1.jpg\",\"width\":1180,\"height\":787,\"caption\":\"Haibike TREKKING 9 Anthracite \/ Red 2021\"},{\"@type\":\"BreadcrumbList\",\"@id\":\"https:\/\/kgerad.de\/produkt\/haibike-trekking-9-anthracite-red\/#breadcrumb\",\"itemListElement\":[{\"@type\":\"ListItem\",\"position\":1,\"name\":\"Startseite\",\"item\":\"https:\/\/kgerad.de\/\"},{\"@type\":\"ListItem\",\"position\":2,\"name\":\"LADEN\",\"item\":\"https:\/\/kgerad.de\/laden\/\"},{\"@type\":\"ListItem\",\"position\":3,\"name\":\"Haibike TREKKING 9 Anthracite \/ Red\"}]},{\"@type\":\"WebSite\",\"@id\":\"https:\/\/kgerad.de\/#website\",\"url\":\"https:\/\/kgerad.de\/\",\"name\":\"kgerad.de\",\"description\":\"Treten Sie mit uns ins Abenteuer!\",\"publisher\":{\"@id\":\"https:\/\/kgerad.de\/#organization\"},\"alternateName\":\"MEIN RADLADEN\",\"potentialAction\":[{\"@type\":\"SearchAction\",\"target\":{\"@type\":\"EntryPoint\",\"urlTemplate\":\"https:\/\/kgerad.de\/?s={search_term_string}\"},\"query-input\":{\"@type\":\"PropertyValueSpecification\",\"valueRequired\":true,\"valueName\":\"search_term_string\"}}],\"inLanguage\":\"en-US\"},{\"@type\":\"Organization\",\"@id\":\"https:\/\/kgerad.de\/#organization\",\"name\":\"MEINRADLADEN\",\"alternateName\":\"MEIN RADLADEN\",\"url\":\"https:\/\/kgerad.de\/\",\"logo\":{\"@type\":\"ImageObject\",\"inLanguage\":\"en-US\",\"@id\":\"https:\/\/kgerad.de\/#\/schema\/logo\/image\/\",\"url\":\"https:\/\/kgerad.de\/wp-content\/uploads\/2025\/07\/logo-Whit.svg\",\"contentUrl\":\"https:\/\/kgerad.de\/wp-content\/uploads\/2025\/07\/logo-Whit.svg\",\"width\":1640,\"height\":371,\"caption\":\"MEINRADLADEN\"},\"image\":{\"@id\":\"https:\/\/kgerad.de\/#\/schema\/logo\/image\/\"}}]}<\/script>\n<!-- \/ Yoast SEO Premium plugin. -->","yoast_head_json":{"title":"Haibike TREKKING 9 Anthracite \/ Red","description":"kgerad.de bietet Ihnen das Haibike TREKKING 9 Anthracite \/ Red zum besten Preis mit kostenlosem Versand in ganz EuropaTREKKING 9 AnthraciteTREKKING 9 Anthracite","robots":{"index":"index","follow":"follow","max-snippet":"max-snippet:-1","max-image-preview":"max-image-preview:large","max-video-preview":"max-video-preview:-1"},"canonical":"https:\/\/kgerad.de\/en\/product\/haibike-trekking-9-anthracite-red\/","og_locale":"en_US","og_type":"article","og_title":"Haibike TREKKING 9 Anthracite \/ Red","og_description":"Entdecken Sie unseren Online-Fahrradladen: Gro\u00dfe Auswahl an Modellen f\u00fcr alle Radsportbegeisterten. Von Rennr\u00e4dern bis zu Mountainbikes - finden Sie heute Ihren perfekten Wegbegleiter!","og_url":"https:\/\/kgerad.de\/en\/product\/haibike-trekking-9-anthracite-red\/","og_site_name":"kgerad.de","article_modified_time":"2023-08-11T10:18:35+00:00","og_image":[{"width":1180,"height":787,"url":"https:\/\/kgerad.de\/wp-content\/uploads\/2023\/06\/Haibike-TREKKING-9-Anthracite-Red-2021-625Wh-275-LOWSTEP-_FDB_9c82q984jhsxi0i319e3qp4hx-1.jpg","type":"image\/jpeg"}],"twitter_card":"summary_large_image","twitter_misc":{"Est. reading time":"2 minutes"},"schema":{"@context":"https:\/\/schema.org","@graph":[{"@type":"WebPage","@id":"https:\/\/kgerad.de\/produkt\/haibike-trekking-9-anthracite-red\/","url":"https:\/\/kgerad.de\/produkt\/haibike-trekking-9-anthracite-red\/","name":"Haibike TREKKING 9 Anthracite \/ Red","isPartOf":{"@id":"https:\/\/kgerad.de\/#website"},"primaryImageOfPage":{"@id":"https:\/\/kgerad.de\/produkt\/haibike-trekking-9-anthracite-red\/#primaryimage"},"image":{"@id":"https:\/\/kgerad.de\/produkt\/haibike-trekking-9-anthracite-red\/#primaryimage"},"thumbnailUrl":"https:\/\/kgerad.de\/wp-content\/uploads\/2023\/06\/Haibike-TREKKING-9-Anthracite-Red-2021-625Wh-275-LOWSTEP-_FDB_9c82q984jhsxi0i319e3qp4hx-1.jpg","datePublished":"2022-11-15T08:49:32+00:00","dateModified":"2023-08-11T10:18:35+00:00","description":"kgerad.de bietet Ihnen das Haibike TREKKING 9 Anthracite \/ Red zum besten Preis mit kostenlosem Versand in ganz EuropaTREKKING 9 AnthraciteTREKKING 9 Anthracite","breadcrumb":{"@id":"https:\/\/kgerad.de\/produkt\/haibike-trekking-9-anthracite-red\/#breadcrumb"},"inLanguage":"en-US","potentialAction":[{"@type":"ReadAction","target":["https:\/\/kgerad.de\/produkt\/haibike-trekking-9-anthracite-red\/"]}]},{"@type":"ImageObject","inLanguage":"en-US","@id":"https:\/\/kgerad.de\/produkt\/haibike-trekking-9-anthracite-red\/#primaryimage","url":"https:\/\/kgerad.de\/wp-content\/uploads\/2023\/06\/Haibike-TREKKING-9-Anthracite-Red-2021-625Wh-275-LOWSTEP-_FDB_9c82q984jhsxi0i319e3qp4hx-1.jpg","contentUrl":"https:\/\/kgerad.de\/wp-content\/uploads\/2023\/06\/Haibike-TREKKING-9-Anthracite-Red-2021-625Wh-275-LOWSTEP-_FDB_9c82q984jhsxi0i319e3qp4hx-1.jpg","width":1180,"height":787,"caption":"Haibike TREKKING 9 Anthracite \/ Red 2021"},{"@type":"BreadcrumbList","@id":"https:\/\/kgerad.de\/produkt\/haibike-trekking-9-anthracite-red\/#breadcrumb","itemListElement":[{"@type":"ListItem","position":1,"name":"Startseite","item":"https:\/\/kgerad.de\/"},{"@type":"ListItem","position":2,"name":"LADEN","item":"https:\/\/kgerad.de\/laden\/"},{"@type":"ListItem","position":3,"name":"Haibike TREKKING 9 Anthracite \/ Red"}]},{"@type":"WebSite","@id":"https:\/\/kgerad.de\/#website","url":"https:\/\/kgerad.de\/","name":"kgerad.de","description":"Treten Sie mit uns ins Abenteuer!","publisher":{"@id":"https:\/\/kgerad.de\/#organization"},"alternateName":"MEIN RADLADEN","potentialAction":[{"@type":"SearchAction","target":{"@type":"EntryPoint","urlTemplate":"https:\/\/kgerad.de\/?s={search_term_string}"},"query-input":{"@type":"PropertyValueSpecification","valueRequired":true,"valueName":"search_term_string"}}],"inLanguage":"en-US"},{"@type":"Organization","@id":"https:\/\/kgerad.de\/#organization","name":"MEINRADLADEN","alternateName":"MEIN RADLADEN","url":"https:\/\/kgerad.de\/","logo":{"@type":"ImageObject","inLanguage":"en-US","@id":"https:\/\/kgerad.de\/#\/schema\/logo\/image\/","url":"https:\/\/kgerad.de\/wp-content\/uploads\/2025\/07\/logo-Whit.svg","contentUrl":"https:\/\/kgerad.de\/wp-content\/uploads\/2025\/07\/logo-Whit.svg","width":1640,"height":371,"caption":"MEINRADLADEN"},"image":{"@id":"https:\/\/kgerad.de\/#\/schema\/logo\/image\/"}}]}},"_links":{"self":[{"href":"https:\/\/kgerad.de\/en\/wp-json\/wp\/v2\/product\/40773","targetHints":{"allow":["GET"]}}],"collection":[{"href":"https:\/\/kgerad.de\/en\/wp-json\/wp\/v2\/product"}],"about":[{"href":"https:\/\/kgerad.de\/en\/wp-json\/wp\/v2\/types\/product"}],"replies":[{"embeddable":true,"href":"https:\/\/kgerad.de\/en\/wp-json\/wp\/v2\/comments?post=40773"}],"version-history":[{"count":2,"href":"https:\/\/kgerad.de\/en\/wp-json\/wp\/v2\/product\/40773\/revisions"}],"predecessor-version":[{"id":79578,"href":"https:\/\/kgerad.de\/en\/wp-json\/wp\/v2\/product\/40773\/revisions\/79578"}],"wp:featuredmedia":[{"embeddable":true,"href":"https:\/\/kgerad.de\/en\/wp-json\/wp\/v2\/media\/61943"}],"wp:attachment":[{"href":"https:\/\/kgerad.de\/en\/wp-json\/wp\/v2\/media?parent=40773"}],"wp:term":[{"taxonomy":"product_brand","embeddable":true,"href":"https:\/\/kgerad.de\/en\/wp-json\/wp\/v2\/product_brand?post=40773"},{"taxonomy":"product_cat","embeddable":true,"href":"https:\/\/kgerad.de\/en\/wp-json\/wp\/v2\/product_cat?post=40773"},{"taxonomy":"product_tag","embeddable":true,"href":"https:\/\/kgerad.de\/en\/wp-json\/wp\/v2\/product_tag?post=40773"}],"curies":[{"name":"wp","href":"https:\/\/api.w.org\/{rel}","templated":true}]}}