{"id":40722,"date":"2022-11-14T19:25:45","date_gmt":"2022-11-14T18:25:45","guid":{"rendered":"https:\/\/kgerad.de\/?post_type=product&#038;p=40722"},"modified":"2023-08-11T12:37:28","modified_gmt":"2023-08-11T10:37:28","slug":"haibike-trekking-8-tiefeinsteiger-blau","status":"publish","type":"product","link":"https:\/\/kgerad.de\/en\/product\/haibike-trekking-8-tiefeinsteiger-blau\/","title":{"rendered":"HAIBIKE Trekking 8 Tiefeinsteiger blau"},"content":{"rendered":"<h2 class=\"product-name cyc-typo_display-3 cyc-margin_bottom-1 cyc-no-texttransform js-productName\">HAIBIKE Trekking 8 Tiefeinsteiger blau<\/h2>\n<section class=\"tw-w-full tw-max-w-8xl tw-mx-auto tw-px-container-xs md:tw-px-container-md lg:tw-px-container-lg xl:tw-px-container-xl tw-pt-24 tw-pb-12\" data-v-2a2d1a6f=\"\">\n<div class=\"tw-prose tw-mx-auto\" data-v-2a2d1a6f=\"\">\n<p>Mit dem neuen HAIBIKE Trekking 8 Tiefeinsteiger gehst du keine Kompromisse ein \u2013 egal ob es um Komfort, Design oder die Ausstattung geht. Dank dem brandneuen Bosch Performance CX Smart System Motor mit 85Nm Drehmoment und 750Wh Akku hast du einen starken Antrieb, der dich kraftvoll ab der ersten Kurbelumdrehung unterst\u00fctzt. Der tiefe Einstieg, hochwertige Schalt- und Bremskomponenten von Shimano, eine 100mm Federgabel von SR Suntour sowie die StVZO-konforme Ausstattung machen dieses Rad nicht nur sehr komfortabel, sondern auch optisch zu einem echten Highlight.<\/p>\n<\/div>\n<\/section>\n<section class=\"tw-py-12\" data-v-2a2d1a6f=\"\">\n<div class=\"tw-text-center\">\n<div class=\"tw-text-center\" data-v-2a2d1a6f=\"\">\n<h2 class=\"tw-text-2xl tw-font-extrabold tw-tracking-tight tw-text-gray-900\" data-v-2a2d1a6f=\"\">Zusatzinformation<\/h2>\n<\/div>\n<div class=\"tw-my-6 tw-mx-auto tw-max-w-prose\" data-v-2a2d1a6f=\"\">\n<table data-v-2a2d1a6f=\"\">\n<colgroup data-v-2a2d1a6f=\"\">\n<col width=\"28%\" data-v-2a2d1a6f=\"\" \/>\n<col data-v-2a2d1a6f=\"\" \/><\/colgroup>\n<tbody data-v-2a2d1a6f=\"\">\n<tr class=\"tw-border-b tw-border-gray-200\" data-v-2a2d1a6f=\"\">\n<th class=\"tw-text-left tw-text-base tw-font-bold tw-pt-3 sm:tw-py-3 tw-block tw-px-0 sm:tw-table-cell\">Fahrradtyp<\/th>\n<td class=\"tw-pt-1 tw-pb-3 tw-px-0 sm:tw-py-3 sm:tw-pl-6 tw-block sm:tw-table-cell\">Trekking E-Bike<\/td>\n<\/tr>\n<tr class=\"tw-border-b tw-border-gray-200\" data-v-2a2d1a6f=\"\">\n<th class=\"tw-text-left tw-text-base tw-font-bold tw-pt-3 sm:tw-py-3 tw-block tw-px-0 sm:tw-table-cell\">EAN<\/th>\n<td class=\"tw-pt-1 tw-pb-3 tw-px-0 sm:tw-py-3 sm:tw-pl-6 tw-block sm:tw-table-cell\">4054624123900<\/td>\n<\/tr>\n<tr class=\"tw-border-b tw-border-gray-200\" data-v-2a2d1a6f=\"\">\n<th class=\"tw-text-left tw-text-base tw-font-bold tw-pt-3 sm:tw-py-3 tw-block tw-px-0 sm:tw-table-cell\">Hersteller<\/th>\n<td class=\"tw-pt-1 tw-pb-3 tw-px-0 sm:tw-py-3 sm:tw-pl-6 tw-block sm:tw-table-cell\">Haibike<\/td>\n<\/tr>\n<tr class=\"tw-border-b tw-border-gray-200\" data-v-2a2d1a6f=\"\">\n<th class=\"tw-text-left tw-text-base tw-font-bold tw-pt-3 sm:tw-py-3 tw-block tw-px-0 sm:tw-table-cell\">Modelljahr<\/th>\n<td class=\"tw-pt-1 tw-pb-3 tw-px-0 sm:tw-py-3 sm:tw-pl-6 tw-block sm:tw-table-cell\">2023<\/td>\n<\/tr>\n<tr class=\"tw-border-b tw-border-gray-200\" data-v-2a2d1a6f=\"\">\n<th class=\"tw-text-left tw-text-base tw-font-bold tw-pt-3 sm:tw-py-3 tw-block tw-px-0 sm:tw-table-cell\">Farbe<\/th>\n<td class=\"tw-pt-1 tw-pb-3 tw-px-0 sm:tw-py-3 sm:tw-pl-6 tw-block sm:tw-table-cell\">royal blue\/blue gloss<\/td>\n<\/tr>\n<tr class=\"tw-border-b tw-border-gray-200\" data-v-2a2d1a6f=\"\">\n<th class=\"tw-text-left tw-text-base tw-font-bold tw-pt-3 sm:tw-py-3 tw-block tw-px-0 sm:tw-table-cell\">Reifengr\u00f6\u00dfe<\/th>\n<td class=\"tw-pt-1 tw-pb-3 tw-px-0 sm:tw-py-3 sm:tw-pl-6 tw-block sm:tw-table-cell\">27,5&#8220;<\/td>\n<\/tr>\n<tr class=\"tw-border-b tw-border-gray-200\" data-v-2a2d1a6f=\"\">\n<th class=\"tw-text-left tw-text-base tw-font-bold tw-pt-3 sm:tw-py-3 tw-block tw-px-0 sm:tw-table-cell\">Rahmen<\/th>\n<td class=\"tw-pt-1 tw-pb-3 tw-px-0 sm:tw-py-3 sm:tw-pl-6 tw-block sm:tw-table-cell\">Haibike Trekking Bosch Gen 4 Aluminium<\/td>\n<\/tr>\n<tr class=\"tw-border-b tw-border-gray-200\" data-v-2a2d1a6f=\"\">\n<th class=\"tw-text-left tw-text-base tw-font-bold tw-pt-3 sm:tw-py-3 tw-block tw-px-0 sm:tw-table-cell\">Rahmenform<\/th>\n<td class=\"tw-pt-1 tw-pb-3 tw-px-0 sm:tw-py-3 sm:tw-pl-6 tw-block sm:tw-table-cell\">Tiefeinsteiger<\/td>\n<\/tr>\n<tr class=\"tw-border-b tw-border-gray-200\" data-v-2a2d1a6f=\"\">\n<th class=\"tw-text-left tw-text-base tw-font-bold tw-pt-3 sm:tw-py-3 tw-block tw-px-0 sm:tw-table-cell\">Gabel<\/th>\n<td class=\"tw-pt-1 tw-pb-3 tw-px-0 sm:tw-py-3 sm:tw-pl-6 tw-block sm:tw-table-cell\">SR Suntour Mobie 25 LOR Lockout Stahlfeder (100 mm) 15 x 100mm Steckachse<\/td>\n<\/tr>\n<tr class=\"tw-border-b tw-border-gray-200\" data-v-2a2d1a6f=\"\">\n<th class=\"tw-text-left tw-text-base tw-font-bold tw-pt-3 sm:tw-py-3 tw-block tw-px-0 sm:tw-table-cell\">Anpassung &#8211; nur in Filiale<\/th>\n<td class=\"tw-pt-1 tw-pb-3 tw-px-0 sm:tw-py-3 sm:tw-pl-6 tw-block sm:tw-table-cell\">Anpassen der optimalen Sitzposition entsprechend deiner Anatomie<\/td>\n<\/tr>\n<tr class=\"tw-border-b tw-border-gray-200\" data-v-2a2d1a6f=\"\">\n<th class=\"tw-text-left tw-text-base tw-font-bold tw-pt-3 sm:tw-py-3 tw-block tw-px-0 sm:tw-table-cell\">Felgen<\/th>\n<td class=\"tw-pt-1 tw-pb-3 tw-px-0 sm:tw-py-3 sm:tw-pl-6 tw-block sm:tw-table-cell\">Rodi Tryp 30 mit \u00d6sen Hohlkammer Aluminium<\/td>\n<\/tr>\n<tr class=\"tw-border-b tw-border-gray-200\" data-v-2a2d1a6f=\"\">\n<th class=\"tw-text-left tw-text-base tw-font-bold tw-pt-3 sm:tw-py-3 tw-block tw-px-0 sm:tw-table-cell\">Kassette<\/th>\n<td class=\"tw-pt-1 tw-pb-3 tw-px-0 sm:tw-py-3 sm:tw-pl-6 tw-block sm:tw-table-cell\">Shimano M5100 11 &#8211; 51t<\/td>\n<\/tr>\n<tr class=\"tw-border-b tw-border-gray-200\" data-v-2a2d1a6f=\"\">\n<th class=\"tw-text-left tw-text-base tw-font-bold tw-pt-3 sm:tw-py-3 tw-block tw-px-0 sm:tw-table-cell\">Nabe vorn<\/th>\n<td class=\"tw-pt-1 tw-pb-3 tw-px-0 sm:tw-py-3 sm:tw-pl-6 tw-block sm:tw-table-cell\">Shimano MT400 Centerlock<\/td>\n<\/tr>\n<tr class=\"tw-border-b tw-border-gray-200\" data-v-2a2d1a6f=\"\">\n<th class=\"tw-text-left tw-text-base tw-font-bold tw-pt-3 sm:tw-py-3 tw-block tw-px-0 sm:tw-table-cell\">Nabe hinten<\/th>\n<td class=\"tw-pt-1 tw-pb-3 tw-px-0 sm:tw-py-3 sm:tw-pl-6 tw-block sm:tw-table-cell\">Shimano MT401 Centerlock<\/td>\n<\/tr>\n<tr class=\"tw-border-b tw-border-gray-200\" data-v-2a2d1a6f=\"\">\n<th class=\"tw-text-left tw-text-base tw-font-bold tw-pt-3 sm:tw-py-3 tw-block tw-px-0 sm:tw-table-cell\">Reifen<\/th>\n<td class=\"tw-pt-1 tw-pb-3 tw-px-0 sm:tw-py-3 sm:tw-pl-6 tw-block sm:tw-table-cell\">Schwalbe Al Grounder Performance 60-584 27.5 x 2.4 inch<\/td>\n<\/tr>\n<tr class=\"tw-border-b tw-border-gray-200\" data-v-2a2d1a6f=\"\">\n<th class=\"tw-text-left tw-text-base tw-font-bold tw-pt-3 sm:tw-py-3 tw-block tw-px-0 sm:tw-table-cell\">Schalthebel<\/th>\n<td class=\"tw-pt-1 tw-pb-3 tw-px-0 sm:tw-py-3 sm:tw-pl-6 tw-block sm:tw-table-cell\">Shimano Deore M5100 Trigger 11-Speed<\/td>\n<\/tr>\n<tr class=\"tw-border-b tw-border-gray-200\" data-v-2a2d1a6f=\"\">\n<th class=\"tw-text-left tw-text-base tw-font-bold tw-pt-3 sm:tw-py-3 tw-block tw-px-0 sm:tw-table-cell\">Schaltwerk<\/th>\n<td class=\"tw-pt-1 tw-pb-3 tw-px-0 sm:tw-py-3 sm:tw-pl-6 tw-block sm:tw-table-cell\">Shimano Deore M5100 11-Speed<\/td>\n<\/tr>\n<tr class=\"tw-border-b tw-border-gray-200\" data-v-2a2d1a6f=\"\">\n<th class=\"tw-text-left tw-text-base tw-font-bold tw-pt-3 sm:tw-py-3 tw-block tw-px-0 sm:tw-table-cell\">Kurbel<\/th>\n<td class=\"tw-pt-1 tw-pb-3 tw-px-0 sm:tw-py-3 sm:tw-pl-6 tw-block sm:tw-table-cell\">Haibike geschmiedet Aluminium<\/td>\n<\/tr>\n<tr class=\"tw-border-b tw-border-gray-200\" data-v-2a2d1a6f=\"\">\n<th class=\"tw-text-left tw-text-base tw-font-bold tw-pt-3 sm:tw-py-3 tw-block tw-px-0 sm:tw-table-cell\">Kettenbl\u00e4tter<\/th>\n<td class=\"tw-pt-1 tw-pb-3 tw-px-0 sm:tw-py-3 sm:tw-pl-6 tw-block sm:tw-table-cell\">Stahl 38T<\/td>\n<\/tr>\n<tr class=\"tw-border-b tw-border-gray-200\" data-v-2a2d1a6f=\"\">\n<th class=\"tw-text-left tw-text-base tw-font-bold tw-pt-3 sm:tw-py-3 tw-block tw-px-0 sm:tw-table-cell\">Kette<\/th>\n<td class=\"tw-pt-1 tw-pb-3 tw-px-0 sm:tw-py-3 sm:tw-pl-6 tw-block sm:tw-table-cell\">KMC e11S<\/td>\n<\/tr>\n<tr class=\"tw-border-b tw-border-gray-200\" data-v-2a2d1a6f=\"\">\n<th class=\"tw-text-left tw-text-base tw-font-bold tw-pt-3 sm:tw-py-3 tw-block tw-px-0 sm:tw-table-cell\">E-Motor<\/th>\n<td class=\"tw-pt-1 tw-pb-3 tw-px-0 sm:tw-py-3 sm:tw-pl-6 tw-block sm:tw-table-cell\">Bosch Performance CX Smart System 250 Wh 85 Nm<\/td>\n<\/tr>\n<tr class=\"tw-border-b tw-border-gray-200\" data-v-2a2d1a6f=\"\">\n<th class=\"tw-text-left tw-text-base tw-font-bold tw-pt-3 sm:tw-py-3 tw-block tw-px-0 sm:tw-table-cell\">Akku<\/th>\n<td class=\"tw-pt-1 tw-pb-3 tw-px-0 sm:tw-py-3 sm:tw-pl-6 tw-block sm:tw-table-cell\">Bosch PowerTube 750 Wh<\/td>\n<\/tr>\n<tr class=\"tw-border-b tw-border-gray-200\" data-v-2a2d1a6f=\"\">\n<th class=\"tw-text-left tw-text-base tw-font-bold tw-pt-3 sm:tw-py-3 tw-block tw-px-0 sm:tw-table-cell\">Display<\/th>\n<td class=\"tw-pt-1 tw-pb-3 tw-px-0 sm:tw-py-3 sm:tw-pl-6 tw-block sm:tw-table-cell\">Bosch Kiox 300 + LED Remote<\/td>\n<\/tr>\n<tr class=\"tw-border-b tw-border-gray-200\" data-v-2a2d1a6f=\"\">\n<th class=\"tw-text-left tw-text-base tw-font-bold tw-pt-3 sm:tw-py-3 tw-block tw-px-0 sm:tw-table-cell\">Bremse<\/th>\n<td class=\"tw-pt-1 tw-pb-3 tw-px-0 sm:tw-py-3 sm:tw-pl-6 tw-block sm:tw-table-cell\">Shimano RT30-M (180\/180)<\/td>\n<\/tr>\n<tr class=\"tw-border-b tw-border-gray-200\" data-v-2a2d1a6f=\"\">\n<th class=\"tw-text-left tw-text-base tw-font-bold tw-pt-3 sm:tw-py-3 tw-block tw-px-0 sm:tw-table-cell\">Bremshebel<\/th>\n<td class=\"tw-pt-1 tw-pb-3 tw-px-0 sm:tw-py-3 sm:tw-pl-6 tw-block sm:tw-table-cell\">Shimano MT401-3 Aluminium<\/td>\n<\/tr>\n<tr class=\"tw-border-b tw-border-gray-200\" data-v-2a2d1a6f=\"\">\n<th class=\"tw-text-left tw-text-base tw-font-bold tw-pt-3 sm:tw-py-3 tw-block tw-px-0 sm:tw-table-cell\">Bremssattel<\/th>\n<td class=\"tw-pt-1 tw-pb-3 tw-px-0 sm:tw-py-3 sm:tw-pl-6 tw-block sm:tw-table-cell\">Shimano MT400 2-Kolben Scheibenbremse<\/td>\n<\/tr>\n<tr class=\"tw-border-b tw-border-gray-200\" data-v-2a2d1a6f=\"\">\n<th class=\"tw-text-left tw-text-base tw-font-bold tw-pt-3 sm:tw-py-3 tw-block tw-px-0 sm:tw-table-cell\">Lenker<\/th>\n<td class=\"tw-pt-1 tw-pb-3 tw-px-0 sm:tw-py-3 sm:tw-pl-6 tw-block sm:tw-table-cell\">Haibike Components TheBar ++ 740 mm<\/td>\n<\/tr>\n<tr class=\"tw-border-b tw-border-gray-200\" data-v-2a2d1a6f=\"\">\n<th class=\"tw-text-left tw-text-base tw-font-bold tw-pt-3 sm:tw-py-3 tw-block tw-px-0 sm:tw-table-cell\">Griffe<\/th>\n<td class=\"tw-pt-1 tw-pb-3 tw-px-0 sm:tw-py-3 sm:tw-pl-6 tw-block sm:tw-table-cell\">XLC Comfort bo3<\/td>\n<\/tr>\n<tr class=\"tw-border-b tw-border-gray-200\" data-v-2a2d1a6f=\"\">\n<th class=\"tw-text-left tw-text-base tw-font-bold tw-pt-3 sm:tw-py-3 tw-block tw-px-0 sm:tw-table-cell\">Vorbau<\/th>\n<td class=\"tw-pt-1 tw-pb-3 tw-px-0 sm:tw-py-3 sm:tw-pl-6 tw-block sm:tw-table-cell\">Haibike Components The Stem ++ A-head 31.8 mm<\/td>\n<\/tr>\n<tr class=\"tw-border-b tw-border-gray-200\" data-v-2a2d1a6f=\"\">\n<th class=\"tw-text-left tw-text-base tw-font-bold tw-pt-3 sm:tw-py-3 tw-block tw-px-0 sm:tw-table-cell\">Steuersatz<\/th>\n<td class=\"tw-pt-1 tw-pb-3 tw-px-0 sm:tw-py-3 sm:tw-pl-6 tw-block sm:tw-table-cell\">Feimin A-Head Tapered Kugellager<\/td>\n<\/tr>\n<tr class=\"tw-border-b tw-border-gray-200\" data-v-2a2d1a6f=\"\">\n<th class=\"tw-text-left tw-text-base tw-font-bold tw-pt-3 sm:tw-py-3 tw-block tw-px-0 sm:tw-table-cell\">Sattel<\/th>\n<td class=\"tw-pt-1 tw-pb-3 tw-px-0 sm:tw-py-3 sm:tw-pl-6 tw-block sm:tw-table-cell\">Haibike Components TheSaddle<\/td>\n<\/tr>\n<tr class=\"tw-border-b tw-border-gray-200\" data-v-2a2d1a6f=\"\">\n<th class=\"tw-text-left tw-text-base tw-font-bold tw-pt-3 sm:tw-py-3 tw-block tw-px-0 sm:tw-table-cell\">Sattelst\u00fctze<\/th>\n<td class=\"tw-pt-1 tw-pb-3 tw-px-0 sm:tw-py-3 sm:tw-pl-6 tw-block sm:tw-table-cell\">Aluminium Patent-St\u00fctze 34.9 mm<\/td>\n<\/tr>\n<tr class=\"tw-border-b tw-border-gray-200\" data-v-2a2d1a6f=\"\">\n<th class=\"tw-text-left tw-text-base tw-font-bold tw-pt-3 sm:tw-py-3 tw-block tw-px-0 sm:tw-table-cell\">Scheinwerfer<\/th>\n<td class=\"tw-pt-1 tw-pb-3 tw-px-0 sm:tw-py-3 sm:tw-pl-6 tw-block sm:tw-table-cell\">Haibike Skybeamer 300 100 lm<\/td>\n<\/tr>\n<tr class=\"tw-border-b tw-border-gray-200\" data-v-2a2d1a6f=\"\">\n<th class=\"tw-text-left tw-text-base tw-font-bold tw-pt-3 sm:tw-py-3 tw-block tw-px-0 sm:tw-table-cell\">R\u00fccklicht<\/th>\n<td class=\"tw-pt-1 tw-pb-3 tw-px-0 sm:tw-py-3 sm:tw-pl-6 tw-block sm:tw-table-cell\">AXA Juno Ebike<\/td>\n<\/tr>\n<tr class=\"tw-border-b tw-border-gray-200\" data-v-2a2d1a6f=\"\">\n<th class=\"tw-text-left tw-text-base tw-font-bold tw-pt-3 sm:tw-py-3 tw-block tw-px-0 sm:tw-table-cell\">Schutzbleche<\/th>\n<td class=\"tw-pt-1 tw-pb-3 tw-px-0 sm:tw-py-3 sm:tw-pl-6 tw-block sm:tw-table-cell\">SKS Chromoplastik<\/td>\n<\/tr>\n<tr class=\"tw-border-b tw-border-gray-200\" data-v-2a2d1a6f=\"\">\n<th class=\"tw-text-left tw-text-base tw-font-bold tw-pt-3 sm:tw-py-3 tw-block tw-px-0 sm:tw-table-cell\">Gep\u00e4cktr\u00e4ger<\/th>\n<td class=\"tw-pt-1 tw-pb-3 tw-px-0 sm:tw-py-3 sm:tw-pl-6 tw-block sm:tw-table-cell\">StandWell Systemgep\u00e4cktr\u00e4ger<\/td>\n<\/tr>\n<tr class=\"tw-border-b tw-border-gray-200\" data-v-2a2d1a6f=\"\">\n<th class=\"tw-text-left tw-text-base tw-font-bold tw-pt-3 sm:tw-py-3 tw-block tw-px-0 sm:tw-table-cell\">St\u00e4nder<\/th>\n<td class=\"tw-pt-1 tw-pb-3 tw-px-0 sm:tw-py-3 sm:tw-pl-6 tw-block sm:tw-table-cell\">Ursus Mooi Hinterbaust\u00e4nder<\/td>\n<\/tr>\n<tr class=\"tw-border-b tw-border-gray-200\" data-v-2a2d1a6f=\"\">\n<th class=\"tw-text-left tw-text-base tw-font-bold tw-pt-3 sm:tw-py-3 tw-block tw-px-0 sm:tw-table-cell\">Anmerkung<\/th>\n<td class=\"tw-pt-1 tw-pb-3 tw-px-0 sm:tw-py-3 sm:tw-pl-6 tw-block sm:tw-table-cell\">Die Abbildung kann abweichen. Der Hersteller beh\u00e4lt es sich vor, bestimmte Komponenten durch qualitativ gleichwertige zu ersetzen.<\/td>\n<\/tr>\n<\/tbody>\n<\/table>\n<\/div>\n<\/div>\n<\/section>","protected":false},"excerpt":{"rendered":"<p>HAIBIKE Trekking 8 Tiefeinsteiger blau Mit dem neuen HAIBIKE Trekking 8 Tiefeinsteiger gehst du keine Kompromisse ein \u2013 egal ob<\/p>","protected":false},"featured_media":61914,"comment_status":"open","ping_status":"closed","template":"","meta":[],"product_brand":[],"product_cat":[33,247,270],"product_tag":[],"class_list":{"0":"post-40722","1":"product","2":"type-product","3":"status-publish","4":"has-post-thumbnail","6":"product_cat-e-bike","7":"product_cat-e-bike-trekking","8":"product_cat-e-bikes-2023","9":"pa_marke-haibike","11":"first","12":"instock","13":"sale","14":"taxable","15":"shipping-taxable","16":"purchasable","17":"product-type-variable"},"yoast_head":"<!-- This site is optimized with the Yoast SEO Premium plugin v20.12 (Yoast SEO v27.1.1) - https:\/\/yoast.com\/product\/yoast-seo-premium-wordpress\/ -->\n<title>HAIBIKE Trekking 8 Tiefeinsteiger blau<\/title>\n<meta name=\"description\" content=\"kgerad.de bietet Ihnen das HAIBIKE Trekking 8 Tiefeinsteiger blau zum besten Preis mit kostenlosem Versand in ganz Europa\" \/>\n<meta name=\"robots\" content=\"index, follow, max-snippet:-1, max-image-preview:large, max-video-preview:-1\" \/>\n<link rel=\"canonical\" href=\"https:\/\/kgerad.de\/en\/product\/haibike-trekking-8-tiefeinsteiger-blau\/\" \/>\n<meta property=\"og:locale\" content=\"en_US\" \/>\n<meta property=\"og:type\" content=\"article\" \/>\n<meta property=\"og:title\" content=\"HAIBIKE Trekking 8 Tiefeinsteiger blau\" \/>\n<meta property=\"og:description\" content=\"Entdecken Sie unseren Online-Fahrradladen: Gro\u00dfe Auswahl an Modellen f\u00fcr alle Radsportbegeisterten. Von Rennr\u00e4dern bis zu Mountainbikes - finden Sie heute Ihren perfekten Wegbegleiter!\" \/>\n<meta property=\"og:url\" content=\"https:\/\/kgerad.de\/en\/product\/haibike-trekking-8-tiefeinsteiger-blau\/\" \/>\n<meta property=\"og:site_name\" content=\"kgerad.de\" \/>\n<meta property=\"article:modified_time\" content=\"2023-08-11T10:37:28+00:00\" \/>\n<meta property=\"og:image\" content=\"https:\/\/kgerad.de\/wp-content\/uploads\/2023\/06\/haibike-trekking-8-low-step-gloss-royal-blue-metallic-silver-1.jpg\" \/>\n\t<meta property=\"og:image:width\" content=\"2400\" \/>\n\t<meta property=\"og:image:height\" content=\"2400\" \/>\n\t<meta property=\"og:image:type\" content=\"image\/jpeg\" \/>\n<meta name=\"twitter:card\" content=\"summary_large_image\" \/>\n<meta name=\"twitter:label1\" content=\"Est. reading time\" \/>\n\t<meta name=\"twitter:data1\" content=\"2 minutes\" \/>\n<script type=\"application\/ld+json\" class=\"yoast-schema-graph\">{\"@context\":\"https:\/\/schema.org\",\"@graph\":[{\"@type\":\"WebPage\",\"@id\":\"https:\/\/kgerad.de\/produkt\/haibike-trekking-8-tiefeinsteiger-blau\/\",\"url\":\"https:\/\/kgerad.de\/produkt\/haibike-trekking-8-tiefeinsteiger-blau\/\",\"name\":\"HAIBIKE Trekking 8 Tiefeinsteiger blau\",\"isPartOf\":{\"@id\":\"https:\/\/kgerad.de\/#website\"},\"primaryImageOfPage\":{\"@id\":\"https:\/\/kgerad.de\/produkt\/haibike-trekking-8-tiefeinsteiger-blau\/#primaryimage\"},\"image\":{\"@id\":\"https:\/\/kgerad.de\/produkt\/haibike-trekking-8-tiefeinsteiger-blau\/#primaryimage\"},\"thumbnailUrl\":\"https:\/\/kgerad.de\/wp-content\/uploads\/2023\/06\/haibike-trekking-8-low-step-gloss-royal-blue-metallic-silver-1.jpg\",\"datePublished\":\"2022-11-14T18:25:45+00:00\",\"dateModified\":\"2023-08-11T10:37:28+00:00\",\"description\":\"kgerad.de bietet Ihnen das HAIBIKE Trekking 8 Tiefeinsteiger blau zum besten Preis mit kostenlosem Versand in ganz Europa\",\"breadcrumb\":{\"@id\":\"https:\/\/kgerad.de\/produkt\/haibike-trekking-8-tiefeinsteiger-blau\/#breadcrumb\"},\"inLanguage\":\"en-US\",\"potentialAction\":[{\"@type\":\"ReadAction\",\"target\":[\"https:\/\/kgerad.de\/produkt\/haibike-trekking-8-tiefeinsteiger-blau\/\"]}]},{\"@type\":\"ImageObject\",\"inLanguage\":\"en-US\",\"@id\":\"https:\/\/kgerad.de\/produkt\/haibike-trekking-8-tiefeinsteiger-blau\/#primaryimage\",\"url\":\"https:\/\/kgerad.de\/wp-content\/uploads\/2023\/06\/haibike-trekking-8-low-step-gloss-royal-blue-metallic-silver-1.jpg\",\"contentUrl\":\"https:\/\/kgerad.de\/wp-content\/uploads\/2023\/06\/haibike-trekking-8-low-step-gloss-royal-blue-metallic-silver-1.jpg\",\"width\":2400,\"height\":2400,\"caption\":\"HAIBIKE Trekking 8 Tiefeinsteiger blau\"},{\"@type\":\"BreadcrumbList\",\"@id\":\"https:\/\/kgerad.de\/produkt\/haibike-trekking-8-tiefeinsteiger-blau\/#breadcrumb\",\"itemListElement\":[{\"@type\":\"ListItem\",\"position\":1,\"name\":\"Startseite\",\"item\":\"https:\/\/kgerad.de\/\"},{\"@type\":\"ListItem\",\"position\":2,\"name\":\"LADEN\",\"item\":\"https:\/\/kgerad.de\/laden\/\"},{\"@type\":\"ListItem\",\"position\":3,\"name\":\"HAIBIKE Trekking 8 Tiefeinsteiger blau\"}]},{\"@type\":\"WebSite\",\"@id\":\"https:\/\/kgerad.de\/#website\",\"url\":\"https:\/\/kgerad.de\/\",\"name\":\"kgerad.de\",\"description\":\"Treten Sie mit uns ins Abenteuer!\",\"publisher\":{\"@id\":\"https:\/\/kgerad.de\/#organization\"},\"alternateName\":\"MEIN RADLADEN\",\"potentialAction\":[{\"@type\":\"SearchAction\",\"target\":{\"@type\":\"EntryPoint\",\"urlTemplate\":\"https:\/\/kgerad.de\/?s={search_term_string}\"},\"query-input\":{\"@type\":\"PropertyValueSpecification\",\"valueRequired\":true,\"valueName\":\"search_term_string\"}}],\"inLanguage\":\"en-US\"},{\"@type\":\"Organization\",\"@id\":\"https:\/\/kgerad.de\/#organization\",\"name\":\"MEINRADLADEN\",\"alternateName\":\"MEIN RADLADEN\",\"url\":\"https:\/\/kgerad.de\/\",\"logo\":{\"@type\":\"ImageObject\",\"inLanguage\":\"en-US\",\"@id\":\"https:\/\/kgerad.de\/#\/schema\/logo\/image\/\",\"url\":\"https:\/\/kgerad.de\/wp-content\/uploads\/2025\/07\/logo-Whit.svg\",\"contentUrl\":\"https:\/\/kgerad.de\/wp-content\/uploads\/2025\/07\/logo-Whit.svg\",\"width\":1640,\"height\":371,\"caption\":\"MEINRADLADEN\"},\"image\":{\"@id\":\"https:\/\/kgerad.de\/#\/schema\/logo\/image\/\"}}]}<\/script>\n<!-- \/ Yoast SEO Premium plugin. -->","yoast_head_json":{"title":"HAIBIKE Trekking 8 Tiefeinsteiger blau","description":"kgerad.de bietet Ihnen das HAIBIKE Trekking 8 Tiefeinsteiger blau zum besten Preis mit kostenlosem Versand in ganz Europa","robots":{"index":"index","follow":"follow","max-snippet":"max-snippet:-1","max-image-preview":"max-image-preview:large","max-video-preview":"max-video-preview:-1"},"canonical":"https:\/\/kgerad.de\/en\/product\/haibike-trekking-8-tiefeinsteiger-blau\/","og_locale":"en_US","og_type":"article","og_title":"HAIBIKE Trekking 8 Tiefeinsteiger blau","og_description":"Entdecken Sie unseren Online-Fahrradladen: Gro\u00dfe Auswahl an Modellen f\u00fcr alle Radsportbegeisterten. Von Rennr\u00e4dern bis zu Mountainbikes - finden Sie heute Ihren perfekten Wegbegleiter!","og_url":"https:\/\/kgerad.de\/en\/product\/haibike-trekking-8-tiefeinsteiger-blau\/","og_site_name":"kgerad.de","article_modified_time":"2023-08-11T10:37:28+00:00","og_image":[{"width":2400,"height":2400,"url":"https:\/\/kgerad.de\/wp-content\/uploads\/2023\/06\/haibike-trekking-8-low-step-gloss-royal-blue-metallic-silver-1.jpg","type":"image\/jpeg"}],"twitter_card":"summary_large_image","twitter_misc":{"Est. reading time":"2 minutes"},"schema":{"@context":"https:\/\/schema.org","@graph":[{"@type":"WebPage","@id":"https:\/\/kgerad.de\/produkt\/haibike-trekking-8-tiefeinsteiger-blau\/","url":"https:\/\/kgerad.de\/produkt\/haibike-trekking-8-tiefeinsteiger-blau\/","name":"HAIBIKE Trekking 8 Tiefeinsteiger blau","isPartOf":{"@id":"https:\/\/kgerad.de\/#website"},"primaryImageOfPage":{"@id":"https:\/\/kgerad.de\/produkt\/haibike-trekking-8-tiefeinsteiger-blau\/#primaryimage"},"image":{"@id":"https:\/\/kgerad.de\/produkt\/haibike-trekking-8-tiefeinsteiger-blau\/#primaryimage"},"thumbnailUrl":"https:\/\/kgerad.de\/wp-content\/uploads\/2023\/06\/haibike-trekking-8-low-step-gloss-royal-blue-metallic-silver-1.jpg","datePublished":"2022-11-14T18:25:45+00:00","dateModified":"2023-08-11T10:37:28+00:00","description":"kgerad.de bietet Ihnen das HAIBIKE Trekking 8 Tiefeinsteiger blau zum besten Preis mit kostenlosem Versand in ganz Europa","breadcrumb":{"@id":"https:\/\/kgerad.de\/produkt\/haibike-trekking-8-tiefeinsteiger-blau\/#breadcrumb"},"inLanguage":"en-US","potentialAction":[{"@type":"ReadAction","target":["https:\/\/kgerad.de\/produkt\/haibike-trekking-8-tiefeinsteiger-blau\/"]}]},{"@type":"ImageObject","inLanguage":"en-US","@id":"https:\/\/kgerad.de\/produkt\/haibike-trekking-8-tiefeinsteiger-blau\/#primaryimage","url":"https:\/\/kgerad.de\/wp-content\/uploads\/2023\/06\/haibike-trekking-8-low-step-gloss-royal-blue-metallic-silver-1.jpg","contentUrl":"https:\/\/kgerad.de\/wp-content\/uploads\/2023\/06\/haibike-trekking-8-low-step-gloss-royal-blue-metallic-silver-1.jpg","width":2400,"height":2400,"caption":"HAIBIKE Trekking 8 Tiefeinsteiger blau"},{"@type":"BreadcrumbList","@id":"https:\/\/kgerad.de\/produkt\/haibike-trekking-8-tiefeinsteiger-blau\/#breadcrumb","itemListElement":[{"@type":"ListItem","position":1,"name":"Startseite","item":"https:\/\/kgerad.de\/"},{"@type":"ListItem","position":2,"name":"LADEN","item":"https:\/\/kgerad.de\/laden\/"},{"@type":"ListItem","position":3,"name":"HAIBIKE Trekking 8 Tiefeinsteiger blau"}]},{"@type":"WebSite","@id":"https:\/\/kgerad.de\/#website","url":"https:\/\/kgerad.de\/","name":"kgerad.de","description":"Treten Sie mit uns ins Abenteuer!","publisher":{"@id":"https:\/\/kgerad.de\/#organization"},"alternateName":"MEIN RADLADEN","potentialAction":[{"@type":"SearchAction","target":{"@type":"EntryPoint","urlTemplate":"https:\/\/kgerad.de\/?s={search_term_string}"},"query-input":{"@type":"PropertyValueSpecification","valueRequired":true,"valueName":"search_term_string"}}],"inLanguage":"en-US"},{"@type":"Organization","@id":"https:\/\/kgerad.de\/#organization","name":"MEINRADLADEN","alternateName":"MEIN RADLADEN","url":"https:\/\/kgerad.de\/","logo":{"@type":"ImageObject","inLanguage":"en-US","@id":"https:\/\/kgerad.de\/#\/schema\/logo\/image\/","url":"https:\/\/kgerad.de\/wp-content\/uploads\/2025\/07\/logo-Whit.svg","contentUrl":"https:\/\/kgerad.de\/wp-content\/uploads\/2025\/07\/logo-Whit.svg","width":1640,"height":371,"caption":"MEINRADLADEN"},"image":{"@id":"https:\/\/kgerad.de\/#\/schema\/logo\/image\/"}}]}},"_links":{"self":[{"href":"https:\/\/kgerad.de\/en\/wp-json\/wp\/v2\/product\/40722","targetHints":{"allow":["GET"]}}],"collection":[{"href":"https:\/\/kgerad.de\/en\/wp-json\/wp\/v2\/product"}],"about":[{"href":"https:\/\/kgerad.de\/en\/wp-json\/wp\/v2\/types\/product"}],"replies":[{"embeddable":true,"href":"https:\/\/kgerad.de\/en\/wp-json\/wp\/v2\/comments?post=40722"}],"version-history":[{"count":2,"href":"https:\/\/kgerad.de\/en\/wp-json\/wp\/v2\/product\/40722\/revisions"}],"predecessor-version":[{"id":79591,"href":"https:\/\/kgerad.de\/en\/wp-json\/wp\/v2\/product\/40722\/revisions\/79591"}],"wp:featuredmedia":[{"embeddable":true,"href":"https:\/\/kgerad.de\/en\/wp-json\/wp\/v2\/media\/61914"}],"wp:attachment":[{"href":"https:\/\/kgerad.de\/en\/wp-json\/wp\/v2\/media?parent=40722"}],"wp:term":[{"taxonomy":"product_brand","embeddable":true,"href":"https:\/\/kgerad.de\/en\/wp-json\/wp\/v2\/product_brand?post=40722"},{"taxonomy":"product_cat","embeddable":true,"href":"https:\/\/kgerad.de\/en\/wp-json\/wp\/v2\/product_cat?post=40722"},{"taxonomy":"product_tag","embeddable":true,"href":"https:\/\/kgerad.de\/en\/wp-json\/wp\/v2\/product_tag?post=40722"}],"curies":[{"name":"wp","href":"https:\/\/api.w.org\/{rel}","templated":true}]}}