{"id":40666,"date":"2022-11-14T18:42:19","date_gmt":"2022-11-14T17:42:19","guid":{"rendered":"https:\/\/kgerad.de\/?post_type=product&#038;p=40666"},"modified":"2023-08-17T12:26:43","modified_gmt":"2023-08-17T10:26:43","slug":"cube-access-ws-pro-allroad-aquanblue","status":"publish","type":"product","link":"https:\/\/kgerad.de\/en\/product\/cube-access-ws-pro-allroad-aquanblue\/","title":{"rendered":"Cube Access WS Pro Allroad aqua\u00b4n\u00b4blue"},"content":{"rendered":"<h2 class=\"content--title\"><strong>Cube<\/strong>\u00a0Access WS Pro Allroad aqua\u00b4n\u00b4blue<\/h2>\n<div class=\"product--description\">\n<p>Dass Mountainbikes echte Genies in Sachen Vielseitigkeit und Anpassbarkeit sind, ist hinreichend bekannt. Das neue Cube Access WS Pro Allroad geht allerdings noch einen Schritt weiter. Ausgestattet mit Schutzblechen, stabilem Gep\u00e4cktr\u00e4ger, praktischem Seitenst\u00e4nder und einem dynamogespeisten Beleuchtungssystem, gibt sich dieser sportliche Offroader komplett stra\u00dfenverkehrstauglich.<\/p>\n<hr \/>\n<p><a href=\"https:\/\/www.cube.eu\/360\/525450\" target=\"_blank\" rel=\"noopener\"><img decoding=\"async\" title=\"360\u00b0\" src=\"https:\/\/cd.bike-discount.de\/media\/image\/3a\/ee\/83\/360.png\" alt=\"\" width=\"40\" height=\"39\" data-mid=\"729769\" data-src=\"media\/image\/360.png\" \/>360\u00b0-Ansicht \u00f6ffnen<\/a><\/p>\n<hr \/>\n<p>Aus dem Hause Shimano kommen die einfach zu bedienende 2&#215;9-fach Schaltung und die bei jedem Wetter zuverl\u00e4ssig arbeitenden hydraulischen Scheibenbremsen. Die Suntour Federgabel sorgt f\u00fcr geschmeidigen Fahrkomfort. Am Wochenende auf den Trails unterwegs und unter der Woche ins Office? Dieses Bike macht alles mit!<\/p>\n<hr \/>\n<p><strong>In den Rahmengr\u00f6\u00dfen XS (14&#8243;) und S (16&#8243;) als 27,5er. In den Rahmengr\u00f6\u00dfen M (18&#8243;), L (20&#8243;) als 29er.<\/strong><\/p>\n<hr \/>\n<h3>RAHMEN Cube Access WS Pro Allroad aqua\u00b4n\u00b4blue<\/h3>\n<p>Der brandneue Access WS Pro Allroad Rahmen besticht 2022 mit einem \u00fcberarbeiteten, supercleanen Look. Verantwortlich daf\u00fcr: die im Smooth Welding Verfahren hergestellten Verbindungen am Steuerrohr und Sattelst\u00fctzenprofil. Au\u00dferdem haben wir ihn so gestaltet, dass sich die Montagepunkte f\u00fcr Schutzbleche, Gep\u00e4cktr\u00e4ger und Seitenst\u00e4nder sauber und dezent ins Rahmendesign einf\u00fcgen. Und wir haben die Z\u00fcge ins Innere verlegt, damit sie ihre Aufgabe lange sauber machen k\u00f6nnen und selten gewartet werden m\u00fcssen. Eine versenkbare Sattelst\u00fctze kann nachger\u00fcstet werden. Die \u00fcberarbeitete Geometrie ist speziell auf die weibliche Anatomie abgestimmt. Sie hat ein niedrigeres Oberrohr und konifiziertes Steuerrohr f\u00fcr noch zuverl\u00e4ssigeres Handling und l\u00e4sst viel Platz f\u00fcr breite, griffige, komfortabel rollende 2.25 Zoll Reifen. Auch haben wir unser Size Split System jetzt breiter aufgestellt &#8211; dadurch findet jede Fahrerin die perfekt passende Access WS Pro Rahmengr\u00f6\u00dfe f\u00fcr sich.<\/p>\n<hr \/>\n<h3>KLEINSTER RAHMEN<\/h3>\n<p>Die Passform eines Bikes ist so etwas Pers\u00f6nliches und Individuelles wie die Kleidergr\u00f6\u00dfe, deshalb hat Cube bei der brandneuen Access Serie auch sehr viel Wert auf perfekt proportionierte Rahmen gelegt. Bei den kleinsten Gr\u00f6\u00dfen erm\u00f6glicht ein speziell geformtes Oberrohr einen bequemen Einstieg. Ab Gr\u00f6\u00dfe Medium aufw\u00e4rts sind die Abmessungen ebenso pr\u00e4zise auf die Anforderungen weiblicher Rider abgestimmt wie bei den kleineren Rahmen und lassen ebenso gen\u00fcgend \u00dcberstandsh\u00f6he f\u00fcr souver\u00e4nes Handling. Und dank dem Size Split System findet jede Fahrerin das f\u00fcr sie ideale Chassis. Denn CUBE wei\u00df: eine perfekte Passform ist unerl\u00e4sslich!<\/p>\n<h2>Ausstattung<\/h2>\n<div class=\"product--properties panel has--border\">\n<table class=\"product--properties-table\">\n<tbody>\n<tr class=\"product--properties-row row1\">\n<td class=\"product--properties-label is--bold\">Rahmen:<\/td>\n<td class=\"product--properties-value\">Aluminium Lite, AMF, Double Butted, Internal Cable Routing, Tapered Head Tube, Flat Mount Brake, SIC Mount, FM Kickstand Mount<\/td>\n<\/tr>\n<tr class=\"product--properties-row row2\">\n<td class=\"product--properties-label is--bold\">Rahmenmaterial:<\/td>\n<td class=\"product--properties-value\">Aluminium<\/td>\n<\/tr>\n<tr class=\"product--properties-row row3\">\n<td class=\"product--properties-label is--bold\">Laufradgr\u00f6\u00dfe:<\/td>\n<td class=\"product--properties-value\">Size Split: 27.5: XS (14&#8243;), S (16&#8243;) \/\/ 29: M (18&#8243;), L (20&#8243;)<\/td>\n<\/tr>\n<tr class=\"product--properties-row row4\">\n<td class=\"product--properties-label is--bold\">Farbe:<\/td>\n<td class=\"product--properties-value\">aqua\u00b4n\u00b4blue<\/td>\n<\/tr>\n<tr class=\"product--properties-row row5\">\n<td class=\"product--properties-label is--bold\">Gabel:<\/td>\n<td class=\"product--properties-value\">SR Suntour XCM Disc, 100mm, Remote Lockout<\/td>\n<\/tr>\n<tr class=\"product--properties-row row6\">\n<td class=\"product--properties-label is--bold\">Federweg:<\/td>\n<td class=\"product--properties-value\">100mm<\/td>\n<\/tr>\n<tr class=\"product--properties-row row7\">\n<td class=\"product--properties-label is--bold\">Bremsen:<\/td>\n<td class=\"product--properties-value\">Shimano BR-MT200\/UR300, Hydr. Disc Brake, PM\/FM (160\/160)<\/td>\n<\/tr>\n<tr class=\"product--properties-row row8\">\n<td class=\"product--properties-label is--bold\">Steuersatz:<\/td>\n<td class=\"product--properties-value\">CUBE FPH868, Top 1 1\/8&#8243;, Bottom 1 1\/2&#8243;, Semi-Integrated<\/td>\n<\/tr>\n<tr class=\"product--properties-row row9\">\n<td class=\"product--properties-label is--bold\">Vorbau:<\/td>\n<td class=\"product--properties-value\">CUBE Performance Stem Pro, 31.8mm<\/td>\n<\/tr>\n<tr class=\"product--properties-row row10\">\n<td class=\"product--properties-label is--bold\">Lenker:<\/td>\n<td class=\"product--properties-value\">CUBE Rise Trail Bar, 680mm<\/td>\n<\/tr>\n<tr class=\"product--properties-row row11\">\n<td class=\"product--properties-label is--bold\">Griffe:<\/td>\n<td class=\"product--properties-value\">ACID React<\/td>\n<\/tr>\n<tr class=\"product--properties-row row12\">\n<td class=\"product--properties-label is--bold\">Sattel:<\/td>\n<td class=\"product--properties-value\">Natural Fit Venec Lite WS<\/td>\n<\/tr>\n<tr class=\"product--properties-row row13\">\n<td class=\"product--properties-label is--bold\">Sattelst\u00fctze:<\/td>\n<td class=\"product--properties-value\">CUBE Performance Post, 27.2mm<\/td>\n<\/tr>\n<tr class=\"product--properties-row row14\">\n<td class=\"product--properties-label is--bold\">Sattelklemme:<\/td>\n<td class=\"product--properties-value\">CUBE Varioclose, 31.8mm<\/td>\n<\/tr>\n<tr class=\"product--properties-row row15\">\n<td class=\"product--properties-label is--bold\">Kurbel:<\/td>\n<td class=\"product--properties-value\">Shimano FC-MT101, 36x22T<\/td>\n<\/tr>\n<\/tbody>\n<\/table>\n<table class=\"product--properties-table\">\n<tbody>\n<tr class=\"product--properties-row row16\">\n<td class=\"product--properties-label is--bold\">Schaltwerk:<\/td>\n<td class=\"product--properties-value\">Shimano RD-M3100-SGS, 9-Speed<\/td>\n<\/tr>\n<tr class=\"product--properties-row row17\">\n<td class=\"product--properties-label is--bold\">Schalthebel:<\/td>\n<td class=\"product--properties-value\">Shimano SL-M2010-9R, Rapidfire-Plus<\/td>\n<\/tr>\n<tr class=\"product--properties-row row18\">\n<td class=\"product--properties-label is--bold\">Umwerfer:<\/td>\n<td class=\"product--properties-value\">Shimano FD-M2020, Top Swing, 31.8mm Clamp<\/td>\n<\/tr>\n<tr class=\"product--properties-row row19\">\n<td class=\"product--properties-label is--bold\">Kassette:<\/td>\n<td class=\"product--properties-value\">Shimano CS-HG201, 11-36T<\/td>\n<\/tr>\n<tr class=\"product--properties-row row20\">\n<td class=\"product--properties-label is--bold\">Kette:<\/td>\n<td class=\"product--properties-value\">KMC X9<\/td>\n<\/tr>\n<tr class=\"product--properties-row row21\">\n<td class=\"product--properties-label is--bold\">Reifen:<\/td>\n<td class=\"product--properties-value\">Schwalbe Smart Sam, Active, 2.25<\/td>\n<\/tr>\n<tr class=\"product--properties-row row22\">\n<td class=\"product--properties-label is--bold\">Nabe Vorderrad:<\/td>\n<td class=\"product--properties-value\">Shimano DH-3D32, hub dynamo, QR<\/td>\n<\/tr>\n<tr class=\"product--properties-row row23\">\n<td class=\"product--properties-label is--bold\">Nabe Hinterrad:<\/td>\n<td class=\"product--properties-value\">Shimano HB-TX506, QR, 6-Bolt<\/td>\n<\/tr>\n<tr class=\"product--properties-row row24\">\n<td class=\"product--properties-label is--bold\">Felgen:<\/td>\n<td class=\"product--properties-value\">CUBE ZX20, 32H, Disc<\/td>\n<\/tr>\n<tr class=\"product--properties-row row25\">\n<td class=\"product--properties-label is--bold\">Scheinwerfer:<\/td>\n<td class=\"product--properties-value\">CUBE Shiny 50<\/td>\n<\/tr>\n<tr class=\"product--properties-row row26\">\n<td class=\"product--properties-label is--bold\">R\u00fccklicht:<\/td>\n<td class=\"product--properties-value\">ACID Mudguard Rear Light PRO-D, 6V, AC<\/td>\n<\/tr>\n<tr class=\"product--properties-row row27\">\n<td class=\"product--properties-label is--bold\">Gep\u00e4cktr\u00e4ger:<\/td>\n<td class=\"product--properties-value\">ACID Semi-Integrated Carrier, ACID RILink Adapter Compatible and Rail<\/td>\n<\/tr>\n<tr class=\"product--properties-row row28\">\n<td class=\"product--properties-label is--bold\">Pedale:<\/td>\n<td class=\"product--properties-value\">CUBE PP MTB<\/td>\n<\/tr>\n<tr class=\"product--properties-row row29\">\n<td class=\"product--properties-label is--bold\">Sonstiges:<\/td>\n<td class=\"product--properties-value\">Schutzblech, St\u00e4nder, Glocke<\/td>\n<\/tr>\n<tr class=\"product--properties-row row30\">\n<td class=\"product--properties-label is--bold\">Zul\u00e4ssiges Gesamtgewicht:<\/td>\n<td class=\"product--properties-value\">140 kg -&gt; 115 kg (K\u00f6rpergewicht + Fahrrad + Ausr\u00fcstung) + 25 kg Zuladung (Gep\u00e4cktr\u00e4ger)<\/td>\n<\/tr>\n<tr class=\"product--properties-row row31\">\n<td class=\"product--properties-label is--bold\">Gewicht Komplettrad:<\/td>\n<td class=\"product--properties-value\">ab 16,1 kg<\/td>\n<\/tr>\n<\/tbody>\n<\/table>\n<\/div>\n<\/div>","protected":false},"excerpt":{"rendered":"<p><label>Modelljahr: <span style=\"font-size: 16px;\">2022<\/span><\/label><\/p>","protected":false},"featured_media":61883,"comment_status":"open","ping_status":"closed","template":"","meta":[],"product_brand":[],"product_cat":[36,346,220],"product_tag":[],"class_list":{"0":"post-40666","1":"product","2":"type-product","3":"status-publish","4":"has-post-thumbnail","6":"product_cat-fahrrad","7":"product_cat-hardtail-damen","8":"product_cat-mountainbike","9":"pa_marke-cube","11":"first","12":"instock","13":"sale","14":"taxable","15":"shipping-taxable","16":"purchasable","17":"product-type-variable"},"yoast_head":"<!-- This site is optimized with the Yoast SEO Premium plugin v20.12 (Yoast SEO v27.1.1) - https:\/\/yoast.com\/product\/yoast-seo-premium-wordpress\/ -->\n<title>Cube Access WS Pro Allroad aqua\u00b4n\u00b4blue<\/title>\n<meta name=\"description\" content=\"kgerad.de bietet Ihnen das Cube Access WS Pro Allroad aqua\u00b4n\u00b4blue zum besten Preis mit kostenlosem Versand in ganz EuropaCube Access WS Pro Allroad\" \/>\n<meta name=\"robots\" content=\"index, follow, max-snippet:-1, max-image-preview:large, max-video-preview:-1\" \/>\n<link rel=\"canonical\" href=\"https:\/\/kgerad.de\/en\/product\/cube-access-ws-pro-allroad-aquanblue\/\" \/>\n<meta property=\"og:locale\" content=\"en_US\" \/>\n<meta property=\"og:type\" content=\"article\" \/>\n<meta property=\"og:title\" content=\"Cube Access WS Pro Allroad aqua\u00b4n\u00b4blue\" \/>\n<meta property=\"og:description\" content=\"Entdecken Sie unseren Online-Fahrradladen: Gro\u00dfe Auswahl an Modellen f\u00fcr alle Radsportbegeisterten. Von Rennr\u00e4dern bis zu Mountainbikes - finden Sie heute Ihren perfekten Wegbegleiter!\" \/>\n<meta property=\"og:url\" content=\"https:\/\/kgerad.de\/en\/product\/cube-access-ws-pro-allroad-aquanblue\/\" \/>\n<meta property=\"og:site_name\" content=\"kgerad.de\" \/>\n<meta property=\"article:modified_time\" content=\"2023-08-17T10:26:43+00:00\" \/>\n<meta property=\"og:image\" content=\"https:\/\/kgerad.de\/wp-content\/uploads\/2023\/06\/Cube-Access-WS-Pro-Allroad-aqua\u00b4n\u00b4blue.jpg\" \/>\n\t<meta property=\"og:image:width\" content=\"800\" \/>\n\t<meta property=\"og:image:height\" content=\"463\" \/>\n\t<meta property=\"og:image:type\" content=\"image\/jpeg\" \/>\n<meta name=\"twitter:card\" content=\"summary_large_image\" \/>\n<meta name=\"twitter:label1\" content=\"Est. reading time\" \/>\n\t<meta name=\"twitter:data1\" content=\"4 minutes\" \/>\n<script type=\"application\/ld+json\" class=\"yoast-schema-graph\">{\"@context\":\"https:\/\/schema.org\",\"@graph\":[{\"@type\":\"WebPage\",\"@id\":\"https:\/\/kgerad.de\/produkt\/cube-access-ws-pro-allroad-aquanblue\/\",\"url\":\"https:\/\/kgerad.de\/produkt\/cube-access-ws-pro-allroad-aquanblue\/\",\"name\":\"Cube Access WS Pro Allroad aqua\u00b4n\u00b4blue\",\"isPartOf\":{\"@id\":\"https:\/\/kgerad.de\/#website\"},\"primaryImageOfPage\":{\"@id\":\"https:\/\/kgerad.de\/produkt\/cube-access-ws-pro-allroad-aquanblue\/#primaryimage\"},\"image\":{\"@id\":\"https:\/\/kgerad.de\/produkt\/cube-access-ws-pro-allroad-aquanblue\/#primaryimage\"},\"thumbnailUrl\":\"https:\/\/kgerad.de\/wp-content\/uploads\/2023\/06\/Cube-Access-WS-Pro-Allroad-aqua\u00b4n\u00b4blue.jpg\",\"datePublished\":\"2022-11-14T17:42:19+00:00\",\"dateModified\":\"2023-08-17T10:26:43+00:00\",\"description\":\"kgerad.de bietet Ihnen das Cube Access WS Pro Allroad aqua\u00b4n\u00b4blue zum besten Preis mit kostenlosem Versand in ganz EuropaCube Access WS Pro Allroad\",\"breadcrumb\":{\"@id\":\"https:\/\/kgerad.de\/produkt\/cube-access-ws-pro-allroad-aquanblue\/#breadcrumb\"},\"inLanguage\":\"en-US\",\"potentialAction\":[{\"@type\":\"ReadAction\",\"target\":[\"https:\/\/kgerad.de\/produkt\/cube-access-ws-pro-allroad-aquanblue\/\"]}]},{\"@type\":\"ImageObject\",\"inLanguage\":\"en-US\",\"@id\":\"https:\/\/kgerad.de\/produkt\/cube-access-ws-pro-allroad-aquanblue\/#primaryimage\",\"url\":\"https:\/\/kgerad.de\/wp-content\/uploads\/2023\/06\/Cube-Access-WS-Pro-Allroad-aqua\u00b4n\u00b4blue.jpg\",\"contentUrl\":\"https:\/\/kgerad.de\/wp-content\/uploads\/2023\/06\/Cube-Access-WS-Pro-Allroad-aqua\u00b4n\u00b4blue.jpg\",\"width\":800,\"height\":463,\"caption\":\"Cube Access WS Pro Allroad aqua\u00b4n\u00b4blue\"},{\"@type\":\"BreadcrumbList\",\"@id\":\"https:\/\/kgerad.de\/produkt\/cube-access-ws-pro-allroad-aquanblue\/#breadcrumb\",\"itemListElement\":[{\"@type\":\"ListItem\",\"position\":1,\"name\":\"Startseite\",\"item\":\"https:\/\/kgerad.de\/\"},{\"@type\":\"ListItem\",\"position\":2,\"name\":\"LADEN\",\"item\":\"https:\/\/kgerad.de\/laden\/\"},{\"@type\":\"ListItem\",\"position\":3,\"name\":\"Cube Access WS Pro Allroad aqua\u00b4n\u00b4blue\"}]},{\"@type\":\"WebSite\",\"@id\":\"https:\/\/kgerad.de\/#website\",\"url\":\"https:\/\/kgerad.de\/\",\"name\":\"kgerad.de\",\"description\":\"Treten Sie mit uns ins Abenteuer!\",\"publisher\":{\"@id\":\"https:\/\/kgerad.de\/#organization\"},\"alternateName\":\"MEIN RADLADEN\",\"potentialAction\":[{\"@type\":\"SearchAction\",\"target\":{\"@type\":\"EntryPoint\",\"urlTemplate\":\"https:\/\/kgerad.de\/?s={search_term_string}\"},\"query-input\":{\"@type\":\"PropertyValueSpecification\",\"valueRequired\":true,\"valueName\":\"search_term_string\"}}],\"inLanguage\":\"en-US\"},{\"@type\":\"Organization\",\"@id\":\"https:\/\/kgerad.de\/#organization\",\"name\":\"MEINRADLADEN\",\"alternateName\":\"MEIN RADLADEN\",\"url\":\"https:\/\/kgerad.de\/\",\"logo\":{\"@type\":\"ImageObject\",\"inLanguage\":\"en-US\",\"@id\":\"https:\/\/kgerad.de\/#\/schema\/logo\/image\/\",\"url\":\"https:\/\/kgerad.de\/wp-content\/uploads\/2025\/07\/logo-Whit.svg\",\"contentUrl\":\"https:\/\/kgerad.de\/wp-content\/uploads\/2025\/07\/logo-Whit.svg\",\"width\":1640,\"height\":371,\"caption\":\"MEINRADLADEN\"},\"image\":{\"@id\":\"https:\/\/kgerad.de\/#\/schema\/logo\/image\/\"}}]}<\/script>\n<!-- \/ Yoast SEO Premium plugin. -->","yoast_head_json":{"title":"Cube Access WS Pro Allroad aqua\u00b4n\u00b4blue","description":"kgerad.de bietet Ihnen das Cube Access WS Pro Allroad aqua\u00b4n\u00b4blue zum besten Preis mit kostenlosem Versand in ganz EuropaCube Access WS Pro Allroad","robots":{"index":"index","follow":"follow","max-snippet":"max-snippet:-1","max-image-preview":"max-image-preview:large","max-video-preview":"max-video-preview:-1"},"canonical":"https:\/\/kgerad.de\/en\/product\/cube-access-ws-pro-allroad-aquanblue\/","og_locale":"en_US","og_type":"article","og_title":"Cube Access WS Pro Allroad aqua\u00b4n\u00b4blue","og_description":"Entdecken Sie unseren Online-Fahrradladen: Gro\u00dfe Auswahl an Modellen f\u00fcr alle Radsportbegeisterten. Von Rennr\u00e4dern bis zu Mountainbikes - finden Sie heute Ihren perfekten Wegbegleiter!","og_url":"https:\/\/kgerad.de\/en\/product\/cube-access-ws-pro-allroad-aquanblue\/","og_site_name":"kgerad.de","article_modified_time":"2023-08-17T10:26:43+00:00","og_image":[{"width":800,"height":463,"url":"https:\/\/kgerad.de\/wp-content\/uploads\/2023\/06\/Cube-Access-WS-Pro-Allroad-aqua\u00b4n\u00b4blue.jpg","type":"image\/jpeg"}],"twitter_card":"summary_large_image","twitter_misc":{"Est. reading time":"4 minutes"},"schema":{"@context":"https:\/\/schema.org","@graph":[{"@type":"WebPage","@id":"https:\/\/kgerad.de\/produkt\/cube-access-ws-pro-allroad-aquanblue\/","url":"https:\/\/kgerad.de\/produkt\/cube-access-ws-pro-allroad-aquanblue\/","name":"Cube Access WS Pro Allroad aqua\u00b4n\u00b4blue","isPartOf":{"@id":"https:\/\/kgerad.de\/#website"},"primaryImageOfPage":{"@id":"https:\/\/kgerad.de\/produkt\/cube-access-ws-pro-allroad-aquanblue\/#primaryimage"},"image":{"@id":"https:\/\/kgerad.de\/produkt\/cube-access-ws-pro-allroad-aquanblue\/#primaryimage"},"thumbnailUrl":"https:\/\/kgerad.de\/wp-content\/uploads\/2023\/06\/Cube-Access-WS-Pro-Allroad-aqua\u00b4n\u00b4blue.jpg","datePublished":"2022-11-14T17:42:19+00:00","dateModified":"2023-08-17T10:26:43+00:00","description":"kgerad.de bietet Ihnen das Cube Access WS Pro Allroad aqua\u00b4n\u00b4blue zum besten Preis mit kostenlosem Versand in ganz EuropaCube Access WS Pro Allroad","breadcrumb":{"@id":"https:\/\/kgerad.de\/produkt\/cube-access-ws-pro-allroad-aquanblue\/#breadcrumb"},"inLanguage":"en-US","potentialAction":[{"@type":"ReadAction","target":["https:\/\/kgerad.de\/produkt\/cube-access-ws-pro-allroad-aquanblue\/"]}]},{"@type":"ImageObject","inLanguage":"en-US","@id":"https:\/\/kgerad.de\/produkt\/cube-access-ws-pro-allroad-aquanblue\/#primaryimage","url":"https:\/\/kgerad.de\/wp-content\/uploads\/2023\/06\/Cube-Access-WS-Pro-Allroad-aqua\u00b4n\u00b4blue.jpg","contentUrl":"https:\/\/kgerad.de\/wp-content\/uploads\/2023\/06\/Cube-Access-WS-Pro-Allroad-aqua\u00b4n\u00b4blue.jpg","width":800,"height":463,"caption":"Cube Access WS Pro Allroad aqua\u00b4n\u00b4blue"},{"@type":"BreadcrumbList","@id":"https:\/\/kgerad.de\/produkt\/cube-access-ws-pro-allroad-aquanblue\/#breadcrumb","itemListElement":[{"@type":"ListItem","position":1,"name":"Startseite","item":"https:\/\/kgerad.de\/"},{"@type":"ListItem","position":2,"name":"LADEN","item":"https:\/\/kgerad.de\/laden\/"},{"@type":"ListItem","position":3,"name":"Cube Access WS Pro Allroad aqua\u00b4n\u00b4blue"}]},{"@type":"WebSite","@id":"https:\/\/kgerad.de\/#website","url":"https:\/\/kgerad.de\/","name":"kgerad.de","description":"Treten Sie mit uns ins Abenteuer!","publisher":{"@id":"https:\/\/kgerad.de\/#organization"},"alternateName":"MEIN RADLADEN","potentialAction":[{"@type":"SearchAction","target":{"@type":"EntryPoint","urlTemplate":"https:\/\/kgerad.de\/?s={search_term_string}"},"query-input":{"@type":"PropertyValueSpecification","valueRequired":true,"valueName":"search_term_string"}}],"inLanguage":"en-US"},{"@type":"Organization","@id":"https:\/\/kgerad.de\/#organization","name":"MEINRADLADEN","alternateName":"MEIN RADLADEN","url":"https:\/\/kgerad.de\/","logo":{"@type":"ImageObject","inLanguage":"en-US","@id":"https:\/\/kgerad.de\/#\/schema\/logo\/image\/","url":"https:\/\/kgerad.de\/wp-content\/uploads\/2025\/07\/logo-Whit.svg","contentUrl":"https:\/\/kgerad.de\/wp-content\/uploads\/2025\/07\/logo-Whit.svg","width":1640,"height":371,"caption":"MEINRADLADEN"},"image":{"@id":"https:\/\/kgerad.de\/#\/schema\/logo\/image\/"}}]}},"_links":{"self":[{"href":"https:\/\/kgerad.de\/en\/wp-json\/wp\/v2\/product\/40666","targetHints":{"allow":["GET"]}}],"collection":[{"href":"https:\/\/kgerad.de\/en\/wp-json\/wp\/v2\/product"}],"about":[{"href":"https:\/\/kgerad.de\/en\/wp-json\/wp\/v2\/types\/product"}],"replies":[{"embeddable":true,"href":"https:\/\/kgerad.de\/en\/wp-json\/wp\/v2\/comments?post=40666"}],"version-history":[{"count":2,"href":"https:\/\/kgerad.de\/en\/wp-json\/wp\/v2\/product\/40666\/revisions"}],"predecessor-version":[{"id":79795,"href":"https:\/\/kgerad.de\/en\/wp-json\/wp\/v2\/product\/40666\/revisions\/79795"}],"wp:featuredmedia":[{"embeddable":true,"href":"https:\/\/kgerad.de\/en\/wp-json\/wp\/v2\/media\/61883"}],"wp:attachment":[{"href":"https:\/\/kgerad.de\/en\/wp-json\/wp\/v2\/media?parent=40666"}],"wp:term":[{"taxonomy":"product_brand","embeddable":true,"href":"https:\/\/kgerad.de\/en\/wp-json\/wp\/v2\/product_brand?post=40666"},{"taxonomy":"product_cat","embeddable":true,"href":"https:\/\/kgerad.de\/en\/wp-json\/wp\/v2\/product_cat?post=40666"},{"taxonomy":"product_tag","embeddable":true,"href":"https:\/\/kgerad.de\/en\/wp-json\/wp\/v2\/product_tag?post=40666"}],"curies":[{"name":"wp","href":"https:\/\/api.w.org\/{rel}","templated":true}]}}