{"id":40639,"date":"2022-11-14T18:25:09","date_gmt":"2022-11-14T17:25:09","guid":{"rendered":"https:\/\/kgerad.de\/?post_type=product&#038;p=40639"},"modified":"2023-08-11T12:45:03","modified_gmt":"2023-08-11T10:45:03","slug":"haibike-trekking-4-low-step-blau","status":"publish","type":"product","link":"https:\/\/kgerad.de\/en\/product\/haibike-trekking-4-low-step-blau\/","title":{"rendered":"HAIBIKE Trekking 4 Low-Step blau"},"content":{"rendered":"<h2 class=\"product-name cyc-typo_display-3 cyc-margin_bottom-1 cyc-no-texttransform js-productName\">HAIBIKE Trekking 4 Low-Step blau<\/h2>\n<div class=\"js-productDescriptionContainer\">\n<div class=\"cyc-margin_bottom-4\">\n<div class=\"js-productDescriptionContainer\">\n<div class=\"cyc-margin_bottom-4\">\n<p>Dein perfekter Start in die HAIBIKE Trekking 4 Low-Step\u00a0Welt gelingt dank besonders niedrigem Einstieg ganz einfach und bequem: Mit dem Haibike Trekking 4 LOW wird das Auf- und Absteigen zum Kinderspiel. In Kombination mit der besonders komfortablen und aufrechten Sitzposition ist dieses eTrekkingbike mit seinem starken Yamaha PW-TE Motor dein idealer Begleiter f\u00fcr viele Kilometer \u2013 egal ob bei einer Shoppingrunde durch die Stadt oder einer l\u00e4ngeren Tour mit Gep\u00e4ck.<\/p>\n<\/div>\n<\/div>\n<h2 class=\"cyc-typo_display-2 pdp__headline\">Ausstattung<\/h2>\n<table class=\"attributes\">\n<tbody>\n<tr>\n<th id=\"attrTitle_1\"><strong>Farbe<\/strong><\/th>\n<td id=\"attrValue_1\">\n<p class=\"product-name cyc-typo_display-3 cyc-margin_bottom-1 cyc-no-texttransform js-productName\">blau<\/p>\n<\/td>\n<\/tr>\n<tr>\n<th id=\"attrTitle_2\"><strong>Rahmenform<\/strong><\/th>\n<td id=\"attrValue_2\">Wave<\/td>\n<\/tr>\n<tr>\n<th id=\"attrTitle_3\"><strong>Rahmenmaterial<\/strong><\/th>\n<td id=\"attrValue_3\">Aluminium 6061, Steckachse M12 (1.75) x 148mm, Scheibenbremse Post Mount<\/td>\n<\/tr>\n<tr>\n<th id=\"attrTitle_4\"><strong>Schaltung<\/strong><\/th>\n<td id=\"attrValue_4\">Shimano Altus M2000, 9-Gang<\/td>\n<\/tr>\n<tr>\n<th id=\"attrTitle_5\"><strong>Reifen<\/strong><\/th>\n<td id=\"attrValue_5\">Continental Contact Urban, 55-584, Reflex<\/td>\n<\/tr>\n<tr>\n<th id=\"attrTitle_6\"><strong>Motorart<\/strong><\/th>\n<td id=\"attrValue_6\">Yamaha PW-TE System, 250W, 60Nm<\/td>\n<\/tr>\n<tr>\n<th id=\"attrTitle_7\"><strong>Sattelst\u00fctze<\/strong><\/th>\n<td id=\"attrValue_7\">XLC, Patent, 31.6mm, Aluminium<\/td>\n<\/tr>\n<tr>\n<th id=\"attrTitle_8\"><strong>Vorbau<\/strong><\/th>\n<td id=\"attrValue_8\">XLC Alu, A-Head<\/td>\n<\/tr>\n<tr>\n<th id=\"attrTitle_9\"><strong>Schutzbleche<\/strong><\/th>\n<td id=\"attrValue_9\">SKS, Chromoplastik<\/td>\n<\/tr>\n<tr>\n<th id=\"attrTitle_10\"><strong>Felgen<\/strong><\/th>\n<td id=\"attrValue_10\">Sch\u00fcrmann Yak25, ge\u00f6st, Hohlkammerfelge, Aluminium<\/td>\n<\/tr>\n<tr>\n<th id=\"attrTitle_11\"><strong>Kurbelsatz<\/strong><\/th>\n<td id=\"attrValue_11\">Kettenblatt: Stahl, 38<\/td>\n<\/tr>\n<tr>\n<th id=\"attrTitle_12\"><strong>Schalthebel<\/strong><\/th>\n<td id=\"attrValue_12\">Shimano Alivio M3100, Triggerschalter<\/td>\n<\/tr>\n<tr>\n<th id=\"attrTitle_13\"><strong>Display<\/strong><\/th>\n<td id=\"attrValue_13\">Yamaha Side Switch<\/td>\n<\/tr>\n<tr>\n<th id=\"attrTitle_14\"><strong>Lenker<\/strong><\/th>\n<td id=\"attrValue_14\">XLC Topflat 720mm<\/td>\n<\/tr>\n<tr>\n<th id=\"attrTitle_15\"><strong>Gep\u00e4cktr\u00e4ger<\/strong><\/th>\n<td id=\"attrValue_15\">StandWell KM040<\/td>\n<\/tr>\n<tr>\n<th id=\"attrTitle_16\"><strong>Pedale<\/strong><\/th>\n<td id=\"attrValue_16\">VP E461 Aluminium, mit Reflektor<\/td>\n<\/tr>\n<tr>\n<th id=\"attrTitle_17\"><strong>Gabel<\/strong><\/th>\n<td id=\"attrValue_17\">SR Suntour NEX E25, Stahlfeder, Federweg: 63mm, Stahlschaft 1 1\/8&#8243; &#8211; 1 1\/2&#8243; tapered, 8 x 100mm<\/td>\n<\/tr>\n<tr>\n<th id=\"attrTitle_18\"><strong>Naben<\/strong><\/th>\n<td id=\"attrValue_18\">Haibike TheHub ++, Haibike TheHub ++<\/td>\n<\/tr>\n<tr>\n<th id=\"attrTitle_19\"><strong>Zahnkr\u00e4nze<\/strong><\/th>\n<td id=\"attrValue_19\">Shimano HG200, 11-36 Z\u00e4hne<\/td>\n<\/tr>\n<tr>\n<th id=\"attrTitle_20\"><strong>Bremshebel<\/strong><\/th>\n<td id=\"attrValue_20\">Tektro T275, Aluminium<\/td>\n<\/tr>\n<tr>\n<th id=\"attrTitle_21\"><strong>Dynamo<\/strong><\/th>\n<td id=\"attrValue_21\">\u00fcber Systembatterie<\/td>\n<\/tr>\n<tr>\n<th id=\"attrTitle_22\"><strong>Griffe<\/strong><\/th>\n<td id=\"attrValue_22\">XLC Comfort bo3<\/td>\n<\/tr>\n<tr>\n<th id=\"attrTitle_23\"><strong>Sattel<\/strong><\/th>\n<td id=\"attrValue_23\">Selle Royal Wave<\/td>\n<\/tr>\n<tr>\n<th id=\"attrTitle_24\"><strong>Steuersatz<\/strong><\/th>\n<td id=\"attrValue_24\">Cane Creek Viscoset<\/td>\n<\/tr>\n<tr>\n<th id=\"attrTitle_25\"><strong>St\u00e4nder<\/strong><\/th>\n<td id=\"attrValue_25\">Ursus Mooi, einstellbar<\/td>\n<\/tr>\n<tr>\n<th id=\"attrTitle_26\"><strong>Kette<\/strong><\/th>\n<td id=\"attrValue_26\">KMC e9S<\/td>\n<\/tr>\n<tr>\n<th id=\"attrTitle_27\"><strong>Bremse<\/strong><\/th>\n<td id=\"attrValue_27\">Tektro T275, Aluminium, 180mm \/ Tektro T275, Aluminium, 160mm<\/td>\n<\/tr>\n<tr>\n<th id=\"attrTitle_28\"><strong>Speichen<\/strong><\/th>\n<td id=\"attrValue_28\">Sapim Leader, Schwarz<\/td>\n<\/tr>\n<tr>\n<th id=\"attrTitle_29\"><strong>Akkuleistung (Wh)<\/strong><\/th>\n<td id=\"attrValue_29\">500<\/td>\n<\/tr>\n<tr>\n<th id=\"attrTitle_30\"><strong>Modelljahr<\/strong><\/th>\n<td id=\"attrValue_30\">2021<\/td>\n<\/tr>\n<tr>\n<th id=\"attrTitle_31\"><strong>Akku<\/strong><\/th>\n<td id=\"attrValue_31\">Yamaha InTube<\/td>\n<\/tr>\n<tr>\n<th id=\"attrTitle_32\"><strong>Kategorie<\/strong><\/th>\n<td id=\"attrValue_32\">Trekking\/Touren \/ E-Bikes \/ Pedelecs<\/td>\n<\/tr>\n<tr>\n<th id=\"attrTitle_33\"><strong>Zustand<\/strong><\/th>\n<td id=\"attrValue_33\">neu<\/td>\n<\/tr>\n<\/tbody>\n<\/table>\n<\/div>\n<\/div>","protected":false},"excerpt":{"rendered":"<p>HAIBIKE Trekking 4 Low-Step blau Dein perfekter Start in die HAIBIKE Trekking 4 Low-Step\u00a0Welt gelingt dank besonders niedrigem Einstieg ganz<\/p>","protected":false},"featured_media":61870,"comment_status":"open","ping_status":"closed","template":"","meta":[],"product_brand":[],"product_cat":[33,247,320],"product_tag":[],"class_list":{"0":"post-40639","1":"product","2":"type-product","3":"status-publish","4":"has-post-thumbnail","6":"product_cat-e-bike","7":"product_cat-e-bike-trekking","8":"product_cat-e-bikes-2021","9":"pa_marke-haibike","11":"first","12":"instock","13":"sale","14":"taxable","15":"shipping-taxable","16":"purchasable","17":"product-type-variable"},"yoast_head":"<!-- This site is optimized with the Yoast SEO Premium plugin v20.12 (Yoast SEO v27.1.1) - https:\/\/yoast.com\/product\/yoast-seo-premium-wordpress\/ -->\n<title>HAIBIKE Trekking 4 Low-Step blau<\/title>\n<meta name=\"description\" content=\"kgerad.de bietet Ihnen das HAIBIKE Trekking 4 Low-Step blau zum besten Preis mit kostenlosem Versand in ganz EuropaHAIBIKE Trekking 4 Low-Step\" \/>\n<meta name=\"robots\" content=\"index, follow, max-snippet:-1, max-image-preview:large, max-video-preview:-1\" \/>\n<link rel=\"canonical\" href=\"https:\/\/kgerad.de\/en\/product\/haibike-trekking-4-low-step-blau\/\" \/>\n<meta property=\"og:locale\" content=\"en_US\" \/>\n<meta property=\"og:type\" content=\"article\" \/>\n<meta property=\"og:title\" content=\"HAIBIKE Trekking 4 Low-Step blau\" \/>\n<meta property=\"og:description\" content=\"Entdecken Sie unseren Online-Fahrradladen: Gro\u00dfe Auswahl an Modellen f\u00fcr alle Radsportbegeisterten. Von Rennr\u00e4dern bis zu Mountainbikes - finden Sie heute Ihren perfekten Wegbegleiter!\" \/>\n<meta property=\"og:url\" content=\"https:\/\/kgerad.de\/en\/product\/haibike-trekking-4-low-step-blau\/\" \/>\n<meta property=\"og:site_name\" content=\"kgerad.de\" \/>\n<meta property=\"article:modified_time\" content=\"2023-08-11T10:45:03+00:00\" \/>\n<meta property=\"og:image\" content=\"https:\/\/kgerad.de\/wp-content\/uploads\/2023\/06\/haibike-trekking-4-low-step-gloss-matte-blue-black-1.jpg\" \/>\n\t<meta property=\"og:image:width\" content=\"2400\" \/>\n\t<meta property=\"og:image:height\" content=\"2400\" \/>\n\t<meta property=\"og:image:type\" content=\"image\/jpeg\" \/>\n<meta name=\"twitter:card\" content=\"summary_large_image\" \/>\n<meta name=\"twitter:label1\" content=\"Est. reading time\" \/>\n\t<meta name=\"twitter:data1\" content=\"2 minutes\" \/>\n<script type=\"application\/ld+json\" class=\"yoast-schema-graph\">{\"@context\":\"https:\/\/schema.org\",\"@graph\":[{\"@type\":\"WebPage\",\"@id\":\"https:\/\/kgerad.de\/produkt\/haibike-trekking-4-low-step-blau\/\",\"url\":\"https:\/\/kgerad.de\/produkt\/haibike-trekking-4-low-step-blau\/\",\"name\":\"HAIBIKE Trekking 4 Low-Step blau\",\"isPartOf\":{\"@id\":\"https:\/\/kgerad.de\/#website\"},\"primaryImageOfPage\":{\"@id\":\"https:\/\/kgerad.de\/produkt\/haibike-trekking-4-low-step-blau\/#primaryimage\"},\"image\":{\"@id\":\"https:\/\/kgerad.de\/produkt\/haibike-trekking-4-low-step-blau\/#primaryimage\"},\"thumbnailUrl\":\"https:\/\/kgerad.de\/wp-content\/uploads\/2023\/06\/haibike-trekking-4-low-step-gloss-matte-blue-black-1.jpg\",\"datePublished\":\"2022-11-14T17:25:09+00:00\",\"dateModified\":\"2023-08-11T10:45:03+00:00\",\"description\":\"kgerad.de bietet Ihnen das HAIBIKE Trekking 4 Low-Step blau zum besten Preis mit kostenlosem Versand in ganz EuropaHAIBIKE Trekking 4 Low-Step\",\"breadcrumb\":{\"@id\":\"https:\/\/kgerad.de\/produkt\/haibike-trekking-4-low-step-blau\/#breadcrumb\"},\"inLanguage\":\"en-US\",\"potentialAction\":[{\"@type\":\"ReadAction\",\"target\":[\"https:\/\/kgerad.de\/produkt\/haibike-trekking-4-low-step-blau\/\"]}]},{\"@type\":\"ImageObject\",\"inLanguage\":\"en-US\",\"@id\":\"https:\/\/kgerad.de\/produkt\/haibike-trekking-4-low-step-blau\/#primaryimage\",\"url\":\"https:\/\/kgerad.de\/wp-content\/uploads\/2023\/06\/haibike-trekking-4-low-step-gloss-matte-blue-black-1.jpg\",\"contentUrl\":\"https:\/\/kgerad.de\/wp-content\/uploads\/2023\/06\/haibike-trekking-4-low-step-gloss-matte-blue-black-1.jpg\",\"width\":2400,\"height\":2400,\"caption\":\"HAIBIKE Trekking 4 Low-Step blau\"},{\"@type\":\"BreadcrumbList\",\"@id\":\"https:\/\/kgerad.de\/produkt\/haibike-trekking-4-low-step-blau\/#breadcrumb\",\"itemListElement\":[{\"@type\":\"ListItem\",\"position\":1,\"name\":\"Startseite\",\"item\":\"https:\/\/kgerad.de\/\"},{\"@type\":\"ListItem\",\"position\":2,\"name\":\"LADEN\",\"item\":\"https:\/\/kgerad.de\/laden\/\"},{\"@type\":\"ListItem\",\"position\":3,\"name\":\"HAIBIKE Trekking 4 Low-Step blau\"}]},{\"@type\":\"WebSite\",\"@id\":\"https:\/\/kgerad.de\/#website\",\"url\":\"https:\/\/kgerad.de\/\",\"name\":\"kgerad.de\",\"description\":\"Treten Sie mit uns ins Abenteuer!\",\"publisher\":{\"@id\":\"https:\/\/kgerad.de\/#organization\"},\"alternateName\":\"MEIN RADLADEN\",\"potentialAction\":[{\"@type\":\"SearchAction\",\"target\":{\"@type\":\"EntryPoint\",\"urlTemplate\":\"https:\/\/kgerad.de\/?s={search_term_string}\"},\"query-input\":{\"@type\":\"PropertyValueSpecification\",\"valueRequired\":true,\"valueName\":\"search_term_string\"}}],\"inLanguage\":\"en-US\"},{\"@type\":\"Organization\",\"@id\":\"https:\/\/kgerad.de\/#organization\",\"name\":\"MEINRADLADEN\",\"alternateName\":\"MEIN RADLADEN\",\"url\":\"https:\/\/kgerad.de\/\",\"logo\":{\"@type\":\"ImageObject\",\"inLanguage\":\"en-US\",\"@id\":\"https:\/\/kgerad.de\/#\/schema\/logo\/image\/\",\"url\":\"https:\/\/kgerad.de\/wp-content\/uploads\/2025\/07\/logo-Whit.svg\",\"contentUrl\":\"https:\/\/kgerad.de\/wp-content\/uploads\/2025\/07\/logo-Whit.svg\",\"width\":1640,\"height\":371,\"caption\":\"MEINRADLADEN\"},\"image\":{\"@id\":\"https:\/\/kgerad.de\/#\/schema\/logo\/image\/\"}}]}<\/script>\n<!-- \/ Yoast SEO Premium plugin. -->","yoast_head_json":{"title":"HAIBIKE Trekking 4 Low-Step blau","description":"kgerad.de bietet Ihnen das HAIBIKE Trekking 4 Low-Step blau zum besten Preis mit kostenlosem Versand in ganz EuropaHAIBIKE Trekking 4 Low-Step","robots":{"index":"index","follow":"follow","max-snippet":"max-snippet:-1","max-image-preview":"max-image-preview:large","max-video-preview":"max-video-preview:-1"},"canonical":"https:\/\/kgerad.de\/en\/product\/haibike-trekking-4-low-step-blau\/","og_locale":"en_US","og_type":"article","og_title":"HAIBIKE Trekking 4 Low-Step blau","og_description":"Entdecken Sie unseren Online-Fahrradladen: Gro\u00dfe Auswahl an Modellen f\u00fcr alle Radsportbegeisterten. Von Rennr\u00e4dern bis zu Mountainbikes - finden Sie heute Ihren perfekten Wegbegleiter!","og_url":"https:\/\/kgerad.de\/en\/product\/haibike-trekking-4-low-step-blau\/","og_site_name":"kgerad.de","article_modified_time":"2023-08-11T10:45:03+00:00","og_image":[{"width":2400,"height":2400,"url":"https:\/\/kgerad.de\/wp-content\/uploads\/2023\/06\/haibike-trekking-4-low-step-gloss-matte-blue-black-1.jpg","type":"image\/jpeg"}],"twitter_card":"summary_large_image","twitter_misc":{"Est. reading time":"2 minutes"},"schema":{"@context":"https:\/\/schema.org","@graph":[{"@type":"WebPage","@id":"https:\/\/kgerad.de\/produkt\/haibike-trekking-4-low-step-blau\/","url":"https:\/\/kgerad.de\/produkt\/haibike-trekking-4-low-step-blau\/","name":"HAIBIKE Trekking 4 Low-Step blau","isPartOf":{"@id":"https:\/\/kgerad.de\/#website"},"primaryImageOfPage":{"@id":"https:\/\/kgerad.de\/produkt\/haibike-trekking-4-low-step-blau\/#primaryimage"},"image":{"@id":"https:\/\/kgerad.de\/produkt\/haibike-trekking-4-low-step-blau\/#primaryimage"},"thumbnailUrl":"https:\/\/kgerad.de\/wp-content\/uploads\/2023\/06\/haibike-trekking-4-low-step-gloss-matte-blue-black-1.jpg","datePublished":"2022-11-14T17:25:09+00:00","dateModified":"2023-08-11T10:45:03+00:00","description":"kgerad.de bietet Ihnen das HAIBIKE Trekking 4 Low-Step blau zum besten Preis mit kostenlosem Versand in ganz EuropaHAIBIKE Trekking 4 Low-Step","breadcrumb":{"@id":"https:\/\/kgerad.de\/produkt\/haibike-trekking-4-low-step-blau\/#breadcrumb"},"inLanguage":"en-US","potentialAction":[{"@type":"ReadAction","target":["https:\/\/kgerad.de\/produkt\/haibike-trekking-4-low-step-blau\/"]}]},{"@type":"ImageObject","inLanguage":"en-US","@id":"https:\/\/kgerad.de\/produkt\/haibike-trekking-4-low-step-blau\/#primaryimage","url":"https:\/\/kgerad.de\/wp-content\/uploads\/2023\/06\/haibike-trekking-4-low-step-gloss-matte-blue-black-1.jpg","contentUrl":"https:\/\/kgerad.de\/wp-content\/uploads\/2023\/06\/haibike-trekking-4-low-step-gloss-matte-blue-black-1.jpg","width":2400,"height":2400,"caption":"HAIBIKE Trekking 4 Low-Step blau"},{"@type":"BreadcrumbList","@id":"https:\/\/kgerad.de\/produkt\/haibike-trekking-4-low-step-blau\/#breadcrumb","itemListElement":[{"@type":"ListItem","position":1,"name":"Startseite","item":"https:\/\/kgerad.de\/"},{"@type":"ListItem","position":2,"name":"LADEN","item":"https:\/\/kgerad.de\/laden\/"},{"@type":"ListItem","position":3,"name":"HAIBIKE Trekking 4 Low-Step blau"}]},{"@type":"WebSite","@id":"https:\/\/kgerad.de\/#website","url":"https:\/\/kgerad.de\/","name":"kgerad.de","description":"Treten Sie mit uns ins Abenteuer!","publisher":{"@id":"https:\/\/kgerad.de\/#organization"},"alternateName":"MEIN RADLADEN","potentialAction":[{"@type":"SearchAction","target":{"@type":"EntryPoint","urlTemplate":"https:\/\/kgerad.de\/?s={search_term_string}"},"query-input":{"@type":"PropertyValueSpecification","valueRequired":true,"valueName":"search_term_string"}}],"inLanguage":"en-US"},{"@type":"Organization","@id":"https:\/\/kgerad.de\/#organization","name":"MEINRADLADEN","alternateName":"MEIN RADLADEN","url":"https:\/\/kgerad.de\/","logo":{"@type":"ImageObject","inLanguage":"en-US","@id":"https:\/\/kgerad.de\/#\/schema\/logo\/image\/","url":"https:\/\/kgerad.de\/wp-content\/uploads\/2025\/07\/logo-Whit.svg","contentUrl":"https:\/\/kgerad.de\/wp-content\/uploads\/2025\/07\/logo-Whit.svg","width":1640,"height":371,"caption":"MEINRADLADEN"},"image":{"@id":"https:\/\/kgerad.de\/#\/schema\/logo\/image\/"}}]}},"_links":{"self":[{"href":"https:\/\/kgerad.de\/en\/wp-json\/wp\/v2\/product\/40639","targetHints":{"allow":["GET"]}}],"collection":[{"href":"https:\/\/kgerad.de\/en\/wp-json\/wp\/v2\/product"}],"about":[{"href":"https:\/\/kgerad.de\/en\/wp-json\/wp\/v2\/types\/product"}],"replies":[{"embeddable":true,"href":"https:\/\/kgerad.de\/en\/wp-json\/wp\/v2\/comments?post=40639"}],"version-history":[{"count":1,"href":"https:\/\/kgerad.de\/en\/wp-json\/wp\/v2\/product\/40639\/revisions"}],"predecessor-version":[{"id":79609,"href":"https:\/\/kgerad.de\/en\/wp-json\/wp\/v2\/product\/40639\/revisions\/79609"}],"wp:featuredmedia":[{"embeddable":true,"href":"https:\/\/kgerad.de\/en\/wp-json\/wp\/v2\/media\/61870"}],"wp:attachment":[{"href":"https:\/\/kgerad.de\/en\/wp-json\/wp\/v2\/media?parent=40639"}],"wp:term":[{"taxonomy":"product_brand","embeddable":true,"href":"https:\/\/kgerad.de\/en\/wp-json\/wp\/v2\/product_brand?post=40639"},{"taxonomy":"product_cat","embeddable":true,"href":"https:\/\/kgerad.de\/en\/wp-json\/wp\/v2\/product_cat?post=40639"},{"taxonomy":"product_tag","embeddable":true,"href":"https:\/\/kgerad.de\/en\/wp-json\/wp\/v2\/product_tag?post=40639"}],"curies":[{"name":"wp","href":"https:\/\/api.w.org\/{rel}","templated":true}]}}