{"id":40619,"date":"2022-11-14T18:10:49","date_gmt":"2022-11-14T17:10:49","guid":{"rendered":"https:\/\/kgerad.de\/?post_type=product&#038;p=40619"},"modified":"2023-08-11T12:39:43","modified_gmt":"2023-08-11T10:39:43","slug":"haibike-trekking-s-10-diamant-grau","status":"publish","type":"product","link":"https:\/\/kgerad.de\/en\/product\/haibike-trekking-s-10-diamant-grau\/","title":{"rendered":"HAIBIKE Trekking S 10 Diamant grau"},"content":{"rendered":"<h2 class=\"product-name cyc-typo_display-3 cyc-margin_bottom-1 cyc-no-texttransform js-productName\">HAIBIKE Trekking S 10 Diamant grau<\/h2>\n<div class=\"js-productDescriptionContainer\">\n<div class=\"cyc-margin_bottom-4\">\n<p>Du suchst ein richtig schnelles eBike f\u00fcr Alltag und Freizeit? Dann ist das neue HAIBIKE Trekking S 10 das ideale S-Pedelec f\u00fcr Dich! Der durchzugsstarke Bosch Performance Speed Gen 4 Motor unterst\u00fctzt Dich problemlos bis zu 45km\/h. Mit Hilfe des Range Extenders kannst Du Deine Reichweite durch einen Zusatzakku von 625Wh auf insgesamt 1.125Wh steigern. Die breiten Super Moto-X Reifen von Schwalbe, zuverl\u00e4ssige Shimano Schaltkomponenten und die ausgewogene Sitzposition sorgen f\u00fcr reibungslosen Fahrspa\u00df und jede Menge Komfort \u2013 egal ob Du zur Arbeit pendelst oder eine Radreise startest.<\/p>\n<h2 class=\"cyc-typo_display-2 pdp__headline\">Ausstattung<\/h2>\n<table class=\"attributes\">\n<tbody>\n<tr>\n<th id=\"attrTitle_1\"><strong>Farbe<\/strong><\/th>\n<td id=\"attrValue_1\">titan\/lava matt<\/td>\n<\/tr>\n<tr>\n<th id=\"attrTitle_2\"><strong>Rahmenform<\/strong><\/th>\n<td id=\"attrValue_2\">Diamant<\/td>\n<\/tr>\n<tr>\n<th id=\"attrTitle_3\"><strong>Durchmesser Scheibenbremse vorn<\/strong><\/th>\n<td id=\"attrValue_3\">180.00<\/td>\n<\/tr>\n<tr>\n<th id=\"attrTitle_4\"><strong>Ganganzahl<\/strong><\/th>\n<td id=\"attrValue_4\">11<\/td>\n<\/tr>\n<tr>\n<th id=\"attrTitle_5\"><strong>Federweg in mm<\/strong><\/th>\n<td id=\"attrValue_5\">65.00<\/td>\n<\/tr>\n<tr>\n<th id=\"attrTitle_6\"><strong>Durchmesser Scheibenbremse hinten<\/strong><\/th>\n<td id=\"attrValue_6\">160.00<\/td>\n<\/tr>\n<tr>\n<th id=\"attrTitle_7\"><strong>Motorposition<\/strong><\/th>\n<td id=\"attrValue_7\">Mittelmotor<\/td>\n<\/tr>\n<tr>\n<th id=\"attrTitle_8\"><strong>Gabelhersteller<\/strong><\/th>\n<td id=\"attrValue_8\">SR Suntour<\/td>\n<\/tr>\n<tr>\n<th id=\"attrTitle_9\"><strong>Akkuposition<\/strong><\/th>\n<td id=\"attrValue_9\">intube<\/td>\n<\/tr>\n<tr>\n<th id=\"attrTitle_10\"><strong>Federung<\/strong><\/th>\n<td id=\"attrValue_10\">stahlgefedert<\/td>\n<\/tr>\n<tr>\n<th id=\"attrTitle_11\"><strong>Schaltart<\/strong><\/th>\n<td id=\"attrValue_11\">Kettenschaltung<\/td>\n<\/tr>\n<tr>\n<th id=\"attrTitle_12\"><strong>Bremssystem<\/strong><\/th>\n<td id=\"attrValue_12\">Scheibenbremse, hydraulisch<\/td>\n<\/tr>\n<tr>\n<th id=\"attrTitle_13\"><strong>Rahmenmaterial<\/strong><\/th>\n<td id=\"attrValue_13\">Aluminium<\/td>\n<\/tr>\n<tr>\n<th id=\"attrTitle_14\"><strong>Schaltung<\/strong><\/th>\n<td id=\"attrValue_14\">Shimano Deore XT M8000, 11-Gang<\/td>\n<\/tr>\n<tr>\n<th id=\"attrTitle_15\"><strong>Reifen<\/strong><\/th>\n<td id=\"attrValue_15\">Schwalbe Super Moto X, 62-584, Reflex<\/td>\n<\/tr>\n<tr>\n<th id=\"attrTitle_16\"><strong>Beleuchtung<\/strong><\/th>\n<td id=\"attrValue_16\">Spanninga Axendo 100, 100 lux \/ Spanninga Flexio speed<\/td>\n<\/tr>\n<tr>\n<th id=\"attrTitle_17\"><strong>Motorart<\/strong><\/th>\n<td id=\"attrValue_17\">Bosch Performance Speed GEN4, 250W, 85Nm, 45km\/h<\/td>\n<\/tr>\n<tr>\n<th id=\"attrTitle_18\"><strong>Gabel<\/strong><\/th>\n<td id=\"attrValue_18\">SR Suntour Mobie 25 LOR, Stahlfeder, Federweg: 65mm, Stahlschaft 1 1\/8&#8243; &#8211; 1 1\/2&#8243; tapered, 15 x 110mm Steckachse Boost<\/td>\n<\/tr>\n<tr>\n<th id=\"attrTitle_19\"><strong>Sattelst\u00fctze<\/strong><\/th>\n<td id=\"attrValue_19\">Haibike Components The Seatpost ++, Patent, 31.6mm<\/td>\n<\/tr>\n<tr>\n<th id=\"attrTitle_20\"><strong>Lenker<\/strong><\/th>\n<td id=\"attrValue_20\">Ergobar, oversize 640mm<\/td>\n<\/tr>\n<tr>\n<th id=\"attrTitle_21\"><strong>Schutzbleche<\/strong><\/th>\n<td id=\"attrValue_21\">SKS, Chromoplastik<\/td>\n<\/tr>\n<tr>\n<th id=\"attrTitle_22\"><strong>Schalthebel<\/strong><\/th>\n<td id=\"attrValue_22\">Shimano SLX M7000, Rapidfire<\/td>\n<\/tr>\n<tr>\n<th id=\"attrTitle_23\"><strong>Zahnkr\u00e4nze<\/strong><\/th>\n<td id=\"attrValue_23\">Shimano SLX M7000, 11-40 Z\u00e4hne<\/td>\n<\/tr>\n<tr>\n<th id=\"attrTitle_24\"><strong>Speichen<\/strong><\/th>\n<td id=\"attrValue_24\">Sapim Leader, Schwarz<\/td>\n<\/tr>\n<tr>\n<th id=\"attrTitle_25\"><strong>Naben<\/strong><\/th>\n<td id=\"attrValue_25\">Deli Tire Alunabe, Shimano Deore XT T8000<\/td>\n<\/tr>\n<tr>\n<th id=\"attrTitle_26\"><strong>Sattel<\/strong><\/th>\n<td id=\"attrValue_26\">Selle Royal EZONE MODERATE<\/td>\n<\/tr>\n<tr>\n<th id=\"attrTitle_27\"><strong>Vorbau<\/strong><\/th>\n<td id=\"attrValue_27\">Alu, A-Head, Bar bore: 31.8mm<\/td>\n<\/tr>\n<tr>\n<th id=\"attrTitle_28\"><strong>St\u00e4nder<\/strong><\/th>\n<td id=\"attrValue_28\">Ursus Mooi, einstellbar<\/td>\n<\/tr>\n<tr>\n<th id=\"attrTitle_29\"><strong>Bremse<\/strong><\/th>\n<td id=\"attrValue_29\">Tektro E715, Aluminium, 180mm \/ Tektro E715, Aluminium, 160mm<\/td>\n<\/tr>\n<tr>\n<th id=\"attrTitle_30\"><strong>Dynamo<\/strong><\/th>\n<td id=\"attrValue_30\">\u00fcber Systembatterie<\/td>\n<\/tr>\n<tr>\n<th id=\"attrTitle_31\"><strong>Felgen<\/strong><\/th>\n<td id=\"attrValue_31\">Rodi Tryp 30, ge\u00f6st, Hohlkammerfelge, Aluminium<\/td>\n<\/tr>\n<tr>\n<th id=\"attrTitle_32\"><strong>Pedale<\/strong><\/th>\n<td id=\"attrValue_32\">Marwi SP-828<\/td>\n<\/tr>\n<tr>\n<th id=\"attrTitle_33\"><strong>Steuersatz<\/strong><\/th>\n<td id=\"attrValue_33\">Neco MIX A-HEAD<\/td>\n<\/tr>\n<tr>\n<th id=\"attrTitle_34\"><strong>Griffe<\/strong><\/th>\n<td id=\"attrValue_34\">Ergogriffe<\/td>\n<\/tr>\n<tr>\n<th id=\"attrTitle_35\"><strong>Gep\u00e4cktr\u00e4ger<\/strong><\/th>\n<td id=\"attrValue_35\">SKS Systemgep\u00e4cktr\u00e4ger S-Pedelec Mantis<\/td>\n<\/tr>\n<tr>\n<th id=\"attrTitle_36\"><strong>Bremshebel<\/strong><\/th>\n<td id=\"attrValue_36\">Tektro E715, Aluminium<\/td>\n<\/tr>\n<tr>\n<th id=\"attrTitle_37\"><strong>Display<\/strong><\/th>\n<td id=\"attrValue_37\">Bosch Kiox<\/td>\n<\/tr>\n<tr>\n<th id=\"attrTitle_38\"><strong>Kette<\/strong><\/th>\n<td id=\"attrValue_38\">KMC E11T<\/td>\n<\/tr>\n<tr>\n<th id=\"attrTitle_39\"><strong>Akkuleistung (Wh)<\/strong><\/th>\n<td id=\"attrValue_39\">625<\/td>\n<\/tr>\n<tr>\n<th id=\"attrTitle_40\"><strong>Akku<\/strong><\/th>\n<td id=\"attrValue_40\">Bosch PowerTube<\/td>\n<\/tr>\n<tr>\n<th id=\"attrTitle_41\"><strong>Modelljahr<\/strong><\/th>\n<td id=\"attrValue_41\">2022<\/td>\n<\/tr>\n<tr>\n<th id=\"attrTitle_42\"><strong>Kategorie<\/strong><\/th>\n<td id=\"attrValue_42\">Trekking\/Touren \/ E-Bikes \/ Pedelecs<\/td>\n<\/tr>\n<tr>\n<th id=\"attrTitle_43\"><strong>Zustand<\/strong><\/th>\n<td id=\"attrValue_43\">neu<\/td>\n<\/tr>\n<\/tbody>\n<\/table>\n<\/div>\n<\/div>","protected":false},"excerpt":{"rendered":"<p>HAIBIKE Trekking S 10 Diamant grau Du suchst ein richtig schnelles eBike f\u00fcr Alltag und Freizeit? Dann ist das neue<\/p>","protected":false},"featured_media":61861,"comment_status":"open","ping_status":"closed","template":"","meta":[],"product_brand":[],"product_cat":[33,247,35],"product_tag":[],"class_list":{"0":"post-40619","1":"product","2":"type-product","3":"status-publish","4":"has-post-thumbnail","6":"product_cat-e-bike","7":"product_cat-e-bike-trekking","8":"product_cat-e-bikes-2022","9":"pa_marke-haibike","11":"first","12":"instock","13":"sale","14":"taxable","15":"shipping-taxable","16":"purchasable","17":"product-type-variable"},"yoast_head":"<!-- This site is optimized with the Yoast SEO Premium plugin v20.12 (Yoast SEO v27.1.1) - https:\/\/yoast.com\/product\/yoast-seo-premium-wordpress\/ -->\n<title>HAIBIKE Trekking S 10 Diamant grau<\/title>\n<meta name=\"description\" content=\"kgerad.de bietet Ihnen das HAIBIKE Trekking S 10 Diamant grau zum besten Preis mit kostenlosem Versand in ganz EuropaHAIBIKE Trekking S 10\" \/>\n<meta name=\"robots\" content=\"index, follow, max-snippet:-1, max-image-preview:large, max-video-preview:-1\" \/>\n<link rel=\"canonical\" href=\"https:\/\/kgerad.de\/en\/product\/haibike-trekking-s-10-diamant-grau\/\" \/>\n<meta property=\"og:locale\" content=\"en_US\" \/>\n<meta property=\"og:type\" content=\"article\" \/>\n<meta property=\"og:title\" content=\"HAIBIKE Trekking S 10 Diamant grau\" \/>\n<meta property=\"og:description\" content=\"Entdecken Sie unseren Online-Fahrradladen: Gro\u00dfe Auswahl an Modellen f\u00fcr alle Radsportbegeisterten. Von Rennr\u00e4dern bis zu Mountainbikes - finden Sie heute Ihren perfekten Wegbegleiter!\" \/>\n<meta property=\"og:url\" content=\"https:\/\/kgerad.de\/en\/product\/haibike-trekking-s-10-diamant-grau\/\" \/>\n<meta property=\"og:site_name\" content=\"kgerad.de\" \/>\n<meta property=\"article:modified_time\" content=\"2023-08-11T10:39:43+00:00\" \/>\n<meta property=\"og:image\" content=\"https:\/\/kgerad.de\/wp-content\/uploads\/2023\/06\/haibike-trekking-s-10-diamond-titan-lava-matt-1.jpg\" \/>\n\t<meta property=\"og:image:width\" content=\"2400\" \/>\n\t<meta property=\"og:image:height\" content=\"2400\" \/>\n\t<meta property=\"og:image:type\" content=\"image\/jpeg\" \/>\n<meta name=\"twitter:card\" content=\"summary_large_image\" \/>\n<meta name=\"twitter:label1\" content=\"Est. reading time\" \/>\n\t<meta name=\"twitter:data1\" content=\"2 minutes\" \/>\n<script type=\"application\/ld+json\" class=\"yoast-schema-graph\">{\"@context\":\"https:\/\/schema.org\",\"@graph\":[{\"@type\":\"WebPage\",\"@id\":\"https:\/\/kgerad.de\/produkt\/haibike-trekking-s-10-diamant-grau\/\",\"url\":\"https:\/\/kgerad.de\/produkt\/haibike-trekking-s-10-diamant-grau\/\",\"name\":\"HAIBIKE Trekking S 10 Diamant grau\",\"isPartOf\":{\"@id\":\"https:\/\/kgerad.de\/#website\"},\"primaryImageOfPage\":{\"@id\":\"https:\/\/kgerad.de\/produkt\/haibike-trekking-s-10-diamant-grau\/#primaryimage\"},\"image\":{\"@id\":\"https:\/\/kgerad.de\/produkt\/haibike-trekking-s-10-diamant-grau\/#primaryimage\"},\"thumbnailUrl\":\"https:\/\/kgerad.de\/wp-content\/uploads\/2023\/06\/haibike-trekking-s-10-diamond-titan-lava-matt-1.jpg\",\"datePublished\":\"2022-11-14T17:10:49+00:00\",\"dateModified\":\"2023-08-11T10:39:43+00:00\",\"description\":\"kgerad.de bietet Ihnen das HAIBIKE Trekking S 10 Diamant grau zum besten Preis mit kostenlosem Versand in ganz EuropaHAIBIKE Trekking S 10\",\"breadcrumb\":{\"@id\":\"https:\/\/kgerad.de\/produkt\/haibike-trekking-s-10-diamant-grau\/#breadcrumb\"},\"inLanguage\":\"en-US\",\"potentialAction\":[{\"@type\":\"ReadAction\",\"target\":[\"https:\/\/kgerad.de\/produkt\/haibike-trekking-s-10-diamant-grau\/\"]}]},{\"@type\":\"ImageObject\",\"inLanguage\":\"en-US\",\"@id\":\"https:\/\/kgerad.de\/produkt\/haibike-trekking-s-10-diamant-grau\/#primaryimage\",\"url\":\"https:\/\/kgerad.de\/wp-content\/uploads\/2023\/06\/haibike-trekking-s-10-diamond-titan-lava-matt-1.jpg\",\"contentUrl\":\"https:\/\/kgerad.de\/wp-content\/uploads\/2023\/06\/haibike-trekking-s-10-diamond-titan-lava-matt-1.jpg\",\"width\":2400,\"height\":2400,\"caption\":\"HAIBIKE Trekking S 10 Diamant grau\"},{\"@type\":\"BreadcrumbList\",\"@id\":\"https:\/\/kgerad.de\/produkt\/haibike-trekking-s-10-diamant-grau\/#breadcrumb\",\"itemListElement\":[{\"@type\":\"ListItem\",\"position\":1,\"name\":\"Startseite\",\"item\":\"https:\/\/kgerad.de\/\"},{\"@type\":\"ListItem\",\"position\":2,\"name\":\"LADEN\",\"item\":\"https:\/\/kgerad.de\/laden\/\"},{\"@type\":\"ListItem\",\"position\":3,\"name\":\"HAIBIKE Trekking S 10 Diamant grau\"}]},{\"@type\":\"WebSite\",\"@id\":\"https:\/\/kgerad.de\/#website\",\"url\":\"https:\/\/kgerad.de\/\",\"name\":\"kgerad.de\",\"description\":\"Treten Sie mit uns ins Abenteuer!\",\"publisher\":{\"@id\":\"https:\/\/kgerad.de\/#organization\"},\"alternateName\":\"MEIN RADLADEN\",\"potentialAction\":[{\"@type\":\"SearchAction\",\"target\":{\"@type\":\"EntryPoint\",\"urlTemplate\":\"https:\/\/kgerad.de\/?s={search_term_string}\"},\"query-input\":{\"@type\":\"PropertyValueSpecification\",\"valueRequired\":true,\"valueName\":\"search_term_string\"}}],\"inLanguage\":\"en-US\"},{\"@type\":\"Organization\",\"@id\":\"https:\/\/kgerad.de\/#organization\",\"name\":\"MEINRADLADEN\",\"alternateName\":\"MEIN RADLADEN\",\"url\":\"https:\/\/kgerad.de\/\",\"logo\":{\"@type\":\"ImageObject\",\"inLanguage\":\"en-US\",\"@id\":\"https:\/\/kgerad.de\/#\/schema\/logo\/image\/\",\"url\":\"https:\/\/kgerad.de\/wp-content\/uploads\/2025\/07\/logo-Whit.svg\",\"contentUrl\":\"https:\/\/kgerad.de\/wp-content\/uploads\/2025\/07\/logo-Whit.svg\",\"width\":1640,\"height\":371,\"caption\":\"MEINRADLADEN\"},\"image\":{\"@id\":\"https:\/\/kgerad.de\/#\/schema\/logo\/image\/\"}}]}<\/script>\n<!-- \/ Yoast SEO Premium plugin. -->","yoast_head_json":{"title":"HAIBIKE Trekking S 10 Diamant grau","description":"kgerad.de bietet Ihnen das HAIBIKE Trekking S 10 Diamant grau zum besten Preis mit kostenlosem Versand in ganz EuropaHAIBIKE Trekking S 10","robots":{"index":"index","follow":"follow","max-snippet":"max-snippet:-1","max-image-preview":"max-image-preview:large","max-video-preview":"max-video-preview:-1"},"canonical":"https:\/\/kgerad.de\/en\/product\/haibike-trekking-s-10-diamant-grau\/","og_locale":"en_US","og_type":"article","og_title":"HAIBIKE Trekking S 10 Diamant grau","og_description":"Entdecken Sie unseren Online-Fahrradladen: Gro\u00dfe Auswahl an Modellen f\u00fcr alle Radsportbegeisterten. Von Rennr\u00e4dern bis zu Mountainbikes - finden Sie heute Ihren perfekten Wegbegleiter!","og_url":"https:\/\/kgerad.de\/en\/product\/haibike-trekking-s-10-diamant-grau\/","og_site_name":"kgerad.de","article_modified_time":"2023-08-11T10:39:43+00:00","og_image":[{"width":2400,"height":2400,"url":"https:\/\/kgerad.de\/wp-content\/uploads\/2023\/06\/haibike-trekking-s-10-diamond-titan-lava-matt-1.jpg","type":"image\/jpeg"}],"twitter_card":"summary_large_image","twitter_misc":{"Est. reading time":"2 minutes"},"schema":{"@context":"https:\/\/schema.org","@graph":[{"@type":"WebPage","@id":"https:\/\/kgerad.de\/produkt\/haibike-trekking-s-10-diamant-grau\/","url":"https:\/\/kgerad.de\/produkt\/haibike-trekking-s-10-diamant-grau\/","name":"HAIBIKE Trekking S 10 Diamant grau","isPartOf":{"@id":"https:\/\/kgerad.de\/#website"},"primaryImageOfPage":{"@id":"https:\/\/kgerad.de\/produkt\/haibike-trekking-s-10-diamant-grau\/#primaryimage"},"image":{"@id":"https:\/\/kgerad.de\/produkt\/haibike-trekking-s-10-diamant-grau\/#primaryimage"},"thumbnailUrl":"https:\/\/kgerad.de\/wp-content\/uploads\/2023\/06\/haibike-trekking-s-10-diamond-titan-lava-matt-1.jpg","datePublished":"2022-11-14T17:10:49+00:00","dateModified":"2023-08-11T10:39:43+00:00","description":"kgerad.de bietet Ihnen das HAIBIKE Trekking S 10 Diamant grau zum besten Preis mit kostenlosem Versand in ganz EuropaHAIBIKE Trekking S 10","breadcrumb":{"@id":"https:\/\/kgerad.de\/produkt\/haibike-trekking-s-10-diamant-grau\/#breadcrumb"},"inLanguage":"en-US","potentialAction":[{"@type":"ReadAction","target":["https:\/\/kgerad.de\/produkt\/haibike-trekking-s-10-diamant-grau\/"]}]},{"@type":"ImageObject","inLanguage":"en-US","@id":"https:\/\/kgerad.de\/produkt\/haibike-trekking-s-10-diamant-grau\/#primaryimage","url":"https:\/\/kgerad.de\/wp-content\/uploads\/2023\/06\/haibike-trekking-s-10-diamond-titan-lava-matt-1.jpg","contentUrl":"https:\/\/kgerad.de\/wp-content\/uploads\/2023\/06\/haibike-trekking-s-10-diamond-titan-lava-matt-1.jpg","width":2400,"height":2400,"caption":"HAIBIKE Trekking S 10 Diamant grau"},{"@type":"BreadcrumbList","@id":"https:\/\/kgerad.de\/produkt\/haibike-trekking-s-10-diamant-grau\/#breadcrumb","itemListElement":[{"@type":"ListItem","position":1,"name":"Startseite","item":"https:\/\/kgerad.de\/"},{"@type":"ListItem","position":2,"name":"LADEN","item":"https:\/\/kgerad.de\/laden\/"},{"@type":"ListItem","position":3,"name":"HAIBIKE Trekking S 10 Diamant grau"}]},{"@type":"WebSite","@id":"https:\/\/kgerad.de\/#website","url":"https:\/\/kgerad.de\/","name":"kgerad.de","description":"Treten Sie mit uns ins Abenteuer!","publisher":{"@id":"https:\/\/kgerad.de\/#organization"},"alternateName":"MEIN RADLADEN","potentialAction":[{"@type":"SearchAction","target":{"@type":"EntryPoint","urlTemplate":"https:\/\/kgerad.de\/?s={search_term_string}"},"query-input":{"@type":"PropertyValueSpecification","valueRequired":true,"valueName":"search_term_string"}}],"inLanguage":"en-US"},{"@type":"Organization","@id":"https:\/\/kgerad.de\/#organization","name":"MEINRADLADEN","alternateName":"MEIN RADLADEN","url":"https:\/\/kgerad.de\/","logo":{"@type":"ImageObject","inLanguage":"en-US","@id":"https:\/\/kgerad.de\/#\/schema\/logo\/image\/","url":"https:\/\/kgerad.de\/wp-content\/uploads\/2025\/07\/logo-Whit.svg","contentUrl":"https:\/\/kgerad.de\/wp-content\/uploads\/2025\/07\/logo-Whit.svg","width":1640,"height":371,"caption":"MEINRADLADEN"},"image":{"@id":"https:\/\/kgerad.de\/#\/schema\/logo\/image\/"}}]}},"_links":{"self":[{"href":"https:\/\/kgerad.de\/en\/wp-json\/wp\/v2\/product\/40619","targetHints":{"allow":["GET"]}}],"collection":[{"href":"https:\/\/kgerad.de\/en\/wp-json\/wp\/v2\/product"}],"about":[{"href":"https:\/\/kgerad.de\/en\/wp-json\/wp\/v2\/types\/product"}],"replies":[{"embeddable":true,"href":"https:\/\/kgerad.de\/en\/wp-json\/wp\/v2\/comments?post=40619"}],"version-history":[{"count":1,"href":"https:\/\/kgerad.de\/en\/wp-json\/wp\/v2\/product\/40619\/revisions"}],"predecessor-version":[{"id":79601,"href":"https:\/\/kgerad.de\/en\/wp-json\/wp\/v2\/product\/40619\/revisions\/79601"}],"wp:featuredmedia":[{"embeddable":true,"href":"https:\/\/kgerad.de\/en\/wp-json\/wp\/v2\/media\/61861"}],"wp:attachment":[{"href":"https:\/\/kgerad.de\/en\/wp-json\/wp\/v2\/media?parent=40619"}],"wp:term":[{"taxonomy":"product_brand","embeddable":true,"href":"https:\/\/kgerad.de\/en\/wp-json\/wp\/v2\/product_brand?post=40619"},{"taxonomy":"product_cat","embeddable":true,"href":"https:\/\/kgerad.de\/en\/wp-json\/wp\/v2\/product_cat?post=40619"},{"taxonomy":"product_tag","embeddable":true,"href":"https:\/\/kgerad.de\/en\/wp-json\/wp\/v2\/product_tag?post=40619"}],"curies":[{"name":"wp","href":"https:\/\/api.w.org\/{rel}","templated":true}]}}