{"id":40511,"date":"2022-11-14T17:11:17","date_gmt":"2022-11-14T16:11:17","guid":{"rendered":"https:\/\/kgerad.de\/?post_type=product&#038;p=40511"},"modified":"2023-08-17T12:20:31","modified_gmt":"2023-08-17T10:20:31","slug":"cube-access-ws-c62-sl-team-ws","status":"publish","type":"product","link":"https:\/\/kgerad.de\/en\/product\/cube-access-ws-c62-sl-team-ws\/","title":{"rendered":"Cube Access WS C:62 SL team ws"},"content":{"rendered":"<h2 class=\"content--title\"><strong>Cube<\/strong>\u00a0Access WS C:62 SL team ws<\/h2>\n<div class=\"product--description\">\n<p>Das Access WS C:62 SL ist eine kompromisslose, hochpr\u00e4zise Trailriding-Maschine &#8211; schnell, leicht, agil und reaktionsfreudig. Dank der cleveren Kombination aus Fox 32 Performance Gabel, griffigen, aber komfortabel rollenden Schwalbe Reifen und leistungsstarken MT8 Pro Scheibenbremsen von Magura beh\u00e4lt frau unterwegs stets die volle Kontrolle \u00fcber dein Bike.<\/p>\n<hr \/>\n<p><a href=\"https:\/\/www.cube.eu\/360\/526300\" target=\"_blank\" rel=\"noopener\"><img decoding=\"async\" title=\"360\u00b0\" src=\"https:\/\/cd.bike-discount.de\/media\/image\/3a\/ee\/83\/360.png\" alt=\"\" width=\"40\" height=\"39\" data-mid=\"729769\" data-src=\"media\/image\/360.png\" \/>360\u00b0-Ansicht \u00f6ffnen<\/a><\/p>\n<hr \/>\n<p>Die legend\u00e4re Shimano XT 12-fach Schaltung (in Kombination mit einer Praxis Girder Carbonkurbel) bietet eine weite Bandbreite an G\u00e4ngen und kommt so mit allen m\u00f6glichen und unm\u00f6glichen Trail-Anforderungen zurecht. Last, but not least das Sahneh\u00e4ubchen: leichte und robuste Evolution Laufr\u00e4der von Newmen. Ein pfeilschnelles Bike f\u00fcr absolute H\u00f6chstgeschwindigkeiten!<\/p>\n<hr \/>\n<p><strong>In der Rahmengr\u00f6\u00dfe XS (13,5&#8243;) als 27,5er. In den Rahmengr\u00f6\u00dfen S (15&#8243;), M (17&#8243;) und L (19&#8243;) als 29er.<\/strong><\/p>\n<hr \/>\n<h3>RAHMEN Cube Access WS C:62 SL team ws<\/h3>\n<p>Im Access WS C:62 steckt unser gesamtes Know-how in Sachen leichte, robuste Carbonrahmen mit einwandfreiem Handling. Die Basis dieses Modells bildet unser C:62 Carbon, dazu optimieren ein kurzer, steifer Hinterbau und die Boost Achse die Kraft\u00fcbertragung. Unsere Agile Ride Geometry und ein konifiziertes Steuerrohr erm\u00f6glichen superpr\u00e4zises Handling auf knackigen Trails, auch bei explosiver Beschleunigung und hohen Geschwindigkeiten. Selbstredend, dass auch der Komfort nicht zu kurz kommt: Eine schlanke 27.2 mm Sattelst\u00fctze und schmale Sitzstreben sorgen daf\u00fcr, dass der Rahmen selbst bei extremer Pedalierfrequenz komfortabel bleibt. Fehler machen? Bei so viel Speed keine gute Idee!<\/p>\n<hr \/>\n<h3>ACCESS WS C:62 SL<\/h3>\n<p><iframe src=\"https:\/\/www.youtube-nocookie.com\/embed\/iihpys8HrlQ\" width=\"640\" height=\"360\" frameborder=\"0\" allowfullscreen=\"allowfullscreen\" data-mce-fragment=\"1\"><\/iframe><\/p>\n<\/div>\n<div>\n<h2>Ausstattung<\/h2>\n<div class=\"product--properties panel has--border\">\n<table class=\"product--properties-table\">\n<tbody>\n<tr class=\"product--properties-row row1\">\n<td class=\"product--properties-label is--bold\">Rahmen:<\/td>\n<td class=\"product--properties-value\">C:62 Monocoque Advanced Twin Mold Technology, ARG2, Tapered Headtube, PressFit Boost BB, Internal Cable Routing, Boost 148, Dropper Post Ready<\/td>\n<\/tr>\n<tr class=\"product--properties-row row2\">\n<td class=\"product--properties-label is--bold\">Rahmenmaterial:<\/td>\n<td class=\"product--properties-value\">Carbon<\/td>\n<\/tr>\n<tr class=\"product--properties-row row3\">\n<td class=\"product--properties-label is--bold\">Laufradgr\u00f6\u00dfe:<\/td>\n<td class=\"product--properties-value\">Size Split: 27.5: XS (13,5&#8243;) \/\/ 29: S (15&#8243;), M (17&#8243;), L (19&#8243;)<\/td>\n<\/tr>\n<tr class=\"product--properties-row row4\">\n<td class=\"product--properties-label is--bold\">Farbe:<\/td>\n<td class=\"product--properties-value\">team ws<\/td>\n<\/tr>\n<tr class=\"product--properties-row row5\">\n<td class=\"product--properties-label is--bold\">Gabel:<\/td>\n<td class=\"product--properties-value\">Fox 32 Float SC FIT4 Performance, Tapered, 15x110mm, 100mm, 2-Position Remote Lever<\/td>\n<\/tr>\n<tr class=\"product--properties-row row6\">\n<td class=\"product--properties-label is--bold\">Federweg:<\/td>\n<td class=\"product--properties-value\">100mm<\/td>\n<\/tr>\n<tr class=\"product--properties-row row7\">\n<td class=\"product--properties-label is--bold\">Bremsen:<\/td>\n<td class=\"product--properties-value\">Magura MT8 Pro, Hydr. Disc Brake (180\/160)<\/td>\n<\/tr>\n<tr class=\"product--properties-row row8\">\n<td class=\"product--properties-label is--bold\">Steuersatz:<\/td>\n<td class=\"product--properties-value\">VP Integrated, Top 1 1\/8&#8243;, Bottom 1 1\/2&#8243;<\/td>\n<\/tr>\n<tr class=\"product--properties-row row9\">\n<td class=\"product--properties-label is--bold\">Vorbau:<\/td>\n<td class=\"product--properties-value\">Newmen Evolution SL 318.4, 31.8mm<\/td>\n<\/tr>\n<tr class=\"product--properties-row row10\">\n<td class=\"product--properties-label is--bold\">Lenker:<\/td>\n<td class=\"product--properties-value\">Newmen Advanced 318.0, Carbon, 740mm<\/td>\n<\/tr>\n<tr class=\"product--properties-row row11\">\n<td class=\"product--properties-label is--bold\">Griffe:<\/td>\n<td class=\"product--properties-value\">ACID React Pro<\/td>\n<\/tr>\n<tr class=\"product--properties-row row12\">\n<td class=\"product--properties-label is--bold\">Sattel:<\/td>\n<td class=\"product--properties-value\">Natural Fit Venec Lite WS<\/td>\n<\/tr>\n<tr class=\"product--properties-row row13\">\n<td class=\"product--properties-label is--bold\">Sattelst\u00fctze:<\/td>\n<td class=\"product--properties-value\">Newmen Advanced Custom, Carbon, 27.2mm<\/td>\n<\/tr>\n<tr class=\"product--properties-row row14\">\n<td class=\"product--properties-label is--bold\">Sattelklemme:<\/td>\n<td class=\"product--properties-value\">CUBE Varioclose, 31.8mm<\/td>\n<\/tr>\n<tr class=\"product--properties-row row15\">\n<td class=\"product--properties-label is--bold\">Kurbel:<\/td>\n<td class=\"product--properties-value\">Praxis Girder Carbon, Boost, 32T, sealed Enduro\u2122 Bearings, 170mm (175mm for L)<\/td>\n<\/tr>\n<\/tbody>\n<\/table>\n<table class=\"product--properties-table\">\n<tbody>\n<tr class=\"product--properties-row row16\">\n<td class=\"product--properties-label is--bold\">Schaltwerk:<\/td>\n<td class=\"product--properties-value\">Shimano XT RD-M8100-SGS, ShadowPlus, 12-Speed<\/td>\n<\/tr>\n<tr class=\"product--properties-row row17\">\n<td class=\"product--properties-label is--bold\">Schalthebel:<\/td>\n<td class=\"product--properties-value\">Shimano SLX SL-M7100-I, Direct Attach<\/td>\n<\/tr>\n<tr class=\"product--properties-row row18\">\n<td class=\"product--properties-label is--bold\">Kassette:<\/td>\n<td class=\"product--properties-value\">Shimano XT CS-M8100, 10-51T<\/td>\n<\/tr>\n<tr class=\"product--properties-row row19\">\n<td class=\"product--properties-label is--bold\">Kette:<\/td>\n<td class=\"product--properties-value\">Shimano CN-M6100<\/td>\n<\/tr>\n<tr class=\"product--properties-row row20\">\n<td class=\"product--properties-label is--bold\">Reifen:<\/td>\n<td class=\"product--properties-value\">Schwalbe Racing Ralph, Addix Performance, Kevlar, 2.25<\/td>\n<\/tr>\n<tr class=\"product--properties-row row21\">\n<td class=\"product--properties-label is--bold\">Laufradsatz:<\/td>\n<td class=\"product--properties-value\">Newmen Evolution X.A.25, 28\/28 Spokes, 15x110mm\/12x148mm, Tubeless Ready<\/td>\n<\/tr>\n<tr class=\"product--properties-row row22\">\n<td class=\"product--properties-label is--bold\">Pedale:<\/td>\n<td class=\"product--properties-value\">nicht im Lieferumfang enthalten<\/td>\n<\/tr>\n<tr class=\"product--properties-row row23\">\n<td class=\"product--properties-label is--bold\">Zul\u00e4ssiges Gesamtgewicht:<\/td>\n<td class=\"product--properties-value\">115 kg (K\u00f6rpergewicht + Fahrrad + Ausr\u00fcstung)<\/td>\n<\/tr>\n<tr class=\"product--properties-row row24\">\n<td class=\"product--properties-label is--bold\">Gewicht Komplettrad:<\/td>\n<td class=\"product--properties-value\">ab 9,8 kg<\/td>\n<\/tr>\n<\/tbody>\n<\/table>\n<\/div>\n<\/div>","protected":false},"excerpt":{"rendered":"<p><label>Modelljahr: <span style=\"font-size: 16px;\">2022<\/span><\/label><\/p>","protected":false},"featured_media":61819,"comment_status":"open","ping_status":"closed","template":"","meta":[],"product_brand":[],"product_cat":[36,346,220],"product_tag":[],"class_list":{"0":"post-40511","1":"product","2":"type-product","3":"status-publish","4":"has-post-thumbnail","6":"product_cat-fahrrad","7":"product_cat-hardtail-damen","8":"product_cat-mountainbike","9":"pa_marke-cube","11":"first","12":"instock","13":"sale","14":"taxable","15":"shipping-taxable","16":"purchasable","17":"product-type-variable"},"yoast_head":"<!-- This site is optimized with the Yoast SEO Premium plugin v20.12 (Yoast SEO v27.1.1) - https:\/\/yoast.com\/product\/yoast-seo-premium-wordpress\/ -->\n<title>Cube Access WS C:62 SL team ws<\/title>\n<meta name=\"description\" content=\"kgerad.de bietet Ihnen das Cube Access WS C:62 SL team ws zum besten Preis mit kostenlosem Versand in ganz EuropaAccess WS C:62 SL\" \/>\n<meta name=\"robots\" content=\"index, follow, max-snippet:-1, max-image-preview:large, max-video-preview:-1\" \/>\n<link rel=\"canonical\" href=\"https:\/\/kgerad.de\/en\/product\/cube-access-ws-c62-sl-team-ws\/\" \/>\n<meta property=\"og:locale\" content=\"en_US\" \/>\n<meta property=\"og:type\" content=\"article\" \/>\n<meta property=\"og:title\" content=\"Cube Access WS C:62 SL team ws\" \/>\n<meta property=\"og:description\" content=\"Entdecken Sie unseren Online-Fahrradladen: Gro\u00dfe Auswahl an Modellen f\u00fcr alle Radsportbegeisterten. Von Rennr\u00e4dern bis zu Mountainbikes - finden Sie heute Ihren perfekten Wegbegleiter!\" \/>\n<meta property=\"og:url\" content=\"https:\/\/kgerad.de\/en\/product\/cube-access-ws-c62-sl-team-ws\/\" \/>\n<meta property=\"og:site_name\" content=\"kgerad.de\" \/>\n<meta property=\"article:modified_time\" content=\"2023-08-17T10:20:31+00:00\" \/>\n<meta property=\"og:image\" content=\"https:\/\/kgerad.de\/wp-content\/uploads\/2023\/06\/Cube-Access-WS-C62-SL-team-ws.jpg\" \/>\n\t<meta property=\"og:image:width\" content=\"800\" \/>\n\t<meta property=\"og:image:height\" content=\"449\" \/>\n\t<meta property=\"og:image:type\" content=\"image\/jpeg\" \/>\n<meta name=\"twitter:card\" content=\"summary_large_image\" \/>\n<meta name=\"twitter:label1\" content=\"Est. reading time\" \/>\n\t<meta name=\"twitter:data1\" content=\"3 minutes\" \/>\n<script type=\"application\/ld+json\" class=\"yoast-schema-graph\">{\"@context\":\"https:\/\/schema.org\",\"@graph\":[{\"@type\":\"WebPage\",\"@id\":\"https:\/\/kgerad.de\/produkt\/cube-access-ws-c62-sl-team-ws\/\",\"url\":\"https:\/\/kgerad.de\/produkt\/cube-access-ws-c62-sl-team-ws\/\",\"name\":\"Cube Access WS C:62 SL team ws\",\"isPartOf\":{\"@id\":\"https:\/\/kgerad.de\/#website\"},\"primaryImageOfPage\":{\"@id\":\"https:\/\/kgerad.de\/produkt\/cube-access-ws-c62-sl-team-ws\/#primaryimage\"},\"image\":{\"@id\":\"https:\/\/kgerad.de\/produkt\/cube-access-ws-c62-sl-team-ws\/#primaryimage\"},\"thumbnailUrl\":\"https:\/\/kgerad.de\/wp-content\/uploads\/2023\/06\/Cube-Access-WS-C62-SL-team-ws.jpg\",\"datePublished\":\"2022-11-14T16:11:17+00:00\",\"dateModified\":\"2023-08-17T10:20:31+00:00\",\"description\":\"kgerad.de bietet Ihnen das Cube Access WS C:62 SL team ws zum besten Preis mit kostenlosem Versand in ganz EuropaAccess WS C:62 SL\",\"breadcrumb\":{\"@id\":\"https:\/\/kgerad.de\/produkt\/cube-access-ws-c62-sl-team-ws\/#breadcrumb\"},\"inLanguage\":\"en-US\",\"potentialAction\":[{\"@type\":\"ReadAction\",\"target\":[\"https:\/\/kgerad.de\/produkt\/cube-access-ws-c62-sl-team-ws\/\"]}]},{\"@type\":\"ImageObject\",\"inLanguage\":\"en-US\",\"@id\":\"https:\/\/kgerad.de\/produkt\/cube-access-ws-c62-sl-team-ws\/#primaryimage\",\"url\":\"https:\/\/kgerad.de\/wp-content\/uploads\/2023\/06\/Cube-Access-WS-C62-SL-team-ws.jpg\",\"contentUrl\":\"https:\/\/kgerad.de\/wp-content\/uploads\/2023\/06\/Cube-Access-WS-C62-SL-team-ws.jpg\",\"width\":800,\"height\":449,\"caption\":\"Cube Access WS C62 SL team ws\"},{\"@type\":\"BreadcrumbList\",\"@id\":\"https:\/\/kgerad.de\/produkt\/cube-access-ws-c62-sl-team-ws\/#breadcrumb\",\"itemListElement\":[{\"@type\":\"ListItem\",\"position\":1,\"name\":\"Startseite\",\"item\":\"https:\/\/kgerad.de\/\"},{\"@type\":\"ListItem\",\"position\":2,\"name\":\"LADEN\",\"item\":\"https:\/\/kgerad.de\/laden\/\"},{\"@type\":\"ListItem\",\"position\":3,\"name\":\"Cube Access WS C:62 SL team ws\"}]},{\"@type\":\"WebSite\",\"@id\":\"https:\/\/kgerad.de\/#website\",\"url\":\"https:\/\/kgerad.de\/\",\"name\":\"kgerad.de\",\"description\":\"Treten Sie mit uns ins Abenteuer!\",\"publisher\":{\"@id\":\"https:\/\/kgerad.de\/#organization\"},\"alternateName\":\"MEIN RADLADEN\",\"potentialAction\":[{\"@type\":\"SearchAction\",\"target\":{\"@type\":\"EntryPoint\",\"urlTemplate\":\"https:\/\/kgerad.de\/?s={search_term_string}\"},\"query-input\":{\"@type\":\"PropertyValueSpecification\",\"valueRequired\":true,\"valueName\":\"search_term_string\"}}],\"inLanguage\":\"en-US\"},{\"@type\":\"Organization\",\"@id\":\"https:\/\/kgerad.de\/#organization\",\"name\":\"MEINRADLADEN\",\"alternateName\":\"MEIN RADLADEN\",\"url\":\"https:\/\/kgerad.de\/\",\"logo\":{\"@type\":\"ImageObject\",\"inLanguage\":\"en-US\",\"@id\":\"https:\/\/kgerad.de\/#\/schema\/logo\/image\/\",\"url\":\"https:\/\/kgerad.de\/wp-content\/uploads\/2025\/07\/logo-Whit.svg\",\"contentUrl\":\"https:\/\/kgerad.de\/wp-content\/uploads\/2025\/07\/logo-Whit.svg\",\"width\":1640,\"height\":371,\"caption\":\"MEINRADLADEN\"},\"image\":{\"@id\":\"https:\/\/kgerad.de\/#\/schema\/logo\/image\/\"}}]}<\/script>\n<!-- \/ Yoast SEO Premium plugin. -->","yoast_head_json":{"title":"Cube Access WS C:62 SL team ws","description":"kgerad.de bietet Ihnen das Cube Access WS C:62 SL team ws zum besten Preis mit kostenlosem Versand in ganz EuropaAccess WS C:62 SL","robots":{"index":"index","follow":"follow","max-snippet":"max-snippet:-1","max-image-preview":"max-image-preview:large","max-video-preview":"max-video-preview:-1"},"canonical":"https:\/\/kgerad.de\/en\/product\/cube-access-ws-c62-sl-team-ws\/","og_locale":"en_US","og_type":"article","og_title":"Cube Access WS C:62 SL team ws","og_description":"Entdecken Sie unseren Online-Fahrradladen: Gro\u00dfe Auswahl an Modellen f\u00fcr alle Radsportbegeisterten. Von Rennr\u00e4dern bis zu Mountainbikes - finden Sie heute Ihren perfekten Wegbegleiter!","og_url":"https:\/\/kgerad.de\/en\/product\/cube-access-ws-c62-sl-team-ws\/","og_site_name":"kgerad.de","article_modified_time":"2023-08-17T10:20:31+00:00","og_image":[{"width":800,"height":449,"url":"https:\/\/kgerad.de\/wp-content\/uploads\/2023\/06\/Cube-Access-WS-C62-SL-team-ws.jpg","type":"image\/jpeg"}],"twitter_card":"summary_large_image","twitter_misc":{"Est. reading time":"3 minutes"},"schema":{"@context":"https:\/\/schema.org","@graph":[{"@type":"WebPage","@id":"https:\/\/kgerad.de\/produkt\/cube-access-ws-c62-sl-team-ws\/","url":"https:\/\/kgerad.de\/produkt\/cube-access-ws-c62-sl-team-ws\/","name":"Cube Access WS C:62 SL team ws","isPartOf":{"@id":"https:\/\/kgerad.de\/#website"},"primaryImageOfPage":{"@id":"https:\/\/kgerad.de\/produkt\/cube-access-ws-c62-sl-team-ws\/#primaryimage"},"image":{"@id":"https:\/\/kgerad.de\/produkt\/cube-access-ws-c62-sl-team-ws\/#primaryimage"},"thumbnailUrl":"https:\/\/kgerad.de\/wp-content\/uploads\/2023\/06\/Cube-Access-WS-C62-SL-team-ws.jpg","datePublished":"2022-11-14T16:11:17+00:00","dateModified":"2023-08-17T10:20:31+00:00","description":"kgerad.de bietet Ihnen das Cube Access WS C:62 SL team ws zum besten Preis mit kostenlosem Versand in ganz EuropaAccess WS C:62 SL","breadcrumb":{"@id":"https:\/\/kgerad.de\/produkt\/cube-access-ws-c62-sl-team-ws\/#breadcrumb"},"inLanguage":"en-US","potentialAction":[{"@type":"ReadAction","target":["https:\/\/kgerad.de\/produkt\/cube-access-ws-c62-sl-team-ws\/"]}]},{"@type":"ImageObject","inLanguage":"en-US","@id":"https:\/\/kgerad.de\/produkt\/cube-access-ws-c62-sl-team-ws\/#primaryimage","url":"https:\/\/kgerad.de\/wp-content\/uploads\/2023\/06\/Cube-Access-WS-C62-SL-team-ws.jpg","contentUrl":"https:\/\/kgerad.de\/wp-content\/uploads\/2023\/06\/Cube-Access-WS-C62-SL-team-ws.jpg","width":800,"height":449,"caption":"Cube Access WS C62 SL team ws"},{"@type":"BreadcrumbList","@id":"https:\/\/kgerad.de\/produkt\/cube-access-ws-c62-sl-team-ws\/#breadcrumb","itemListElement":[{"@type":"ListItem","position":1,"name":"Startseite","item":"https:\/\/kgerad.de\/"},{"@type":"ListItem","position":2,"name":"LADEN","item":"https:\/\/kgerad.de\/laden\/"},{"@type":"ListItem","position":3,"name":"Cube Access WS C:62 SL team ws"}]},{"@type":"WebSite","@id":"https:\/\/kgerad.de\/#website","url":"https:\/\/kgerad.de\/","name":"kgerad.de","description":"Treten Sie mit uns ins Abenteuer!","publisher":{"@id":"https:\/\/kgerad.de\/#organization"},"alternateName":"MEIN RADLADEN","potentialAction":[{"@type":"SearchAction","target":{"@type":"EntryPoint","urlTemplate":"https:\/\/kgerad.de\/?s={search_term_string}"},"query-input":{"@type":"PropertyValueSpecification","valueRequired":true,"valueName":"search_term_string"}}],"inLanguage":"en-US"},{"@type":"Organization","@id":"https:\/\/kgerad.de\/#organization","name":"MEINRADLADEN","alternateName":"MEIN RADLADEN","url":"https:\/\/kgerad.de\/","logo":{"@type":"ImageObject","inLanguage":"en-US","@id":"https:\/\/kgerad.de\/#\/schema\/logo\/image\/","url":"https:\/\/kgerad.de\/wp-content\/uploads\/2025\/07\/logo-Whit.svg","contentUrl":"https:\/\/kgerad.de\/wp-content\/uploads\/2025\/07\/logo-Whit.svg","width":1640,"height":371,"caption":"MEINRADLADEN"},"image":{"@id":"https:\/\/kgerad.de\/#\/schema\/logo\/image\/"}}]}},"_links":{"self":[{"href":"https:\/\/kgerad.de\/en\/wp-json\/wp\/v2\/product\/40511","targetHints":{"allow":["GET"]}}],"collection":[{"href":"https:\/\/kgerad.de\/en\/wp-json\/wp\/v2\/product"}],"about":[{"href":"https:\/\/kgerad.de\/en\/wp-json\/wp\/v2\/types\/product"}],"replies":[{"embeddable":true,"href":"https:\/\/kgerad.de\/en\/wp-json\/wp\/v2\/comments?post=40511"}],"version-history":[{"count":1,"href":"https:\/\/kgerad.de\/en\/wp-json\/wp\/v2\/product\/40511\/revisions"}],"predecessor-version":[{"id":79621,"href":"https:\/\/kgerad.de\/en\/wp-json\/wp\/v2\/product\/40511\/revisions\/79621"}],"wp:featuredmedia":[{"embeddable":true,"href":"https:\/\/kgerad.de\/en\/wp-json\/wp\/v2\/media\/61819"}],"wp:attachment":[{"href":"https:\/\/kgerad.de\/en\/wp-json\/wp\/v2\/media?parent=40511"}],"wp:term":[{"taxonomy":"product_brand","embeddable":true,"href":"https:\/\/kgerad.de\/en\/wp-json\/wp\/v2\/product_brand?post=40511"},{"taxonomy":"product_cat","embeddable":true,"href":"https:\/\/kgerad.de\/en\/wp-json\/wp\/v2\/product_cat?post=40511"},{"taxonomy":"product_tag","embeddable":true,"href":"https:\/\/kgerad.de\/en\/wp-json\/wp\/v2\/product_tag?post=40511"}],"curies":[{"name":"wp","href":"https:\/\/api.w.org\/{rel}","templated":true}]}}