{"id":40441,"date":"2022-11-14T13:58:11","date_gmt":"2022-11-14T12:58:11","guid":{"rendered":"https:\/\/kgerad.de\/?post_type=product&#038;p=40441"},"modified":"2023-08-11T12:56:26","modified_gmt":"2023-08-11T10:56:26","slug":"haibike-trekking-6-tiefeinsteiger-schwarz","status":"publish","type":"product","link":"https:\/\/kgerad.de\/en\/product\/haibike-trekking-6-tiefeinsteiger-schwarz\/","title":{"rendered":"HAIBIKE Trekking 6 Tiefeinsteiger schwarz"},"content":{"rendered":"<h2 class=\"product-name cyc-typo_display-3 cyc-margin_bottom-1 cyc-no-texttransform js-productName\">HAIBIKE Trekking 6 Tiefeinsteiger schwarz<\/h2>\n<div class=\"js-productDescriptionContainer\">\n<div class=\"cyc-margin_bottom-4\">\n<p>Du suchst ein komfortables eTrekkingbike HAIBIKE Trekking 6 Tiefeinsteiger schwarz f\u00fcr die Shoppingrunde durch die Stadt, den Weg zur Arbeit oder auch mal f\u00fcr eine l\u00e4ngere Wochenendtour? Dann ist das neue Trekking 6 LOW das ideale eBike f\u00fcr dich! Der besonders tiefe Einstieg und die aufrechte Sitzposition sorgen daf\u00fcr, dass du jederzeit schnell auf- und absteigen kannst und im Stra\u00dfenverkehr immer den \u00dcberblick beh\u00e4ltst. Die StVZO-konforme Ausstattung mit Gep\u00e4cktr\u00e4ger, leistungsstarker Lichtanlage und Seitenst\u00e4nder r\u00fcstet dich mit allem, was du brauchst, um sicher unterwegs zu sein. Und wenn es mal steiler wird oder das Gep\u00e4ck etwas schwerer ist, bietet dir der Yamaha PW-ST Motor kraftvolle Unterst\u00fctzung.<\/p>\n<p>Wichtige Hinweise: Bei der Montage eines\u00a0Pedals\u00a0bitte auf Links- bzw. Rechtsgewinde achten! Vor Fahrtantritt bitte die Schnellspanner und Bremsen \u00fcberpr\u00fcfen!<\/p>\n<h2 class=\"cyc-typo_display-2 pdp__headline\">Ausstattung<\/h2>\n<p>&nbsp;<\/p>\n<div class=\"widgetBoxBottomRound\">\n<div id=\"attributes\" class=\"ui-tabs-panel ui-widget-content ui-corner-bottom\" role=\"tabpanel\" aria-labelledby=\"ui-id-1\" aria-expanded=\"true\" aria-hidden=\"false\">\n<table class=\"attributes\">\n<tbody>\n<tr>\n<th id=\"attrTitle_1\"><strong>Farbzuordnung<\/strong><\/th>\n<td id=\"attrValue_1\">Schwarz \/ Rot<\/td>\n<\/tr>\n<tr>\n<th id=\"attrTitle_2\"><strong>Farbe<\/strong><\/th>\n<td id=\"attrValue_2\">matte black\/red reflex<\/td>\n<\/tr>\n<tr>\n<th id=\"attrTitle_3\"><strong>Rahmenform<\/strong><\/th>\n<td id=\"attrValue_3\">Wave<\/td>\n<\/tr>\n<tr>\n<th id=\"attrTitle_4\"><strong>Durchmesser Scheibenbremse vorn<\/strong><\/th>\n<td id=\"attrValue_4\">180.00<\/td>\n<\/tr>\n<tr>\n<th id=\"attrTitle_5\"><strong>Ganganzahl<\/strong><\/th>\n<td id=\"attrValue_5\">10<\/td>\n<\/tr>\n<tr>\n<th id=\"attrTitle_6\"><strong>Federweg in mm<\/strong><\/th>\n<td id=\"attrValue_6\">80.00<\/td>\n<\/tr>\n<tr>\n<th id=\"attrTitle_7\"><strong>Durchmesser Scheibenbremse hinten<\/strong><\/th>\n<td id=\"attrValue_7\">180.00<\/td>\n<\/tr>\n<tr>\n<th id=\"attrTitle_8\"><strong>Gabelhersteller<\/strong><\/th>\n<td id=\"attrValue_8\">SR Suntour<\/td>\n<\/tr>\n<tr>\n<th id=\"attrTitle_9\"><strong>Akkuposition<\/strong><\/th>\n<td id=\"attrValue_9\">intube<\/td>\n<\/tr>\n<tr>\n<th id=\"attrTitle_10\"><strong>Federung<\/strong><\/th>\n<td id=\"attrValue_10\">stahlgefedert<\/td>\n<\/tr>\n<tr>\n<th id=\"attrTitle_11\"><strong>Schaltart<\/strong><\/th>\n<td id=\"attrValue_11\">Kettenschaltung<\/td>\n<\/tr>\n<tr>\n<th id=\"attrTitle_12\"><strong>Motorposition<\/strong><\/th>\n<td id=\"attrValue_12\">Mittelmotor<\/td>\n<\/tr>\n<tr>\n<th id=\"attrTitle_13\"><strong>Bremssystem<\/strong><\/th>\n<td id=\"attrValue_13\">Scheibenbremse, hydraulisch<\/td>\n<\/tr>\n<tr>\n<th id=\"attrTitle_14\"><strong>Rahmenmaterial<\/strong><\/th>\n<td id=\"attrValue_14\">Aluminium<\/td>\n<\/tr>\n<tr>\n<th id=\"attrTitle_15\"><strong>Schaltung<\/strong><\/th>\n<td id=\"attrValue_15\">Shimano Deore M4120, 10-Gang<\/td>\n<\/tr>\n<tr>\n<th id=\"attrTitle_16\"><strong>Reifen<\/strong><\/th>\n<td id=\"attrValue_16\">Continental Ruban, 54-584, Reflex<\/td>\n<\/tr>\n<tr>\n<th id=\"attrTitle_17\"><strong>Motorart<\/strong><\/th>\n<td id=\"attrValue_17\">Yamaha PW-ST System, 250W, 70Nm, 25km\/h<\/td>\n<\/tr>\n<tr>\n<th id=\"attrTitle_18\"><strong>Gabel<\/strong><\/th>\n<td id=\"attrValue_18\">SR Suntour XCM32 ATB NLO DS, Stahlfeder, Federweg: 80mm, Aluschaft 1 1\/8 &#8211; 1 1\/2\u00b4\u00b4 tapered, 8 x 100mm<\/td>\n<\/tr>\n<tr>\n<th id=\"attrTitle_19\"><strong>Sattelst\u00fctze<\/strong><\/th>\n<td id=\"attrValue_19\">XLC, Patent, 31.6mm, Aluminium<\/td>\n<\/tr>\n<tr>\n<th id=\"attrTitle_20\"><strong>Lenker<\/strong><\/th>\n<td id=\"attrValue_20\">Ergoriser, oversize 720mm<\/td>\n<\/tr>\n<tr>\n<th id=\"attrTitle_21\"><strong>Schalthebel<\/strong><\/th>\n<td id=\"attrValue_21\">Shimano Deore M4100, Triggerschalter<\/td>\n<\/tr>\n<tr>\n<th id=\"attrTitle_22\"><strong>Speichen<\/strong><\/th>\n<td id=\"attrValue_22\">Sapim Leader, Schwarz<\/td>\n<\/tr>\n<tr>\n<th id=\"attrTitle_23\"><strong>Zahnkr\u00e4nze<\/strong><\/th>\n<td id=\"attrValue_23\">Shimano M4100, 11-42 Z\u00e4hne<\/td>\n<\/tr>\n<tr>\n<th id=\"attrTitle_24\"><strong>Naben<\/strong><\/th>\n<td id=\"attrValue_24\">Alu Nabe, Alu Nabe<\/td>\n<\/tr>\n<tr>\n<th id=\"attrTitle_25\"><strong>Sattel<\/strong><\/th>\n<td id=\"attrValue_25\">XLC Trekking<\/td>\n<\/tr>\n<tr>\n<th id=\"attrTitle_26\"><strong>Vorbau<\/strong><\/th>\n<td id=\"attrValue_26\">Alu, winkelverstellbar, A-Head, Bar bore: 31.8mm<\/td>\n<\/tr>\n<tr>\n<th id=\"attrTitle_27\"><strong>Dynamo<\/strong><\/th>\n<td id=\"attrValue_27\">\u00fcber Systembatterie<\/td>\n<\/tr>\n<tr>\n<th id=\"attrTitle_28\"><strong>Bremse<\/strong><\/th>\n<td id=\"attrValue_28\">Alhonga HT474, Aluminium, 180mm<\/td>\n<\/tr>\n<tr>\n<th id=\"attrTitle_29\"><strong>Felgen<\/strong><\/th>\n<td id=\"attrValue_29\">Sch\u00fcrmann Yak25, ge\u00f6st, Hohlkammerfelge, Aluminium<\/td>\n<\/tr>\n<tr>\n<th id=\"attrTitle_30\"><strong>Pedale<\/strong><\/th>\n<td id=\"attrValue_30\">VP E461 Aluminium, mit Reflektor<\/td>\n<\/tr>\n<tr>\n<th id=\"attrTitle_31\"><strong>Steuersatz<\/strong><\/th>\n<td id=\"attrValue_31\">Cane Creek Viscoset<\/td>\n<\/tr>\n<tr>\n<th id=\"attrTitle_32\"><strong>St\u00e4nder<\/strong><\/th>\n<td id=\"attrValue_32\">Ursus Mooi, einstellbar<\/td>\n<\/tr>\n<tr>\n<th id=\"attrTitle_33\"><strong>Griffe<\/strong><\/th>\n<td id=\"attrValue_33\">XLC Comfort bo3<\/td>\n<\/tr>\n<tr>\n<th id=\"attrTitle_34\"><strong>Display<\/strong><\/th>\n<td id=\"attrValue_34\">Yamaha Side Switch<\/td>\n<\/tr>\n<tr>\n<th id=\"attrTitle_35\"><strong>Bremshebel<\/strong><\/th>\n<td id=\"attrValue_35\">Alhonga HT474, Aluminium<\/td>\n<\/tr>\n<tr>\n<th id=\"attrTitle_36\"><strong>Kette<\/strong><\/th>\n<td id=\"attrValue_36\">KMC e10S<\/td>\n<\/tr>\n<tr>\n<th id=\"attrTitle_37\"><strong>Akkuleistung (Wh)<\/strong><\/th>\n<td id=\"attrValue_37\">630<\/td>\n<\/tr>\n<tr>\n<th id=\"attrTitle_38\"><strong>Akku<\/strong><\/th>\n<td id=\"attrValue_38\">InTube<\/td>\n<\/tr>\n<tr>\n<th id=\"attrTitle_39\"><strong>Modelljahr<\/strong><\/th>\n<td id=\"attrValue_39\">2022<\/td>\n<\/tr>\n<tr>\n<th id=\"attrTitle_40\"><strong>Kategorie<\/strong><\/th>\n<td id=\"attrValue_40\">E-Bikes \/ Pedelecs \/ Trekking\/Touren<\/td>\n<\/tr>\n<tr>\n<th id=\"attrTitle_41\"><strong>Zustand<\/strong><\/th>\n<td id=\"attrValue_41\">neu<\/td>\n<\/tr>\n<\/tbody>\n<\/table>\n<\/div>\n<\/div>\n<\/div>\n<\/div>","protected":false},"excerpt":{"rendered":"<p>HAIBIKE Trekking 6 Tiefeinsteiger schwarz Du suchst ein komfortables eTrekkingbike HAIBIKE Trekking 6 Tiefeinsteiger schwarz f\u00fcr die Shoppingrunde durch die<\/p>","protected":false},"featured_media":61774,"comment_status":"open","ping_status":"closed","template":"","meta":[],"product_brand":[],"product_cat":[33,247,35],"product_tag":[],"class_list":{"0":"post-40441","1":"product","2":"type-product","3":"status-publish","4":"has-post-thumbnail","6":"product_cat-e-bike","7":"product_cat-e-bike-trekking","8":"product_cat-e-bikes-2022","9":"pa_marke-haibike","11":"first","12":"instock","13":"sale","14":"taxable","15":"shipping-taxable","16":"purchasable","17":"product-type-variable"},"yoast_head":"<!-- This site is optimized with the Yoast SEO Premium plugin v20.12 (Yoast SEO v27.1.1) - https:\/\/yoast.com\/product\/yoast-seo-premium-wordpress\/ -->\n<title>HAIBIKE Trekking 6 Tiefeinsteiger schwarz<\/title>\n<meta name=\"description\" content=\"Entdecken Sie unseren Online-Fahrradladen: Gro\u00dfe Auswahl an Modellen f\u00fcr alle Radsportbegeisterten. Von Rennr\u00e4dern bis zu Mountainbikes - finden Sie heute Ihren perfekten Wegbegleiter!\" \/>\n<meta name=\"robots\" content=\"index, follow, max-snippet:-1, max-image-preview:large, max-video-preview:-1\" \/>\n<link rel=\"canonical\" href=\"https:\/\/kgerad.de\/en\/product\/haibike-trekking-6-tiefeinsteiger-schwarz\/\" \/>\n<meta property=\"og:locale\" content=\"en_US\" \/>\n<meta property=\"og:type\" content=\"article\" \/>\n<meta property=\"og:title\" content=\"HAIBIKE Trekking 6 Tiefeinsteiger schwarz\" \/>\n<meta property=\"og:description\" content=\"Entdecken Sie unseren Online-Fahrradladen: Gro\u00dfe Auswahl an Modellen f\u00fcr alle Radsportbegeisterten. Von Rennr\u00e4dern bis zu Mountainbikes - finden Sie heute Ihren perfekten Wegbegleiter!\" \/>\n<meta property=\"og:url\" content=\"https:\/\/kgerad.de\/en\/product\/haibike-trekking-6-tiefeinsteiger-schwarz\/\" \/>\n<meta property=\"og:site_name\" content=\"kgerad.de\" \/>\n<meta property=\"article:modified_time\" content=\"2023-08-11T10:56:26+00:00\" \/>\n<meta property=\"og:image\" content=\"https:\/\/kgerad.de\/wp-content\/uploads\/2023\/06\/haibike-trekking-6-low-step-matte-black-red-reflex-1.jpg\" \/>\n\t<meta property=\"og:image:width\" content=\"2400\" \/>\n\t<meta property=\"og:image:height\" content=\"2400\" \/>\n\t<meta property=\"og:image:type\" content=\"image\/jpeg\" \/>\n<meta name=\"twitter:card\" content=\"summary_large_image\" \/>\n<meta name=\"twitter:label1\" content=\"Est. reading time\" \/>\n\t<meta name=\"twitter:data1\" content=\"2 minutes\" \/>\n<script type=\"application\/ld+json\" class=\"yoast-schema-graph\">{\"@context\":\"https:\/\/schema.org\",\"@graph\":[{\"@type\":\"WebPage\",\"@id\":\"https:\/\/kgerad.de\/produkt\/haibike-trekking-6-tiefeinsteiger-schwarz\/\",\"url\":\"https:\/\/kgerad.de\/produkt\/haibike-trekking-6-tiefeinsteiger-schwarz\/\",\"name\":\"HAIBIKE Trekking 6 Tiefeinsteiger schwarz\",\"isPartOf\":{\"@id\":\"https:\/\/kgerad.de\/#website\"},\"primaryImageOfPage\":{\"@id\":\"https:\/\/kgerad.de\/produkt\/haibike-trekking-6-tiefeinsteiger-schwarz\/#primaryimage\"},\"image\":{\"@id\":\"https:\/\/kgerad.de\/produkt\/haibike-trekking-6-tiefeinsteiger-schwarz\/#primaryimage\"},\"thumbnailUrl\":\"https:\/\/kgerad.de\/wp-content\/uploads\/2023\/06\/haibike-trekking-6-low-step-matte-black-red-reflex-1.jpg\",\"datePublished\":\"2022-11-14T12:58:11+00:00\",\"dateModified\":\"2023-08-11T10:56:26+00:00\",\"description\":\"Entdecken Sie unseren Online-Fahrradladen: Gro\u00dfe Auswahl an Modellen f\u00fcr alle Radsportbegeisterten. Von Rennr\u00e4dern bis zu Mountainbikes - finden Sie heute Ihren perfekten Wegbegleiter!\",\"breadcrumb\":{\"@id\":\"https:\/\/kgerad.de\/produkt\/haibike-trekking-6-tiefeinsteiger-schwarz\/#breadcrumb\"},\"inLanguage\":\"en-US\",\"potentialAction\":[{\"@type\":\"ReadAction\",\"target\":[\"https:\/\/kgerad.de\/produkt\/haibike-trekking-6-tiefeinsteiger-schwarz\/\"]}]},{\"@type\":\"ImageObject\",\"inLanguage\":\"en-US\",\"@id\":\"https:\/\/kgerad.de\/produkt\/haibike-trekking-6-tiefeinsteiger-schwarz\/#primaryimage\",\"url\":\"https:\/\/kgerad.de\/wp-content\/uploads\/2023\/06\/haibike-trekking-6-low-step-matte-black-red-reflex-1.jpg\",\"contentUrl\":\"https:\/\/kgerad.de\/wp-content\/uploads\/2023\/06\/haibike-trekking-6-low-step-matte-black-red-reflex-1.jpg\",\"width\":2400,\"height\":2400,\"caption\":\"HAIBIKE Trekking 6 Tiefeinsteiger schwarz\"},{\"@type\":\"BreadcrumbList\",\"@id\":\"https:\/\/kgerad.de\/produkt\/haibike-trekking-6-tiefeinsteiger-schwarz\/#breadcrumb\",\"itemListElement\":[{\"@type\":\"ListItem\",\"position\":1,\"name\":\"Startseite\",\"item\":\"https:\/\/kgerad.de\/\"},{\"@type\":\"ListItem\",\"position\":2,\"name\":\"LADEN\",\"item\":\"https:\/\/kgerad.de\/laden\/\"},{\"@type\":\"ListItem\",\"position\":3,\"name\":\"HAIBIKE Trekking 6 Tiefeinsteiger schwarz\"}]},{\"@type\":\"WebSite\",\"@id\":\"https:\/\/kgerad.de\/#website\",\"url\":\"https:\/\/kgerad.de\/\",\"name\":\"kgerad.de\",\"description\":\"Treten Sie mit uns ins Abenteuer!\",\"publisher\":{\"@id\":\"https:\/\/kgerad.de\/#organization\"},\"alternateName\":\"MEIN RADLADEN\",\"potentialAction\":[{\"@type\":\"SearchAction\",\"target\":{\"@type\":\"EntryPoint\",\"urlTemplate\":\"https:\/\/kgerad.de\/?s={search_term_string}\"},\"query-input\":{\"@type\":\"PropertyValueSpecification\",\"valueRequired\":true,\"valueName\":\"search_term_string\"}}],\"inLanguage\":\"en-US\"},{\"@type\":\"Organization\",\"@id\":\"https:\/\/kgerad.de\/#organization\",\"name\":\"MEINRADLADEN\",\"alternateName\":\"MEIN RADLADEN\",\"url\":\"https:\/\/kgerad.de\/\",\"logo\":{\"@type\":\"ImageObject\",\"inLanguage\":\"en-US\",\"@id\":\"https:\/\/kgerad.de\/#\/schema\/logo\/image\/\",\"url\":\"https:\/\/kgerad.de\/wp-content\/uploads\/2025\/07\/logo-Whit.svg\",\"contentUrl\":\"https:\/\/kgerad.de\/wp-content\/uploads\/2025\/07\/logo-Whit.svg\",\"width\":1640,\"height\":371,\"caption\":\"MEINRADLADEN\"},\"image\":{\"@id\":\"https:\/\/kgerad.de\/#\/schema\/logo\/image\/\"}}]}<\/script>\n<!-- \/ Yoast SEO Premium plugin. -->","yoast_head_json":{"title":"HAIBIKE Trekking 6 Tiefeinsteiger schwarz","description":"Entdecken Sie unseren Online-Fahrradladen: Gro\u00dfe Auswahl an Modellen f\u00fcr alle Radsportbegeisterten. Von Rennr\u00e4dern bis zu Mountainbikes - finden Sie heute Ihren perfekten Wegbegleiter!","robots":{"index":"index","follow":"follow","max-snippet":"max-snippet:-1","max-image-preview":"max-image-preview:large","max-video-preview":"max-video-preview:-1"},"canonical":"https:\/\/kgerad.de\/en\/product\/haibike-trekking-6-tiefeinsteiger-schwarz\/","og_locale":"en_US","og_type":"article","og_title":"HAIBIKE Trekking 6 Tiefeinsteiger schwarz","og_description":"Entdecken Sie unseren Online-Fahrradladen: Gro\u00dfe Auswahl an Modellen f\u00fcr alle Radsportbegeisterten. Von Rennr\u00e4dern bis zu Mountainbikes - finden Sie heute Ihren perfekten Wegbegleiter!","og_url":"https:\/\/kgerad.de\/en\/product\/haibike-trekking-6-tiefeinsteiger-schwarz\/","og_site_name":"kgerad.de","article_modified_time":"2023-08-11T10:56:26+00:00","og_image":[{"width":2400,"height":2400,"url":"https:\/\/kgerad.de\/wp-content\/uploads\/2023\/06\/haibike-trekking-6-low-step-matte-black-red-reflex-1.jpg","type":"image\/jpeg"}],"twitter_card":"summary_large_image","twitter_misc":{"Est. reading time":"2 minutes"},"schema":{"@context":"https:\/\/schema.org","@graph":[{"@type":"WebPage","@id":"https:\/\/kgerad.de\/produkt\/haibike-trekking-6-tiefeinsteiger-schwarz\/","url":"https:\/\/kgerad.de\/produkt\/haibike-trekking-6-tiefeinsteiger-schwarz\/","name":"HAIBIKE Trekking 6 Tiefeinsteiger schwarz","isPartOf":{"@id":"https:\/\/kgerad.de\/#website"},"primaryImageOfPage":{"@id":"https:\/\/kgerad.de\/produkt\/haibike-trekking-6-tiefeinsteiger-schwarz\/#primaryimage"},"image":{"@id":"https:\/\/kgerad.de\/produkt\/haibike-trekking-6-tiefeinsteiger-schwarz\/#primaryimage"},"thumbnailUrl":"https:\/\/kgerad.de\/wp-content\/uploads\/2023\/06\/haibike-trekking-6-low-step-matte-black-red-reflex-1.jpg","datePublished":"2022-11-14T12:58:11+00:00","dateModified":"2023-08-11T10:56:26+00:00","description":"Entdecken Sie unseren Online-Fahrradladen: Gro\u00dfe Auswahl an Modellen f\u00fcr alle Radsportbegeisterten. Von Rennr\u00e4dern bis zu Mountainbikes - finden Sie heute Ihren perfekten Wegbegleiter!","breadcrumb":{"@id":"https:\/\/kgerad.de\/produkt\/haibike-trekking-6-tiefeinsteiger-schwarz\/#breadcrumb"},"inLanguage":"en-US","potentialAction":[{"@type":"ReadAction","target":["https:\/\/kgerad.de\/produkt\/haibike-trekking-6-tiefeinsteiger-schwarz\/"]}]},{"@type":"ImageObject","inLanguage":"en-US","@id":"https:\/\/kgerad.de\/produkt\/haibike-trekking-6-tiefeinsteiger-schwarz\/#primaryimage","url":"https:\/\/kgerad.de\/wp-content\/uploads\/2023\/06\/haibike-trekking-6-low-step-matte-black-red-reflex-1.jpg","contentUrl":"https:\/\/kgerad.de\/wp-content\/uploads\/2023\/06\/haibike-trekking-6-low-step-matte-black-red-reflex-1.jpg","width":2400,"height":2400,"caption":"HAIBIKE Trekking 6 Tiefeinsteiger schwarz"},{"@type":"BreadcrumbList","@id":"https:\/\/kgerad.de\/produkt\/haibike-trekking-6-tiefeinsteiger-schwarz\/#breadcrumb","itemListElement":[{"@type":"ListItem","position":1,"name":"Startseite","item":"https:\/\/kgerad.de\/"},{"@type":"ListItem","position":2,"name":"LADEN","item":"https:\/\/kgerad.de\/laden\/"},{"@type":"ListItem","position":3,"name":"HAIBIKE Trekking 6 Tiefeinsteiger schwarz"}]},{"@type":"WebSite","@id":"https:\/\/kgerad.de\/#website","url":"https:\/\/kgerad.de\/","name":"kgerad.de","description":"Treten Sie mit uns ins Abenteuer!","publisher":{"@id":"https:\/\/kgerad.de\/#organization"},"alternateName":"MEIN RADLADEN","potentialAction":[{"@type":"SearchAction","target":{"@type":"EntryPoint","urlTemplate":"https:\/\/kgerad.de\/?s={search_term_string}"},"query-input":{"@type":"PropertyValueSpecification","valueRequired":true,"valueName":"search_term_string"}}],"inLanguage":"en-US"},{"@type":"Organization","@id":"https:\/\/kgerad.de\/#organization","name":"MEINRADLADEN","alternateName":"MEIN RADLADEN","url":"https:\/\/kgerad.de\/","logo":{"@type":"ImageObject","inLanguage":"en-US","@id":"https:\/\/kgerad.de\/#\/schema\/logo\/image\/","url":"https:\/\/kgerad.de\/wp-content\/uploads\/2025\/07\/logo-Whit.svg","contentUrl":"https:\/\/kgerad.de\/wp-content\/uploads\/2025\/07\/logo-Whit.svg","width":1640,"height":371,"caption":"MEINRADLADEN"},"image":{"@id":"https:\/\/kgerad.de\/#\/schema\/logo\/image\/"}}]}},"_links":{"self":[{"href":"https:\/\/kgerad.de\/en\/wp-json\/wp\/v2\/product\/40441","targetHints":{"allow":["GET"]}}],"collection":[{"href":"https:\/\/kgerad.de\/en\/wp-json\/wp\/v2\/product"}],"about":[{"href":"https:\/\/kgerad.de\/en\/wp-json\/wp\/v2\/types\/product"}],"replies":[{"embeddable":true,"href":"https:\/\/kgerad.de\/en\/wp-json\/wp\/v2\/comments?post=40441"}],"version-history":[{"count":1,"href":"https:\/\/kgerad.de\/en\/wp-json\/wp\/v2\/product\/40441\/revisions"}],"predecessor-version":[{"id":79627,"href":"https:\/\/kgerad.de\/en\/wp-json\/wp\/v2\/product\/40441\/revisions\/79627"}],"wp:featuredmedia":[{"embeddable":true,"href":"https:\/\/kgerad.de\/en\/wp-json\/wp\/v2\/media\/61774"}],"wp:attachment":[{"href":"https:\/\/kgerad.de\/en\/wp-json\/wp\/v2\/media?parent=40441"}],"wp:term":[{"taxonomy":"product_brand","embeddable":true,"href":"https:\/\/kgerad.de\/en\/wp-json\/wp\/v2\/product_brand?post=40441"},{"taxonomy":"product_cat","embeddable":true,"href":"https:\/\/kgerad.de\/en\/wp-json\/wp\/v2\/product_cat?post=40441"},{"taxonomy":"product_tag","embeddable":true,"href":"https:\/\/kgerad.de\/en\/wp-json\/wp\/v2\/product_tag?post=40441"}],"curies":[{"name":"wp","href":"https:\/\/api.w.org\/{rel}","templated":true}]}}