{"id":40424,"date":"2022-11-14T13:11:54","date_gmt":"2022-11-14T12:11:54","guid":{"rendered":"https:\/\/kgerad.de\/?post_type=product&#038;p=40424"},"modified":"2023-08-11T12:56:42","modified_gmt":"2023-08-11T10:56:42","slug":"e-bike-manufaktur-13zehn-cross-wave-performance-cx-gen4-625wh-braun","status":"publish","type":"product","link":"https:\/\/kgerad.de\/en\/product\/e-bike-manufaktur-13zehn-cross-wave-performance-cx-gen4-625wh-braun\/","title":{"rendered":"e-bike manufaktur 13ZEHN Cross Wave Performance CX Gen4 625Wh braun"},"content":{"rendered":"<h2 class=\"product-name cyc-typo_display-3 cyc-margin_bottom-1 cyc-no-texttransform js-productName\">e-bike manufaktur 13ZEHN Cross Wave Performance CX Gen4 625Wh braun<\/h2>\n<h3><strong><span class=\"seo-cat\">Trekking E-Bikes &amp; Pedelecs der e-bike manufaktur:\u00a0<\/span><\/strong><\/h3>\n<h3>Komfort-Crosser<\/h3>\n<p>Wer ein Trekking-Bike e-bike manufaktur 13ZEHN Cross mit Tiefeinstieg und erstklassigen Offroad-Eigenschaften sucht, der findet im 13ZEHN CROSS einen Premium-Begleiter f\u00fcr Asphalt und Gel\u00e4nde. Herzst\u00fcck des 13ZEHN CROSS in mattem Goldbraun ist der neuen High-End-Antrieb der BOSCH Performance Line CX (4. Generation) mit einem vollintegrierten 625 Wh-Akku.<\/p>\n<p>Dank bew\u00e4hrt zuverl\u00e4ssiger Komponenten besticht das komfortable Trekking-E-Bike mit herausragender Alltagstauglichkeit. Ausgew\u00e4hlte MTB-Komponenten sorgen f\u00fcr das CROSS im Namen dieses Modells: Shimano Deore XT, Sch\u00fcrmann YAK25 Felgen, Vorbau und MTB-Lenker von Humpert, MTB-Bereifung Schwalbe Marathon Plus u.v.m.<\/p>\n<p><strong>Shimano Deore XT Shadow+ 11-fach<\/strong><br \/>\nRobust und bew\u00e4hrt \u2013 mit einer \u00dcbersetzungsbandbreite von nahezu 400% bietet das XT 11-Gang Schaltwerk in der schmalen Shadow plus-Ausf\u00fchrung samtweiche, pr\u00e4szise Schaltvorg\u00e4nge an jedem Anstieg und in jedem Terrain.<\/p>\n<p><strong>BOSCH Performance Line CX &#8211; Powerpaket<\/strong><br \/>\nSportlich, agil, druckvoll \u2013 die BOSCH Performance Line CX bietet dynamische Power und perfekte Kontrolle. Ein max. Drehmoment von 85 Nm, der 625 Wh Akku und die Extended Boost-Funktion sorgen f\u00fcr ein kraftvolles Antriebspaket. Dabei ist der leichte, kompakte Antrieb perfekt vor Steinschlag und Spritzwasser gesch\u00fctzt.<\/p>\n<p><strong>Nyon Display \u2013 E-Bike Connectivity<\/strong><br \/>\nSmart, intuitiv, vernetzt \u2013 robust und perfekt ablesbbar punktet das 3,2&#8243; Farb-Touchdisplay mit cleverer Navigation. Zudem wird das Top-Display von Bosch per eBike Connect-App f\u00fcr Smartphones zum vernetzten All-In-One-Bordcomputer.<\/p>\n<h3 class=\"size-40\">SPEZIFIKATIONEN<\/h3>\n<table class=\"attributes\">\n<tbody>\n<tr>\n<th id=\"attrTitle_1\"><strong>Gewicht<\/strong><\/th>\n<td id=\"attrValue_1\">28.84<\/td>\n<\/tr>\n<tr>\n<th id=\"attrTitle_2\"><strong>Farbe<\/strong><\/th>\n<td id=\"attrValue_2\">goldbraun matt<\/td>\n<\/tr>\n<tr>\n<th id=\"attrTitle_3\"><strong>Rahmenform<\/strong><\/th>\n<td id=\"attrValue_3\">Wave<\/td>\n<\/tr>\n<tr>\n<th id=\"attrTitle_4\"><strong>Durchmesser Scheibenbremse vorn<\/strong><\/th>\n<td id=\"attrValue_4\">180.00<\/td>\n<\/tr>\n<tr>\n<th id=\"attrTitle_5\"><strong>Ganganzahl<\/strong><\/th>\n<td id=\"attrValue_5\">11<\/td>\n<\/tr>\n<tr>\n<th id=\"attrTitle_6\"><strong>Federweg in mm<\/strong><\/th>\n<td id=\"attrValue_6\">100.00<\/td>\n<\/tr>\n<tr>\n<th id=\"attrTitle_7\"><strong>Durchmesser Scheibenbremse hinten<\/strong><\/th>\n<td id=\"attrValue_7\">180.00<\/td>\n<\/tr>\n<tr>\n<th id=\"attrTitle_8\"><strong>Motorposition<\/strong><\/th>\n<td id=\"attrValue_8\">Mittelmotor<\/td>\n<\/tr>\n<tr>\n<th id=\"attrTitle_9\"><strong>Gabelhersteller<\/strong><\/th>\n<td id=\"attrValue_9\">SR Suntour<\/td>\n<\/tr>\n<tr>\n<th id=\"attrTitle_10\"><strong>Akkuposition<\/strong><\/th>\n<td id=\"attrValue_10\">intube<\/td>\n<\/tr>\n<tr>\n<th id=\"attrTitle_11\"><strong>Federung<\/strong><\/th>\n<td id=\"attrValue_11\">gefedert<\/td>\n<\/tr>\n<tr>\n<th id=\"attrTitle_12\"><strong>Schaltart<\/strong><\/th>\n<td id=\"attrValue_12\">Nabenschaltung<\/td>\n<\/tr>\n<tr>\n<th id=\"attrTitle_13\"><strong>Bremssystem<\/strong><\/th>\n<td id=\"attrValue_13\">Scheibenbremse<\/td>\n<\/tr>\n<tr>\n<th id=\"attrTitle_14\"><strong>Rahmenmaterial<\/strong><\/th>\n<td id=\"attrValue_14\">Aluminium<\/td>\n<\/tr>\n<tr>\n<th id=\"attrTitle_15\"><strong>Schaltung<\/strong><\/th>\n<td id=\"attrValue_15\">Shimano Deore BR-MT410 (180 mm)<\/td>\n<\/tr>\n<tr>\n<th id=\"attrTitle_16\"><strong>Beleuchtung<\/strong><\/th>\n<td id=\"attrValue_16\">Busch &amp; M\u00fcller IQ-XS-E, 70 LUX mit Standlicht<\/td>\n<\/tr>\n<tr>\n<th id=\"attrTitle_17\"><strong>Motorart<\/strong><\/th>\n<td id=\"attrValue_17\">Bosch Performance Line CX, Gen. 4, 36 Mittelmotor, 250 Watt<\/td>\n<\/tr>\n<tr>\n<th id=\"attrTitle_18\"><strong>Pedale<\/strong><\/th>\n<td id=\"attrValue_18\">Marwi SP-823<\/td>\n<\/tr>\n<tr>\n<th id=\"attrTitle_19\"><strong>Gabel<\/strong><\/th>\n<td id=\"attrValue_19\">Suntour Mobie25, 100 mm Federweg mit Lockout-Funktion, 27,5&#8243; Aluminium<\/td>\n<\/tr>\n<tr>\n<th id=\"attrTitle_20\"><strong>Lenker<\/strong><\/th>\n<td id=\"attrValue_20\">Humpert Ergotec Ergob\u00fcgel, 630 mm<\/td>\n<\/tr>\n<tr>\n<th id=\"attrTitle_21\"><strong>Schutzbleche<\/strong><\/th>\n<td id=\"attrValue_21\">Racktime Wingee Aluminium<\/td>\n<\/tr>\n<tr>\n<th id=\"attrTitle_22\"><strong>Schalthebel<\/strong><\/th>\n<td id=\"attrValue_22\">Shimano Deore SL-M5100<\/td>\n<\/tr>\n<tr>\n<th id=\"attrTitle_23\"><strong>Zahnkr\u00e4nze<\/strong><\/th>\n<td id=\"attrValue_23\">Shimano SLX, CS-M7000, 11-46 Z\u00e4hne<\/td>\n<\/tr>\n<tr>\n<th id=\"attrTitle_24\"><strong>Speichen<\/strong><\/th>\n<td id=\"attrValue_24\">Niro 2,0 mm, schwarz<\/td>\n<\/tr>\n<tr>\n<th id=\"attrTitle_25\"><strong>Naben<\/strong><\/th>\n<td id=\"attrValue_25\">Shimano Alivio HB-MT400, Shimano Alivio FH-MT400<\/td>\n<\/tr>\n<tr>\n<th id=\"attrTitle_26\"><strong>Sattelst\u00fctze<\/strong><\/th>\n<td id=\"attrValue_26\">Kind Shock EXA KSP860i, 40 mm Federweg, \u00fcber Lenker-Remote absenkbar<\/td>\n<\/tr>\n<tr>\n<th id=\"attrTitle_27\"><strong>Vorbau<\/strong><\/th>\n<td id=\"attrValue_27\">Humpert Ergotec Octopus 50, winkelverstellbar<\/td>\n<\/tr>\n<tr>\n<th id=\"attrTitle_28\"><strong>St\u00e4nder<\/strong><\/th>\n<td id=\"attrValue_28\">Pletscher Comp Flex, Hinterbaust\u00e4nder<\/td>\n<\/tr>\n<tr>\n<th id=\"attrTitle_29\"><strong>Kurbelsatz<\/strong><\/th>\n<td id=\"attrValue_29\">Miranda Aluminium, 170 mm, KMC Kettenblatt 38 Z\u00e4hne<\/td>\n<\/tr>\n<tr>\n<th id=\"attrTitle_30\"><strong>Felgen<\/strong><\/th>\n<td id=\"attrValue_30\">Sch\u00fcrmann YAK 25 Disc Aluminium Hohlkammer<\/td>\n<\/tr>\n<tr>\n<th id=\"attrTitle_31\"><strong>Sattel<\/strong><\/th>\n<td id=\"attrValue_31\">Selle Royal Essenza<\/td>\n<\/tr>\n<tr>\n<th id=\"attrTitle_32\"><strong>Steuersatz<\/strong><\/th>\n<td id=\"attrValue_32\">Acros AZX-212 R5<\/td>\n<\/tr>\n<tr>\n<th id=\"attrTitle_33\"><strong>R\u00fcckleuchte<\/strong><\/th>\n<td id=\"attrValue_33\">Busch &amp; M\u00fcller Shine Evo LED, mit Standlicht<\/td>\n<\/tr>\n<tr>\n<th id=\"attrTitle_34\"><strong>Griffe<\/strong><\/th>\n<td id=\"attrValue_34\">Ergon GP1, mit Schraubklemmung<\/td>\n<\/tr>\n<tr>\n<th id=\"attrTitle_35\"><strong>Gep\u00e4cktr\u00e4ger<\/strong><\/th>\n<td id=\"attrValue_35\">in Rahmen integriert, mit Racktime System, mit Federklappe \/ Frontgep\u00e4cktr\u00e4ger<\/td>\n<\/tr>\n<tr>\n<th id=\"attrTitle_36\"><strong>Bremshebel<\/strong><\/th>\n<td id=\"attrValue_36\">Shimano Deore BL-M4100<\/td>\n<\/tr>\n<tr>\n<th id=\"attrTitle_37\"><strong>Display<\/strong><\/th>\n<td id=\"attrValue_37\">Bosch Intuvia<\/td>\n<\/tr>\n<tr>\n<th id=\"attrTitle_38\"><strong>Kette<\/strong><\/th>\n<td id=\"attrValue_38\">KMC E11 EPT<\/td>\n<\/tr>\n<tr>\n<th id=\"attrTitle_39\"><strong>Akkuleistung (Wh)<\/strong><\/th>\n<td id=\"attrValue_39\">625<\/td>\n<\/tr>\n<tr>\n<th id=\"attrTitle_40\"><strong>Akku<\/strong><\/th>\n<td id=\"attrValue_40\">Bosch Rahmenakku vollintegriert, Lithium Ionen<\/td>\n<\/tr>\n<tr>\n<th id=\"attrTitle_41\"><strong>Modelljahr<\/strong><\/th>\n<td id=\"attrValue_41\">2021<\/td>\n<\/tr>\n<tr>\n<th id=\"attrTitle_42\"><strong>Kategorie<\/strong><\/th>\n<td id=\"attrValue_42\">E-Bikes \/ Pedelecs \/ E-Bike Cross<\/td>\n<\/tr>\n<tr>\n<th id=\"attrTitle_43\"><strong>Zustand<\/strong><\/th>\n<td id=\"attrValue_43\">neu<\/td>\n<\/tr>\n<\/tbody>\n<\/table>","protected":false},"excerpt":{"rendered":"<p>e-bike manufaktur 13ZEHN Cross Wave Performance CX Gen4 625Wh braun Trekking E-Bikes &amp; Pedelecs der e-bike manufaktur:\u00a0 Komfort-Crosser Wer ein<\/p>","protected":false},"featured_media":61767,"comment_status":"open","ping_status":"closed","template":"","meta":[],"product_brand":[],"product_cat":[33,247,320],"product_tag":[],"class_list":{"0":"post-40424","1":"product","2":"type-product","3":"status-publish","4":"has-post-thumbnail","6":"product_cat-e-bike","7":"product_cat-e-bike-trekking","8":"product_cat-e-bikes-2021","9":"pa_marke-e-bike-manufaktur","11":"first","12":"instock","13":"sale","14":"taxable","15":"shipping-taxable","16":"purchasable","17":"product-type-variable"},"yoast_head":"<!-- This site is optimized with the Yoast SEO Premium plugin v20.12 (Yoast SEO v27.1.1) - https:\/\/yoast.com\/product\/yoast-seo-premium-wordpress\/ -->\n<title>e-bike manufaktur 13ZEHN Cross Wave Performance CX Gen4 625Wh braun<\/title>\n<meta name=\"description\" content=\"Entdecken Sie unseren Online-Fahrradladen: Gro\u00dfe Auswahl an Modellen f\u00fcr alle Radsportbegeisterten. Von Rennr\u00e4dern bis zu Mountainbikes - finden Sie heute Ihren perfekten Wegbegleiter!\" \/>\n<meta name=\"robots\" content=\"index, follow, max-snippet:-1, max-image-preview:large, max-video-preview:-1\" \/>\n<link rel=\"canonical\" href=\"https:\/\/kgerad.de\/en\/product\/e-bike-manufaktur-13zehn-cross-wave-performance-cx-gen4-625wh-braun\/\" \/>\n<meta property=\"og:locale\" content=\"en_US\" \/>\n<meta property=\"og:type\" content=\"article\" \/>\n<meta property=\"og:title\" content=\"e-bike manufaktur 13ZEHN Cross Wave Performance CX Gen4 625Wh braun\" \/>\n<meta property=\"og:description\" content=\"Entdecken Sie unseren Online-Fahrradladen: Gro\u00dfe Auswahl an Modellen f\u00fcr alle Radsportbegeisterten. Von Rennr\u00e4dern bis zu Mountainbikes - finden Sie heute Ihren perfekten Wegbegleiter!\" \/>\n<meta property=\"og:url\" content=\"https:\/\/kgerad.de\/en\/product\/e-bike-manufaktur-13zehn-cross-wave-performance-cx-gen4-625wh-braun\/\" \/>\n<meta property=\"og:site_name\" content=\"kgerad.de\" \/>\n<meta property=\"article:modified_time\" content=\"2023-08-11T10:56:42+00:00\" \/>\n<meta property=\"og:image\" content=\"https:\/\/kgerad.de\/wp-content\/uploads\/2023\/06\/e-bike-manufaktur-13zehn-cross-wave-performance-cx-gen4-625wh-gold-brown-matte-1.jpg\" \/>\n\t<meta property=\"og:image:width\" content=\"2400\" \/>\n\t<meta property=\"og:image:height\" content=\"2400\" \/>\n\t<meta property=\"og:image:type\" content=\"image\/jpeg\" \/>\n<meta name=\"twitter:card\" content=\"summary_large_image\" \/>\n<meta name=\"twitter:label1\" content=\"Est. reading time\" \/>\n\t<meta name=\"twitter:data1\" content=\"3 minutes\" \/>\n<script type=\"application\/ld+json\" class=\"yoast-schema-graph\">{\"@context\":\"https:\/\/schema.org\",\"@graph\":[{\"@type\":\"WebPage\",\"@id\":\"https:\/\/kgerad.de\/produkt\/e-bike-manufaktur-13zehn-cross-wave-performance-cx-gen4-625wh-braun\/\",\"url\":\"https:\/\/kgerad.de\/produkt\/e-bike-manufaktur-13zehn-cross-wave-performance-cx-gen4-625wh-braun\/\",\"name\":\"e-bike manufaktur 13ZEHN Cross Wave Performance CX Gen4 625Wh braun\",\"isPartOf\":{\"@id\":\"https:\/\/kgerad.de\/#website\"},\"primaryImageOfPage\":{\"@id\":\"https:\/\/kgerad.de\/produkt\/e-bike-manufaktur-13zehn-cross-wave-performance-cx-gen4-625wh-braun\/#primaryimage\"},\"image\":{\"@id\":\"https:\/\/kgerad.de\/produkt\/e-bike-manufaktur-13zehn-cross-wave-performance-cx-gen4-625wh-braun\/#primaryimage\"},\"thumbnailUrl\":\"https:\/\/kgerad.de\/wp-content\/uploads\/2023\/06\/e-bike-manufaktur-13zehn-cross-wave-performance-cx-gen4-625wh-gold-brown-matte-1.jpg\",\"datePublished\":\"2022-11-14T12:11:54+00:00\",\"dateModified\":\"2023-08-11T10:56:42+00:00\",\"description\":\"Entdecken Sie unseren Online-Fahrradladen: Gro\u00dfe Auswahl an Modellen f\u00fcr alle Radsportbegeisterten. Von Rennr\u00e4dern bis zu Mountainbikes - finden Sie heute Ihren perfekten Wegbegleiter!\",\"breadcrumb\":{\"@id\":\"https:\/\/kgerad.de\/produkt\/e-bike-manufaktur-13zehn-cross-wave-performance-cx-gen4-625wh-braun\/#breadcrumb\"},\"inLanguage\":\"en-US\",\"potentialAction\":[{\"@type\":\"ReadAction\",\"target\":[\"https:\/\/kgerad.de\/produkt\/e-bike-manufaktur-13zehn-cross-wave-performance-cx-gen4-625wh-braun\/\"]}]},{\"@type\":\"ImageObject\",\"inLanguage\":\"en-US\",\"@id\":\"https:\/\/kgerad.de\/produkt\/e-bike-manufaktur-13zehn-cross-wave-performance-cx-gen4-625wh-braun\/#primaryimage\",\"url\":\"https:\/\/kgerad.de\/wp-content\/uploads\/2023\/06\/e-bike-manufaktur-13zehn-cross-wave-performance-cx-gen4-625wh-gold-brown-matte-1.jpg\",\"contentUrl\":\"https:\/\/kgerad.de\/wp-content\/uploads\/2023\/06\/e-bike-manufaktur-13zehn-cross-wave-performance-cx-gen4-625wh-gold-brown-matte-1.jpg\",\"width\":2400,\"height\":2400,\"caption\":\"e-bike manufaktur 13ZEHN Cross Wave Performance CX Gen4 625Wh braun\"},{\"@type\":\"BreadcrumbList\",\"@id\":\"https:\/\/kgerad.de\/produkt\/e-bike-manufaktur-13zehn-cross-wave-performance-cx-gen4-625wh-braun\/#breadcrumb\",\"itemListElement\":[{\"@type\":\"ListItem\",\"position\":1,\"name\":\"Startseite\",\"item\":\"https:\/\/kgerad.de\/\"},{\"@type\":\"ListItem\",\"position\":2,\"name\":\"LADEN\",\"item\":\"https:\/\/kgerad.de\/laden\/\"},{\"@type\":\"ListItem\",\"position\":3,\"name\":\"e-bike manufaktur 13ZEHN Cross Wave Performance CX Gen4 625Wh braun\"}]},{\"@type\":\"WebSite\",\"@id\":\"https:\/\/kgerad.de\/#website\",\"url\":\"https:\/\/kgerad.de\/\",\"name\":\"kgerad.de\",\"description\":\"Treten Sie mit uns ins Abenteuer!\",\"publisher\":{\"@id\":\"https:\/\/kgerad.de\/#organization\"},\"alternateName\":\"MEIN RADLADEN\",\"potentialAction\":[{\"@type\":\"SearchAction\",\"target\":{\"@type\":\"EntryPoint\",\"urlTemplate\":\"https:\/\/kgerad.de\/?s={search_term_string}\"},\"query-input\":{\"@type\":\"PropertyValueSpecification\",\"valueRequired\":true,\"valueName\":\"search_term_string\"}}],\"inLanguage\":\"en-US\"},{\"@type\":\"Organization\",\"@id\":\"https:\/\/kgerad.de\/#organization\",\"name\":\"MEINRADLADEN\",\"alternateName\":\"MEIN RADLADEN\",\"url\":\"https:\/\/kgerad.de\/\",\"logo\":{\"@type\":\"ImageObject\",\"inLanguage\":\"en-US\",\"@id\":\"https:\/\/kgerad.de\/#\/schema\/logo\/image\/\",\"url\":\"https:\/\/kgerad.de\/wp-content\/uploads\/2025\/07\/logo-Whit.svg\",\"contentUrl\":\"https:\/\/kgerad.de\/wp-content\/uploads\/2025\/07\/logo-Whit.svg\",\"width\":1640,\"height\":371,\"caption\":\"MEINRADLADEN\"},\"image\":{\"@id\":\"https:\/\/kgerad.de\/#\/schema\/logo\/image\/\"}}]}<\/script>\n<!-- \/ Yoast SEO Premium plugin. -->","yoast_head_json":{"title":"e-bike manufaktur 13ZEHN Cross Wave Performance CX Gen4 625Wh braun","description":"Entdecken Sie unseren Online-Fahrradladen: Gro\u00dfe Auswahl an Modellen f\u00fcr alle Radsportbegeisterten. Von Rennr\u00e4dern bis zu Mountainbikes - finden Sie heute Ihren perfekten Wegbegleiter!","robots":{"index":"index","follow":"follow","max-snippet":"max-snippet:-1","max-image-preview":"max-image-preview:large","max-video-preview":"max-video-preview:-1"},"canonical":"https:\/\/kgerad.de\/en\/product\/e-bike-manufaktur-13zehn-cross-wave-performance-cx-gen4-625wh-braun\/","og_locale":"en_US","og_type":"article","og_title":"e-bike manufaktur 13ZEHN Cross Wave Performance CX Gen4 625Wh braun","og_description":"Entdecken Sie unseren Online-Fahrradladen: Gro\u00dfe Auswahl an Modellen f\u00fcr alle Radsportbegeisterten. Von Rennr\u00e4dern bis zu Mountainbikes - finden Sie heute Ihren perfekten Wegbegleiter!","og_url":"https:\/\/kgerad.de\/en\/product\/e-bike-manufaktur-13zehn-cross-wave-performance-cx-gen4-625wh-braun\/","og_site_name":"kgerad.de","article_modified_time":"2023-08-11T10:56:42+00:00","og_image":[{"width":2400,"height":2400,"url":"https:\/\/kgerad.de\/wp-content\/uploads\/2023\/06\/e-bike-manufaktur-13zehn-cross-wave-performance-cx-gen4-625wh-gold-brown-matte-1.jpg","type":"image\/jpeg"}],"twitter_card":"summary_large_image","twitter_misc":{"Est. reading time":"3 minutes"},"schema":{"@context":"https:\/\/schema.org","@graph":[{"@type":"WebPage","@id":"https:\/\/kgerad.de\/produkt\/e-bike-manufaktur-13zehn-cross-wave-performance-cx-gen4-625wh-braun\/","url":"https:\/\/kgerad.de\/produkt\/e-bike-manufaktur-13zehn-cross-wave-performance-cx-gen4-625wh-braun\/","name":"e-bike manufaktur 13ZEHN Cross Wave Performance CX Gen4 625Wh braun","isPartOf":{"@id":"https:\/\/kgerad.de\/#website"},"primaryImageOfPage":{"@id":"https:\/\/kgerad.de\/produkt\/e-bike-manufaktur-13zehn-cross-wave-performance-cx-gen4-625wh-braun\/#primaryimage"},"image":{"@id":"https:\/\/kgerad.de\/produkt\/e-bike-manufaktur-13zehn-cross-wave-performance-cx-gen4-625wh-braun\/#primaryimage"},"thumbnailUrl":"https:\/\/kgerad.de\/wp-content\/uploads\/2023\/06\/e-bike-manufaktur-13zehn-cross-wave-performance-cx-gen4-625wh-gold-brown-matte-1.jpg","datePublished":"2022-11-14T12:11:54+00:00","dateModified":"2023-08-11T10:56:42+00:00","description":"Entdecken Sie unseren Online-Fahrradladen: Gro\u00dfe Auswahl an Modellen f\u00fcr alle Radsportbegeisterten. Von Rennr\u00e4dern bis zu Mountainbikes - finden Sie heute Ihren perfekten Wegbegleiter!","breadcrumb":{"@id":"https:\/\/kgerad.de\/produkt\/e-bike-manufaktur-13zehn-cross-wave-performance-cx-gen4-625wh-braun\/#breadcrumb"},"inLanguage":"en-US","potentialAction":[{"@type":"ReadAction","target":["https:\/\/kgerad.de\/produkt\/e-bike-manufaktur-13zehn-cross-wave-performance-cx-gen4-625wh-braun\/"]}]},{"@type":"ImageObject","inLanguage":"en-US","@id":"https:\/\/kgerad.de\/produkt\/e-bike-manufaktur-13zehn-cross-wave-performance-cx-gen4-625wh-braun\/#primaryimage","url":"https:\/\/kgerad.de\/wp-content\/uploads\/2023\/06\/e-bike-manufaktur-13zehn-cross-wave-performance-cx-gen4-625wh-gold-brown-matte-1.jpg","contentUrl":"https:\/\/kgerad.de\/wp-content\/uploads\/2023\/06\/e-bike-manufaktur-13zehn-cross-wave-performance-cx-gen4-625wh-gold-brown-matte-1.jpg","width":2400,"height":2400,"caption":"e-bike manufaktur 13ZEHN Cross Wave Performance CX Gen4 625Wh braun"},{"@type":"BreadcrumbList","@id":"https:\/\/kgerad.de\/produkt\/e-bike-manufaktur-13zehn-cross-wave-performance-cx-gen4-625wh-braun\/#breadcrumb","itemListElement":[{"@type":"ListItem","position":1,"name":"Startseite","item":"https:\/\/kgerad.de\/"},{"@type":"ListItem","position":2,"name":"LADEN","item":"https:\/\/kgerad.de\/laden\/"},{"@type":"ListItem","position":3,"name":"e-bike manufaktur 13ZEHN Cross Wave Performance CX Gen4 625Wh braun"}]},{"@type":"WebSite","@id":"https:\/\/kgerad.de\/#website","url":"https:\/\/kgerad.de\/","name":"kgerad.de","description":"Treten Sie mit uns ins Abenteuer!","publisher":{"@id":"https:\/\/kgerad.de\/#organization"},"alternateName":"MEIN RADLADEN","potentialAction":[{"@type":"SearchAction","target":{"@type":"EntryPoint","urlTemplate":"https:\/\/kgerad.de\/?s={search_term_string}"},"query-input":{"@type":"PropertyValueSpecification","valueRequired":true,"valueName":"search_term_string"}}],"inLanguage":"en-US"},{"@type":"Organization","@id":"https:\/\/kgerad.de\/#organization","name":"MEINRADLADEN","alternateName":"MEIN RADLADEN","url":"https:\/\/kgerad.de\/","logo":{"@type":"ImageObject","inLanguage":"en-US","@id":"https:\/\/kgerad.de\/#\/schema\/logo\/image\/","url":"https:\/\/kgerad.de\/wp-content\/uploads\/2025\/07\/logo-Whit.svg","contentUrl":"https:\/\/kgerad.de\/wp-content\/uploads\/2025\/07\/logo-Whit.svg","width":1640,"height":371,"caption":"MEINRADLADEN"},"image":{"@id":"https:\/\/kgerad.de\/#\/schema\/logo\/image\/"}}]}},"_links":{"self":[{"href":"https:\/\/kgerad.de\/en\/wp-json\/wp\/v2\/product\/40424","targetHints":{"allow":["GET"]}}],"collection":[{"href":"https:\/\/kgerad.de\/en\/wp-json\/wp\/v2\/product"}],"about":[{"href":"https:\/\/kgerad.de\/en\/wp-json\/wp\/v2\/types\/product"}],"replies":[{"embeddable":true,"href":"https:\/\/kgerad.de\/en\/wp-json\/wp\/v2\/comments?post=40424"}],"version-history":[{"count":1,"href":"https:\/\/kgerad.de\/en\/wp-json\/wp\/v2\/product\/40424\/revisions"}],"predecessor-version":[{"id":79628,"href":"https:\/\/kgerad.de\/en\/wp-json\/wp\/v2\/product\/40424\/revisions\/79628"}],"wp:featuredmedia":[{"embeddable":true,"href":"https:\/\/kgerad.de\/en\/wp-json\/wp\/v2\/media\/61767"}],"wp:attachment":[{"href":"https:\/\/kgerad.de\/en\/wp-json\/wp\/v2\/media?parent=40424"}],"wp:term":[{"taxonomy":"product_brand","embeddable":true,"href":"https:\/\/kgerad.de\/en\/wp-json\/wp\/v2\/product_brand?post=40424"},{"taxonomy":"product_cat","embeddable":true,"href":"https:\/\/kgerad.de\/en\/wp-json\/wp\/v2\/product_cat?post=40424"},{"taxonomy":"product_tag","embeddable":true,"href":"https:\/\/kgerad.de\/en\/wp-json\/wp\/v2\/product_tag?post=40424"}],"curies":[{"name":"wp","href":"https:\/\/api.w.org\/{rel}","templated":true}]}}