{"id":40403,"date":"2022-11-14T12:57:35","date_gmt":"2022-11-14T11:57:35","guid":{"rendered":"https:\/\/kgerad.de\/?post_type=product&#038;p=40403"},"modified":"2023-08-11T12:57:18","modified_gmt":"2023-08-11T10:57:18","slug":"e-bike-manufaktur-15zehn-ext-45km-h-diamant-performance-cx-gen4-1125wh-blau","status":"publish","type":"product","link":"https:\/\/kgerad.de\/en\/product\/e-bike-manufaktur-15zehn-ext-45km-h-diamant-performance-cx-gen4-1125wh-blau\/","title":{"rendered":"e-bike manufaktur 15ZEHN EXT 45km\/h Diamant Performance CX Gen4 1125Wh blau"},"content":{"rendered":"<h2 class=\"product-name cyc-typo_display-3 cyc-margin_bottom-1 cyc-no-texttransform js-productName\">e-bike manufaktur 15ZEHN EXT 45km\/h Diamant Performance CX Gen4 1125Wh blau<\/h2>\n<h3>45km\/h-Kraftpaket mit Reichweite plus<\/h3>\n<p>e-bike manufaktur Weit, weiter, 15ZEHN EXT \u2013 mit diesem Dual-Battery-Modell pr\u00e4sentieren wir erstmals ein 45 km\/h-Pedelec* mit einem BOSCH-Antrieb der Performance Line Speed bei dem beide Akkus komplett im Rahmen integriert sind. Die kraftvolle Drive Unit mit einem max. Drehmoment von 85 Nm sorgt f\u00fcr ein sportliches Fahrgef\u00fchl und ist besonders geeignet f\u00fcr lange Strecken. F\u00fcr das Plus an Sicherheit sorgt die Bremslichtfunktion.<\/p>\n<p>Mit einer Kapazit\u00e4t von 1.125 Wh ist das 15ZEHN EXT 45 KM\/H der perfekte Begleiter f\u00fcr Pendler und ambitionierte Tourenfahrer. Dabei macht die Kombination des sportlich urbanen Diamant-Rahmendesigns mit einer hochwertigen Gesamtausstattung das 15ZEHN EXT zum Premium-Modell unserer Trekking-Serie: Shimano Deore XT 10-Gang Schaltung,180 mm Magura-Scheibenbremsen, eine bullige Schwalbe Super Moto-X Bereifung, integrierter Rahmengep\u00e4cktr\u00e4ger mit Racktime System, Sattel von Selle Royal und Griffe von Ergon.<\/p>\n<p><em>Das Trekking-E-Bike 15ZEHN EXT ist auch als 25km\/h-Pedelec erh\u00e4ltlich.<\/em><\/p>\n<p><strong><em>* Mindestalter 16 Jahre, F\u00fchrerscheinklasse AM, Versicherungs-, Kennzeichen- und Helmpflicht<\/em><\/strong><\/p>\n<h3 class=\"size-40\">SPEZIFIKATIONEN<\/h3>\n<div class=\"widgetBoxBottomRound\">\n<div id=\"attributes\" class=\"ui-tabs-panel ui-widget-content ui-corner-bottom\" role=\"tabpanel\" aria-labelledby=\"ui-id-1\" aria-expanded=\"true\" aria-hidden=\"false\">\n<table class=\"attributes\">\n<tbody>\n<tr>\n<th id=\"attrTitle_1\"><strong>Gewicht<\/strong><\/th>\n<td id=\"attrValue_1\">34.40<\/td>\n<\/tr>\n<tr>\n<th id=\"attrTitle_2\"><strong>Farbe<\/strong><\/th>\n<td id=\"attrValue_2\">blaugrau matt<\/td>\n<\/tr>\n<tr>\n<th id=\"attrTitle_3\"><strong>Rahmenform<\/strong><\/th>\n<td id=\"attrValue_3\">Diamant<\/td>\n<\/tr>\n<tr>\n<th id=\"attrTitle_4\"><strong>Durchmesser Scheibenbremse vorn<\/strong><\/th>\n<td id=\"attrValue_4\">180.00<\/td>\n<\/tr>\n<tr>\n<th id=\"attrTitle_5\"><strong>Ganganzahl<\/strong><\/th>\n<td id=\"attrValue_5\">10<\/td>\n<\/tr>\n<tr>\n<th id=\"attrTitle_6\"><strong>Federweg in mm<\/strong><\/th>\n<td id=\"attrValue_6\">100.00<\/td>\n<\/tr>\n<tr>\n<th id=\"attrTitle_7\"><strong>Durchmesser Scheibenbremse hinten<\/strong><\/th>\n<td id=\"attrValue_7\">180.00<\/td>\n<\/tr>\n<tr>\n<th id=\"attrTitle_8\"><strong>Motorposition<\/strong><\/th>\n<td id=\"attrValue_8\">Mittelmotor<\/td>\n<\/tr>\n<tr>\n<th id=\"attrTitle_9\"><strong>Gabelhersteller<\/strong><\/th>\n<td id=\"attrValue_9\">SR Suntour<\/td>\n<\/tr>\n<tr>\n<th id=\"attrTitle_10\"><strong>Akkuposition<\/strong><\/th>\n<td id=\"attrValue_10\">intube<\/td>\n<\/tr>\n<tr>\n<th id=\"attrTitle_11\"><strong>Federung<\/strong><\/th>\n<td id=\"attrValue_11\">luftgefedert<\/td>\n<\/tr>\n<tr>\n<th id=\"attrTitle_12\"><strong>Schaltart<\/strong><\/th>\n<td id=\"attrValue_12\">Kettenschaltung<\/td>\n<\/tr>\n<tr>\n<th id=\"attrTitle_13\"><strong>Bremssystem<\/strong><\/th>\n<td id=\"attrValue_13\">Scheibenbremse<\/td>\n<\/tr>\n<tr>\n<th id=\"attrTitle_14\"><strong>Rahmenmaterial<\/strong><\/th>\n<td id=\"attrValue_14\">Aluminium<\/td>\n<\/tr>\n<tr>\n<th id=\"attrTitle_15\"><strong>Schaltung<\/strong><\/th>\n<td id=\"attrValue_15\">Magura MT-E (180 mm)<\/td>\n<\/tr>\n<tr>\n<th id=\"attrTitle_16\"><strong>Beleuchtung<\/strong><\/th>\n<td id=\"attrValue_16\">Busch &amp; M\u00fcller Lumotec IQ-X E, 150 LUX mit Standlicht<\/td>\n<\/tr>\n<tr>\n<th id=\"attrTitle_17\"><strong>Motorart<\/strong><\/th>\n<td id=\"attrValue_17\">Bosch Performance Line Speed, Gen. 4, 36 Mittelmotor, 250 Watt<\/td>\n<\/tr>\n<tr>\n<th id=\"attrTitle_18\"><strong>Pedale<\/strong><\/th>\n<td id=\"attrValue_18\">VP-617, Aluminium<\/td>\n<\/tr>\n<tr>\n<th id=\"attrTitle_19\"><strong>Gabel<\/strong><\/th>\n<td id=\"attrValue_19\">Suntour Mobie45 Air, 100 mm Federweg mit Lockout-Funktion, 27,5&#8243; Aluminium<\/td>\n<\/tr>\n<tr>\n<th id=\"attrTitle_20\"><strong>Lenker<\/strong><\/th>\n<td id=\"attrValue_20\">Humpert Ergotec Ergob\u00fcgel, 630 mm<\/td>\n<\/tr>\n<tr>\n<th id=\"attrTitle_21\"><strong>Schutzbleche<\/strong><\/th>\n<td id=\"attrValue_21\">Racktime Wingee Aluminium<\/td>\n<\/tr>\n<tr>\n<th id=\"attrTitle_22\"><strong>Schalthebel<\/strong><\/th>\n<td id=\"attrValue_22\">Shimano Deore SL-M6000, 10-fach<\/td>\n<\/tr>\n<tr>\n<th id=\"attrTitle_23\"><strong>Zahnkr\u00e4nze<\/strong><\/th>\n<td id=\"attrValue_23\">Shimano Deore 11-36 Z\u00e4hne<\/td>\n<\/tr>\n<tr>\n<th id=\"attrTitle_24\"><strong>Speichen<\/strong><\/th>\n<td id=\"attrValue_24\">Niro ED 2,34 mm, schwarz<\/td>\n<\/tr>\n<tr>\n<th id=\"attrTitle_25\"><strong>Naben<\/strong><\/th>\n<td id=\"attrValue_25\">Shimano Alivio HB-MT400, Shimano Alivio FH-MT400<\/td>\n<\/tr>\n<tr>\n<th id=\"attrTitle_26\"><strong>Sattelst\u00fctze<\/strong><\/th>\n<td id=\"attrValue_26\">Humpert Ergotec Skalar, patent, 31,6 mm, 400 mm, safety level 6<\/td>\n<\/tr>\n<tr>\n<th id=\"attrTitle_27\"><strong>Vorbau<\/strong><\/th>\n<td id=\"attrValue_27\">Humpert Ergotec Piranha 2, safety level 6<\/td>\n<\/tr>\n<tr>\n<th id=\"attrTitle_28\"><strong>St\u00e4nder<\/strong><\/th>\n<td id=\"attrValue_28\">Pletscher Comp Flex, Hinterbaust\u00e4nder<\/td>\n<\/tr>\n<tr>\n<th id=\"attrTitle_29\"><strong>Kurbelsatz<\/strong><\/th>\n<td id=\"attrValue_29\">Lasco Aluminium, 170 mm, KMC Kettenblatt 38 Z\u00e4hne<\/td>\n<\/tr>\n<tr>\n<th id=\"attrTitle_30\"><strong>Felgen<\/strong><\/th>\n<td id=\"attrValue_30\">Ryde Andra 40 Disc Aluminium Hohlkammer<\/td>\n<\/tr>\n<tr>\n<th id=\"attrTitle_31\"><strong>Sattel<\/strong><\/th>\n<td id=\"attrValue_31\">Selle Royal Essenza<\/td>\n<\/tr>\n<tr>\n<th id=\"attrTitle_32\"><strong>Steuersatz<\/strong><\/th>\n<td id=\"attrValue_32\">Acros AZX-212, tapered<\/td>\n<\/tr>\n<tr>\n<th id=\"attrTitle_33\"><strong>R\u00fcckleuchte<\/strong><\/th>\n<td id=\"attrValue_33\">Supernova M99, Bremslicht<\/td>\n<\/tr>\n<tr>\n<th id=\"attrTitle_34\"><strong>Griffe<\/strong><\/th>\n<td id=\"attrValue_34\">Ergon GP1, mit Schraubklemmug<\/td>\n<\/tr>\n<tr>\n<th id=\"attrTitle_35\"><strong>Gep\u00e4cktr\u00e4ger<\/strong><\/th>\n<td id=\"attrValue_35\">in Rahmen integriert, mit Racktime System, mit Federklappe<\/td>\n<\/tr>\n<tr>\n<th id=\"attrTitle_36\"><strong>Bremshebel<\/strong><\/th>\n<td id=\"attrValue_36\">Magura MT-E, 3-Finger Bremshebel mit Kugelkopf<\/td>\n<\/tr>\n<tr>\n<th id=\"attrTitle_37\"><strong>Display<\/strong><\/th>\n<td id=\"attrValue_37\">Kiox, Farbdisplay mit Remote, Bluetooth<\/td>\n<\/tr>\n<tr>\n<th id=\"attrTitle_38\"><strong>Kette<\/strong><\/th>\n<td id=\"attrValue_38\">KMC E10 EPT Sport<\/td>\n<\/tr>\n<tr>\n<th id=\"attrTitle_39\"><strong>Akkuleistung (Wh)<\/strong><\/th>\n<td id=\"attrValue_39\">1125<\/td>\n<\/tr>\n<tr>\n<th id=\"attrTitle_40\"><strong>Akku<\/strong><\/th>\n<td id=\"attrValue_40\">Bosch Rahmenakku vollintegriert, Lithium Ionen<\/td>\n<\/tr>\n<tr>\n<th id=\"attrTitle_41\"><strong>Modelljahr<\/strong><\/th>\n<td id=\"attrValue_41\">2021<\/td>\n<\/tr>\n<tr>\n<th id=\"attrTitle_42\"><strong>Kategorie<\/strong><\/th>\n<td id=\"attrValue_42\">Schnelle E-bikes \/ S Pedelecs bis 45km\/h \/ E-Bikes \/ Pedelecs<\/td>\n<\/tr>\n<tr>\n<th id=\"attrTitle_43\"><strong>Zustand<\/strong><\/th>\n<td id=\"attrValue_43\">neu<\/td>\n<\/tr>\n<\/tbody>\n<\/table>\n<\/div>\n<\/div>","protected":false},"excerpt":{"rendered":"<p>e-bike manufaktur 15ZEHN EXT 45km\/h Diamant Performance CX Gen4 1125Wh blau 45km\/h-Kraftpaket mit Reichweite plus e-bike manufaktur Weit, weiter, 15ZEHN<\/p>","protected":false},"featured_media":61757,"comment_status":"open","ping_status":"closed","template":"","meta":[],"product_brand":[],"product_cat":[33,247,320],"product_tag":[],"class_list":{"0":"post-40403","1":"product","2":"type-product","3":"status-publish","4":"has-post-thumbnail","6":"product_cat-e-bike","7":"product_cat-e-bike-trekking","8":"product_cat-e-bikes-2021","9":"pa_marke-e-bike-manufaktur","11":"first","12":"instock","13":"sale","14":"taxable","15":"shipping-taxable","16":"purchasable","17":"product-type-variable"},"yoast_head":"<!-- This site is optimized with the Yoast SEO Premium plugin v20.12 (Yoast SEO v27.1.1) - https:\/\/yoast.com\/product\/yoast-seo-premium-wordpress\/ -->\n<title>e-bike manufaktur 15ZEHN EXT 45km\/h Diamant Performance CX Gen4 1125Wh blau<\/title>\n<meta name=\"description\" content=\"kgerad.de bietet Ihnen das e-bike manufaktur 15ZEHN EXT 45km\/h Diamant Performance CX Gen4 1125Wh blau zum besten Preis mit kostenlosem Versand in ganz Europ\" \/>\n<meta name=\"robots\" content=\"index, follow, max-snippet:-1, max-image-preview:large, max-video-preview:-1\" \/>\n<link rel=\"canonical\" href=\"https:\/\/kgerad.de\/en\/product\/e-bike-manufaktur-15zehn-ext-45km-h-diamant-performance-cx-gen4-1125wh-blau\/\" \/>\n<meta property=\"og:locale\" content=\"en_US\" \/>\n<meta property=\"og:type\" content=\"article\" \/>\n<meta property=\"og:title\" content=\"e-bike manufaktur 15ZEHN EXT 45km\/h Diamant Performance CX Gen4 1125Wh blau\" \/>\n<meta property=\"og:description\" content=\"Entdecken Sie unseren Online-Fahrradladen: Gro\u00dfe Auswahl an Modellen f\u00fcr alle Radsportbegeisterten. Von Rennr\u00e4dern bis zu Mountainbikes - finden Sie heute Ihren perfekten Wegbegleiter!\" \/>\n<meta property=\"og:url\" content=\"https:\/\/kgerad.de\/en\/product\/e-bike-manufaktur-15zehn-ext-45km-h-diamant-performance-cx-gen4-1125wh-blau\/\" \/>\n<meta property=\"og:site_name\" content=\"kgerad.de\" \/>\n<meta property=\"article:modified_time\" content=\"2023-08-11T10:57:18+00:00\" \/>\n<meta property=\"og:image\" content=\"https:\/\/kgerad.de\/wp-content\/uploads\/2023\/06\/e-bike-manufaktur-15zehn-ext-45km-h-diamond-performance-cx-gen4-1125wh-blue-grey-matte-1.jpg\" \/>\n\t<meta property=\"og:image:width\" content=\"2400\" \/>\n\t<meta property=\"og:image:height\" content=\"2400\" \/>\n\t<meta property=\"og:image:type\" content=\"image\/jpeg\" \/>\n<meta name=\"twitter:card\" content=\"summary_large_image\" \/>\n<meta name=\"twitter:label1\" content=\"Est. reading time\" \/>\n\t<meta name=\"twitter:data1\" content=\"3 minutes\" \/>\n<script type=\"application\/ld+json\" class=\"yoast-schema-graph\">{\"@context\":\"https:\/\/schema.org\",\"@graph\":[{\"@type\":\"WebPage\",\"@id\":\"https:\/\/kgerad.de\/produkt\/e-bike-manufaktur-15zehn-ext-45km-h-diamant-performance-cx-gen4-1125wh-blau\/\",\"url\":\"https:\/\/kgerad.de\/produkt\/e-bike-manufaktur-15zehn-ext-45km-h-diamant-performance-cx-gen4-1125wh-blau\/\",\"name\":\"e-bike manufaktur 15ZEHN EXT 45km\/h Diamant Performance CX Gen4 1125Wh blau\",\"isPartOf\":{\"@id\":\"https:\/\/kgerad.de\/#website\"},\"primaryImageOfPage\":{\"@id\":\"https:\/\/kgerad.de\/produkt\/e-bike-manufaktur-15zehn-ext-45km-h-diamant-performance-cx-gen4-1125wh-blau\/#primaryimage\"},\"image\":{\"@id\":\"https:\/\/kgerad.de\/produkt\/e-bike-manufaktur-15zehn-ext-45km-h-diamant-performance-cx-gen4-1125wh-blau\/#primaryimage\"},\"thumbnailUrl\":\"https:\/\/kgerad.de\/wp-content\/uploads\/2023\/06\/e-bike-manufaktur-15zehn-ext-45km-h-diamond-performance-cx-gen4-1125wh-blue-grey-matte-1.jpg\",\"datePublished\":\"2022-11-14T11:57:35+00:00\",\"dateModified\":\"2023-08-11T10:57:18+00:00\",\"description\":\"kgerad.de bietet Ihnen das e-bike manufaktur 15ZEHN EXT 45km\/h Diamant Performance CX Gen4 1125Wh blau zum besten Preis mit kostenlosem Versand in ganz Europ\",\"breadcrumb\":{\"@id\":\"https:\/\/kgerad.de\/produkt\/e-bike-manufaktur-15zehn-ext-45km-h-diamant-performance-cx-gen4-1125wh-blau\/#breadcrumb\"},\"inLanguage\":\"en-US\",\"potentialAction\":[{\"@type\":\"ReadAction\",\"target\":[\"https:\/\/kgerad.de\/produkt\/e-bike-manufaktur-15zehn-ext-45km-h-diamant-performance-cx-gen4-1125wh-blau\/\"]}]},{\"@type\":\"ImageObject\",\"inLanguage\":\"en-US\",\"@id\":\"https:\/\/kgerad.de\/produkt\/e-bike-manufaktur-15zehn-ext-45km-h-diamant-performance-cx-gen4-1125wh-blau\/#primaryimage\",\"url\":\"https:\/\/kgerad.de\/wp-content\/uploads\/2023\/06\/e-bike-manufaktur-15zehn-ext-45km-h-diamond-performance-cx-gen4-1125wh-blue-grey-matte-1.jpg\",\"contentUrl\":\"https:\/\/kgerad.de\/wp-content\/uploads\/2023\/06\/e-bike-manufaktur-15zehn-ext-45km-h-diamond-performance-cx-gen4-1125wh-blue-grey-matte-1.jpg\",\"width\":2400,\"height\":2400,\"caption\":\"e-bike manufaktur 15ZEHN EXT 45km\/h Diamant Performance CX Gen4 1125Wh blau\"},{\"@type\":\"BreadcrumbList\",\"@id\":\"https:\/\/kgerad.de\/produkt\/e-bike-manufaktur-15zehn-ext-45km-h-diamant-performance-cx-gen4-1125wh-blau\/#breadcrumb\",\"itemListElement\":[{\"@type\":\"ListItem\",\"position\":1,\"name\":\"Startseite\",\"item\":\"https:\/\/kgerad.de\/\"},{\"@type\":\"ListItem\",\"position\":2,\"name\":\"LADEN\",\"item\":\"https:\/\/kgerad.de\/laden\/\"},{\"@type\":\"ListItem\",\"position\":3,\"name\":\"e-bike manufaktur 15ZEHN EXT 45km\/h Diamant Performance CX Gen4 1125Wh blau\"}]},{\"@type\":\"WebSite\",\"@id\":\"https:\/\/kgerad.de\/#website\",\"url\":\"https:\/\/kgerad.de\/\",\"name\":\"kgerad.de\",\"description\":\"Treten Sie mit uns ins Abenteuer!\",\"publisher\":{\"@id\":\"https:\/\/kgerad.de\/#organization\"},\"alternateName\":\"MEIN RADLADEN\",\"potentialAction\":[{\"@type\":\"SearchAction\",\"target\":{\"@type\":\"EntryPoint\",\"urlTemplate\":\"https:\/\/kgerad.de\/?s={search_term_string}\"},\"query-input\":{\"@type\":\"PropertyValueSpecification\",\"valueRequired\":true,\"valueName\":\"search_term_string\"}}],\"inLanguage\":\"en-US\"},{\"@type\":\"Organization\",\"@id\":\"https:\/\/kgerad.de\/#organization\",\"name\":\"MEINRADLADEN\",\"alternateName\":\"MEIN RADLADEN\",\"url\":\"https:\/\/kgerad.de\/\",\"logo\":{\"@type\":\"ImageObject\",\"inLanguage\":\"en-US\",\"@id\":\"https:\/\/kgerad.de\/#\/schema\/logo\/image\/\",\"url\":\"https:\/\/kgerad.de\/wp-content\/uploads\/2025\/07\/logo-Whit.svg\",\"contentUrl\":\"https:\/\/kgerad.de\/wp-content\/uploads\/2025\/07\/logo-Whit.svg\",\"width\":1640,\"height\":371,\"caption\":\"MEINRADLADEN\"},\"image\":{\"@id\":\"https:\/\/kgerad.de\/#\/schema\/logo\/image\/\"}}]}<\/script>\n<!-- \/ Yoast SEO Premium plugin. -->","yoast_head_json":{"title":"e-bike manufaktur 15ZEHN EXT 45km\/h Diamant Performance CX Gen4 1125Wh blau","description":"kgerad.de bietet Ihnen das e-bike manufaktur 15ZEHN EXT 45km\/h Diamant Performance CX Gen4 1125Wh blau zum besten Preis mit kostenlosem Versand in ganz Europ","robots":{"index":"index","follow":"follow","max-snippet":"max-snippet:-1","max-image-preview":"max-image-preview:large","max-video-preview":"max-video-preview:-1"},"canonical":"https:\/\/kgerad.de\/en\/product\/e-bike-manufaktur-15zehn-ext-45km-h-diamant-performance-cx-gen4-1125wh-blau\/","og_locale":"en_US","og_type":"article","og_title":"e-bike manufaktur 15ZEHN EXT 45km\/h Diamant Performance CX Gen4 1125Wh blau","og_description":"Entdecken Sie unseren Online-Fahrradladen: Gro\u00dfe Auswahl an Modellen f\u00fcr alle Radsportbegeisterten. Von Rennr\u00e4dern bis zu Mountainbikes - finden Sie heute Ihren perfekten Wegbegleiter!","og_url":"https:\/\/kgerad.de\/en\/product\/e-bike-manufaktur-15zehn-ext-45km-h-diamant-performance-cx-gen4-1125wh-blau\/","og_site_name":"kgerad.de","article_modified_time":"2023-08-11T10:57:18+00:00","og_image":[{"width":2400,"height":2400,"url":"https:\/\/kgerad.de\/wp-content\/uploads\/2023\/06\/e-bike-manufaktur-15zehn-ext-45km-h-diamond-performance-cx-gen4-1125wh-blue-grey-matte-1.jpg","type":"image\/jpeg"}],"twitter_card":"summary_large_image","twitter_misc":{"Est. reading time":"3 minutes"},"schema":{"@context":"https:\/\/schema.org","@graph":[{"@type":"WebPage","@id":"https:\/\/kgerad.de\/produkt\/e-bike-manufaktur-15zehn-ext-45km-h-diamant-performance-cx-gen4-1125wh-blau\/","url":"https:\/\/kgerad.de\/produkt\/e-bike-manufaktur-15zehn-ext-45km-h-diamant-performance-cx-gen4-1125wh-blau\/","name":"e-bike manufaktur 15ZEHN EXT 45km\/h Diamant Performance CX Gen4 1125Wh blau","isPartOf":{"@id":"https:\/\/kgerad.de\/#website"},"primaryImageOfPage":{"@id":"https:\/\/kgerad.de\/produkt\/e-bike-manufaktur-15zehn-ext-45km-h-diamant-performance-cx-gen4-1125wh-blau\/#primaryimage"},"image":{"@id":"https:\/\/kgerad.de\/produkt\/e-bike-manufaktur-15zehn-ext-45km-h-diamant-performance-cx-gen4-1125wh-blau\/#primaryimage"},"thumbnailUrl":"https:\/\/kgerad.de\/wp-content\/uploads\/2023\/06\/e-bike-manufaktur-15zehn-ext-45km-h-diamond-performance-cx-gen4-1125wh-blue-grey-matte-1.jpg","datePublished":"2022-11-14T11:57:35+00:00","dateModified":"2023-08-11T10:57:18+00:00","description":"kgerad.de bietet Ihnen das e-bike manufaktur 15ZEHN EXT 45km\/h Diamant Performance CX Gen4 1125Wh blau zum besten Preis mit kostenlosem Versand in ganz Europ","breadcrumb":{"@id":"https:\/\/kgerad.de\/produkt\/e-bike-manufaktur-15zehn-ext-45km-h-diamant-performance-cx-gen4-1125wh-blau\/#breadcrumb"},"inLanguage":"en-US","potentialAction":[{"@type":"ReadAction","target":["https:\/\/kgerad.de\/produkt\/e-bike-manufaktur-15zehn-ext-45km-h-diamant-performance-cx-gen4-1125wh-blau\/"]}]},{"@type":"ImageObject","inLanguage":"en-US","@id":"https:\/\/kgerad.de\/produkt\/e-bike-manufaktur-15zehn-ext-45km-h-diamant-performance-cx-gen4-1125wh-blau\/#primaryimage","url":"https:\/\/kgerad.de\/wp-content\/uploads\/2023\/06\/e-bike-manufaktur-15zehn-ext-45km-h-diamond-performance-cx-gen4-1125wh-blue-grey-matte-1.jpg","contentUrl":"https:\/\/kgerad.de\/wp-content\/uploads\/2023\/06\/e-bike-manufaktur-15zehn-ext-45km-h-diamond-performance-cx-gen4-1125wh-blue-grey-matte-1.jpg","width":2400,"height":2400,"caption":"e-bike manufaktur 15ZEHN EXT 45km\/h Diamant Performance CX Gen4 1125Wh blau"},{"@type":"BreadcrumbList","@id":"https:\/\/kgerad.de\/produkt\/e-bike-manufaktur-15zehn-ext-45km-h-diamant-performance-cx-gen4-1125wh-blau\/#breadcrumb","itemListElement":[{"@type":"ListItem","position":1,"name":"Startseite","item":"https:\/\/kgerad.de\/"},{"@type":"ListItem","position":2,"name":"LADEN","item":"https:\/\/kgerad.de\/laden\/"},{"@type":"ListItem","position":3,"name":"e-bike manufaktur 15ZEHN EXT 45km\/h Diamant Performance CX Gen4 1125Wh blau"}]},{"@type":"WebSite","@id":"https:\/\/kgerad.de\/#website","url":"https:\/\/kgerad.de\/","name":"kgerad.de","description":"Treten Sie mit uns ins Abenteuer!","publisher":{"@id":"https:\/\/kgerad.de\/#organization"},"alternateName":"MEIN RADLADEN","potentialAction":[{"@type":"SearchAction","target":{"@type":"EntryPoint","urlTemplate":"https:\/\/kgerad.de\/?s={search_term_string}"},"query-input":{"@type":"PropertyValueSpecification","valueRequired":true,"valueName":"search_term_string"}}],"inLanguage":"en-US"},{"@type":"Organization","@id":"https:\/\/kgerad.de\/#organization","name":"MEINRADLADEN","alternateName":"MEIN RADLADEN","url":"https:\/\/kgerad.de\/","logo":{"@type":"ImageObject","inLanguage":"en-US","@id":"https:\/\/kgerad.de\/#\/schema\/logo\/image\/","url":"https:\/\/kgerad.de\/wp-content\/uploads\/2025\/07\/logo-Whit.svg","contentUrl":"https:\/\/kgerad.de\/wp-content\/uploads\/2025\/07\/logo-Whit.svg","width":1640,"height":371,"caption":"MEINRADLADEN"},"image":{"@id":"https:\/\/kgerad.de\/#\/schema\/logo\/image\/"}}]}},"_links":{"self":[{"href":"https:\/\/kgerad.de\/en\/wp-json\/wp\/v2\/product\/40403","targetHints":{"allow":["GET"]}}],"collection":[{"href":"https:\/\/kgerad.de\/en\/wp-json\/wp\/v2\/product"}],"about":[{"href":"https:\/\/kgerad.de\/en\/wp-json\/wp\/v2\/types\/product"}],"replies":[{"embeddable":true,"href":"https:\/\/kgerad.de\/en\/wp-json\/wp\/v2\/comments?post=40403"}],"version-history":[{"count":1,"href":"https:\/\/kgerad.de\/en\/wp-json\/wp\/v2\/product\/40403\/revisions"}],"predecessor-version":[{"id":79630,"href":"https:\/\/kgerad.de\/en\/wp-json\/wp\/v2\/product\/40403\/revisions\/79630"}],"wp:featuredmedia":[{"embeddable":true,"href":"https:\/\/kgerad.de\/en\/wp-json\/wp\/v2\/media\/61757"}],"wp:attachment":[{"href":"https:\/\/kgerad.de\/en\/wp-json\/wp\/v2\/media?parent=40403"}],"wp:term":[{"taxonomy":"product_brand","embeddable":true,"href":"https:\/\/kgerad.de\/en\/wp-json\/wp\/v2\/product_brand?post=40403"},{"taxonomy":"product_cat","embeddable":true,"href":"https:\/\/kgerad.de\/en\/wp-json\/wp\/v2\/product_cat?post=40403"},{"taxonomy":"product_tag","embeddable":true,"href":"https:\/\/kgerad.de\/en\/wp-json\/wp\/v2\/product_tag?post=40403"}],"curies":[{"name":"wp","href":"https:\/\/api.w.org\/{rel}","templated":true}]}}