{"id":40366,"date":"2022-11-14T12:25:27","date_gmt":"2022-11-14T11:25:27","guid":{"rendered":"https:\/\/kgerad.de\/?post_type=product&#038;p=40366"},"modified":"2023-08-11T12:58:48","modified_gmt":"2023-08-11T10:58:48","slug":"mondraker-chrono-carbon","status":"publish","type":"product","link":"https:\/\/kgerad.de\/en\/product\/mondraker-chrono-carbon\/","title":{"rendered":"Mondraker CHRONO CARBON"},"content":{"rendered":"<h2 class=\"content--title\"><strong>Mondraker<\/strong>\u00a0CHRONO CARBON<\/h2>\n<p class=\"product--description\">Das Cross Country Hardtail der spanischen Highend-Radmanufaktur Mondraker CHRONO CARBON \u00fcberzeugt auf Anhieb mit leichtem CHRONO Carbon-Rahmen, moderner Geometrie und ausgew\u00e4hlten Komponenten. Bei XC-Rennen oder auf der schnellen Feierabendrunde besticht das RockShox-Fahrwerk mit Judy Gold RL Federgabel und sorgt f\u00fcr volle Kontrolle auch auf den h\u00e4rtesten Strecken.<\/p>\n<hr \/>\n<h3>Features &#8211; MONDRAKER CHRONO CARBON<\/h3>\n<p>Der auff\u00e4llige, stabile und richtig steife Carbon-Rahmen besticht nicht nur durch Komfort und Design, sondern kommt auch mit der innovativen Mondraker Forward Geometry: der l\u00e4ngere Reach, der durch das verl\u00e4ngerte Oberrohr entsteht, erm\u00f6glicht einen l\u00e4ngeren Radstand, was mehr Kontrolle und Souver\u00e4nit\u00e4t verspricht. Der Fahrer r\u00fcckt weiter vom Vorderrad weg, weshalb der Vorbau sehr kurz ausf\u00e4llt.\u00a0 SRAM-Bremsen mit 160 mm Bremsscheibe vorne wie hinten verz\u00f6gern auch bei harten Abfahrten extrem gut ohne nachzulassen. Die SRAM SX Eagle Kurbel mit 34 Z\u00e4hnen und die SRAM Eagle 12-fach Kassette decken eine gro\u00dfe Bandbreite ab, so dass auch die steilsten Trails zu bezwingen sind. Die 29\u201c Maxxis Ikon Reifen sorgen f\u00fcr besten Kontakt zum Gel\u00e4nde.<\/p>\n<hr \/>\n<h3>Technologien<\/h3>\n<p><strong>STEALTH CARBON<\/strong><br \/>\nDie Stealth-Carbon-Technologie, die sich stetig weiterentwickelt, \u00fcbertr\u00e4gt die gesamte Erfahrung aus der Herstellung von Aluminiumrahmen auf Premium-Carbonrahmen und erf\u00fcllt so alle Anforderungen an Innovation, Spitzenqualit\u00e4t, Minimalgewicht und Stabilit\u00e4t. Das Aufbringen der Carbonfaser-Schichten ist eine Schl\u00fcsseltechnologie, bei der die unterschiedlichen Fasern f\u00fcr jeden Bike-Typ und jedes Modell positioniert und ausgerichtet werden. Das Ergebnis ist ein Rahmen mit dem bestm\u00f6glichen Verh\u00e4ltnis aus Stabilit\u00e4t, struktureller Steifigkeit, Sto\u00dfd\u00e4mpfung und Leichtigkeit sowie au\u00dfergew\u00f6hnlicher Zuverl\u00e4ssigkeit und einem sehr ansprechenden und einzigartigen, hundertprozentigen Mondraker-Look.<\/p>\n<p><strong>FORWARD GEOMETRY<\/strong><br \/>\nMondrakers propriet\u00e4re Forward Geometry ist bis heute technologisch einzigartig und f\u00fchrend. Sie hat bewiesen, dass sie die Geometriereferenz f\u00fcr heutige High-End-Performance Mountainbikes ist.<\/p>\n<p>Die entscheidenden Vorteile der Forward Geometry sind eine erh\u00f6hte Sicherheit und ein gr\u00f6\u00dferes Zutrauen beim Fahren von steilen Abfahrten \u2013 auch bei hohen Geschwindigkeiten; ein reaktiveres, pr\u00e4ziseres und direkteres Handling; h\u00f6here Uphill-Pr\u00e4zision und mehr Stabilit\u00e4t auf technischen und rauen Terrains dank besserem Grip und insgesamt verbesserter Kontrolle. In dieser Saison bieten wir dir die gr\u00f6\u00dfte Auswahl an FG-Modellen.<\/p>\n<p>Basierend auf einer Geometrie mit l\u00e4ngerem Reach und l\u00e4ngeren Oberrohren, ist die Sitzposition mit FG30-Vorbau (30 mm) perfekt ausbalanciert f\u00fcr jedes Bike-Modell und jeden Einsatzzweck. Die Extra-Verl\u00e4ngerung des Oberrohrs wird bei allen FG-Modellen und jeder Rahmengr\u00f6\u00dfe mit unserem patentierten FG30-Vorbau ausgeglichen. Der Front-Mitte-Abstand vergr\u00f6\u00dfert sich und bewirkt ein verl\u00e4ssliches Fahrverhalten, das dich schneller und leichter fahren l\u00e4sst und noch mehr Fahrspa\u00df bietet.<\/p>\n<h2>Ausstattung<\/h2>\n<div class=\"product--properties panel has--border\">\n<table class=\"product--properties-table\">\n<tbody>\n<tr class=\"product--properties-row row1\">\n<td class=\"product--properties-label is--bold\">Rahmen:<\/td>\n<td class=\"product--properties-value\">Chrono 29 Stealth full Carbon, XC Forward Geometry, 73mm BSA bottom bracket, tapered head tube, HHG Internal Cable routing, Boost 12x148mm rear axle, Comfort Flat chainstays (Flatstays) design<\/td>\n<\/tr>\n<tr class=\"product--properties-row row2\">\n<td class=\"product--properties-label is--bold\">Rahmenmaterial:<\/td>\n<td class=\"product--properties-value\">Carbon<\/td>\n<\/tr>\n<tr class=\"product--properties-row row3\">\n<td class=\"product--properties-label is--bold\">Laufradgr\u00f6\u00dfe:<\/td>\n<td class=\"product--properties-value\">29&#8243;<\/td>\n<\/tr>\n<tr class=\"product--properties-row row4\">\n<td class=\"product--properties-label is--bold\">Farbe:<\/td>\n<td class=\"product--properties-value\">Carbon &#8211; Dirty White<\/td>\n<\/tr>\n<tr class=\"product--properties-row row5\">\n<td class=\"product--properties-label is--bold\">Gabel:<\/td>\n<td class=\"product--properties-value\">RockShox Judy Gold RL 29, 100mm, Motion control, Solo Air, tapered steerer tube, Boost 15x110mm axle, 30mm aluminum stanchions, offset 51mm. Settings: Onelock 2 pos remote compression (open\/lock), rebound, air preload, RockShox OneLoc<\/td>\n<\/tr>\n<tr class=\"product--properties-row row6\">\n<td class=\"product--properties-label is--bold\">Federweg:<\/td>\n<td class=\"product--properties-value\">100mm<\/td>\n<\/tr>\n<tr class=\"product--properties-row row7\">\n<td class=\"product--properties-label is--bold\">\n<h4>Bremsen:<\/h4>\n<\/td>\n<td class=\"product--properties-value\">Sram Level T, 2 piece caliper, Centerline 160mm IS 6 bolts one-piece rotor, steel-backed organic pad<\/td>\n<\/tr>\n<tr class=\"product--properties-row row8\">\n<td class=\"product--properties-label is--bold\">Bremsscheiben:<\/td>\n<td class=\"product--properties-value\">160mm \/ 160mm<\/td>\n<\/tr>\n<tr class=\"product--properties-row row9\">\n<td class=\"product--properties-label is--bold\">Bremshebel:<\/td>\n<td class=\"product--properties-value\">Sram Level, tooled reach adjust, lever pivot bushings<\/td>\n<\/tr>\n<tr class=\"product--properties-row row10\">\n<td class=\"product--properties-label is--bold\">Steuersatz:<\/td>\n<td class=\"product--properties-value\">Onoff Titan tapered for 1-1\/8\u201d to 1-1\/2\u201d head tube, ACB sealed bearings, top 41.8&#215;30.5x8x45\u00bax45\u00ba, bottom 51.9x40x8x45\u00bax45\u00ba51.9x40x8x45\u00bax45\u00ba<\/td>\n<\/tr>\n<tr class=\"product--properties-row row11\">\n<td class=\"product--properties-label is--bold\">Vorbau:<\/td>\n<td class=\"product--properties-value\">MDK, 6061 T6 Alloy, 31.8mm barbore, rise: +\/-5\u00ba, length: size S: 60mm, size M: 70mm, size L: 80mm, size XL: 90mm<\/td>\n<\/tr>\n<tr class=\"product--properties-row row12\">\n<td class=\"product--properties-label is--bold\">Lenker:<\/td>\n<td class=\"product--properties-value\">ONOFF Sulfur 0.2, double butted 6061 alloy, rise: 4.8mm, width: 760mm, 9\u00ba backsweep, 0\u00ba upsweep, 31.8mm barbore<\/td>\n<\/tr>\n<tr class=\"product--properties-row row13\">\n<td class=\"product--properties-label is--bold\">Griffe:<\/td>\n<td class=\"product--properties-value\">Onoff Twin, 1lock-on, 135mm<\/td>\n<\/tr>\n<tr class=\"product--properties-row row14\">\n<td class=\"product--properties-label is--bold\">Sattel:<\/td>\n<td class=\"product--properties-value\">Mondraker XC Series, steel rail<\/td>\n<\/tr>\n<tr class=\"product--properties-row row15\">\n<td class=\"product--properties-label is--bold\">Sattelst\u00fctze:<\/td>\n<td class=\"product--properties-value\">Onoff Sulfur 0-R, 6061 T6 Alloy, 3D forged, diameter 27.2mm, length 400mm<\/td>\n<\/tr>\n<\/tbody>\n<\/table>\n<table class=\"product--properties-table\">\n<tbody>\n<tr class=\"product--properties-row row16\">\n<td class=\"product--properties-label is--bold\">Kurbel:<\/td>\n<td class=\"product--properties-value\">Sram SX Eagle, Boost, DUB axle, Direct Mount chain ring, S size: 170mm, M\/L\/XL size: 175mm, 34T, steel, X-Sync 2<\/td>\n<\/tr>\n<tr class=\"product--properties-row row17\">\n<td class=\"product--properties-label is--bold\">Tretlager\/Innenlager:<\/td>\n<td class=\"product--properties-value\">Sram DUB BSA, sealed bearings, 73mm<\/td>\n<\/tr>\n<tr class=\"product--properties-row row18\">\n<td class=\"product--properties-label is--bold\">Schaltwerk:<\/td>\n<td class=\"product--properties-value\">SRAM NX Eagle, Type 3 roller bearing clutch, cage lock, long cage, 1x12s, X-actuation 1:1<\/td>\n<\/tr>\n<tr class=\"product--properties-row row19\">\n<td class=\"product--properties-label is--bold\">Schalthebel:<\/td>\n<td class=\"product--properties-value\">Sram Trigger SX Eagle, 12s, X-Actuation 1:1<\/td>\n<\/tr>\n<tr class=\"product--properties-row row20\">\n<td class=\"product--properties-label is--bold\">Kassette:<\/td>\n<td class=\"product--properties-value\">Sram XG-1230, 11-50T, 12s<\/td>\n<\/tr>\n<tr class=\"product--properties-row row21\">\n<td class=\"product--properties-label is--bold\">Kette:<\/td>\n<td class=\"product--properties-value\">Sram SX Eagle, 12s, Powerlock<\/td>\n<\/tr>\n<tr class=\"product--properties-row row22\">\n<td class=\"product--properties-label is--bold\">Reifen:<\/td>\n<td class=\"product--properties-value\">Maxxis Ikon 29&#215;2.20, 3C MAXX SPEED compound, tubeless ready, 120TPI, folding bead<\/td>\n<\/tr>\n<tr class=\"product--properties-row row23\">\n<td class=\"product--properties-label is--bold\">Nabe Vorderrad:<\/td>\n<td class=\"product--properties-value\">Formula DC711, Boost 15x110mm, sealed bearings, IS 6 bolts<\/td>\n<\/tr>\n<tr class=\"product--properties-row row24\">\n<td class=\"product--properties-label is--bold\">Nabe Hinterrad:<\/td>\n<td class=\"product--properties-value\">Formula MST148S-4SB, Boost 12x148mm, sealed bearings, IS 6 bolts<\/td>\n<\/tr>\n<tr class=\"product--properties-row row25\">\n<td class=\"product--properties-label is--bold\">Speichen:<\/td>\n<td class=\"product--properties-value\">CN round stainless steel<\/td>\n<\/tr>\n<tr class=\"product--properties-row row26\">\n<td class=\"product--properties-label is--bold\">Felgen:<\/td>\n<td class=\"product--properties-value\">MDK-XP1 29 TLR, 25mm internal width, tubeless ready, 32 spokes<\/td>\n<\/tr>\n<tr class=\"product--properties-row row27\">\n<td class=\"product--properties-label is--bold\">Pedale:<\/td>\n<td class=\"product--properties-value\">nicht im Lieferumfang enthalten<\/td>\n<\/tr>\n<tr class=\"product--properties-row row28\">\n<td class=\"product--properties-label is--bold\">Sonstiges:<\/td>\n<td class=\"product--properties-value\">Derailleur hanger: Mondraker M068<\/td>\n<\/tr>\n<tr class=\"product--properties-row row29\">\n<td class=\"product--properties-label is--bold\">Gewicht Komplettrad:<\/td>\n<td class=\"product--properties-value\">11.3 kg<\/td>\n<\/tr>\n<\/tbody>\n<\/table>\n<\/div>","protected":false},"excerpt":{"rendered":"<p><label><strong>Modelljahr<\/strong>: <span style=\"font-size: 16px;\">2022<\/span><\/label><\/p>","protected":false},"featured_media":61743,"comment_status":"open","ping_status":"closed","template":"","meta":[],"product_brand":[],"product_cat":[36,302,220],"product_tag":[],"class_list":{"0":"post-40366","1":"product","2":"type-product","3":"status-publish","4":"has-post-thumbnail","6":"product_cat-fahrrad","7":"product_cat-hardtail-29","8":"product_cat-mountainbike","9":"pa_marke-mondraker","11":"first","12":"instock","13":"sale","14":"taxable","15":"shipping-taxable","16":"purchasable","17":"product-type-variable"},"yoast_head":"<!-- This site is optimized with the Yoast SEO Premium plugin v20.12 (Yoast SEO v27.1.1) - https:\/\/yoast.com\/product\/yoast-seo-premium-wordpress\/ -->\n<title>Mondraker CHRONO CARBON<\/title>\n<meta name=\"description\" content=\"kgerad.de bietet Ihnen das Mondraker CHRONO CARBON zum besten Preis mit kostenlosem Versand in ganz EuropaMondraker CHRONO CARBON\" \/>\n<meta name=\"robots\" content=\"index, follow, max-snippet:-1, max-image-preview:large, max-video-preview:-1\" \/>\n<link rel=\"canonical\" href=\"https:\/\/kgerad.de\/en\/product\/mondraker-chrono-carbon\/\" \/>\n<meta property=\"og:locale\" content=\"en_US\" \/>\n<meta property=\"og:type\" content=\"article\" \/>\n<meta property=\"og:title\" content=\"Mondraker CHRONO CARBON\" \/>\n<meta property=\"og:description\" content=\"Entdecken Sie unseren Online-Fahrradladen: Gro\u00dfe Auswahl an Modellen f\u00fcr alle Radsportbegeisterten. Von Rennr\u00e4dern bis zu Mountainbikes - finden Sie heute Ihren perfekten Wegbegleiter!\" \/>\n<meta property=\"og:url\" content=\"https:\/\/kgerad.de\/en\/product\/mondraker-chrono-carbon\/\" \/>\n<meta property=\"og:site_name\" content=\"kgerad.de\" \/>\n<meta property=\"article:modified_time\" content=\"2023-08-11T10:58:48+00:00\" \/>\n<meta property=\"og:image\" content=\"https:\/\/kgerad.de\/wp-content\/uploads\/2023\/06\/Mondraker-CHRONO-CARBON.jpg\" \/>\n\t<meta property=\"og:image:width\" content=\"800\" \/>\n\t<meta property=\"og:image:height\" content=\"441\" \/>\n\t<meta property=\"og:image:type\" content=\"image\/jpeg\" \/>\n<meta name=\"twitter:card\" content=\"summary_large_image\" \/>\n<meta name=\"twitter:label1\" content=\"Est. reading time\" \/>\n\t<meta name=\"twitter:data1\" content=\"4 minutes\" \/>\n<script type=\"application\/ld+json\" class=\"yoast-schema-graph\">{\"@context\":\"https:\/\/schema.org\",\"@graph\":[{\"@type\":\"WebPage\",\"@id\":\"https:\/\/kgerad.de\/produkt\/mondraker-chrono-carbon\/\",\"url\":\"https:\/\/kgerad.de\/produkt\/mondraker-chrono-carbon\/\",\"name\":\"Mondraker CHRONO CARBON\",\"isPartOf\":{\"@id\":\"https:\/\/kgerad.de\/#website\"},\"primaryImageOfPage\":{\"@id\":\"https:\/\/kgerad.de\/produkt\/mondraker-chrono-carbon\/#primaryimage\"},\"image\":{\"@id\":\"https:\/\/kgerad.de\/produkt\/mondraker-chrono-carbon\/#primaryimage\"},\"thumbnailUrl\":\"https:\/\/kgerad.de\/wp-content\/uploads\/2023\/06\/Mondraker-CHRONO-CARBON.jpg\",\"datePublished\":\"2022-11-14T11:25:27+00:00\",\"dateModified\":\"2023-08-11T10:58:48+00:00\",\"description\":\"kgerad.de bietet Ihnen das Mondraker CHRONO CARBON zum besten Preis mit kostenlosem Versand in ganz EuropaMondraker CHRONO CARBON\",\"breadcrumb\":{\"@id\":\"https:\/\/kgerad.de\/produkt\/mondraker-chrono-carbon\/#breadcrumb\"},\"inLanguage\":\"en-US\",\"potentialAction\":[{\"@type\":\"ReadAction\",\"target\":[\"https:\/\/kgerad.de\/produkt\/mondraker-chrono-carbon\/\"]}]},{\"@type\":\"ImageObject\",\"inLanguage\":\"en-US\",\"@id\":\"https:\/\/kgerad.de\/produkt\/mondraker-chrono-carbon\/#primaryimage\",\"url\":\"https:\/\/kgerad.de\/wp-content\/uploads\/2023\/06\/Mondraker-CHRONO-CARBON.jpg\",\"contentUrl\":\"https:\/\/kgerad.de\/wp-content\/uploads\/2023\/06\/Mondraker-CHRONO-CARBON.jpg\",\"width\":800,\"height\":441,\"caption\":\"Mondraker CHRONO CARBON\"},{\"@type\":\"BreadcrumbList\",\"@id\":\"https:\/\/kgerad.de\/produkt\/mondraker-chrono-carbon\/#breadcrumb\",\"itemListElement\":[{\"@type\":\"ListItem\",\"position\":1,\"name\":\"Startseite\",\"item\":\"https:\/\/kgerad.de\/\"},{\"@type\":\"ListItem\",\"position\":2,\"name\":\"LADEN\",\"item\":\"https:\/\/kgerad.de\/laden\/\"},{\"@type\":\"ListItem\",\"position\":3,\"name\":\"Mondraker CHRONO CARBON\"}]},{\"@type\":\"WebSite\",\"@id\":\"https:\/\/kgerad.de\/#website\",\"url\":\"https:\/\/kgerad.de\/\",\"name\":\"kgerad.de\",\"description\":\"Treten Sie mit uns ins Abenteuer!\",\"publisher\":{\"@id\":\"https:\/\/kgerad.de\/#organization\"},\"alternateName\":\"MEIN RADLADEN\",\"potentialAction\":[{\"@type\":\"SearchAction\",\"target\":{\"@type\":\"EntryPoint\",\"urlTemplate\":\"https:\/\/kgerad.de\/?s={search_term_string}\"},\"query-input\":{\"@type\":\"PropertyValueSpecification\",\"valueRequired\":true,\"valueName\":\"search_term_string\"}}],\"inLanguage\":\"en-US\"},{\"@type\":\"Organization\",\"@id\":\"https:\/\/kgerad.de\/#organization\",\"name\":\"MEINRADLADEN\",\"alternateName\":\"MEIN RADLADEN\",\"url\":\"https:\/\/kgerad.de\/\",\"logo\":{\"@type\":\"ImageObject\",\"inLanguage\":\"en-US\",\"@id\":\"https:\/\/kgerad.de\/#\/schema\/logo\/image\/\",\"url\":\"https:\/\/kgerad.de\/wp-content\/uploads\/2025\/07\/logo-Whit.svg\",\"contentUrl\":\"https:\/\/kgerad.de\/wp-content\/uploads\/2025\/07\/logo-Whit.svg\",\"width\":1640,\"height\":371,\"caption\":\"MEINRADLADEN\"},\"image\":{\"@id\":\"https:\/\/kgerad.de\/#\/schema\/logo\/image\/\"}}]}<\/script>\n<!-- \/ Yoast SEO Premium plugin. -->","yoast_head_json":{"title":"Mondraker CHRONO CARBON","description":"kgerad.de bietet Ihnen das Mondraker CHRONO CARBON zum besten Preis mit kostenlosem Versand in ganz EuropaMondraker CHRONO CARBON","robots":{"index":"index","follow":"follow","max-snippet":"max-snippet:-1","max-image-preview":"max-image-preview:large","max-video-preview":"max-video-preview:-1"},"canonical":"https:\/\/kgerad.de\/en\/product\/mondraker-chrono-carbon\/","og_locale":"en_US","og_type":"article","og_title":"Mondraker CHRONO CARBON","og_description":"Entdecken Sie unseren Online-Fahrradladen: Gro\u00dfe Auswahl an Modellen f\u00fcr alle Radsportbegeisterten. Von Rennr\u00e4dern bis zu Mountainbikes - finden Sie heute Ihren perfekten Wegbegleiter!","og_url":"https:\/\/kgerad.de\/en\/product\/mondraker-chrono-carbon\/","og_site_name":"kgerad.de","article_modified_time":"2023-08-11T10:58:48+00:00","og_image":[{"width":800,"height":441,"url":"https:\/\/kgerad.de\/wp-content\/uploads\/2023\/06\/Mondraker-CHRONO-CARBON.jpg","type":"image\/jpeg"}],"twitter_card":"summary_large_image","twitter_misc":{"Est. reading time":"4 minutes"},"schema":{"@context":"https:\/\/schema.org","@graph":[{"@type":"WebPage","@id":"https:\/\/kgerad.de\/produkt\/mondraker-chrono-carbon\/","url":"https:\/\/kgerad.de\/produkt\/mondraker-chrono-carbon\/","name":"Mondraker CHRONO CARBON","isPartOf":{"@id":"https:\/\/kgerad.de\/#website"},"primaryImageOfPage":{"@id":"https:\/\/kgerad.de\/produkt\/mondraker-chrono-carbon\/#primaryimage"},"image":{"@id":"https:\/\/kgerad.de\/produkt\/mondraker-chrono-carbon\/#primaryimage"},"thumbnailUrl":"https:\/\/kgerad.de\/wp-content\/uploads\/2023\/06\/Mondraker-CHRONO-CARBON.jpg","datePublished":"2022-11-14T11:25:27+00:00","dateModified":"2023-08-11T10:58:48+00:00","description":"kgerad.de bietet Ihnen das Mondraker CHRONO CARBON zum besten Preis mit kostenlosem Versand in ganz EuropaMondraker CHRONO CARBON","breadcrumb":{"@id":"https:\/\/kgerad.de\/produkt\/mondraker-chrono-carbon\/#breadcrumb"},"inLanguage":"en-US","potentialAction":[{"@type":"ReadAction","target":["https:\/\/kgerad.de\/produkt\/mondraker-chrono-carbon\/"]}]},{"@type":"ImageObject","inLanguage":"en-US","@id":"https:\/\/kgerad.de\/produkt\/mondraker-chrono-carbon\/#primaryimage","url":"https:\/\/kgerad.de\/wp-content\/uploads\/2023\/06\/Mondraker-CHRONO-CARBON.jpg","contentUrl":"https:\/\/kgerad.de\/wp-content\/uploads\/2023\/06\/Mondraker-CHRONO-CARBON.jpg","width":800,"height":441,"caption":"Mondraker CHRONO CARBON"},{"@type":"BreadcrumbList","@id":"https:\/\/kgerad.de\/produkt\/mondraker-chrono-carbon\/#breadcrumb","itemListElement":[{"@type":"ListItem","position":1,"name":"Startseite","item":"https:\/\/kgerad.de\/"},{"@type":"ListItem","position":2,"name":"LADEN","item":"https:\/\/kgerad.de\/laden\/"},{"@type":"ListItem","position":3,"name":"Mondraker CHRONO CARBON"}]},{"@type":"WebSite","@id":"https:\/\/kgerad.de\/#website","url":"https:\/\/kgerad.de\/","name":"kgerad.de","description":"Treten Sie mit uns ins Abenteuer!","publisher":{"@id":"https:\/\/kgerad.de\/#organization"},"alternateName":"MEIN RADLADEN","potentialAction":[{"@type":"SearchAction","target":{"@type":"EntryPoint","urlTemplate":"https:\/\/kgerad.de\/?s={search_term_string}"},"query-input":{"@type":"PropertyValueSpecification","valueRequired":true,"valueName":"search_term_string"}}],"inLanguage":"en-US"},{"@type":"Organization","@id":"https:\/\/kgerad.de\/#organization","name":"MEINRADLADEN","alternateName":"MEIN RADLADEN","url":"https:\/\/kgerad.de\/","logo":{"@type":"ImageObject","inLanguage":"en-US","@id":"https:\/\/kgerad.de\/#\/schema\/logo\/image\/","url":"https:\/\/kgerad.de\/wp-content\/uploads\/2025\/07\/logo-Whit.svg","contentUrl":"https:\/\/kgerad.de\/wp-content\/uploads\/2025\/07\/logo-Whit.svg","width":1640,"height":371,"caption":"MEINRADLADEN"},"image":{"@id":"https:\/\/kgerad.de\/#\/schema\/logo\/image\/"}}]}},"_links":{"self":[{"href":"https:\/\/kgerad.de\/en\/wp-json\/wp\/v2\/product\/40366","targetHints":{"allow":["GET"]}}],"collection":[{"href":"https:\/\/kgerad.de\/en\/wp-json\/wp\/v2\/product"}],"about":[{"href":"https:\/\/kgerad.de\/en\/wp-json\/wp\/v2\/types\/product"}],"replies":[{"embeddable":true,"href":"https:\/\/kgerad.de\/en\/wp-json\/wp\/v2\/comments?post=40366"}],"version-history":[{"count":1,"href":"https:\/\/kgerad.de\/en\/wp-json\/wp\/v2\/product\/40366\/revisions"}],"predecessor-version":[{"id":79636,"href":"https:\/\/kgerad.de\/en\/wp-json\/wp\/v2\/product\/40366\/revisions\/79636"}],"wp:featuredmedia":[{"embeddable":true,"href":"https:\/\/kgerad.de\/en\/wp-json\/wp\/v2\/media\/61743"}],"wp:attachment":[{"href":"https:\/\/kgerad.de\/en\/wp-json\/wp\/v2\/media?parent=40366"}],"wp:term":[{"taxonomy":"product_brand","embeddable":true,"href":"https:\/\/kgerad.de\/en\/wp-json\/wp\/v2\/product_brand?post=40366"},{"taxonomy":"product_cat","embeddable":true,"href":"https:\/\/kgerad.de\/en\/wp-json\/wp\/v2\/product_cat?post=40366"},{"taxonomy":"product_tag","embeddable":true,"href":"https:\/\/kgerad.de\/en\/wp-json\/wp\/v2\/product_tag?post=40366"}],"curies":[{"name":"wp","href":"https:\/\/api.w.org\/{rel}","templated":true}]}}