{"id":39969,"date":"2022-11-10T09:45:36","date_gmt":"2022-11-10T08:45:36","guid":{"rendered":"https:\/\/kgerad.de\/?post_type=product&#038;p=39969"},"modified":"2023-08-11T13:07:21","modified_gmt":"2023-08-11T11:07:21","slug":"cannondale-tesoro-neo-x-2-rot","status":"publish","type":"product","link":"https:\/\/kgerad.de\/en\/product\/cannondale-tesoro-neo-x-2-rot\/","title":{"rendered":"Cannondale Tesoro Neo X 2 rot"},"content":{"rendered":"<h2 class=\"product-name cyc-typo_display-3 cyc-margin_bottom-1 cyc-no-texttransform js-productName\">Cannondale Tesoro Neo X 2 rot<\/h2>\n<p>Cannondale Tesoro Neo, Werden Sie wild. Dieses Stra\u00dfen-\/Gel\u00e4nde-E-Bike ist eine voll beladene Trekkingmaschine. Raus aus dem Rattenrennen und rein in die Wildnis.<\/p>\n<p><b>Off-Road-f\u00e4hig<\/b><br \/>\nTesoro Neo X lebt, um vom B\u00fcrgersteig abgewiesen zu werden. F\u00fcr Bikepacking, Backroad-Trekking oder robusten Transport: Mit seinem MTB-inspirierten Rahmen &amp; Gabel und den gro\u00dfen 29-Zoll-Laufr\u00e4dern k\u00f6nnen Sie tiefer einsteigen und weiter gehen.<\/p>\n<p><b>Beladen f\u00fcr das Abenteuer<\/b><br \/>\nSichere, klapperfreie Kotfl\u00fcgel und ein vollwertiger Gep\u00e4cktr\u00e4ger, helle Front- und R\u00fccklichter und sogar ein Kickstand bedeuten, dass Sie f\u00fcr jedes Abenteuer bereit sind.<\/p>\n<p><b>Urban Steady<\/b><br \/>\nSchlagl\u00f6cher? Kies? Stra\u00dfenbahnschienen? Kein Problem. Alle Merkmale, die den Tesoro Neo X so gel\u00e4ndeg\u00e4ngig machen, sorgen f\u00fcr ein \u00e4u\u00dferst komfortables und sicheres Fahrerlebnis auf der Stra\u00dfe.<\/p>\n<p><b>Leistung und Reichweite<\/b><br \/>\nLanglebige, zuverl\u00e4ssige Antriebseinheit und Batterie von Bosch geben Ihnen die Geschwindigkeit, die Sie brauchen, mit dem n\u00f6tigen Saft f\u00fcr die Strecke.<\/p>\n<p><b>Si Motorhalterung<\/b><br \/>\nDie propriet\u00e4re Cannondale-Motorhalterung positioniert die Bosch-Antriebseinheit niedrig und nach vorn im Rahmen, wodurch der Schwerpunkt niedrig und die Kettenstreben kurz gehalten werden, was ein ungew\u00f6hnlich agiles Handling erm\u00f6glicht.<\/p>\n<p><b>Der Ai-Vorteil<\/b><br \/>\nDer Ai Offset Drivetrain \u00f6ffnet den Hinterbau f\u00fcr mehr Reifenfreiheit, w\u00e4hrend die Kettenstreben kurz gehalten werden, um eine flinke Agilit\u00e4t zu gew\u00e4hrleisten. Ein steiferes, st\u00e4rkeres Hinterrad ist nur das Sahneh\u00e4ubchen auf dem Kuchen.<\/p>\n<h2>Zus\u00e4tzliche Information<\/h2>\n<table class=\"shop_attributes\">\n<tbody>\n<tr>\n<th class=\"attr_header\" colspan=\"2\">IM \u00dcBERBLICK<\/th>\n<\/tr>\n<tr>\n<th>e-Bike Typ<\/th>\n<td>Trekking e-Bike<\/td>\n<\/tr>\n<tr>\n<th>Modelljahr<\/th>\n<td>2021<\/td>\n<\/tr>\n<tr>\n<th>Motorunterst\u00fctzung<\/th>\n<td>25<\/td>\n<\/tr>\n<tr>\n<th>Schaltung Hersteller<\/th>\n<td>Shimano<\/td>\n<\/tr>\n<tr>\n<th>Schaltungstyp<\/th>\n<td>Kettenschaltung<\/td>\n<\/tr>\n<tr>\n<th>Federung<\/th>\n<td>Federgabel<\/td>\n<\/tr>\n<tr>\n<th>Federung mm<\/th>\n<td>100<\/td>\n<\/tr>\n<tr>\n<th>Bremsentyp<\/th>\n<td>Hydraulische Scheibenbremse<\/td>\n<\/tr>\n<tr>\n<th>Farbe<\/th>\n<td>orange, bronze, blau<\/td>\n<\/tr>\n<tr>\n<th>Rahmengr\u00f6\u00dfe<\/th>\n<td>S, M, L, XL<\/td>\n<\/tr>\n<tr>\n<th>Reifengr\u00f6\u00dfe<\/th>\n<td>29&#8220;<\/td>\n<\/tr>\n<tr>\n<th>Rahmenform<\/th>\n<td>Diamant<\/td>\n<\/tr>\n<tr>\n<th class=\"attr_header\" colspan=\"2\">ANTRIEBSEINHEIT<\/th>\n<\/tr>\n<tr>\n<th>Motor<\/th>\n<td>Bosch Performance Line CX 4.0 36V 250W<\/td>\n<\/tr>\n<tr>\n<th>Akku<\/th>\n<td>625 Wh<\/td>\n<\/tr>\n<tr>\n<th>Display<\/th>\n<td>Bosch Purion<\/td>\n<\/tr>\n<tr>\n<th>Ladeger\u00e4t<\/th>\n<td>Bosch 4A<\/td>\n<\/tr>\n<tr>\n<th class=\"attr_header\" colspan=\"2\">SCHALTUNG &amp; ANTRIEB<\/th>\n<\/tr>\n<tr>\n<th>Schaltung<\/th>\n<td>Shimano Deore M5100, 11-Gang Kettenschaltung<\/td>\n<\/tr>\n<tr>\n<th>Schalthebel<\/th>\n<td>Shimano Deore M5100, 11-Gang<\/td>\n<\/tr>\n<tr>\n<th>Schaltwerk<\/th>\n<td>Shimano M5100<\/td>\n<\/tr>\n<tr>\n<th>Kurbelsatz<\/th>\n<td>FSA Bosch E-Bike, custom AI offset, 38T<\/td>\n<\/tr>\n<tr>\n<th>Kassette<\/th>\n<td>Shimano Deore 5100, 11-51, 11-Gang<\/td>\n<\/tr>\n<tr>\n<th>Kette<\/th>\n<td>Shimano HG601, 11-Gang<\/td>\n<\/tr>\n<tr>\n<th class=\"attr_header\" colspan=\"2\">RAHMEN &amp; GABEL<\/th>\n<\/tr>\n<tr>\n<th>Rahmen<\/th>\n<td>SmartForm C1 Alloy, integrierte Kabelf\u00fchrung<\/td>\n<\/tr>\n<tr>\n<th>Gabel<\/th>\n<td>SR Suntour XCM 34 Boost, 100 mm Federweg, Coil, 51 mm offset<\/td>\n<\/tr>\n<tr>\n<th>Steuersatz<\/th>\n<td>Integrated Sealed Bearing, Tapered<\/td>\n<\/tr>\n<tr>\n<th class=\"attr_header\" colspan=\"2\">BREMSE<\/th>\n<\/tr>\n<tr>\n<th>Bremsanlage<\/th>\n<td>Shimano MT200 hydraulic disc, 180 mm, RT10 Rotoren<\/td>\n<\/tr>\n<tr>\n<th>Bremshebel<\/th>\n<td>Shimano MT200 hydraulic disc<\/td>\n<\/tr>\n<tr>\n<th class=\"attr_header\" colspan=\"2\">LAUFR\u00c4DER<\/th>\n<\/tr>\n<tr>\n<th>Felgen<\/th>\n<td>WTB STX i30 TCS, 32h, tubeless ready<\/td>\n<\/tr>\n<tr>\n<th>Naben (V\/H)<\/th>\n<td>Shimano MT400, 15 x 110 mm \/ Shimano MT400, 12 x 148 mm<\/td>\n<\/tr>\n<tr>\n<th>Speichen<\/th>\n<td>DT Swiss Champion<\/td>\n<\/tr>\n<tr>\n<th>Reifen<\/th>\n<td>Schwalbe G-One Allround Performance, 29 x 2,25&#8220;, RaceGuard<\/td>\n<\/tr>\n<tr>\n<th class=\"attr_header\" colspan=\"2\">COCKPIT<\/th>\n<\/tr>\n<tr>\n<th>Lenker<\/th>\n<td>Cannondale 3 Riser, 6061 Alloy, 15mm rise, 8\u00b0 sweep, 4\u00b0 rise<\/td>\n<\/tr>\n<tr>\n<th>Vorbau<\/th>\n<td>Cannondale Adjustable, A-headset, 31,8 mm<\/td>\n<\/tr>\n<tr>\n<th>Lenkergriffe<\/th>\n<td>Cannondale Ergo Fitness Dual Density, Lock-On<\/td>\n<\/tr>\n<tr>\n<th>Sattelst\u00fctze<\/th>\n<td>Gefederte Sattelst\u00fctze, 31,6 mm<\/td>\n<\/tr>\n<tr>\n<th>Pedale<\/th>\n<td>Cannondale Fitness<\/td>\n<\/tr>\n<tr>\n<th>Sattel<\/th>\n<td>Cannondale Ergo Touring<\/td>\n<\/tr>\n<tr>\n<th class=\"attr_header\" colspan=\"2\">AUSSTATTUNG<\/th>\n<\/tr>\n<tr>\n<th>Frontlicht<\/th>\n<td>Herrmans H-Black MR4<\/td>\n<\/tr>\n<tr>\n<th>R\u00fccklicht<\/th>\n<td>Herrmans H-Trace Micro<\/td>\n<\/tr>\n<tr>\n<th>Gep\u00e4cktr\u00e4ger<\/th>\n<td>Tubus (maximal 25 kg)<\/td>\n<\/tr>\n<tr>\n<th>Schutzbleche<\/th>\n<td>Tubus Wingee<\/td>\n<\/tr>\n<\/tbody>\n<\/table>","protected":false},"excerpt":{"rendered":"<p>Cannondale Tesoro Neo X 2 rot Cannondale Tesoro Neo, Werden Sie wild. Dieses Stra\u00dfen-\/Gel\u00e4nde-E-Bike ist eine voll beladene Trekkingmaschine. Raus<\/p>","protected":false},"featured_media":61720,"comment_status":"open","ping_status":"closed","template":"","meta":[],"product_brand":[],"product_cat":[33,247,320,281],"product_tag":[],"class_list":{"0":"post-39969","1":"product","2":"type-product","3":"status-publish","4":"has-post-thumbnail","6":"product_cat-e-bike","7":"product_cat-e-bike-trekking","8":"product_cat-e-bikes-2021","9":"product_cat-e-fahrrad","10":"pa_marke-cannondale","12":"first","13":"instock","14":"sale","15":"taxable","16":"shipping-taxable","17":"purchasable","18":"product-type-variable"},"yoast_head":"<!-- This site is optimized with the Yoast SEO Premium plugin v20.12 (Yoast SEO v27.1.1) - https:\/\/yoast.com\/product\/yoast-seo-premium-wordpress\/ -->\n<title>Cannondale Tesoro Neo X 2 rot<\/title>\n<meta name=\"description\" content=\"kgerad.de bietet Ihnen das Cannondale Tesoro Neo X 2 rot zum besten Preis mit kostenlosem Versand in ganz EuropaCannondale Tesoro NeoCannondale Tesoro Neo\" \/>\n<meta name=\"robots\" content=\"index, follow, max-snippet:-1, max-image-preview:large, max-video-preview:-1\" \/>\n<link rel=\"canonical\" href=\"https:\/\/kgerad.de\/en\/product\/cannondale-tesoro-neo-x-2-rot\/\" \/>\n<meta property=\"og:locale\" content=\"en_US\" \/>\n<meta property=\"og:type\" content=\"article\" \/>\n<meta property=\"og:title\" content=\"Cannondale Tesoro Neo X 2 rot\" \/>\n<meta property=\"og:description\" content=\"Entdecken Sie unseren Online-Fahrradladen: Gro\u00dfe Auswahl an Modellen f\u00fcr alle Radsportbegeisterten. Von Rennr\u00e4dern bis zu Mountainbikes - finden Sie heute Ihren perfekten Wegbegleiter!\" \/>\n<meta property=\"og:url\" content=\"https:\/\/kgerad.de\/en\/product\/cannondale-tesoro-neo-x-2-rot\/\" \/>\n<meta property=\"og:site_name\" content=\"kgerad.de\" \/>\n<meta property=\"article:modified_time\" content=\"2023-08-11T11:07:21+00:00\" \/>\n<meta property=\"og:image\" content=\"https:\/\/kgerad.de\/wp-content\/uploads\/2023\/06\/cannondale-tesoro-neo-x-2-saber-1.jpg\" \/>\n\t<meta property=\"og:image:width\" content=\"613\" \/>\n\t<meta property=\"og:image:height\" content=\"613\" \/>\n\t<meta property=\"og:image:type\" content=\"image\/jpeg\" \/>\n<meta name=\"twitter:card\" content=\"summary_large_image\" \/>\n<meta name=\"twitter:label1\" content=\"Est. reading time\" \/>\n\t<meta name=\"twitter:data1\" content=\"3 minutes\" \/>\n<script type=\"application\/ld+json\" class=\"yoast-schema-graph\">{\"@context\":\"https:\/\/schema.org\",\"@graph\":[{\"@type\":\"WebPage\",\"@id\":\"https:\/\/kgerad.de\/produkt\/cannondale-tesoro-neo-x-2-rot\/\",\"url\":\"https:\/\/kgerad.de\/produkt\/cannondale-tesoro-neo-x-2-rot\/\",\"name\":\"Cannondale Tesoro Neo X 2 rot\",\"isPartOf\":{\"@id\":\"https:\/\/kgerad.de\/#website\"},\"primaryImageOfPage\":{\"@id\":\"https:\/\/kgerad.de\/produkt\/cannondale-tesoro-neo-x-2-rot\/#primaryimage\"},\"image\":{\"@id\":\"https:\/\/kgerad.de\/produkt\/cannondale-tesoro-neo-x-2-rot\/#primaryimage\"},\"thumbnailUrl\":\"https:\/\/kgerad.de\/wp-content\/uploads\/2023\/06\/cannondale-tesoro-neo-x-2-saber-1.jpg\",\"datePublished\":\"2022-11-10T08:45:36+00:00\",\"dateModified\":\"2023-08-11T11:07:21+00:00\",\"description\":\"kgerad.de bietet Ihnen das Cannondale Tesoro Neo X 2 rot zum besten Preis mit kostenlosem Versand in ganz EuropaCannondale Tesoro NeoCannondale Tesoro Neo\",\"breadcrumb\":{\"@id\":\"https:\/\/kgerad.de\/produkt\/cannondale-tesoro-neo-x-2-rot\/#breadcrumb\"},\"inLanguage\":\"en-US\",\"potentialAction\":[{\"@type\":\"ReadAction\",\"target\":[\"https:\/\/kgerad.de\/produkt\/cannondale-tesoro-neo-x-2-rot\/\"]}]},{\"@type\":\"ImageObject\",\"inLanguage\":\"en-US\",\"@id\":\"https:\/\/kgerad.de\/produkt\/cannondale-tesoro-neo-x-2-rot\/#primaryimage\",\"url\":\"https:\/\/kgerad.de\/wp-content\/uploads\/2023\/06\/cannondale-tesoro-neo-x-2-saber-1.jpg\",\"contentUrl\":\"https:\/\/kgerad.de\/wp-content\/uploads\/2023\/06\/cannondale-tesoro-neo-x-2-saber-1.jpg\",\"width\":613,\"height\":613,\"caption\":\"Cannondale Tesoro Neo X 2 rot\"},{\"@type\":\"BreadcrumbList\",\"@id\":\"https:\/\/kgerad.de\/produkt\/cannondale-tesoro-neo-x-2-rot\/#breadcrumb\",\"itemListElement\":[{\"@type\":\"ListItem\",\"position\":1,\"name\":\"Startseite\",\"item\":\"https:\/\/kgerad.de\/\"},{\"@type\":\"ListItem\",\"position\":2,\"name\":\"LADEN\",\"item\":\"https:\/\/kgerad.de\/laden\/\"},{\"@type\":\"ListItem\",\"position\":3,\"name\":\"Cannondale Tesoro Neo X 2 rot\"}]},{\"@type\":\"WebSite\",\"@id\":\"https:\/\/kgerad.de\/#website\",\"url\":\"https:\/\/kgerad.de\/\",\"name\":\"kgerad.de\",\"description\":\"Treten Sie mit uns ins Abenteuer!\",\"publisher\":{\"@id\":\"https:\/\/kgerad.de\/#organization\"},\"alternateName\":\"MEIN RADLADEN\",\"potentialAction\":[{\"@type\":\"SearchAction\",\"target\":{\"@type\":\"EntryPoint\",\"urlTemplate\":\"https:\/\/kgerad.de\/?s={search_term_string}\"},\"query-input\":{\"@type\":\"PropertyValueSpecification\",\"valueRequired\":true,\"valueName\":\"search_term_string\"}}],\"inLanguage\":\"en-US\"},{\"@type\":\"Organization\",\"@id\":\"https:\/\/kgerad.de\/#organization\",\"name\":\"MEINRADLADEN\",\"alternateName\":\"MEIN RADLADEN\",\"url\":\"https:\/\/kgerad.de\/\",\"logo\":{\"@type\":\"ImageObject\",\"inLanguage\":\"en-US\",\"@id\":\"https:\/\/kgerad.de\/#\/schema\/logo\/image\/\",\"url\":\"https:\/\/kgerad.de\/wp-content\/uploads\/2025\/07\/logo-Whit.svg\",\"contentUrl\":\"https:\/\/kgerad.de\/wp-content\/uploads\/2025\/07\/logo-Whit.svg\",\"width\":1640,\"height\":371,\"caption\":\"MEINRADLADEN\"},\"image\":{\"@id\":\"https:\/\/kgerad.de\/#\/schema\/logo\/image\/\"}}]}<\/script>\n<!-- \/ Yoast SEO Premium plugin. -->","yoast_head_json":{"title":"Cannondale Tesoro Neo X 2 rot","description":"kgerad.de bietet Ihnen das Cannondale Tesoro Neo X 2 rot zum besten Preis mit kostenlosem Versand in ganz EuropaCannondale Tesoro NeoCannondale Tesoro Neo","robots":{"index":"index","follow":"follow","max-snippet":"max-snippet:-1","max-image-preview":"max-image-preview:large","max-video-preview":"max-video-preview:-1"},"canonical":"https:\/\/kgerad.de\/en\/product\/cannondale-tesoro-neo-x-2-rot\/","og_locale":"en_US","og_type":"article","og_title":"Cannondale Tesoro Neo X 2 rot","og_description":"Entdecken Sie unseren Online-Fahrradladen: Gro\u00dfe Auswahl an Modellen f\u00fcr alle Radsportbegeisterten. Von Rennr\u00e4dern bis zu Mountainbikes - finden Sie heute Ihren perfekten Wegbegleiter!","og_url":"https:\/\/kgerad.de\/en\/product\/cannondale-tesoro-neo-x-2-rot\/","og_site_name":"kgerad.de","article_modified_time":"2023-08-11T11:07:21+00:00","og_image":[{"width":613,"height":613,"url":"https:\/\/kgerad.de\/wp-content\/uploads\/2023\/06\/cannondale-tesoro-neo-x-2-saber-1.jpg","type":"image\/jpeg"}],"twitter_card":"summary_large_image","twitter_misc":{"Est. reading time":"3 minutes"},"schema":{"@context":"https:\/\/schema.org","@graph":[{"@type":"WebPage","@id":"https:\/\/kgerad.de\/produkt\/cannondale-tesoro-neo-x-2-rot\/","url":"https:\/\/kgerad.de\/produkt\/cannondale-tesoro-neo-x-2-rot\/","name":"Cannondale Tesoro Neo X 2 rot","isPartOf":{"@id":"https:\/\/kgerad.de\/#website"},"primaryImageOfPage":{"@id":"https:\/\/kgerad.de\/produkt\/cannondale-tesoro-neo-x-2-rot\/#primaryimage"},"image":{"@id":"https:\/\/kgerad.de\/produkt\/cannondale-tesoro-neo-x-2-rot\/#primaryimage"},"thumbnailUrl":"https:\/\/kgerad.de\/wp-content\/uploads\/2023\/06\/cannondale-tesoro-neo-x-2-saber-1.jpg","datePublished":"2022-11-10T08:45:36+00:00","dateModified":"2023-08-11T11:07:21+00:00","description":"kgerad.de bietet Ihnen das Cannondale Tesoro Neo X 2 rot zum besten Preis mit kostenlosem Versand in ganz EuropaCannondale Tesoro NeoCannondale Tesoro Neo","breadcrumb":{"@id":"https:\/\/kgerad.de\/produkt\/cannondale-tesoro-neo-x-2-rot\/#breadcrumb"},"inLanguage":"en-US","potentialAction":[{"@type":"ReadAction","target":["https:\/\/kgerad.de\/produkt\/cannondale-tesoro-neo-x-2-rot\/"]}]},{"@type":"ImageObject","inLanguage":"en-US","@id":"https:\/\/kgerad.de\/produkt\/cannondale-tesoro-neo-x-2-rot\/#primaryimage","url":"https:\/\/kgerad.de\/wp-content\/uploads\/2023\/06\/cannondale-tesoro-neo-x-2-saber-1.jpg","contentUrl":"https:\/\/kgerad.de\/wp-content\/uploads\/2023\/06\/cannondale-tesoro-neo-x-2-saber-1.jpg","width":613,"height":613,"caption":"Cannondale Tesoro Neo X 2 rot"},{"@type":"BreadcrumbList","@id":"https:\/\/kgerad.de\/produkt\/cannondale-tesoro-neo-x-2-rot\/#breadcrumb","itemListElement":[{"@type":"ListItem","position":1,"name":"Startseite","item":"https:\/\/kgerad.de\/"},{"@type":"ListItem","position":2,"name":"LADEN","item":"https:\/\/kgerad.de\/laden\/"},{"@type":"ListItem","position":3,"name":"Cannondale Tesoro Neo X 2 rot"}]},{"@type":"WebSite","@id":"https:\/\/kgerad.de\/#website","url":"https:\/\/kgerad.de\/","name":"kgerad.de","description":"Treten Sie mit uns ins Abenteuer!","publisher":{"@id":"https:\/\/kgerad.de\/#organization"},"alternateName":"MEIN RADLADEN","potentialAction":[{"@type":"SearchAction","target":{"@type":"EntryPoint","urlTemplate":"https:\/\/kgerad.de\/?s={search_term_string}"},"query-input":{"@type":"PropertyValueSpecification","valueRequired":true,"valueName":"search_term_string"}}],"inLanguage":"en-US"},{"@type":"Organization","@id":"https:\/\/kgerad.de\/#organization","name":"MEINRADLADEN","alternateName":"MEIN RADLADEN","url":"https:\/\/kgerad.de\/","logo":{"@type":"ImageObject","inLanguage":"en-US","@id":"https:\/\/kgerad.de\/#\/schema\/logo\/image\/","url":"https:\/\/kgerad.de\/wp-content\/uploads\/2025\/07\/logo-Whit.svg","contentUrl":"https:\/\/kgerad.de\/wp-content\/uploads\/2025\/07\/logo-Whit.svg","width":1640,"height":371,"caption":"MEINRADLADEN"},"image":{"@id":"https:\/\/kgerad.de\/#\/schema\/logo\/image\/"}}]}},"_links":{"self":[{"href":"https:\/\/kgerad.de\/en\/wp-json\/wp\/v2\/product\/39969","targetHints":{"allow":["GET"]}}],"collection":[{"href":"https:\/\/kgerad.de\/en\/wp-json\/wp\/v2\/product"}],"about":[{"href":"https:\/\/kgerad.de\/en\/wp-json\/wp\/v2\/types\/product"}],"replies":[{"embeddable":true,"href":"https:\/\/kgerad.de\/en\/wp-json\/wp\/v2\/comments?post=39969"}],"version-history":[{"count":1,"href":"https:\/\/kgerad.de\/en\/wp-json\/wp\/v2\/product\/39969\/revisions"}],"predecessor-version":[{"id":79651,"href":"https:\/\/kgerad.de\/en\/wp-json\/wp\/v2\/product\/39969\/revisions\/79651"}],"wp:featuredmedia":[{"embeddable":true,"href":"https:\/\/kgerad.de\/en\/wp-json\/wp\/v2\/media\/61720"}],"wp:attachment":[{"href":"https:\/\/kgerad.de\/en\/wp-json\/wp\/v2\/media?parent=39969"}],"wp:term":[{"taxonomy":"product_brand","embeddable":true,"href":"https:\/\/kgerad.de\/en\/wp-json\/wp\/v2\/product_brand?post=39969"},{"taxonomy":"product_cat","embeddable":true,"href":"https:\/\/kgerad.de\/en\/wp-json\/wp\/v2\/product_cat?post=39969"},{"taxonomy":"product_tag","embeddable":true,"href":"https:\/\/kgerad.de\/en\/wp-json\/wp\/v2\/product_tag?post=39969"}],"curies":[{"name":"wp","href":"https:\/\/api.w.org\/{rel}","templated":true}]}}