{"id":39810,"date":"2022-11-09T18:50:01","date_gmt":"2022-11-09T17:50:01","guid":{"rendered":"https:\/\/kgerad.de\/?post_type=product&#038;p=39810"},"modified":"2023-08-11T13:14:01","modified_gmt":"2023-08-11T11:14:01","slug":"cannondale-canvas-neo-1-2021","status":"publish","type":"product","link":"https:\/\/kgerad.de\/en\/product\/cannondale-canvas-neo-1-2021\/","title":{"rendered":"CANNONDALE CANVAS NEO 1 2021"},"content":{"rendered":"<h2 class=\"product_title entry-title\"><strong>CANNONDALE CANVAS NEO 1 2021<\/strong><\/h2>\n<p>CANNONDALE CANVAS NEO, Wegen seiner Position vor den Schaltkomponenten, wird die eingeleitete Kraft des sogenannten Mittelmotors von Bosch optimal \u00fcbersetzt, wodurch er im h\u00f6heren Drehzahlbereich arbeitet und gr\u00f6\u00dfere Reichweiten erzielt werden k\u00f6nnen. Zudem verschafft er dem Fahrrad einen zentraleren und tieferen Schwerpunkt, was das Fahrverhalten sehr verbessert. Er bietet mit 250 Watt eine verl\u00e4ssliche Unterst\u00fctzung bei einer Geschwindigkeit bis zu 25 km\/h. Verbaut ist ein Akku mit einer starken Leistung von 625 Wh &#8211; wie gemacht f\u00fcr ausgedehnte Tagestouren.<\/p>\n<p>Die Gabel gew\u00e4hrt durch die 55 mm Federweg Komfort und Fahrsicherheit. Die hohe Bremswirkung l\u00e4sst sich mit der hydraulischen Scheibenbremse von Shimano sehr gut dosieren, au\u00dferdem hat man mit ihr nie wieder Abrieb an den Felgen. Um das Gewicht m\u00f6glichst gering zu halten wurde Aluminium als Rahmenmaterial bei dem Rahmen benutzt.<\/p>\n<p>Selbstverst\u00e4ndlich kommt das dazugeh\u00f6rige Ladeger\u00e4t gleich mit.<\/p>\n<p><em>Falls Sie Fragen haben oder mit der Rahmengr\u00f6\u00dfe nicht sicher sind, bitten wir Sie um einen Anruf oder schreiben Sie uns eine E-Mail, wir helfen gerne.<\/em><\/p>\n<h2>Ausstattung<\/h2>\n<table class=\"shop_attributes\">\n<tbody>\n<tr>\n<th class=\"attr_header\" colspan=\"2\">IM \u00dcBERBLICK<\/th>\n<\/tr>\n<tr>\n<th>e-Bike Typ<\/th>\n<td>Trekking e-Bike, Urban e-Bike<\/td>\n<\/tr>\n<tr>\n<th>Modelljahr<\/th>\n<td>2021<\/td>\n<\/tr>\n<tr>\n<th>Motorunterst\u00fctzung<\/th>\n<td>25<\/td>\n<\/tr>\n<tr>\n<th>Schaltung Hersteller<\/th>\n<td>Shimano<\/td>\n<\/tr>\n<tr>\n<th>Schaltungstyp<\/th>\n<td>Kettenschaltung<\/td>\n<\/tr>\n<tr>\n<th>Federung<\/th>\n<td>ungefedert<\/td>\n<\/tr>\n<tr>\n<th>Bremsentyp<\/th>\n<td>Hydraulische Scheibenbremse<\/td>\n<\/tr>\n<tr>\n<th>Farbe<\/th>\n<td>schwarz<\/td>\n<\/tr>\n<tr>\n<th>Rahmengr\u00f6\u00dfe<\/th>\n<td>S, M, L, XL<\/td>\n<\/tr>\n<tr>\n<th>Reifengr\u00f6\u00dfe<\/th>\n<td>29&#8220;<\/td>\n<\/tr>\n<tr>\n<th>Rahmenform<\/th>\n<td>Diamant<\/td>\n<\/tr>\n<tr>\n<th class=\"attr_header\" colspan=\"2\">ANTRIEBSEINHEIT<\/th>\n<\/tr>\n<tr>\n<th>Motor<\/th>\n<td>Bosch Performance Line CX 4.0 36V 250W<\/td>\n<\/tr>\n<tr>\n<th>Akku<\/th>\n<td>625 Wh<\/td>\n<\/tr>\n<tr>\n<th>Display<\/th>\n<td>Bosch Purion<\/td>\n<\/tr>\n<tr>\n<th>Ladeger\u00e4t<\/th>\n<td>Bosch 4A<\/td>\n<\/tr>\n<tr>\n<th class=\"attr_header\" colspan=\"2\">SCHALTUNG &amp; ANTRIEB<\/th>\n<\/tr>\n<tr>\n<th>Schaltung<\/th>\n<td>Shimano Deore M4100, 10-Gang Kettenschaltung<\/td>\n<\/tr>\n<tr>\n<th>Schalthebel<\/th>\n<td>Shimano Deore M4100, 10-Gang<\/td>\n<\/tr>\n<tr>\n<th>Schaltwerk<\/th>\n<td>Shimano Deore M4100<\/td>\n<\/tr>\n<tr>\n<th>Kurbelsatz<\/th>\n<td>FSA Bosch E-Bike, custom AI offset, 38T<\/td>\n<\/tr>\n<tr>\n<th>Kassette<\/th>\n<td>Shimano Deore M4100, 11-42, 10-Gang<\/td>\n<\/tr>\n<tr>\n<th>Kette<\/th>\n<td>Shimano Deore, 10-Gang<\/td>\n<\/tr>\n<tr>\n<th class=\"attr_header\" colspan=\"2\">RAHMEN &amp; GABEL<\/th>\n<\/tr>\n<tr>\n<th>Rahmen<\/th>\n<td>SmartForm C1 Alloy, integrierte Kabelf\u00fchrung<\/td>\n<\/tr>\n<tr>\n<th>Gabel<\/th>\n<td>BallisTec Carbon, 15 x 110 mm Steckachse, 55 mm offset<\/td>\n<\/tr>\n<tr>\n<th>Steuersatz<\/th>\n<td>Integriert, 1-1\/8 &#8211; 1,5&#8220;, sealed angular contact bearings<\/td>\n<\/tr>\n<tr>\n<th class=\"attr_header\" colspan=\"2\">BREMSE<\/th>\n<\/tr>\n<tr>\n<th>Bremsanlage<\/th>\n<td>Shimano MT400 hydraulic disc, 180 mm, RT30 Rotoren<\/td>\n<\/tr>\n<tr>\n<th>Bremshebel<\/th>\n<td>Shimano MT401 hydraulic disc<\/td>\n<\/tr>\n<tr>\n<th class=\"attr_header\" colspan=\"2\">LAUFR\u00c4DER<\/th>\n<\/tr>\n<tr>\n<th>Felgen<\/th>\n<td>WTB STX i30 TCS, 32h, tubeless ready<\/td>\n<\/tr>\n<tr>\n<th>Naben (V\/H)<\/th>\n<td>Shimano MT400, 15 x 110 mm \/ Shimano MT400, 12 x 148 mm<\/td>\n<\/tr>\n<tr>\n<th>Speichen<\/th>\n<td>DT Swiss Champion 2.0<\/td>\n<\/tr>\n<tr>\n<th>Reifen<\/th>\n<td>Maxxis DTR-1, 29 x 2,25&#8220;<\/td>\n<\/tr>\n<tr>\n<th class=\"attr_header\" colspan=\"2\">COCKPIT<\/th>\n<\/tr>\n<tr>\n<th>Lenker<\/th>\n<td>Cannondale 3 Riser, 6061 Alloy, 15mm rise, 8\u00b0 sweep, 4\u00b0 rise<\/td>\n<\/tr>\n<tr>\n<th>Vorbau<\/th>\n<td>Cannondale 3, 6061 Alloy, 31,8 mm, 0\u00b0<\/td>\n<\/tr>\n<tr>\n<th>Lenkergriffe<\/th>\n<td>Cannondale Locking Grips<\/td>\n<\/tr>\n<tr>\n<th>Sattelst\u00fctze<\/th>\n<td>Cannondale C3, 6061 Alloy, 31,6 x 350 mm (S, M)\/400 mm (L, XL)<\/td>\n<\/tr>\n<tr>\n<th>Pedale<\/th>\n<td>Cannondale Fitness<\/td>\n<\/tr>\n<tr>\n<th>Sattel<\/th>\n<td>Cannondale Ergo Urban<\/td>\n<\/tr>\n<tr>\n<th class=\"attr_header\" colspan=\"2\">AUSSTATTUNG<\/th>\n<\/tr>\n<tr>\n<th>Frontlicht<\/th>\n<td>Supernova Mini 2 Front Light<\/td>\n<\/tr>\n<tr>\n<th>R\u00fccklicht<\/th>\n<td>Supernova E3 Tail Light<\/td>\n<\/tr>\n<tr>\n<th>Gep\u00e4cktr\u00e4ger<\/th>\n<td>Ja (maximal 8 kg pro Seite)<\/td>\n<\/tr>\n<tr>\n<th>Schutzbleche<\/th>\n<td>Tubus Wingee<\/td>\n<\/tr>\n<\/tbody>\n<\/table>","protected":false},"excerpt":{"rendered":"<p>CANNONDALE CANVAS NEO 1 2021 CANNONDALE CANVAS NEO, Wegen seiner Position vor den Schaltkomponenten, wird die eingeleitete Kraft des sogenannten<\/p>","protected":false},"featured_media":61715,"comment_status":"open","ping_status":"closed","template":"","meta":[],"product_brand":[],"product_cat":[33,247,35,281],"product_tag":[],"class_list":{"0":"post-39810","1":"product","2":"type-product","3":"status-publish","4":"has-post-thumbnail","6":"product_cat-e-bike","7":"product_cat-e-bike-trekking","8":"product_cat-e-bikes-2022","9":"product_cat-e-fahrrad","10":"pa_marke-cannondale","12":"first","13":"instock","14":"sale","15":"taxable","16":"shipping-taxable","17":"purchasable","18":"product-type-variable"},"yoast_head":"<!-- This site is optimized with the Yoast SEO Premium plugin v20.12 (Yoast SEO v27.1.1) - https:\/\/yoast.com\/product\/yoast-seo-premium-wordpress\/ -->\n<title>CANNONDALE CANVAS NEO 1 2021<\/title>\n<meta name=\"description\" content=\"kgerad.de bietet Ihnen das CANNONDALE CANVAS NEO 1 2021 zum besten Preis mit kostenlosem Versand in ganz EuropaCANNONDALE CANVAS NEOCANNONDALE CANVAS NEO\" \/>\n<meta name=\"robots\" content=\"index, follow, max-snippet:-1, max-image-preview:large, max-video-preview:-1\" \/>\n<link rel=\"canonical\" href=\"https:\/\/kgerad.de\/en\/product\/cannondale-canvas-neo-1-2021\/\" \/>\n<meta property=\"og:locale\" content=\"en_US\" \/>\n<meta property=\"og:type\" content=\"article\" \/>\n<meta property=\"og:title\" content=\"CANNONDALE CANVAS NEO 1 2021\" \/>\n<meta property=\"og:description\" content=\"Entdecken Sie unseren Online-Fahrradladen: Gro\u00dfe Auswahl an Modellen f\u00fcr alle Radsportbegeisterten. Von Rennr\u00e4dern bis zu Mountainbikes - finden Sie heute Ihren perfekten Wegbegleiter!\" \/>\n<meta property=\"og:url\" content=\"https:\/\/kgerad.de\/en\/product\/cannondale-canvas-neo-1-2021\/\" \/>\n<meta property=\"og:site_name\" content=\"kgerad.de\" \/>\n<meta property=\"article:modified_time\" content=\"2023-08-11T11:14:01+00:00\" \/>\n<meta property=\"og:image\" content=\"https:\/\/kgerad.de\/wp-content\/uploads\/2023\/06\/velo-electrique-cannondale-canvas-neo-1-2021.jpg\" \/>\n\t<meta property=\"og:image:width\" content=\"458\" \/>\n\t<meta property=\"og:image:height\" content=\"458\" \/>\n\t<meta property=\"og:image:type\" content=\"image\/jpeg\" \/>\n<meta name=\"twitter:card\" content=\"summary_large_image\" \/>\n<meta name=\"twitter:label1\" content=\"Est. reading time\" \/>\n\t<meta name=\"twitter:data1\" content=\"3 minutes\" \/>\n<script type=\"application\/ld+json\" class=\"yoast-schema-graph\">{\"@context\":\"https:\/\/schema.org\",\"@graph\":[{\"@type\":\"WebPage\",\"@id\":\"https:\/\/kgerad.de\/produkt\/cannondale-canvas-neo-1-2021\/\",\"url\":\"https:\/\/kgerad.de\/produkt\/cannondale-canvas-neo-1-2021\/\",\"name\":\"CANNONDALE CANVAS NEO 1 2021\",\"isPartOf\":{\"@id\":\"https:\/\/kgerad.de\/#website\"},\"primaryImageOfPage\":{\"@id\":\"https:\/\/kgerad.de\/produkt\/cannondale-canvas-neo-1-2021\/#primaryimage\"},\"image\":{\"@id\":\"https:\/\/kgerad.de\/produkt\/cannondale-canvas-neo-1-2021\/#primaryimage\"},\"thumbnailUrl\":\"https:\/\/kgerad.de\/wp-content\/uploads\/2023\/06\/velo-electrique-cannondale-canvas-neo-1-2021.jpg\",\"datePublished\":\"2022-11-09T17:50:01+00:00\",\"dateModified\":\"2023-08-11T11:14:01+00:00\",\"description\":\"kgerad.de bietet Ihnen das CANNONDALE CANVAS NEO 1 2021 zum besten Preis mit kostenlosem Versand in ganz EuropaCANNONDALE CANVAS NEOCANNONDALE CANVAS NEO\",\"breadcrumb\":{\"@id\":\"https:\/\/kgerad.de\/produkt\/cannondale-canvas-neo-1-2021\/#breadcrumb\"},\"inLanguage\":\"en-US\",\"potentialAction\":[{\"@type\":\"ReadAction\",\"target\":[\"https:\/\/kgerad.de\/produkt\/cannondale-canvas-neo-1-2021\/\"]}]},{\"@type\":\"ImageObject\",\"inLanguage\":\"en-US\",\"@id\":\"https:\/\/kgerad.de\/produkt\/cannondale-canvas-neo-1-2021\/#primaryimage\",\"url\":\"https:\/\/kgerad.de\/wp-content\/uploads\/2023\/06\/velo-electrique-cannondale-canvas-neo-1-2021.jpg\",\"contentUrl\":\"https:\/\/kgerad.de\/wp-content\/uploads\/2023\/06\/velo-electrique-cannondale-canvas-neo-1-2021.jpg\",\"width\":458,\"height\":458,\"caption\":\"CANNONDALE CANVAS NEO 1 2021\"},{\"@type\":\"BreadcrumbList\",\"@id\":\"https:\/\/kgerad.de\/produkt\/cannondale-canvas-neo-1-2021\/#breadcrumb\",\"itemListElement\":[{\"@type\":\"ListItem\",\"position\":1,\"name\":\"Startseite\",\"item\":\"https:\/\/kgerad.de\/\"},{\"@type\":\"ListItem\",\"position\":2,\"name\":\"LADEN\",\"item\":\"https:\/\/kgerad.de\/laden\/\"},{\"@type\":\"ListItem\",\"position\":3,\"name\":\"CANNONDALE CANVAS NEO 1 2021\"}]},{\"@type\":\"WebSite\",\"@id\":\"https:\/\/kgerad.de\/#website\",\"url\":\"https:\/\/kgerad.de\/\",\"name\":\"kgerad.de\",\"description\":\"Treten Sie mit uns ins Abenteuer!\",\"publisher\":{\"@id\":\"https:\/\/kgerad.de\/#organization\"},\"alternateName\":\"MEIN RADLADEN\",\"potentialAction\":[{\"@type\":\"SearchAction\",\"target\":{\"@type\":\"EntryPoint\",\"urlTemplate\":\"https:\/\/kgerad.de\/?s={search_term_string}\"},\"query-input\":{\"@type\":\"PropertyValueSpecification\",\"valueRequired\":true,\"valueName\":\"search_term_string\"}}],\"inLanguage\":\"en-US\"},{\"@type\":\"Organization\",\"@id\":\"https:\/\/kgerad.de\/#organization\",\"name\":\"MEINRADLADEN\",\"alternateName\":\"MEIN RADLADEN\",\"url\":\"https:\/\/kgerad.de\/\",\"logo\":{\"@type\":\"ImageObject\",\"inLanguage\":\"en-US\",\"@id\":\"https:\/\/kgerad.de\/#\/schema\/logo\/image\/\",\"url\":\"https:\/\/kgerad.de\/wp-content\/uploads\/2025\/07\/logo-Whit.svg\",\"contentUrl\":\"https:\/\/kgerad.de\/wp-content\/uploads\/2025\/07\/logo-Whit.svg\",\"width\":1640,\"height\":371,\"caption\":\"MEINRADLADEN\"},\"image\":{\"@id\":\"https:\/\/kgerad.de\/#\/schema\/logo\/image\/\"}}]}<\/script>\n<!-- \/ Yoast SEO Premium plugin. -->","yoast_head_json":{"title":"CANNONDALE CANVAS NEO 1 2021","description":"kgerad.de bietet Ihnen das CANNONDALE CANVAS NEO 1 2021 zum besten Preis mit kostenlosem Versand in ganz EuropaCANNONDALE CANVAS NEOCANNONDALE CANVAS NEO","robots":{"index":"index","follow":"follow","max-snippet":"max-snippet:-1","max-image-preview":"max-image-preview:large","max-video-preview":"max-video-preview:-1"},"canonical":"https:\/\/kgerad.de\/en\/product\/cannondale-canvas-neo-1-2021\/","og_locale":"en_US","og_type":"article","og_title":"CANNONDALE CANVAS NEO 1 2021","og_description":"Entdecken Sie unseren Online-Fahrradladen: Gro\u00dfe Auswahl an Modellen f\u00fcr alle Radsportbegeisterten. Von Rennr\u00e4dern bis zu Mountainbikes - finden Sie heute Ihren perfekten Wegbegleiter!","og_url":"https:\/\/kgerad.de\/en\/product\/cannondale-canvas-neo-1-2021\/","og_site_name":"kgerad.de","article_modified_time":"2023-08-11T11:14:01+00:00","og_image":[{"width":458,"height":458,"url":"https:\/\/kgerad.de\/wp-content\/uploads\/2023\/06\/velo-electrique-cannondale-canvas-neo-1-2021.jpg","type":"image\/jpeg"}],"twitter_card":"summary_large_image","twitter_misc":{"Est. reading time":"3 minutes"},"schema":{"@context":"https:\/\/schema.org","@graph":[{"@type":"WebPage","@id":"https:\/\/kgerad.de\/produkt\/cannondale-canvas-neo-1-2021\/","url":"https:\/\/kgerad.de\/produkt\/cannondale-canvas-neo-1-2021\/","name":"CANNONDALE CANVAS NEO 1 2021","isPartOf":{"@id":"https:\/\/kgerad.de\/#website"},"primaryImageOfPage":{"@id":"https:\/\/kgerad.de\/produkt\/cannondale-canvas-neo-1-2021\/#primaryimage"},"image":{"@id":"https:\/\/kgerad.de\/produkt\/cannondale-canvas-neo-1-2021\/#primaryimage"},"thumbnailUrl":"https:\/\/kgerad.de\/wp-content\/uploads\/2023\/06\/velo-electrique-cannondale-canvas-neo-1-2021.jpg","datePublished":"2022-11-09T17:50:01+00:00","dateModified":"2023-08-11T11:14:01+00:00","description":"kgerad.de bietet Ihnen das CANNONDALE CANVAS NEO 1 2021 zum besten Preis mit kostenlosem Versand in ganz EuropaCANNONDALE CANVAS NEOCANNONDALE CANVAS NEO","breadcrumb":{"@id":"https:\/\/kgerad.de\/produkt\/cannondale-canvas-neo-1-2021\/#breadcrumb"},"inLanguage":"en-US","potentialAction":[{"@type":"ReadAction","target":["https:\/\/kgerad.de\/produkt\/cannondale-canvas-neo-1-2021\/"]}]},{"@type":"ImageObject","inLanguage":"en-US","@id":"https:\/\/kgerad.de\/produkt\/cannondale-canvas-neo-1-2021\/#primaryimage","url":"https:\/\/kgerad.de\/wp-content\/uploads\/2023\/06\/velo-electrique-cannondale-canvas-neo-1-2021.jpg","contentUrl":"https:\/\/kgerad.de\/wp-content\/uploads\/2023\/06\/velo-electrique-cannondale-canvas-neo-1-2021.jpg","width":458,"height":458,"caption":"CANNONDALE CANVAS NEO 1 2021"},{"@type":"BreadcrumbList","@id":"https:\/\/kgerad.de\/produkt\/cannondale-canvas-neo-1-2021\/#breadcrumb","itemListElement":[{"@type":"ListItem","position":1,"name":"Startseite","item":"https:\/\/kgerad.de\/"},{"@type":"ListItem","position":2,"name":"LADEN","item":"https:\/\/kgerad.de\/laden\/"},{"@type":"ListItem","position":3,"name":"CANNONDALE CANVAS NEO 1 2021"}]},{"@type":"WebSite","@id":"https:\/\/kgerad.de\/#website","url":"https:\/\/kgerad.de\/","name":"kgerad.de","description":"Treten Sie mit uns ins Abenteuer!","publisher":{"@id":"https:\/\/kgerad.de\/#organization"},"alternateName":"MEIN RADLADEN","potentialAction":[{"@type":"SearchAction","target":{"@type":"EntryPoint","urlTemplate":"https:\/\/kgerad.de\/?s={search_term_string}"},"query-input":{"@type":"PropertyValueSpecification","valueRequired":true,"valueName":"search_term_string"}}],"inLanguage":"en-US"},{"@type":"Organization","@id":"https:\/\/kgerad.de\/#organization","name":"MEINRADLADEN","alternateName":"MEIN RADLADEN","url":"https:\/\/kgerad.de\/","logo":{"@type":"ImageObject","inLanguage":"en-US","@id":"https:\/\/kgerad.de\/#\/schema\/logo\/image\/","url":"https:\/\/kgerad.de\/wp-content\/uploads\/2025\/07\/logo-Whit.svg","contentUrl":"https:\/\/kgerad.de\/wp-content\/uploads\/2025\/07\/logo-Whit.svg","width":1640,"height":371,"caption":"MEINRADLADEN"},"image":{"@id":"https:\/\/kgerad.de\/#\/schema\/logo\/image\/"}}]}},"_links":{"self":[{"href":"https:\/\/kgerad.de\/en\/wp-json\/wp\/v2\/product\/39810","targetHints":{"allow":["GET"]}}],"collection":[{"href":"https:\/\/kgerad.de\/en\/wp-json\/wp\/v2\/product"}],"about":[{"href":"https:\/\/kgerad.de\/en\/wp-json\/wp\/v2\/types\/product"}],"replies":[{"embeddable":true,"href":"https:\/\/kgerad.de\/en\/wp-json\/wp\/v2\/comments?post=39810"}],"version-history":[{"count":1,"href":"https:\/\/kgerad.de\/en\/wp-json\/wp\/v2\/product\/39810\/revisions"}],"predecessor-version":[{"id":79664,"href":"https:\/\/kgerad.de\/en\/wp-json\/wp\/v2\/product\/39810\/revisions\/79664"}],"wp:featuredmedia":[{"embeddable":true,"href":"https:\/\/kgerad.de\/en\/wp-json\/wp\/v2\/media\/61715"}],"wp:attachment":[{"href":"https:\/\/kgerad.de\/en\/wp-json\/wp\/v2\/media?parent=39810"}],"wp:term":[{"taxonomy":"product_brand","embeddable":true,"href":"https:\/\/kgerad.de\/en\/wp-json\/wp\/v2\/product_brand?post=39810"},{"taxonomy":"product_cat","embeddable":true,"href":"https:\/\/kgerad.de\/en\/wp-json\/wp\/v2\/product_cat?post=39810"},{"taxonomy":"product_tag","embeddable":true,"href":"https:\/\/kgerad.de\/en\/wp-json\/wp\/v2\/product_tag?post=39810"}],"curies":[{"name":"wp","href":"https:\/\/api.w.org\/{rel}","templated":true}]}}