{"id":39793,"date":"2022-11-09T18:42:51","date_gmt":"2022-11-09T17:42:51","guid":{"rendered":"https:\/\/kgerad.de\/?post_type=product&#038;p=39793"},"modified":"2023-08-11T13:14:06","modified_gmt":"2023-08-11T11:14:06","slug":"cannondale-tesoro-neo-x-1-step-thru-2022","status":"publish","type":"product","link":"https:\/\/kgerad.de\/en\/product\/cannondale-tesoro-neo-x-1-step-thru-2022\/","title":{"rendered":"CANNONDALE TESORO NEO X 1 STEP-THRU 2022"},"content":{"rendered":"<h2>CANNONDALE TESORO NEO X 1 STEP-THRU 2022<\/h2>\n<p>CANNONDALE TESORO NEO X, In diesem sportlichen E-Bike steckt das rohe, wilde Herz eines Entdeckers. Mit einer riesigen Reichweite, robusten Komponenten und supergriffigen Mischreifen ist das Tesoro Neo X daf\u00fcr gemacht, all Ihre t\u00e4glichen Fahrten w\u00e4hrend der Woche zu bew\u00e4ltigen und an den Wochenenden dem Alltag zu entfliehen.<\/p>\n<p>wo es gedeiht : Stadtstra\u00dfen und Landstra\u00dfen<br \/>\nEntwickelt, um Sie zu bringen : Pendeln, Wandern, Erkunden<\/p>\n<p>Starke Punkte :<\/p>\n<p>-Starke Punkte Vollst\u00e4ndig offener SmartForm C1 Aluminiumrahmen \/ SR Suntour XCR34 Gabel, 100 mm Federweg;<br \/>\n-Shimano Deore LinkGlide 10-Gang-Antrieb \/ Magura CT hydraulische Scheibenbremsen;<br \/>\n-Intelligentes Bosch-System &#8211; Bosch Performance Line CX 250-W-Motor \/ 750-Wh-Akku \/ Funk-Bordcomputer Kiox \/ Autonomie: bis zu 175 km;<\/p>\n<p>&nbsp;<\/p>\n<h2>Zus\u00e4tzliche Information<\/h2>\n<table class=\"shop_attributes\">\n<tbody>\n<tr>\n<th class=\"attr_header\" colspan=\"2\"><span style=\"font-weight: 400;\">IM \u00dcBERBLICK<\/span><\/th>\n<\/tr>\n<tr>\n<th><span style=\"font-weight: 400;\">e-Bike Typ<\/span><\/th>\n<td>Trekking e-Bike<\/td>\n<\/tr>\n<tr>\n<th><span style=\"font-weight: 400;\">Modelljahr<\/span><\/th>\n<td>2022<\/td>\n<\/tr>\n<tr>\n<th><span style=\"font-weight: 400;\">Motorunterst\u00fctzung<\/span><\/th>\n<td>25<\/td>\n<\/tr>\n<tr>\n<th><span style=\"font-weight: 400;\">Schaltung Hersteller<\/span><\/th>\n<td>Shimano<\/td>\n<\/tr>\n<tr>\n<th><span style=\"font-weight: 400;\">Schaltungstyp<\/span><\/th>\n<td>Kettenschaltung<\/td>\n<\/tr>\n<tr>\n<th><span style=\"font-weight: 400;\">Federung<\/span><\/th>\n<td>Federgabel<\/td>\n<\/tr>\n<tr>\n<th><span style=\"font-weight: 400;\">Bremsentyp<\/span><\/th>\n<td>Hydraulische Scheibenbremse<\/td>\n<\/tr>\n<tr>\n<th><span style=\"font-weight: 400;\">Farbe<\/span><\/th>\n<td>schwarz, lila, grau, silber<\/td>\n<\/tr>\n<tr>\n<th><span style=\"font-weight: 400;\">Rahmengr\u00f6\u00dfe<\/span><\/th>\n<td>SM, MD, LG<\/td>\n<\/tr>\n<tr>\n<th><span style=\"font-weight: 400;\">Reifengr\u00f6\u00dfe<\/span><\/th>\n<td>27,5&#8220;, 29&#8220;<\/td>\n<\/tr>\n<tr>\n<th><span style=\"font-weight: 400;\">Rahmenform<\/span><\/th>\n<td>Trapez<\/td>\n<\/tr>\n<tr>\n<th class=\"attr_header\" colspan=\"2\"><span style=\"font-weight: 400;\">ANTRIEBSEINHEIT<\/span><\/th>\n<\/tr>\n<tr>\n<th><span style=\"font-weight: 400;\">Motor<\/span><\/th>\n<td>Bosch Performance Line CX Smart System 36V 250W<\/td>\n<\/tr>\n<tr>\n<th><span style=\"font-weight: 400;\">Akku<\/span><\/th>\n<td>750 Wh<\/td>\n<\/tr>\n<tr>\n<th><span style=\"font-weight: 400;\">Display<\/span><\/th>\n<td>Bosch Kiox 300 mit LED Remote<\/td>\n<\/tr>\n<tr>\n<th><span style=\"font-weight: 400;\">Ladeger\u00e4t<\/span><\/th>\n<td>Bosch, 4A<\/td>\n<\/tr>\n<tr>\n<th class=\"attr_header\" colspan=\"2\"><span style=\"font-weight: 400;\">SCHALTUNG &amp; ANTRIEB<\/span><\/th>\n<\/tr>\n<tr>\n<th><span style=\"font-weight: 400;\">Schaltung<\/span><\/th>\n<td>Shimano Deore Linkglide, 10-Gang Kettenschaltung<\/td>\n<\/tr>\n<tr>\n<th><span style=\"font-weight: 400;\">Schalthebel<\/span><\/th>\n<td>Shimano Deore Linkglide, 10-Gang<\/td>\n<\/tr>\n<tr>\n<th><span style=\"font-weight: 400;\">Schaltwerk<\/span><\/th>\n<td>Shimano Deore Linkglide Shadow RD+, 10-Gang<\/td>\n<\/tr>\n<tr>\n<th><span style=\"font-weight: 400;\">Kurbelsatz<\/span><\/th>\n<td>Bosch GEN4, 38T<\/td>\n<\/tr>\n<tr>\n<th><span style=\"font-weight: 400;\">Kassette<\/span><\/th>\n<td>Shimano Deore Linkglide, 10-Gang, 11-43T<\/td>\n<\/tr>\n<tr>\n<th><span style=\"font-weight: 400;\">Kette<\/span><\/th>\n<td>Shimano Deore Linkglide, 10-Gang<\/td>\n<\/tr>\n<tr>\n<th class=\"attr_header\" colspan=\"2\"><span style=\"font-weight: 400;\">RAHMEN &amp; GABEL<\/span><\/th>\n<\/tr>\n<tr>\n<th><span style=\"font-weight: 400;\">Rahmen<\/span><\/th>\n<td>SmartForm C1 Alloy Step-Thru, interne Kabelf\u00fchrung<\/td>\n<\/tr>\n<tr>\n<th><span style=\"font-weight: 400;\">Gabel<\/span><\/th>\n<td>SR Suntour XCR34, Coil, Boost Spacing, 44 mm offset (SM)\/51 mm offset (MD, LG), 100 mm Federweg<\/td>\n<\/tr>\n<tr>\n<th><span style=\"font-weight: 400;\">Steuersatz<\/span><\/th>\n<td>Integrated Sealed Bearing, Tapered<\/td>\n<\/tr>\n<tr>\n<th class=\"attr_header\" colspan=\"2\"><span style=\"font-weight: 400;\">BREMSE<\/span><\/th>\n<\/tr>\n<tr>\n<th><span style=\"font-weight: 400;\">Bremsanlage<\/span><\/th>\n<td>Magura CT, hydraulische Scheibenbremse, 2-Kolben, MDR-C Rotoren, v: 203 mm\/h: 180 mm<\/td>\n<\/tr>\n<tr>\n<th><span style=\"font-weight: 400;\">Bremshebel<\/span><\/th>\n<td>Magura CT hydraulic disc<\/td>\n<\/tr>\n<tr>\n<th class=\"attr_header\" colspan=\"2\"><span style=\"font-weight: 400;\">LAUFR\u00c4DER<\/span><\/th>\n<\/tr>\n<tr>\n<th><span style=\"font-weight: 400;\">Felgen<\/span><\/th>\n<td>WTB STX i30 TCS, 32h, tubeless ready<\/td>\n<\/tr>\n<tr>\n<th><span style=\"font-weight: 400;\">Naben (V\/H)<\/span><\/th>\n<td>Shimano MT400, 15 x 110 mm Steckachse \/ Shimano R600, 32H, QR<\/td>\n<\/tr>\n<tr>\n<th><span style=\"font-weight: 400;\">Speichen<\/span><\/th>\n<td>Rostfreier Stahl, 14 g<\/td>\n<\/tr>\n<tr>\n<th><span style=\"font-weight: 400;\">Reifen<\/span><\/th>\n<td>Maxxis Pace, 27,5 x 2,1&#8220;, 53-584 (SM)\/Maxxis Pace, 29 x 2,1&#8220;, 53-622 (MD, LG)<\/td>\n<\/tr>\n<tr>\n<th class=\"attr_header\" colspan=\"2\"><span style=\"font-weight: 400;\">COCKPIT<\/span><\/th>\n<\/tr>\n<tr>\n<th><span style=\"font-weight: 400;\">Lenker<\/span><\/th>\n<td>Cannondale Trekking, 31,8 mm<\/td>\n<\/tr>\n<tr>\n<th><span style=\"font-weight: 400;\">Vorbau<\/span><\/th>\n<td>Cannondale Urban, verstellbar, interne Kabelf\u00fchrung<\/td>\n<\/tr>\n<tr>\n<th><span style=\"font-weight: 400;\">Lenkergriffe<\/span><\/th>\n<td>Cannondale Ergo Fitness Dual Density, Lock-On<\/td>\n<\/tr>\n<tr>\n<th><span style=\"font-weight: 400;\">Sattelst\u00fctze<\/span><\/th>\n<td>Parallelogram Suspension Seatpost, 31,6 x 300 mm (SM)\/350 mm (MD)\/400 mm (LG, XL)<\/td>\n<\/tr>\n<tr>\n<th><span style=\"font-weight: 400;\">Pedale<\/span><\/th>\n<td>Cannondale Fitness<\/td>\n<\/tr>\n<tr>\n<th><span style=\"font-weight: 400;\">Sattel<\/span><\/th>\n<td>Selle Royale Lookin<\/td>\n<\/tr>\n<tr>\n<th class=\"attr_header\" colspan=\"2\"><span style=\"font-weight: 400;\">AUSSTATTUNG<\/span><\/th>\n<\/tr>\n<tr>\n<th><span style=\"font-weight: 400;\">Frontlicht<\/span><\/th>\n<td>AXA Blueline 30, 30 Lux<\/td>\n<\/tr>\n<tr>\n<th><span style=\"font-weight: 400;\">R\u00fccklicht<\/span><\/th>\n<td>AXA Blueline<\/td>\n<\/tr>\n<tr>\n<th><span style=\"font-weight: 400;\">Gep\u00e4cktr\u00e4ger<\/span><\/th>\n<td>Tubus rear rack, maximal 25 kg, Racktime kompatibel<\/td>\n<\/tr>\n<tr>\n<th><span style=\"font-weight: 400;\">Schutzbleche<\/span><\/th>\n<td>Curana Apollo<\/td>\n<\/tr>\n<tr>\n<th><span style=\"font-weight: 400;\">St\u00e4nder<\/span><\/th>\n<td>Kickstand<\/td>\n<\/tr>\n<tr>\n<th><span style=\"font-weight: 400;\">Schloss<\/span><\/th>\n<td>ABUS 4650X Rahmenschloss, gleichschliessend mit Akkuschloss<\/td>\n<\/tr>\n<tr>\n<th class=\"attr_header\" colspan=\"2\"><span style=\"font-weight: 400;\">SONSTIGES<\/span><\/th>\n<\/tr>\n<tr>\n<th><span style=\"font-weight: 400;\">Gewicht<\/span><\/th>\n<td>24 kg<\/td>\n<\/tr>\n<\/tbody>\n<\/table>","protected":false},"excerpt":{"rendered":"<p>CANNONDALE TESORO NEO X 1 STEP-THRU 2022 CANNONDALE TESORO NEO X, In diesem sportlichen E-Bike steckt das rohe, wilde Herz<\/p>","protected":false},"featured_media":61714,"comment_status":"open","ping_status":"closed","template":"","meta":[],"product_brand":[],"product_cat":[33,247,35,281],"product_tag":[],"class_list":{"0":"post-39793","1":"product","2":"type-product","3":"status-publish","4":"has-post-thumbnail","6":"product_cat-e-bike","7":"product_cat-e-bike-trekking","8":"product_cat-e-bikes-2022","9":"product_cat-e-fahrrad","10":"pa_marke-cannondale","12":"first","13":"instock","14":"sale","15":"taxable","16":"shipping-taxable","17":"purchasable","18":"product-type-variable"},"yoast_head":"<!-- This site is optimized with the Yoast SEO Premium plugin v20.12 (Yoast SEO v27.1.1) - https:\/\/yoast.com\/product\/yoast-seo-premium-wordpress\/ -->\n<title>CANNONDALE TESORO NEO X 1 STEP-THRU 2022<\/title>\n<meta name=\"description\" content=\"Entdecken Sie unseren Online-Fahrradladen: Gro\u00dfe Auswahl an Modellen f\u00fcr alle Radsportbegeisterten. Von Rennr\u00e4dern bis zu Mountainbikes - finden Sie heute Ihren perfekten Wegbegleiter!\" \/>\n<meta name=\"robots\" content=\"index, follow, max-snippet:-1, max-image-preview:large, max-video-preview:-1\" \/>\n<link rel=\"canonical\" href=\"https:\/\/kgerad.de\/en\/product\/cannondale-tesoro-neo-x-1-step-thru-2022\/\" \/>\n<meta property=\"og:locale\" content=\"en_US\" \/>\n<meta property=\"og:type\" content=\"article\" \/>\n<meta property=\"og:title\" content=\"CANNONDALE TESORO NEO X 1 STEP-THRU 2022\" \/>\n<meta property=\"og:description\" content=\"Entdecken Sie unseren Online-Fahrradladen: Gro\u00dfe Auswahl an Modellen f\u00fcr alle Radsportbegeisterten. Von Rennr\u00e4dern bis zu Mountainbikes - finden Sie heute Ihren perfekten Wegbegleiter!\" \/>\n<meta property=\"og:url\" content=\"https:\/\/kgerad.de\/en\/product\/cannondale-tesoro-neo-x-1-step-thru-2022\/\" \/>\n<meta property=\"og:site_name\" content=\"kgerad.de\" \/>\n<meta property=\"article:modified_time\" content=\"2023-08-11T11:14:06+00:00\" \/>\n<meta property=\"og:image\" content=\"https:\/\/kgerad.de\/wp-content\/uploads\/2023\/06\/cannondale-tesoro-neo-x-1-step-thru-2022-600x359-1.jpg\" \/>\n\t<meta property=\"og:image:width\" content=\"600\" \/>\n\t<meta property=\"og:image:height\" content=\"359\" \/>\n\t<meta property=\"og:image:type\" content=\"image\/jpeg\" \/>\n<meta name=\"twitter:card\" content=\"summary_large_image\" \/>\n<meta name=\"twitter:label1\" content=\"Est. reading time\" \/>\n\t<meta name=\"twitter:data1\" content=\"3 minutes\" \/>\n<script type=\"application\/ld+json\" class=\"yoast-schema-graph\">{\"@context\":\"https:\/\/schema.org\",\"@graph\":[{\"@type\":\"WebPage\",\"@id\":\"https:\/\/kgerad.de\/produkt\/cannondale-tesoro-neo-x-1-step-thru-2022\/\",\"url\":\"https:\/\/kgerad.de\/produkt\/cannondale-tesoro-neo-x-1-step-thru-2022\/\",\"name\":\"CANNONDALE TESORO NEO X 1 STEP-THRU 2022\",\"isPartOf\":{\"@id\":\"https:\/\/kgerad.de\/#website\"},\"primaryImageOfPage\":{\"@id\":\"https:\/\/kgerad.de\/produkt\/cannondale-tesoro-neo-x-1-step-thru-2022\/#primaryimage\"},\"image\":{\"@id\":\"https:\/\/kgerad.de\/produkt\/cannondale-tesoro-neo-x-1-step-thru-2022\/#primaryimage\"},\"thumbnailUrl\":\"https:\/\/kgerad.de\/wp-content\/uploads\/2023\/06\/cannondale-tesoro-neo-x-1-step-thru-2022-600x359-1.jpg\",\"datePublished\":\"2022-11-09T17:42:51+00:00\",\"dateModified\":\"2023-08-11T11:14:06+00:00\",\"description\":\"Entdecken Sie unseren Online-Fahrradladen: Gro\u00dfe Auswahl an Modellen f\u00fcr alle Radsportbegeisterten. Von Rennr\u00e4dern bis zu Mountainbikes - finden Sie heute Ihren perfekten Wegbegleiter!\",\"breadcrumb\":{\"@id\":\"https:\/\/kgerad.de\/produkt\/cannondale-tesoro-neo-x-1-step-thru-2022\/#breadcrumb\"},\"inLanguage\":\"en-US\",\"potentialAction\":[{\"@type\":\"ReadAction\",\"target\":[\"https:\/\/kgerad.de\/produkt\/cannondale-tesoro-neo-x-1-step-thru-2022\/\"]}]},{\"@type\":\"ImageObject\",\"inLanguage\":\"en-US\",\"@id\":\"https:\/\/kgerad.de\/produkt\/cannondale-tesoro-neo-x-1-step-thru-2022\/#primaryimage\",\"url\":\"https:\/\/kgerad.de\/wp-content\/uploads\/2023\/06\/cannondale-tesoro-neo-x-1-step-thru-2022-600x359-1.jpg\",\"contentUrl\":\"https:\/\/kgerad.de\/wp-content\/uploads\/2023\/06\/cannondale-tesoro-neo-x-1-step-thru-2022-600x359-1.jpg\",\"width\":600,\"height\":359,\"caption\":\"CANNONDALE TESORO NEO X 1 STEP-THRU 2022\"},{\"@type\":\"BreadcrumbList\",\"@id\":\"https:\/\/kgerad.de\/produkt\/cannondale-tesoro-neo-x-1-step-thru-2022\/#breadcrumb\",\"itemListElement\":[{\"@type\":\"ListItem\",\"position\":1,\"name\":\"Startseite\",\"item\":\"https:\/\/kgerad.de\/\"},{\"@type\":\"ListItem\",\"position\":2,\"name\":\"LADEN\",\"item\":\"https:\/\/kgerad.de\/laden\/\"},{\"@type\":\"ListItem\",\"position\":3,\"name\":\"CANNONDALE TESORO NEO X 1 STEP-THRU 2022\"}]},{\"@type\":\"WebSite\",\"@id\":\"https:\/\/kgerad.de\/#website\",\"url\":\"https:\/\/kgerad.de\/\",\"name\":\"kgerad.de\",\"description\":\"Treten Sie mit uns ins Abenteuer!\",\"publisher\":{\"@id\":\"https:\/\/kgerad.de\/#organization\"},\"alternateName\":\"MEIN RADLADEN\",\"potentialAction\":[{\"@type\":\"SearchAction\",\"target\":{\"@type\":\"EntryPoint\",\"urlTemplate\":\"https:\/\/kgerad.de\/?s={search_term_string}\"},\"query-input\":{\"@type\":\"PropertyValueSpecification\",\"valueRequired\":true,\"valueName\":\"search_term_string\"}}],\"inLanguage\":\"en-US\"},{\"@type\":\"Organization\",\"@id\":\"https:\/\/kgerad.de\/#organization\",\"name\":\"MEINRADLADEN\",\"alternateName\":\"MEIN RADLADEN\",\"url\":\"https:\/\/kgerad.de\/\",\"logo\":{\"@type\":\"ImageObject\",\"inLanguage\":\"en-US\",\"@id\":\"https:\/\/kgerad.de\/#\/schema\/logo\/image\/\",\"url\":\"https:\/\/kgerad.de\/wp-content\/uploads\/2025\/07\/logo-Whit.svg\",\"contentUrl\":\"https:\/\/kgerad.de\/wp-content\/uploads\/2025\/07\/logo-Whit.svg\",\"width\":1640,\"height\":371,\"caption\":\"MEINRADLADEN\"},\"image\":{\"@id\":\"https:\/\/kgerad.de\/#\/schema\/logo\/image\/\"}}]}<\/script>\n<!-- \/ Yoast SEO Premium plugin. -->","yoast_head_json":{"title":"CANNONDALE TESORO NEO X 1 STEP-THRU 2022","description":"Entdecken Sie unseren Online-Fahrradladen: Gro\u00dfe Auswahl an Modellen f\u00fcr alle Radsportbegeisterten. Von Rennr\u00e4dern bis zu Mountainbikes - finden Sie heute Ihren perfekten Wegbegleiter!","robots":{"index":"index","follow":"follow","max-snippet":"max-snippet:-1","max-image-preview":"max-image-preview:large","max-video-preview":"max-video-preview:-1"},"canonical":"https:\/\/kgerad.de\/en\/product\/cannondale-tesoro-neo-x-1-step-thru-2022\/","og_locale":"en_US","og_type":"article","og_title":"CANNONDALE TESORO NEO X 1 STEP-THRU 2022","og_description":"Entdecken Sie unseren Online-Fahrradladen: Gro\u00dfe Auswahl an Modellen f\u00fcr alle Radsportbegeisterten. Von Rennr\u00e4dern bis zu Mountainbikes - finden Sie heute Ihren perfekten Wegbegleiter!","og_url":"https:\/\/kgerad.de\/en\/product\/cannondale-tesoro-neo-x-1-step-thru-2022\/","og_site_name":"kgerad.de","article_modified_time":"2023-08-11T11:14:06+00:00","og_image":[{"width":600,"height":359,"url":"https:\/\/kgerad.de\/wp-content\/uploads\/2023\/06\/cannondale-tesoro-neo-x-1-step-thru-2022-600x359-1.jpg","type":"image\/jpeg"}],"twitter_card":"summary_large_image","twitter_misc":{"Est. reading time":"3 minutes"},"schema":{"@context":"https:\/\/schema.org","@graph":[{"@type":"WebPage","@id":"https:\/\/kgerad.de\/produkt\/cannondale-tesoro-neo-x-1-step-thru-2022\/","url":"https:\/\/kgerad.de\/produkt\/cannondale-tesoro-neo-x-1-step-thru-2022\/","name":"CANNONDALE TESORO NEO X 1 STEP-THRU 2022","isPartOf":{"@id":"https:\/\/kgerad.de\/#website"},"primaryImageOfPage":{"@id":"https:\/\/kgerad.de\/produkt\/cannondale-tesoro-neo-x-1-step-thru-2022\/#primaryimage"},"image":{"@id":"https:\/\/kgerad.de\/produkt\/cannondale-tesoro-neo-x-1-step-thru-2022\/#primaryimage"},"thumbnailUrl":"https:\/\/kgerad.de\/wp-content\/uploads\/2023\/06\/cannondale-tesoro-neo-x-1-step-thru-2022-600x359-1.jpg","datePublished":"2022-11-09T17:42:51+00:00","dateModified":"2023-08-11T11:14:06+00:00","description":"Entdecken Sie unseren Online-Fahrradladen: Gro\u00dfe Auswahl an Modellen f\u00fcr alle Radsportbegeisterten. Von Rennr\u00e4dern bis zu Mountainbikes - finden Sie heute Ihren perfekten Wegbegleiter!","breadcrumb":{"@id":"https:\/\/kgerad.de\/produkt\/cannondale-tesoro-neo-x-1-step-thru-2022\/#breadcrumb"},"inLanguage":"en-US","potentialAction":[{"@type":"ReadAction","target":["https:\/\/kgerad.de\/produkt\/cannondale-tesoro-neo-x-1-step-thru-2022\/"]}]},{"@type":"ImageObject","inLanguage":"en-US","@id":"https:\/\/kgerad.de\/produkt\/cannondale-tesoro-neo-x-1-step-thru-2022\/#primaryimage","url":"https:\/\/kgerad.de\/wp-content\/uploads\/2023\/06\/cannondale-tesoro-neo-x-1-step-thru-2022-600x359-1.jpg","contentUrl":"https:\/\/kgerad.de\/wp-content\/uploads\/2023\/06\/cannondale-tesoro-neo-x-1-step-thru-2022-600x359-1.jpg","width":600,"height":359,"caption":"CANNONDALE TESORO NEO X 1 STEP-THRU 2022"},{"@type":"BreadcrumbList","@id":"https:\/\/kgerad.de\/produkt\/cannondale-tesoro-neo-x-1-step-thru-2022\/#breadcrumb","itemListElement":[{"@type":"ListItem","position":1,"name":"Startseite","item":"https:\/\/kgerad.de\/"},{"@type":"ListItem","position":2,"name":"LADEN","item":"https:\/\/kgerad.de\/laden\/"},{"@type":"ListItem","position":3,"name":"CANNONDALE TESORO NEO X 1 STEP-THRU 2022"}]},{"@type":"WebSite","@id":"https:\/\/kgerad.de\/#website","url":"https:\/\/kgerad.de\/","name":"kgerad.de","description":"Treten Sie mit uns ins Abenteuer!","publisher":{"@id":"https:\/\/kgerad.de\/#organization"},"alternateName":"MEIN RADLADEN","potentialAction":[{"@type":"SearchAction","target":{"@type":"EntryPoint","urlTemplate":"https:\/\/kgerad.de\/?s={search_term_string}"},"query-input":{"@type":"PropertyValueSpecification","valueRequired":true,"valueName":"search_term_string"}}],"inLanguage":"en-US"},{"@type":"Organization","@id":"https:\/\/kgerad.de\/#organization","name":"MEINRADLADEN","alternateName":"MEIN RADLADEN","url":"https:\/\/kgerad.de\/","logo":{"@type":"ImageObject","inLanguage":"en-US","@id":"https:\/\/kgerad.de\/#\/schema\/logo\/image\/","url":"https:\/\/kgerad.de\/wp-content\/uploads\/2025\/07\/logo-Whit.svg","contentUrl":"https:\/\/kgerad.de\/wp-content\/uploads\/2025\/07\/logo-Whit.svg","width":1640,"height":371,"caption":"MEINRADLADEN"},"image":{"@id":"https:\/\/kgerad.de\/#\/schema\/logo\/image\/"}}]}},"_links":{"self":[{"href":"https:\/\/kgerad.de\/en\/wp-json\/wp\/v2\/product\/39793","targetHints":{"allow":["GET"]}}],"collection":[{"href":"https:\/\/kgerad.de\/en\/wp-json\/wp\/v2\/product"}],"about":[{"href":"https:\/\/kgerad.de\/en\/wp-json\/wp\/v2\/types\/product"}],"replies":[{"embeddable":true,"href":"https:\/\/kgerad.de\/en\/wp-json\/wp\/v2\/comments?post=39793"}],"version-history":[{"count":2,"href":"https:\/\/kgerad.de\/en\/wp-json\/wp\/v2\/product\/39793\/revisions"}],"predecessor-version":[{"id":79671,"href":"https:\/\/kgerad.de\/en\/wp-json\/wp\/v2\/product\/39793\/revisions\/79671"}],"wp:featuredmedia":[{"embeddable":true,"href":"https:\/\/kgerad.de\/en\/wp-json\/wp\/v2\/media\/61714"}],"wp:attachment":[{"href":"https:\/\/kgerad.de\/en\/wp-json\/wp\/v2\/media?parent=39793"}],"wp:term":[{"taxonomy":"product_brand","embeddable":true,"href":"https:\/\/kgerad.de\/en\/wp-json\/wp\/v2\/product_brand?post=39793"},{"taxonomy":"product_cat","embeddable":true,"href":"https:\/\/kgerad.de\/en\/wp-json\/wp\/v2\/product_cat?post=39793"},{"taxonomy":"product_tag","embeddable":true,"href":"https:\/\/kgerad.de\/en\/wp-json\/wp\/v2\/product_tag?post=39793"}],"curies":[{"name":"wp","href":"https:\/\/api.w.org\/{rel}","templated":true}]}}