{"id":39743,"date":"2022-11-09T18:01:15","date_gmt":"2022-11-09T17:01:15","guid":{"rendered":"https:\/\/kgerad.de\/?post_type=product&#038;p=39743"},"modified":"2023-08-11T13:14:12","modified_gmt":"2023-08-11T11:14:12","slug":"cannondale-tesoro-neo-x-1-2022","status":"publish","type":"product","link":"https:\/\/kgerad.de\/en\/product\/cannondale-tesoro-neo-x-1-2022\/","title":{"rendered":"CANNONDALE TESORO NEO X 1 2022"},"content":{"rendered":"<h2 class=\"product_title entry-title\">CANNONDALE TESORO NEO X 1 2022<\/h2>\n<p>CANNONDALE TESORO NEO Exakt wie ein Uhrwerk wechselt die Shimano SLX Kettenschaltung durch die G\u00e4nge damit Sie, egal ob bergauf oder bergab, mit konstanter Kadenz in die Pedale treten k\u00f6nnen. Der Mittelmotor von Bosch greift Ihnen dabei helfend unter die Arme, damit Sie sich nicht nur auf Ihre Beine verlassen m\u00fcssen. Er hat mit 250 Watt eine zuverl\u00e4ssige Schubhilfe bei einer Geschwindigkeit bis zu 25 km\/h. Mit dem starken 500 Wh Akku ist das Rad wie gemacht f\u00fcr Tagesausfl\u00fcge. Damit Sie dabei nicht zu schnell den Berg wieder hinunter fahren gibt Cannondale Ihnen eine hydraulische Scheibenbremse mit auf die Reise die Sie auch mit Gep\u00e4ck zuverl\u00e4ssig zum Stehen bringt. Die Rahmenform und die erstklassischen Komponenten bieten alle M\u00f6glichkeiten&#8230;Wie Sie dieses motorunterst\u00fctzte Rad nutzen liegt ganz allein an Ihnen.<\/p>\n<p>Nat\u00fcrlich kommt das Ladeger\u00e4t gleich mit.<\/p>\n<p>Falls Fragen auftauchen oder Sie mit der Rahmengr\u00f6\u00dfe nicht sicher sind, bitten wir Sie um einen Anruf oder senden Sie eine Mail, wir beraten Sie gerne.<\/p>\n<h2>Zus\u00e4tzliche Information<\/h2>\n<table class=\"shop_attributes\">\n<tbody>\n<tr>\n<th class=\"attr_header\" colspan=\"2\">IM \u00dcBERBLICK<\/th>\n<\/tr>\n<tr>\n<th>e-Bike Typ<\/th>\n<td>Trekking e-Bike<\/td>\n<\/tr>\n<tr>\n<th>Modelljahr<\/th>\n<td>2022<\/td>\n<\/tr>\n<tr>\n<th>Motorunterst\u00fctzung<\/th>\n<td>25<\/td>\n<\/tr>\n<tr>\n<th>Schaltung Hersteller<\/th>\n<td>Shimano<\/td>\n<\/tr>\n<tr>\n<th>Schaltungstyp<\/th>\n<td>Kettenschaltung<\/td>\n<\/tr>\n<tr>\n<th>Federung<\/th>\n<td>Federgabel<\/td>\n<\/tr>\n<tr>\n<th>Bremsentyp<\/th>\n<td>Hydraulische Scheibenbremse<\/td>\n<\/tr>\n<tr>\n<th>Farbe<\/th>\n<td>schwarz, blau, grau, silber<\/td>\n<\/tr>\n<tr>\n<th>Rahmengr\u00f6\u00dfe<\/th>\n<td>SM, MD, LG, XL<\/td>\n<\/tr>\n<tr>\n<th>Reifengr\u00f6\u00dfe<\/th>\n<td>27,5&#8220;, 29&#8220;<\/td>\n<\/tr>\n<tr>\n<th>Rahmenform<\/th>\n<td>Diamant<\/td>\n<\/tr>\n<tr>\n<th class=\"attr_header\" colspan=\"2\">ANTRIEBSEINHEIT<\/th>\n<\/tr>\n<tr>\n<th>Motor<\/th>\n<td>Bosch Performance Line CX Smart System 36V 250W<\/td>\n<\/tr>\n<tr>\n<th>Akku<\/th>\n<td>750 Wh<\/td>\n<\/tr>\n<tr>\n<th>Display<\/th>\n<td>Bosch Kiox 300 mit LED Remote<\/td>\n<\/tr>\n<tr>\n<th>Ladeger\u00e4t<\/th>\n<td>Bosch, 4A<\/td>\n<\/tr>\n<tr>\n<th class=\"attr_header\" colspan=\"2\">SCHALTUNG &amp; ANTRIEB<\/th>\n<\/tr>\n<tr>\n<th>Schaltung<\/th>\n<td>Shimano Deore Linkglide, 10-Gang Kettenschaltung<\/td>\n<\/tr>\n<tr>\n<th>Schalthebel<\/th>\n<td>Shimano Deore Linkglide, 10-Gang<\/td>\n<\/tr>\n<tr>\n<th>Schaltwerk<\/th>\n<td>Shimano Deore Linkglide Shadow RD+, 10-Gang<\/td>\n<\/tr>\n<tr>\n<th>Kurbelsatz<\/th>\n<td>Bosch GEN4, 38T<\/td>\n<\/tr>\n<tr>\n<th>Kassette<\/th>\n<td>Shimano Deore Linkglide, 10-Gang, 11-43T<\/td>\n<\/tr>\n<tr>\n<th>Kette<\/th>\n<td>Shimano Deore Linkglide, 10-Gang<\/td>\n<\/tr>\n<tr>\n<th class=\"attr_header\" colspan=\"2\">RAHMEN &amp; GABEL<\/th>\n<\/tr>\n<tr>\n<th>Rahmen<\/th>\n<td>SmartForm C1 Alloy, interne Kabelf\u00fchrung<\/td>\n<\/tr>\n<tr>\n<th>Gabel<\/th>\n<td>SR Suntour XCR34, Coil, Boost Spacing, 44 mm offset (SM)\/51 mm offset (MD, LG, XL), 100 mm Federweg<\/td>\n<\/tr>\n<tr>\n<th>Steuersatz<\/th>\n<td>Integrated Sealed Bearing, Tapered<\/td>\n<\/tr>\n<tr>\n<th class=\"attr_header\" colspan=\"2\">BREMSE<\/th>\n<\/tr>\n<tr>\n<th>Bremsanlage<\/th>\n<td>Magura CT, hydraulische Scheibenbremse, 2-Kolben, MDR-C Rotoren, v: 203 mm\/h: 180 mm<\/td>\n<\/tr>\n<tr>\n<th>Bremshebel<\/th>\n<td>Magura CT hydraulic disc<\/td>\n<\/tr>\n<tr>\n<th class=\"attr_header\" colspan=\"2\">LAUFR\u00c4DER<\/th>\n<\/tr>\n<tr>\n<th>Felgen<\/th>\n<td>WTB STX i30 TCS, 32h, tubeless ready<\/td>\n<\/tr>\n<tr>\n<th>Naben (V\/H)<\/th>\n<td>Shimano MT400, 15 x 110 mm Steckachse \/ Shimano R600, 32H, QR<\/td>\n<\/tr>\n<tr>\n<th>Speichen<\/th>\n<td>Rostfreier Stahl, 14 g<\/td>\n<\/tr>\n<tr>\n<th>Reifen<\/th>\n<td>Maxxis Pace, 27,5 x 2,1&#8220;, 53-584 (SM)\/Maxxis Pace, 29 x 2,1&#8220;, 53-622 (MD, LG, XL)<\/td>\n<\/tr>\n<tr>\n<th class=\"attr_header\" colspan=\"2\">COCKPIT<\/th>\n<\/tr>\n<tr>\n<th>Lenker<\/th>\n<td>Cannondale Trekking<\/td>\n<\/tr>\n<tr>\n<th>Vorbau<\/th>\n<td>Cannondale Urban, verstellbar, interne Kabelf\u00fchrung<\/td>\n<\/tr>\n<tr>\n<th>Lenkergriffe<\/th>\n<td>Cannondale Ergo Fitness Dual Density, Lock-On<\/td>\n<\/tr>\n<tr>\n<th>Sattelst\u00fctze<\/th>\n<td>Parallelogram Suspension Seatpost, 31,6 x 300 mm (SM)\/350 mm(MD)\/400 mm (LG, XL)<\/td>\n<\/tr>\n<tr>\n<th>Pedale<\/th>\n<td>Cannondale Fitness<\/td>\n<\/tr>\n<tr>\n<th>Sattel<\/th>\n<td>Selle Royale Lookin<\/td>\n<\/tr>\n<tr>\n<th class=\"attr_header\" colspan=\"2\">AUSSTATTUNG<\/th>\n<\/tr>\n<tr>\n<th>Frontlicht<\/th>\n<td>AXA Blueline 30, 30 Lux<\/td>\n<\/tr>\n<tr>\n<th>R\u00fccklicht<\/th>\n<td>AXA Blueline<\/td>\n<\/tr>\n<tr>\n<th>Gep\u00e4cktr\u00e4ger<\/th>\n<td>Tubus rear rack, maximal 25 kg, Racktime kompatibel<\/td>\n<\/tr>\n<tr>\n<th>Schutzbleche<\/th>\n<td>Curana Apollo<\/td>\n<\/tr>\n<tr>\n<th>St\u00e4nder<\/th>\n<td>Kickstand<\/td>\n<\/tr>\n<tr>\n<th>Schloss<\/th>\n<td>ABUS 4650X Rahmenschloss, gleichschliessend mit Akkuschloss<\/td>\n<\/tr>\n<tr>\n<th class=\"attr_header\" colspan=\"2\">SONSTIGES<\/th>\n<\/tr>\n<tr>\n<th>Gewicht<\/th>\n<td>24 kg<\/td>\n<\/tr>\n<\/tbody>\n<\/table>","protected":false},"excerpt":{"rendered":"<p>CANNONDALE TESORO NEO X 1 2022 CANNONDALE TESORO NEO Exakt wie ein Uhrwerk wechselt die Shimano SLX Kettenschaltung durch die<\/p>","protected":false},"featured_media":61713,"comment_status":"open","ping_status":"closed","template":"","meta":[],"product_brand":[],"product_cat":[33,247,35,281],"product_tag":[],"class_list":{"0":"post-39743","1":"product","2":"type-product","3":"status-publish","4":"has-post-thumbnail","6":"product_cat-e-bike","7":"product_cat-e-bike-trekking","8":"product_cat-e-bikes-2022","9":"product_cat-e-fahrrad","10":"pa_marke-cannondale","12":"first","13":"instock","14":"sale","15":"taxable","16":"shipping-taxable","17":"purchasable","18":"product-type-variable"},"yoast_head":"<!-- This site is optimized with the Yoast SEO Premium plugin v20.12 (Yoast SEO v27.1.1) - https:\/\/yoast.com\/product\/yoast-seo-premium-wordpress\/ -->\n<title>CANNONDALE TESORO NEO X 1 2022<\/title>\n<meta name=\"description\" content=\"kgerad.de bietet Ihnen das CANNONDALE TESORO NEO X 1 2022 zum besten Preis mit kostenlosem Versand in ganz Europa\" \/>\n<meta name=\"robots\" content=\"index, follow, max-snippet:-1, max-image-preview:large, max-video-preview:-1\" \/>\n<link rel=\"canonical\" href=\"https:\/\/kgerad.de\/en\/product\/cannondale-tesoro-neo-x-1-2022\/\" \/>\n<meta property=\"og:locale\" content=\"en_US\" \/>\n<meta property=\"og:type\" content=\"article\" \/>\n<meta property=\"og:title\" content=\"CANNONDALE TESORO NEO X 1 2022\" \/>\n<meta property=\"og:description\" content=\"Entdecken Sie unseren Online-Fahrradladen: Gro\u00dfe Auswahl an Modellen f\u00fcr alle Radsportbegeisterten. Von Rennr\u00e4dern bis zu Mountainbikes - finden Sie heute Ihren perfekten Wegbegleiter!\" \/>\n<meta property=\"og:url\" content=\"https:\/\/kgerad.de\/en\/product\/cannondale-tesoro-neo-x-1-2022\/\" \/>\n<meta property=\"og:site_name\" content=\"kgerad.de\" \/>\n<meta property=\"article:modified_time\" content=\"2023-08-11T11:14:12+00:00\" \/>\n<meta property=\"og:image\" content=\"https:\/\/kgerad.de\/wp-content\/uploads\/2023\/06\/cannondale-tesoro-neo-x-1-2022-600x356-1.jpg\" \/>\n\t<meta property=\"og:image:width\" content=\"600\" \/>\n\t<meta property=\"og:image:height\" content=\"356\" \/>\n\t<meta property=\"og:image:type\" content=\"image\/jpeg\" \/>\n<meta name=\"twitter:card\" content=\"summary_large_image\" \/>\n<meta name=\"twitter:label1\" content=\"Est. reading time\" \/>\n\t<meta name=\"twitter:data1\" content=\"3 minutes\" \/>\n<script type=\"application\/ld+json\" class=\"yoast-schema-graph\">{\"@context\":\"https:\/\/schema.org\",\"@graph\":[{\"@type\":\"WebPage\",\"@id\":\"https:\/\/kgerad.de\/produkt\/cannondale-tesoro-neo-x-1-2022\/\",\"url\":\"https:\/\/kgerad.de\/produkt\/cannondale-tesoro-neo-x-1-2022\/\",\"name\":\"CANNONDALE TESORO NEO X 1 2022\",\"isPartOf\":{\"@id\":\"https:\/\/kgerad.de\/#website\"},\"primaryImageOfPage\":{\"@id\":\"https:\/\/kgerad.de\/produkt\/cannondale-tesoro-neo-x-1-2022\/#primaryimage\"},\"image\":{\"@id\":\"https:\/\/kgerad.de\/produkt\/cannondale-tesoro-neo-x-1-2022\/#primaryimage\"},\"thumbnailUrl\":\"https:\/\/kgerad.de\/wp-content\/uploads\/2023\/06\/cannondale-tesoro-neo-x-1-2022-600x356-1.jpg\",\"datePublished\":\"2022-11-09T17:01:15+00:00\",\"dateModified\":\"2023-08-11T11:14:12+00:00\",\"description\":\"kgerad.de bietet Ihnen das CANNONDALE TESORO NEO X 1 2022 zum besten Preis mit kostenlosem Versand in ganz Europa\",\"breadcrumb\":{\"@id\":\"https:\/\/kgerad.de\/produkt\/cannondale-tesoro-neo-x-1-2022\/#breadcrumb\"},\"inLanguage\":\"en-US\",\"potentialAction\":[{\"@type\":\"ReadAction\",\"target\":[\"https:\/\/kgerad.de\/produkt\/cannondale-tesoro-neo-x-1-2022\/\"]}]},{\"@type\":\"ImageObject\",\"inLanguage\":\"en-US\",\"@id\":\"https:\/\/kgerad.de\/produkt\/cannondale-tesoro-neo-x-1-2022\/#primaryimage\",\"url\":\"https:\/\/kgerad.de\/wp-content\/uploads\/2023\/06\/cannondale-tesoro-neo-x-1-2022-600x356-1.jpg\",\"contentUrl\":\"https:\/\/kgerad.de\/wp-content\/uploads\/2023\/06\/cannondale-tesoro-neo-x-1-2022-600x356-1.jpg\",\"width\":600,\"height\":356,\"caption\":\"CANNONDALE TESORO NEO X 1 2022\"},{\"@type\":\"BreadcrumbList\",\"@id\":\"https:\/\/kgerad.de\/produkt\/cannondale-tesoro-neo-x-1-2022\/#breadcrumb\",\"itemListElement\":[{\"@type\":\"ListItem\",\"position\":1,\"name\":\"Startseite\",\"item\":\"https:\/\/kgerad.de\/\"},{\"@type\":\"ListItem\",\"position\":2,\"name\":\"LADEN\",\"item\":\"https:\/\/kgerad.de\/laden\/\"},{\"@type\":\"ListItem\",\"position\":3,\"name\":\"CANNONDALE TESORO NEO X 1 2022\"}]},{\"@type\":\"WebSite\",\"@id\":\"https:\/\/kgerad.de\/#website\",\"url\":\"https:\/\/kgerad.de\/\",\"name\":\"kgerad.de\",\"description\":\"Treten Sie mit uns ins Abenteuer!\",\"publisher\":{\"@id\":\"https:\/\/kgerad.de\/#organization\"},\"alternateName\":\"MEIN RADLADEN\",\"potentialAction\":[{\"@type\":\"SearchAction\",\"target\":{\"@type\":\"EntryPoint\",\"urlTemplate\":\"https:\/\/kgerad.de\/?s={search_term_string}\"},\"query-input\":{\"@type\":\"PropertyValueSpecification\",\"valueRequired\":true,\"valueName\":\"search_term_string\"}}],\"inLanguage\":\"en-US\"},{\"@type\":\"Organization\",\"@id\":\"https:\/\/kgerad.de\/#organization\",\"name\":\"MEINRADLADEN\",\"alternateName\":\"MEIN RADLADEN\",\"url\":\"https:\/\/kgerad.de\/\",\"logo\":{\"@type\":\"ImageObject\",\"inLanguage\":\"en-US\",\"@id\":\"https:\/\/kgerad.de\/#\/schema\/logo\/image\/\",\"url\":\"https:\/\/kgerad.de\/wp-content\/uploads\/2025\/07\/logo-Whit.svg\",\"contentUrl\":\"https:\/\/kgerad.de\/wp-content\/uploads\/2025\/07\/logo-Whit.svg\",\"width\":1640,\"height\":371,\"caption\":\"MEINRADLADEN\"},\"image\":{\"@id\":\"https:\/\/kgerad.de\/#\/schema\/logo\/image\/\"}}]}<\/script>\n<!-- \/ Yoast SEO Premium plugin. -->","yoast_head_json":{"title":"CANNONDALE TESORO NEO X 1 2022","description":"kgerad.de bietet Ihnen das CANNONDALE TESORO NEO X 1 2022 zum besten Preis mit kostenlosem Versand in ganz Europa","robots":{"index":"index","follow":"follow","max-snippet":"max-snippet:-1","max-image-preview":"max-image-preview:large","max-video-preview":"max-video-preview:-1"},"canonical":"https:\/\/kgerad.de\/en\/product\/cannondale-tesoro-neo-x-1-2022\/","og_locale":"en_US","og_type":"article","og_title":"CANNONDALE TESORO NEO X 1 2022","og_description":"Entdecken Sie unseren Online-Fahrradladen: Gro\u00dfe Auswahl an Modellen f\u00fcr alle Radsportbegeisterten. Von Rennr\u00e4dern bis zu Mountainbikes - finden Sie heute Ihren perfekten Wegbegleiter!","og_url":"https:\/\/kgerad.de\/en\/product\/cannondale-tesoro-neo-x-1-2022\/","og_site_name":"kgerad.de","article_modified_time":"2023-08-11T11:14:12+00:00","og_image":[{"width":600,"height":356,"url":"https:\/\/kgerad.de\/wp-content\/uploads\/2023\/06\/cannondale-tesoro-neo-x-1-2022-600x356-1.jpg","type":"image\/jpeg"}],"twitter_card":"summary_large_image","twitter_misc":{"Est. reading time":"3 minutes"},"schema":{"@context":"https:\/\/schema.org","@graph":[{"@type":"WebPage","@id":"https:\/\/kgerad.de\/produkt\/cannondale-tesoro-neo-x-1-2022\/","url":"https:\/\/kgerad.de\/produkt\/cannondale-tesoro-neo-x-1-2022\/","name":"CANNONDALE TESORO NEO X 1 2022","isPartOf":{"@id":"https:\/\/kgerad.de\/#website"},"primaryImageOfPage":{"@id":"https:\/\/kgerad.de\/produkt\/cannondale-tesoro-neo-x-1-2022\/#primaryimage"},"image":{"@id":"https:\/\/kgerad.de\/produkt\/cannondale-tesoro-neo-x-1-2022\/#primaryimage"},"thumbnailUrl":"https:\/\/kgerad.de\/wp-content\/uploads\/2023\/06\/cannondale-tesoro-neo-x-1-2022-600x356-1.jpg","datePublished":"2022-11-09T17:01:15+00:00","dateModified":"2023-08-11T11:14:12+00:00","description":"kgerad.de bietet Ihnen das CANNONDALE TESORO NEO X 1 2022 zum besten Preis mit kostenlosem Versand in ganz Europa","breadcrumb":{"@id":"https:\/\/kgerad.de\/produkt\/cannondale-tesoro-neo-x-1-2022\/#breadcrumb"},"inLanguage":"en-US","potentialAction":[{"@type":"ReadAction","target":["https:\/\/kgerad.de\/produkt\/cannondale-tesoro-neo-x-1-2022\/"]}]},{"@type":"ImageObject","inLanguage":"en-US","@id":"https:\/\/kgerad.de\/produkt\/cannondale-tesoro-neo-x-1-2022\/#primaryimage","url":"https:\/\/kgerad.de\/wp-content\/uploads\/2023\/06\/cannondale-tesoro-neo-x-1-2022-600x356-1.jpg","contentUrl":"https:\/\/kgerad.de\/wp-content\/uploads\/2023\/06\/cannondale-tesoro-neo-x-1-2022-600x356-1.jpg","width":600,"height":356,"caption":"CANNONDALE TESORO NEO X 1 2022"},{"@type":"BreadcrumbList","@id":"https:\/\/kgerad.de\/produkt\/cannondale-tesoro-neo-x-1-2022\/#breadcrumb","itemListElement":[{"@type":"ListItem","position":1,"name":"Startseite","item":"https:\/\/kgerad.de\/"},{"@type":"ListItem","position":2,"name":"LADEN","item":"https:\/\/kgerad.de\/laden\/"},{"@type":"ListItem","position":3,"name":"CANNONDALE TESORO NEO X 1 2022"}]},{"@type":"WebSite","@id":"https:\/\/kgerad.de\/#website","url":"https:\/\/kgerad.de\/","name":"kgerad.de","description":"Treten Sie mit uns ins Abenteuer!","publisher":{"@id":"https:\/\/kgerad.de\/#organization"},"alternateName":"MEIN RADLADEN","potentialAction":[{"@type":"SearchAction","target":{"@type":"EntryPoint","urlTemplate":"https:\/\/kgerad.de\/?s={search_term_string}"},"query-input":{"@type":"PropertyValueSpecification","valueRequired":true,"valueName":"search_term_string"}}],"inLanguage":"en-US"},{"@type":"Organization","@id":"https:\/\/kgerad.de\/#organization","name":"MEINRADLADEN","alternateName":"MEIN RADLADEN","url":"https:\/\/kgerad.de\/","logo":{"@type":"ImageObject","inLanguage":"en-US","@id":"https:\/\/kgerad.de\/#\/schema\/logo\/image\/","url":"https:\/\/kgerad.de\/wp-content\/uploads\/2025\/07\/logo-Whit.svg","contentUrl":"https:\/\/kgerad.de\/wp-content\/uploads\/2025\/07\/logo-Whit.svg","width":1640,"height":371,"caption":"MEINRADLADEN"},"image":{"@id":"https:\/\/kgerad.de\/#\/schema\/logo\/image\/"}}]}},"_links":{"self":[{"href":"https:\/\/kgerad.de\/en\/wp-json\/wp\/v2\/product\/39743","targetHints":{"allow":["GET"]}}],"collection":[{"href":"https:\/\/kgerad.de\/en\/wp-json\/wp\/v2\/product"}],"about":[{"href":"https:\/\/kgerad.de\/en\/wp-json\/wp\/v2\/types\/product"}],"replies":[{"embeddable":true,"href":"https:\/\/kgerad.de\/en\/wp-json\/wp\/v2\/comments?post=39743"}],"version-history":[{"count":1,"href":"https:\/\/kgerad.de\/en\/wp-json\/wp\/v2\/product\/39743\/revisions"}],"predecessor-version":[{"id":79666,"href":"https:\/\/kgerad.de\/en\/wp-json\/wp\/v2\/product\/39743\/revisions\/79666"}],"wp:featuredmedia":[{"embeddable":true,"href":"https:\/\/kgerad.de\/en\/wp-json\/wp\/v2\/media\/61713"}],"wp:attachment":[{"href":"https:\/\/kgerad.de\/en\/wp-json\/wp\/v2\/media?parent=39743"}],"wp:term":[{"taxonomy":"product_brand","embeddable":true,"href":"https:\/\/kgerad.de\/en\/wp-json\/wp\/v2\/product_brand?post=39743"},{"taxonomy":"product_cat","embeddable":true,"href":"https:\/\/kgerad.de\/en\/wp-json\/wp\/v2\/product_cat?post=39743"},{"taxonomy":"product_tag","embeddable":true,"href":"https:\/\/kgerad.de\/en\/wp-json\/wp\/v2\/product_tag?post=39743"}],"curies":[{"name":"wp","href":"https:\/\/api.w.org\/{rel}","templated":true}]}}