{"id":39727,"date":"2022-11-09T17:05:00","date_gmt":"2022-11-09T16:05:00","guid":{"rendered":"https:\/\/kgerad.de\/?post_type=product&#038;p=39727"},"modified":"2023-08-11T13:19:08","modified_gmt":"2023-08-11T11:19:08","slug":"focus-raven-8-8","status":"publish","type":"product","link":"https:\/\/kgerad.de\/en\/product\/focus-raven-8-8\/","title":{"rendered":"Focus RAVEN 8.8"},"content":{"rendered":"<h2 class=\"content--title\"><strong>Focus<\/strong>\u00a0RAVEN 8.8<\/h2>\n<div class=\"product--description\">\n<p>Beschleunigt unglaublich: Das FOCUS RAVEN 8.8 f\u00e4hrt sich leichtf\u00fc\u00dfig, steif und doch komfortabel. Im World Cup unter h\u00e4rtesten Bedingungen getestet, steht dir mit diesem Carbon-Hardtail echtes Profimaterial f\u00fcr deine Rennen und Ausfahrten zur Verf\u00fcgung. Auf jeden Fall wirst du mit dem RAVEN jede Menge Spa\u00df auf dem Trail haben und es ist bereit f\u00fcr alle dein Abenteuer.<\/p>\n<hr \/>\n<h3>Features &#8211; RAVEN 8.8<\/h3>\n<p><b>Setzt Ma\u00dfst\u00e4be im Leichtbau<\/b><br \/>\nDank der herausragenden Carbon-Technologie von Focus ist der Rahmen des RAVEN einer der leichtesten Rahmen im Rennzirkus \u2013 bei bester Performance. Das Raven ist durch und durch eine XC-Rennmaschine \u2013 mit diesem Carbon-Hardtail wurden bereits Europa- und Weltmeistertitel erobert! Es besticht durch atemberaubende Beschleunigung, agiles Handling und verbl\u00fcffenden Komfort.<\/p>\n<p><b>Von Profis geadelt<\/b><br \/>\nIm World Cup beweist sich das RAVEN regelm\u00e4\u00dfig. Nur was diesen H\u00e4rtetest erfolgreich besteht, h\u00e4lt Focus f\u00fcr gut genug f\u00fcr dich.<\/p>\n<p><b>Weniger Erm\u00fcdung durch mehr Komfort<\/b><br \/>\nDurchdachte Faserlegung und Rohrdimensionen an Sitzrohr, Sattelstreben, Tretlager und Steuerkopf \u2013 so steif wie n\u00f6tig, so komfortabel wie m\u00f6glich.<\/p>\n<hr \/>\n<h3>Technologien<\/h3>\n<p><b>Comfort Improving Areas | C.I.A.<\/b><br \/>\nC.I.A. erm\u00f6glicht weniger Muskel-Erm\u00fcdung durch mehr Komfort. Um den Komfort der Bikes zu erh\u00f6hen, sind die Rohrquerschnitte von Sitzstreben, Kettenstreben und Sattelrohr (Comfort Improving Areas) m\u00f6glichst flach und nachgiebig geformt. Dadurch absorbiert der Rahmen Unebenheiten, das Bike l\u00e4uft ruhiger, der Fahrer bleibt l\u00e4nger leistungsf\u00e4hig.<\/p>\n<p><b>Rapid Axle Technology | R.A.T.<\/b><br \/>\nR.A.T. ist die schnellste Steckachse der Welt und steht f\u00fcr Rapid Axle Technology. Es ist das erste Steckachsensystem, das die Stabilit\u00e4t, Ausrichtung und die Seitensteifigkeit einer Steckachse mit einem extrem schnellen Laufradwechsel verbindet. In Simplizit\u00e4t und Geschwindigkeit \u00fcbertrifft das patentierte R.A.T. System dabei sogar herk\u00f6mmliche Schnellspanner.<\/p>\n<p><b>Stable Stiffness Per Size | S.S.P.S.<\/b><br \/>\nDamit alle Bike-Gr\u00f6\u00dfen die gleichen Fahreigenschaften bieten, werden alle angebotenen Rahmenh\u00f6hen individuell konstruiert und verf\u00fcgen \u00fcber ein eigens entwickeltes Carbon Lay-up. Durch diese Stable Stiffness Per Size (SSPS)-Fertigung wird gew\u00e4hrleistet, dass alle Gr\u00f6\u00dfenvarianten das optimale Verh\u00e4ltnis von Gewicht zu Steifigkeit bieten.<\/p>\n<h2>Ausstattung<\/h2>\n<div class=\"product--properties panel has--border\">\n<table class=\"product--properties-table\">\n<tbody>\n<tr class=\"product--properties-row row1\">\n<td class=\"product--properties-label is--bold\">Rahmen:<\/td>\n<td class=\"product--properties-value\">RAVEN, carbon, PF30 BB, 142mm dropouts, internal cable routing, PM 160 rear brake<\/td>\n<\/tr>\n<tr class=\"product--properties-row row2\">\n<td class=\"product--properties-label is--bold\">Rahmenmaterial:<\/td>\n<td class=\"product--properties-value\">Carbon<\/td>\n<\/tr>\n<tr class=\"product--properties-row row3\">\n<td class=\"product--properties-label is--bold\">Laufradgr\u00f6\u00dfe:<\/td>\n<td class=\"product--properties-value\">29&#8243;<\/td>\n<\/tr>\n<tr class=\"product--properties-row row4\">\n<td class=\"product--properties-label is--bold\">Farbe:<\/td>\n<td class=\"product--properties-value\">Rust Red<\/td>\n<\/tr>\n<tr class=\"product--properties-row row5\">\n<td class=\"product--properties-label is--bold\">Gabel:<\/td>\n<td class=\"product--properties-value\">Rock Shox SID SL Select 29 Boost, Charger RL, DebonAir, 110&#215;15 mm, 44 mm rake, 100 mm travel<\/td>\n<\/tr>\n<tr class=\"product--properties-row row6\">\n<td class=\"product--properties-label is--bold\">Federweg:<\/td>\n<td class=\"product--properties-value\">100 mm<\/td>\n<\/tr>\n<tr class=\"product--properties-row row7\">\n<td class=\"product--properties-label is--bold\">Bremsen:<\/td>\n<td class=\"product--properties-value\">SRAM Level TLM<\/td>\n<\/tr>\n<tr class=\"product--properties-row row8\">\n<td class=\"product--properties-label is--bold\">Vorbau:<\/td>\n<td class=\"product--properties-value\">Aluminium, 31,8 mm<\/td>\n<\/tr>\n<tr class=\"product--properties-row row9\">\n<td class=\"product--properties-label is--bold\">Lenker:<\/td>\n<td class=\"product--properties-value\">760 mm, flatbar, backsweep: 9\u00b0, 31,8 mm<\/td>\n<\/tr>\n<tr class=\"product--properties-row row10\">\n<td class=\"product--properties-label is--bold\">Griffe:<\/td>\n<td class=\"product--properties-value\">BBB Python BHG-95<\/td>\n<\/tr>\n<tr class=\"product--properties-row row11\">\n<td class=\"product--properties-label is--bold\">Sattel:<\/td>\n<td class=\"product--properties-value\">Prologo Akero<\/td>\n<\/tr>\n<tr class=\"product--properties-row row12\">\n<td class=\"product--properties-label is--bold\">Sattelst\u00fctze:<\/td>\n<td class=\"product--properties-value\">BBB FlyPost SP-135, 27,2mm, set-back: 0mm, carbon<\/td>\n<\/tr>\n<tr class=\"product--properties-row row13\">\n<td class=\"product--properties-label is--bold\">Kurbel:<\/td>\n<td class=\"product--properties-value\">SRAM GX EAGLE<\/td>\n<\/tr>\n<tr class=\"product--properties-row row14\">\n<td class=\"product--properties-label is--bold\">Schaltwerk:<\/td>\n<td class=\"product--properties-value\">SRAM GX Eagle, 12-speed<\/td>\n<\/tr>\n<tr class=\"product--properties-row row15\">\n<td class=\"product--properties-label is--bold\">Schalthebel:<\/td>\n<td class=\"product--properties-value\">SRAM GX Eagle<\/td>\n<\/tr>\n<\/tbody>\n<\/table>\n<table class=\"product--properties-table\">\n<tbody>\n<tr class=\"product--properties-row row16\">\n<td class=\"product--properties-label is--bold\">Kassette:<\/td>\n<td class=\"product--properties-value\">SRAM XG-1275, 12-speed<\/td>\n<\/tr>\n<tr class=\"product--properties-row row17\">\n<td class=\"product--properties-label is--bold\">Kette:<\/td>\n<td class=\"product--properties-value\">SRAM GX Eagle<\/td>\n<\/tr>\n<tr class=\"product--properties-row row18\">\n<td class=\"product--properties-label is--bold\">Reifen:<\/td>\n<td class=\"product--properties-value\">Maxxis Rekon Race, 2.25<\/td>\n<\/tr>\n<tr class=\"product--properties-row row19\">\n<td class=\"product--properties-label is--bold\">Laufradsatz:<\/td>\n<td class=\"product--properties-value\">DT Swiss X1900, 622-25, 15&#215;110 MM \/ 12&#215;148 MM<\/td>\n<\/tr>\n<tr class=\"product--properties-row row20\">\n<td class=\"product--properties-label is--bold\">Pedale:<\/td>\n<td class=\"product--properties-value\">nicht im Lieferumfang enthalten<\/td>\n<\/tr>\n<tr class=\"product--properties-row row21\">\n<td class=\"product--properties-label is--bold\">Zul\u00e4ssiges Gesamtgewicht:<\/td>\n<td class=\"product--properties-value\">110 kg (K\u00f6rpergewicht + Fahrrad + Ausr\u00fcstung)<\/td>\n<\/tr>\n<tr class=\"product--properties-row row22\">\n<td class=\"product--properties-label is--bold\">Gewicht Komplettrad:<\/td>\n<td class=\"product--properties-value\">10,20 kg<\/td>\n<\/tr>\n<\/tbody>\n<\/table>\n<\/div>\n<\/div>","protected":false},"excerpt":{"rendered":"<div class=\"tab-menu--product js--tab-menu\">\n<div class=\"tab--container-list\">\n<div class=\"tab--container description has--content is--active\">\n<div class=\"tab--content box-description\">\n<div class=\"content--description\">\n<div class=\"ean-box\"><label>Modelljahr: <span style=\"font-size: 16px;\">2022<\/span><\/label><\/div>\n<\/div>\n<\/div>\n<\/div>\n<\/div>\n<\/div>\n<p><a class=\"rating-link-info--box\" name=\"product--publish-comment\"><\/a><\/p>\n<div id=\"detail--product-reviews\" class=\"content--product-reviews 123\"><\/div>","protected":false},"featured_media":61710,"comment_status":"open","ping_status":"closed","template":"","meta":[],"product_brand":[],"product_cat":[36,302,220],"product_tag":[],"class_list":{"0":"post-39727","1":"product","2":"type-product","3":"status-publish","4":"has-post-thumbnail","6":"product_cat-fahrrad","7":"product_cat-hardtail-29","8":"product_cat-mountainbike","9":"pa_marke-focus","11":"first","12":"instock","13":"sale","14":"taxable","15":"shipping-taxable","16":"purchasable","17":"product-type-variable"},"yoast_head":"<!-- This site is optimized with the Yoast SEO Premium plugin v20.12 (Yoast SEO v27.1.1) - https:\/\/yoast.com\/product\/yoast-seo-premium-wordpress\/ -->\n<title>Focus RAVEN 8.8<\/title>\n<meta name=\"description\" content=\"kgerad.de bietet Ihnen das Focus RAVEN 8.8 zum besten Preis mit kostenlosem Versand in ganz Europa\" \/>\n<meta name=\"robots\" content=\"index, follow, max-snippet:-1, max-image-preview:large, max-video-preview:-1\" \/>\n<link rel=\"canonical\" href=\"https:\/\/kgerad.de\/en\/product\/focus-raven-8-8\/\" \/>\n<meta property=\"og:locale\" content=\"en_US\" \/>\n<meta property=\"og:type\" content=\"article\" \/>\n<meta property=\"og:title\" content=\"Focus RAVEN 8.8\" \/>\n<meta property=\"og:description\" content=\"Entdecken Sie unseren Online-Fahrradladen: Gro\u00dfe Auswahl an Modellen f\u00fcr alle Radsportbegeisterten. Von Rennr\u00e4dern bis zu Mountainbikes - finden Sie heute Ihren perfekten Wegbegleiter!\" \/>\n<meta property=\"og:url\" content=\"https:\/\/kgerad.de\/en\/product\/focus-raven-8-8\/\" \/>\n<meta property=\"og:site_name\" content=\"kgerad.de\" \/>\n<meta property=\"article:modified_time\" content=\"2023-08-11T11:19:08+00:00\" \/>\n<meta property=\"og:image\" content=\"https:\/\/kgerad.de\/wp-content\/uploads\/2023\/06\/Focus-RAVEN-8.8.jpg\" \/>\n\t<meta property=\"og:image:width\" content=\"800\" \/>\n\t<meta property=\"og:image:height\" content=\"503\" \/>\n\t<meta property=\"og:image:type\" content=\"image\/jpeg\" \/>\n<meta name=\"twitter:card\" content=\"summary_large_image\" \/>\n<meta name=\"twitter:label1\" content=\"Est. reading time\" \/>\n\t<meta name=\"twitter:data1\" content=\"3 minutes\" \/>\n<script type=\"application\/ld+json\" class=\"yoast-schema-graph\">{\"@context\":\"https:\/\/schema.org\",\"@graph\":[{\"@type\":\"WebPage\",\"@id\":\"https:\/\/kgerad.de\/produkt\/focus-raven-8-8\/\",\"url\":\"https:\/\/kgerad.de\/produkt\/focus-raven-8-8\/\",\"name\":\"Focus RAVEN 8.8\",\"isPartOf\":{\"@id\":\"https:\/\/kgerad.de\/#website\"},\"primaryImageOfPage\":{\"@id\":\"https:\/\/kgerad.de\/produkt\/focus-raven-8-8\/#primaryimage\"},\"image\":{\"@id\":\"https:\/\/kgerad.de\/produkt\/focus-raven-8-8\/#primaryimage\"},\"thumbnailUrl\":\"https:\/\/kgerad.de\/wp-content\/uploads\/2023\/06\/Focus-RAVEN-8.8.jpg\",\"datePublished\":\"2022-11-09T16:05:00+00:00\",\"dateModified\":\"2023-08-11T11:19:08+00:00\",\"description\":\"kgerad.de bietet Ihnen das Focus RAVEN 8.8 zum besten Preis mit kostenlosem Versand in ganz Europa\",\"breadcrumb\":{\"@id\":\"https:\/\/kgerad.de\/produkt\/focus-raven-8-8\/#breadcrumb\"},\"inLanguage\":\"en-US\",\"potentialAction\":[{\"@type\":\"ReadAction\",\"target\":[\"https:\/\/kgerad.de\/produkt\/focus-raven-8-8\/\"]}]},{\"@type\":\"ImageObject\",\"inLanguage\":\"en-US\",\"@id\":\"https:\/\/kgerad.de\/produkt\/focus-raven-8-8\/#primaryimage\",\"url\":\"https:\/\/kgerad.de\/wp-content\/uploads\/2023\/06\/Focus-RAVEN-8.8.jpg\",\"contentUrl\":\"https:\/\/kgerad.de\/wp-content\/uploads\/2023\/06\/Focus-RAVEN-8.8.jpg\",\"width\":800,\"height\":503,\"caption\":\"Focus\u00a0RAVEN 8.8\"},{\"@type\":\"BreadcrumbList\",\"@id\":\"https:\/\/kgerad.de\/produkt\/focus-raven-8-8\/#breadcrumb\",\"itemListElement\":[{\"@type\":\"ListItem\",\"position\":1,\"name\":\"Startseite\",\"item\":\"https:\/\/kgerad.de\/\"},{\"@type\":\"ListItem\",\"position\":2,\"name\":\"LADEN\",\"item\":\"https:\/\/kgerad.de\/laden\/\"},{\"@type\":\"ListItem\",\"position\":3,\"name\":\"Focus RAVEN 8.8\"}]},{\"@type\":\"WebSite\",\"@id\":\"https:\/\/kgerad.de\/#website\",\"url\":\"https:\/\/kgerad.de\/\",\"name\":\"kgerad.de\",\"description\":\"Treten Sie mit uns ins Abenteuer!\",\"publisher\":{\"@id\":\"https:\/\/kgerad.de\/#organization\"},\"alternateName\":\"MEIN RADLADEN\",\"potentialAction\":[{\"@type\":\"SearchAction\",\"target\":{\"@type\":\"EntryPoint\",\"urlTemplate\":\"https:\/\/kgerad.de\/?s={search_term_string}\"},\"query-input\":{\"@type\":\"PropertyValueSpecification\",\"valueRequired\":true,\"valueName\":\"search_term_string\"}}],\"inLanguage\":\"en-US\"},{\"@type\":\"Organization\",\"@id\":\"https:\/\/kgerad.de\/#organization\",\"name\":\"MEINRADLADEN\",\"alternateName\":\"MEIN RADLADEN\",\"url\":\"https:\/\/kgerad.de\/\",\"logo\":{\"@type\":\"ImageObject\",\"inLanguage\":\"en-US\",\"@id\":\"https:\/\/kgerad.de\/#\/schema\/logo\/image\/\",\"url\":\"https:\/\/kgerad.de\/wp-content\/uploads\/2025\/07\/logo-Whit.svg\",\"contentUrl\":\"https:\/\/kgerad.de\/wp-content\/uploads\/2025\/07\/logo-Whit.svg\",\"width\":1640,\"height\":371,\"caption\":\"MEINRADLADEN\"},\"image\":{\"@id\":\"https:\/\/kgerad.de\/#\/schema\/logo\/image\/\"}}]}<\/script>\n<!-- \/ Yoast SEO Premium plugin. -->","yoast_head_json":{"title":"Focus RAVEN 8.8","description":"kgerad.de bietet Ihnen das Focus RAVEN 8.8 zum besten Preis mit kostenlosem Versand in ganz Europa","robots":{"index":"index","follow":"follow","max-snippet":"max-snippet:-1","max-image-preview":"max-image-preview:large","max-video-preview":"max-video-preview:-1"},"canonical":"https:\/\/kgerad.de\/en\/product\/focus-raven-8-8\/","og_locale":"en_US","og_type":"article","og_title":"Focus RAVEN 8.8","og_description":"Entdecken Sie unseren Online-Fahrradladen: Gro\u00dfe Auswahl an Modellen f\u00fcr alle Radsportbegeisterten. Von Rennr\u00e4dern bis zu Mountainbikes - finden Sie heute Ihren perfekten Wegbegleiter!","og_url":"https:\/\/kgerad.de\/en\/product\/focus-raven-8-8\/","og_site_name":"kgerad.de","article_modified_time":"2023-08-11T11:19:08+00:00","og_image":[{"width":800,"height":503,"url":"https:\/\/kgerad.de\/wp-content\/uploads\/2023\/06\/Focus-RAVEN-8.8.jpg","type":"image\/jpeg"}],"twitter_card":"summary_large_image","twitter_misc":{"Est. reading time":"3 minutes"},"schema":{"@context":"https:\/\/schema.org","@graph":[{"@type":"WebPage","@id":"https:\/\/kgerad.de\/produkt\/focus-raven-8-8\/","url":"https:\/\/kgerad.de\/produkt\/focus-raven-8-8\/","name":"Focus RAVEN 8.8","isPartOf":{"@id":"https:\/\/kgerad.de\/#website"},"primaryImageOfPage":{"@id":"https:\/\/kgerad.de\/produkt\/focus-raven-8-8\/#primaryimage"},"image":{"@id":"https:\/\/kgerad.de\/produkt\/focus-raven-8-8\/#primaryimage"},"thumbnailUrl":"https:\/\/kgerad.de\/wp-content\/uploads\/2023\/06\/Focus-RAVEN-8.8.jpg","datePublished":"2022-11-09T16:05:00+00:00","dateModified":"2023-08-11T11:19:08+00:00","description":"kgerad.de bietet Ihnen das Focus RAVEN 8.8 zum besten Preis mit kostenlosem Versand in ganz Europa","breadcrumb":{"@id":"https:\/\/kgerad.de\/produkt\/focus-raven-8-8\/#breadcrumb"},"inLanguage":"en-US","potentialAction":[{"@type":"ReadAction","target":["https:\/\/kgerad.de\/produkt\/focus-raven-8-8\/"]}]},{"@type":"ImageObject","inLanguage":"en-US","@id":"https:\/\/kgerad.de\/produkt\/focus-raven-8-8\/#primaryimage","url":"https:\/\/kgerad.de\/wp-content\/uploads\/2023\/06\/Focus-RAVEN-8.8.jpg","contentUrl":"https:\/\/kgerad.de\/wp-content\/uploads\/2023\/06\/Focus-RAVEN-8.8.jpg","width":800,"height":503,"caption":"Focus\u00a0RAVEN 8.8"},{"@type":"BreadcrumbList","@id":"https:\/\/kgerad.de\/produkt\/focus-raven-8-8\/#breadcrumb","itemListElement":[{"@type":"ListItem","position":1,"name":"Startseite","item":"https:\/\/kgerad.de\/"},{"@type":"ListItem","position":2,"name":"LADEN","item":"https:\/\/kgerad.de\/laden\/"},{"@type":"ListItem","position":3,"name":"Focus RAVEN 8.8"}]},{"@type":"WebSite","@id":"https:\/\/kgerad.de\/#website","url":"https:\/\/kgerad.de\/","name":"kgerad.de","description":"Treten Sie mit uns ins Abenteuer!","publisher":{"@id":"https:\/\/kgerad.de\/#organization"},"alternateName":"MEIN RADLADEN","potentialAction":[{"@type":"SearchAction","target":{"@type":"EntryPoint","urlTemplate":"https:\/\/kgerad.de\/?s={search_term_string}"},"query-input":{"@type":"PropertyValueSpecification","valueRequired":true,"valueName":"search_term_string"}}],"inLanguage":"en-US"},{"@type":"Organization","@id":"https:\/\/kgerad.de\/#organization","name":"MEINRADLADEN","alternateName":"MEIN RADLADEN","url":"https:\/\/kgerad.de\/","logo":{"@type":"ImageObject","inLanguage":"en-US","@id":"https:\/\/kgerad.de\/#\/schema\/logo\/image\/","url":"https:\/\/kgerad.de\/wp-content\/uploads\/2025\/07\/logo-Whit.svg","contentUrl":"https:\/\/kgerad.de\/wp-content\/uploads\/2025\/07\/logo-Whit.svg","width":1640,"height":371,"caption":"MEINRADLADEN"},"image":{"@id":"https:\/\/kgerad.de\/#\/schema\/logo\/image\/"}}]}},"_links":{"self":[{"href":"https:\/\/kgerad.de\/en\/wp-json\/wp\/v2\/product\/39727","targetHints":{"allow":["GET"]}}],"collection":[{"href":"https:\/\/kgerad.de\/en\/wp-json\/wp\/v2\/product"}],"about":[{"href":"https:\/\/kgerad.de\/en\/wp-json\/wp\/v2\/types\/product"}],"replies":[{"embeddable":true,"href":"https:\/\/kgerad.de\/en\/wp-json\/wp\/v2\/comments?post=39727"}],"version-history":[{"count":2,"href":"https:\/\/kgerad.de\/en\/wp-json\/wp\/v2\/product\/39727\/revisions"}],"predecessor-version":[{"id":79676,"href":"https:\/\/kgerad.de\/en\/wp-json\/wp\/v2\/product\/39727\/revisions\/79676"}],"wp:featuredmedia":[{"embeddable":true,"href":"https:\/\/kgerad.de\/en\/wp-json\/wp\/v2\/media\/61710"}],"wp:attachment":[{"href":"https:\/\/kgerad.de\/en\/wp-json\/wp\/v2\/media?parent=39727"}],"wp:term":[{"taxonomy":"product_brand","embeddable":true,"href":"https:\/\/kgerad.de\/en\/wp-json\/wp\/v2\/product_brand?post=39727"},{"taxonomy":"product_cat","embeddable":true,"href":"https:\/\/kgerad.de\/en\/wp-json\/wp\/v2\/product_cat?post=39727"},{"taxonomy":"product_tag","embeddable":true,"href":"https:\/\/kgerad.de\/en\/wp-json\/wp\/v2\/product_tag?post=39727"}],"curies":[{"name":"wp","href":"https:\/\/api.w.org\/{rel}","templated":true}]}}