{"id":39726,"date":"2022-11-09T17:23:46","date_gmt":"2022-11-09T16:23:46","guid":{"rendered":"https:\/\/kgerad.de\/?post_type=product&#038;p=39726"},"modified":"2023-08-11T13:13:39","modified_gmt":"2023-08-11T11:13:39","slug":"bergamont-e-horizon-sport-black-matt-2022","status":"publish","type":"product","link":"https:\/\/kgerad.de\/en\/product\/bergamont-e-horizon-sport-black-matt-2022\/","title":{"rendered":"Bergamont E-Horizon Sport black (matt) 2022"},"content":{"rendered":"<h2>Bergamont E-Horizon Sport black (matt) 2022<\/h2>\n<p>Das Bergamont E-Horizon Sport black ist der perfekte Begleiter f\u00fcr eine mobile Unabh\u00e4ngigkeit in der Stadt. Dieser Allrounder kommt mit wartungsarmer Shimano Nexus Nabenschaltung sowie neu entwickeltem Wave-Rahmenkonzept. Perfekte Ergonomie und hervorragende Fahreigenschaften zaubern dir auf jeder Tour ein L\u00e4cheln ins Gesicht.<\/p>\n<h3>EIGENSCHAFTEN DES Bergamont E-Horizon Sport schwarz (matt) 2022:<\/h3>\n<p>28&#8243; Trekking-Aluminiumrahmen<br \/>\nBosch Performance Line-Antrieb<br \/>\n500 Wh Powertube Akku + Purion Display<br \/>\nSR Suntour NCX Federgabel, 63 mm Federweg<br \/>\nShimano Nexus 5-fach Schaltwerk mit Riemenantrieb<br \/>\nTrekkingausr\u00fcstung (Lichtanlage, Gep\u00e4cktr\u00e4ger etc.)<br \/>\nSchwalbe Energizer Active Plus Reifen 47-622<\/p>\n<p><em>Der Bergamont E-Horizon Sport Belt ist der optimale Alltagsbegleiter f\u00fcr den urbanen Bereich. Dank Trekking-Setup k\u00f6nnen Sie mit diesem E-Bike auch die Natur erkunden.<\/em><\/p>\n<h2>Ausstattung<\/h2>\n<p>&nbsp;<\/p>\n<div class=\"widgetBoxBottomRound\">\n<div id=\"attributes\" class=\"ui-tabs-panel ui-widget-content ui-corner-bottom\" role=\"tabpanel\" aria-labelledby=\"ui-id-1\" aria-expanded=\"true\" aria-hidden=\"false\">\n<table class=\"attributes\">\n<tbody>\n<tr>\n<th id=\"attrTitle_1\"><strong>Akku<\/strong><\/th>\n<td id=\"attrValue_1\">Bosch PowerTube, 36 V Li Ion, 625 Wh<\/td>\n<\/tr>\n<tr>\n<th id=\"attrTitle_2\"><strong>Akkuleistung (Wh)<\/strong><\/th>\n<td id=\"attrValue_2\">625<\/td>\n<\/tr>\n<tr>\n<th id=\"attrTitle_3\"><strong>Akkuposition<\/strong><\/th>\n<td id=\"attrValue_3\">intube<\/td>\n<\/tr>\n<tr>\n<th id=\"attrTitle_4\"><strong>Beleuchtung<\/strong><\/th>\n<td id=\"attrValue_4\">B&amp;M Dopp, 35 Lux, LED<\/td>\n<\/tr>\n<tr>\n<th id=\"attrTitle_5\"><strong>Bremse<\/strong><\/th>\n<td id=\"attrValue_5\">Shimano BR-MT200, hydraulische Scheibenbremse<\/td>\n<\/tr>\n<tr>\n<th id=\"attrTitle_6\"><strong>Bremshebel<\/strong><\/th>\n<td id=\"attrValue_6\">Shimano BL-MT201, hydraulische Scheibenbremse<\/td>\n<\/tr>\n<tr>\n<th id=\"attrTitle_7\"><strong>Bremssystem<\/strong><\/th>\n<td id=\"attrValue_7\">Scheibenbremse, hydraulisch<\/td>\n<\/tr>\n<tr>\n<th id=\"attrTitle_8\"><strong>Display<\/strong><\/th>\n<td id=\"attrValue_8\">Bosch Purion<\/td>\n<\/tr>\n<tr>\n<th id=\"attrTitle_9\"><strong>Durchmesser Scheibenbremse hinten<\/strong><\/th>\n<td id=\"attrValue_9\">160.00<\/td>\n<\/tr>\n<tr>\n<th id=\"attrTitle_10\"><strong>Durchmesser Scheibenbremse vorn<\/strong><\/th>\n<td id=\"attrValue_10\">180.00<\/td>\n<\/tr>\n<tr>\n<th id=\"attrTitle_11\"><strong>Farbe<\/strong><\/th>\n<td id=\"attrValue_11\">black (matt)<\/td>\n<\/tr>\n<tr>\n<th id=\"attrTitle_12\"><strong>Farbzuordnung<\/strong><\/th>\n<td id=\"attrValue_12\">Schwarz<\/td>\n<\/tr>\n<tr>\n<th id=\"attrTitle_13\"><strong>Federung<\/strong><\/th>\n<td id=\"attrValue_13\">stahlgefedert<\/td>\n<\/tr>\n<tr>\n<th id=\"attrTitle_14\"><strong>Federweg in mm<\/strong><\/th>\n<td id=\"attrValue_14\">63.00<\/td>\n<\/tr>\n<tr>\n<th id=\"attrTitle_15\"><strong>Felgen<\/strong><\/th>\n<td id=\"attrValue_15\">BGM Pro X17, Disc, ge\u00f6st<\/td>\n<\/tr>\n<tr>\n<th id=\"attrTitle_16\"><strong>Gabel<\/strong><\/th>\n<td id=\"attrValue_16\">Suntour NEX E25, 63 mm<\/td>\n<\/tr>\n<tr>\n<th id=\"attrTitle_17\"><strong>Gabelhersteller<\/strong><\/th>\n<td id=\"attrValue_17\">SR Suntour<\/td>\n<\/tr>\n<tr>\n<th id=\"attrTitle_18\"><strong>Ganganzahl<\/strong><\/th>\n<td id=\"attrValue_18\">10<\/td>\n<\/tr>\n<tr>\n<th id=\"attrTitle_19\"><strong>Gep\u00e4cktr\u00e4ger<\/strong><\/th>\n<td id=\"attrValue_19\">Racktime \/ BGM Trekking Pro, Snapit 2.0 System, integrierte Schutzblechaufnahme<\/td>\n<\/tr>\n<tr>\n<th id=\"attrTitle_21\"><strong>Gewicht<\/strong><\/th>\n<td id=\"attrValue_21\">27.60<\/td>\n<\/tr>\n<tr>\n<th id=\"attrTitle_22\"><strong>Griffe<\/strong><\/th>\n<td id=\"attrValue_22\">BGM Comfort, Ergo, Double Density, Schraubgriffe<\/td>\n<\/tr>\n<tr>\n<th id=\"attrTitle_23\"><strong>Innenlager<\/strong><\/th>\n<td id=\"attrValue_23\">Bosch, Isis<\/td>\n<\/tr>\n<tr>\n<th id=\"attrTitle_24\"><strong>Kategorie<\/strong><\/th>\n<td id=\"attrValue_24\">E-Bikes \/ Pedelecs \/ Trekking\/Touren<\/td>\n<\/tr>\n<tr>\n<th id=\"attrTitle_25\"><strong>Kette<\/strong><\/th>\n<td id=\"attrValue_25\">KMC e10S<\/td>\n<\/tr>\n<tr>\n<th id=\"attrTitle_26\"><strong>Kettenschutz<\/strong><\/th>\n<td id=\"attrValue_26\">SKS Chainbooster<\/td>\n<\/tr>\n<tr>\n<th id=\"attrTitle_27\"><strong>Kurbelsatz<\/strong><\/th>\n<td id=\"attrValue_27\">FSA CK-745, 38t<\/td>\n<\/tr>\n<tr>\n<th id=\"attrTitle_28\"><strong>Lenker<\/strong><\/th>\n<td id=\"attrValue_28\">BGM Pro, Riser Lenker, Kr\u00f6pfung: 40\u00b0, H\u00f6he: 40 mm<\/td>\n<\/tr>\n<tr>\n<th id=\"attrTitle_29\"><strong>Modelljahr<\/strong><\/th>\n<td id=\"attrValue_29\">2022<\/td>\n<\/tr>\n<tr>\n<th id=\"attrTitle_30\"><strong>Motorart<\/strong><\/th>\n<td id=\"attrValue_30\">Bosch Performance Line CX, Gen. 4, 250 W, 36 V, max. 25 km\/h<\/td>\n<\/tr>\n<tr>\n<th id=\"attrTitle_31\"><strong>Motorposition<\/strong><\/th>\n<td id=\"attrValue_31\">Mittelmotor<\/td>\n<\/tr>\n<tr>\n<th id=\"attrTitle_32\"><strong>Naben<\/strong><\/th>\n<td id=\"attrValue_32\">Shimano HB-MT200, Centerlock, Disc, Schnellspanner, Shimano, Centerlock, Disc, Schnellspanner<\/td>\n<\/tr>\n<tr>\n<th id=\"attrTitle_33\"><strong>Pedale<\/strong><\/th>\n<td id=\"attrValue_33\">Trekking Aluminium<\/td>\n<\/tr>\n<tr>\n<th id=\"attrTitle_34\"><strong>Rahmenform<\/strong><\/th>\n<td id=\"attrValue_34\">Wave<\/td>\n<\/tr>\n<tr>\n<th id=\"attrTitle_35\"><strong>Rahmengr\u00f6\u00dfe<\/strong><\/th>\n<td id=\"attrValue_35\">M<\/td>\n<\/tr>\n<tr>\n<th id=\"attrTitle_36\"><strong>Rahmenmaterial<\/strong><\/th>\n<td id=\"attrValue_36\">Aluminium<\/td>\n<\/tr>\n<tr>\n<th id=\"attrTitle_37\"><strong>Reifen<\/strong><\/th>\n<td id=\"attrValue_37\">Schwalbe Energizer Plus, Reflex-Streifen, 50-622<\/td>\n<\/tr>\n<tr>\n<th id=\"attrTitle_38\"><strong>R\u00fcckleuchte<\/strong><\/th>\n<td id=\"attrValue_38\">B&amp;M Toplight 2 C, LED<\/td>\n<\/tr>\n<tr>\n<th id=\"attrTitle_39\"><strong>Sattel<\/strong><\/th>\n<td id=\"attrValue_39\">Selle Royal Essenza Plus, lady<\/td>\n<\/tr>\n<tr>\n<th id=\"attrTitle_40\"><strong>Sattelst\u00fctze<\/strong><\/th>\n<td id=\"attrValue_40\">BGM Pro<\/td>\n<\/tr>\n<tr>\n<th id=\"attrTitle_41\"><strong>Schaltart<\/strong><\/th>\n<td id=\"attrValue_41\">Kettenschaltung<\/td>\n<\/tr>\n<tr>\n<th id=\"attrTitle_42\"><strong>Schalthebel<\/strong><\/th>\n<td id=\"attrValue_42\">Shimano Deore, SL-M4100, 1&#215;10-fach<\/td>\n<\/tr>\n<tr>\n<th id=\"attrTitle_43\"><strong>Schaltung<\/strong><\/th>\n<td id=\"attrValue_43\">Shimano Deore, RD-M4120, Shadow<\/td>\n<\/tr>\n<tr>\n<th id=\"attrTitle_44\"><strong>Schutzbleche<\/strong><\/th>\n<td id=\"attrValue_44\">Curana Apollo, mit Edelstahlstreben<\/td>\n<\/tr>\n<tr>\n<th id=\"attrTitle_45\"><strong>Speichen<\/strong><\/th>\n<td id=\"attrValue_45\">Edelstahl, silber<\/td>\n<\/tr>\n<tr>\n<th id=\"attrTitle_46\"><strong>Steuersatz<\/strong><\/th>\n<td id=\"attrValue_46\">FSA NO.57SC-1, A-Headset, semi-integriert, Tapered<\/td>\n<\/tr>\n<tr>\n<th id=\"attrTitle_47\"><strong>St\u00e4nder<\/strong><\/th>\n<td id=\"attrValue_47\">Syncros Mittelbaust\u00e4nder<\/td>\n<\/tr>\n<tr>\n<th id=\"attrTitle_48\"><strong>Vorbau<\/strong><\/th>\n<td id=\"attrValue_48\">BGM Pro, einstellbar<\/td>\n<\/tr>\n<tr>\n<th id=\"attrTitle_49\"><strong>Zahnkr\u00e4nze<\/strong><\/th>\n<td id=\"attrValue_49\">Shimano Deore, CS-M4100, 11-42t<\/td>\n<\/tr>\n<tr>\n<th id=\"attrTitle_50\"><strong>Zustand<\/strong><\/th>\n<td id=\"attrValue_50\">neu<\/td>\n<\/tr>\n<\/tbody>\n<\/table>\n<\/div>\n<\/div>","protected":false},"excerpt":{"rendered":"<p>Bergamont E-Horizon Sport black (matt) 2022 Das Bergamont E-Horizon Sport black ist der perfekte Begleiter f\u00fcr eine mobile Unabh\u00e4ngigkeit in<\/p>","protected":false},"featured_media":61709,"comment_status":"open","ping_status":"closed","template":"","meta":[],"product_brand":[],"product_cat":[33,247,281],"product_tag":[],"class_list":{"0":"post-39726","1":"product","2":"type-product","3":"status-publish","4":"has-post-thumbnail","6":"product_cat-e-bike","7":"product_cat-e-bike-trekking","8":"product_cat-e-fahrrad","9":"pa_marke-bergamont","11":"first","12":"instock","13":"sale","14":"taxable","15":"shipping-taxable","16":"purchasable","17":"product-type-variable"},"yoast_head":"<!-- This site is optimized with the Yoast SEO Premium plugin v20.12 (Yoast SEO v27.1.1) - https:\/\/yoast.com\/product\/yoast-seo-premium-wordpress\/ -->\n<title>Bergamont E-Horizon Sport black (matt) 2022<\/title>\n<meta name=\"description\" content=\"Entdecken Sie unseren Online-Fahrradladen: Gro\u00dfe Auswahl an Modellen f\u00fcr alle Radsportbegeisterten. Von Rennr\u00e4dern bis zu Mountainbikes - finden Sie heute Ihren perfekten Wegbegleiter!\" \/>\n<meta name=\"robots\" content=\"index, follow, max-snippet:-1, max-image-preview:large, max-video-preview:-1\" \/>\n<link rel=\"canonical\" href=\"https:\/\/kgerad.de\/en\/product\/bergamont-e-horizon-sport-black-matt-2022\/\" \/>\n<meta property=\"og:locale\" content=\"en_US\" \/>\n<meta property=\"og:type\" content=\"article\" \/>\n<meta property=\"og:title\" content=\"Bergamont E-Horizon Sport black (matt) 2022\" \/>\n<meta property=\"og:description\" content=\"Entdecken Sie unseren Online-Fahrradladen: Gro\u00dfe Auswahl an Modellen f\u00fcr alle Radsportbegeisterten. Von Rennr\u00e4dern bis zu Mountainbikes - finden Sie heute Ihren perfekten Wegbegleiter!\" \/>\n<meta property=\"og:url\" content=\"https:\/\/kgerad.de\/en\/product\/bergamont-e-horizon-sport-black-matt-2022\/\" \/>\n<meta property=\"og:site_name\" content=\"kgerad.de\" \/>\n<meta property=\"article:modified_time\" content=\"2023-08-11T11:13:39+00:00\" \/>\n<meta property=\"og:image\" content=\"https:\/\/kgerad.de\/wp-content\/uploads\/2023\/06\/285627-1-scaled-1.jpg\" \/>\n\t<meta property=\"og:image:width\" content=\"2560\" \/>\n\t<meta property=\"og:image:height\" content=\"1569\" \/>\n\t<meta property=\"og:image:type\" content=\"image\/jpeg\" \/>\n<meta name=\"twitter:card\" content=\"summary_large_image\" \/>\n<meta name=\"twitter:label1\" content=\"Est. reading time\" \/>\n\t<meta name=\"twitter:data1\" content=\"2 minutes\" \/>\n<script type=\"application\/ld+json\" class=\"yoast-schema-graph\">{\"@context\":\"https:\/\/schema.org\",\"@graph\":[{\"@type\":\"WebPage\",\"@id\":\"https:\/\/kgerad.de\/produkt\/bergamont-e-horizon-sport-black-matt-2022\/\",\"url\":\"https:\/\/kgerad.de\/produkt\/bergamont-e-horizon-sport-black-matt-2022\/\",\"name\":\"Bergamont E-Horizon Sport black (matt) 2022\",\"isPartOf\":{\"@id\":\"https:\/\/kgerad.de\/#website\"},\"primaryImageOfPage\":{\"@id\":\"https:\/\/kgerad.de\/produkt\/bergamont-e-horizon-sport-black-matt-2022\/#primaryimage\"},\"image\":{\"@id\":\"https:\/\/kgerad.de\/produkt\/bergamont-e-horizon-sport-black-matt-2022\/#primaryimage\"},\"thumbnailUrl\":\"https:\/\/kgerad.de\/wp-content\/uploads\/2023\/06\/285627-1-scaled-1.jpg\",\"datePublished\":\"2022-11-09T16:23:46+00:00\",\"dateModified\":\"2023-08-11T11:13:39+00:00\",\"description\":\"Entdecken Sie unseren Online-Fahrradladen: Gro\u00dfe Auswahl an Modellen f\u00fcr alle Radsportbegeisterten. Von Rennr\u00e4dern bis zu Mountainbikes - finden Sie heute Ihren perfekten Wegbegleiter!\",\"breadcrumb\":{\"@id\":\"https:\/\/kgerad.de\/produkt\/bergamont-e-horizon-sport-black-matt-2022\/#breadcrumb\"},\"inLanguage\":\"en-US\",\"potentialAction\":[{\"@type\":\"ReadAction\",\"target\":[\"https:\/\/kgerad.de\/produkt\/bergamont-e-horizon-sport-black-matt-2022\/\"]}]},{\"@type\":\"ImageObject\",\"inLanguage\":\"en-US\",\"@id\":\"https:\/\/kgerad.de\/produkt\/bergamont-e-horizon-sport-black-matt-2022\/#primaryimage\",\"url\":\"https:\/\/kgerad.de\/wp-content\/uploads\/2023\/06\/285627-1-scaled-1.jpg\",\"contentUrl\":\"https:\/\/kgerad.de\/wp-content\/uploads\/2023\/06\/285627-1-scaled-1.jpg\",\"width\":2560,\"height\":1569,\"caption\":\"Bergamont E-Horizon Sport black (matt) 2022\"},{\"@type\":\"BreadcrumbList\",\"@id\":\"https:\/\/kgerad.de\/produkt\/bergamont-e-horizon-sport-black-matt-2022\/#breadcrumb\",\"itemListElement\":[{\"@type\":\"ListItem\",\"position\":1,\"name\":\"Startseite\",\"item\":\"https:\/\/kgerad.de\/\"},{\"@type\":\"ListItem\",\"position\":2,\"name\":\"LADEN\",\"item\":\"https:\/\/kgerad.de\/laden\/\"},{\"@type\":\"ListItem\",\"position\":3,\"name\":\"Bergamont E-Horizon Sport black (matt) 2022\"}]},{\"@type\":\"WebSite\",\"@id\":\"https:\/\/kgerad.de\/#website\",\"url\":\"https:\/\/kgerad.de\/\",\"name\":\"kgerad.de\",\"description\":\"Treten Sie mit uns ins Abenteuer!\",\"publisher\":{\"@id\":\"https:\/\/kgerad.de\/#organization\"},\"alternateName\":\"MEIN RADLADEN\",\"potentialAction\":[{\"@type\":\"SearchAction\",\"target\":{\"@type\":\"EntryPoint\",\"urlTemplate\":\"https:\/\/kgerad.de\/?s={search_term_string}\"},\"query-input\":{\"@type\":\"PropertyValueSpecification\",\"valueRequired\":true,\"valueName\":\"search_term_string\"}}],\"inLanguage\":\"en-US\"},{\"@type\":\"Organization\",\"@id\":\"https:\/\/kgerad.de\/#organization\",\"name\":\"MEINRADLADEN\",\"alternateName\":\"MEIN RADLADEN\",\"url\":\"https:\/\/kgerad.de\/\",\"logo\":{\"@type\":\"ImageObject\",\"inLanguage\":\"en-US\",\"@id\":\"https:\/\/kgerad.de\/#\/schema\/logo\/image\/\",\"url\":\"https:\/\/kgerad.de\/wp-content\/uploads\/2025\/07\/logo-Whit.svg\",\"contentUrl\":\"https:\/\/kgerad.de\/wp-content\/uploads\/2025\/07\/logo-Whit.svg\",\"width\":1640,\"height\":371,\"caption\":\"MEINRADLADEN\"},\"image\":{\"@id\":\"https:\/\/kgerad.de\/#\/schema\/logo\/image\/\"}}]}<\/script>\n<!-- \/ Yoast SEO Premium plugin. -->","yoast_head_json":{"title":"Bergamont E-Horizon Sport black (matt) 2022","description":"Entdecken Sie unseren Online-Fahrradladen: Gro\u00dfe Auswahl an Modellen f\u00fcr alle Radsportbegeisterten. Von Rennr\u00e4dern bis zu Mountainbikes - finden Sie heute Ihren perfekten Wegbegleiter!","robots":{"index":"index","follow":"follow","max-snippet":"max-snippet:-1","max-image-preview":"max-image-preview:large","max-video-preview":"max-video-preview:-1"},"canonical":"https:\/\/kgerad.de\/en\/product\/bergamont-e-horizon-sport-black-matt-2022\/","og_locale":"en_US","og_type":"article","og_title":"Bergamont E-Horizon Sport black (matt) 2022","og_description":"Entdecken Sie unseren Online-Fahrradladen: Gro\u00dfe Auswahl an Modellen f\u00fcr alle Radsportbegeisterten. Von Rennr\u00e4dern bis zu Mountainbikes - finden Sie heute Ihren perfekten Wegbegleiter!","og_url":"https:\/\/kgerad.de\/en\/product\/bergamont-e-horizon-sport-black-matt-2022\/","og_site_name":"kgerad.de","article_modified_time":"2023-08-11T11:13:39+00:00","og_image":[{"width":2560,"height":1569,"url":"https:\/\/kgerad.de\/wp-content\/uploads\/2023\/06\/285627-1-scaled-1.jpg","type":"image\/jpeg"}],"twitter_card":"summary_large_image","twitter_misc":{"Est. reading time":"2 minutes"},"schema":{"@context":"https:\/\/schema.org","@graph":[{"@type":"WebPage","@id":"https:\/\/kgerad.de\/produkt\/bergamont-e-horizon-sport-black-matt-2022\/","url":"https:\/\/kgerad.de\/produkt\/bergamont-e-horizon-sport-black-matt-2022\/","name":"Bergamont E-Horizon Sport black (matt) 2022","isPartOf":{"@id":"https:\/\/kgerad.de\/#website"},"primaryImageOfPage":{"@id":"https:\/\/kgerad.de\/produkt\/bergamont-e-horizon-sport-black-matt-2022\/#primaryimage"},"image":{"@id":"https:\/\/kgerad.de\/produkt\/bergamont-e-horizon-sport-black-matt-2022\/#primaryimage"},"thumbnailUrl":"https:\/\/kgerad.de\/wp-content\/uploads\/2023\/06\/285627-1-scaled-1.jpg","datePublished":"2022-11-09T16:23:46+00:00","dateModified":"2023-08-11T11:13:39+00:00","description":"Entdecken Sie unseren Online-Fahrradladen: Gro\u00dfe Auswahl an Modellen f\u00fcr alle Radsportbegeisterten. Von Rennr\u00e4dern bis zu Mountainbikes - finden Sie heute Ihren perfekten Wegbegleiter!","breadcrumb":{"@id":"https:\/\/kgerad.de\/produkt\/bergamont-e-horizon-sport-black-matt-2022\/#breadcrumb"},"inLanguage":"en-US","potentialAction":[{"@type":"ReadAction","target":["https:\/\/kgerad.de\/produkt\/bergamont-e-horizon-sport-black-matt-2022\/"]}]},{"@type":"ImageObject","inLanguage":"en-US","@id":"https:\/\/kgerad.de\/produkt\/bergamont-e-horizon-sport-black-matt-2022\/#primaryimage","url":"https:\/\/kgerad.de\/wp-content\/uploads\/2023\/06\/285627-1-scaled-1.jpg","contentUrl":"https:\/\/kgerad.de\/wp-content\/uploads\/2023\/06\/285627-1-scaled-1.jpg","width":2560,"height":1569,"caption":"Bergamont E-Horizon Sport black (matt) 2022"},{"@type":"BreadcrumbList","@id":"https:\/\/kgerad.de\/produkt\/bergamont-e-horizon-sport-black-matt-2022\/#breadcrumb","itemListElement":[{"@type":"ListItem","position":1,"name":"Startseite","item":"https:\/\/kgerad.de\/"},{"@type":"ListItem","position":2,"name":"LADEN","item":"https:\/\/kgerad.de\/laden\/"},{"@type":"ListItem","position":3,"name":"Bergamont E-Horizon Sport black (matt) 2022"}]},{"@type":"WebSite","@id":"https:\/\/kgerad.de\/#website","url":"https:\/\/kgerad.de\/","name":"kgerad.de","description":"Treten Sie mit uns ins Abenteuer!","publisher":{"@id":"https:\/\/kgerad.de\/#organization"},"alternateName":"MEIN RADLADEN","potentialAction":[{"@type":"SearchAction","target":{"@type":"EntryPoint","urlTemplate":"https:\/\/kgerad.de\/?s={search_term_string}"},"query-input":{"@type":"PropertyValueSpecification","valueRequired":true,"valueName":"search_term_string"}}],"inLanguage":"en-US"},{"@type":"Organization","@id":"https:\/\/kgerad.de\/#organization","name":"MEINRADLADEN","alternateName":"MEIN RADLADEN","url":"https:\/\/kgerad.de\/","logo":{"@type":"ImageObject","inLanguage":"en-US","@id":"https:\/\/kgerad.de\/#\/schema\/logo\/image\/","url":"https:\/\/kgerad.de\/wp-content\/uploads\/2025\/07\/logo-Whit.svg","contentUrl":"https:\/\/kgerad.de\/wp-content\/uploads\/2025\/07\/logo-Whit.svg","width":1640,"height":371,"caption":"MEINRADLADEN"},"image":{"@id":"https:\/\/kgerad.de\/#\/schema\/logo\/image\/"}}]}},"_links":{"self":[{"href":"https:\/\/kgerad.de\/en\/wp-json\/wp\/v2\/product\/39726","targetHints":{"allow":["GET"]}}],"collection":[{"href":"https:\/\/kgerad.de\/en\/wp-json\/wp\/v2\/product"}],"about":[{"href":"https:\/\/kgerad.de\/en\/wp-json\/wp\/v2\/types\/product"}],"replies":[{"embeddable":true,"href":"https:\/\/kgerad.de\/en\/wp-json\/wp\/v2\/comments?post=39726"}],"version-history":[{"count":1,"href":"https:\/\/kgerad.de\/en\/wp-json\/wp\/v2\/product\/39726\/revisions"}],"predecessor-version":[{"id":79661,"href":"https:\/\/kgerad.de\/en\/wp-json\/wp\/v2\/product\/39726\/revisions\/79661"}],"wp:featuredmedia":[{"embeddable":true,"href":"https:\/\/kgerad.de\/en\/wp-json\/wp\/v2\/media\/61709"}],"wp:attachment":[{"href":"https:\/\/kgerad.de\/en\/wp-json\/wp\/v2\/media?parent=39726"}],"wp:term":[{"taxonomy":"product_brand","embeddable":true,"href":"https:\/\/kgerad.de\/en\/wp-json\/wp\/v2\/product_brand?post=39726"},{"taxonomy":"product_cat","embeddable":true,"href":"https:\/\/kgerad.de\/en\/wp-json\/wp\/v2\/product_cat?post=39726"},{"taxonomy":"product_tag","embeddable":true,"href":"https:\/\/kgerad.de\/en\/wp-json\/wp\/v2\/product_tag?post=39726"}],"curies":[{"name":"wp","href":"https:\/\/api.w.org\/{rel}","templated":true}]}}