{"id":39708,"date":"2022-11-09T16:53:53","date_gmt":"2022-11-09T15:53:53","guid":{"rendered":"https:\/\/kgerad.de\/?post_type=product&#038;p=39708"},"modified":"2023-08-11T13:19:58","modified_gmt":"2023-08-11T11:19:58","slug":"bergamont-e-horizon-premium-suv-chrome-matt-2022","status":"publish","type":"product","link":"https:\/\/kgerad.de\/en\/product\/bergamont-e-horizon-premium-suv-chrome-matt-2022\/","title":{"rendered":"Bergamont E-Horizon Premium SUV chrome (matt) 2022"},"content":{"rendered":"<h2 class=\"pageTitle\">Bergamont E-Horizon Premium SUV chrome (matt) 2022<\/h2>\n<p>Erleben Sie beispiellose E-Bike-Freiheit mit dem Bergamont E-Horizon Premium SUV. Neueste Bosch-Technologie und mehr Akkukapazit\u00e4t, breitere Reifen und ein neues Rahmendesign vereinen das Beste aus E-MTB und E-Trekking. Mit 100 mm Federweg und den Schwalbe Marathon Plus MTB-Reifen kommst du auch abseits befestigter Radwege komfortabel voran. Die neue Shimano Linkglide Technologie sorgt zudem f\u00fcr langlebige und perfekt laufende Schaltkomponenten. So k\u00f6nnen Sie sich immer auf Ihren E-Horizon Premium SUV verlassen.<\/p>\n<h3>FEATURES OF THE BERGAMONT E-HORIZON PREMIUM SUV &#8211; 2022<\/h3>\n<p>28&#8243; Super Lite Aluminiumrahmen<br \/>\nPerformance Line CX BES3-Motor, 85 Nm<br \/>\nBosch PowerTube Akku, 750Wh<br \/>\nBosch LED-Fernbedienung<br \/>\nShimano Linkglide Schaltkomponenten<br \/>\nSchwalbe Marathon Plus MTB-Reifen<\/p>\n<div class=\"product--description\">\n<h3>BOSCH BES3 SYSTEM ON THE BERGAMONT E-HORIZON PREMIUM SUV<\/h3>\n<p>Der neue Bosch PowerTube Akku hat jetzt noch mehr Reichweite mit dem neuen Bosch System. Der Intube-Akku leistet satte 750Wh und versorgt den Performance Line CX Motor mit ordentlich Power. Ebenfalls neu ist die schlanke LED-Kontrolleinheit am Lenkergriff, die einen \u00dcberblick \u00fcber Batteriestatus und Unterst\u00fctzungsstufe gibt.<\/p>\n<h2>Ausstattung<\/h2>\n<p>&nbsp;<\/p>\n<div class=\"widgetBoxBottomRound\">\n<div id=\"attributes\" class=\"ui-tabs-panel ui-widget-content ui-corner-bottom\" role=\"tabpanel\" aria-labelledby=\"ui-id-1\" aria-expanded=\"true\" aria-hidden=\"false\">\n<table class=\"attributes\">\n<tbody>\n<tr>\n<th id=\"attrTitle_1\"><strong>Gewicht<\/strong><\/th>\n<td id=\"attrValue_1\">28.80<\/td>\n<\/tr>\n<tr>\n<th id=\"attrTitle_2\"><strong>Farbe<\/strong><\/th>\n<td id=\"attrValue_2\">chrome (matt)<\/td>\n<\/tr>\n<tr>\n<th id=\"attrTitle_3\"><strong>Rahmenform<\/strong><\/th>\n<td id=\"attrValue_3\">Diamant<\/td>\n<\/tr>\n<tr>\n<th id=\"attrTitle_4\"><strong>Durchmesser Scheibenbremse vorn<\/strong><\/th>\n<td id=\"attrValue_4\">180.00<\/td>\n<\/tr>\n<tr>\n<th id=\"attrTitle_5\"><strong>Durchmesser Scheibenbremse hinten<\/strong><\/th>\n<td id=\"attrValue_5\">180.00<\/td>\n<\/tr>\n<tr>\n<th id=\"attrTitle_6\"><strong>Federweg in mm<\/strong><\/th>\n<td id=\"attrValue_6\">100.00<\/td>\n<\/tr>\n<tr>\n<th id=\"attrTitle_7\"><strong>Ganganzahl<\/strong><\/th>\n<td id=\"attrValue_7\">10<\/td>\n<\/tr>\n<tr>\n<th id=\"attrTitle_8\"><strong>Federung<\/strong><\/th>\n<td id=\"attrValue_8\">stahlgefedert<\/td>\n<\/tr>\n<tr>\n<th id=\"attrTitle_9\"><strong>Akkuposition<\/strong><\/th>\n<td id=\"attrValue_9\">intube<\/td>\n<\/tr>\n<tr>\n<th id=\"attrTitle_10\"><strong>Gabelhersteller<\/strong><\/th>\n<td id=\"attrValue_10\">SR Suntour<\/td>\n<\/tr>\n<tr>\n<th id=\"attrTitle_11\"><strong>Motorposition<\/strong><\/th>\n<td id=\"attrValue_11\">Mittelmotor<\/td>\n<\/tr>\n<tr>\n<th id=\"attrTitle_12\"><strong>Schaltart<\/strong><\/th>\n<td id=\"attrValue_12\">Kettenschaltung<\/td>\n<\/tr>\n<tr>\n<th id=\"attrTitle_13\"><strong>Bremssystem<\/strong><\/th>\n<td id=\"attrValue_13\">Scheibenbremse, hydraulisch<\/td>\n<\/tr>\n<tr>\n<th id=\"attrTitle_14\"><strong>Rahmenmaterial<\/strong><\/th>\n<td id=\"attrValue_14\">Aluminium<\/td>\n<\/tr>\n<tr>\n<th id=\"attrTitle_15\"><strong>Schaltung<\/strong><\/th>\n<td id=\"attrValue_15\">Shimano Deore Linkglide, RD-M5130, Shadow Plus<\/td>\n<\/tr>\n<tr>\n<th id=\"attrTitle_16\"><strong>Reifen<\/strong><\/th>\n<td id=\"attrValue_16\">Schwalbe Marathon Plus MTB, Smart Guard, Twin Skin, Reflex-Streifen, 54-622<\/td>\n<\/tr>\n<tr>\n<th id=\"attrTitle_17\"><strong>Beleuchtung<\/strong><\/th>\n<td id=\"attrValue_17\">B&amp;M Myc, 50 Lux, LED<\/td>\n<\/tr>\n<tr>\n<th id=\"attrTitle_18\"><strong>Motorart<\/strong><\/th>\n<td id=\"attrValue_18\">Bosch Performance Line CX, Gen. 4, BES3, 250 W, 36 V, max. 25 km\/h<\/td>\n<\/tr>\n<tr>\n<th id=\"attrTitle_19\"><strong>Speichen<\/strong><\/th>\n<td id=\"attrValue_19\">Sapim Leader<\/td>\n<\/tr>\n<tr>\n<th id=\"attrTitle_20\"><strong>Felgen<\/strong><\/th>\n<td id=\"attrValue_20\">Ryde Rival 23 Disc, ge\u00f6st<\/td>\n<\/tr>\n<tr>\n<th id=\"attrTitle_21\"><strong>Display<\/strong><\/th>\n<td id=\"attrValue_21\">Bosch LED Remote<\/td>\n<\/tr>\n<tr>\n<th id=\"attrTitle_22\"><strong>Kurbelsatz<\/strong><\/th>\n<td id=\"attrValue_22\">FSA CK-320, 38t<\/td>\n<\/tr>\n<tr>\n<th id=\"attrTitle_23\"><strong>Gep\u00e4cktr\u00e4ger<\/strong><\/th>\n<td id=\"attrValue_23\">Racktime \/ BGM Trekking Pro, Snapit 2.0 System, integrierte Schutzblechaufnahme<\/td>\n<\/tr>\n<tr>\n<th id=\"attrTitle_24\"><strong>Schalthebel<\/strong><\/th>\n<td id=\"attrValue_24\">Shimano Deore Linkglide, SL-M5130, 1&#215;10-fach<\/td>\n<\/tr>\n<tr>\n<th id=\"attrTitle_25\"><strong>R\u00fcckleuchte<\/strong><\/th>\n<td id=\"attrValue_25\">B&amp;M Toplight Line brex, LED, mit Bremslicht<\/td>\n<\/tr>\n<tr>\n<th id=\"attrTitle_26\"><strong>Lenker<\/strong><\/th>\n<td id=\"attrValue_26\">BGM Pro, Riser Lenker, Kr\u00f6pfung: 15\u00b0, H\u00f6he: 5 mm<\/td>\n<\/tr>\n<tr>\n<th id=\"attrTitle_27\"><strong>Sattel<\/strong><\/th>\n<td id=\"attrValue_27\">Syncros Capilano Trekking, gel<\/td>\n<\/tr>\n<tr>\n<th id=\"attrTitle_28\"><strong>Gabel<\/strong><\/th>\n<td id=\"attrValue_28\">Suntour Mobie 25, RLR DS, 100 mm, 15&#215;100 mm Achse<\/td>\n<\/tr>\n<tr>\n<th id=\"attrTitle_29\"><strong>Kettenschutz<\/strong><\/th>\n<td id=\"attrValue_29\">In Motorabdeckung integriert<\/td>\n<\/tr>\n<tr>\n<th id=\"attrTitle_30\"><strong>Naben<\/strong><\/th>\n<td id=\"attrValue_30\">Shimano HB-MT400, Centerlock, Disc, 15&#215;100 mm Achse, Shimano, Centerlock, Disc, Schnellspanner<\/td>\n<\/tr>\n<tr>\n<th id=\"attrTitle_31\"><strong>Zahnkr\u00e4nze<\/strong><\/th>\n<td id=\"attrValue_31\">Shimano CS-LG600-10, 11-43t<\/td>\n<\/tr>\n<tr>\n<th id=\"attrTitle_32\"><strong>Bremshebel<\/strong><\/th>\n<td id=\"attrValue_32\">Shimano BL-MT402, hydraulische Scheibenbremse<\/td>\n<\/tr>\n<tr>\n<th id=\"attrTitle_33\"><strong>St\u00e4nder<\/strong><\/th>\n<td id=\"attrValue_33\">Syncros<\/td>\n<\/tr>\n<tr>\n<th id=\"attrTitle_34\"><strong>Griffe<\/strong><\/th>\n<td id=\"attrValue_34\">BGM Comfort, Ergo, Double Density, Schraubgriffe<\/td>\n<\/tr>\n<tr>\n<th id=\"attrTitle_35\"><strong>Sattelst\u00fctze<\/strong><\/th>\n<td id=\"attrValue_35\">BGM Pro<\/td>\n<\/tr>\n<tr>\n<th id=\"attrTitle_36\"><strong>Steuersatz<\/strong><\/th>\n<td id=\"attrValue_36\">Acros, A-Headset, semi-integriert, 1.5&#8243;, integrierte Kabeldurchf\u00fchrung<\/td>\n<\/tr>\n<tr>\n<th id=\"attrTitle_37\"><strong>Innenlager<\/strong><\/th>\n<td id=\"attrValue_37\">Bosch, Isis<\/td>\n<\/tr>\n<tr>\n<th id=\"attrTitle_38\"><strong>Kette<\/strong><\/th>\n<td id=\"attrValue_38\">Shimano CN-LG500<\/td>\n<\/tr>\n<tr>\n<th id=\"attrTitle_39\"><strong>Bremse<\/strong><\/th>\n<td id=\"attrValue_39\">Shimano BR-MT420, hydraulische Scheibenbremse, 4-Kolben<\/td>\n<\/tr>\n<tr>\n<th id=\"attrTitle_40\"><strong>Schutzbleche<\/strong><\/th>\n<td id=\"attrValue_40\">Racktime Wingee<\/td>\n<\/tr>\n<tr>\n<th id=\"attrTitle_41\"><strong>Vorbau<\/strong><\/th>\n<td id=\"attrValue_41\">Satori Python, einstellbar<\/td>\n<\/tr>\n<tr>\n<th id=\"attrTitle_42\"><strong>Pedale<\/strong><\/th>\n<td id=\"attrValue_42\">Marwi SP-890 Sandblock<\/td>\n<\/tr>\n<tr>\n<th id=\"attrTitle_43\"><strong>Akkuleistung (Wh)<\/strong><\/th>\n<td id=\"attrValue_43\">750<\/td>\n<\/tr>\n<tr>\n<th id=\"attrTitle_44\"><strong>Modelljahr<\/strong><\/th>\n<td id=\"attrValue_44\">2022<\/td>\n<\/tr>\n<tr>\n<th id=\"attrTitle_45\"><strong>Akku<\/strong><\/th>\n<td id=\"attrValue_45\">Bosch PowerTube, 36 V Li Ion, 750 Wh<\/td>\n<\/tr>\n<tr>\n<th id=\"attrTitle_46\"><strong>Kategorie<\/strong><\/th>\n<td id=\"attrValue_46\">E-Bikes \/ Pedelecs \/ Trekking\/Touren<\/td>\n<\/tr>\n<tr>\n<th id=\"attrTitle_47\"><strong>Zustand<\/strong><\/th>\n<td id=\"attrValue_47\">neu<\/td>\n<\/tr>\n<\/tbody>\n<\/table>\n<\/div>\n<\/div>\n<\/div>\n<div class=\"product--properties panel has--border\"><\/div>","protected":false},"excerpt":{"rendered":"<p>Bergamont E-Horizon Premium SUV chrome (matt) 2022 Erleben Sie beispiellose E-Bike-Freiheit mit dem Bergamont E-Horizon Premium SUV. Neueste Bosch-Technologie und<\/p>","protected":false},"featured_media":61705,"comment_status":"open","ping_status":"closed","template":"","meta":[],"product_brand":[],"product_cat":[33,247,35,281],"product_tag":[],"class_list":{"0":"post-39708","1":"product","2":"type-product","3":"status-publish","4":"has-post-thumbnail","6":"product_cat-e-bike","7":"product_cat-e-bike-trekking","8":"product_cat-e-bikes-2022","9":"product_cat-e-fahrrad","10":"pa_marke-bergamont","12":"first","13":"instock","14":"sale","15":"taxable","16":"shipping-taxable","17":"purchasable","18":"product-type-variable"},"yoast_head":"<!-- This site is optimized with the Yoast SEO Premium plugin v20.12 (Yoast SEO v27.1.1) - https:\/\/yoast.com\/product\/yoast-seo-premium-wordpress\/ -->\n<title>Bergamont E-Horizon Premium SUV chrome (matt) 2022<\/title>\n<meta name=\"description\" content=\"Entdecken Sie unseren Online-Fahrradladen: Gro\u00dfe Auswahl an Modellen f\u00fcr alle Radsportbegeisterten. Von Rennr\u00e4dern bis zu Mountainbikes - finden Sie heute Ihren perfekten Wegbegleiter!\" \/>\n<meta name=\"robots\" content=\"index, follow, max-snippet:-1, max-image-preview:large, max-video-preview:-1\" \/>\n<link rel=\"canonical\" href=\"https:\/\/kgerad.de\/en\/product\/bergamont-e-horizon-premium-suv-chrome-matt-2022\/\" \/>\n<meta property=\"og:locale\" content=\"en_US\" \/>\n<meta property=\"og:type\" content=\"article\" \/>\n<meta property=\"og:title\" content=\"Bergamont E-Horizon Premium SUV chrome (matt) 2022\" \/>\n<meta property=\"og:description\" content=\"Entdecken Sie unseren Online-Fahrradladen: Gro\u00dfe Auswahl an Modellen f\u00fcr alle Radsportbegeisterten. Von Rennr\u00e4dern bis zu Mountainbikes - finden Sie heute Ihren perfekten Wegbegleiter!\" \/>\n<meta property=\"og:url\" content=\"https:\/\/kgerad.de\/en\/product\/bergamont-e-horizon-premium-suv-chrome-matt-2022\/\" \/>\n<meta property=\"og:site_name\" content=\"kgerad.de\" \/>\n<meta property=\"article:modified_time\" content=\"2023-08-11T11:19:58+00:00\" \/>\n<meta property=\"og:image\" content=\"https:\/\/kgerad.de\/wp-content\/uploads\/2023\/06\/286738-scaled-1.jpg\" \/>\n\t<meta property=\"og:image:width\" content=\"2560\" \/>\n\t<meta property=\"og:image:height\" content=\"2560\" \/>\n\t<meta property=\"og:image:type\" content=\"image\/jpeg\" \/>\n<meta name=\"twitter:card\" content=\"summary_large_image\" \/>\n<meta name=\"twitter:label1\" content=\"Est. reading time\" \/>\n\t<meta name=\"twitter:data1\" content=\"3 minutes\" \/>\n<script type=\"application\/ld+json\" class=\"yoast-schema-graph\">{\"@context\":\"https:\/\/schema.org\",\"@graph\":[{\"@type\":\"WebPage\",\"@id\":\"https:\/\/kgerad.de\/produkt\/bergamont-e-horizon-premium-suv-chrome-matt-2022\/\",\"url\":\"https:\/\/kgerad.de\/produkt\/bergamont-e-horizon-premium-suv-chrome-matt-2022\/\",\"name\":\"Bergamont E-Horizon Premium SUV chrome (matt) 2022\",\"isPartOf\":{\"@id\":\"https:\/\/kgerad.de\/#website\"},\"primaryImageOfPage\":{\"@id\":\"https:\/\/kgerad.de\/produkt\/bergamont-e-horizon-premium-suv-chrome-matt-2022\/#primaryimage\"},\"image\":{\"@id\":\"https:\/\/kgerad.de\/produkt\/bergamont-e-horizon-premium-suv-chrome-matt-2022\/#primaryimage\"},\"thumbnailUrl\":\"https:\/\/kgerad.de\/wp-content\/uploads\/2023\/06\/286738-scaled-1.jpg\",\"datePublished\":\"2022-11-09T15:53:53+00:00\",\"dateModified\":\"2023-08-11T11:19:58+00:00\",\"description\":\"Entdecken Sie unseren Online-Fahrradladen: Gro\u00dfe Auswahl an Modellen f\u00fcr alle Radsportbegeisterten. Von Rennr\u00e4dern bis zu Mountainbikes - finden Sie heute Ihren perfekten Wegbegleiter!\",\"breadcrumb\":{\"@id\":\"https:\/\/kgerad.de\/produkt\/bergamont-e-horizon-premium-suv-chrome-matt-2022\/#breadcrumb\"},\"inLanguage\":\"en-US\",\"potentialAction\":[{\"@type\":\"ReadAction\",\"target\":[\"https:\/\/kgerad.de\/produkt\/bergamont-e-horizon-premium-suv-chrome-matt-2022\/\"]}]},{\"@type\":\"ImageObject\",\"inLanguage\":\"en-US\",\"@id\":\"https:\/\/kgerad.de\/produkt\/bergamont-e-horizon-premium-suv-chrome-matt-2022\/#primaryimage\",\"url\":\"https:\/\/kgerad.de\/wp-content\/uploads\/2023\/06\/286738-scaled-1.jpg\",\"contentUrl\":\"https:\/\/kgerad.de\/wp-content\/uploads\/2023\/06\/286738-scaled-1.jpg\",\"width\":2560,\"height\":2560,\"caption\":\"Bergamont E-Horizon Premium SUV chrome (matt) 2022\"},{\"@type\":\"BreadcrumbList\",\"@id\":\"https:\/\/kgerad.de\/produkt\/bergamont-e-horizon-premium-suv-chrome-matt-2022\/#breadcrumb\",\"itemListElement\":[{\"@type\":\"ListItem\",\"position\":1,\"name\":\"Startseite\",\"item\":\"https:\/\/kgerad.de\/\"},{\"@type\":\"ListItem\",\"position\":2,\"name\":\"LADEN\",\"item\":\"https:\/\/kgerad.de\/laden\/\"},{\"@type\":\"ListItem\",\"position\":3,\"name\":\"Bergamont E-Horizon Premium SUV chrome (matt) 2022\"}]},{\"@type\":\"WebSite\",\"@id\":\"https:\/\/kgerad.de\/#website\",\"url\":\"https:\/\/kgerad.de\/\",\"name\":\"kgerad.de\",\"description\":\"Treten Sie mit uns ins Abenteuer!\",\"publisher\":{\"@id\":\"https:\/\/kgerad.de\/#organization\"},\"alternateName\":\"MEIN RADLADEN\",\"potentialAction\":[{\"@type\":\"SearchAction\",\"target\":{\"@type\":\"EntryPoint\",\"urlTemplate\":\"https:\/\/kgerad.de\/?s={search_term_string}\"},\"query-input\":{\"@type\":\"PropertyValueSpecification\",\"valueRequired\":true,\"valueName\":\"search_term_string\"}}],\"inLanguage\":\"en-US\"},{\"@type\":\"Organization\",\"@id\":\"https:\/\/kgerad.de\/#organization\",\"name\":\"MEINRADLADEN\",\"alternateName\":\"MEIN RADLADEN\",\"url\":\"https:\/\/kgerad.de\/\",\"logo\":{\"@type\":\"ImageObject\",\"inLanguage\":\"en-US\",\"@id\":\"https:\/\/kgerad.de\/#\/schema\/logo\/image\/\",\"url\":\"https:\/\/kgerad.de\/wp-content\/uploads\/2025\/07\/logo-Whit.svg\",\"contentUrl\":\"https:\/\/kgerad.de\/wp-content\/uploads\/2025\/07\/logo-Whit.svg\",\"width\":1640,\"height\":371,\"caption\":\"MEINRADLADEN\"},\"image\":{\"@id\":\"https:\/\/kgerad.de\/#\/schema\/logo\/image\/\"}}]}<\/script>\n<!-- \/ Yoast SEO Premium plugin. -->","yoast_head_json":{"title":"Bergamont E-Horizon Premium SUV chrome (matt) 2022","description":"Entdecken Sie unseren Online-Fahrradladen: Gro\u00dfe Auswahl an Modellen f\u00fcr alle Radsportbegeisterten. Von Rennr\u00e4dern bis zu Mountainbikes - finden Sie heute Ihren perfekten Wegbegleiter!","robots":{"index":"index","follow":"follow","max-snippet":"max-snippet:-1","max-image-preview":"max-image-preview:large","max-video-preview":"max-video-preview:-1"},"canonical":"https:\/\/kgerad.de\/en\/product\/bergamont-e-horizon-premium-suv-chrome-matt-2022\/","og_locale":"en_US","og_type":"article","og_title":"Bergamont E-Horizon Premium SUV chrome (matt) 2022","og_description":"Entdecken Sie unseren Online-Fahrradladen: Gro\u00dfe Auswahl an Modellen f\u00fcr alle Radsportbegeisterten. Von Rennr\u00e4dern bis zu Mountainbikes - finden Sie heute Ihren perfekten Wegbegleiter!","og_url":"https:\/\/kgerad.de\/en\/product\/bergamont-e-horizon-premium-suv-chrome-matt-2022\/","og_site_name":"kgerad.de","article_modified_time":"2023-08-11T11:19:58+00:00","og_image":[{"width":2560,"height":2560,"url":"https:\/\/kgerad.de\/wp-content\/uploads\/2023\/06\/286738-scaled-1.jpg","type":"image\/jpeg"}],"twitter_card":"summary_large_image","twitter_misc":{"Est. reading time":"3 minutes"},"schema":{"@context":"https:\/\/schema.org","@graph":[{"@type":"WebPage","@id":"https:\/\/kgerad.de\/produkt\/bergamont-e-horizon-premium-suv-chrome-matt-2022\/","url":"https:\/\/kgerad.de\/produkt\/bergamont-e-horizon-premium-suv-chrome-matt-2022\/","name":"Bergamont E-Horizon Premium SUV chrome (matt) 2022","isPartOf":{"@id":"https:\/\/kgerad.de\/#website"},"primaryImageOfPage":{"@id":"https:\/\/kgerad.de\/produkt\/bergamont-e-horizon-premium-suv-chrome-matt-2022\/#primaryimage"},"image":{"@id":"https:\/\/kgerad.de\/produkt\/bergamont-e-horizon-premium-suv-chrome-matt-2022\/#primaryimage"},"thumbnailUrl":"https:\/\/kgerad.de\/wp-content\/uploads\/2023\/06\/286738-scaled-1.jpg","datePublished":"2022-11-09T15:53:53+00:00","dateModified":"2023-08-11T11:19:58+00:00","description":"Entdecken Sie unseren Online-Fahrradladen: Gro\u00dfe Auswahl an Modellen f\u00fcr alle Radsportbegeisterten. Von Rennr\u00e4dern bis zu Mountainbikes - finden Sie heute Ihren perfekten Wegbegleiter!","breadcrumb":{"@id":"https:\/\/kgerad.de\/produkt\/bergamont-e-horizon-premium-suv-chrome-matt-2022\/#breadcrumb"},"inLanguage":"en-US","potentialAction":[{"@type":"ReadAction","target":["https:\/\/kgerad.de\/produkt\/bergamont-e-horizon-premium-suv-chrome-matt-2022\/"]}]},{"@type":"ImageObject","inLanguage":"en-US","@id":"https:\/\/kgerad.de\/produkt\/bergamont-e-horizon-premium-suv-chrome-matt-2022\/#primaryimage","url":"https:\/\/kgerad.de\/wp-content\/uploads\/2023\/06\/286738-scaled-1.jpg","contentUrl":"https:\/\/kgerad.de\/wp-content\/uploads\/2023\/06\/286738-scaled-1.jpg","width":2560,"height":2560,"caption":"Bergamont E-Horizon Premium SUV chrome (matt) 2022"},{"@type":"BreadcrumbList","@id":"https:\/\/kgerad.de\/produkt\/bergamont-e-horizon-premium-suv-chrome-matt-2022\/#breadcrumb","itemListElement":[{"@type":"ListItem","position":1,"name":"Startseite","item":"https:\/\/kgerad.de\/"},{"@type":"ListItem","position":2,"name":"LADEN","item":"https:\/\/kgerad.de\/laden\/"},{"@type":"ListItem","position":3,"name":"Bergamont E-Horizon Premium SUV chrome (matt) 2022"}]},{"@type":"WebSite","@id":"https:\/\/kgerad.de\/#website","url":"https:\/\/kgerad.de\/","name":"kgerad.de","description":"Treten Sie mit uns ins Abenteuer!","publisher":{"@id":"https:\/\/kgerad.de\/#organization"},"alternateName":"MEIN RADLADEN","potentialAction":[{"@type":"SearchAction","target":{"@type":"EntryPoint","urlTemplate":"https:\/\/kgerad.de\/?s={search_term_string}"},"query-input":{"@type":"PropertyValueSpecification","valueRequired":true,"valueName":"search_term_string"}}],"inLanguage":"en-US"},{"@type":"Organization","@id":"https:\/\/kgerad.de\/#organization","name":"MEINRADLADEN","alternateName":"MEIN RADLADEN","url":"https:\/\/kgerad.de\/","logo":{"@type":"ImageObject","inLanguage":"en-US","@id":"https:\/\/kgerad.de\/#\/schema\/logo\/image\/","url":"https:\/\/kgerad.de\/wp-content\/uploads\/2025\/07\/logo-Whit.svg","contentUrl":"https:\/\/kgerad.de\/wp-content\/uploads\/2025\/07\/logo-Whit.svg","width":1640,"height":371,"caption":"MEINRADLADEN"},"image":{"@id":"https:\/\/kgerad.de\/#\/schema\/logo\/image\/"}}]}},"_links":{"self":[{"href":"https:\/\/kgerad.de\/en\/wp-json\/wp\/v2\/product\/39708","targetHints":{"allow":["GET"]}}],"collection":[{"href":"https:\/\/kgerad.de\/en\/wp-json\/wp\/v2\/product"}],"about":[{"href":"https:\/\/kgerad.de\/en\/wp-json\/wp\/v2\/types\/product"}],"replies":[{"embeddable":true,"href":"https:\/\/kgerad.de\/en\/wp-json\/wp\/v2\/comments?post=39708"}],"version-history":[{"count":1,"href":"https:\/\/kgerad.de\/en\/wp-json\/wp\/v2\/product\/39708\/revisions"}],"predecessor-version":[{"id":79678,"href":"https:\/\/kgerad.de\/en\/wp-json\/wp\/v2\/product\/39708\/revisions\/79678"}],"wp:featuredmedia":[{"embeddable":true,"href":"https:\/\/kgerad.de\/en\/wp-json\/wp\/v2\/media\/61705"}],"wp:attachment":[{"href":"https:\/\/kgerad.de\/en\/wp-json\/wp\/v2\/media?parent=39708"}],"wp:term":[{"taxonomy":"product_brand","embeddable":true,"href":"https:\/\/kgerad.de\/en\/wp-json\/wp\/v2\/product_brand?post=39708"},{"taxonomy":"product_cat","embeddable":true,"href":"https:\/\/kgerad.de\/en\/wp-json\/wp\/v2\/product_cat?post=39708"},{"taxonomy":"product_tag","embeddable":true,"href":"https:\/\/kgerad.de\/en\/wp-json\/wp\/v2\/product_tag?post=39708"}],"curies":[{"name":"wp","href":"https:\/\/api.w.org\/{rel}","templated":true}]}}