{"id":39642,"date":"2022-11-09T16:02:41","date_gmt":"2022-11-09T15:02:41","guid":{"rendered":"https:\/\/kgerad.de\/?post_type=product&#038;p=39642"},"modified":"2023-08-11T13:08:01","modified_gmt":"2023-08-11T11:08:01","slug":"ktm-macina-tour-p510-oak-blackorange-2022","status":"publish","type":"product","link":"https:\/\/kgerad.de\/en\/product\/ktm-macina-tour-p510-oak-blackorange-2022\/","title":{"rendered":"KTM MACINA TOUR P510 oak (black+orange) 2022"},"content":{"rendered":"<h2>KTM MACINA TOUR P510 oak (black+orange) 2022<\/h2>\n<p>KTM MACINA TOUR MEHR FAHRFREUDE. Die Modelle FUN und TOUR haben den Testbericht \u201eStiftung Warentest\u201c bereits zweimal in Folge gewonnen. Die Nachfolger dieser erfolgreichen Bikes warten in \u00fcberarbeiteten Versionen auf ihren Einsatz in der neuen Saison. Das technisch anspruchsvolle Erfolgsrezept klingt ganz einfach: Qualit\u00e4t, Komfort, Performance und Style auf h\u00f6chstem Niveau. Die MACINA TOUR und FUN Modelle bieten eine aufrechtere Sitzposition und eine absenkbare oder gefederte Sattelst\u00fctze, die f\u00fcr einen h\u00f6heren Wohlf\u00fchlfaktor sorgen. Diese Fahrr\u00e4der sind mit verschiedenen BOSCH-Systemen und Ausstattungsvarianten erh\u00e4ltlich.<\/p>\n<p>Daher wird das von uns hier angebotene Fahrrad von einem Spezialisten in unserer Fachwerkstatt fahrfertig endmontiert (Aufwand je nach Rad 45 &#8211; 60 Min.) und Probe gefahren. Um f\u00fcr Sie die Versandkosten m\u00f6glichst gering zu halten, wird das Fahrrad &#8211; so wenig wie n\u00f6tig \u2013 f\u00fcr den Versand r\u00fcckmontiert, d.h. in der Regel: der Lenker wird quergestellt und die Pedale\u00a0(sofern enthalten) entfernt, ggf. wird das Vorderrad ausgebaut und danach sorgf\u00e4ltig verpackt. Nach Erhalt m\u00fcssen Sie lediglich die Pedale\u00a0(sofern enthalten) anschrauben, Vorbau und Lenker wieder gerade stellen\/ ausrichten und evtl. das Vorderrad wieder einbauen.<\/p>\n<h2>Ausstattung<\/h2>\n<table class=\"attributes\">\n<tbody>\n<tr>\n<th id=\"attrTitle_1\"><strong>Gewicht<\/strong><\/th>\n<td id=\"attrValue_1\">26.00<\/td>\n<\/tr>\n<tr>\n<th id=\"attrTitle_2\"><strong>Farbzuordnung<\/strong><\/th>\n<td id=\"attrValue_2\">Schwarz \/ Orange<\/td>\n<\/tr>\n<tr>\n<th id=\"attrTitle_3\"><strong>Farbe<\/strong><\/th>\n<td id=\"attrValue_3\">oak (black+orange)<\/td>\n<\/tr>\n<tr>\n<th id=\"attrTitle_4\"><strong>Rahmenform<\/strong><\/th>\n<td id=\"attrValue_4\">Wave<\/td>\n<\/tr>\n<tr>\n<th id=\"attrTitle_5\"><strong>Durchmesser Scheibenbremse vorn<\/strong><\/th>\n<td id=\"attrValue_5\">180.00<\/td>\n<\/tr>\n<tr>\n<th id=\"attrTitle_6\"><strong>Ganganzahl<\/strong><\/th>\n<td id=\"attrValue_6\">9<\/td>\n<\/tr>\n<tr>\n<th id=\"attrTitle_7\"><strong>Federweg in mm<\/strong><\/th>\n<td id=\"attrValue_7\">63.00<\/td>\n<\/tr>\n<tr>\n<th id=\"attrTitle_8\"><strong>Durchmesser Scheibenbremse hinten<\/strong><\/th>\n<td id=\"attrValue_8\">160.00<\/td>\n<\/tr>\n<tr>\n<th id=\"attrTitle_9\"><strong>Motorposition<\/strong><\/th>\n<td id=\"attrValue_9\">Mittelmotor<\/td>\n<\/tr>\n<tr>\n<th id=\"attrTitle_10\"><strong>Gabelhersteller<\/strong><\/th>\n<td id=\"attrValue_10\">Suntour<\/td>\n<\/tr>\n<tr>\n<th id=\"attrTitle_11\"><strong>Akkuposition<\/strong><\/th>\n<td id=\"attrValue_11\">intube<\/td>\n<\/tr>\n<tr>\n<th id=\"attrTitle_12\"><strong>Federung<\/strong><\/th>\n<td id=\"attrValue_12\">stahlgefedert<\/td>\n<\/tr>\n<tr>\n<th id=\"attrTitle_13\"><strong>Schaltart<\/strong><\/th>\n<td id=\"attrValue_13\">Kettenschaltung<\/td>\n<\/tr>\n<tr>\n<th id=\"attrTitle_14\"><strong>Bremssystem<\/strong><\/th>\n<td id=\"attrValue_14\">Scheibenbremse<\/td>\n<\/tr>\n<tr>\n<th id=\"attrTitle_15\"><strong>Rahmenmaterial<\/strong><\/th>\n<td id=\"attrValue_15\">Aluminium<\/td>\n<\/tr>\n<tr>\n<th id=\"attrTitle_16\"><strong>Schaltung<\/strong><\/th>\n<td id=\"attrValue_16\">Shimano Alivio M3100-9 SGS shadow<\/td>\n<\/tr>\n<tr>\n<th id=\"attrTitle_17\"><strong>Beleuchtung<\/strong><\/th>\n<td id=\"attrValue_17\">B&amp;M Lumotec DOPP LED 35Lux<\/td>\n<\/tr>\n<tr>\n<th id=\"attrTitle_18\"><strong>Motorart<\/strong><\/th>\n<td id=\"attrValue_18\">Bosch PERFORMANCE Gen.3 &#8211; 25km\/h \/ 65Nm<\/td>\n<\/tr>\n<tr>\n<th id=\"attrTitle_19\"><strong>Sattelst\u00fctze<\/strong><\/th>\n<td id=\"attrValue_19\">KTM Line Elegance suspension 30.9\/300<\/td>\n<\/tr>\n<tr>\n<th id=\"attrTitle_20\"><strong>Gabel<\/strong><\/th>\n<td id=\"attrValue_20\">Suntour NX1 coil LO 63mm<\/td>\n<\/tr>\n<tr>\n<th id=\"attrTitle_21\"><strong>R\u00fcckleuchte<\/strong><\/th>\n<td id=\"attrValue_21\">B&amp;M Toplight 2C LED<\/td>\n<\/tr>\n<tr>\n<th id=\"attrTitle_22\"><strong>Lenker<\/strong><\/th>\n<td id=\"attrValue_22\">KTM Line rizer20 640mm<\/td>\n<\/tr>\n<tr>\n<th id=\"attrTitle_23\"><strong>Gep\u00e4cktr\u00e4ger<\/strong><\/th>\n<td id=\"attrValue_23\">KTM Racktime tour (snap-it 1.0)<\/td>\n<\/tr>\n<tr>\n<th id=\"attrTitle_24\"><strong>Schalthebel<\/strong><\/th>\n<td id=\"attrValue_24\">Shimano Alivio M3100-9 display<\/td>\n<\/tr>\n<tr>\n<th id=\"attrTitle_25\"><strong>Display<\/strong><\/th>\n<td id=\"attrValue_25\">Bosch INTUVIA LCD Display with Remote<\/td>\n<\/tr>\n<tr>\n<th id=\"attrTitle_26\"><strong>Felgen<\/strong><\/th>\n<td id=\"attrValue_26\">Ambrosio Sport Disc 32H 622x23C<\/td>\n<\/tr>\n<tr>\n<th id=\"attrTitle_27\"><strong>Kettenschutz<\/strong><\/th>\n<td id=\"attrValue_27\">KTM type 6 for Bosch Gen.4<\/td>\n<\/tr>\n<tr>\n<th id=\"attrTitle_28\"><strong>Sattel<\/strong><\/th>\n<td id=\"attrValue_28\">Selle Royal Essenza+<\/td>\n<\/tr>\n<tr>\n<th id=\"attrTitle_29\"><strong>Vorbau<\/strong><\/th>\n<td id=\"attrValue_29\">KTM Line adjust. 0-60\u00b0 internal<\/td>\n<\/tr>\n<tr>\n<th id=\"attrTitle_30\"><strong>Schutzbleche<\/strong><\/th>\n<td id=\"attrValue_30\">SKS A55K 55mm black matt<\/td>\n<\/tr>\n<tr>\n<th id=\"attrTitle_31\"><strong>Kette<\/strong><\/th>\n<td id=\"attrValue_31\">Shimano E6070-9 e-bike<\/td>\n<\/tr>\n<tr>\n<th id=\"attrTitle_32\"><strong>Speichen<\/strong><\/th>\n<td id=\"attrValue_32\">DT Champion 2.0 black<\/td>\n<\/tr>\n<tr>\n<th id=\"attrTitle_33\"><strong>Pedale<\/strong><\/th>\n<td id=\"attrValue_33\">Trekking-Pedal VP-616 anti-slip<\/td>\n<\/tr>\n<tr>\n<th id=\"attrTitle_34\"><strong>Sattelklemmung<\/strong><\/th>\n<td id=\"attrValue_34\">KTM Line JD-SC99 &#8211; 34,9mm<\/td>\n<\/tr>\n<tr>\n<th id=\"attrTitle_35\"><strong>Steuersatz<\/strong><\/th>\n<td id=\"attrValue_35\">Acros AICR internal 1.1\/8&#8243;-1.5&#8243; angle limit<\/td>\n<\/tr>\n<tr>\n<th id=\"attrTitle_36\"><strong>St\u00e4nder<\/strong><\/th>\n<td id=\"attrValue_36\">KTM 28&#8243; adjust<\/td>\n<\/tr>\n<tr>\n<th id=\"attrTitle_37\"><strong>Griffe<\/strong><\/th>\n<td id=\"attrValue_37\">Ergon GP1 SD<\/td>\n<\/tr>\n<tr>\n<th id=\"attrTitle_38\"><strong>Kurbelsatz<\/strong><\/th>\n<td id=\"attrValue_38\">KTM LINE BNI 170mm Q16<\/td>\n<\/tr>\n<tr>\n<th id=\"attrTitle_39\"><strong>Naben<\/strong><\/th>\n<td id=\"attrValue_39\">Shimano Deore M6000 CL 32H 100-5QR, Shimano Deore M6000 CL 32H 135-5QR<\/td>\n<\/tr>\n<tr>\n<th id=\"attrTitle_40\"><strong>Akkuleistung (Wh)<\/strong><\/th>\n<td id=\"attrValue_40\">500<\/td>\n<\/tr>\n<tr>\n<th id=\"attrTitle_41\"><strong>Akku<\/strong><\/th>\n<td id=\"attrValue_41\">Bosch PowerTube 500Wh hor.<\/td>\n<\/tr>\n<tr>\n<th id=\"attrTitle_42\"><strong>Modelljahr<\/strong><\/th>\n<td id=\"attrValue_42\">2022<\/td>\n<\/tr>\n<tr>\n<th id=\"attrTitle_43\"><strong>Kategorie<\/strong><\/th>\n<td id=\"attrValue_43\">E-Bikes \/ Pedelecs \/ Trekking\/Touren<\/td>\n<\/tr>\n<tr>\n<th id=\"attrTitle_44\"><strong>Zustand<\/strong><\/th>\n<td id=\"attrValue_44\">neu<\/td>\n<\/tr>\n<\/tbody>\n<\/table>","protected":false},"excerpt":{"rendered":"<p>KTM MACINA TOUR P510 oak (black+orange) 2022 KTM MACINA TOUR MEHR FAHRFREUDE. Die Modelle FUN und TOUR haben den Testbericht<\/p>","protected":false},"featured_media":61682,"comment_status":"open","ping_status":"closed","template":"","meta":[],"product_brand":[],"product_cat":[33,247,35,281],"product_tag":[],"class_list":{"0":"post-39642","1":"product","2":"type-product","3":"status-publish","4":"has-post-thumbnail","6":"product_cat-e-bike","7":"product_cat-e-bike-trekking","8":"product_cat-e-bikes-2022","9":"product_cat-e-fahrrad","10":"pa_marke-ktm","12":"first","13":"instock","14":"sale","15":"taxable","16":"shipping-taxable","17":"purchasable","18":"product-type-variable"},"yoast_head":"<!-- This site is optimized with the Yoast SEO Premium plugin v20.12 (Yoast SEO v27.1.1) - https:\/\/yoast.com\/product\/yoast-seo-premium-wordpress\/ -->\n<title>KTM MACINA TOUR P510 oak (black+orange) 2022<\/title>\n<meta name=\"description\" content=\"Entdecken Sie unseren Online-Fahrradladen: Gro\u00dfe Auswahl an Modellen f\u00fcr alle Radsportbegeisterten. Von Rennr\u00e4dern bis zu Mountainbikes - finden Sie heute Ihren perfekten Wegbegleiter!\" \/>\n<meta name=\"robots\" content=\"index, follow, max-snippet:-1, max-image-preview:large, max-video-preview:-1\" \/>\n<link rel=\"canonical\" href=\"https:\/\/kgerad.de\/en\/product\/ktm-macina-tour-p510-oak-blackorange-2022\/\" \/>\n<meta property=\"og:locale\" content=\"en_US\" \/>\n<meta property=\"og:type\" content=\"article\" \/>\n<meta property=\"og:title\" content=\"KTM MACINA TOUR P510 oak (black+orange) 2022\" \/>\n<meta property=\"og:description\" content=\"Entdecken Sie unseren Online-Fahrradladen: Gro\u00dfe Auswahl an Modellen f\u00fcr alle Radsportbegeisterten. Von Rennr\u00e4dern bis zu Mountainbikes - finden Sie heute Ihren perfekten Wegbegleiter!\" \/>\n<meta property=\"og:url\" content=\"https:\/\/kgerad.de\/en\/product\/ktm-macina-tour-p510-oak-blackorange-2022\/\" \/>\n<meta property=\"og:site_name\" content=\"kgerad.de\" \/>\n<meta property=\"article:modified_time\" content=\"2023-08-11T11:08:01+00:00\" \/>\n<meta property=\"og:image\" content=\"https:\/\/kgerad.de\/wp-content\/uploads\/2023\/06\/MACINA_TOUR_P510_Wa_oak-black-orange.jpg\" \/>\n\t<meta property=\"og:image:width\" content=\"1800\" \/>\n\t<meta property=\"og:image:height\" content=\"1080\" \/>\n\t<meta property=\"og:image:type\" content=\"image\/jpeg\" \/>\n<meta name=\"twitter:card\" content=\"summary_large_image\" \/>\n<meta name=\"twitter:label1\" content=\"Est. reading time\" \/>\n\t<meta name=\"twitter:data1\" content=\"3 minutes\" \/>\n<script type=\"application\/ld+json\" class=\"yoast-schema-graph\">{\"@context\":\"https:\/\/schema.org\",\"@graph\":[{\"@type\":\"WebPage\",\"@id\":\"https:\/\/kgerad.de\/produkt\/ktm-macina-tour-p510-oak-blackorange-2022\/\",\"url\":\"https:\/\/kgerad.de\/produkt\/ktm-macina-tour-p510-oak-blackorange-2022\/\",\"name\":\"KTM MACINA TOUR P510 oak (black+orange) 2022\",\"isPartOf\":{\"@id\":\"https:\/\/kgerad.de\/#website\"},\"primaryImageOfPage\":{\"@id\":\"https:\/\/kgerad.de\/produkt\/ktm-macina-tour-p510-oak-blackorange-2022\/#primaryimage\"},\"image\":{\"@id\":\"https:\/\/kgerad.de\/produkt\/ktm-macina-tour-p510-oak-blackorange-2022\/#primaryimage\"},\"thumbnailUrl\":\"https:\/\/kgerad.de\/wp-content\/uploads\/2023\/06\/MACINA_TOUR_P510_Wa_oak-black-orange.jpg\",\"datePublished\":\"2022-11-09T15:02:41+00:00\",\"dateModified\":\"2023-08-11T11:08:01+00:00\",\"description\":\"Entdecken Sie unseren Online-Fahrradladen: Gro\u00dfe Auswahl an Modellen f\u00fcr alle Radsportbegeisterten. Von Rennr\u00e4dern bis zu Mountainbikes - finden Sie heute Ihren perfekten Wegbegleiter!\",\"breadcrumb\":{\"@id\":\"https:\/\/kgerad.de\/produkt\/ktm-macina-tour-p510-oak-blackorange-2022\/#breadcrumb\"},\"inLanguage\":\"en-US\",\"potentialAction\":[{\"@type\":\"ReadAction\",\"target\":[\"https:\/\/kgerad.de\/produkt\/ktm-macina-tour-p510-oak-blackorange-2022\/\"]}]},{\"@type\":\"ImageObject\",\"inLanguage\":\"en-US\",\"@id\":\"https:\/\/kgerad.de\/produkt\/ktm-macina-tour-p510-oak-blackorange-2022\/#primaryimage\",\"url\":\"https:\/\/kgerad.de\/wp-content\/uploads\/2023\/06\/MACINA_TOUR_P510_Wa_oak-black-orange.jpg\",\"contentUrl\":\"https:\/\/kgerad.de\/wp-content\/uploads\/2023\/06\/MACINA_TOUR_P510_Wa_oak-black-orange.jpg\",\"width\":1800,\"height\":1080,\"caption\":\"KTM MACINA TOUR P510 oak (black+orange) 2022\"},{\"@type\":\"BreadcrumbList\",\"@id\":\"https:\/\/kgerad.de\/produkt\/ktm-macina-tour-p510-oak-blackorange-2022\/#breadcrumb\",\"itemListElement\":[{\"@type\":\"ListItem\",\"position\":1,\"name\":\"Startseite\",\"item\":\"https:\/\/kgerad.de\/\"},{\"@type\":\"ListItem\",\"position\":2,\"name\":\"LADEN\",\"item\":\"https:\/\/kgerad.de\/laden\/\"},{\"@type\":\"ListItem\",\"position\":3,\"name\":\"KTM MACINA TOUR P510 oak (black+orange) 2022\"}]},{\"@type\":\"WebSite\",\"@id\":\"https:\/\/kgerad.de\/#website\",\"url\":\"https:\/\/kgerad.de\/\",\"name\":\"kgerad.de\",\"description\":\"Treten Sie mit uns ins Abenteuer!\",\"publisher\":{\"@id\":\"https:\/\/kgerad.de\/#organization\"},\"alternateName\":\"MEIN RADLADEN\",\"potentialAction\":[{\"@type\":\"SearchAction\",\"target\":{\"@type\":\"EntryPoint\",\"urlTemplate\":\"https:\/\/kgerad.de\/?s={search_term_string}\"},\"query-input\":{\"@type\":\"PropertyValueSpecification\",\"valueRequired\":true,\"valueName\":\"search_term_string\"}}],\"inLanguage\":\"en-US\"},{\"@type\":\"Organization\",\"@id\":\"https:\/\/kgerad.de\/#organization\",\"name\":\"MEINRADLADEN\",\"alternateName\":\"MEIN RADLADEN\",\"url\":\"https:\/\/kgerad.de\/\",\"logo\":{\"@type\":\"ImageObject\",\"inLanguage\":\"en-US\",\"@id\":\"https:\/\/kgerad.de\/#\/schema\/logo\/image\/\",\"url\":\"https:\/\/kgerad.de\/wp-content\/uploads\/2025\/07\/logo-Whit.svg\",\"contentUrl\":\"https:\/\/kgerad.de\/wp-content\/uploads\/2025\/07\/logo-Whit.svg\",\"width\":1640,\"height\":371,\"caption\":\"MEINRADLADEN\"},\"image\":{\"@id\":\"https:\/\/kgerad.de\/#\/schema\/logo\/image\/\"}}]}<\/script>\n<!-- \/ Yoast SEO Premium plugin. -->","yoast_head_json":{"title":"KTM MACINA TOUR P510 oak (black+orange) 2022","description":"Entdecken Sie unseren Online-Fahrradladen: Gro\u00dfe Auswahl an Modellen f\u00fcr alle Radsportbegeisterten. Von Rennr\u00e4dern bis zu Mountainbikes - finden Sie heute Ihren perfekten Wegbegleiter!","robots":{"index":"index","follow":"follow","max-snippet":"max-snippet:-1","max-image-preview":"max-image-preview:large","max-video-preview":"max-video-preview:-1"},"canonical":"https:\/\/kgerad.de\/en\/product\/ktm-macina-tour-p510-oak-blackorange-2022\/","og_locale":"en_US","og_type":"article","og_title":"KTM MACINA TOUR P510 oak (black+orange) 2022","og_description":"Entdecken Sie unseren Online-Fahrradladen: Gro\u00dfe Auswahl an Modellen f\u00fcr alle Radsportbegeisterten. Von Rennr\u00e4dern bis zu Mountainbikes - finden Sie heute Ihren perfekten Wegbegleiter!","og_url":"https:\/\/kgerad.de\/en\/product\/ktm-macina-tour-p510-oak-blackorange-2022\/","og_site_name":"kgerad.de","article_modified_time":"2023-08-11T11:08:01+00:00","og_image":[{"width":1800,"height":1080,"url":"https:\/\/kgerad.de\/wp-content\/uploads\/2023\/06\/MACINA_TOUR_P510_Wa_oak-black-orange.jpg","type":"image\/jpeg"}],"twitter_card":"summary_large_image","twitter_misc":{"Est. reading time":"3 minutes"},"schema":{"@context":"https:\/\/schema.org","@graph":[{"@type":"WebPage","@id":"https:\/\/kgerad.de\/produkt\/ktm-macina-tour-p510-oak-blackorange-2022\/","url":"https:\/\/kgerad.de\/produkt\/ktm-macina-tour-p510-oak-blackorange-2022\/","name":"KTM MACINA TOUR P510 oak (black+orange) 2022","isPartOf":{"@id":"https:\/\/kgerad.de\/#website"},"primaryImageOfPage":{"@id":"https:\/\/kgerad.de\/produkt\/ktm-macina-tour-p510-oak-blackorange-2022\/#primaryimage"},"image":{"@id":"https:\/\/kgerad.de\/produkt\/ktm-macina-tour-p510-oak-blackorange-2022\/#primaryimage"},"thumbnailUrl":"https:\/\/kgerad.de\/wp-content\/uploads\/2023\/06\/MACINA_TOUR_P510_Wa_oak-black-orange.jpg","datePublished":"2022-11-09T15:02:41+00:00","dateModified":"2023-08-11T11:08:01+00:00","description":"Entdecken Sie unseren Online-Fahrradladen: Gro\u00dfe Auswahl an Modellen f\u00fcr alle Radsportbegeisterten. Von Rennr\u00e4dern bis zu Mountainbikes - finden Sie heute Ihren perfekten Wegbegleiter!","breadcrumb":{"@id":"https:\/\/kgerad.de\/produkt\/ktm-macina-tour-p510-oak-blackorange-2022\/#breadcrumb"},"inLanguage":"en-US","potentialAction":[{"@type":"ReadAction","target":["https:\/\/kgerad.de\/produkt\/ktm-macina-tour-p510-oak-blackorange-2022\/"]}]},{"@type":"ImageObject","inLanguage":"en-US","@id":"https:\/\/kgerad.de\/produkt\/ktm-macina-tour-p510-oak-blackorange-2022\/#primaryimage","url":"https:\/\/kgerad.de\/wp-content\/uploads\/2023\/06\/MACINA_TOUR_P510_Wa_oak-black-orange.jpg","contentUrl":"https:\/\/kgerad.de\/wp-content\/uploads\/2023\/06\/MACINA_TOUR_P510_Wa_oak-black-orange.jpg","width":1800,"height":1080,"caption":"KTM MACINA TOUR P510 oak (black+orange) 2022"},{"@type":"BreadcrumbList","@id":"https:\/\/kgerad.de\/produkt\/ktm-macina-tour-p510-oak-blackorange-2022\/#breadcrumb","itemListElement":[{"@type":"ListItem","position":1,"name":"Startseite","item":"https:\/\/kgerad.de\/"},{"@type":"ListItem","position":2,"name":"LADEN","item":"https:\/\/kgerad.de\/laden\/"},{"@type":"ListItem","position":3,"name":"KTM MACINA TOUR P510 oak (black+orange) 2022"}]},{"@type":"WebSite","@id":"https:\/\/kgerad.de\/#website","url":"https:\/\/kgerad.de\/","name":"kgerad.de","description":"Treten Sie mit uns ins Abenteuer!","publisher":{"@id":"https:\/\/kgerad.de\/#organization"},"alternateName":"MEIN RADLADEN","potentialAction":[{"@type":"SearchAction","target":{"@type":"EntryPoint","urlTemplate":"https:\/\/kgerad.de\/?s={search_term_string}"},"query-input":{"@type":"PropertyValueSpecification","valueRequired":true,"valueName":"search_term_string"}}],"inLanguage":"en-US"},{"@type":"Organization","@id":"https:\/\/kgerad.de\/#organization","name":"MEINRADLADEN","alternateName":"MEIN RADLADEN","url":"https:\/\/kgerad.de\/","logo":{"@type":"ImageObject","inLanguage":"en-US","@id":"https:\/\/kgerad.de\/#\/schema\/logo\/image\/","url":"https:\/\/kgerad.de\/wp-content\/uploads\/2025\/07\/logo-Whit.svg","contentUrl":"https:\/\/kgerad.de\/wp-content\/uploads\/2025\/07\/logo-Whit.svg","width":1640,"height":371,"caption":"MEINRADLADEN"},"image":{"@id":"https:\/\/kgerad.de\/#\/schema\/logo\/image\/"}}]}},"_links":{"self":[{"href":"https:\/\/kgerad.de\/en\/wp-json\/wp\/v2\/product\/39642","targetHints":{"allow":["GET"]}}],"collection":[{"href":"https:\/\/kgerad.de\/en\/wp-json\/wp\/v2\/product"}],"about":[{"href":"https:\/\/kgerad.de\/en\/wp-json\/wp\/v2\/types\/product"}],"replies":[{"embeddable":true,"href":"https:\/\/kgerad.de\/en\/wp-json\/wp\/v2\/comments?post=39642"}],"version-history":[{"count":1,"href":"https:\/\/kgerad.de\/en\/wp-json\/wp\/v2\/product\/39642\/revisions"}],"predecessor-version":[{"id":79654,"href":"https:\/\/kgerad.de\/en\/wp-json\/wp\/v2\/product\/39642\/revisions\/79654"}],"wp:featuredmedia":[{"embeddable":true,"href":"https:\/\/kgerad.de\/en\/wp-json\/wp\/v2\/media\/61682"}],"wp:attachment":[{"href":"https:\/\/kgerad.de\/en\/wp-json\/wp\/v2\/media?parent=39642"}],"wp:term":[{"taxonomy":"product_brand","embeddable":true,"href":"https:\/\/kgerad.de\/en\/wp-json\/wp\/v2\/product_brand?post=39642"},{"taxonomy":"product_cat","embeddable":true,"href":"https:\/\/kgerad.de\/en\/wp-json\/wp\/v2\/product_cat?post=39642"},{"taxonomy":"product_tag","embeddable":true,"href":"https:\/\/kgerad.de\/en\/wp-json\/wp\/v2\/product_tag?post=39642"}],"curies":[{"name":"wp","href":"https:\/\/api.w.org\/{rel}","templated":true}]}}