{"id":39623,"date":"2022-11-09T14:23:37","date_gmt":"2022-11-09T13:23:37","guid":{"rendered":"https:\/\/kgerad.de\/?post_type=product&#038;p=39623"},"modified":"2025-06-13T00:49:42","modified_gmt":"2025-06-12T22:49:42","slug":"bergamont-e-horizon-n5e-fh-olive-green-matt-2022","status":"publish","type":"product","link":"https:\/\/kgerad.de\/en\/product\/bergamont-e-horizon-n5e-fh-olive-green-matt-2022\/","title":{"rendered":"Bergamont E-Horizon N5e FH olive green (matt) 2022"},"content":{"rendered":"<h2>Bergamont E-Horizon N5e FH olive green (matt) 2022<\/h2>\n<p>Bergamont E-Horizon Ultrasteife, niedrige Rahmenstruktur mit einer Geometrie, die sowohl komfortabel als auch flink ist. Schaltung in Shimano Nexus Hinterradnabe integriert, 5 G\u00e4nge und Riemenantrieb, wartungsarm.<br \/>\nBequemer Sattel Selle Royal Essenza Plus und ergonomische Lock-On-Griffe BGM Comfort. Perfekt ins Design integrierter Racktime Gep\u00e4cktr\u00e4ger mit Snapit 2.0 Multifunktionssystem und integrierten Schutzblechaufnahmen.<\/p>\n<p>Vielseitiges und zuverl\u00e4ssiges E-Trekking mit innovativem Wave-Rahmen, gebaut nach dem Monotube-Konzept. Perfekte Ergonomie, hervorragende Fahreigenschaften und moderne Bosch PowerTube Akkuintegration. E-Bike spezifische Shimano-N5e-5 Getriebenabe mit au\u00dfergew\u00f6hnlichem Schaltkomfort.<\/p>\n<h2>Ausstattung<\/h2>\n<table class=\"attributes\">\n<tbody>\n<tr>\n<th id=\"attrTitle_1\"><strong>Akku<\/strong><\/th>\n<td id=\"attrValue_1\">Bosch PowerTube, 36 V Li Ion, 500 Wh<\/td>\n<\/tr>\n<tr>\n<th id=\"attrTitle_2\"><strong>Akkuleistung (Wh)<\/strong><\/th>\n<td id=\"attrValue_2\">500<\/td>\n<\/tr>\n<tr>\n<th id=\"attrTitle_3\"><strong>Akkuposition<\/strong><\/th>\n<td id=\"attrValue_3\">intube<\/td>\n<\/tr>\n<tr>\n<th id=\"attrTitle_4\"><strong>Beleuchtung<\/strong><\/th>\n<td id=\"attrValue_4\">B&amp;M Upp, 35 Lux, LED<\/td>\n<\/tr>\n<tr>\n<th id=\"attrTitle_5\"><strong>Bremse<\/strong><\/th>\n<td id=\"attrValue_5\">Shimano BR-MT200, hydraulische Scheibenbremse<\/td>\n<\/tr>\n<tr>\n<th id=\"attrTitle_6\"><strong>Bremshebel<\/strong><\/th>\n<td id=\"attrValue_6\">Shimano BL-MT201, hydraulische Scheibenbremse<\/td>\n<\/tr>\n<tr>\n<th id=\"attrTitle_7\"><strong>Bremssystem<\/strong><\/th>\n<td id=\"attrValue_7\">Scheibenbremse, hydraulisch<\/td>\n<\/tr>\n<tr>\n<th id=\"attrTitle_8\"><strong>Display<\/strong><\/th>\n<td id=\"attrValue_8\">Bosch Purion<\/td>\n<\/tr>\n<tr>\n<th id=\"attrTitle_9\"><strong>Durchmesser Scheibenbremse hinten<\/strong><\/th>\n<td id=\"attrValue_9\">160.00<\/td>\n<\/tr>\n<tr>\n<th id=\"attrTitle_10\"><strong>Durchmesser Scheibenbremse vorn<\/strong><\/th>\n<td id=\"attrValue_10\">180.00<\/td>\n<\/tr>\n<tr>\n<th id=\"attrTitle_11\"><strong>Farbe<\/strong><\/th>\n<td id=\"attrValue_11\">olive green (matt)<\/td>\n<\/tr>\n<tr>\n<th id=\"attrTitle_12\"><strong>Farbzuordnung<\/strong><\/th>\n<td id=\"attrValue_12\">Gr\u00fcn \/ Olivgr\u00fcn<\/td>\n<\/tr>\n<tr>\n<th id=\"attrTitle_13\"><strong>Federung<\/strong><\/th>\n<td id=\"attrValue_13\">gefedert<\/td>\n<\/tr>\n<tr>\n<th id=\"attrTitle_14\"><strong>Federweg in mm<\/strong><\/th>\n<td id=\"attrValue_14\">63.00<\/td>\n<\/tr>\n<tr>\n<th id=\"attrTitle_15\"><strong>Felgen<\/strong><\/th>\n<td id=\"attrValue_15\">BGM Pro X17, Disc, ge\u00f6st<\/td>\n<\/tr>\n<tr>\n<th id=\"attrTitle_16\"><strong>Gabel<\/strong><\/th>\n<td id=\"attrValue_16\">Suntour NX1 LO DS, 63 mm<\/td>\n<\/tr>\n<tr>\n<th id=\"attrTitle_17\"><strong>Gabelhersteller<\/strong><\/th>\n<td id=\"attrValue_17\">SR Suntour<\/td>\n<\/tr>\n<tr>\n<th id=\"attrTitle_18\"><strong>Ganganzahl<\/strong><\/th>\n<td id=\"attrValue_18\">5<\/td>\n<\/tr>\n<tr>\n<th id=\"attrTitle_19\"><strong>Gep\u00e4cktr\u00e4ger<\/strong><\/th>\n<td id=\"attrValue_19\">Racktime \/ BGM Trekking Pro, Snapit 2.0 System, integrierte Schutzblechaufnahme<\/td>\n<\/tr>\n<tr>\n<th id=\"attrTitle_21\"><strong>Gewicht<\/strong><\/th>\n<td id=\"attrValue_21\">27.20<\/td>\n<\/tr>\n<tr>\n<th id=\"attrTitle_22\"><strong>Griffe<\/strong><\/th>\n<td id=\"attrValue_22\">BGM Comfort, Ergo, Double Density, Schraubgriffe<\/td>\n<\/tr>\n<tr>\n<th id=\"attrTitle_23\"><strong>Innenlager<\/strong><\/th>\n<td id=\"attrValue_23\">Bosch, Isis<\/td>\n<\/tr>\n<tr>\n<th id=\"attrTitle_24\"><strong>Kategorie<\/strong><\/th>\n<td id=\"attrValue_24\">E-Bikes \/ Pedelecs \/ Trekking\/Touren<\/td>\n<\/tr>\n<tr>\n<th id=\"attrTitle_25\"><strong>Kette<\/strong><\/th>\n<td id=\"attrValue_25\">KMC Z1eHX Wide EPT<\/td>\n<\/tr>\n<tr>\n<th id=\"attrTitle_26\"><strong>Kettenschutz<\/strong><\/th>\n<td id=\"attrValue_26\">SKS Chainblade<\/td>\n<\/tr>\n<tr>\n<th id=\"attrTitle_27\"><strong>Kurbelsatz<\/strong><\/th>\n<td id=\"attrValue_27\">FSA CK-200, 38t<\/td>\n<\/tr>\n<tr>\n<th id=\"attrTitle_28\"><strong>Lenker<\/strong><\/th>\n<td id=\"attrValue_28\">BGM Pro, Riser Lenker, Kr\u00f6pfung: 40\u00b0, H\u00f6he: 40 mm<\/td>\n<\/tr>\n<tr>\n<th id=\"attrTitle_29\"><strong>Modelljahr<\/strong><\/th>\n<td id=\"attrValue_29\">2022<\/td>\n<\/tr>\n<tr>\n<th id=\"attrTitle_30\"><strong>Motorart<\/strong><\/th>\n<td id=\"attrValue_30\">Bosch Performance Line Cruise, Gen. 3, 250 W, 36 V, max. 25 km\/h<\/td>\n<\/tr>\n<tr>\n<th id=\"attrTitle_31\"><strong>Motorposition<\/strong><\/th>\n<td id=\"attrValue_31\">Mittelmotor<\/td>\n<\/tr>\n<tr>\n<th id=\"attrTitle_32\"><strong>Naben<\/strong><\/th>\n<td id=\"attrValue_32\">Shimano, Centerlock, Disc, Schnellspanner, Shimano Nexus, SG-C7000-5, Freilaufnabe, Centerlock, Disc<\/td>\n<\/tr>\n<tr>\n<th id=\"attrTitle_33\"><strong>Pedale<\/strong><\/th>\n<td id=\"attrValue_33\">Trekking Aluminium<\/td>\n<\/tr>\n<tr>\n<th id=\"attrTitle_34\"><strong>Rahmenform<\/strong><\/th>\n<td id=\"attrValue_34\">Wave<\/td>\n<\/tr>\n<tr>\n<th id=\"attrTitle_35\"><strong>Rahmengr\u00f6\u00dfe<\/strong><\/th>\n<td id=\"attrValue_35\">M<\/td>\n<\/tr>\n<tr>\n<th id=\"attrTitle_36\"><strong>Rahmenmaterial<\/strong><\/th>\n<td id=\"attrValue_36\">Aluminium<\/td>\n<\/tr>\n<tr>\n<th id=\"attrTitle_37\"><strong>Reifen<\/strong><\/th>\n<td id=\"attrValue_37\">Schwalbe Road Cruiser, Kevlarguard, Reflex-Streifen, 47-622<\/td>\n<\/tr>\n<tr>\n<th id=\"attrTitle_38\"><strong>R\u00fcckleuchte<\/strong><\/th>\n<td id=\"attrValue_38\">B&amp;M Toplight 2 C, LED<\/td>\n<\/tr>\n<tr>\n<th id=\"attrTitle_39\"><strong>Sattel<\/strong><\/th>\n<td id=\"attrValue_39\">Selle Royal Essenza Plus, lady<\/td>\n<\/tr>\n<tr>\n<th id=\"attrTitle_40\"><strong>Sattelst\u00fctze<\/strong><\/th>\n<td id=\"attrValue_40\">BGM Pro<\/td>\n<\/tr>\n<tr>\n<th id=\"attrTitle_41\"><strong>Schaltart<\/strong><\/th>\n<td id=\"attrValue_41\">Nabenschaltung<\/td>\n<\/tr>\n<tr>\n<th id=\"attrTitle_42\"><strong>Schalthebel<\/strong><\/th>\n<td id=\"attrValue_42\">Shimano Nexus, SL-C7000, 5-fach, Drehgriff<\/td>\n<\/tr>\n<tr>\n<th id=\"attrTitle_43\"><strong>Schutzbleche<\/strong><\/th>\n<td id=\"attrValue_43\">Curana Apollo, mit Edelstahlstreben<\/td>\n<\/tr>\n<tr>\n<th id=\"attrTitle_44\"><strong>Speichen<\/strong><\/th>\n<td id=\"attrValue_44\">Edelstahl, silber<\/td>\n<\/tr>\n<tr>\n<th id=\"attrTitle_45\"><strong>Steuersatz<\/strong><\/th>\n<td id=\"attrValue_45\">FSA NO.57SC-1, A-Headset, semi-integriert, Tapered<\/td>\n<\/tr>\n<tr>\n<th id=\"attrTitle_46\"><strong>St\u00e4nder<\/strong><\/th>\n<td id=\"attrValue_46\">Syncros Mittelbaust\u00e4nder<\/td>\n<\/tr>\n<tr>\n<th id=\"attrTitle_47\"><strong>Vorbau<\/strong><\/th>\n<td id=\"attrValue_47\">BGM Pro, einstellbar<\/td>\n<\/tr>\n<tr>\n<th id=\"attrTitle_48\"><strong>Zahnkr\u00e4nze<\/strong><\/th>\n<td id=\"attrValue_48\">Shimano CS-C7000, 27t<\/td>\n<\/tr>\n<tr>\n<th id=\"attrTitle_49\"><strong>Zustand<\/strong><\/th>\n<td id=\"attrValue_49\">neu<\/td>\n<\/tr>\n<\/tbody>\n<\/table>","protected":false},"excerpt":{"rendered":"<p>Bergamont E-Horizon N5e FH olive green (matt) 2022 Bergamont E-Horizon Ultrasteife, niedrige Rahmenstruktur mit einer Geometrie, die sowohl komfortabel als<\/p>","protected":false},"featured_media":61676,"comment_status":"open","ping_status":"closed","template":"","meta":[],"product_brand":[],"product_cat":[33,247,35,281],"product_tag":[],"class_list":{"0":"post-39623","1":"product","2":"type-product","3":"status-publish","4":"has-post-thumbnail","6":"product_cat-e-bike","7":"product_cat-e-bike-trekking","8":"product_cat-e-bikes-2022","9":"product_cat-e-fahrrad","10":"pa_marke-bergamont","12":"first","13":"instock","14":"sale","15":"taxable","16":"shipping-taxable","17":"purchasable","18":"product-type-variable"},"yoast_head":"<!-- This site is optimized with the Yoast SEO Premium plugin v20.12 (Yoast SEO v27.1.1) - https:\/\/yoast.com\/product\/yoast-seo-premium-wordpress\/ -->\n<title>Bergamont E-Horizon N5e FH olive green (matt) 2022<\/title>\n<meta name=\"description\" content=\"Entdecken Sie unseren Online-Fahrradladen: Gro\u00dfe Auswahl an Modellen f\u00fcr alle Radsportbegeisterten. Von Rennr\u00e4dern bis zu Mountainbikes - finden Sie heute Ihren perfekten Wegbegleiter!\" \/>\n<meta name=\"robots\" content=\"index, follow, max-snippet:-1, max-image-preview:large, max-video-preview:-1\" \/>\n<link rel=\"canonical\" href=\"https:\/\/kgerad.de\/en\/product\/bergamont-e-horizon-n5e-fh-olive-green-matt-2022\/\" \/>\n<meta property=\"og:locale\" content=\"en_US\" \/>\n<meta property=\"og:type\" content=\"article\" \/>\n<meta property=\"og:title\" content=\"Bergamont E-Horizon N5e FH olive green (matt) 2022\" \/>\n<meta property=\"og:description\" content=\"Entdecken Sie unseren Online-Fahrradladen: Gro\u00dfe Auswahl an Modellen f\u00fcr alle Radsportbegeisterten. Von Rennr\u00e4dern bis zu Mountainbikes - finden Sie heute Ihren perfekten Wegbegleiter!\" \/>\n<meta property=\"og:url\" content=\"https:\/\/kgerad.de\/en\/product\/bergamont-e-horizon-n5e-fh-olive-green-matt-2022\/\" \/>\n<meta property=\"og:site_name\" content=\"kgerad.de\" \/>\n<meta property=\"article:modified_time\" content=\"2025-06-12T22:49:42+00:00\" \/>\n<meta property=\"og:image\" content=\"https:\/\/kgerad.de\/wp-content\/uploads\/2023\/06\/286758-scaled-1.jpg\" \/>\n\t<meta property=\"og:image:width\" content=\"2560\" \/>\n\t<meta property=\"og:image:height\" content=\"2560\" \/>\n\t<meta property=\"og:image:type\" content=\"image\/jpeg\" \/>\n<meta name=\"twitter:card\" content=\"summary_large_image\" \/>\n<meta name=\"twitter:label1\" content=\"Est. reading time\" \/>\n\t<meta name=\"twitter:data1\" content=\"2 minutes\" \/>\n<script type=\"application\/ld+json\" class=\"yoast-schema-graph\">{\"@context\":\"https:\/\/schema.org\",\"@graph\":[{\"@type\":\"WebPage\",\"@id\":\"https:\/\/kgerad.de\/produkt\/bergamont-e-horizon-n5e-fh-olive-green-matt-2022\/\",\"url\":\"https:\/\/kgerad.de\/produkt\/bergamont-e-horizon-n5e-fh-olive-green-matt-2022\/\",\"name\":\"Bergamont E-Horizon N5e FH olive green (matt) 2022\",\"isPartOf\":{\"@id\":\"https:\/\/kgerad.de\/#website\"},\"primaryImageOfPage\":{\"@id\":\"https:\/\/kgerad.de\/produkt\/bergamont-e-horizon-n5e-fh-olive-green-matt-2022\/#primaryimage\"},\"image\":{\"@id\":\"https:\/\/kgerad.de\/produkt\/bergamont-e-horizon-n5e-fh-olive-green-matt-2022\/#primaryimage\"},\"thumbnailUrl\":\"https:\/\/kgerad.de\/wp-content\/uploads\/2023\/06\/286758-scaled-1.jpg\",\"datePublished\":\"2022-11-09T13:23:37+00:00\",\"dateModified\":\"2025-06-12T22:49:42+00:00\",\"description\":\"Entdecken Sie unseren Online-Fahrradladen: Gro\u00dfe Auswahl an Modellen f\u00fcr alle Radsportbegeisterten. Von Rennr\u00e4dern bis zu Mountainbikes - finden Sie heute Ihren perfekten Wegbegleiter!\",\"breadcrumb\":{\"@id\":\"https:\/\/kgerad.de\/produkt\/bergamont-e-horizon-n5e-fh-olive-green-matt-2022\/#breadcrumb\"},\"inLanguage\":\"en-US\",\"potentialAction\":[{\"@type\":\"ReadAction\",\"target\":[\"https:\/\/kgerad.de\/produkt\/bergamont-e-horizon-n5e-fh-olive-green-matt-2022\/\"]}]},{\"@type\":\"ImageObject\",\"inLanguage\":\"en-US\",\"@id\":\"https:\/\/kgerad.de\/produkt\/bergamont-e-horizon-n5e-fh-olive-green-matt-2022\/#primaryimage\",\"url\":\"https:\/\/kgerad.de\/wp-content\/uploads\/2023\/06\/286758-scaled-1.jpg\",\"contentUrl\":\"https:\/\/kgerad.de\/wp-content\/uploads\/2023\/06\/286758-scaled-1.jpg\",\"width\":2560,\"height\":2560,\"caption\":\"Bergamont E-Horizon N5e FH olive green (matt) 2022\"},{\"@type\":\"BreadcrumbList\",\"@id\":\"https:\/\/kgerad.de\/produkt\/bergamont-e-horizon-n5e-fh-olive-green-matt-2022\/#breadcrumb\",\"itemListElement\":[{\"@type\":\"ListItem\",\"position\":1,\"name\":\"Startseite\",\"item\":\"https:\/\/kgerad.de\/\"},{\"@type\":\"ListItem\",\"position\":2,\"name\":\"LADEN\",\"item\":\"https:\/\/kgerad.de\/laden\/\"},{\"@type\":\"ListItem\",\"position\":3,\"name\":\"Bergamont E-Horizon N5e FH olive green (matt) 2022\"}]},{\"@type\":\"WebSite\",\"@id\":\"https:\/\/kgerad.de\/#website\",\"url\":\"https:\/\/kgerad.de\/\",\"name\":\"kgerad.de\",\"description\":\"Treten Sie mit uns ins Abenteuer!\",\"publisher\":{\"@id\":\"https:\/\/kgerad.de\/#organization\"},\"alternateName\":\"MEIN RADLADEN\",\"potentialAction\":[{\"@type\":\"SearchAction\",\"target\":{\"@type\":\"EntryPoint\",\"urlTemplate\":\"https:\/\/kgerad.de\/?s={search_term_string}\"},\"query-input\":{\"@type\":\"PropertyValueSpecification\",\"valueRequired\":true,\"valueName\":\"search_term_string\"}}],\"inLanguage\":\"en-US\"},{\"@type\":\"Organization\",\"@id\":\"https:\/\/kgerad.de\/#organization\",\"name\":\"MEINRADLADEN\",\"alternateName\":\"MEIN RADLADEN\",\"url\":\"https:\/\/kgerad.de\/\",\"logo\":{\"@type\":\"ImageObject\",\"inLanguage\":\"en-US\",\"@id\":\"https:\/\/kgerad.de\/#\/schema\/logo\/image\/\",\"url\":\"https:\/\/kgerad.de\/wp-content\/uploads\/2025\/07\/logo-Whit.svg\",\"contentUrl\":\"https:\/\/kgerad.de\/wp-content\/uploads\/2025\/07\/logo-Whit.svg\",\"width\":1640,\"height\":371,\"caption\":\"MEINRADLADEN\"},\"image\":{\"@id\":\"https:\/\/kgerad.de\/#\/schema\/logo\/image\/\"}}]}<\/script>\n<!-- \/ Yoast SEO Premium plugin. -->","yoast_head_json":{"title":"Bergamont E-Horizon N5e FH olive green (matt) 2022","description":"Entdecken Sie unseren Online-Fahrradladen: Gro\u00dfe Auswahl an Modellen f\u00fcr alle Radsportbegeisterten. Von Rennr\u00e4dern bis zu Mountainbikes - finden Sie heute Ihren perfekten Wegbegleiter!","robots":{"index":"index","follow":"follow","max-snippet":"max-snippet:-1","max-image-preview":"max-image-preview:large","max-video-preview":"max-video-preview:-1"},"canonical":"https:\/\/kgerad.de\/en\/product\/bergamont-e-horizon-n5e-fh-olive-green-matt-2022\/","og_locale":"en_US","og_type":"article","og_title":"Bergamont E-Horizon N5e FH olive green (matt) 2022","og_description":"Entdecken Sie unseren Online-Fahrradladen: Gro\u00dfe Auswahl an Modellen f\u00fcr alle Radsportbegeisterten. Von Rennr\u00e4dern bis zu Mountainbikes - finden Sie heute Ihren perfekten Wegbegleiter!","og_url":"https:\/\/kgerad.de\/en\/product\/bergamont-e-horizon-n5e-fh-olive-green-matt-2022\/","og_site_name":"kgerad.de","article_modified_time":"2025-06-12T22:49:42+00:00","og_image":[{"width":2560,"height":2560,"url":"https:\/\/kgerad.de\/wp-content\/uploads\/2023\/06\/286758-scaled-1.jpg","type":"image\/jpeg"}],"twitter_card":"summary_large_image","twitter_misc":{"Est. reading time":"2 minutes"},"schema":{"@context":"https:\/\/schema.org","@graph":[{"@type":"WebPage","@id":"https:\/\/kgerad.de\/produkt\/bergamont-e-horizon-n5e-fh-olive-green-matt-2022\/","url":"https:\/\/kgerad.de\/produkt\/bergamont-e-horizon-n5e-fh-olive-green-matt-2022\/","name":"Bergamont E-Horizon N5e FH olive green (matt) 2022","isPartOf":{"@id":"https:\/\/kgerad.de\/#website"},"primaryImageOfPage":{"@id":"https:\/\/kgerad.de\/produkt\/bergamont-e-horizon-n5e-fh-olive-green-matt-2022\/#primaryimage"},"image":{"@id":"https:\/\/kgerad.de\/produkt\/bergamont-e-horizon-n5e-fh-olive-green-matt-2022\/#primaryimage"},"thumbnailUrl":"https:\/\/kgerad.de\/wp-content\/uploads\/2023\/06\/286758-scaled-1.jpg","datePublished":"2022-11-09T13:23:37+00:00","dateModified":"2025-06-12T22:49:42+00:00","description":"Entdecken Sie unseren Online-Fahrradladen: Gro\u00dfe Auswahl an Modellen f\u00fcr alle Radsportbegeisterten. Von Rennr\u00e4dern bis zu Mountainbikes - finden Sie heute Ihren perfekten Wegbegleiter!","breadcrumb":{"@id":"https:\/\/kgerad.de\/produkt\/bergamont-e-horizon-n5e-fh-olive-green-matt-2022\/#breadcrumb"},"inLanguage":"en-US","potentialAction":[{"@type":"ReadAction","target":["https:\/\/kgerad.de\/produkt\/bergamont-e-horizon-n5e-fh-olive-green-matt-2022\/"]}]},{"@type":"ImageObject","inLanguage":"en-US","@id":"https:\/\/kgerad.de\/produkt\/bergamont-e-horizon-n5e-fh-olive-green-matt-2022\/#primaryimage","url":"https:\/\/kgerad.de\/wp-content\/uploads\/2023\/06\/286758-scaled-1.jpg","contentUrl":"https:\/\/kgerad.de\/wp-content\/uploads\/2023\/06\/286758-scaled-1.jpg","width":2560,"height":2560,"caption":"Bergamont E-Horizon N5e FH olive green (matt) 2022"},{"@type":"BreadcrumbList","@id":"https:\/\/kgerad.de\/produkt\/bergamont-e-horizon-n5e-fh-olive-green-matt-2022\/#breadcrumb","itemListElement":[{"@type":"ListItem","position":1,"name":"Startseite","item":"https:\/\/kgerad.de\/"},{"@type":"ListItem","position":2,"name":"LADEN","item":"https:\/\/kgerad.de\/laden\/"},{"@type":"ListItem","position":3,"name":"Bergamont E-Horizon N5e FH olive green (matt) 2022"}]},{"@type":"WebSite","@id":"https:\/\/kgerad.de\/#website","url":"https:\/\/kgerad.de\/","name":"kgerad.de","description":"Treten Sie mit uns ins Abenteuer!","publisher":{"@id":"https:\/\/kgerad.de\/#organization"},"alternateName":"MEIN RADLADEN","potentialAction":[{"@type":"SearchAction","target":{"@type":"EntryPoint","urlTemplate":"https:\/\/kgerad.de\/?s={search_term_string}"},"query-input":{"@type":"PropertyValueSpecification","valueRequired":true,"valueName":"search_term_string"}}],"inLanguage":"en-US"},{"@type":"Organization","@id":"https:\/\/kgerad.de\/#organization","name":"MEINRADLADEN","alternateName":"MEIN RADLADEN","url":"https:\/\/kgerad.de\/","logo":{"@type":"ImageObject","inLanguage":"en-US","@id":"https:\/\/kgerad.de\/#\/schema\/logo\/image\/","url":"https:\/\/kgerad.de\/wp-content\/uploads\/2025\/07\/logo-Whit.svg","contentUrl":"https:\/\/kgerad.de\/wp-content\/uploads\/2025\/07\/logo-Whit.svg","width":1640,"height":371,"caption":"MEINRADLADEN"},"image":{"@id":"https:\/\/kgerad.de\/#\/schema\/logo\/image\/"}}]}},"_links":{"self":[{"href":"https:\/\/kgerad.de\/en\/wp-json\/wp\/v2\/product\/39623","targetHints":{"allow":["GET"]}}],"collection":[{"href":"https:\/\/kgerad.de\/en\/wp-json\/wp\/v2\/product"}],"about":[{"href":"https:\/\/kgerad.de\/en\/wp-json\/wp\/v2\/types\/product"}],"replies":[{"embeddable":true,"href":"https:\/\/kgerad.de\/en\/wp-json\/wp\/v2\/comments?post=39623"}],"version-history":[{"count":1,"href":"https:\/\/kgerad.de\/en\/wp-json\/wp\/v2\/product\/39623\/revisions"}],"predecessor-version":[{"id":79668,"href":"https:\/\/kgerad.de\/en\/wp-json\/wp\/v2\/product\/39623\/revisions\/79668"}],"wp:featuredmedia":[{"embeddable":true,"href":"https:\/\/kgerad.de\/en\/wp-json\/wp\/v2\/media\/61676"}],"wp:attachment":[{"href":"https:\/\/kgerad.de\/en\/wp-json\/wp\/v2\/media?parent=39623"}],"wp:term":[{"taxonomy":"product_brand","embeddable":true,"href":"https:\/\/kgerad.de\/en\/wp-json\/wp\/v2\/product_brand?post=39623"},{"taxonomy":"product_cat","embeddable":true,"href":"https:\/\/kgerad.de\/en\/wp-json\/wp\/v2\/product_cat?post=39623"},{"taxonomy":"product_tag","embeddable":true,"href":"https:\/\/kgerad.de\/en\/wp-json\/wp\/v2\/product_tag?post=39623"}],"curies":[{"name":"wp","href":"https:\/\/api.w.org\/{rel}","templated":true}]}}