{"id":39607,"date":"2022-11-09T13:51:38","date_gmt":"2022-11-09T12:51:38","guid":{"rendered":"https:\/\/kgerad.de\/?post_type=product&#038;p=39607"},"modified":"2023-08-11T13:14:30","modified_gmt":"2023-08-11T11:14:30","slug":"riese-und-muller-cruiser-mixte-2022-2","status":"publish","type":"product","link":"https:\/\/kgerad.de\/en\/product\/riese-und-muller-cruiser-mixte-2022-2\/","title":{"rendered":"Riese und M\u00fcller Cruiser Mixte 2022"},"content":{"rendered":"<h2 class=\"product-title product_title entry-title\">Riese und M\u00fcller Cruiser Mixte 2022<\/h2>\n<p><span class=\"m01-header-animated__content-copy\">Das Design des Riese und M\u00fcller Cruiser Mixte eBikes ist klassisch-schick, mit ausgefeilten Details. Sein Charakter ist zeitlos und zieht Sie mit jeder Fahrt in seinen Bann, l\u00e4sst Sie die Stunden vergessen und den Tag genie\u00dfen. So perfekt liegen die Griffe des elegant geschwungenen Lenkers in der Hand, so entspannt sitzen Sie auf dem angenehm gepolsterten Sattel mit Federst\u00fctze. Die Big Ben 28\u2033-Reifen in optimaler Breite laufen leichtg\u00e4ngig und bringen Sie zuverl\u00e4ssig ans Ziel, wo auch immer dieses liegen mag.<\/span><\/p>\n<p>Mit einem E-Bike fahren Sie allen davon. Nicht einmal die Zeit kann das\u00a0<span class=\"m01-header-animated__content-copy\">Riese und M\u00fcller Cruiser Mixte eBike<\/span>\u00a0einholen. Braune Farbakzente und der Lenker, wahlweise sportlich nach unten gedreht oder bequem nach oben montiert, verleihen seiner zeitlosen Eleganz Ausdruck.Mit dem Lock-Feature werden Sie informiert, wenn Ihr\u00a0<span class=\"m01-header-animated__content-copy\">Riese und M\u00fcller Cruiser Mixte eBike<\/span>\u00a0bewegt wird. Abschlie\u00dfen sollten Sie es nat\u00fcrlich trotzdem noch \u2013 ganz einfach mit dem integrierten Abus Rahmenschloss.<\/p>\n<p>Nicht nur in der Natur, auch in der Stadt kann Ihr Weg holprig sein: Kopfsteinpflaster, grobe Kieswege, kleine Schlagl\u00f6cher oder Risse im Beton k\u00f6nnen das Fahrvergn\u00fcgen tr\u00fcben. Die Feder-Sattelst\u00fctze und die feinf\u00fchlige Federgabel im\u00a0<span class=\"m01-header-animated__content-copy\">Riese und M\u00fcller Cruiser Mixte eBike<\/span>\u00a0bieten einen Komfort, der Sie Unebenheiten kaum sp\u00fcren l\u00e4sst.<\/p>\n<p>Das Riese und M\u00fcller Mixte eBike ist dank deutschem Hersteller nicht nur von h\u00f6chster Qualit\u00e4t sondern ist auch individuell zusammenstellbar. So gibt es folgende Ausstattungsvarianten:<\/p>\n<h2>Ausstattung<\/h2>\n<table class=\"attributes\">\n<tbody>\n<tr>\n<th id=\"attrTitle_1\"><strong>Akkuposition<\/strong><\/th>\n<td id=\"attrValue_1\">Akku Standard Bosch PowerPack Frame 500Wh Performance<\/td>\n<\/tr>\n<tr>\n<th id=\"attrTitle_2\"><strong>Beleuchtung<\/strong><\/th>\n<td id=\"attrValue_2\">Frontlicht busch+m\u00fcller IQ-XS T schwarz<\/td>\n<\/tr>\n<tr>\n<th id=\"attrTitle_3\"><strong>Bremse<\/strong><\/th>\n<td id=\"attrValue_3\">Magura HS 22 hydr. Felgenbremse<\/td>\n<\/tr>\n<tr>\n<th id=\"attrTitle_4\"><strong>Farbe<\/strong><\/th>\n<td id=\"attrValue_4\">Wei\u00df<\/td>\n<\/tr>\n<tr>\n<th id=\"attrTitle_5\"><strong>Farbzuordnung<\/strong><\/th>\n<td id=\"attrValue_5\">Wei\u00df<\/td>\n<\/tr>\n<tr>\n<th id=\"attrTitle_6\"><strong>Gabel<\/strong><\/th>\n<td id=\"attrValue_6\">Federgabel RST Nova ML (60) 28&#8243;<\/td>\n<\/tr>\n<tr>\n<th id=\"attrTitle_7\"><strong>Kategorie<\/strong><\/th>\n<td id=\"attrValue_7\">Trekking\/Touren \/ E-Bikes \/ Pedelecs<\/td>\n<\/tr>\n<tr>\n<th id=\"attrTitle_8\"><strong>Kette<\/strong><\/th>\n<td id=\"attrValue_8\">Riemen Gates CDX-Belt-125T<\/td>\n<\/tr>\n<tr>\n<th id=\"attrTitle_9\"><strong>Laufradgr\u00f6\u00dfe<\/strong><\/th>\n<td id=\"attrValue_9\">28&#8243;<\/td>\n<\/tr>\n<tr>\n<th id=\"attrTitle_10\"><strong>Motorposition<\/strong><\/th>\n<td id=\"attrValue_10\">Motor Bosch New Performance Line<\/td>\n<\/tr>\n<tr>\n<th id=\"attrTitle_11\"><strong>Pedalen enthalten<\/strong><\/th>\n<td id=\"attrValue_11\">ja<\/td>\n<\/tr>\n<tr>\n<th id=\"attrTitle_12\"><strong>Rahmengr\u00f6\u00dfe<\/strong><\/th>\n<td id=\"attrValue_12\">XS<\/td>\n<\/tr>\n<tr>\n<th id=\"attrTitle_13\"><strong>Rahmenmaterial<\/strong><\/th>\n<td id=\"attrValue_13\">Aluminium<\/td>\n<\/tr>\n<tr>\n<th id=\"attrTitle_14\"><strong>Reifen<\/strong><\/th>\n<td id=\"attrValue_14\">Big Ben 50-622 Draht braun<\/td>\n<\/tr>\n<tr>\n<th id=\"attrTitle_15\"><strong>R\u00fcckleuchte<\/strong><\/th>\n<td id=\"attrValue_15\">R\u00fccklicht B&amp;M Toplight 2C DC 6-15V<\/td>\n<\/tr>\n<tr>\n<th id=\"attrTitle_16\"><strong>Sattel<\/strong><\/th>\n<td id=\"attrValue_16\">Selle Bassano Volare M braun<\/td>\n<\/tr>\n<tr>\n<th id=\"attrTitle_17\"><strong>Sattelst\u00fctze<\/strong><\/th>\n<td id=\"attrValue_17\">gefedert Satori Elegance-LT<\/td>\n<\/tr>\n<tr>\n<th id=\"attrTitle_18\"><strong>Schaltung<\/strong><\/th>\n<td id=\"attrValue_18\">stufenlose Enviolo Nabenschaltung<\/td>\n<\/tr>\n<tr>\n<th id=\"attrTitle_19\"><strong>Schloss<\/strong><\/th>\n<td id=\"attrValue_19\">Abus Shield 5650L<\/td>\n<\/tr>\n<\/tbody>\n<\/table>","protected":false},"excerpt":{"rendered":"<p>Riese und M\u00fcller Cruiser Mixte 2022 Das Design des Riese und M\u00fcller Cruiser Mixte eBikes ist klassisch-schick, mit ausgefeilten Details.<\/p>","protected":false},"featured_media":61675,"comment_status":"open","ping_status":"closed","template":"","meta":[],"product_brand":[],"product_cat":[33,247,35,281],"product_tag":[],"class_list":{"0":"post-39607","1":"product","2":"type-product","3":"status-publish","4":"has-post-thumbnail","6":"product_cat-e-bike","7":"product_cat-e-bike-trekking","8":"product_cat-e-bikes-2022","9":"product_cat-e-fahrrad","10":"pa_marke-riese-mueller","12":"first","13":"instock","14":"sale","15":"taxable","16":"shipping-taxable","17":"purchasable","18":"product-type-variable"},"yoast_head":"<!-- This site is optimized with the Yoast SEO Premium plugin v20.12 (Yoast SEO v27.1.1) - https:\/\/yoast.com\/product\/yoast-seo-premium-wordpress\/ -->\n<title>Riese und M\u00fcller Cruiser Mixte 2022<\/title>\n<meta name=\"description\" content=\"kgerad.de bietet Ihnen das Riese und M\u00fcller Cruiser Mixte 2022 zum besten Preis mit kostenlosem Versand in ganz EuropaRiese und M\u00fcller Cruiser Mixte\" \/>\n<meta name=\"robots\" content=\"index, follow, max-snippet:-1, max-image-preview:large, max-video-preview:-1\" \/>\n<link rel=\"canonical\" href=\"https:\/\/kgerad.de\/en\/product\/riese-und-muller-cruiser-mixte-2022-2\/\" \/>\n<meta property=\"og:locale\" content=\"en_US\" \/>\n<meta property=\"og:type\" content=\"article\" \/>\n<meta property=\"og:title\" content=\"Riese und M\u00fcller Cruiser Mixte 2022\" \/>\n<meta property=\"og:description\" content=\"Entdecken Sie unseren Online-Fahrradladen: Gro\u00dfe Auswahl an Modellen f\u00fcr alle Radsportbegeisterten. Von Rennr\u00e4dern bis zu Mountainbikes - finden Sie heute Ihren perfekten Wegbegleiter!\" \/>\n<meta property=\"og:url\" content=\"https:\/\/kgerad.de\/en\/product\/riese-und-muller-cruiser-mixte-2022-2\/\" \/>\n<meta property=\"og:site_name\" content=\"kgerad.de\" \/>\n<meta property=\"article:modified_time\" content=\"2023-08-11T11:14:30+00:00\" \/>\n<meta property=\"og:image\" content=\"https:\/\/kgerad.de\/wp-content\/uploads\/2023\/06\/rm003.jpg\" \/>\n\t<meta property=\"og:image:width\" content=\"1024\" \/>\n\t<meta property=\"og:image:height\" content=\"683\" \/>\n\t<meta property=\"og:image:type\" content=\"image\/jpeg\" \/>\n<meta name=\"twitter:card\" content=\"summary_large_image\" \/>\n<meta name=\"twitter:label1\" content=\"Est. reading time\" \/>\n\t<meta name=\"twitter:data1\" content=\"2 minutes\" \/>\n<script type=\"application\/ld+json\" class=\"yoast-schema-graph\">{\"@context\":\"https:\/\/schema.org\",\"@graph\":[{\"@type\":\"WebPage\",\"@id\":\"https:\/\/kgerad.de\/produkt\/riese-und-muller-cruiser-mixte-2022-2\/\",\"url\":\"https:\/\/kgerad.de\/produkt\/riese-und-muller-cruiser-mixte-2022-2\/\",\"name\":\"Riese und M\u00fcller Cruiser Mixte 2022\",\"isPartOf\":{\"@id\":\"https:\/\/kgerad.de\/#website\"},\"primaryImageOfPage\":{\"@id\":\"https:\/\/kgerad.de\/produkt\/riese-und-muller-cruiser-mixte-2022-2\/#primaryimage\"},\"image\":{\"@id\":\"https:\/\/kgerad.de\/produkt\/riese-und-muller-cruiser-mixte-2022-2\/#primaryimage\"},\"thumbnailUrl\":\"https:\/\/kgerad.de\/wp-content\/uploads\/2023\/06\/rm003.jpg\",\"datePublished\":\"2022-11-09T12:51:38+00:00\",\"dateModified\":\"2023-08-11T11:14:30+00:00\",\"description\":\"kgerad.de bietet Ihnen das Riese und M\u00fcller Cruiser Mixte 2022 zum besten Preis mit kostenlosem Versand in ganz EuropaRiese und M\u00fcller Cruiser Mixte\",\"breadcrumb\":{\"@id\":\"https:\/\/kgerad.de\/produkt\/riese-und-muller-cruiser-mixte-2022-2\/#breadcrumb\"},\"inLanguage\":\"en-US\",\"potentialAction\":[{\"@type\":\"ReadAction\",\"target\":[\"https:\/\/kgerad.de\/produkt\/riese-und-muller-cruiser-mixte-2022-2\/\"]}]},{\"@type\":\"ImageObject\",\"inLanguage\":\"en-US\",\"@id\":\"https:\/\/kgerad.de\/produkt\/riese-und-muller-cruiser-mixte-2022-2\/#primaryimage\",\"url\":\"https:\/\/kgerad.de\/wp-content\/uploads\/2023\/06\/rm003.jpg\",\"contentUrl\":\"https:\/\/kgerad.de\/wp-content\/uploads\/2023\/06\/rm003.jpg\",\"width\":1024,\"height\":683,\"caption\":\"Riese und M\u00fcller Cruiser Mixte 2022\"},{\"@type\":\"BreadcrumbList\",\"@id\":\"https:\/\/kgerad.de\/produkt\/riese-und-muller-cruiser-mixte-2022-2\/#breadcrumb\",\"itemListElement\":[{\"@type\":\"ListItem\",\"position\":1,\"name\":\"Startseite\",\"item\":\"https:\/\/kgerad.de\/\"},{\"@type\":\"ListItem\",\"position\":2,\"name\":\"LADEN\",\"item\":\"https:\/\/kgerad.de\/laden\/\"},{\"@type\":\"ListItem\",\"position\":3,\"name\":\"Riese und M\u00fcller Cruiser Mixte 2022\"}]},{\"@type\":\"WebSite\",\"@id\":\"https:\/\/kgerad.de\/#website\",\"url\":\"https:\/\/kgerad.de\/\",\"name\":\"kgerad.de\",\"description\":\"Treten Sie mit uns ins Abenteuer!\",\"publisher\":{\"@id\":\"https:\/\/kgerad.de\/#organization\"},\"alternateName\":\"MEIN RADLADEN\",\"potentialAction\":[{\"@type\":\"SearchAction\",\"target\":{\"@type\":\"EntryPoint\",\"urlTemplate\":\"https:\/\/kgerad.de\/?s={search_term_string}\"},\"query-input\":{\"@type\":\"PropertyValueSpecification\",\"valueRequired\":true,\"valueName\":\"search_term_string\"}}],\"inLanguage\":\"en-US\"},{\"@type\":\"Organization\",\"@id\":\"https:\/\/kgerad.de\/#organization\",\"name\":\"MEINRADLADEN\",\"alternateName\":\"MEIN RADLADEN\",\"url\":\"https:\/\/kgerad.de\/\",\"logo\":{\"@type\":\"ImageObject\",\"inLanguage\":\"en-US\",\"@id\":\"https:\/\/kgerad.de\/#\/schema\/logo\/image\/\",\"url\":\"https:\/\/kgerad.de\/wp-content\/uploads\/2025\/07\/logo-Whit.svg\",\"contentUrl\":\"https:\/\/kgerad.de\/wp-content\/uploads\/2025\/07\/logo-Whit.svg\",\"width\":1640,\"height\":371,\"caption\":\"MEINRADLADEN\"},\"image\":{\"@id\":\"https:\/\/kgerad.de\/#\/schema\/logo\/image\/\"}}]}<\/script>\n<!-- \/ Yoast SEO Premium plugin. -->","yoast_head_json":{"title":"Riese und M\u00fcller Cruiser Mixte 2022","description":"kgerad.de bietet Ihnen das Riese und M\u00fcller Cruiser Mixte 2022 zum besten Preis mit kostenlosem Versand in ganz EuropaRiese und M\u00fcller Cruiser Mixte","robots":{"index":"index","follow":"follow","max-snippet":"max-snippet:-1","max-image-preview":"max-image-preview:large","max-video-preview":"max-video-preview:-1"},"canonical":"https:\/\/kgerad.de\/en\/product\/riese-und-muller-cruiser-mixte-2022-2\/","og_locale":"en_US","og_type":"article","og_title":"Riese und M\u00fcller Cruiser Mixte 2022","og_description":"Entdecken Sie unseren Online-Fahrradladen: Gro\u00dfe Auswahl an Modellen f\u00fcr alle Radsportbegeisterten. Von Rennr\u00e4dern bis zu Mountainbikes - finden Sie heute Ihren perfekten Wegbegleiter!","og_url":"https:\/\/kgerad.de\/en\/product\/riese-und-muller-cruiser-mixte-2022-2\/","og_site_name":"kgerad.de","article_modified_time":"2023-08-11T11:14:30+00:00","og_image":[{"width":1024,"height":683,"url":"https:\/\/kgerad.de\/wp-content\/uploads\/2023\/06\/rm003.jpg","type":"image\/jpeg"}],"twitter_card":"summary_large_image","twitter_misc":{"Est. reading time":"2 minutes"},"schema":{"@context":"https:\/\/schema.org","@graph":[{"@type":"WebPage","@id":"https:\/\/kgerad.de\/produkt\/riese-und-muller-cruiser-mixte-2022-2\/","url":"https:\/\/kgerad.de\/produkt\/riese-und-muller-cruiser-mixte-2022-2\/","name":"Riese und M\u00fcller Cruiser Mixte 2022","isPartOf":{"@id":"https:\/\/kgerad.de\/#website"},"primaryImageOfPage":{"@id":"https:\/\/kgerad.de\/produkt\/riese-und-muller-cruiser-mixte-2022-2\/#primaryimage"},"image":{"@id":"https:\/\/kgerad.de\/produkt\/riese-und-muller-cruiser-mixte-2022-2\/#primaryimage"},"thumbnailUrl":"https:\/\/kgerad.de\/wp-content\/uploads\/2023\/06\/rm003.jpg","datePublished":"2022-11-09T12:51:38+00:00","dateModified":"2023-08-11T11:14:30+00:00","description":"kgerad.de bietet Ihnen das Riese und M\u00fcller Cruiser Mixte 2022 zum besten Preis mit kostenlosem Versand in ganz EuropaRiese und M\u00fcller Cruiser Mixte","breadcrumb":{"@id":"https:\/\/kgerad.de\/produkt\/riese-und-muller-cruiser-mixte-2022-2\/#breadcrumb"},"inLanguage":"en-US","potentialAction":[{"@type":"ReadAction","target":["https:\/\/kgerad.de\/produkt\/riese-und-muller-cruiser-mixte-2022-2\/"]}]},{"@type":"ImageObject","inLanguage":"en-US","@id":"https:\/\/kgerad.de\/produkt\/riese-und-muller-cruiser-mixte-2022-2\/#primaryimage","url":"https:\/\/kgerad.de\/wp-content\/uploads\/2023\/06\/rm003.jpg","contentUrl":"https:\/\/kgerad.de\/wp-content\/uploads\/2023\/06\/rm003.jpg","width":1024,"height":683,"caption":"Riese und M\u00fcller Cruiser Mixte 2022"},{"@type":"BreadcrumbList","@id":"https:\/\/kgerad.de\/produkt\/riese-und-muller-cruiser-mixte-2022-2\/#breadcrumb","itemListElement":[{"@type":"ListItem","position":1,"name":"Startseite","item":"https:\/\/kgerad.de\/"},{"@type":"ListItem","position":2,"name":"LADEN","item":"https:\/\/kgerad.de\/laden\/"},{"@type":"ListItem","position":3,"name":"Riese und M\u00fcller Cruiser Mixte 2022"}]},{"@type":"WebSite","@id":"https:\/\/kgerad.de\/#website","url":"https:\/\/kgerad.de\/","name":"kgerad.de","description":"Treten Sie mit uns ins Abenteuer!","publisher":{"@id":"https:\/\/kgerad.de\/#organization"},"alternateName":"MEIN RADLADEN","potentialAction":[{"@type":"SearchAction","target":{"@type":"EntryPoint","urlTemplate":"https:\/\/kgerad.de\/?s={search_term_string}"},"query-input":{"@type":"PropertyValueSpecification","valueRequired":true,"valueName":"search_term_string"}}],"inLanguage":"en-US"},{"@type":"Organization","@id":"https:\/\/kgerad.de\/#organization","name":"MEINRADLADEN","alternateName":"MEIN RADLADEN","url":"https:\/\/kgerad.de\/","logo":{"@type":"ImageObject","inLanguage":"en-US","@id":"https:\/\/kgerad.de\/#\/schema\/logo\/image\/","url":"https:\/\/kgerad.de\/wp-content\/uploads\/2025\/07\/logo-Whit.svg","contentUrl":"https:\/\/kgerad.de\/wp-content\/uploads\/2025\/07\/logo-Whit.svg","width":1640,"height":371,"caption":"MEINRADLADEN"},"image":{"@id":"https:\/\/kgerad.de\/#\/schema\/logo\/image\/"}}]}},"_links":{"self":[{"href":"https:\/\/kgerad.de\/en\/wp-json\/wp\/v2\/product\/39607","targetHints":{"allow":["GET"]}}],"collection":[{"href":"https:\/\/kgerad.de\/en\/wp-json\/wp\/v2\/product"}],"about":[{"href":"https:\/\/kgerad.de\/en\/wp-json\/wp\/v2\/types\/product"}],"replies":[{"embeddable":true,"href":"https:\/\/kgerad.de\/en\/wp-json\/wp\/v2\/comments?post=39607"}],"version-history":[{"count":1,"href":"https:\/\/kgerad.de\/en\/wp-json\/wp\/v2\/product\/39607\/revisions"}],"predecessor-version":[{"id":79669,"href":"https:\/\/kgerad.de\/en\/wp-json\/wp\/v2\/product\/39607\/revisions\/79669"}],"wp:featuredmedia":[{"embeddable":true,"href":"https:\/\/kgerad.de\/en\/wp-json\/wp\/v2\/media\/61675"}],"wp:attachment":[{"href":"https:\/\/kgerad.de\/en\/wp-json\/wp\/v2\/media?parent=39607"}],"wp:term":[{"taxonomy":"product_brand","embeddable":true,"href":"https:\/\/kgerad.de\/en\/wp-json\/wp\/v2\/product_brand?post=39607"},{"taxonomy":"product_cat","embeddable":true,"href":"https:\/\/kgerad.de\/en\/wp-json\/wp\/v2\/product_cat?post=39607"},{"taxonomy":"product_tag","embeddable":true,"href":"https:\/\/kgerad.de\/en\/wp-json\/wp\/v2\/product_tag?post=39607"}],"curies":[{"name":"wp","href":"https:\/\/api.w.org\/{rel}","templated":true}]}}