{"id":39480,"date":"2022-11-09T12:50:23","date_gmt":"2022-11-09T11:50:23","guid":{"rendered":"https:\/\/kgerad.de\/?post_type=product&#038;p=39480"},"modified":"2023-08-11T13:31:02","modified_gmt":"2023-08-11T11:31:02","slug":"flyer-upstreet3-7-23-stufenlose-gangschaltung","status":"publish","type":"product","link":"https:\/\/kgerad.de\/en\/product\/flyer-upstreet3-7-23-stufenlose-gangschaltung\/","title":{"rendered":"FLYER Upstreet3 7.23, Stufenlose Gangschaltung"},"content":{"rendered":"<h2>FLYER Upstreet3 7.23, Stufenlose Gangschaltung<\/h2>\n<p>FLYER Upstreet3 7.23 Das robuste Upstreet3 &#8222;for Big People&#8220; macht Lust auf mehr Zweiradzeit und ist f\u00fcr fast alles zu haben. Beim schnellen Pendeln zur Arbeit ist dieses sportlich-elegante E-Bike ebenso in seinem <a href=\"http:\/\/flyer.de\/imache\">Element<\/a> wie auf dem Umweg \u00fcbers Land am Feierabend. Zugelassen bis 180 Kg.<\/p>\n<p>Bitte beachten Sie, dass eventuell angegebene Reichweiten nur ca. Angaben entsprechen. Die tats\u00e4chliche Reichweite kann abweichen und je nach gew\u00e4hlter Unterst\u00fctzungsstufe, der Streckentopografie, dem Gewicht des Fahrers, den Wetterverh\u00e4ltnissen und anderer Faktoren niedriger oder h\u00f6her ausfallen.<\/p>\n<p>Die Komponenten sind eine Auslese h\u00f6chster Stabilit\u00e4t und dadurch f\u00fcr ein h\u00f6heres Gesamtgewicht von 180 kg freigegeben. Die gefederte Sattelst\u00fctze, die robuste Luftfedergabel und die potenten Bremsen halten h\u00f6chsten Belastungen stand und der Panasonic GX Ultimate Antrieb liefert die entsprechende Energie. Das Upstreet3 bietet h\u00f6chste Ergonomie f\u00fcr hochgewachsene Fahrer. Der Riese unter den E-Bikes ist in zus\u00e4tzlichen Rahmengr\u00f6ssen\u00a0 erh\u00e4ltlich und der All up Vorbau optimal auf die Gr\u00f6sse des Fahrers einstellbar.<\/p>\n<h2>Ausstattung<\/h2>\n<table class=\"attributes\">\n<tbody>\n<tr>\n<th id=\"attrTitle_1\"><strong>Akkuleistung (Wh)<\/strong><\/th>\n<td id=\"attrValue_1\">750<\/td>\n<\/tr>\n<tr>\n<th id=\"attrTitle_2\"><strong>Akkuposition<\/strong><\/th>\n<td id=\"attrValue_2\">teilintegriert<\/td>\n<\/tr>\n<tr>\n<th id=\"attrTitle_3\"><strong>Anfahr-\/Schiebehilfe<\/strong><\/th>\n<td id=\"attrValue_3\">ja<\/td>\n<\/tr>\n<tr>\n<th id=\"attrTitle_4\"><strong>Beleuchtung<\/strong><\/th>\n<td id=\"attrValue_4\">Busch &amp; M\u00fcller IQ-X<\/td>\n<\/tr>\n<tr>\n<th id=\"attrTitle_5\"><strong>Bremse<\/strong><\/th>\n<td id=\"attrValue_5\">Magura MT5, 203\/180 mm<\/td>\n<\/tr>\n<tr>\n<th id=\"attrTitle_6\"><strong>Bremshebel<\/strong><\/th>\n<td id=\"attrValue_6\">Magura<\/td>\n<\/tr>\n<tr>\n<th id=\"attrTitle_7\"><strong>Display<\/strong><\/th>\n<td id=\"attrValue_7\">D0<\/td>\n<\/tr>\n<tr>\n<th id=\"attrTitle_8\"><strong>Farbe<\/strong><\/th>\n<td id=\"attrValue_8\">curcuma<\/td>\n<\/tr>\n<tr>\n<th id=\"attrTitle_9\"><strong>Gabel<\/strong><\/th>\n<td id=\"attrValue_9\">SR Suntour Mobie45 Air, 60 mm travel, 15 x 100 mm axle<\/td>\n<\/tr>\n<tr>\n<th id=\"attrTitle_10\"><strong>Ganganzahl<\/strong><\/th>\n<td id=\"attrValue_10\">stufenlos<\/td>\n<\/tr>\n<tr>\n<th id=\"attrTitle_12\"><strong>Kategorie<\/strong><\/th>\n<td id=\"attrValue_12\">E-Bikes \/ Pedelecs \/ Trekking\/Touren<\/td>\n<\/tr>\n<tr>\n<th id=\"attrTitle_13\"><strong>Laufradgr\u00f6\u00dfe<\/strong><\/th>\n<td id=\"attrValue_13\">27,5<\/td>\n<\/tr>\n<tr>\n<th id=\"attrTitle_14\"><strong>Modelljahr<\/strong><\/th>\n<td id=\"attrValue_14\">2022<\/td>\n<\/tr>\n<tr>\n<th id=\"attrTitle_15\"><strong>Motorenhersteller<\/strong><\/th>\n<td id=\"attrValue_15\">Panasonic<\/td>\n<\/tr>\n<tr>\n<th id=\"attrTitle_16\"><strong>Motorleistung (Watt)<\/strong><\/th>\n<td id=\"attrValue_16\">250<\/td>\n<\/tr>\n<tr>\n<th id=\"attrTitle_17\"><strong>Motorposition<\/strong><\/th>\n<td id=\"attrValue_17\">Tretlager (mittig)<\/td>\n<\/tr>\n<tr>\n<th id=\"attrTitle_18\"><strong>Motorunterst\u00fctzung<\/strong><\/th>\n<td id=\"attrValue_18\">bis 25 km\/h<\/td>\n<\/tr>\n<tr>\n<th id=\"attrTitle_19\"><strong>Pedalen enthalten<\/strong><\/th>\n<td id=\"attrValue_19\">ja<\/td>\n<\/tr>\n<tr>\n<th id=\"attrTitle_20\"><strong>Rahmengr\u00f6\u00dfe<\/strong><\/th>\n<td id=\"attrValue_20\">L, M, S, XL<\/td>\n<\/tr>\n<tr>\n<th id=\"attrTitle_21\"><strong>Rahmenmaterial<\/strong><\/th>\n<td id=\"attrValue_21\">Aluminium<\/td>\n<\/tr>\n<tr>\n<th id=\"attrTitle_22\"><strong>Sattelst\u00fctze<\/strong><\/th>\n<td id=\"attrValue_22\">by Schulz<\/td>\n<\/tr>\n<tr>\n<th id=\"attrTitle_23\"><strong>Schalthebel<\/strong><\/th>\n<td id=\"attrValue_23\">enviolo<\/td>\n<\/tr>\n<tr>\n<th id=\"attrTitle_24\"><strong>Schaltung<\/strong><\/th>\n<td id=\"attrValue_24\">enviolo<\/td>\n<\/tr>\n<tr>\n<th id=\"attrTitle_25\"><strong>Zustand<\/strong><\/th>\n<td id=\"attrValue_25\">neu<\/td>\n<\/tr>\n<\/tbody>\n<\/table>","protected":false},"excerpt":{"rendered":"<p>FLYER Upstreet3 7.23, Stufenlose Gangschaltung FLYER Upstreet3 7.23 Das robuste Upstreet3 &#8222;for Big People&#8220; macht Lust auf mehr Zweiradzeit und<\/p>","protected":false},"featured_media":61606,"comment_status":"open","ping_status":"closed","template":"","meta":[],"product_brand":[],"product_cat":[33,247,35,281],"product_tag":[],"class_list":{"0":"post-39480","1":"product","2":"type-product","3":"status-publish","4":"has-post-thumbnail","6":"product_cat-e-bike","7":"product_cat-e-bike-trekking","8":"product_cat-e-bikes-2022","9":"product_cat-e-fahrrad","10":"pa_marke-flyer","12":"first","13":"instock","14":"sale","15":"taxable","16":"shipping-taxable","17":"purchasable","18":"product-type-variable"},"yoast_head":"<!-- This site is optimized with the Yoast SEO Premium plugin v20.12 (Yoast SEO v27.1.1) - https:\/\/yoast.com\/product\/yoast-seo-premium-wordpress\/ -->\n<title>FLYER Upstreet3 7.23, Stufenlose Gangschaltung<\/title>\n<meta name=\"description\" content=\"Entdecken Sie unseren Online-Fahrradladen: Gro\u00dfe Auswahl an Modellen f\u00fcr alle Radsportbegeisterten. Von Rennr\u00e4dern bis zu Mountainbikes - finden Sie heute Ihren perfekten Wegbegleiter!\" \/>\n<meta name=\"robots\" content=\"index, follow, max-snippet:-1, max-image-preview:large, max-video-preview:-1\" \/>\n<link rel=\"canonical\" href=\"https:\/\/kgerad.de\/en\/product\/flyer-upstreet3-7-23-stufenlose-gangschaltung\/\" \/>\n<meta property=\"og:locale\" content=\"en_US\" \/>\n<meta property=\"og:type\" content=\"article\" \/>\n<meta property=\"og:title\" content=\"FLYER Upstreet3 7.23, Stufenlose Gangschaltung\" \/>\n<meta property=\"og:description\" content=\"Entdecken Sie unseren Online-Fahrradladen: Gro\u00dfe Auswahl an Modellen f\u00fcr alle Radsportbegeisterten. Von Rennr\u00e4dern bis zu Mountainbikes - finden Sie heute Ihren perfekten Wegbegleiter!\" \/>\n<meta property=\"og:url\" content=\"https:\/\/kgerad.de\/en\/product\/flyer-upstreet3-7-23-stufenlose-gangschaltung\/\" \/>\n<meta property=\"og:site_name\" content=\"kgerad.de\" \/>\n<meta property=\"article:modified_time\" content=\"2023-08-11T11:31:02+00:00\" \/>\n<meta property=\"og:image\" content=\"https:\/\/kgerad.de\/wp-content\/uploads\/2023\/06\/999065_7496853.jpg\" \/>\n\t<meta property=\"og:image:width\" content=\"1119\" \/>\n\t<meta property=\"og:image:height\" content=\"689\" \/>\n\t<meta property=\"og:image:type\" content=\"image\/jpeg\" \/>\n<meta name=\"twitter:card\" content=\"summary_large_image\" \/>\n<meta name=\"twitter:label1\" content=\"Est. reading time\" \/>\n\t<meta name=\"twitter:data1\" content=\"2 minutes\" \/>\n<script type=\"application\/ld+json\" class=\"yoast-schema-graph\">{\"@context\":\"https:\/\/schema.org\",\"@graph\":[{\"@type\":\"WebPage\",\"@id\":\"https:\/\/kgerad.de\/produkt\/flyer-upstreet3-7-23-stufenlose-gangschaltung\/\",\"url\":\"https:\/\/kgerad.de\/produkt\/flyer-upstreet3-7-23-stufenlose-gangschaltung\/\",\"name\":\"FLYER Upstreet3 7.23, Stufenlose Gangschaltung\",\"isPartOf\":{\"@id\":\"https:\/\/kgerad.de\/#website\"},\"primaryImageOfPage\":{\"@id\":\"https:\/\/kgerad.de\/produkt\/flyer-upstreet3-7-23-stufenlose-gangschaltung\/#primaryimage\"},\"image\":{\"@id\":\"https:\/\/kgerad.de\/produkt\/flyer-upstreet3-7-23-stufenlose-gangschaltung\/#primaryimage\"},\"thumbnailUrl\":\"https:\/\/kgerad.de\/wp-content\/uploads\/2023\/06\/999065_7496853.jpg\",\"datePublished\":\"2022-11-09T11:50:23+00:00\",\"dateModified\":\"2023-08-11T11:31:02+00:00\",\"description\":\"Entdecken Sie unseren Online-Fahrradladen: Gro\u00dfe Auswahl an Modellen f\u00fcr alle Radsportbegeisterten. Von Rennr\u00e4dern bis zu Mountainbikes - finden Sie heute Ihren perfekten Wegbegleiter!\",\"breadcrumb\":{\"@id\":\"https:\/\/kgerad.de\/produkt\/flyer-upstreet3-7-23-stufenlose-gangschaltung\/#breadcrumb\"},\"inLanguage\":\"en-US\",\"potentialAction\":[{\"@type\":\"ReadAction\",\"target\":[\"https:\/\/kgerad.de\/produkt\/flyer-upstreet3-7-23-stufenlose-gangschaltung\/\"]}]},{\"@type\":\"ImageObject\",\"inLanguage\":\"en-US\",\"@id\":\"https:\/\/kgerad.de\/produkt\/flyer-upstreet3-7-23-stufenlose-gangschaltung\/#primaryimage\",\"url\":\"https:\/\/kgerad.de\/wp-content\/uploads\/2023\/06\/999065_7496853.jpg\",\"contentUrl\":\"https:\/\/kgerad.de\/wp-content\/uploads\/2023\/06\/999065_7496853.jpg\",\"width\":1119,\"height\":689,\"caption\":\"FLYER Upstreet3 7.23\"},{\"@type\":\"BreadcrumbList\",\"@id\":\"https:\/\/kgerad.de\/produkt\/flyer-upstreet3-7-23-stufenlose-gangschaltung\/#breadcrumb\",\"itemListElement\":[{\"@type\":\"ListItem\",\"position\":1,\"name\":\"Startseite\",\"item\":\"https:\/\/kgerad.de\/\"},{\"@type\":\"ListItem\",\"position\":2,\"name\":\"LADEN\",\"item\":\"https:\/\/kgerad.de\/laden\/\"},{\"@type\":\"ListItem\",\"position\":3,\"name\":\"FLYER Upstreet3 7.23, Stufenlose Gangschaltung\"}]},{\"@type\":\"WebSite\",\"@id\":\"https:\/\/kgerad.de\/#website\",\"url\":\"https:\/\/kgerad.de\/\",\"name\":\"kgerad.de\",\"description\":\"Treten Sie mit uns ins Abenteuer!\",\"publisher\":{\"@id\":\"https:\/\/kgerad.de\/#organization\"},\"alternateName\":\"MEIN RADLADEN\",\"potentialAction\":[{\"@type\":\"SearchAction\",\"target\":{\"@type\":\"EntryPoint\",\"urlTemplate\":\"https:\/\/kgerad.de\/?s={search_term_string}\"},\"query-input\":{\"@type\":\"PropertyValueSpecification\",\"valueRequired\":true,\"valueName\":\"search_term_string\"}}],\"inLanguage\":\"en-US\"},{\"@type\":\"Organization\",\"@id\":\"https:\/\/kgerad.de\/#organization\",\"name\":\"MEINRADLADEN\",\"alternateName\":\"MEIN RADLADEN\",\"url\":\"https:\/\/kgerad.de\/\",\"logo\":{\"@type\":\"ImageObject\",\"inLanguage\":\"en-US\",\"@id\":\"https:\/\/kgerad.de\/#\/schema\/logo\/image\/\",\"url\":\"https:\/\/kgerad.de\/wp-content\/uploads\/2025\/07\/logo-Whit.svg\",\"contentUrl\":\"https:\/\/kgerad.de\/wp-content\/uploads\/2025\/07\/logo-Whit.svg\",\"width\":1640,\"height\":371,\"caption\":\"MEINRADLADEN\"},\"image\":{\"@id\":\"https:\/\/kgerad.de\/#\/schema\/logo\/image\/\"}}]}<\/script>\n<!-- \/ Yoast SEO Premium plugin. -->","yoast_head_json":{"title":"FLYER Upstreet3 7.23, Stufenlose Gangschaltung","description":"Entdecken Sie unseren Online-Fahrradladen: Gro\u00dfe Auswahl an Modellen f\u00fcr alle Radsportbegeisterten. Von Rennr\u00e4dern bis zu Mountainbikes - finden Sie heute Ihren perfekten Wegbegleiter!","robots":{"index":"index","follow":"follow","max-snippet":"max-snippet:-1","max-image-preview":"max-image-preview:large","max-video-preview":"max-video-preview:-1"},"canonical":"https:\/\/kgerad.de\/en\/product\/flyer-upstreet3-7-23-stufenlose-gangschaltung\/","og_locale":"en_US","og_type":"article","og_title":"FLYER Upstreet3 7.23, Stufenlose Gangschaltung","og_description":"Entdecken Sie unseren Online-Fahrradladen: Gro\u00dfe Auswahl an Modellen f\u00fcr alle Radsportbegeisterten. Von Rennr\u00e4dern bis zu Mountainbikes - finden Sie heute Ihren perfekten Wegbegleiter!","og_url":"https:\/\/kgerad.de\/en\/product\/flyer-upstreet3-7-23-stufenlose-gangschaltung\/","og_site_name":"kgerad.de","article_modified_time":"2023-08-11T11:31:02+00:00","og_image":[{"width":1119,"height":689,"url":"https:\/\/kgerad.de\/wp-content\/uploads\/2023\/06\/999065_7496853.jpg","type":"image\/jpeg"}],"twitter_card":"summary_large_image","twitter_misc":{"Est. reading time":"2 minutes"},"schema":{"@context":"https:\/\/schema.org","@graph":[{"@type":"WebPage","@id":"https:\/\/kgerad.de\/produkt\/flyer-upstreet3-7-23-stufenlose-gangschaltung\/","url":"https:\/\/kgerad.de\/produkt\/flyer-upstreet3-7-23-stufenlose-gangschaltung\/","name":"FLYER Upstreet3 7.23, Stufenlose Gangschaltung","isPartOf":{"@id":"https:\/\/kgerad.de\/#website"},"primaryImageOfPage":{"@id":"https:\/\/kgerad.de\/produkt\/flyer-upstreet3-7-23-stufenlose-gangschaltung\/#primaryimage"},"image":{"@id":"https:\/\/kgerad.de\/produkt\/flyer-upstreet3-7-23-stufenlose-gangschaltung\/#primaryimage"},"thumbnailUrl":"https:\/\/kgerad.de\/wp-content\/uploads\/2023\/06\/999065_7496853.jpg","datePublished":"2022-11-09T11:50:23+00:00","dateModified":"2023-08-11T11:31:02+00:00","description":"Entdecken Sie unseren Online-Fahrradladen: Gro\u00dfe Auswahl an Modellen f\u00fcr alle Radsportbegeisterten. Von Rennr\u00e4dern bis zu Mountainbikes - finden Sie heute Ihren perfekten Wegbegleiter!","breadcrumb":{"@id":"https:\/\/kgerad.de\/produkt\/flyer-upstreet3-7-23-stufenlose-gangschaltung\/#breadcrumb"},"inLanguage":"en-US","potentialAction":[{"@type":"ReadAction","target":["https:\/\/kgerad.de\/produkt\/flyer-upstreet3-7-23-stufenlose-gangschaltung\/"]}]},{"@type":"ImageObject","inLanguage":"en-US","@id":"https:\/\/kgerad.de\/produkt\/flyer-upstreet3-7-23-stufenlose-gangschaltung\/#primaryimage","url":"https:\/\/kgerad.de\/wp-content\/uploads\/2023\/06\/999065_7496853.jpg","contentUrl":"https:\/\/kgerad.de\/wp-content\/uploads\/2023\/06\/999065_7496853.jpg","width":1119,"height":689,"caption":"FLYER Upstreet3 7.23"},{"@type":"BreadcrumbList","@id":"https:\/\/kgerad.de\/produkt\/flyer-upstreet3-7-23-stufenlose-gangschaltung\/#breadcrumb","itemListElement":[{"@type":"ListItem","position":1,"name":"Startseite","item":"https:\/\/kgerad.de\/"},{"@type":"ListItem","position":2,"name":"LADEN","item":"https:\/\/kgerad.de\/laden\/"},{"@type":"ListItem","position":3,"name":"FLYER Upstreet3 7.23, Stufenlose Gangschaltung"}]},{"@type":"WebSite","@id":"https:\/\/kgerad.de\/#website","url":"https:\/\/kgerad.de\/","name":"kgerad.de","description":"Treten Sie mit uns ins Abenteuer!","publisher":{"@id":"https:\/\/kgerad.de\/#organization"},"alternateName":"MEIN RADLADEN","potentialAction":[{"@type":"SearchAction","target":{"@type":"EntryPoint","urlTemplate":"https:\/\/kgerad.de\/?s={search_term_string}"},"query-input":{"@type":"PropertyValueSpecification","valueRequired":true,"valueName":"search_term_string"}}],"inLanguage":"en-US"},{"@type":"Organization","@id":"https:\/\/kgerad.de\/#organization","name":"MEINRADLADEN","alternateName":"MEIN RADLADEN","url":"https:\/\/kgerad.de\/","logo":{"@type":"ImageObject","inLanguage":"en-US","@id":"https:\/\/kgerad.de\/#\/schema\/logo\/image\/","url":"https:\/\/kgerad.de\/wp-content\/uploads\/2025\/07\/logo-Whit.svg","contentUrl":"https:\/\/kgerad.de\/wp-content\/uploads\/2025\/07\/logo-Whit.svg","width":1640,"height":371,"caption":"MEINRADLADEN"},"image":{"@id":"https:\/\/kgerad.de\/#\/schema\/logo\/image\/"}}]}},"_links":{"self":[{"href":"https:\/\/kgerad.de\/en\/wp-json\/wp\/v2\/product\/39480","targetHints":{"allow":["GET"]}}],"collection":[{"href":"https:\/\/kgerad.de\/en\/wp-json\/wp\/v2\/product"}],"about":[{"href":"https:\/\/kgerad.de\/en\/wp-json\/wp\/v2\/types\/product"}],"replies":[{"embeddable":true,"href":"https:\/\/kgerad.de\/en\/wp-json\/wp\/v2\/comments?post=39480"}],"version-history":[{"count":2,"href":"https:\/\/kgerad.de\/en\/wp-json\/wp\/v2\/product\/39480\/revisions"}],"predecessor-version":[{"id":79692,"href":"https:\/\/kgerad.de\/en\/wp-json\/wp\/v2\/product\/39480\/revisions\/79692"}],"wp:featuredmedia":[{"embeddable":true,"href":"https:\/\/kgerad.de\/en\/wp-json\/wp\/v2\/media\/61606"}],"wp:attachment":[{"href":"https:\/\/kgerad.de\/en\/wp-json\/wp\/v2\/media?parent=39480"}],"wp:term":[{"taxonomy":"product_brand","embeddable":true,"href":"https:\/\/kgerad.de\/en\/wp-json\/wp\/v2\/product_brand?post=39480"},{"taxonomy":"product_cat","embeddable":true,"href":"https:\/\/kgerad.de\/en\/wp-json\/wp\/v2\/product_cat?post=39480"},{"taxonomy":"product_tag","embeddable":true,"href":"https:\/\/kgerad.de\/en\/wp-json\/wp\/v2\/product_tag?post=39480"}],"curies":[{"name":"wp","href":"https:\/\/api.w.org\/{rel}","templated":true}]}}