{"id":39433,"date":"2022-11-09T11:18:59","date_gmt":"2022-11-09T10:18:59","guid":{"rendered":"https:\/\/kgerad.de\/?post_type=product&#038;p=39433"},"modified":"2023-08-11T12:36:54","modified_gmt":"2023-08-11T10:36:54","slug":"riese-und-muller-charger-gh-vario-klassisch-gemischt","status":"publish","type":"product","link":"https:\/\/kgerad.de\/en\/product\/riese-und-muller-charger-gh-vario-klassisch-gemischt\/","title":{"rendered":"Riese und M\u00fcller Charger GH Vario \u2013 Klassisch &#038; Gemischt"},"content":{"rendered":"<h2 class=\"pageTitle\">Riese und M\u00fcller Charger GH Vario \u2013 Klassisch &amp; Gemischt<\/h2>\n<div class=\"tobasket\">\n<div class=\"tobasketFunction clear\">\n<div class=\"price-outer\">\n<p class=\"price-current\">Um alle Ihre Fahrten in der Stadt und auf dem Land sicherzustellen, l\u00e4dt Riese &amp; M\u00fcller Sie ein, das Modell Charger GH vario auszuprobieren. Dieses neueste Mitglied der Marke verf\u00fcgt \u00fcber einen leistungsstarken Bosch Drive Unit Performance CX-Motor, der Sie kraftvoll auf eine Geschwindigkeit von 25 km\/h antreiben kann. Die Maschine wird von einem Powertube 500-Akku mit einer mehr als bemerkenswerten Autonomie angetrieben. Dieses Modell bietet durch seine breiten Schwalbe Super Moto-X-Reifen einen vorbildlichen Fahrkomfort. Aber auch Sicherheit und Komfort sind mit Unterst\u00fctzung des hydraulischen Magura MT4-Scheibenbremssystems, der Suntor Aion 34-Federung der Spitzenklasse, der Cane Creek-Parallelogramm-Sattelst\u00fctze &#8230; mit 160 kg vorhanden, Ihre Ausfl\u00fcge in die Stadt sind Ihre Gro\u00dfe Wanderungen werden zum Anlass f\u00fcr Abenteuer und Vergn\u00fcgen.<\/p>\n<h2>Zus\u00e4tzliche Information<\/h2>\n<table class=\"shop_attributes\">\n<tbody>\n<tr>\n<th class=\"attr_header\" colspan=\"2\">IM \u00dcBERBLICK<\/th>\n<\/tr>\n<tr>\n<th>e-Bike Typ<\/th>\n<td>Trekking e-Bike<\/td>\n<\/tr>\n<tr>\n<th>Modelljahr<\/th>\n<td>2021<\/td>\n<\/tr>\n<tr>\n<th>Motorunterst\u00fctzung<\/th>\n<td>25<\/td>\n<\/tr>\n<tr>\n<th>Schaltung Hersteller<\/th>\n<td>enviolo<\/td>\n<\/tr>\n<tr>\n<th>Schaltungstyp<\/th>\n<td>Nabenschaltung<\/td>\n<\/tr>\n<tr>\n<th>Federung<\/th>\n<td>Federgabel<\/td>\n<\/tr>\n<tr>\n<th>Bremsentyp<\/th>\n<td>Hydraulische Scheibenbremse<\/td>\n<\/tr>\n<tr>\n<th>Farbe<\/th>\n<td>weiss, schwarz, rot<\/td>\n<\/tr>\n<tr>\n<th>Rahmengr\u00f6\u00dfe<\/th>\n<td>44, 48, 54, 57<\/td>\n<\/tr>\n<tr>\n<th>Reifengr\u00f6\u00dfe<\/th>\n<td>28&#8220;<\/td>\n<\/tr>\n<tr>\n<th>Rahmenform<\/th>\n<td>Diamant<\/td>\n<\/tr>\n<tr>\n<th class=\"attr_header\" colspan=\"2\">ANTRIEBSEINHEIT<\/th>\n<\/tr>\n<tr>\n<th>Motor<\/th>\n<td>Bosch Performance CX 36V 250W<\/td>\n<\/tr>\n<tr>\n<th>Akku<\/th>\n<td>500, 1000 Wh<\/td>\n<\/tr>\n<tr>\n<th>Display<\/th>\n<td>Bosch Intuvia<\/td>\n<\/tr>\n<tr>\n<th class=\"attr_header\" colspan=\"2\">SCHALTUNG &amp; ANTRIEB<\/th>\n<\/tr>\n<tr>\n<th>Schaltung<\/th>\n<td>enviolo 380 R&amp;M Custom, stufenlose Nabenschaltung<\/td>\n<\/tr>\n<tr>\n<th>Schalthebel<\/th>\n<td>enviolo Drehgriffschalter, stufenlos<\/td>\n<\/tr>\n<tr>\n<th>Kurbelsatz<\/th>\n<td>FSA\/Riese &amp; M\u00fcller, 170 mm<\/td>\n<\/tr>\n<tr>\n<th>Kette<\/th>\n<td>Gates drive belt CDX<\/td>\n<\/tr>\n<tr>\n<th class=\"attr_header\" colspan=\"2\">RAHMEN &amp; GABEL<\/th>\n<\/tr>\n<tr>\n<th>Gabel<\/th>\n<td>Suntour XCR32, konisch, schwarz<\/td>\n<\/tr>\n<tr>\n<th>Steuersatz<\/th>\n<td>Acros AZX-220, konisch, block lock<\/td>\n<\/tr>\n<tr>\n<th class=\"attr_header\" colspan=\"2\">BREMSE<\/th>\n<\/tr>\n<tr>\n<th>Bremsanlage<\/th>\n<td>Shimano Deore<\/td>\n<\/tr>\n<tr>\n<th class=\"attr_header\" colspan=\"2\">LAUFR\u00c4DER<\/th>\n<\/tr>\n<tr>\n<th>Felgen<\/th>\n<td>Mach1 650, 28&#8220;<\/td>\n<\/tr>\n<tr>\n<th>Naben (V\/H)<\/th>\n<td>enviolo 380 R&amp;M Custom \/ 36H (hinten)<\/td>\n<\/tr>\n<tr>\n<th>Reifen<\/th>\n<td>Schwalbe Big Ben Plus, 50-622, Reflex<\/td>\n<\/tr>\n<tr>\n<th class=\"attr_header\" colspan=\"2\">COCKPIT<\/th>\n<\/tr>\n<tr>\n<th>Lenker<\/th>\n<td>Humpert ergotec ErgoXXL, 31,8 mm<\/td>\n<\/tr>\n<tr>\n<th>Vorbau<\/th>\n<td>Humpert ergotec Barracuda, 90 mm, 20\u00b0<\/td>\n<\/tr>\n<tr>\n<th>Lenkergriffe<\/th>\n<td>Ergon ergonomic<\/td>\n<\/tr>\n<tr>\n<th>Sattelst\u00fctze<\/th>\n<td>Cane Creek Thudbuster ST<\/td>\n<\/tr>\n<tr>\n<th>Pedale<\/th>\n<td>VP-183<\/td>\n<\/tr>\n<tr>\n<th>Sattel<\/th>\n<td>Selle Royal New Lookin Moderate Male<\/td>\n<\/tr>\n<tr>\n<th class=\"attr_header\" colspan=\"2\">AUSSTATTUNG<\/th>\n<\/tr>\n<tr>\n<th>Frontlicht<\/th>\n<td>Supernova E3 E-Bike<\/td>\n<\/tr>\n<tr>\n<th>R\u00fccklicht<\/th>\n<td>Busch &amp; M\u00fcller Toplight 2C, LED<\/td>\n<\/tr>\n<tr>\n<th>Gep\u00e4cktr\u00e4ger<\/th>\n<td>Charger carrier<\/td>\n<\/tr>\n<tr>\n<th>Schutzbleche<\/th>\n<td>Curana CLite 55<\/td>\n<\/tr>\n<tr>\n<th>Kettenschutz<\/th>\n<td>SKS<\/td>\n<\/tr>\n<tr>\n<th>St\u00e4nder<\/th>\n<td>Pletscher Comp 18 Flex<\/td>\n<\/tr>\n<tr>\n<th>Schloss<\/th>\n<td>ABUS Bordo Plus<\/td>\n<\/tr>\n<tr>\n<th class=\"attr_header\" colspan=\"2\">SONSTIGES<\/th>\n<\/tr>\n<tr>\n<th>Gewicht<\/th>\n<td>26,3 kg<\/td>\n<\/tr>\n<tr>\n<th>Zul\u00e4ssiges Gesamtgewicht<\/th>\n<td>140 kg<\/td>\n<\/tr>\n<\/tbody>\n<\/table>\n<\/div>\n<\/div>\n<\/div>","protected":false},"excerpt":{"rendered":"<p>Riese und M\u00fcller Charger GH Vario \u2013 Klassisch &amp; Gemischt Um alle Ihre Fahrten in der Stadt und auf dem<\/p>","protected":false},"featured_media":61593,"comment_status":"open","ping_status":"closed","template":"","meta":[],"product_brand":[],"product_cat":[33,247,281],"product_tag":[],"class_list":{"0":"post-39433","1":"product","2":"type-product","3":"status-publish","4":"has-post-thumbnail","6":"product_cat-e-bike","7":"product_cat-e-bike-trekking","8":"product_cat-e-fahrrad","9":"pa_marke-rabeneick","11":"first","12":"instock","13":"sale","14":"taxable","15":"shipping-taxable","16":"purchasable","17":"product-type-variable"},"yoast_head":"<!-- This site is optimized with the Yoast SEO Premium plugin v20.12 (Yoast SEO v27.1.1) - https:\/\/yoast.com\/product\/yoast-seo-premium-wordpress\/ -->\n<title>Riese und M\u00fcller Charger GH Vario \u2013 Klassisch &amp; Gemischt<\/title>\n<meta name=\"description\" content=\"Entdecken Sie unseren Online-Fahrradladen: Gro\u00dfe Auswahl an Modellen f\u00fcr alle Radsportbegeisterten. Von Rennr\u00e4dern bis zu Mountainbikes - finden Sie heute Ihren perfekten Wegbegleiter!\" \/>\n<meta name=\"robots\" content=\"index, follow, max-snippet:-1, max-image-preview:large, max-video-preview:-1\" \/>\n<link rel=\"canonical\" href=\"https:\/\/kgerad.de\/en\/product\/riese-und-muller-charger-gh-vario-klassisch-gemischt\/\" \/>\n<meta property=\"og:locale\" content=\"en_US\" \/>\n<meta property=\"og:type\" content=\"article\" \/>\n<meta property=\"og:title\" content=\"Riese und M\u00fcller Charger GH Vario \u2013 Klassisch &amp; Gemischt\" \/>\n<meta property=\"og:description\" content=\"Entdecken Sie unseren Online-Fahrradladen: Gro\u00dfe Auswahl an Modellen f\u00fcr alle Radsportbegeisterten. Von Rennr\u00e4dern bis zu Mountainbikes - finden Sie heute Ihren perfekten Wegbegleiter!\" \/>\n<meta property=\"og:url\" content=\"https:\/\/kgerad.de\/en\/product\/riese-und-muller-charger-gh-vario-klassisch-gemischt\/\" \/>\n<meta property=\"og:site_name\" content=\"kgerad.de\" \/>\n<meta property=\"article:modified_time\" content=\"2023-08-11T10:36:54+00:00\" \/>\n<meta property=\"og:image\" content=\"https:\/\/kgerad.de\/wp-content\/uploads\/2023\/06\/Charger-GT-vario-HS-mixte-noir-1.png\" \/>\n\t<meta property=\"og:image:width\" content=\"902\" \/>\n\t<meta property=\"og:image:height\" content=\"800\" \/>\n\t<meta property=\"og:image:type\" content=\"image\/png\" \/>\n<meta name=\"twitter:card\" content=\"summary_large_image\" \/>\n<meta name=\"twitter:label1\" content=\"Est. reading time\" \/>\n\t<meta name=\"twitter:data1\" content=\"2 minutes\" \/>\n<script type=\"application\/ld+json\" class=\"yoast-schema-graph\">{\"@context\":\"https:\/\/schema.org\",\"@graph\":[{\"@type\":\"WebPage\",\"@id\":\"https:\/\/kgerad.de\/produkt\/riese-und-muller-charger-gh-vario-klassisch-gemischt\/\",\"url\":\"https:\/\/kgerad.de\/produkt\/riese-und-muller-charger-gh-vario-klassisch-gemischt\/\",\"name\":\"Riese und M\u00fcller Charger GH Vario \u2013 Klassisch & Gemischt\",\"isPartOf\":{\"@id\":\"https:\/\/kgerad.de\/#website\"},\"primaryImageOfPage\":{\"@id\":\"https:\/\/kgerad.de\/produkt\/riese-und-muller-charger-gh-vario-klassisch-gemischt\/#primaryimage\"},\"image\":{\"@id\":\"https:\/\/kgerad.de\/produkt\/riese-und-muller-charger-gh-vario-klassisch-gemischt\/#primaryimage\"},\"thumbnailUrl\":\"https:\/\/kgerad.de\/wp-content\/uploads\/2023\/06\/Charger-GT-vario-HS-mixte-noir-1.png\",\"datePublished\":\"2022-11-09T10:18:59+00:00\",\"dateModified\":\"2023-08-11T10:36:54+00:00\",\"description\":\"Entdecken Sie unseren Online-Fahrradladen: Gro\u00dfe Auswahl an Modellen f\u00fcr alle Radsportbegeisterten. Von Rennr\u00e4dern bis zu Mountainbikes - finden Sie heute Ihren perfekten Wegbegleiter!\",\"breadcrumb\":{\"@id\":\"https:\/\/kgerad.de\/produkt\/riese-und-muller-charger-gh-vario-klassisch-gemischt\/#breadcrumb\"},\"inLanguage\":\"en-US\",\"potentialAction\":[{\"@type\":\"ReadAction\",\"target\":[\"https:\/\/kgerad.de\/produkt\/riese-und-muller-charger-gh-vario-klassisch-gemischt\/\"]}]},{\"@type\":\"ImageObject\",\"inLanguage\":\"en-US\",\"@id\":\"https:\/\/kgerad.de\/produkt\/riese-und-muller-charger-gh-vario-klassisch-gemischt\/#primaryimage\",\"url\":\"https:\/\/kgerad.de\/wp-content\/uploads\/2023\/06\/Charger-GT-vario-HS-mixte-noir-1.png\",\"contentUrl\":\"https:\/\/kgerad.de\/wp-content\/uploads\/2023\/06\/Charger-GT-vario-HS-mixte-noir-1.png\",\"width\":3066,\"height\":2718,\"caption\":\"Riese und M\u00fcller Charger GH Vario \u2013 Klassisch & Gemischt\"},{\"@type\":\"BreadcrumbList\",\"@id\":\"https:\/\/kgerad.de\/produkt\/riese-und-muller-charger-gh-vario-klassisch-gemischt\/#breadcrumb\",\"itemListElement\":[{\"@type\":\"ListItem\",\"position\":1,\"name\":\"Startseite\",\"item\":\"https:\/\/kgerad.de\/\"},{\"@type\":\"ListItem\",\"position\":2,\"name\":\"LADEN\",\"item\":\"https:\/\/kgerad.de\/laden\/\"},{\"@type\":\"ListItem\",\"position\":3,\"name\":\"Riese und M\u00fcller Charger GH Vario \u2013 Klassisch &#038; Gemischt\"}]},{\"@type\":\"WebSite\",\"@id\":\"https:\/\/kgerad.de\/#website\",\"url\":\"https:\/\/kgerad.de\/\",\"name\":\"kgerad.de\",\"description\":\"Treten Sie mit uns ins Abenteuer!\",\"publisher\":{\"@id\":\"https:\/\/kgerad.de\/#organization\"},\"alternateName\":\"MEIN RADLADEN\",\"potentialAction\":[{\"@type\":\"SearchAction\",\"target\":{\"@type\":\"EntryPoint\",\"urlTemplate\":\"https:\/\/kgerad.de\/?s={search_term_string}\"},\"query-input\":{\"@type\":\"PropertyValueSpecification\",\"valueRequired\":true,\"valueName\":\"search_term_string\"}}],\"inLanguage\":\"en-US\"},{\"@type\":\"Organization\",\"@id\":\"https:\/\/kgerad.de\/#organization\",\"name\":\"MEINRADLADEN\",\"alternateName\":\"MEIN RADLADEN\",\"url\":\"https:\/\/kgerad.de\/\",\"logo\":{\"@type\":\"ImageObject\",\"inLanguage\":\"en-US\",\"@id\":\"https:\/\/kgerad.de\/#\/schema\/logo\/image\/\",\"url\":\"https:\/\/kgerad.de\/wp-content\/uploads\/2025\/07\/logo-Whit.svg\",\"contentUrl\":\"https:\/\/kgerad.de\/wp-content\/uploads\/2025\/07\/logo-Whit.svg\",\"width\":1640,\"height\":371,\"caption\":\"MEINRADLADEN\"},\"image\":{\"@id\":\"https:\/\/kgerad.de\/#\/schema\/logo\/image\/\"}}]}<\/script>\n<!-- \/ Yoast SEO Premium plugin. -->","yoast_head_json":{"title":"Riese und M\u00fcller Charger GH Vario \u2013 Klassisch & Gemischt","description":"Entdecken Sie unseren Online-Fahrradladen: Gro\u00dfe Auswahl an Modellen f\u00fcr alle Radsportbegeisterten. Von Rennr\u00e4dern bis zu Mountainbikes - finden Sie heute Ihren perfekten Wegbegleiter!","robots":{"index":"index","follow":"follow","max-snippet":"max-snippet:-1","max-image-preview":"max-image-preview:large","max-video-preview":"max-video-preview:-1"},"canonical":"https:\/\/kgerad.de\/en\/product\/riese-und-muller-charger-gh-vario-klassisch-gemischt\/","og_locale":"en_US","og_type":"article","og_title":"Riese und M\u00fcller Charger GH Vario \u2013 Klassisch & Gemischt","og_description":"Entdecken Sie unseren Online-Fahrradladen: Gro\u00dfe Auswahl an Modellen f\u00fcr alle Radsportbegeisterten. Von Rennr\u00e4dern bis zu Mountainbikes - finden Sie heute Ihren perfekten Wegbegleiter!","og_url":"https:\/\/kgerad.de\/en\/product\/riese-und-muller-charger-gh-vario-klassisch-gemischt\/","og_site_name":"kgerad.de","article_modified_time":"2023-08-11T10:36:54+00:00","og_image":[{"url":"https:\/\/kgerad.de\/wp-content\/uploads\/2023\/06\/Charger-GT-vario-HS-mixte-noir-1.png","width":902,"height":800,"type":"image\/png"}],"twitter_card":"summary_large_image","twitter_misc":{"Est. reading time":"2 minutes"},"schema":{"@context":"https:\/\/schema.org","@graph":[{"@type":"WebPage","@id":"https:\/\/kgerad.de\/produkt\/riese-und-muller-charger-gh-vario-klassisch-gemischt\/","url":"https:\/\/kgerad.de\/produkt\/riese-und-muller-charger-gh-vario-klassisch-gemischt\/","name":"Riese und M\u00fcller Charger GH Vario \u2013 Klassisch & Gemischt","isPartOf":{"@id":"https:\/\/kgerad.de\/#website"},"primaryImageOfPage":{"@id":"https:\/\/kgerad.de\/produkt\/riese-und-muller-charger-gh-vario-klassisch-gemischt\/#primaryimage"},"image":{"@id":"https:\/\/kgerad.de\/produkt\/riese-und-muller-charger-gh-vario-klassisch-gemischt\/#primaryimage"},"thumbnailUrl":"https:\/\/kgerad.de\/wp-content\/uploads\/2023\/06\/Charger-GT-vario-HS-mixte-noir-1.png","datePublished":"2022-11-09T10:18:59+00:00","dateModified":"2023-08-11T10:36:54+00:00","description":"Entdecken Sie unseren Online-Fahrradladen: Gro\u00dfe Auswahl an Modellen f\u00fcr alle Radsportbegeisterten. Von Rennr\u00e4dern bis zu Mountainbikes - finden Sie heute Ihren perfekten Wegbegleiter!","breadcrumb":{"@id":"https:\/\/kgerad.de\/produkt\/riese-und-muller-charger-gh-vario-klassisch-gemischt\/#breadcrumb"},"inLanguage":"en-US","potentialAction":[{"@type":"ReadAction","target":["https:\/\/kgerad.de\/produkt\/riese-und-muller-charger-gh-vario-klassisch-gemischt\/"]}]},{"@type":"ImageObject","inLanguage":"en-US","@id":"https:\/\/kgerad.de\/produkt\/riese-und-muller-charger-gh-vario-klassisch-gemischt\/#primaryimage","url":"https:\/\/kgerad.de\/wp-content\/uploads\/2023\/06\/Charger-GT-vario-HS-mixte-noir-1.png","contentUrl":"https:\/\/kgerad.de\/wp-content\/uploads\/2023\/06\/Charger-GT-vario-HS-mixte-noir-1.png","width":3066,"height":2718,"caption":"Riese und M\u00fcller Charger GH Vario \u2013 Klassisch & Gemischt"},{"@type":"BreadcrumbList","@id":"https:\/\/kgerad.de\/produkt\/riese-und-muller-charger-gh-vario-klassisch-gemischt\/#breadcrumb","itemListElement":[{"@type":"ListItem","position":1,"name":"Startseite","item":"https:\/\/kgerad.de\/"},{"@type":"ListItem","position":2,"name":"LADEN","item":"https:\/\/kgerad.de\/laden\/"},{"@type":"ListItem","position":3,"name":"Riese und M\u00fcller Charger GH Vario \u2013 Klassisch &#038; Gemischt"}]},{"@type":"WebSite","@id":"https:\/\/kgerad.de\/#website","url":"https:\/\/kgerad.de\/","name":"kgerad.de","description":"Treten Sie mit uns ins Abenteuer!","publisher":{"@id":"https:\/\/kgerad.de\/#organization"},"alternateName":"MEIN RADLADEN","potentialAction":[{"@type":"SearchAction","target":{"@type":"EntryPoint","urlTemplate":"https:\/\/kgerad.de\/?s={search_term_string}"},"query-input":{"@type":"PropertyValueSpecification","valueRequired":true,"valueName":"search_term_string"}}],"inLanguage":"en-US"},{"@type":"Organization","@id":"https:\/\/kgerad.de\/#organization","name":"MEINRADLADEN","alternateName":"MEIN RADLADEN","url":"https:\/\/kgerad.de\/","logo":{"@type":"ImageObject","inLanguage":"en-US","@id":"https:\/\/kgerad.de\/#\/schema\/logo\/image\/","url":"https:\/\/kgerad.de\/wp-content\/uploads\/2025\/07\/logo-Whit.svg","contentUrl":"https:\/\/kgerad.de\/wp-content\/uploads\/2025\/07\/logo-Whit.svg","width":1640,"height":371,"caption":"MEINRADLADEN"},"image":{"@id":"https:\/\/kgerad.de\/#\/schema\/logo\/image\/"}}]}},"_links":{"self":[{"href":"https:\/\/kgerad.de\/en\/wp-json\/wp\/v2\/product\/39433","targetHints":{"allow":["GET"]}}],"collection":[{"href":"https:\/\/kgerad.de\/en\/wp-json\/wp\/v2\/product"}],"about":[{"href":"https:\/\/kgerad.de\/en\/wp-json\/wp\/v2\/types\/product"}],"replies":[{"embeddable":true,"href":"https:\/\/kgerad.de\/en\/wp-json\/wp\/v2\/comments?post=39433"}],"version-history":[{"count":2,"href":"https:\/\/kgerad.de\/en\/wp-json\/wp\/v2\/product\/39433\/revisions"}],"predecessor-version":[{"id":79595,"href":"https:\/\/kgerad.de\/en\/wp-json\/wp\/v2\/product\/39433\/revisions\/79595"}],"wp:featuredmedia":[{"embeddable":true,"href":"https:\/\/kgerad.de\/en\/wp-json\/wp\/v2\/media\/61593"}],"wp:attachment":[{"href":"https:\/\/kgerad.de\/en\/wp-json\/wp\/v2\/media?parent=39433"}],"wp:term":[{"taxonomy":"product_brand","embeddable":true,"href":"https:\/\/kgerad.de\/en\/wp-json\/wp\/v2\/product_brand?post=39433"},{"taxonomy":"product_cat","embeddable":true,"href":"https:\/\/kgerad.de\/en\/wp-json\/wp\/v2\/product_cat?post=39433"},{"taxonomy":"product_tag","embeddable":true,"href":"https:\/\/kgerad.de\/en\/wp-json\/wp\/v2\/product_tag?post=39433"}],"curies":[{"name":"wp","href":"https:\/\/api.w.org\/{rel}","templated":true}]}}