{"id":39392,"date":"2022-11-09T10:44:12","date_gmt":"2022-11-09T09:44:12","guid":{"rendered":"https:\/\/kgerad.de\/?post_type=product&#038;p=39392"},"modified":"2023-08-11T12:37:09","modified_gmt":"2023-08-11T10:37:09","slug":"radon-jealous-9-0","status":"publish","type":"product","link":"https:\/\/kgerad.de\/en\/product\/radon-jealous-9-0\/","title":{"rendered":"Radon Jealous 9.0"},"content":{"rendered":"<h2 class=\"content--title\"><strong>Radon<\/strong>\u00a0Jealous 9.0<\/h2>\n<p class=\"product--description\">Vollblut-Racing zum Budget-Preis und die bew\u00e4hrte Komponenten-Kombination aus RockShox&#8216; Cross Country Klassiker SID Gabel und Shimano&#8216; s XT Kult-Schaltung: bei unserem Radon JEALOUS 9.0 kommen Fans solidester Funktion auf ihre Kosten.<\/p>\n<hr \/>\n<h3>Die Highlights des Radon Jealous 9.0<\/h3>\n<p class=\"product--description\">An der Front federt die Rock Shox SID SL in der Select+ Variante sportlich-straff und bietet viel Kontrolle \u00fcber den Trail, bei Bedarf kannst Du sie bequem vom Lenker aus ruhig stellen. Shimano steuert die Schaltgruppe bei, das XT Label steht f\u00fcr seidenweiche Schaltvorg\u00e4nge und \u00fcber Jahre zuverl\u00e4ssige Pr\u00e4zision, die 1&#215;12 Gruppe mit der go\u00dfen 10-51 Z\u00e4hne umfassenden Kassette wappnet Dich f\u00fcr jede Trailsituation. Basis der XC-Rakete ist der mit ca. 950 Gramm superleichte JEALOUS Vollcarbonrahmen, der alle Z\u00fcge in seinem Inneren f\u00fchrt und dadurch auch optisch edel und elegant daherkommt. Durch die geschickte Anordnung der Carbonmatten kommt auch der Komfort nicht zu kurz, unterst\u00fctzt wird das durch die leichten und flexenden Newmen Carbon-Komponenten wie die Advanced Sattelst\u00fctze und den 740mm breiten Advanced Carbon Lenker.<\/p>\n<div class=\"product--description\"><\/div>\n<div class=\"product--description\">\n<p>Dort kannst Du auch die superleichten und dennoch bissigen Magura MT8 Pro Bremsen bet\u00e4tigen, die Dich in jeder wie auch immer gearteten Abfahrt dosiert und kraftvoll einbremsen. Ganz speziell haben wir versucht, die rotierende Masse klein zu halten, damit Dein JEALOUS jederzeit gut rollt und jeder Kraftimpuls in Vortrieb umgesetzt wird. Blendend dazu geeignet ist der sehr leichte Newmen SL X.A.25 Laufradsatz, der eindrucksvoll beweist, dass Leichtbau, Stabilit\u00e4t und Langlebigkeit sich nicht ausschlie\u00dfen m\u00fcssen. Nur das Beste vom Besten auch bei den Reifen: Schwalbe&#8216; s bew\u00e4hrte Cross Country Reifenkombination Racing Ray und Racing Ralph in der Super Ground Variante ist gn\u00e4dig zur Waage und weist dennoch ordentlich Grip auf. Mehr Cross Country Racing in der 3.000 \u20ac Klasse als bei unserem JEALOUS 9.0 geht nicht!<\/p>\n<hr \/>\n<h3>Die Jealous Familie<\/h3>\n<p>H\u00f6her, schneller, leichter lautet die Devise auf der XC-B\u00fchne. Das ist auch unser Erfolgsrezept beim JEALOUS: tiefer Schwerpunkt, hohe Laufruhe, leicht rollende 29 Zoll Laufr\u00e4der im superleichten und hochsteifen Kohlefaserrahmen, straffe 100mm Federgabeln und effiziente Antriebe geben Dir das richtige Set-Up f\u00fcr den Renneinsatz, in dem Du die Pace vorgibst. Der Rahmen verf\u00fcgt \u00fcber intern verlegte Kabel und eine innen liegende Bremsaufnahme f\u00fcr den supercleanen Look.<\/p>\n<hr \/>\n<h3>Der Jealous Rahmen<\/h3>\n<p>Sch\u00f6ner und cleaner denn je kommt der \u00fcberarbeitete Jealous 1x Rahmen f\u00fcr die Saison 2022 daher. Die Bremsleitung am Hinterbau haben wir ins Innere verlegt, sodass die Rahmensilhouette durch nichts gest\u00f6rt wird. Positiver Nebeneffekt davon ist, dass auf der Antriebsseite keine \u00d6ffnungen am Rahmen mehr vorhanden sind, was den Stealth-Look des Jealous unterstreicht. Geblieben ist das niedrige Rahmengewicht von ca. 950 Gramm und die Worldcup-erprobte Geometrie, die uns schon mehrere Podiumsplatzierungen beschert hat. Auch ein Weltmeistertitel wurde auf dem Jealous schon errungen.<\/p>\n<h2>Ausstattung<\/h2>\n<div class=\"product--properties panel has--border\">\n<table class=\"product--properties-table\">\n<tbody>\n<tr class=\"product--properties-row row1\">\n<td class=\"product--properties-label is--bold\">Rahmen:<\/td>\n<td class=\"product--properties-value\">NEW JEALOUS Carbon Superlite, Gewicht: 950 g, Maximale Reifenbreite: 2.25&#8243;, Max. KB: 36 Z\u00e4hne, 1-fach Rahmen<\/td>\n<\/tr>\n<tr class=\"product--properties-row row2\">\n<td class=\"product--properties-label is--bold\">Rahmenmaterial:<\/td>\n<td class=\"product--properties-value\">Carbon<\/td>\n<\/tr>\n<tr class=\"product--properties-row row3\">\n<td class=\"product--properties-label is--bold\">Laufradgr\u00f6\u00dfe:<\/td>\n<td class=\"product--properties-value\">29&#8243;<\/td>\n<\/tr>\n<tr class=\"product--properties-row row4\">\n<td class=\"product--properties-label is--bold\">Farbe:<\/td>\n<td class=\"product--properties-value\">white \/ deepblack<\/td>\n<\/tr>\n<tr class=\"product--properties-row row5\">\n<td class=\"product--properties-label is--bold\">Gabel:<\/td>\n<td class=\"product--properties-value\">RockShox SID SL Select+, Charger 2 RL, Air, OneLock Remote, Boost<\/td>\n<\/tr>\n<tr class=\"product--properties-row row6\">\n<td class=\"product--properties-label is--bold\">Federweg:<\/td>\n<td class=\"product--properties-value\">100mm<\/td>\n<\/tr>\n<tr class=\"product--properties-row row7\">\n<td class=\"product--properties-label is--bold\">Bremsen:<\/td>\n<td class=\"product--properties-value\">Magura MT8 Pro<\/td>\n<\/tr>\n<tr class=\"product--properties-row row8\">\n<td class=\"product--properties-label is--bold\">Bremsscheiben:<\/td>\n<td class=\"product--properties-value\">Magura Storm HC, 180\/160mm, 6-bolt<\/td>\n<\/tr>\n<tr class=\"product--properties-row row9\">\n<td class=\"product--properties-label is--bold\">Steuersatz:<\/td>\n<td class=\"product--properties-value\">Acros AiX, IS41\/IS52<\/td>\n<\/tr>\n<tr class=\"product--properties-row row10\">\n<td class=\"product--properties-label is--bold\">Vorbau:<\/td>\n<td class=\"product--properties-value\">Newmen Evolution SL 318.4, 31.8mm (16&#8243;\/60mm, 18&#8243;\/70mm, 20&#8243;\/70mm, 22&#8243;\/90mm)<\/td>\n<\/tr>\n<tr class=\"product--properties-row row11\">\n<td class=\"product--properties-label is--bold\">Lenker:<\/td>\n<td class=\"product--properties-value\">Newmen Advanced Carbon 318.0, 31.8 x 740mm<\/td>\n<\/tr>\n<tr class=\"product--properties-row row12\">\n<td class=\"product--properties-label is--bold\">Griffe:<\/td>\n<td class=\"product--properties-value\">RADON racing grips<\/td>\n<\/tr>\n<tr class=\"product--properties-row row13\">\n<td class=\"product--properties-label is--bold\">Sattel:<\/td>\n<td class=\"product--properties-value\">Natural Fit Nuance SL<\/td>\n<\/tr>\n<tr class=\"product--properties-row row14\">\n<td class=\"product--properties-label is--bold\">Sattelst\u00fctze:<\/td>\n<td class=\"product--properties-value\">Newmen Advanced Carbon, 30.9 x 430mm<\/td>\n<\/tr>\n<tr class=\"product--properties-row row15\">\n<td class=\"product--properties-label is--bold\">Kurbel:<\/td>\n<td class=\"product--properties-value\">Shimano XT FC M-8100, 34T, 175mm<\/td>\n<\/tr>\n<\/tbody>\n<\/table>\n<table class=\"product--properties-table\">\n<tbody>\n<tr class=\"product--properties-row row16\">\n<td class=\"product--properties-label is--bold\">Tretlager\/Innenlager:<\/td>\n<td class=\"product--properties-value\">Shimano BB-MT500PA, Pressfit, 92mm<\/td>\n<\/tr>\n<tr class=\"product--properties-row row17\">\n<td class=\"product--properties-label is--bold\">Schaltwerk:<\/td>\n<td class=\"product--properties-value\">Shimano XT RD-M8100-SGS, 12-speed<\/td>\n<\/tr>\n<tr class=\"product--properties-row row18\">\n<td class=\"product--properties-label is--bold\">Schalthebel:<\/td>\n<td class=\"product--properties-value\">Shimano XT SL-M8100-IR, Shiftmix<\/td>\n<\/tr>\n<tr class=\"product--properties-row row19\">\n<td class=\"product--properties-label is--bold\">Kassette:<\/td>\n<td class=\"product--properties-value\">Shimano SLX CS-M7100, 10-51<\/td>\n<\/tr>\n<tr class=\"product--properties-row row20\">\n<td class=\"product--properties-label is--bold\">Kette:<\/td>\n<td class=\"product--properties-value\">Shimano SLX CN-M7100<\/td>\n<\/tr>\n<tr class=\"product--properties-row row21\">\n<td class=\"product--properties-label is--bold\">Reifen vorne:<\/td>\n<td class=\"product--properties-value\">Schwalbe Racing Ray, Addix-Speedgrip, Super Ground, TLE, 29&#8243; x 2.25&#8243;<\/td>\n<\/tr>\n<tr class=\"product--properties-row row22\">\n<td class=\"product--properties-label is--bold\">Reifen hinten:<\/td>\n<td class=\"product--properties-value\">Schwalbe Racing Ralph, Addix-Speed, Super Ground, TLE, 29&#8243; x 2.25&#8243;<\/td>\n<\/tr>\n<tr class=\"product--properties-row row23\">\n<td class=\"product--properties-label is--bold\">Laufradsatz:<\/td>\n<td class=\"product--properties-value\">Newmen Evolution SL X.A.25, 25mm, 110\/148mm<\/td>\n<\/tr>\n<tr class=\"product--properties-row row24\">\n<td class=\"product--properties-label is--bold\">Pedale:<\/td>\n<td class=\"product--properties-value\">nicht im Lieferumfang enthalten<\/td>\n<\/tr>\n<tr class=\"product--properties-row row25\">\n<td class=\"product--properties-label is--bold\">Zul\u00e4ssiges Gesamtgewicht:<\/td>\n<td class=\"product--properties-value\">115 kg (K\u00f6rpergewicht + Fahrrad + Ausr\u00fcstung)<\/td>\n<\/tr>\n<tr class=\"product--properties-row row26\">\n<td class=\"product--properties-label is--bold\">Gewicht Komplettrad:<\/td>\n<td class=\"product--properties-value\">ab 9,30 kg<\/td>\n<\/tr>\n<\/tbody>\n<\/table>\n<\/div>\n<\/div>","protected":false},"excerpt":{"rendered":"<div class=\"tab-menu--product js--tab-menu\">\n<div class=\"tab--container-list\">\n<div class=\"tab--container description has--content is--active\">\n<div class=\"tab--content box-description\">\n<div class=\"content--description\">\n<div class=\"ean-box\"><label>Modelljahr: <span style=\"font-size: 16px;\">\u00a02022<\/span><\/label><\/div>\n<\/div>\n<\/div>\n<\/div>\n<\/div>\n<\/div>\n<p><a class=\"rating-link-info--box\" name=\"product--publish-comment\"><\/a><\/p>\n<div id=\"detail--product-reviews\" class=\"content--product-reviews 123\"><\/div>","protected":false},"featured_media":61562,"comment_status":"open","ping_status":"closed","template":"","meta":[],"product_brand":[],"product_cat":[36,302,220],"product_tag":[],"class_list":{"0":"post-39392","1":"product","2":"type-product","3":"status-publish","4":"has-post-thumbnail","6":"product_cat-fahrrad","7":"product_cat-hardtail-29","8":"product_cat-mountainbike","9":"pa_marke-radon","11":"first","12":"instock","13":"sale","14":"taxable","15":"shipping-taxable","16":"purchasable","17":"product-type-variable"},"yoast_head":"<!-- This site is optimized with the Yoast SEO Premium plugin v20.12 (Yoast SEO v27.1.1) - https:\/\/yoast.com\/product\/yoast-seo-premium-wordpress\/ -->\n<title>Radon Jealous 9.0<\/title>\n<meta name=\"description\" content=\"kgerad.de bietet Ihnen das Radon Jealous 9.0 zum besten Preis mit kostenlosem Versand in ganz EuropaRadon JEALOUS 9.0Radon JEALOUS 9.0\" \/>\n<meta name=\"robots\" content=\"index, follow, max-snippet:-1, max-image-preview:large, max-video-preview:-1\" \/>\n<link rel=\"canonical\" href=\"https:\/\/kgerad.de\/en\/product\/radon-jealous-9-0\/\" \/>\n<meta property=\"og:locale\" content=\"en_US\" \/>\n<meta property=\"og:type\" content=\"article\" \/>\n<meta property=\"og:title\" content=\"Radon Jealous 9.0\" \/>\n<meta property=\"og:description\" content=\"Entdecken Sie unseren Online-Fahrradladen: Gro\u00dfe Auswahl an Modellen f\u00fcr alle Radsportbegeisterten. Von Rennr\u00e4dern bis zu Mountainbikes - finden Sie heute Ihren perfekten Wegbegleiter!\" \/>\n<meta property=\"og:url\" content=\"https:\/\/kgerad.de\/en\/product\/radon-jealous-9-0\/\" \/>\n<meta property=\"og:site_name\" content=\"kgerad.de\" \/>\n<meta property=\"article:modified_time\" content=\"2023-08-11T10:37:09+00:00\" \/>\n<meta property=\"og:image\" content=\"https:\/\/kgerad.de\/wp-content\/uploads\/2023\/06\/Radon-Jealous-9.0.jpg\" \/>\n\t<meta property=\"og:image:width\" content=\"800\" \/>\n\t<meta property=\"og:image:height\" content=\"533\" \/>\n\t<meta property=\"og:image:type\" content=\"image\/jpeg\" \/>\n<meta name=\"twitter:card\" content=\"summary_large_image\" \/>\n<meta name=\"twitter:label1\" content=\"Est. reading time\" \/>\n\t<meta name=\"twitter:data1\" content=\"4 minutes\" \/>\n<script type=\"application\/ld+json\" class=\"yoast-schema-graph\">{\"@context\":\"https:\/\/schema.org\",\"@graph\":[{\"@type\":\"WebPage\",\"@id\":\"https:\/\/kgerad.de\/produkt\/radon-jealous-9-0\/\",\"url\":\"https:\/\/kgerad.de\/produkt\/radon-jealous-9-0\/\",\"name\":\"Radon Jealous 9.0\",\"isPartOf\":{\"@id\":\"https:\/\/kgerad.de\/#website\"},\"primaryImageOfPage\":{\"@id\":\"https:\/\/kgerad.de\/produkt\/radon-jealous-9-0\/#primaryimage\"},\"image\":{\"@id\":\"https:\/\/kgerad.de\/produkt\/radon-jealous-9-0\/#primaryimage\"},\"thumbnailUrl\":\"https:\/\/kgerad.de\/wp-content\/uploads\/2023\/06\/Radon-Jealous-9.0.jpg\",\"datePublished\":\"2022-11-09T09:44:12+00:00\",\"dateModified\":\"2023-08-11T10:37:09+00:00\",\"description\":\"kgerad.de bietet Ihnen das Radon Jealous 9.0 zum besten Preis mit kostenlosem Versand in ganz EuropaRadon JEALOUS 9.0Radon JEALOUS 9.0\",\"breadcrumb\":{\"@id\":\"https:\/\/kgerad.de\/produkt\/radon-jealous-9-0\/#breadcrumb\"},\"inLanguage\":\"en-US\",\"potentialAction\":[{\"@type\":\"ReadAction\",\"target\":[\"https:\/\/kgerad.de\/produkt\/radon-jealous-9-0\/\"]}]},{\"@type\":\"ImageObject\",\"inLanguage\":\"en-US\",\"@id\":\"https:\/\/kgerad.de\/produkt\/radon-jealous-9-0\/#primaryimage\",\"url\":\"https:\/\/kgerad.de\/wp-content\/uploads\/2023\/06\/Radon-Jealous-9.0.jpg\",\"contentUrl\":\"https:\/\/kgerad.de\/wp-content\/uploads\/2023\/06\/Radon-Jealous-9.0.jpg\",\"width\":800,\"height\":533,\"caption\":\"Radon Jealous 9.0\"},{\"@type\":\"BreadcrumbList\",\"@id\":\"https:\/\/kgerad.de\/produkt\/radon-jealous-9-0\/#breadcrumb\",\"itemListElement\":[{\"@type\":\"ListItem\",\"position\":1,\"name\":\"Startseite\",\"item\":\"https:\/\/kgerad.de\/\"},{\"@type\":\"ListItem\",\"position\":2,\"name\":\"LADEN\",\"item\":\"https:\/\/kgerad.de\/laden\/\"},{\"@type\":\"ListItem\",\"position\":3,\"name\":\"Radon Jealous 9.0\"}]},{\"@type\":\"WebSite\",\"@id\":\"https:\/\/kgerad.de\/#website\",\"url\":\"https:\/\/kgerad.de\/\",\"name\":\"kgerad.de\",\"description\":\"Treten Sie mit uns ins Abenteuer!\",\"publisher\":{\"@id\":\"https:\/\/kgerad.de\/#organization\"},\"alternateName\":\"MEIN RADLADEN\",\"potentialAction\":[{\"@type\":\"SearchAction\",\"target\":{\"@type\":\"EntryPoint\",\"urlTemplate\":\"https:\/\/kgerad.de\/?s={search_term_string}\"},\"query-input\":{\"@type\":\"PropertyValueSpecification\",\"valueRequired\":true,\"valueName\":\"search_term_string\"}}],\"inLanguage\":\"en-US\"},{\"@type\":\"Organization\",\"@id\":\"https:\/\/kgerad.de\/#organization\",\"name\":\"MEINRADLADEN\",\"alternateName\":\"MEIN RADLADEN\",\"url\":\"https:\/\/kgerad.de\/\",\"logo\":{\"@type\":\"ImageObject\",\"inLanguage\":\"en-US\",\"@id\":\"https:\/\/kgerad.de\/#\/schema\/logo\/image\/\",\"url\":\"https:\/\/kgerad.de\/wp-content\/uploads\/2025\/07\/logo-Whit.svg\",\"contentUrl\":\"https:\/\/kgerad.de\/wp-content\/uploads\/2025\/07\/logo-Whit.svg\",\"width\":1640,\"height\":371,\"caption\":\"MEINRADLADEN\"},\"image\":{\"@id\":\"https:\/\/kgerad.de\/#\/schema\/logo\/image\/\"}}]}<\/script>\n<!-- \/ Yoast SEO Premium plugin. -->","yoast_head_json":{"title":"Radon Jealous 9.0","description":"kgerad.de bietet Ihnen das Radon Jealous 9.0 zum besten Preis mit kostenlosem Versand in ganz EuropaRadon JEALOUS 9.0Radon JEALOUS 9.0","robots":{"index":"index","follow":"follow","max-snippet":"max-snippet:-1","max-image-preview":"max-image-preview:large","max-video-preview":"max-video-preview:-1"},"canonical":"https:\/\/kgerad.de\/en\/product\/radon-jealous-9-0\/","og_locale":"en_US","og_type":"article","og_title":"Radon Jealous 9.0","og_description":"Entdecken Sie unseren Online-Fahrradladen: Gro\u00dfe Auswahl an Modellen f\u00fcr alle Radsportbegeisterten. Von Rennr\u00e4dern bis zu Mountainbikes - finden Sie heute Ihren perfekten Wegbegleiter!","og_url":"https:\/\/kgerad.de\/en\/product\/radon-jealous-9-0\/","og_site_name":"kgerad.de","article_modified_time":"2023-08-11T10:37:09+00:00","og_image":[{"width":800,"height":533,"url":"https:\/\/kgerad.de\/wp-content\/uploads\/2023\/06\/Radon-Jealous-9.0.jpg","type":"image\/jpeg"}],"twitter_card":"summary_large_image","twitter_misc":{"Est. reading time":"4 minutes"},"schema":{"@context":"https:\/\/schema.org","@graph":[{"@type":"WebPage","@id":"https:\/\/kgerad.de\/produkt\/radon-jealous-9-0\/","url":"https:\/\/kgerad.de\/produkt\/radon-jealous-9-0\/","name":"Radon Jealous 9.0","isPartOf":{"@id":"https:\/\/kgerad.de\/#website"},"primaryImageOfPage":{"@id":"https:\/\/kgerad.de\/produkt\/radon-jealous-9-0\/#primaryimage"},"image":{"@id":"https:\/\/kgerad.de\/produkt\/radon-jealous-9-0\/#primaryimage"},"thumbnailUrl":"https:\/\/kgerad.de\/wp-content\/uploads\/2023\/06\/Radon-Jealous-9.0.jpg","datePublished":"2022-11-09T09:44:12+00:00","dateModified":"2023-08-11T10:37:09+00:00","description":"kgerad.de bietet Ihnen das Radon Jealous 9.0 zum besten Preis mit kostenlosem Versand in ganz EuropaRadon JEALOUS 9.0Radon JEALOUS 9.0","breadcrumb":{"@id":"https:\/\/kgerad.de\/produkt\/radon-jealous-9-0\/#breadcrumb"},"inLanguage":"en-US","potentialAction":[{"@type":"ReadAction","target":["https:\/\/kgerad.de\/produkt\/radon-jealous-9-0\/"]}]},{"@type":"ImageObject","inLanguage":"en-US","@id":"https:\/\/kgerad.de\/produkt\/radon-jealous-9-0\/#primaryimage","url":"https:\/\/kgerad.de\/wp-content\/uploads\/2023\/06\/Radon-Jealous-9.0.jpg","contentUrl":"https:\/\/kgerad.de\/wp-content\/uploads\/2023\/06\/Radon-Jealous-9.0.jpg","width":800,"height":533,"caption":"Radon Jealous 9.0"},{"@type":"BreadcrumbList","@id":"https:\/\/kgerad.de\/produkt\/radon-jealous-9-0\/#breadcrumb","itemListElement":[{"@type":"ListItem","position":1,"name":"Startseite","item":"https:\/\/kgerad.de\/"},{"@type":"ListItem","position":2,"name":"LADEN","item":"https:\/\/kgerad.de\/laden\/"},{"@type":"ListItem","position":3,"name":"Radon Jealous 9.0"}]},{"@type":"WebSite","@id":"https:\/\/kgerad.de\/#website","url":"https:\/\/kgerad.de\/","name":"kgerad.de","description":"Treten Sie mit uns ins Abenteuer!","publisher":{"@id":"https:\/\/kgerad.de\/#organization"},"alternateName":"MEIN RADLADEN","potentialAction":[{"@type":"SearchAction","target":{"@type":"EntryPoint","urlTemplate":"https:\/\/kgerad.de\/?s={search_term_string}"},"query-input":{"@type":"PropertyValueSpecification","valueRequired":true,"valueName":"search_term_string"}}],"inLanguage":"en-US"},{"@type":"Organization","@id":"https:\/\/kgerad.de\/#organization","name":"MEINRADLADEN","alternateName":"MEIN RADLADEN","url":"https:\/\/kgerad.de\/","logo":{"@type":"ImageObject","inLanguage":"en-US","@id":"https:\/\/kgerad.de\/#\/schema\/logo\/image\/","url":"https:\/\/kgerad.de\/wp-content\/uploads\/2025\/07\/logo-Whit.svg","contentUrl":"https:\/\/kgerad.de\/wp-content\/uploads\/2025\/07\/logo-Whit.svg","width":1640,"height":371,"caption":"MEINRADLADEN"},"image":{"@id":"https:\/\/kgerad.de\/#\/schema\/logo\/image\/"}}]}},"_links":{"self":[{"href":"https:\/\/kgerad.de\/en\/wp-json\/wp\/v2\/product\/39392","targetHints":{"allow":["GET"]}}],"collection":[{"href":"https:\/\/kgerad.de\/en\/wp-json\/wp\/v2\/product"}],"about":[{"href":"https:\/\/kgerad.de\/en\/wp-json\/wp\/v2\/types\/product"}],"replies":[{"embeddable":true,"href":"https:\/\/kgerad.de\/en\/wp-json\/wp\/v2\/comments?post=39392"}],"version-history":[{"count":1,"href":"https:\/\/kgerad.de\/en\/wp-json\/wp\/v2\/product\/39392\/revisions"}],"predecessor-version":[{"id":79599,"href":"https:\/\/kgerad.de\/en\/wp-json\/wp\/v2\/product\/39392\/revisions\/79599"}],"wp:featuredmedia":[{"embeddable":true,"href":"https:\/\/kgerad.de\/en\/wp-json\/wp\/v2\/media\/61562"}],"wp:attachment":[{"href":"https:\/\/kgerad.de\/en\/wp-json\/wp\/v2\/media?parent=39392"}],"wp:term":[{"taxonomy":"product_brand","embeddable":true,"href":"https:\/\/kgerad.de\/en\/wp-json\/wp\/v2\/product_brand?post=39392"},{"taxonomy":"product_cat","embeddable":true,"href":"https:\/\/kgerad.de\/en\/wp-json\/wp\/v2\/product_cat?post=39392"},{"taxonomy":"product_tag","embeddable":true,"href":"https:\/\/kgerad.de\/en\/wp-json\/wp\/v2\/product_tag?post=39392"}],"curies":[{"name":"wp","href":"https:\/\/api.w.org\/{rel}","templated":true}]}}