{"id":39364,"date":"2022-11-09T10:08:52","date_gmt":"2022-11-09T09:08:52","guid":{"rendered":"https:\/\/kgerad.de\/?post_type=product&#038;p=39364"},"modified":"2023-08-11T12:44:56","modified_gmt":"2023-08-11T10:44:56","slug":"univega-geo-light-b-highline-bosch-elektro-fahrrad-2","status":"publish","type":"product","link":"https:\/\/kgerad.de\/en\/product\/univega-geo-light-b-highline-bosch-elektro-fahrrad-2\/","title":{"rendered":"Univega Geo Light B Highline Bosch Elektro Fahrrad"},"content":{"rendered":"<h2>Univega Geo Light B Highline Bosch Elektro Fahrrad<\/h2>\n<p>Das Neue Univega Geo Light B Highline bietet neben dem neuen Bosch Performance Motor und dem Bosch Powertube 500Wh Akku auch noch die Neue Shimano 5Gang Nabenschaltung. Diese ist Extra f\u00fcr EBikes entwickelt worden und bietet eine bessere \u00dcbersetzung und eine gr\u00f6\u00dfere Kraft Aufnahme gegen\u00fcber der bekannten Shimano Nexus 8gang<\/p>\n<p>Bitte beachten Sie, dass eventuell angegebene Reichweiten nur ca. Angaben entsprechen. Die tats\u00e4chliche Reichweite <a href=\"http:\/\/univega.de\/imag\/cache\">kann <\/a>abweichen und je nach gew\u00e4hlter Unterst\u00fctzungsstufe, der Streckentopografie, dem Gewicht des Fahrers, den Wetterverh\u00e4ltnissen und anderer Faktoren niedriger oder h\u00f6her ausfallen.<\/p>\n<div class=\"mye:16\"><span class=\"js-battery-injection-information\">Ausgekl\u00fcgelte, in den Rahmen integrierbare Lithium-Ionen-Akku-Technologie sorgt f\u00fcr unbeschwerten Fahrspa\u00df, w\u00e4hrend die Sicherheitsschnalle selbst in anspruchsvollem Gel\u00e4nde ein Herausfallen des Akkus verhindert. Die Akkus lassen sich jedoch einfach aus dem Rahmen entnehmen und wieder aufladen.<\/span><\/div>\n<div class=\"d:flex gap:16 mye:16\">\n<div><\/div>\n<\/div>\n<h2>Ausstattung<\/h2>\n<p>&nbsp;<\/p>\n<div id=\"details_container\">\n<div id=\"details\">\n<div id=\"productinfo\">\n<div id=\"detailsMain\">\n<form class=\"js-oxProductForm\" action=\"https:\/\/www.bike-angebot.de\/index.php?\" method=\"post\">\n<div class=\"detailsInfo clear\">\n<div class=\"row productdetail\">\n<div class=\"col-12 col-sm-12 col-md-12 col-lg-6 col-xl-8\">\n<div class=\"relatedInfo disable-mobile\">\n<div class=\"tabbedWidgetBox clear ui-tabs ui-widget ui-widget-content ui-corner-all\">\n<div class=\"widgetBoxBottomRound\">\n<div id=\"attributes\" class=\"ui-tabs-panel ui-widget-content ui-corner-bottom\" role=\"tabpanel\" aria-labelledby=\"ui-id-1\" aria-expanded=\"true\" aria-hidden=\"false\">\n<table class=\"attributes\">\n<tbody>\n<tr>\n<th id=\"attrTitle_1\"><strong>Akkuleistung (Wh)<\/strong><\/th>\n<td id=\"attrValue_1\">500<\/td>\n<\/tr>\n<tr>\n<th id=\"attrTitle_2\"><strong>Anfahr-\/Schiebehilfe<\/strong><\/th>\n<td id=\"attrValue_2\">Schiebehilfe<\/td>\n<\/tr>\n<tr>\n<th id=\"attrTitle_3\"><strong>Beleuchtung<\/strong><\/th>\n<td id=\"attrValue_3\">Supernova E3<\/td>\n<\/tr>\n<tr>\n<th id=\"attrTitle_4\"><strong>Bremse<\/strong><\/th>\n<td id=\"attrValue_4\">Shimano MT400 Hydraulische Scheibenbremse<\/td>\n<\/tr>\n<tr>\n<th id=\"attrTitle_5\"><strong>Display<\/strong><\/th>\n<td id=\"attrValue_5\">Bosch Purion<\/td>\n<\/tr>\n<tr>\n<th id=\"attrTitle_6\"><strong>Dynamo<\/strong><\/th>\n<td id=\"attrValue_6\">Beleuchtung \u00fcber den E-Bike Akku<\/td>\n<\/tr>\n<tr>\n<th id=\"attrTitle_7\"><strong>Farbe<\/strong><\/th>\n<td id=\"attrValue_7\">magicblack matt<\/td>\n<\/tr>\n<tr>\n<th id=\"attrTitle_8\"><strong>Gabel<\/strong><\/th>\n<td id=\"attrValue_8\">Starr<\/td>\n<\/tr>\n<tr>\n<th id=\"attrTitle_10\"><strong>Kategorie<\/strong><\/th>\n<td id=\"attrValue_10\">Trekking\/Touren \/ E-Bikes \/ Pedelecs<\/td>\n<\/tr>\n<tr>\n<th id=\"attrTitle_11\"><strong>Laufradgr\u00f6\u00dfe<\/strong><\/th>\n<td id=\"attrValue_11\">28,0<\/td>\n<\/tr>\n<tr>\n<th id=\"attrTitle_12\"><strong>Modelljahr<\/strong><\/th>\n<td id=\"attrValue_12\">2020<\/td>\n<\/tr>\n<tr>\n<th id=\"attrTitle_13\"><strong>Motorenhersteller<\/strong><\/th>\n<td id=\"attrValue_13\">Bosch<\/td>\n<\/tr>\n<tr>\n<th id=\"attrTitle_14\"><strong>Motorleistung (Watt)<\/strong><\/th>\n<td id=\"attrValue_14\">250<\/td>\n<\/tr>\n<tr>\n<th id=\"attrTitle_15\"><strong>Motorunterst\u00fctzung<\/strong><\/th>\n<td id=\"attrValue_15\">bis 25 km\/h<\/td>\n<\/tr>\n<tr>\n<th id=\"attrTitle_16\"><strong>Pedalen enthalten<\/strong><\/th>\n<td id=\"attrValue_16\">ja<\/td>\n<\/tr>\n<tr>\n<th id=\"attrTitle_17\"><strong>Rahmengr\u00f6\u00dfe<\/strong><\/th>\n<td id=\"attrValue_17\">L<\/td>\n<\/tr>\n<tr>\n<th id=\"attrTitle_18\"><strong>Rahmenmaterial<\/strong><\/th>\n<td id=\"attrValue_18\">Aluminium<\/td>\n<\/tr>\n<tr>\n<th id=\"attrTitle_19\"><strong>Reifen<\/strong><\/th>\n<td id=\"attrValue_19\">Schwalbe Marathon Supreme 50-622<\/td>\n<\/tr>\n<tr>\n<th id=\"attrTitle_20\"><strong>R\u00fcckleuchte<\/strong><\/th>\n<td id=\"attrValue_20\">Im Gep\u00e4cktr\u00e4ger integriert<\/td>\n<\/tr>\n<tr>\n<th id=\"attrTitle_21\"><strong>Schalthebel<\/strong><\/th>\n<td id=\"attrValue_21\">Shimano 5Gang Drehgriff<\/td>\n<\/tr>\n<tr>\n<th id=\"attrTitle_22\"><strong>Schaltung<\/strong><\/th>\n<td id=\"attrValue_22\">Shimano 5Gang<\/td>\n<\/tr>\n<tr>\n<th id=\"attrTitle_23\"><strong>Zustand<\/strong><\/th>\n<td id=\"attrValue_23\">neu<\/td>\n<\/tr>\n<\/tbody>\n<\/table>\n<\/div>\n<\/div>\n<\/div>\n<\/div>\n<\/div>\n<\/div>\n<\/div>\n<\/form>\n<\/div>\n<\/div>\n<\/div>\n<\/div>","protected":false},"excerpt":{"rendered":"<p>Univega Geo Light B Highline Bosch Elektro Fahrrad Das Neue Univega Geo Light B Highline bietet neben dem neuen Bosch<\/p>","protected":false},"featured_media":61550,"comment_status":"open","ping_status":"closed","template":"","meta":[],"product_brand":[],"product_cat":[33,247,281],"product_tag":[],"class_list":{"0":"post-39364","1":"product","2":"type-product","3":"status-publish","4":"has-post-thumbnail","6":"product_cat-e-bike","7":"product_cat-e-bike-trekking","8":"product_cat-e-fahrrad","9":"pa_marke-rabeneick","11":"first","12":"instock","13":"sale","14":"taxable","15":"shipping-taxable","16":"purchasable","17":"product-type-variable"},"yoast_head":"<!-- This site is optimized with the Yoast SEO Premium plugin v20.12 (Yoast SEO v27.1.1) - https:\/\/yoast.com\/product\/yoast-seo-premium-wordpress\/ -->\n<title>Univega Geo Light B Highline Bosch Elektro Fahrrad<\/title>\n<meta name=\"description\" content=\"Entdecken Sie unseren Online-Fahrradladen: Gro\u00dfe Auswahl an Modellen f\u00fcr alle Radsportbegeisterten. Von Rennr\u00e4dern bis zu Mountainbikes - finden Sie heute Ihren perfekten Wegbegleiter!\" \/>\n<meta name=\"robots\" content=\"index, follow, max-snippet:-1, max-image-preview:large, max-video-preview:-1\" \/>\n<link rel=\"canonical\" href=\"https:\/\/kgerad.de\/en\/product\/univega-geo-light-b-highline-bosch-elektro-fahrrad-2\/\" \/>\n<meta property=\"og:locale\" content=\"en_US\" \/>\n<meta property=\"og:type\" content=\"article\" \/>\n<meta property=\"og:title\" content=\"Univega Geo Light B Highline Bosch Elektro Fahrrad\" \/>\n<meta property=\"og:description\" content=\"Entdecken Sie unseren Online-Fahrradladen: Gro\u00dfe Auswahl an Modellen f\u00fcr alle Radsportbegeisterten. Von Rennr\u00e4dern bis zu Mountainbikes - finden Sie heute Ihren perfekten Wegbegleiter!\" \/>\n<meta property=\"og:url\" content=\"https:\/\/kgerad.de\/en\/product\/univega-geo-light-b-highline-bosch-elektro-fahrrad-2\/\" \/>\n<meta property=\"og:site_name\" content=\"kgerad.de\" \/>\n<meta property=\"article:modified_time\" content=\"2023-08-11T10:44:56+00:00\" \/>\n<meta property=\"og:image\" content=\"https:\/\/kgerad.de\/wp-content\/uploads\/2023\/06\/Geo-Light-B-Highline-Herren-500Wh_43812-1-1.jpg\" \/>\n\t<meta property=\"og:image:width\" content=\"1500\" \/>\n\t<meta property=\"og:image:height\" content=\"944\" \/>\n\t<meta property=\"og:image:type\" content=\"image\/jpeg\" \/>\n<meta name=\"twitter:card\" content=\"summary_large_image\" \/>\n<meta name=\"twitter:label1\" content=\"Est. reading time\" \/>\n\t<meta name=\"twitter:data1\" content=\"2 minutes\" \/>\n<script type=\"application\/ld+json\" class=\"yoast-schema-graph\">{\"@context\":\"https:\/\/schema.org\",\"@graph\":[{\"@type\":\"WebPage\",\"@id\":\"https:\/\/kgerad.de\/produkt\/univega-geo-light-b-highline-bosch-elektro-fahrrad-2\/\",\"url\":\"https:\/\/kgerad.de\/produkt\/univega-geo-light-b-highline-bosch-elektro-fahrrad-2\/\",\"name\":\"Univega Geo Light B Highline Bosch Elektro Fahrrad\",\"isPartOf\":{\"@id\":\"https:\/\/kgerad.de\/#website\"},\"primaryImageOfPage\":{\"@id\":\"https:\/\/kgerad.de\/produkt\/univega-geo-light-b-highline-bosch-elektro-fahrrad-2\/#primaryimage\"},\"image\":{\"@id\":\"https:\/\/kgerad.de\/produkt\/univega-geo-light-b-highline-bosch-elektro-fahrrad-2\/#primaryimage\"},\"thumbnailUrl\":\"https:\/\/kgerad.de\/wp-content\/uploads\/2023\/06\/Geo-Light-B-Highline-Herren-500Wh_43812-1-1.jpg\",\"datePublished\":\"2022-11-09T09:08:52+00:00\",\"dateModified\":\"2023-08-11T10:44:56+00:00\",\"description\":\"Entdecken Sie unseren Online-Fahrradladen: Gro\u00dfe Auswahl an Modellen f\u00fcr alle Radsportbegeisterten. Von Rennr\u00e4dern bis zu Mountainbikes - finden Sie heute Ihren perfekten Wegbegleiter!\",\"breadcrumb\":{\"@id\":\"https:\/\/kgerad.de\/produkt\/univega-geo-light-b-highline-bosch-elektro-fahrrad-2\/#breadcrumb\"},\"inLanguage\":\"en-US\",\"potentialAction\":[{\"@type\":\"ReadAction\",\"target\":[\"https:\/\/kgerad.de\/produkt\/univega-geo-light-b-highline-bosch-elektro-fahrrad-2\/\"]}]},{\"@type\":\"ImageObject\",\"inLanguage\":\"en-US\",\"@id\":\"https:\/\/kgerad.de\/produkt\/univega-geo-light-b-highline-bosch-elektro-fahrrad-2\/#primaryimage\",\"url\":\"https:\/\/kgerad.de\/wp-content\/uploads\/2023\/06\/Geo-Light-B-Highline-Herren-500Wh_43812-1-1.jpg\",\"contentUrl\":\"https:\/\/kgerad.de\/wp-content\/uploads\/2023\/06\/Geo-Light-B-Highline-Herren-500Wh_43812-1-1.jpg\",\"width\":1500,\"height\":944,\"caption\":\"Univega Geo Light B Highline Bosch Elektro Fahrrad\"},{\"@type\":\"BreadcrumbList\",\"@id\":\"https:\/\/kgerad.de\/produkt\/univega-geo-light-b-highline-bosch-elektro-fahrrad-2\/#breadcrumb\",\"itemListElement\":[{\"@type\":\"ListItem\",\"position\":1,\"name\":\"Startseite\",\"item\":\"https:\/\/kgerad.de\/\"},{\"@type\":\"ListItem\",\"position\":2,\"name\":\"LADEN\",\"item\":\"https:\/\/kgerad.de\/laden\/\"},{\"@type\":\"ListItem\",\"position\":3,\"name\":\"Univega Geo Light B Highline Bosch Elektro Fahrrad\"}]},{\"@type\":\"WebSite\",\"@id\":\"https:\/\/kgerad.de\/#website\",\"url\":\"https:\/\/kgerad.de\/\",\"name\":\"kgerad.de\",\"description\":\"Treten Sie mit uns ins Abenteuer!\",\"publisher\":{\"@id\":\"https:\/\/kgerad.de\/#organization\"},\"alternateName\":\"MEIN RADLADEN\",\"potentialAction\":[{\"@type\":\"SearchAction\",\"target\":{\"@type\":\"EntryPoint\",\"urlTemplate\":\"https:\/\/kgerad.de\/?s={search_term_string}\"},\"query-input\":{\"@type\":\"PropertyValueSpecification\",\"valueRequired\":true,\"valueName\":\"search_term_string\"}}],\"inLanguage\":\"en-US\"},{\"@type\":\"Organization\",\"@id\":\"https:\/\/kgerad.de\/#organization\",\"name\":\"MEINRADLADEN\",\"alternateName\":\"MEIN RADLADEN\",\"url\":\"https:\/\/kgerad.de\/\",\"logo\":{\"@type\":\"ImageObject\",\"inLanguage\":\"en-US\",\"@id\":\"https:\/\/kgerad.de\/#\/schema\/logo\/image\/\",\"url\":\"https:\/\/kgerad.de\/wp-content\/uploads\/2025\/07\/logo-Whit.svg\",\"contentUrl\":\"https:\/\/kgerad.de\/wp-content\/uploads\/2025\/07\/logo-Whit.svg\",\"width\":1640,\"height\":371,\"caption\":\"MEINRADLADEN\"},\"image\":{\"@id\":\"https:\/\/kgerad.de\/#\/schema\/logo\/image\/\"}}]}<\/script>\n<!-- \/ Yoast SEO Premium plugin. -->","yoast_head_json":{"title":"Univega Geo Light B Highline Bosch Elektro Fahrrad","description":"Entdecken Sie unseren Online-Fahrradladen: Gro\u00dfe Auswahl an Modellen f\u00fcr alle Radsportbegeisterten. Von Rennr\u00e4dern bis zu Mountainbikes - finden Sie heute Ihren perfekten Wegbegleiter!","robots":{"index":"index","follow":"follow","max-snippet":"max-snippet:-1","max-image-preview":"max-image-preview:large","max-video-preview":"max-video-preview:-1"},"canonical":"https:\/\/kgerad.de\/en\/product\/univega-geo-light-b-highline-bosch-elektro-fahrrad-2\/","og_locale":"en_US","og_type":"article","og_title":"Univega Geo Light B Highline Bosch Elektro Fahrrad","og_description":"Entdecken Sie unseren Online-Fahrradladen: Gro\u00dfe Auswahl an Modellen f\u00fcr alle Radsportbegeisterten. Von Rennr\u00e4dern bis zu Mountainbikes - finden Sie heute Ihren perfekten Wegbegleiter!","og_url":"https:\/\/kgerad.de\/en\/product\/univega-geo-light-b-highline-bosch-elektro-fahrrad-2\/","og_site_name":"kgerad.de","article_modified_time":"2023-08-11T10:44:56+00:00","og_image":[{"width":1500,"height":944,"url":"https:\/\/kgerad.de\/wp-content\/uploads\/2023\/06\/Geo-Light-B-Highline-Herren-500Wh_43812-1-1.jpg","type":"image\/jpeg"}],"twitter_card":"summary_large_image","twitter_misc":{"Est. reading time":"2 minutes"},"schema":{"@context":"https:\/\/schema.org","@graph":[{"@type":"WebPage","@id":"https:\/\/kgerad.de\/produkt\/univega-geo-light-b-highline-bosch-elektro-fahrrad-2\/","url":"https:\/\/kgerad.de\/produkt\/univega-geo-light-b-highline-bosch-elektro-fahrrad-2\/","name":"Univega Geo Light B Highline Bosch Elektro Fahrrad","isPartOf":{"@id":"https:\/\/kgerad.de\/#website"},"primaryImageOfPage":{"@id":"https:\/\/kgerad.de\/produkt\/univega-geo-light-b-highline-bosch-elektro-fahrrad-2\/#primaryimage"},"image":{"@id":"https:\/\/kgerad.de\/produkt\/univega-geo-light-b-highline-bosch-elektro-fahrrad-2\/#primaryimage"},"thumbnailUrl":"https:\/\/kgerad.de\/wp-content\/uploads\/2023\/06\/Geo-Light-B-Highline-Herren-500Wh_43812-1-1.jpg","datePublished":"2022-11-09T09:08:52+00:00","dateModified":"2023-08-11T10:44:56+00:00","description":"Entdecken Sie unseren Online-Fahrradladen: Gro\u00dfe Auswahl an Modellen f\u00fcr alle Radsportbegeisterten. Von Rennr\u00e4dern bis zu Mountainbikes - finden Sie heute Ihren perfekten Wegbegleiter!","breadcrumb":{"@id":"https:\/\/kgerad.de\/produkt\/univega-geo-light-b-highline-bosch-elektro-fahrrad-2\/#breadcrumb"},"inLanguage":"en-US","potentialAction":[{"@type":"ReadAction","target":["https:\/\/kgerad.de\/produkt\/univega-geo-light-b-highline-bosch-elektro-fahrrad-2\/"]}]},{"@type":"ImageObject","inLanguage":"en-US","@id":"https:\/\/kgerad.de\/produkt\/univega-geo-light-b-highline-bosch-elektro-fahrrad-2\/#primaryimage","url":"https:\/\/kgerad.de\/wp-content\/uploads\/2023\/06\/Geo-Light-B-Highline-Herren-500Wh_43812-1-1.jpg","contentUrl":"https:\/\/kgerad.de\/wp-content\/uploads\/2023\/06\/Geo-Light-B-Highline-Herren-500Wh_43812-1-1.jpg","width":1500,"height":944,"caption":"Univega Geo Light B Highline Bosch Elektro Fahrrad"},{"@type":"BreadcrumbList","@id":"https:\/\/kgerad.de\/produkt\/univega-geo-light-b-highline-bosch-elektro-fahrrad-2\/#breadcrumb","itemListElement":[{"@type":"ListItem","position":1,"name":"Startseite","item":"https:\/\/kgerad.de\/"},{"@type":"ListItem","position":2,"name":"LADEN","item":"https:\/\/kgerad.de\/laden\/"},{"@type":"ListItem","position":3,"name":"Univega Geo Light B Highline Bosch Elektro Fahrrad"}]},{"@type":"WebSite","@id":"https:\/\/kgerad.de\/#website","url":"https:\/\/kgerad.de\/","name":"kgerad.de","description":"Treten Sie mit uns ins Abenteuer!","publisher":{"@id":"https:\/\/kgerad.de\/#organization"},"alternateName":"MEIN RADLADEN","potentialAction":[{"@type":"SearchAction","target":{"@type":"EntryPoint","urlTemplate":"https:\/\/kgerad.de\/?s={search_term_string}"},"query-input":{"@type":"PropertyValueSpecification","valueRequired":true,"valueName":"search_term_string"}}],"inLanguage":"en-US"},{"@type":"Organization","@id":"https:\/\/kgerad.de\/#organization","name":"MEINRADLADEN","alternateName":"MEIN RADLADEN","url":"https:\/\/kgerad.de\/","logo":{"@type":"ImageObject","inLanguage":"en-US","@id":"https:\/\/kgerad.de\/#\/schema\/logo\/image\/","url":"https:\/\/kgerad.de\/wp-content\/uploads\/2025\/07\/logo-Whit.svg","contentUrl":"https:\/\/kgerad.de\/wp-content\/uploads\/2025\/07\/logo-Whit.svg","width":1640,"height":371,"caption":"MEINRADLADEN"},"image":{"@id":"https:\/\/kgerad.de\/#\/schema\/logo\/image\/"}}]}},"_links":{"self":[{"href":"https:\/\/kgerad.de\/en\/wp-json\/wp\/v2\/product\/39364","targetHints":{"allow":["GET"]}}],"collection":[{"href":"https:\/\/kgerad.de\/en\/wp-json\/wp\/v2\/product"}],"about":[{"href":"https:\/\/kgerad.de\/en\/wp-json\/wp\/v2\/types\/product"}],"replies":[{"embeddable":true,"href":"https:\/\/kgerad.de\/en\/wp-json\/wp\/v2\/comments?post=39364"}],"version-history":[{"count":1,"href":"https:\/\/kgerad.de\/en\/wp-json\/wp\/v2\/product\/39364\/revisions"}],"predecessor-version":[{"id":79606,"href":"https:\/\/kgerad.de\/en\/wp-json\/wp\/v2\/product\/39364\/revisions\/79606"}],"wp:featuredmedia":[{"embeddable":true,"href":"https:\/\/kgerad.de\/en\/wp-json\/wp\/v2\/media\/61550"}],"wp:attachment":[{"href":"https:\/\/kgerad.de\/en\/wp-json\/wp\/v2\/media?parent=39364"}],"wp:term":[{"taxonomy":"product_brand","embeddable":true,"href":"https:\/\/kgerad.de\/en\/wp-json\/wp\/v2\/product_brand?post=39364"},{"taxonomy":"product_cat","embeddable":true,"href":"https:\/\/kgerad.de\/en\/wp-json\/wp\/v2\/product_cat?post=39364"},{"taxonomy":"product_tag","embeddable":true,"href":"https:\/\/kgerad.de\/en\/wp-json\/wp\/v2\/product_tag?post=39364"}],"curies":[{"name":"wp","href":"https:\/\/api.w.org\/{rel}","templated":true}]}}