{"id":39307,"date":"2022-11-09T08:56:37","date_gmt":"2022-11-09T07:56:37","guid":{"rendered":"https:\/\/kgerad.de\/?post_type=product&#038;p=39307"},"modified":"2023-08-11T12:54:23","modified_gmt":"2023-08-11T10:54:23","slug":"rabeneick-tx-e-singlespeed-bafang-252wh-disc-gates-schwarz","status":"publish","type":"product","link":"https:\/\/kgerad.de\/en\/product\/rabeneick-tx-e-singlespeed-bafang-252wh-disc-gates-schwarz\/","title":{"rendered":"Rabeneick TX-E Singlespeed \/ Bafang \/ 252Wh \/ Disc \/ Gates schwarz"},"content":{"rendered":"<h2>Rabeneick TX-E Singlespeed \/ Bafang \/ 252Wh \/ Disc \/ Gates schwarz<\/h2>\n<div data-axite-container=\"1\" data-axite-uuid=\"e975277f-d04e-418d-a6da-fe909dd45989\" data-axite-id=\"1b10f466-b895-4cf9-a65d-8f61a31e2a22\">\n<p>Rabeneick TX-E Singlespeed \/ Bafang \/ 252Wh \/ Disc \/ Gates Wer ein gut aussehendes E-Cityrad mit angemessenem Verh\u00e4ltnis von gezahltem Betrag zu erbrachter Leistung sucht, findet mit dem TX-E Singlespeed \/ Bafang \/ 252Wh \/ Disc \/ Gates etwas Passendes.<br \/>\nDas Rad aus dem Modelljahr 2021 wiegt 18,6 kg. Um m\u00f6glichst viel Gewicht einzusparen wurde Aluminium als Rahmenmaterial bei dem Rahmen benutzt. In der Nabe des hinteren Laufrades befindet sich der sogenannte Hinterradmotor, er ist vergleichsweise ger\u00e4uscharm da er \u00fcber kein internes Getriebe verf\u00fcgt. Er bietet mit 250 Watt eine verl\u00e4ssliche Unterst\u00fctzung bei einer Geschwindigkeit bis zu 25 km\/h. Der Akku ist mit seinen 252 Wh ausreichend f\u00fcr kleine Strecken in der Stadt.<\/p>\n<p>Selbstverst\u00e4ndlich kommt das dazugeh\u00f6rige Ladeger\u00e4t gleich mit.<\/p>\n<p>Falls Fragen auftauchen oder Sie mit der Rahmenh\u00f6he unsicher sind, bitten wir Sie um einen Anruf oder schreiben Sie eine E-Mail, wir beraten Sie gerne.<\/p>\n<\/div>\n<p>&nbsp;<\/p>\n<p>Bitte beachten Sie, dass eventuell angegebene Reichweiten nur ca. Angaben entsprechen. Die tats\u00e4chliche Reichweite kann abweichen und je nach gew\u00e4hlter Unterst\u00fctzungsstufe, der Streckentopografie, dem Gewicht des Fahrers, den Wetterverh\u00e4ltnissen und anderer Faktoren niedriger oder h\u00f6her ausfallen.<\/p>\n<h2>Ausstattung<\/h2>\n<div class=\"widgetBoxBottomRound\">\n<div id=\"attributes\" class=\"ui-tabs-panel ui-widget-content ui-corner-bottom\" role=\"tabpanel\" aria-labelledby=\"ui-id-1\" aria-expanded=\"true\" aria-hidden=\"false\">\n<table class=\"attributes\">\n<tbody>\n<tr>\n<th id=\"attrTitle_1\"><strong>Gewicht<\/strong><\/th>\n<td id=\"attrValue_1\">18.60<\/td>\n<\/tr>\n<tr>\n<th id=\"attrTitle_2\"><strong>Farbe<\/strong><\/th>\n<td id=\"attrValue_2\">schwarz matt<\/td>\n<\/tr>\n<tr>\n<th id=\"attrTitle_3\"><strong>Rahmenform<\/strong><\/th>\n<td id=\"attrValue_3\">Diamant<\/td>\n<\/tr>\n<tr>\n<th id=\"attrTitle_4\"><strong>Durchmesser Scheibenbremse hinten<\/strong><\/th>\n<td id=\"attrValue_4\">160.00<\/td>\n<\/tr>\n<tr>\n<th id=\"attrTitle_5\"><strong>Durchmesser Scheibenbremse vorn<\/strong><\/th>\n<td id=\"attrValue_5\">160.00<\/td>\n<\/tr>\n<tr>\n<th id=\"attrTitle_6\"><strong>Ganganzahl<\/strong><\/th>\n<td id=\"attrValue_6\">1<\/td>\n<\/tr>\n<tr>\n<th id=\"attrTitle_7\"><strong>Motorposition<\/strong><\/th>\n<td id=\"attrValue_7\">Heckmotor<\/td>\n<\/tr>\n<tr>\n<th id=\"attrTitle_8\"><strong>Gabelhersteller<\/strong><\/th>\n<td id=\"attrValue_8\">Rabeneick<\/td>\n<\/tr>\n<tr>\n<th id=\"attrTitle_9\"><strong>Akkuposition<\/strong><\/th>\n<td id=\"attrValue_9\">intube<\/td>\n<\/tr>\n<tr>\n<th id=\"attrTitle_10\"><strong>Federung<\/strong><\/th>\n<td id=\"attrValue_10\">starr<\/td>\n<\/tr>\n<tr>\n<th id=\"attrTitle_11\"><strong>Schaltart<\/strong><\/th>\n<td id=\"attrValue_11\">Nabenschaltung<\/td>\n<\/tr>\n<tr>\n<th id=\"attrTitle_12\"><strong>Bremssystem<\/strong><\/th>\n<td id=\"attrValue_12\">Scheibenbremse<\/td>\n<\/tr>\n<tr>\n<th id=\"attrTitle_13\"><strong>Rahmenmaterial<\/strong><\/th>\n<td id=\"attrValue_13\">Aluminium<\/td>\n<\/tr>\n<tr>\n<th id=\"attrTitle_14\"><strong>Schaltung<\/strong><\/th>\n<td id=\"attrValue_14\">Shimano BR-MT200 (160 mm)<\/td>\n<\/tr>\n<tr>\n<th id=\"attrTitle_15\"><strong>Beleuchtung<\/strong><\/th>\n<td id=\"attrValue_15\">Herrmans MR8-E, 60 LUX mit Standlicht<\/td>\n<\/tr>\n<tr>\n<th id=\"attrTitle_16\"><strong>Motorart<\/strong><\/th>\n<td id=\"attrValue_16\">Bafang H400B, 36 Hinterradmotor, 250 Watt<\/td>\n<\/tr>\n<tr>\n<th id=\"attrTitle_17\"><strong>Sattel<\/strong><\/th>\n<td id=\"attrValue_17\">Selle Royal Asphalt<\/td>\n<\/tr>\n<tr>\n<th id=\"attrTitle_18\"><strong>Gabel<\/strong><\/th>\n<td id=\"attrValue_18\">28&#8243; Aluminium Gabel, 28&#8243; Aluminium<\/td>\n<\/tr>\n<tr>\n<th id=\"attrTitle_19\"><strong>R\u00fcckleuchte<\/strong><\/th>\n<td id=\"attrValue_19\">Supernova E3 Tail Light, mit Standlicht<\/td>\n<\/tr>\n<tr>\n<th id=\"attrTitle_20\"><strong>Lenker<\/strong><\/th>\n<td id=\"attrValue_20\">Levelnine Race Flat Bar, Aluminium, 9\u00b0, 660 mm<\/td>\n<\/tr>\n<tr>\n<th id=\"attrTitle_21\"><strong>Gep\u00e4cktr\u00e4ger<\/strong><\/th>\n<td id=\"attrValue_21\">Wingee Packtaschenb\u00fcgel, Aluminium<\/td>\n<\/tr>\n<tr>\n<th id=\"attrTitle_22\"><strong>Bremshebel<\/strong><\/th>\n<td id=\"attrValue_22\">Shimano Altus, 3-Finger Bremshebel<\/td>\n<\/tr>\n<tr>\n<th id=\"attrTitle_23\"><strong>Display<\/strong><\/th>\n<td id=\"attrValue_23\">Displayfunktion \u00fcber App am Smartphone m\u00f6glich<\/td>\n<\/tr>\n<tr>\n<th id=\"attrTitle_24\"><strong>Kette<\/strong><\/th>\n<td id=\"attrValue_24\">Gates CDN-Antriebsriemen<\/td>\n<\/tr>\n<tr>\n<th id=\"attrTitle_25\"><strong>Speichen<\/strong><\/th>\n<td id=\"attrValue_25\">Niro 2 mm, schwarz<\/td>\n<\/tr>\n<tr>\n<th id=\"attrTitle_26\"><strong>Pedale<\/strong><\/th>\n<td id=\"attrValue_26\">Marwi SP-823<\/td>\n<\/tr>\n<tr>\n<th id=\"attrTitle_27\"><strong>Vorbau<\/strong><\/th>\n<td id=\"attrValue_27\">Promax DA-250, Aluminium<\/td>\n<\/tr>\n<tr>\n<th id=\"attrTitle_28\"><strong>Schutzbleche<\/strong><\/th>\n<td id=\"attrValue_28\">Wingee mit Packtaschenb\u00fcgel, Aluminium<\/td>\n<\/tr>\n<tr>\n<th id=\"attrTitle_29\"><strong>Zahnkr\u00e4nze<\/strong><\/th>\n<td id=\"attrValue_29\">Gates CDX Riemenscheibe, 20 Z\u00e4hne<\/td>\n<\/tr>\n<tr>\n<th id=\"attrTitle_30\"><strong>Innenlager<\/strong><\/th>\n<td id=\"attrValue_30\">Bafang Drehmomentsensor<\/td>\n<\/tr>\n<tr>\n<th id=\"attrTitle_31\"><strong>Naben<\/strong><\/th>\n<td id=\"attrValue_31\">Shimano HB-TX505, Bafang G20 Hinterradmotor<\/td>\n<\/tr>\n<tr>\n<th id=\"attrTitle_32\"><strong>Sattelst\u00fctze<\/strong><\/th>\n<td id=\"attrValue_32\">Kalloy SP-DC1, patent, Aluminium, 31,6 mm, 300 mm<\/td>\n<\/tr>\n<tr>\n<th id=\"attrTitle_33\"><strong>Steuersatz<\/strong><\/th>\n<td id=\"attrValue_33\">FSA, 1 1\/8\u201c semi-integriert<\/td>\n<\/tr>\n<tr>\n<th id=\"attrTitle_34\"><strong>St\u00e4nder<\/strong><\/th>\n<td id=\"attrValue_34\">Pletscher Comp Zoom, Hinterbaust\u00e4nder<\/td>\n<\/tr>\n<tr>\n<th id=\"attrTitle_35\"><strong>Griffe<\/strong><\/th>\n<td id=\"attrValue_35\">Herrmans Grit D33, mit Schraubklemmung<\/td>\n<\/tr>\n<tr>\n<th id=\"attrTitle_36\"><strong>Kurbelsatz<\/strong><\/th>\n<td id=\"attrValue_36\">Lasco Aluminium, 170 mm<\/td>\n<\/tr>\n<tr>\n<th id=\"attrTitle_37\"><strong>Felgen<\/strong><\/th>\n<td id=\"attrValue_37\">Mach1 Gravel Aluminium Hohlkammer<\/td>\n<\/tr>\n<tr>\n<th id=\"attrTitle_38\"><strong>Akkuleistung (Wh)<\/strong><\/th>\n<td id=\"attrValue_38\">252<\/td>\n<\/tr>\n<tr>\n<th id=\"attrTitle_39\"><strong>Akku<\/strong><\/th>\n<td id=\"attrValue_39\">Greenway Rahmenakku vollintegriert, Lithium Ionen<\/td>\n<\/tr>\n<tr>\n<th id=\"attrTitle_40\"><strong>Modelljahr<\/strong><\/th>\n<td id=\"attrValue_40\">2021<\/td>\n<\/tr>\n<tr>\n<th id=\"attrTitle_41\"><strong>Kategorie<\/strong><\/th>\n<td id=\"attrValue_41\">City\/Urban \/ E-Bikes \/ Pedelecs<\/td>\n<\/tr>\n<tr>\n<th id=\"attrTitle_42\"><strong>Zustand<\/strong><\/th>\n<td id=\"attrValue_42\">neu<\/td>\n<\/tr>\n<\/tbody>\n<\/table>\n<\/div>\n<\/div>","protected":false},"excerpt":{"rendered":"<p>Rabeneick TX-E Singlespeed \/ Bafang \/ 252Wh \/ Disc \/ Gates schwarz Rabeneick TX-E Singlespeed \/ Bafang \/ 252Wh \/<\/p>","protected":false},"featured_media":61531,"comment_status":"open","ping_status":"closed","template":"","meta":[],"product_brand":[],"product_cat":[33,247],"product_tag":[],"class_list":{"0":"post-39307","1":"product","2":"type-product","3":"status-publish","4":"has-post-thumbnail","6":"product_cat-e-bike","7":"product_cat-e-bike-trekking","8":"pa_marke-rabeneick","10":"first","11":"instock","12":"sale","13":"taxable","14":"shipping-taxable","15":"purchasable","16":"product-type-variable"},"yoast_head":"<!-- This site is optimized with the Yoast SEO Premium plugin v20.12 (Yoast SEO v27.1.1) - https:\/\/yoast.com\/product\/yoast-seo-premium-wordpress\/ -->\n<title>Rabeneick TX-E Singlespeed \/ Bafang \/ 252Wh \/ Disc \/ Gates schwarz<\/title>\n<meta name=\"description\" content=\"Entdecken Sie unseren Online-Fahrradladen: Gro\u00dfe Auswahl an Modellen f\u00fcr alle Radsportbegeisterten. Von Rennr\u00e4dern bis zu Mountainbikes - finden Sie heute Ihren perfekten Wegbegleiter!\" \/>\n<meta name=\"robots\" content=\"index, follow, max-snippet:-1, max-image-preview:large, max-video-preview:-1\" \/>\n<link rel=\"canonical\" href=\"https:\/\/kgerad.de\/en\/product\/rabeneick-tx-e-singlespeed-bafang-252wh-disc-gates-schwarz\/\" \/>\n<meta property=\"og:locale\" content=\"en_US\" \/>\n<meta property=\"og:type\" content=\"article\" \/>\n<meta property=\"og:title\" content=\"Rabeneick TX-E Singlespeed \/ Bafang \/ 252Wh \/ Disc \/ Gates schwarz\" \/>\n<meta property=\"og:description\" content=\"Entdecken Sie unseren Online-Fahrradladen: Gro\u00dfe Auswahl an Modellen f\u00fcr alle Radsportbegeisterten. Von Rennr\u00e4dern bis zu Mountainbikes - finden Sie heute Ihren perfekten Wegbegleiter!\" \/>\n<meta property=\"og:url\" content=\"https:\/\/kgerad.de\/en\/product\/rabeneick-tx-e-singlespeed-bafang-252wh-disc-gates-schwarz\/\" \/>\n<meta property=\"og:site_name\" content=\"kgerad.de\" \/>\n<meta property=\"article:modified_time\" content=\"2023-08-11T10:54:23+00:00\" \/>\n<meta property=\"og:image\" content=\"https:\/\/kgerad.de\/wp-content\/uploads\/2023\/06\/TX-E_Dia_schwarz-matt.jpg\" \/>\n\t<meta property=\"og:image:width\" content=\"1920\" \/>\n\t<meta property=\"og:image:height\" content=\"1200\" \/>\n\t<meta property=\"og:image:type\" content=\"image\/jpeg\" \/>\n<meta name=\"twitter:card\" content=\"summary_large_image\" \/>\n<meta name=\"twitter:label1\" content=\"Est. reading time\" \/>\n\t<meta name=\"twitter:data1\" content=\"3 minutes\" \/>\n<script type=\"application\/ld+json\" class=\"yoast-schema-graph\">{\"@context\":\"https:\/\/schema.org\",\"@graph\":[{\"@type\":\"WebPage\",\"@id\":\"https:\/\/kgerad.de\/produkt\/rabeneick-tx-e-singlespeed-bafang-252wh-disc-gates-schwarz\/\",\"url\":\"https:\/\/kgerad.de\/produkt\/rabeneick-tx-e-singlespeed-bafang-252wh-disc-gates-schwarz\/\",\"name\":\"Rabeneick TX-E Singlespeed \/ Bafang \/ 252Wh \/ Disc \/ Gates schwarz\",\"isPartOf\":{\"@id\":\"https:\/\/kgerad.de\/#website\"},\"primaryImageOfPage\":{\"@id\":\"https:\/\/kgerad.de\/produkt\/rabeneick-tx-e-singlespeed-bafang-252wh-disc-gates-schwarz\/#primaryimage\"},\"image\":{\"@id\":\"https:\/\/kgerad.de\/produkt\/rabeneick-tx-e-singlespeed-bafang-252wh-disc-gates-schwarz\/#primaryimage\"},\"thumbnailUrl\":\"https:\/\/kgerad.de\/wp-content\/uploads\/2023\/06\/TX-E_Dia_schwarz-matt.jpg\",\"datePublished\":\"2022-11-09T07:56:37+00:00\",\"dateModified\":\"2023-08-11T10:54:23+00:00\",\"description\":\"Entdecken Sie unseren Online-Fahrradladen: Gro\u00dfe Auswahl an Modellen f\u00fcr alle Radsportbegeisterten. Von Rennr\u00e4dern bis zu Mountainbikes - finden Sie heute Ihren perfekten Wegbegleiter!\",\"breadcrumb\":{\"@id\":\"https:\/\/kgerad.de\/produkt\/rabeneick-tx-e-singlespeed-bafang-252wh-disc-gates-schwarz\/#breadcrumb\"},\"inLanguage\":\"en-US\",\"potentialAction\":[{\"@type\":\"ReadAction\",\"target\":[\"https:\/\/kgerad.de\/produkt\/rabeneick-tx-e-singlespeed-bafang-252wh-disc-gates-schwarz\/\"]}]},{\"@type\":\"ImageObject\",\"inLanguage\":\"en-US\",\"@id\":\"https:\/\/kgerad.de\/produkt\/rabeneick-tx-e-singlespeed-bafang-252wh-disc-gates-schwarz\/#primaryimage\",\"url\":\"https:\/\/kgerad.de\/wp-content\/uploads\/2023\/06\/TX-E_Dia_schwarz-matt.jpg\",\"contentUrl\":\"https:\/\/kgerad.de\/wp-content\/uploads\/2023\/06\/TX-E_Dia_schwarz-matt.jpg\",\"width\":1920,\"height\":1200,\"caption\":\"Rabeneick TX-E Singlespeed \/ Bafang \/ 252Wh \/ Disc \/ Gates schwarz\"},{\"@type\":\"BreadcrumbList\",\"@id\":\"https:\/\/kgerad.de\/produkt\/rabeneick-tx-e-singlespeed-bafang-252wh-disc-gates-schwarz\/#breadcrumb\",\"itemListElement\":[{\"@type\":\"ListItem\",\"position\":1,\"name\":\"Startseite\",\"item\":\"https:\/\/kgerad.de\/\"},{\"@type\":\"ListItem\",\"position\":2,\"name\":\"LADEN\",\"item\":\"https:\/\/kgerad.de\/laden\/\"},{\"@type\":\"ListItem\",\"position\":3,\"name\":\"Rabeneick TX-E Singlespeed \/ Bafang \/ 252Wh \/ Disc \/ Gates schwarz\"}]},{\"@type\":\"WebSite\",\"@id\":\"https:\/\/kgerad.de\/#website\",\"url\":\"https:\/\/kgerad.de\/\",\"name\":\"kgerad.de\",\"description\":\"Treten Sie mit uns ins Abenteuer!\",\"publisher\":{\"@id\":\"https:\/\/kgerad.de\/#organization\"},\"alternateName\":\"MEIN RADLADEN\",\"potentialAction\":[{\"@type\":\"SearchAction\",\"target\":{\"@type\":\"EntryPoint\",\"urlTemplate\":\"https:\/\/kgerad.de\/?s={search_term_string}\"},\"query-input\":{\"@type\":\"PropertyValueSpecification\",\"valueRequired\":true,\"valueName\":\"search_term_string\"}}],\"inLanguage\":\"en-US\"},{\"@type\":\"Organization\",\"@id\":\"https:\/\/kgerad.de\/#organization\",\"name\":\"MEINRADLADEN\",\"alternateName\":\"MEIN RADLADEN\",\"url\":\"https:\/\/kgerad.de\/\",\"logo\":{\"@type\":\"ImageObject\",\"inLanguage\":\"en-US\",\"@id\":\"https:\/\/kgerad.de\/#\/schema\/logo\/image\/\",\"url\":\"https:\/\/kgerad.de\/wp-content\/uploads\/2025\/07\/logo-Whit.svg\",\"contentUrl\":\"https:\/\/kgerad.de\/wp-content\/uploads\/2025\/07\/logo-Whit.svg\",\"width\":1640,\"height\":371,\"caption\":\"MEINRADLADEN\"},\"image\":{\"@id\":\"https:\/\/kgerad.de\/#\/schema\/logo\/image\/\"}}]}<\/script>\n<!-- \/ Yoast SEO Premium plugin. -->","yoast_head_json":{"title":"Rabeneick TX-E Singlespeed \/ Bafang \/ 252Wh \/ Disc \/ Gates schwarz","description":"Entdecken Sie unseren Online-Fahrradladen: Gro\u00dfe Auswahl an Modellen f\u00fcr alle Radsportbegeisterten. Von Rennr\u00e4dern bis zu Mountainbikes - finden Sie heute Ihren perfekten Wegbegleiter!","robots":{"index":"index","follow":"follow","max-snippet":"max-snippet:-1","max-image-preview":"max-image-preview:large","max-video-preview":"max-video-preview:-1"},"canonical":"https:\/\/kgerad.de\/en\/product\/rabeneick-tx-e-singlespeed-bafang-252wh-disc-gates-schwarz\/","og_locale":"en_US","og_type":"article","og_title":"Rabeneick TX-E Singlespeed \/ Bafang \/ 252Wh \/ Disc \/ Gates schwarz","og_description":"Entdecken Sie unseren Online-Fahrradladen: Gro\u00dfe Auswahl an Modellen f\u00fcr alle Radsportbegeisterten. Von Rennr\u00e4dern bis zu Mountainbikes - finden Sie heute Ihren perfekten Wegbegleiter!","og_url":"https:\/\/kgerad.de\/en\/product\/rabeneick-tx-e-singlespeed-bafang-252wh-disc-gates-schwarz\/","og_site_name":"kgerad.de","article_modified_time":"2023-08-11T10:54:23+00:00","og_image":[{"width":1920,"height":1200,"url":"https:\/\/kgerad.de\/wp-content\/uploads\/2023\/06\/TX-E_Dia_schwarz-matt.jpg","type":"image\/jpeg"}],"twitter_card":"summary_large_image","twitter_misc":{"Est. reading time":"3 minutes"},"schema":{"@context":"https:\/\/schema.org","@graph":[{"@type":"WebPage","@id":"https:\/\/kgerad.de\/produkt\/rabeneick-tx-e-singlespeed-bafang-252wh-disc-gates-schwarz\/","url":"https:\/\/kgerad.de\/produkt\/rabeneick-tx-e-singlespeed-bafang-252wh-disc-gates-schwarz\/","name":"Rabeneick TX-E Singlespeed \/ Bafang \/ 252Wh \/ Disc \/ Gates schwarz","isPartOf":{"@id":"https:\/\/kgerad.de\/#website"},"primaryImageOfPage":{"@id":"https:\/\/kgerad.de\/produkt\/rabeneick-tx-e-singlespeed-bafang-252wh-disc-gates-schwarz\/#primaryimage"},"image":{"@id":"https:\/\/kgerad.de\/produkt\/rabeneick-tx-e-singlespeed-bafang-252wh-disc-gates-schwarz\/#primaryimage"},"thumbnailUrl":"https:\/\/kgerad.de\/wp-content\/uploads\/2023\/06\/TX-E_Dia_schwarz-matt.jpg","datePublished":"2022-11-09T07:56:37+00:00","dateModified":"2023-08-11T10:54:23+00:00","description":"Entdecken Sie unseren Online-Fahrradladen: Gro\u00dfe Auswahl an Modellen f\u00fcr alle Radsportbegeisterten. Von Rennr\u00e4dern bis zu Mountainbikes - finden Sie heute Ihren perfekten Wegbegleiter!","breadcrumb":{"@id":"https:\/\/kgerad.de\/produkt\/rabeneick-tx-e-singlespeed-bafang-252wh-disc-gates-schwarz\/#breadcrumb"},"inLanguage":"en-US","potentialAction":[{"@type":"ReadAction","target":["https:\/\/kgerad.de\/produkt\/rabeneick-tx-e-singlespeed-bafang-252wh-disc-gates-schwarz\/"]}]},{"@type":"ImageObject","inLanguage":"en-US","@id":"https:\/\/kgerad.de\/produkt\/rabeneick-tx-e-singlespeed-bafang-252wh-disc-gates-schwarz\/#primaryimage","url":"https:\/\/kgerad.de\/wp-content\/uploads\/2023\/06\/TX-E_Dia_schwarz-matt.jpg","contentUrl":"https:\/\/kgerad.de\/wp-content\/uploads\/2023\/06\/TX-E_Dia_schwarz-matt.jpg","width":1920,"height":1200,"caption":"Rabeneick TX-E Singlespeed \/ Bafang \/ 252Wh \/ Disc \/ Gates schwarz"},{"@type":"BreadcrumbList","@id":"https:\/\/kgerad.de\/produkt\/rabeneick-tx-e-singlespeed-bafang-252wh-disc-gates-schwarz\/#breadcrumb","itemListElement":[{"@type":"ListItem","position":1,"name":"Startseite","item":"https:\/\/kgerad.de\/"},{"@type":"ListItem","position":2,"name":"LADEN","item":"https:\/\/kgerad.de\/laden\/"},{"@type":"ListItem","position":3,"name":"Rabeneick TX-E Singlespeed \/ Bafang \/ 252Wh \/ Disc \/ Gates schwarz"}]},{"@type":"WebSite","@id":"https:\/\/kgerad.de\/#website","url":"https:\/\/kgerad.de\/","name":"kgerad.de","description":"Treten Sie mit uns ins Abenteuer!","publisher":{"@id":"https:\/\/kgerad.de\/#organization"},"alternateName":"MEIN RADLADEN","potentialAction":[{"@type":"SearchAction","target":{"@type":"EntryPoint","urlTemplate":"https:\/\/kgerad.de\/?s={search_term_string}"},"query-input":{"@type":"PropertyValueSpecification","valueRequired":true,"valueName":"search_term_string"}}],"inLanguage":"en-US"},{"@type":"Organization","@id":"https:\/\/kgerad.de\/#organization","name":"MEINRADLADEN","alternateName":"MEIN RADLADEN","url":"https:\/\/kgerad.de\/","logo":{"@type":"ImageObject","inLanguage":"en-US","@id":"https:\/\/kgerad.de\/#\/schema\/logo\/image\/","url":"https:\/\/kgerad.de\/wp-content\/uploads\/2025\/07\/logo-Whit.svg","contentUrl":"https:\/\/kgerad.de\/wp-content\/uploads\/2025\/07\/logo-Whit.svg","width":1640,"height":371,"caption":"MEINRADLADEN"},"image":{"@id":"https:\/\/kgerad.de\/#\/schema\/logo\/image\/"}}]}},"_links":{"self":[{"href":"https:\/\/kgerad.de\/en\/wp-json\/wp\/v2\/product\/39307","targetHints":{"allow":["GET"]}}],"collection":[{"href":"https:\/\/kgerad.de\/en\/wp-json\/wp\/v2\/product"}],"about":[{"href":"https:\/\/kgerad.de\/en\/wp-json\/wp\/v2\/types\/product"}],"replies":[{"embeddable":true,"href":"https:\/\/kgerad.de\/en\/wp-json\/wp\/v2\/comments?post=39307"}],"version-history":[{"count":2,"href":"https:\/\/kgerad.de\/en\/wp-json\/wp\/v2\/product\/39307\/revisions"}],"predecessor-version":[{"id":79624,"href":"https:\/\/kgerad.de\/en\/wp-json\/wp\/v2\/product\/39307\/revisions\/79624"}],"wp:featuredmedia":[{"embeddable":true,"href":"https:\/\/kgerad.de\/en\/wp-json\/wp\/v2\/media\/61531"}],"wp:attachment":[{"href":"https:\/\/kgerad.de\/en\/wp-json\/wp\/v2\/media?parent=39307"}],"wp:term":[{"taxonomy":"product_brand","embeddable":true,"href":"https:\/\/kgerad.de\/en\/wp-json\/wp\/v2\/product_brand?post=39307"},{"taxonomy":"product_cat","embeddable":true,"href":"https:\/\/kgerad.de\/en\/wp-json\/wp\/v2\/product_cat?post=39307"},{"taxonomy":"product_tag","embeddable":true,"href":"https:\/\/kgerad.de\/en\/wp-json\/wp\/v2\/product_tag?post=39307"}],"curies":[{"name":"wp","href":"https:\/\/api.w.org\/{rel}","templated":true}]}}