{"id":39300,"date":"2022-11-09T08:55:25","date_gmt":"2022-11-09T07:55:25","guid":{"rendered":"https:\/\/kgerad.de\/?post_type=product&#038;p=39300"},"modified":"2023-08-11T12:54:17","modified_gmt":"2023-08-11T10:54:17","slug":"cube-aim-sl-allroad-greynblack","status":"publish","type":"product","link":"https:\/\/kgerad.de\/en\/product\/cube-aim-sl-allroad-greynblack\/","title":{"rendered":"Cube Aim SL Allroad grey\u00b4n\u00b4black"},"content":{"rendered":"<div class=\"content--title\"><strong>Cube<\/strong>\u00a0Aim SL Allroad grey\u00b4n\u00b4black<\/div>\n<div class=\"product--description\">\n<p>Mountainbikes sind die perfekten Tools zum Grenzen testen. Genau deshalb hat Cube das neue Aim SL Allroad so vielseitig wie m\u00f6glich gemacht. Zum einen wartet es mit Schutzblechen, Beleuchtungssystem, Seitenst\u00e4nder und einem universellen Gep\u00e4cktr\u00e4ger auf und liefert damit auf dem Weg zur Arbeit oder bei anderen Touren durch die City unschlagbaren Support.<\/p>\n<hr \/>\n<p><a href=\"https:\/\/www.cube.eu\/360\/501600\" target=\"_blank\" rel=\"noopener\"><img decoding=\"async\" title=\"360\u00b0\" src=\"https:\/\/cd.bike-discount.de\/media\/image\/3a\/ee\/83\/360.png\" alt=\"\" width=\"40\" height=\"39\" data-mid=\"729769\" data-src=\"media\/image\/360.png\" \/>360\u00b0-Ansicht \u00f6ffnen<\/a><\/p>\n<hr \/>\n<p>Zum anderen spielen die Suntour Federgabel, die 2&#215;9-fach Shimano Schaltung, die hydraulischen Scheibenbremsen und die griffigen, 2.25 Zoll breiten Reifen dann ihre Qualit\u00e4ten voll aus, wenn der Asphalt endet und das Gel\u00e4nde beginnt. Last, but not least: Mit unserem SizeSplit System bekommt jede und jede das Aim SL Allroad mit der f\u00fcr sich perfekten Kombination aus Rahmen- und Laufradgr\u00f6\u00dfe. Man kann nicht alles haben, hei\u00dft es. Dieses Bike liefert den Gegenbeweis!<\/p>\n<hr \/>\n<p><strong>In den Rahmengr\u00f6\u00dfen XS (14&#8243;) und S (16&#8243;) als 27,5er. In den Rahmengr\u00f6\u00dfen M (18&#8243;), L (20&#8243;), XL (22&#8243;) und XXL (24&#8243;) als 29er.<\/strong><\/p>\n<hr \/>\n<h3>RAHMEN Cube Aim SL Allroad grey\u00b4n\u00b4black<\/h3>\n<p>Das brandneue Aim Allroad wurde f\u00fcr 2022 komplett \u00fcberarbeitet und setzt neue Ma\u00dfst\u00e4be in Sachen Vielseitigkeit. Er kommt inklusive Schutzbleche, Gep\u00e4cktr\u00e4ger und Lichtanlage daher, sodass man direkt aufsitzen und losradeln kann. Au\u00dferdem haben wir ihm ein geschraubtes Tretlager gegeben und die Z\u00fcge ins Innere verlegt, damit sie ihre Aufgabe lange machen und leicht gewartet werden k\u00f6nnen. Die Aufnahme f\u00fcr eine Flat-Mount-Scheibenbremse ist nahtlos in die Seitenst\u00e4nderaufnahme integriert. Die \u00fcberarbeitete Geometrie hat ein niedrigeres Oberrohr f\u00fcr noch zuverl\u00e4ssigeres Handling und l\u00e4sst viel Platz f\u00fcr breite, griffige, komfortabel rollende 2.25 Zoll Reifen. Auch haben wir unser SizeSplit System jetzt breiter aufgestellt &#8211; dadurch findet jeder und jede die perfekt passende Aim Allroad Rahmengr\u00f6\u00dfe f\u00fcr sich.<\/p>\n<h2>Ausstattung<\/h2>\n<div class=\"product--properties panel has--border\">\n<table class=\"product--properties-table\">\n<tbody>\n<tr class=\"product--properties-row row1\">\n<td class=\"product--properties-label is--bold\">Rahmen:<\/td>\n<td class=\"product--properties-value\">Aluminium Lite, AMF, Double Butted, Internal Cable Routing, Tapered Head Tube, Flat Mount Brake, SIC Mount, FM Kickstand Mount<\/td>\n<\/tr>\n<tr class=\"product--properties-row row2\">\n<td class=\"product--properties-label is--bold\">Rahmenmaterial:<\/td>\n<td class=\"product--properties-value\">Aluminium<\/td>\n<\/tr>\n<tr class=\"product--properties-row row3\">\n<td class=\"product--properties-label is--bold\">Laufradgr\u00f6\u00dfe:<\/td>\n<td class=\"product--properties-value\">Size Split: 27.5: XS (14&#8243;), S (16&#8243;) \/\/ 29: M (18&#8243;), L (20&#8243;), XL (22&#8243;), XXL (24&#8243;)<\/td>\n<\/tr>\n<tr class=\"product--properties-row row4\">\n<td class=\"product--properties-label is--bold\">Farbe:<\/td>\n<td class=\"product--properties-value\">grey\u00b4n\u00b4black<\/td>\n<\/tr>\n<tr class=\"product--properties-row row5\">\n<td class=\"product--properties-label is--bold\">Gabel:<\/td>\n<td class=\"product--properties-value\">SR Suntour XCM Disc, 100mm, Remote Lockout<\/td>\n<\/tr>\n<tr class=\"product--properties-row row6\">\n<td class=\"product--properties-label is--bold\">Federweg:<\/td>\n<td class=\"product--properties-value\">100mm<\/td>\n<\/tr>\n<tr class=\"product--properties-row row7\">\n<td class=\"product--properties-label is--bold\">Bremsen:<\/td>\n<td class=\"product--properties-value\">Shimano BR-MT200\/UR300, Hydr. Disc Brake, PM\/FM (160\/160)<\/td>\n<\/tr>\n<tr class=\"product--properties-row row8\">\n<td class=\"product--properties-label is--bold\">Steuersatz:<\/td>\n<td class=\"product--properties-value\">CUBE FPH868, Top 1 1\/8&#8243;, Bottom 1 1\/2&#8243;, Semi-Integrated<\/td>\n<\/tr>\n<tr class=\"product--properties-row row9\">\n<td class=\"product--properties-label is--bold\">Vorbau:<\/td>\n<td class=\"product--properties-value\">CUBE Performance Stem Pro, 31.8mm<\/td>\n<\/tr>\n<tr class=\"product--properties-row row10\">\n<td class=\"product--properties-label is--bold\">Lenker:<\/td>\n<td class=\"product--properties-value\">CUBE Rise Trail Bar, 680mm<\/td>\n<\/tr>\n<tr class=\"product--properties-row row11\">\n<td class=\"product--properties-label is--bold\">Griffe:<\/td>\n<td class=\"product--properties-value\">ACID React<\/td>\n<\/tr>\n<tr class=\"product--properties-row row12\">\n<td class=\"product--properties-label is--bold\">Sattel:<\/td>\n<td class=\"product--properties-value\">Natural Fit Venec Lite<\/td>\n<\/tr>\n<tr class=\"product--properties-row row13\">\n<td class=\"product--properties-label is--bold\">Sattelst\u00fctze:<\/td>\n<td class=\"product--properties-value\">CUBE Performance Post, 27.2mm<\/td>\n<\/tr>\n<tr class=\"product--properties-row row14\">\n<td class=\"product--properties-label is--bold\">Sattelklemme:<\/td>\n<td class=\"product--properties-value\">CUBE Varioclose, 31.8mm<\/td>\n<\/tr>\n<tr class=\"product--properties-row row15\">\n<td class=\"product--properties-label is--bold\">Kurbel:<\/td>\n<td class=\"product--properties-value\">Shimano FC-MT101, 36x22T<\/td>\n<\/tr>\n<\/tbody>\n<\/table>\n<table class=\"product--properties-table\">\n<tbody>\n<tr class=\"product--properties-row row16\">\n<td class=\"product--properties-label is--bold\">Schaltwerk:<\/td>\n<td class=\"product--properties-value\">Shimano RD-M3100-SGS, 9-Speed<\/td>\n<\/tr>\n<tr class=\"product--properties-row row17\">\n<td class=\"product--properties-label is--bold\">Schalthebel:<\/td>\n<td class=\"product--properties-value\">Shimano SL-M2010-9R, Rapidfire-Plus<\/td>\n<\/tr>\n<tr class=\"product--properties-row row18\">\n<td class=\"product--properties-label is--bold\">Umwerfer:<\/td>\n<td class=\"product--properties-value\">Shimano FD-M2020, Top Swing, 31.8mm Clamp<\/td>\n<\/tr>\n<tr class=\"product--properties-row row19\">\n<td class=\"product--properties-label is--bold\">Kassette:<\/td>\n<td class=\"product--properties-value\">Shimano CS-HG201, 11-36T<\/td>\n<\/tr>\n<tr class=\"product--properties-row row20\">\n<td class=\"product--properties-label is--bold\">Kette:<\/td>\n<td class=\"product--properties-value\">KMC X9<\/td>\n<\/tr>\n<tr class=\"product--properties-row row21\">\n<td class=\"product--properties-label is--bold\">Reifen:<\/td>\n<td class=\"product--properties-value\">Schwalbe Smart Sam, Active, 2.25<\/td>\n<\/tr>\n<tr class=\"product--properties-row row22\">\n<td class=\"product--properties-label is--bold\">Nabe Vorderrad:<\/td>\n<td class=\"product--properties-value\">Shimano DH-3D32, hub dynamo, QR<\/td>\n<\/tr>\n<tr class=\"product--properties-row row23\">\n<td class=\"product--properties-label is--bold\">Nabe Hinterrad:<\/td>\n<td class=\"product--properties-value\">Shimano HB-TX506, QR, 6-Bolt<\/td>\n<\/tr>\n<tr class=\"product--properties-row row24\">\n<td class=\"product--properties-label is--bold\">Felgen:<\/td>\n<td class=\"product--properties-value\">CUBE ZX20, 32H, Disc<\/td>\n<\/tr>\n<tr class=\"product--properties-row row25\">\n<td class=\"product--properties-label is--bold\">Scheinwerfer:<\/td>\n<td class=\"product--properties-value\">CUBE Shiny 50<\/td>\n<\/tr>\n<tr class=\"product--properties-row row26\">\n<td class=\"product--properties-label is--bold\">R\u00fccklicht:<\/td>\n<td class=\"product--properties-value\">ACID Mudguard Rear Light PRO-D, 6V, AC<\/td>\n<\/tr>\n<tr class=\"product--properties-row row27\">\n<td class=\"product--properties-label is--bold\">Gep\u00e4cktr\u00e4ger:<\/td>\n<td class=\"product--properties-value\">ACID Semi-Integrated Carrier, ACID RILink Adapter Compatible and Rail<\/td>\n<\/tr>\n<tr class=\"product--properties-row row28\">\n<td class=\"product--properties-label is--bold\">Pedale:<\/td>\n<td class=\"product--properties-value\">CUBE PP MTB<\/td>\n<\/tr>\n<tr class=\"product--properties-row row29\">\n<td class=\"product--properties-label is--bold\">Sonstiges:<\/td>\n<td class=\"product--properties-value\">Schutzblech, St\u00e4nder, Glocke<\/td>\n<\/tr>\n<tr class=\"product--properties-row row30\">\n<td class=\"product--properties-label is--bold\">Zul\u00e4ssiges Gesamtgewicht:<\/td>\n<td class=\"product--properties-value\">140 kg -&gt; 115 kg (K\u00f6rpergewicht + Fahrrad + Ausr\u00fcstung) + 25 kg Zuladung (Gep\u00e4cktr\u00e4ger)<\/td>\n<\/tr>\n<tr class=\"product--properties-row row31\">\n<td class=\"product--properties-label is--bold\">Gewicht Komplettrad:<\/td>\n<td class=\"product--properties-value\">ab 16,1 kg<\/td>\n<\/tr>\n<\/tbody>\n<\/table>\n<\/div>\n<\/div>","protected":false},"excerpt":{"rendered":"<div class=\"tab-menu--product js--tab-menu\">\n<div class=\"tab--container-list\">\n<div class=\"tab--container description has--content is--active\">\n<div class=\"tab--content box-description\">\n<div class=\"content--description\">\n<div class=\"ean-box\"><label>Modelljahr: <span style=\"font-size: 16px;\">2022<\/span><\/label><\/div>\n<\/div>\n<\/div>\n<\/div>\n<\/div>\n<\/div>\n<p><a class=\"rating-link-info--box\" name=\"product--publish-comment\"><\/a><\/p>\n<div id=\"detail--product-reviews\" class=\"content--product-reviews 123\"><\/div>","protected":false},"featured_media":61526,"comment_status":"open","ping_status":"closed","template":"","meta":[],"product_brand":[],"product_cat":[36,295,220],"product_tag":[],"class_list":{"0":"post-39300","1":"product","2":"type-product","3":"status-publish","4":"has-post-thumbnail","6":"product_cat-fahrrad","7":"product_cat-hardtail-27","8":"product_cat-mountainbike","9":"pa_marke-cube","11":"first","12":"instock","13":"sale","14":"taxable","15":"shipping-taxable","16":"purchasable","17":"product-type-variable"},"yoast_head":"<!-- This site is optimized with the Yoast SEO Premium plugin v20.12 (Yoast SEO v27.1.1) - https:\/\/yoast.com\/product\/yoast-seo-premium-wordpress\/ -->\n<title>Cube Aim SL Allroad grey\u00b4n\u00b4black<\/title>\n<meta name=\"description\" content=\"kgerad.de bietet Ihnen das Cube Aim SL Allroad grey\u00b4n\u00b4black zum besten Preis mit kostenlosem Versand in ganz EuropaCube\u00a0Aim SL Allroad grey\u00b4n\u00b4black\" \/>\n<meta name=\"robots\" content=\"index, follow, max-snippet:-1, max-image-preview:large, max-video-preview:-1\" \/>\n<link rel=\"canonical\" href=\"https:\/\/kgerad.de\/en\/product\/cube-aim-sl-allroad-greynblack\/\" \/>\n<meta property=\"og:locale\" content=\"en_US\" \/>\n<meta property=\"og:type\" content=\"article\" \/>\n<meta property=\"og:title\" content=\"Cube Aim SL Allroad grey\u00b4n\u00b4black\" \/>\n<meta property=\"og:description\" content=\"Entdecken Sie unseren Online-Fahrradladen: Gro\u00dfe Auswahl an Modellen f\u00fcr alle Radsportbegeisterten. Von Rennr\u00e4dern bis zu Mountainbikes - finden Sie heute Ihren perfekten Wegbegleiter!\" \/>\n<meta property=\"og:url\" content=\"https:\/\/kgerad.de\/en\/product\/cube-aim-sl-allroad-greynblack\/\" \/>\n<meta property=\"og:site_name\" content=\"kgerad.de\" \/>\n<meta property=\"article:modified_time\" content=\"2023-08-11T10:54:17+00:00\" \/>\n<meta property=\"og:image\" content=\"https:\/\/kgerad.de\/wp-content\/uploads\/2023\/06\/Cube-Aim-SL-Allroad-grey\u00b4n\u00b4black.jpg\" \/>\n\t<meta property=\"og:image:width\" content=\"800\" \/>\n\t<meta property=\"og:image:height\" content=\"458\" \/>\n\t<meta property=\"og:image:type\" content=\"image\/jpeg\" \/>\n<meta name=\"twitter:card\" content=\"summary_large_image\" \/>\n<meta name=\"twitter:label1\" content=\"Est. reading time\" \/>\n\t<meta name=\"twitter:data1\" content=\"3 minutes\" \/>\n<script type=\"application\/ld+json\" class=\"yoast-schema-graph\">{\"@context\":\"https:\/\/schema.org\",\"@graph\":[{\"@type\":\"WebPage\",\"@id\":\"https:\/\/kgerad.de\/produkt\/cube-aim-sl-allroad-greynblack\/\",\"url\":\"https:\/\/kgerad.de\/produkt\/cube-aim-sl-allroad-greynblack\/\",\"name\":\"Cube Aim SL Allroad grey\u00b4n\u00b4black\",\"isPartOf\":{\"@id\":\"https:\/\/kgerad.de\/#website\"},\"primaryImageOfPage\":{\"@id\":\"https:\/\/kgerad.de\/produkt\/cube-aim-sl-allroad-greynblack\/#primaryimage\"},\"image\":{\"@id\":\"https:\/\/kgerad.de\/produkt\/cube-aim-sl-allroad-greynblack\/#primaryimage\"},\"thumbnailUrl\":\"https:\/\/kgerad.de\/wp-content\/uploads\/2023\/06\/Cube-Aim-SL-Allroad-grey\u00b4n\u00b4black.jpg\",\"datePublished\":\"2022-11-09T07:55:25+00:00\",\"dateModified\":\"2023-08-11T10:54:17+00:00\",\"description\":\"kgerad.de bietet Ihnen das Cube Aim SL Allroad grey\u00b4n\u00b4black zum besten Preis mit kostenlosem Versand in ganz EuropaCube\u00a0Aim SL Allroad grey\u00b4n\u00b4black\",\"breadcrumb\":{\"@id\":\"https:\/\/kgerad.de\/produkt\/cube-aim-sl-allroad-greynblack\/#breadcrumb\"},\"inLanguage\":\"en-US\",\"potentialAction\":[{\"@type\":\"ReadAction\",\"target\":[\"https:\/\/kgerad.de\/produkt\/cube-aim-sl-allroad-greynblack\/\"]}]},{\"@type\":\"ImageObject\",\"inLanguage\":\"en-US\",\"@id\":\"https:\/\/kgerad.de\/produkt\/cube-aim-sl-allroad-greynblack\/#primaryimage\",\"url\":\"https:\/\/kgerad.de\/wp-content\/uploads\/2023\/06\/Cube-Aim-SL-Allroad-grey\u00b4n\u00b4black.jpg\",\"contentUrl\":\"https:\/\/kgerad.de\/wp-content\/uploads\/2023\/06\/Cube-Aim-SL-Allroad-grey\u00b4n\u00b4black.jpg\",\"width\":800,\"height\":458,\"caption\":\"Cube Aim SL Allroad grey\u00b4n\u00b4black\"},{\"@type\":\"BreadcrumbList\",\"@id\":\"https:\/\/kgerad.de\/produkt\/cube-aim-sl-allroad-greynblack\/#breadcrumb\",\"itemListElement\":[{\"@type\":\"ListItem\",\"position\":1,\"name\":\"Startseite\",\"item\":\"https:\/\/kgerad.de\/\"},{\"@type\":\"ListItem\",\"position\":2,\"name\":\"LADEN\",\"item\":\"https:\/\/kgerad.de\/laden\/\"},{\"@type\":\"ListItem\",\"position\":3,\"name\":\"Cube Aim SL Allroad grey\u00b4n\u00b4black\"}]},{\"@type\":\"WebSite\",\"@id\":\"https:\/\/kgerad.de\/#website\",\"url\":\"https:\/\/kgerad.de\/\",\"name\":\"kgerad.de\",\"description\":\"Treten Sie mit uns ins Abenteuer!\",\"publisher\":{\"@id\":\"https:\/\/kgerad.de\/#organization\"},\"alternateName\":\"MEIN RADLADEN\",\"potentialAction\":[{\"@type\":\"SearchAction\",\"target\":{\"@type\":\"EntryPoint\",\"urlTemplate\":\"https:\/\/kgerad.de\/?s={search_term_string}\"},\"query-input\":{\"@type\":\"PropertyValueSpecification\",\"valueRequired\":true,\"valueName\":\"search_term_string\"}}],\"inLanguage\":\"en-US\"},{\"@type\":\"Organization\",\"@id\":\"https:\/\/kgerad.de\/#organization\",\"name\":\"MEINRADLADEN\",\"alternateName\":\"MEIN RADLADEN\",\"url\":\"https:\/\/kgerad.de\/\",\"logo\":{\"@type\":\"ImageObject\",\"inLanguage\":\"en-US\",\"@id\":\"https:\/\/kgerad.de\/#\/schema\/logo\/image\/\",\"url\":\"https:\/\/kgerad.de\/wp-content\/uploads\/2025\/07\/logo-Whit.svg\",\"contentUrl\":\"https:\/\/kgerad.de\/wp-content\/uploads\/2025\/07\/logo-Whit.svg\",\"width\":1640,\"height\":371,\"caption\":\"MEINRADLADEN\"},\"image\":{\"@id\":\"https:\/\/kgerad.de\/#\/schema\/logo\/image\/\"}}]}<\/script>\n<!-- \/ Yoast SEO Premium plugin. -->","yoast_head_json":{"title":"Cube Aim SL Allroad grey\u00b4n\u00b4black","description":"kgerad.de bietet Ihnen das Cube Aim SL Allroad grey\u00b4n\u00b4black zum besten Preis mit kostenlosem Versand in ganz EuropaCube\u00a0Aim SL Allroad grey\u00b4n\u00b4black","robots":{"index":"index","follow":"follow","max-snippet":"max-snippet:-1","max-image-preview":"max-image-preview:large","max-video-preview":"max-video-preview:-1"},"canonical":"https:\/\/kgerad.de\/en\/product\/cube-aim-sl-allroad-greynblack\/","og_locale":"en_US","og_type":"article","og_title":"Cube Aim SL Allroad grey\u00b4n\u00b4black","og_description":"Entdecken Sie unseren Online-Fahrradladen: Gro\u00dfe Auswahl an Modellen f\u00fcr alle Radsportbegeisterten. Von Rennr\u00e4dern bis zu Mountainbikes - finden Sie heute Ihren perfekten Wegbegleiter!","og_url":"https:\/\/kgerad.de\/en\/product\/cube-aim-sl-allroad-greynblack\/","og_site_name":"kgerad.de","article_modified_time":"2023-08-11T10:54:17+00:00","og_image":[{"width":800,"height":458,"url":"https:\/\/kgerad.de\/wp-content\/uploads\/2023\/06\/Cube-Aim-SL-Allroad-grey\u00b4n\u00b4black.jpg","type":"image\/jpeg"}],"twitter_card":"summary_large_image","twitter_misc":{"Est. reading time":"3 minutes"},"schema":{"@context":"https:\/\/schema.org","@graph":[{"@type":"WebPage","@id":"https:\/\/kgerad.de\/produkt\/cube-aim-sl-allroad-greynblack\/","url":"https:\/\/kgerad.de\/produkt\/cube-aim-sl-allroad-greynblack\/","name":"Cube Aim SL Allroad grey\u00b4n\u00b4black","isPartOf":{"@id":"https:\/\/kgerad.de\/#website"},"primaryImageOfPage":{"@id":"https:\/\/kgerad.de\/produkt\/cube-aim-sl-allroad-greynblack\/#primaryimage"},"image":{"@id":"https:\/\/kgerad.de\/produkt\/cube-aim-sl-allroad-greynblack\/#primaryimage"},"thumbnailUrl":"https:\/\/kgerad.de\/wp-content\/uploads\/2023\/06\/Cube-Aim-SL-Allroad-grey\u00b4n\u00b4black.jpg","datePublished":"2022-11-09T07:55:25+00:00","dateModified":"2023-08-11T10:54:17+00:00","description":"kgerad.de bietet Ihnen das Cube Aim SL Allroad grey\u00b4n\u00b4black zum besten Preis mit kostenlosem Versand in ganz EuropaCube\u00a0Aim SL Allroad grey\u00b4n\u00b4black","breadcrumb":{"@id":"https:\/\/kgerad.de\/produkt\/cube-aim-sl-allroad-greynblack\/#breadcrumb"},"inLanguage":"en-US","potentialAction":[{"@type":"ReadAction","target":["https:\/\/kgerad.de\/produkt\/cube-aim-sl-allroad-greynblack\/"]}]},{"@type":"ImageObject","inLanguage":"en-US","@id":"https:\/\/kgerad.de\/produkt\/cube-aim-sl-allroad-greynblack\/#primaryimage","url":"https:\/\/kgerad.de\/wp-content\/uploads\/2023\/06\/Cube-Aim-SL-Allroad-grey\u00b4n\u00b4black.jpg","contentUrl":"https:\/\/kgerad.de\/wp-content\/uploads\/2023\/06\/Cube-Aim-SL-Allroad-grey\u00b4n\u00b4black.jpg","width":800,"height":458,"caption":"Cube Aim SL Allroad grey\u00b4n\u00b4black"},{"@type":"BreadcrumbList","@id":"https:\/\/kgerad.de\/produkt\/cube-aim-sl-allroad-greynblack\/#breadcrumb","itemListElement":[{"@type":"ListItem","position":1,"name":"Startseite","item":"https:\/\/kgerad.de\/"},{"@type":"ListItem","position":2,"name":"LADEN","item":"https:\/\/kgerad.de\/laden\/"},{"@type":"ListItem","position":3,"name":"Cube Aim SL Allroad grey\u00b4n\u00b4black"}]},{"@type":"WebSite","@id":"https:\/\/kgerad.de\/#website","url":"https:\/\/kgerad.de\/","name":"kgerad.de","description":"Treten Sie mit uns ins Abenteuer!","publisher":{"@id":"https:\/\/kgerad.de\/#organization"},"alternateName":"MEIN RADLADEN","potentialAction":[{"@type":"SearchAction","target":{"@type":"EntryPoint","urlTemplate":"https:\/\/kgerad.de\/?s={search_term_string}"},"query-input":{"@type":"PropertyValueSpecification","valueRequired":true,"valueName":"search_term_string"}}],"inLanguage":"en-US"},{"@type":"Organization","@id":"https:\/\/kgerad.de\/#organization","name":"MEINRADLADEN","alternateName":"MEIN RADLADEN","url":"https:\/\/kgerad.de\/","logo":{"@type":"ImageObject","inLanguage":"en-US","@id":"https:\/\/kgerad.de\/#\/schema\/logo\/image\/","url":"https:\/\/kgerad.de\/wp-content\/uploads\/2025\/07\/logo-Whit.svg","contentUrl":"https:\/\/kgerad.de\/wp-content\/uploads\/2025\/07\/logo-Whit.svg","width":1640,"height":371,"caption":"MEINRADLADEN"},"image":{"@id":"https:\/\/kgerad.de\/#\/schema\/logo\/image\/"}}]}},"_links":{"self":[{"href":"https:\/\/kgerad.de\/en\/wp-json\/wp\/v2\/product\/39300","targetHints":{"allow":["GET"]}}],"collection":[{"href":"https:\/\/kgerad.de\/en\/wp-json\/wp\/v2\/product"}],"about":[{"href":"https:\/\/kgerad.de\/en\/wp-json\/wp\/v2\/types\/product"}],"replies":[{"embeddable":true,"href":"https:\/\/kgerad.de\/en\/wp-json\/wp\/v2\/comments?post=39300"}],"version-history":[{"count":1,"href":"https:\/\/kgerad.de\/en\/wp-json\/wp\/v2\/product\/39300\/revisions"}],"predecessor-version":[{"id":79614,"href":"https:\/\/kgerad.de\/en\/wp-json\/wp\/v2\/product\/39300\/revisions\/79614"}],"wp:featuredmedia":[{"embeddable":true,"href":"https:\/\/kgerad.de\/en\/wp-json\/wp\/v2\/media\/61526"}],"wp:attachment":[{"href":"https:\/\/kgerad.de\/en\/wp-json\/wp\/v2\/media?parent=39300"}],"wp:term":[{"taxonomy":"product_brand","embeddable":true,"href":"https:\/\/kgerad.de\/en\/wp-json\/wp\/v2\/product_brand?post=39300"},{"taxonomy":"product_cat","embeddable":true,"href":"https:\/\/kgerad.de\/en\/wp-json\/wp\/v2\/product_cat?post=39300"},{"taxonomy":"product_tag","embeddable":true,"href":"https:\/\/kgerad.de\/en\/wp-json\/wp\/v2\/product_tag?post=39300"}],"curies":[{"name":"wp","href":"https:\/\/api.w.org\/{rel}","templated":true}]}}