{"id":39175,"date":"2022-11-08T21:02:54","date_gmt":"2022-11-08T20:02:54","guid":{"rendered":"https:\/\/kgerad.de\/?post_type=product&#038;p=39175"},"modified":"2023-08-11T11:53:18","modified_gmt":"2023-08-11T09:53:18","slug":"ortler-e-urbn-lite-blau","status":"publish","type":"product","link":"https:\/\/kgerad.de\/en\/product\/ortler-e-urbn-lite-blau\/","title":{"rendered":"Ortler E-URBN Lite blau"},"content":{"rendered":"<h2><b>Ortler URBN Lite Blau- Das smarte Fahrrad, das mit dir redet<\/b><\/h2>\n<p>Dein E-Bike kann mehr, als dich bequem von A nach B zu bringen. Du kannst mit deinem Telefon bezahlen, es schlie\u00dft die Haust\u00fcr auf, \u00fcberweist Geld und verschickt Pakete. Wenn du mit dem Ortler URBN Lite 1.0 unterwegs bist, verr\u00e4t es dir zus\u00e4tzlich eine Menge Dinge \u00fcber dein Fahrrad. So reizt du das Potential deines E-Bikes voll aus, auch und gerade dann, wenn du nicht im Sattel sitzt!<\/p>\n<p><b>Das Internet of Things im Fahrrad<\/b><br \/>\nDie verbaute Kommunikationseinheit mit GPS und LTE hebt das Ortler URBN Lite von praktisch allen anderen E-Bikes ab, die momentan auf dem Markt sind. So wei\u00df das Fahrrad nicht nur jederzeit, wo es sich befindet, sondern kann seinen Standort, Fahrstatistiken, zur\u00fcckgelegte Strecke, wie viel Co2 gespart wurde oder die Fahrzeit &#8211; auch per Mobilfunk an eine auf deinem Telefon installierte Fahr-Rad-App \u00fcbertragen. Dadurch hast du immer den vollen \u00dcberblick, selbst wenn das Rad vor der T\u00fcr steht.<\/p>\n<p><b>Vernetzung bringt Sicherheit<\/b><br \/>\nEs liegt auf der Hand, dass eine bessere Vernetzung vor allem die Sicherheit des Rades steigert. Es hat einen eingebauten Bewegungsalarm, wodurch Du jedes Mal eine Meldung bekommst, wenn das E-Bike bewegt wird. Sollte doch einmal der unwahrscheinliche Fall eintreten, dass dieser Schutz umgangen wird, dann bleibt dir immer noch die von au\u00dfen nicht sichtbare GPS-Einheit, mit der du den Standort des Rades in der App verfolgen kannst. So hast du selbst im Fall eines Diebstahls noch eine gute Chance, schnell wieder auf deinem Rad unterwegs zu sein.<\/p>\n<p><b>Fahr Rad App<\/b><br \/>\nDie Fahr Rad App kann kostenlos im Apple App Store und Android Play Store heruntergeladen werden. Um die App und den Tracker miteinander zu verbinden, bekommst du im Anschluss an den Kauf von uns einen Freischaltcode per Mail, um deinen Tracker mit der App zu verbinden.<\/p>\n<p><i>Mit diesem E-Bike erwerben Sie zus\u00e4tzlich das Servicepaket, bestehend aus Diebstahlschutz, Fahrstatistiken und Unfallassistenten f\u00fcr einen Zeitraum von 2 Jahren ab Aktivierung des Services. Es erfolgt keine automatische Verl\u00e4ngerung. Danach k\u00f6nnen Sie das Servicepaket f\u00fcr nur 25 Euro pro Jahr erwerben.<\/i><\/p>\n<h2>Ausstattung<\/h2>\n<table cellspacing=\"0\" cellpadding=\"0\">\n<tbody>\n<tr>\n<td valign=\"top\"><b>Rahmenbausatz<\/b><\/td>\n<td valign=\"top\"><\/td>\n<\/tr>\n<tr>\n<td valign=\"top\">Rahmen<\/td>\n<td valign=\"top\">Aluminium, Diamanttyp<\/td>\n<\/tr>\n<tr>\n<td valign=\"top\">Gabel<\/td>\n<td valign=\"top\">Gabel SR Suntour NCX D LO, 63 mm Federweg, Lockout<\/td>\n<\/tr>\n<tr>\n<td valign=\"top\">Headset<\/td>\n<td valign=\"top\">CN<\/td>\n<\/tr>\n<tr>\n<td valign=\"top\"><b>Motorisierung<\/b><\/td>\n<td valign=\"top\"><\/td>\n<\/tr>\n<tr>\n<td valign=\"top\">Motor<\/td>\n<td valign=\"top\">Bosch Performance Line CX:<\/p>\n<p>&#8211; Unterst\u00fctzung bis 25 km\/h &#8211; Leistung: 250 Watt;<\/p>\n<p>&#8211; Verhalten: sehr sportlich;<\/p>\n<p>&#8211; 4 Unterst\u00fctzungsstufen (Unterst\u00fctzungsstufe \u2013 maximales Drehmoment):<\/p>\n<p>Eco (50 % \u2013 40 Nm) \/ Tour (120 % \u2013 50 Nm) \/ eMTB (120 bis 300 % \u2013 75 Nm) \/ Turbo (300 % \u2013 75 Nm);<\/p>\n<p>&#8211; Dynamische Erkennung von Gangwechseln und automatische Anpassung dank drei Sensoren, die mehr als 1.000 Mal pro Sekunde Tretkraft, Trittfrequenz und Geschwindigkeit messen;<\/p>\n<p>&#8211; Gehhilfe bis 6 km\/h.<\/td>\n<\/tr>\n<tr>\n<td valign=\"top\">Batterie<\/td>\n<td valign=\"top\">Akku: Bosch Power Tube Lithium-Ion 500 Wh, 36\/13,4 Volt\/Ah, 1000 Ladezyklen, Ladezeit 4,5-7,5 h, im Rahmen integriert<\/p>\n<p>Ladeger\u00e4t: Bosch 2A 230V Schnellladeger\u00e4t, Leistungsaufnahme 460W<\/p>\n<p>&nbsp;<\/p>\n<p><b>Informationen<\/b>\u00a0:<\/p>\n<p>Die Autonomien werden nur zur Information angegeben.\u00a0Die Hauptfaktoren f\u00fcr den Verlust der Autonomie sind: Gegenwind, Steigungen, Temperatur unter 15 \u00b0C, Reifen mit zu geringem Luftdruck, Benutzergewicht \u00fcber 70 kg, falsche Fahrradeinstellung, falsche Verwendung der G\u00e4nge.<\/td>\n<\/tr>\n<tr>\n<td valign=\"top\">Konsole<\/td>\n<td valign=\"top\">Bosch-Intuvia:<\/p>\n<p>-Abnehmbare Konsole mit separater Fernbedienung;<\/p>\n<p>-Micro-USB-Anschluss zum Aufladen Ihrer Ger\u00e4te;<\/p>\n<p>-Funktionen: Anzeige der Unterst\u00fctzungsstufe (Off, Eco, Tour, eMTB\/Sport, Turbo, Gehhilfe), Akkuladung, Momentan-, Durchschnitts- und Maximalgeschwindigkeit, Tages- und Gesamtkilometer, Hintergrundbeleuchtung.<\/td>\n<\/tr>\n<tr>\n<td valign=\"top\"><b>\u00dcbertragung<\/b><\/td>\n<td valign=\"top\"><\/td>\n<\/tr>\n<tr>\n<td valign=\"top\">Schaltwerk hinten<\/td>\n<td valign=\"top\">Shimano Deore XT 11-Gang<\/td>\n<\/tr>\n<tr>\n<td valign=\"top\">Gangschaltung<\/td>\n<td valign=\"top\">Shimano Deore XT<\/td>\n<\/tr>\n<tr>\n<td valign=\"top\">Pedalboard<\/td>\n<td valign=\"top\">Miranda, 18 Z\u00e4hne Kettenblatt, 170 mm Kurbeln<\/td>\n<\/tr>\n<tr>\n<td valign=\"top\">Tretlager<\/td>\n<td valign=\"top\">CN<\/td>\n<\/tr>\n<tr>\n<td valign=\"top\">Kassette<\/td>\n<td valign=\"top\">Shimano Deore XT, 11-40 Z\u00e4hne<\/td>\n<\/tr>\n<tr>\n<td valign=\"top\">Kette<\/td>\n<td valign=\"top\">Shimano CS-HG601<\/td>\n<\/tr>\n<tr>\n<td valign=\"top\">Bremsen<\/td>\n<td valign=\"top\">Vorne: Hydraulische Scheibenbremse Shimano Deore &#8211; 160-mm-Rotor<\/p>\n<p>Hinten: Hydraulische Scheibenbremse Shimano Deore &#8211; 160-mm-Rotor<\/td>\n<\/tr>\n<tr>\n<td valign=\"top\"><b>R\u00e4der und bereifung<\/b><\/td>\n<td valign=\"top\"><\/td>\n<\/tr>\n<tr>\n<td valign=\"top\">R\u00e4der<\/td>\n<td valign=\"top\">Felgen: Sch\u00fcrmann SDR-Light<\/p>\n<p>Naben: Shimano Deore vorne \/ hinten<\/p>\n<p>Speichen: 2,0<\/td>\n<\/tr>\n<tr>\n<td valign=\"top\">Reifen<\/td>\n<td valign=\"top\">Vorne: Schwalbe Energizer Plus 28&#8243;, 40mm, reflektierend, Pannenschutz<\/p>\n<p>Hinten: Schwalbe Energizer Plus 28&#8243;, 40 mm, reflektierend, Pannenschutz<\/td>\n<\/tr>\n<tr>\n<td valign=\"top\"><b>Peripherieger\u00e4te<\/b><\/td>\n<td valign=\"top\"><\/td>\n<\/tr>\n<tr>\n<td valign=\"top\">Aufh\u00e4nger<\/td>\n<td valign=\"top\">Humpert Riser, Aluminium<\/td>\n<\/tr>\n<tr>\n<td valign=\"top\">Stengel<\/td>\n<td valign=\"top\">Humpert, Aluminium<\/td>\n<\/tr>\n<tr>\n<td valign=\"top\">Griffe<\/td>\n<td valign=\"top\">Herrmans Klick<\/td>\n<\/tr>\n<tr>\n<td valign=\"top\">Sattelstiel<\/td>\n<td valign=\"top\">Kalloy 31,6 mm, Aluminium<\/td>\n<\/tr>\n<tr>\n<td valign=\"top\">Sattel<\/td>\n<td valign=\"top\">CN<\/td>\n<\/tr>\n<tr>\n<td valign=\"top\"><b>Beleuchtung<\/b><\/td>\n<td valign=\"top\"><\/td>\n<\/tr>\n<tr>\n<td valign=\"top\">Frontbeleuchtung<\/td>\n<td valign=\"top\">Busch &amp; M\u00fcller Lumotec IQ-X, Led<\/td>\n<\/tr>\n<tr>\n<td valign=\"top\">Beleuchtung hinten<\/td>\n<td valign=\"top\">AXA Bleiline, Led<\/td>\n<\/tr>\n<tr>\n<td valign=\"top\"><b>Beiliegendes Zubeh\u00f6r<\/b><\/td>\n<td valign=\"top\">Alu-Gep\u00e4cktr\u00e4ger, Kunststoff-Schutzbleche, Hinterbaust\u00e4nder, Kunststoff-Pedale, Klingel, Reflektoren und technische Dokumentation<\/td>\n<\/tr>\n<tr>\n<td valign=\"top\"><b>Maximal zul\u00e4ssiges Gesamtgewicht<\/b><\/td>\n<td valign=\"top\">120kg<\/td>\n<\/tr>\n<\/tbody>\n<\/table>\n<p>&nbsp;<\/p>","protected":false},"excerpt":{"rendered":"<p>Ortler URBN Lite Blau- Das smarte Fahrrad, das mit dir redet Dein E-Bike kann mehr, als dich bequem von A<\/p>","protected":false},"featured_media":61463,"comment_status":"open","ping_status":"closed","template":"","meta":[],"product_brand":[],"product_cat":[33,310,247,281],"product_tag":[],"class_list":{"0":"post-39175","1":"product","2":"type-product","3":"status-publish","4":"has-post-thumbnail","6":"product_cat-e-bike","7":"product_cat-e-bike-faltrad","8":"product_cat-e-bike-trekking","9":"product_cat-e-fahrrad","10":"pa_marke-ortler","12":"first","13":"instock","14":"sale","15":"taxable","16":"shipping-taxable","17":"purchasable","18":"product-type-variable"},"yoast_head":"<!-- This site is optimized with the Yoast SEO Premium plugin v20.12 (Yoast SEO v27.1.1) - https:\/\/yoast.com\/product\/yoast-seo-premium-wordpress\/ -->\n<title>Ortler E-URBN Lite blau<\/title>\n<meta name=\"description\" content=\"kgerad.de bietet Ihnen das Ortler E-URBN Lite blau zum besten Preis mit kostenlosem Versand in ganz EuropaOrtler URBN LiteOrtler URBN Lite\" \/>\n<meta name=\"robots\" content=\"index, follow, max-snippet:-1, max-image-preview:large, max-video-preview:-1\" \/>\n<link rel=\"canonical\" href=\"https:\/\/kgerad.de\/en\/product\/ortler-e-urbn-lite-blau\/\" \/>\n<meta property=\"og:locale\" content=\"en_US\" \/>\n<meta property=\"og:type\" content=\"article\" \/>\n<meta property=\"og:title\" content=\"Ortler E-URBN Lite blau\" \/>\n<meta property=\"og:description\" content=\"Entdecken Sie unseren Online-Fahrradladen: Gro\u00dfe Auswahl an Modellen f\u00fcr alle Radsportbegeisterten. Von Rennr\u00e4dern bis zu Mountainbikes - finden Sie heute Ihren perfekten Wegbegleiter!\" \/>\n<meta property=\"og:url\" content=\"https:\/\/kgerad.de\/en\/product\/ortler-e-urbn-lite-blau\/\" \/>\n<meta property=\"og:site_name\" content=\"kgerad.de\" \/>\n<meta property=\"article:modified_time\" content=\"2023-08-11T09:53:18+00:00\" \/>\n<meta property=\"og:image\" content=\"https:\/\/kgerad.de\/wp-content\/uploads\/2023\/06\/ortler-e-urbn-lite-dark-blue-mat-1.jpg\" \/>\n\t<meta property=\"og:image:width\" content=\"2400\" \/>\n\t<meta property=\"og:image:height\" content=\"2400\" \/>\n\t<meta property=\"og:image:type\" content=\"image\/jpeg\" \/>\n<meta name=\"twitter:card\" content=\"summary_large_image\" \/>\n<meta name=\"twitter:label1\" content=\"Est. reading time\" \/>\n\t<meta name=\"twitter:data1\" content=\"4 minutes\" \/>\n<script type=\"application\/ld+json\" class=\"yoast-schema-graph\">{\"@context\":\"https:\/\/schema.org\",\"@graph\":[{\"@type\":\"WebPage\",\"@id\":\"https:\/\/kgerad.de\/produkt\/ortler-e-urbn-lite-blau\/\",\"url\":\"https:\/\/kgerad.de\/produkt\/ortler-e-urbn-lite-blau\/\",\"name\":\"Ortler E-URBN Lite blau\",\"isPartOf\":{\"@id\":\"https:\/\/kgerad.de\/#website\"},\"primaryImageOfPage\":{\"@id\":\"https:\/\/kgerad.de\/produkt\/ortler-e-urbn-lite-blau\/#primaryimage\"},\"image\":{\"@id\":\"https:\/\/kgerad.de\/produkt\/ortler-e-urbn-lite-blau\/#primaryimage\"},\"thumbnailUrl\":\"https:\/\/kgerad.de\/wp-content\/uploads\/2023\/06\/ortler-e-urbn-lite-dark-blue-mat-1.jpg\",\"datePublished\":\"2022-11-08T20:02:54+00:00\",\"dateModified\":\"2023-08-11T09:53:18+00:00\",\"description\":\"kgerad.de bietet Ihnen das Ortler E-URBN Lite blau zum besten Preis mit kostenlosem Versand in ganz EuropaOrtler URBN LiteOrtler URBN Lite\",\"breadcrumb\":{\"@id\":\"https:\/\/kgerad.de\/produkt\/ortler-e-urbn-lite-blau\/#breadcrumb\"},\"inLanguage\":\"en-US\",\"potentialAction\":[{\"@type\":\"ReadAction\",\"target\":[\"https:\/\/kgerad.de\/produkt\/ortler-e-urbn-lite-blau\/\"]}]},{\"@type\":\"ImageObject\",\"inLanguage\":\"en-US\",\"@id\":\"https:\/\/kgerad.de\/produkt\/ortler-e-urbn-lite-blau\/#primaryimage\",\"url\":\"https:\/\/kgerad.de\/wp-content\/uploads\/2023\/06\/ortler-e-urbn-lite-dark-blue-mat-1.jpg\",\"contentUrl\":\"https:\/\/kgerad.de\/wp-content\/uploads\/2023\/06\/ortler-e-urbn-lite-dark-blue-mat-1.jpg\",\"width\":2400,\"height\":2400,\"caption\":\"Ortler E-URBN Lite blau\"},{\"@type\":\"BreadcrumbList\",\"@id\":\"https:\/\/kgerad.de\/produkt\/ortler-e-urbn-lite-blau\/#breadcrumb\",\"itemListElement\":[{\"@type\":\"ListItem\",\"position\":1,\"name\":\"Startseite\",\"item\":\"https:\/\/kgerad.de\/\"},{\"@type\":\"ListItem\",\"position\":2,\"name\":\"LADEN\",\"item\":\"https:\/\/kgerad.de\/laden\/\"},{\"@type\":\"ListItem\",\"position\":3,\"name\":\"Ortler E-URBN Lite blau\"}]},{\"@type\":\"WebSite\",\"@id\":\"https:\/\/kgerad.de\/#website\",\"url\":\"https:\/\/kgerad.de\/\",\"name\":\"kgerad.de\",\"description\":\"Treten Sie mit uns ins Abenteuer!\",\"publisher\":{\"@id\":\"https:\/\/kgerad.de\/#organization\"},\"alternateName\":\"MEIN RADLADEN\",\"potentialAction\":[{\"@type\":\"SearchAction\",\"target\":{\"@type\":\"EntryPoint\",\"urlTemplate\":\"https:\/\/kgerad.de\/?s={search_term_string}\"},\"query-input\":{\"@type\":\"PropertyValueSpecification\",\"valueRequired\":true,\"valueName\":\"search_term_string\"}}],\"inLanguage\":\"en-US\"},{\"@type\":\"Organization\",\"@id\":\"https:\/\/kgerad.de\/#organization\",\"name\":\"MEINRADLADEN\",\"alternateName\":\"MEIN RADLADEN\",\"url\":\"https:\/\/kgerad.de\/\",\"logo\":{\"@type\":\"ImageObject\",\"inLanguage\":\"en-US\",\"@id\":\"https:\/\/kgerad.de\/#\/schema\/logo\/image\/\",\"url\":\"https:\/\/kgerad.de\/wp-content\/uploads\/2025\/07\/logo-Whit.svg\",\"contentUrl\":\"https:\/\/kgerad.de\/wp-content\/uploads\/2025\/07\/logo-Whit.svg\",\"width\":1640,\"height\":371,\"caption\":\"MEINRADLADEN\"},\"image\":{\"@id\":\"https:\/\/kgerad.de\/#\/schema\/logo\/image\/\"}}]}<\/script>\n<!-- \/ Yoast SEO Premium plugin. -->","yoast_head_json":{"title":"Ortler E-URBN Lite blau","description":"kgerad.de bietet Ihnen das Ortler E-URBN Lite blau zum besten Preis mit kostenlosem Versand in ganz EuropaOrtler URBN LiteOrtler URBN Lite","robots":{"index":"index","follow":"follow","max-snippet":"max-snippet:-1","max-image-preview":"max-image-preview:large","max-video-preview":"max-video-preview:-1"},"canonical":"https:\/\/kgerad.de\/en\/product\/ortler-e-urbn-lite-blau\/","og_locale":"en_US","og_type":"article","og_title":"Ortler E-URBN Lite blau","og_description":"Entdecken Sie unseren Online-Fahrradladen: Gro\u00dfe Auswahl an Modellen f\u00fcr alle Radsportbegeisterten. Von Rennr\u00e4dern bis zu Mountainbikes - finden Sie heute Ihren perfekten Wegbegleiter!","og_url":"https:\/\/kgerad.de\/en\/product\/ortler-e-urbn-lite-blau\/","og_site_name":"kgerad.de","article_modified_time":"2023-08-11T09:53:18+00:00","og_image":[{"width":2400,"height":2400,"url":"https:\/\/kgerad.de\/wp-content\/uploads\/2023\/06\/ortler-e-urbn-lite-dark-blue-mat-1.jpg","type":"image\/jpeg"}],"twitter_card":"summary_large_image","twitter_misc":{"Est. reading time":"4 minutes"},"schema":{"@context":"https:\/\/schema.org","@graph":[{"@type":"WebPage","@id":"https:\/\/kgerad.de\/produkt\/ortler-e-urbn-lite-blau\/","url":"https:\/\/kgerad.de\/produkt\/ortler-e-urbn-lite-blau\/","name":"Ortler E-URBN Lite blau","isPartOf":{"@id":"https:\/\/kgerad.de\/#website"},"primaryImageOfPage":{"@id":"https:\/\/kgerad.de\/produkt\/ortler-e-urbn-lite-blau\/#primaryimage"},"image":{"@id":"https:\/\/kgerad.de\/produkt\/ortler-e-urbn-lite-blau\/#primaryimage"},"thumbnailUrl":"https:\/\/kgerad.de\/wp-content\/uploads\/2023\/06\/ortler-e-urbn-lite-dark-blue-mat-1.jpg","datePublished":"2022-11-08T20:02:54+00:00","dateModified":"2023-08-11T09:53:18+00:00","description":"kgerad.de bietet Ihnen das Ortler E-URBN Lite blau zum besten Preis mit kostenlosem Versand in ganz EuropaOrtler URBN LiteOrtler URBN Lite","breadcrumb":{"@id":"https:\/\/kgerad.de\/produkt\/ortler-e-urbn-lite-blau\/#breadcrumb"},"inLanguage":"en-US","potentialAction":[{"@type":"ReadAction","target":["https:\/\/kgerad.de\/produkt\/ortler-e-urbn-lite-blau\/"]}]},{"@type":"ImageObject","inLanguage":"en-US","@id":"https:\/\/kgerad.de\/produkt\/ortler-e-urbn-lite-blau\/#primaryimage","url":"https:\/\/kgerad.de\/wp-content\/uploads\/2023\/06\/ortler-e-urbn-lite-dark-blue-mat-1.jpg","contentUrl":"https:\/\/kgerad.de\/wp-content\/uploads\/2023\/06\/ortler-e-urbn-lite-dark-blue-mat-1.jpg","width":2400,"height":2400,"caption":"Ortler E-URBN Lite blau"},{"@type":"BreadcrumbList","@id":"https:\/\/kgerad.de\/produkt\/ortler-e-urbn-lite-blau\/#breadcrumb","itemListElement":[{"@type":"ListItem","position":1,"name":"Startseite","item":"https:\/\/kgerad.de\/"},{"@type":"ListItem","position":2,"name":"LADEN","item":"https:\/\/kgerad.de\/laden\/"},{"@type":"ListItem","position":3,"name":"Ortler E-URBN Lite blau"}]},{"@type":"WebSite","@id":"https:\/\/kgerad.de\/#website","url":"https:\/\/kgerad.de\/","name":"kgerad.de","description":"Treten Sie mit uns ins Abenteuer!","publisher":{"@id":"https:\/\/kgerad.de\/#organization"},"alternateName":"MEIN RADLADEN","potentialAction":[{"@type":"SearchAction","target":{"@type":"EntryPoint","urlTemplate":"https:\/\/kgerad.de\/?s={search_term_string}"},"query-input":{"@type":"PropertyValueSpecification","valueRequired":true,"valueName":"search_term_string"}}],"inLanguage":"en-US"},{"@type":"Organization","@id":"https:\/\/kgerad.de\/#organization","name":"MEINRADLADEN","alternateName":"MEIN RADLADEN","url":"https:\/\/kgerad.de\/","logo":{"@type":"ImageObject","inLanguage":"en-US","@id":"https:\/\/kgerad.de\/#\/schema\/logo\/image\/","url":"https:\/\/kgerad.de\/wp-content\/uploads\/2025\/07\/logo-Whit.svg","contentUrl":"https:\/\/kgerad.de\/wp-content\/uploads\/2025\/07\/logo-Whit.svg","width":1640,"height":371,"caption":"MEINRADLADEN"},"image":{"@id":"https:\/\/kgerad.de\/#\/schema\/logo\/image\/"}}]}},"_links":{"self":[{"href":"https:\/\/kgerad.de\/en\/wp-json\/wp\/v2\/product\/39175","targetHints":{"allow":["GET"]}}],"collection":[{"href":"https:\/\/kgerad.de\/en\/wp-json\/wp\/v2\/product"}],"about":[{"href":"https:\/\/kgerad.de\/en\/wp-json\/wp\/v2\/types\/product"}],"replies":[{"embeddable":true,"href":"https:\/\/kgerad.de\/en\/wp-json\/wp\/v2\/comments?post=39175"}],"version-history":[{"count":1,"href":"https:\/\/kgerad.de\/en\/wp-json\/wp\/v2\/product\/39175\/revisions"}],"predecessor-version":[{"id":79554,"href":"https:\/\/kgerad.de\/en\/wp-json\/wp\/v2\/product\/39175\/revisions\/79554"}],"wp:featuredmedia":[{"embeddable":true,"href":"https:\/\/kgerad.de\/en\/wp-json\/wp\/v2\/media\/61463"}],"wp:attachment":[{"href":"https:\/\/kgerad.de\/en\/wp-json\/wp\/v2\/media?parent=39175"}],"wp:term":[{"taxonomy":"product_brand","embeddable":true,"href":"https:\/\/kgerad.de\/en\/wp-json\/wp\/v2\/product_brand?post=39175"},{"taxonomy":"product_cat","embeddable":true,"href":"https:\/\/kgerad.de\/en\/wp-json\/wp\/v2\/product_cat?post=39175"},{"taxonomy":"product_tag","embeddable":true,"href":"https:\/\/kgerad.de\/en\/wp-json\/wp\/v2\/product_tag?post=39175"}],"curies":[{"name":"wp","href":"https:\/\/api.w.org\/{rel}","templated":true}]}}