{"id":39108,"date":"2022-11-08T20:13:10","date_gmt":"2022-11-08T19:13:10","guid":{"rendered":"https:\/\/kgerad.de\/?post_type=product&#038;p=39108"},"modified":"2023-08-11T12:06:07","modified_gmt":"2023-08-11T10:06:07","slug":"cube-analog-flashgreynred","status":"publish","type":"product","link":"https:\/\/kgerad.de\/en\/product\/cube-analog-flashgreynred\/","title":{"rendered":"Cube Analog flashgrey\u00b4n\u00b4red"},"content":{"rendered":"<div class=\"content--title\">\n<div class=\"content--title\">\n<div class=\"content--title\"><strong>Cube<\/strong>\u00a0Analog flashgrey\u00b4n\u00b4red<\/div>\n<div class=\"product--description\">\n<p>Ein Mountainbike-Hardtail ist ein super Allrounder und mit dem richtigen Set-up der absolute Ingegriff von Vielseitigkeit. Bei der Konfiguration des neuen Analog hat Cube deshalb eine SX Eagle 1&#215;12 Schaltung von Sram verbaut: weiter \u00dcbersetzungsbereich, einfache Bedienung, zuverl\u00e4ssige Performance &#8211; perfekt f\u00fcr ambitionierte Trail-Fahrer.<\/p>\n<hr \/>\n<p><a href=\"https:\/\/www.cube.eu\/360\/502100\" target=\"_blank\" rel=\"noopener\"><img decoding=\"async\" title=\"360\u00b0\" src=\"https:\/\/cd.bike-discount.de\/media\/image\/3a\/ee\/83\/360.png\" alt=\"\" width=\"40\" height=\"39\" data-mid=\"729769\" data-src=\"media\/image\/360.png\" \/>360\u00b0-Ansicht \u00f6ffnen<\/a><\/p>\n<hr \/>\n<p>Dann haben wir ihm leistungsstarke hydraulische Shimano Scheibenbremsen und eine Rockshox Judy Gabel mit 100 mm Federweg und Lockout verpasst &#8211; maximale Kontrolle garantiert. Das Offroad-Paket komplett machen griffige, 2.25 Zoll breite Schwalbe Reifen, unser SizeSplit System f\u00fcr die perfekt abgestimmte Gr\u00f6\u00dfe sowie die M\u00f6glichkeit, den Rahmen mit einer versenkbaren Sattelst\u00fctze aufzur\u00fcsten.<\/p>\n<hr \/>\n<p><strong>In den Rahmengr\u00f6\u00dfen XS (14&#8243;) und S (16&#8243;) als 27,5er. In den Rahmengr\u00f6\u00dfen M (18&#8243;), L (20&#8243;), XL (22&#8243;) und XXL (24&#8243;) als 29er.<\/strong><\/p>\n<hr \/>\n<h3>RAHMEN Cube Analog flashgrey\u00b4n\u00b4red<\/h3>\n<p>Der brandneue Analog Rahmen besticht 2022 mit einem \u00fcberarbeiteten, supercleanen Look. Verantwortlich daf\u00fcr: das im Smooth Welding Verfahren hergestellte Steuerrohr und Sattelst\u00fctzenprofil. Au\u00dferdem haben wir ihm ein geschraubtes Tretlager gegeben und die Z\u00fcge ins Innere verlegt, damit sie ihre Aufgabe lange machen und leicht gewartet werden k\u00f6nnen. Es gibt sogar eine Aufnahme f\u00fcr eine Flat-Mount-Scheibenbremse, die nahtlos in die Seitenst\u00e4nderaufnahme integriert ist. Montagepunkte f\u00fcr ACID Schutzbleche und Gep\u00e4cktr\u00e4ger sind auch mit dabei. Die \u00fcberarbeitete Geometrie hat ein niedrigeres Oberrohr und konifiziertes Steuerrohr f\u00fcr noch zuverl\u00e4ssigeres Handling. Die Kabelz\u00fcge verlaufen im Inneren, was die Wartung erleichtert. Au\u00dferdem bleibt viel Platz f\u00fcr breite, griffige und komfortabel rollende 2.25 Zoll Reifen. Wir haben unserem SizeSplit System \u00fcbrigens weitere Gr\u00f6\u00dfenoptionen hinzugef\u00fcgt &#8211; dadurch findet jeder und jede die perfekt passende Analog Rahmengr\u00f6\u00dfe f\u00fcr sich. Und da mit wachsendem Fahrk\u00f6nnen auch die Anspr\u00fcche steigen, kann der Rahmen mit einer versenkbaren Sattelst\u00fctze ausgestattet werden.<\/p>\n<h2>Ausstattung<\/h2>\n<div class=\"product--properties panel has--border\">\n<table class=\"product--properties-table\">\n<tbody>\n<tr class=\"product--properties-row row1\">\n<td class=\"product--properties-label is--bold\">Rahmen:<\/td>\n<td class=\"product--properties-value\">Aluminium Lite, AMF, Double Butted, Internal Cable Routing, Tapered Head Tube, Flat Mount Brake, SIC Mount, FM Kickstand Mount<\/td>\n<\/tr>\n<tr class=\"product--properties-row row2\">\n<td class=\"product--properties-label is--bold\">Rahmenmaterial:<\/td>\n<td class=\"product--properties-value\">Aluminium<\/td>\n<\/tr>\n<tr class=\"product--properties-row row3\">\n<td class=\"product--properties-label is--bold\">Laufradgr\u00f6\u00dfe:<\/td>\n<td class=\"product--properties-value\">Size Split: 27.5: XS (14&#8243;), S (16&#8243;) \/\/ 29: M (18&#8243;), L (20&#8243;), XL (22&#8243;), XXL (24&#8243;)<\/td>\n<\/tr>\n<tr class=\"product--properties-row row4\">\n<td class=\"product--properties-label is--bold\">Farbe:<\/td>\n<td class=\"product--properties-value\">flashgrey\u00b4n\u00b4red<\/td>\n<\/tr>\n<tr class=\"product--properties-row row5\">\n<td class=\"product--properties-label is--bold\">Gabel:<\/td>\n<td class=\"product--properties-value\">RockShox Judy Silver TK Coil, 100mm, Lockout<\/td>\n<\/tr>\n<tr class=\"product--properties-row row6\">\n<td class=\"product--properties-label is--bold\">Federweg:<\/td>\n<td class=\"product--properties-value\">100mm<\/td>\n<\/tr>\n<tr class=\"product--properties-row row7\">\n<td class=\"product--properties-label is--bold\">Bremsen:<\/td>\n<td class=\"product--properties-value\">Shimano BR-MT200\/UR300, Hydr. Disc Brake, PM\/FM (180\/160)<\/td>\n<\/tr>\n<tr class=\"product--properties-row row8\">\n<td class=\"product--properties-label is--bold\">Steuersatz:<\/td>\n<td class=\"product--properties-value\">CUBE FPH868, Top 1 1\/8&#8243;, Bottom 1 1\/2&#8243;, Semi-Integrated<\/td>\n<\/tr>\n<tr class=\"product--properties-row row9\">\n<td class=\"product--properties-label is--bold\">Vorbau:<\/td>\n<td class=\"product--properties-value\">CUBE Performance Stem SL, 31.8mm<\/td>\n<\/tr>\n<tr class=\"product--properties-row row10\">\n<td class=\"product--properties-label is--bold\">Lenker:<\/td>\n<td class=\"product--properties-value\">CUBE Rise Trail Bar, 680mm<\/td>\n<\/tr>\n<tr class=\"product--properties-row row11\">\n<td class=\"product--properties-label is--bold\">Griffe:<\/td>\n<td class=\"product--properties-value\">ACID React<\/td>\n<\/tr>\n<tr class=\"product--properties-row row12\">\n<td class=\"product--properties-label is--bold\">Sattel:<\/td>\n<td class=\"product--properties-value\">Natural Fit Venec Lite<\/td>\n<\/tr>\n<tr class=\"product--properties-row row13\">\n<td class=\"product--properties-label is--bold\">Sattelst\u00fctze:<\/td>\n<td class=\"product--properties-value\">CUBE Performance Post, 27.2mm<\/td>\n<\/tr>\n<tr class=\"product--properties-row row14\">\n<td class=\"product--properties-label is--bold\">Sattelklemme:<\/td>\n<td class=\"product--properties-value\">CUBE Varioclose, 31.8mm<\/td>\n<\/tr>\n<tr class=\"product--properties-row row15\">\n<td class=\"product--properties-label is--bold\">Kurbel:<\/td>\n<td class=\"product--properties-value\">Sram SX Eagle\u2122 Powerspline, 32T, 175mm<\/td>\n<\/tr>\n<\/tbody>\n<\/table>\n<table class=\"product--properties-table\">\n<tbody>\n<tr class=\"product--properties-row row16\">\n<td class=\"product--properties-label is--bold\">Schaltwerk:<\/td>\n<td class=\"product--properties-value\">Sram SX Eagle\u2122, 12-Speed<\/td>\n<\/tr>\n<tr class=\"product--properties-row row17\">\n<td class=\"product--properties-label is--bold\">Schalthebel:<\/td>\n<td class=\"product--properties-value\">Sram SX Eagle\u2122 Trigger<\/td>\n<\/tr>\n<tr class=\"product--properties-row row18\">\n<td class=\"product--properties-label is--bold\">Kassette:<\/td>\n<td class=\"product--properties-value\">Sram PG-1210 Eagle\u2122, 11-50T<\/td>\n<\/tr>\n<tr class=\"product--properties-row row19\">\n<td class=\"product--properties-label is--bold\">Kette:<\/td>\n<td class=\"product--properties-value\">Sram SX Eagle\u2122<\/td>\n<\/tr>\n<tr class=\"product--properties-row row20\">\n<td class=\"product--properties-label is--bold\">Reifen:<\/td>\n<td class=\"product--properties-value\">Schwalbe Smart Sam, Active, 2.25<\/td>\n<\/tr>\n<tr class=\"product--properties-row row21\">\n<td class=\"product--properties-label is--bold\">Nabe Vorderrad:<\/td>\n<td class=\"product--properties-value\">Shimano HB-TX505, QR, Centerlock<\/td>\n<\/tr>\n<tr class=\"product--properties-row row22\">\n<td class=\"product--properties-label is--bold\">Nabe Hinterrad:<\/td>\n<td class=\"product--properties-value\">Shimano FH-TX505, QR, Centerlock<\/td>\n<\/tr>\n<tr class=\"product--properties-row row23\">\n<td class=\"product--properties-label is--bold\">Felgen:<\/td>\n<td class=\"product--properties-value\">CUBE ZX20, 32H, Disc<\/td>\n<\/tr>\n<tr class=\"product--properties-row row24\">\n<td class=\"product--properties-label is--bold\">Pedale:<\/td>\n<td class=\"product--properties-value\">CUBE PP MTB<\/td>\n<\/tr>\n<tr class=\"product--properties-row row25\">\n<td class=\"product--properties-label is--bold\">Zul\u00e4ssiges Gesamtgewicht:<\/td>\n<td class=\"product--properties-value\">140 kg -&gt; 115 kg (K\u00f6rpergewicht + Fahrrad + Ausr\u00fcstung) + 25 kg Zuladung (Gep\u00e4cktr\u00e4ger)<\/td>\n<\/tr>\n<tr class=\"product--properties-row row26\">\n<td class=\"product--properties-label is--bold\">Gewicht Komplettrad:<\/td>\n<td class=\"product--properties-value\">ab 13,8 kg<\/td>\n<\/tr>\n<\/tbody>\n<\/table>\n<\/div>\n<\/div>\n<\/div>\n<\/div>","protected":false},"excerpt":{"rendered":"<p>Cube\u00a0Analog flashgrey\u00b4n\u00b4red Ein Mountainbike-Hardtail ist ein super Allrounder und mit dem richtigen Set-up der absolute Ingegriff von Vielseitigkeit. Bei der<\/p>","protected":false},"featured_media":61442,"comment_status":"open","ping_status":"closed","template":"","meta":[],"product_brand":[],"product_cat":[295],"product_tag":[],"class_list":{"0":"post-39108","1":"product","2":"type-product","3":"status-publish","4":"has-post-thumbnail","6":"product_cat-hardtail-27","7":"pa_marke-cube","9":"first","10":"instock","11":"sale","12":"taxable","13":"shipping-taxable","14":"purchasable","15":"product-type-variable"},"yoast_head":"<!-- This site is optimized with the Yoast SEO Premium plugin v20.12 (Yoast SEO v27.1.1) - https:\/\/yoast.com\/product\/yoast-seo-premium-wordpress\/ -->\n<title>Cube Analog flashgrey\u00b4n\u00b4red<\/title>\n<meta name=\"description\" content=\"kgerad.de bietet Ihnen das Cube Analog flashgrey\u00b4n\u00b4red zum besten Preis mit kostenlosem Versand in ganz EuropaCube Analog flashgrey\u00b4Cube Analog flashgrey\u00b4\" \/>\n<meta name=\"robots\" content=\"index, follow, max-snippet:-1, max-image-preview:large, max-video-preview:-1\" \/>\n<link rel=\"canonical\" href=\"https:\/\/kgerad.de\/en\/product\/cube-analog-flashgreynred\/\" \/>\n<meta property=\"og:locale\" content=\"en_US\" \/>\n<meta property=\"og:type\" content=\"article\" \/>\n<meta property=\"og:title\" content=\"Cube Analog flashgrey\u00b4n\u00b4red\" \/>\n<meta property=\"og:description\" content=\"Entdecken Sie unseren Online-Fahrradladen: Gro\u00dfe Auswahl an Modellen f\u00fcr alle Radsportbegeisterten. Von Rennr\u00e4dern bis zu Mountainbikes - finden Sie heute Ihren perfekten Wegbegleiter!\" \/>\n<meta property=\"og:url\" content=\"https:\/\/kgerad.de\/en\/product\/cube-analog-flashgreynred\/\" \/>\n<meta property=\"og:site_name\" content=\"kgerad.de\" \/>\n<meta property=\"article:modified_time\" content=\"2023-08-11T10:06:07+00:00\" \/>\n<meta property=\"og:image\" content=\"https:\/\/kgerad.de\/wp-content\/uploads\/2023\/06\/Cube-Analog-flashgrey\u00b4n\u00b4red.jpg\" \/>\n\t<meta property=\"og:image:width\" content=\"800\" \/>\n\t<meta property=\"og:image:height\" content=\"448\" \/>\n\t<meta property=\"og:image:type\" content=\"image\/jpeg\" \/>\n<meta name=\"twitter:card\" content=\"summary_large_image\" \/>\n<meta name=\"twitter:label1\" content=\"Est. reading time\" \/>\n\t<meta name=\"twitter:data1\" content=\"3 minutes\" \/>\n<script type=\"application\/ld+json\" class=\"yoast-schema-graph\">{\"@context\":\"https:\/\/schema.org\",\"@graph\":[{\"@type\":\"WebPage\",\"@id\":\"https:\/\/kgerad.de\/produkt\/cube-analog-flashgreynred\/\",\"url\":\"https:\/\/kgerad.de\/produkt\/cube-analog-flashgreynred\/\",\"name\":\"Cube Analog flashgrey\u00b4n\u00b4red\",\"isPartOf\":{\"@id\":\"https:\/\/kgerad.de\/#website\"},\"primaryImageOfPage\":{\"@id\":\"https:\/\/kgerad.de\/produkt\/cube-analog-flashgreynred\/#primaryimage\"},\"image\":{\"@id\":\"https:\/\/kgerad.de\/produkt\/cube-analog-flashgreynred\/#primaryimage\"},\"thumbnailUrl\":\"https:\/\/kgerad.de\/wp-content\/uploads\/2023\/06\/Cube-Analog-flashgrey\u00b4n\u00b4red.jpg\",\"datePublished\":\"2022-11-08T19:13:10+00:00\",\"dateModified\":\"2023-08-11T10:06:07+00:00\",\"description\":\"kgerad.de bietet Ihnen das Cube Analog flashgrey\u00b4n\u00b4red zum besten Preis mit kostenlosem Versand in ganz EuropaCube Analog flashgrey\u00b4Cube Analog flashgrey\u00b4\",\"breadcrumb\":{\"@id\":\"https:\/\/kgerad.de\/produkt\/cube-analog-flashgreynred\/#breadcrumb\"},\"inLanguage\":\"en-US\",\"potentialAction\":[{\"@type\":\"ReadAction\",\"target\":[\"https:\/\/kgerad.de\/produkt\/cube-analog-flashgreynred\/\"]}]},{\"@type\":\"ImageObject\",\"inLanguage\":\"en-US\",\"@id\":\"https:\/\/kgerad.de\/produkt\/cube-analog-flashgreynred\/#primaryimage\",\"url\":\"https:\/\/kgerad.de\/wp-content\/uploads\/2023\/06\/Cube-Analog-flashgrey\u00b4n\u00b4red.jpg\",\"contentUrl\":\"https:\/\/kgerad.de\/wp-content\/uploads\/2023\/06\/Cube-Analog-flashgrey\u00b4n\u00b4red.jpg\",\"width\":800,\"height\":448,\"caption\":\"Cube Analog flashgrey\u00b4n\u00b4red\"},{\"@type\":\"BreadcrumbList\",\"@id\":\"https:\/\/kgerad.de\/produkt\/cube-analog-flashgreynred\/#breadcrumb\",\"itemListElement\":[{\"@type\":\"ListItem\",\"position\":1,\"name\":\"Startseite\",\"item\":\"https:\/\/kgerad.de\/\"},{\"@type\":\"ListItem\",\"position\":2,\"name\":\"LADEN\",\"item\":\"https:\/\/kgerad.de\/laden\/\"},{\"@type\":\"ListItem\",\"position\":3,\"name\":\"Cube Analog flashgrey\u00b4n\u00b4red\"}]},{\"@type\":\"WebSite\",\"@id\":\"https:\/\/kgerad.de\/#website\",\"url\":\"https:\/\/kgerad.de\/\",\"name\":\"kgerad.de\",\"description\":\"Treten Sie mit uns ins Abenteuer!\",\"publisher\":{\"@id\":\"https:\/\/kgerad.de\/#organization\"},\"alternateName\":\"MEIN RADLADEN\",\"potentialAction\":[{\"@type\":\"SearchAction\",\"target\":{\"@type\":\"EntryPoint\",\"urlTemplate\":\"https:\/\/kgerad.de\/?s={search_term_string}\"},\"query-input\":{\"@type\":\"PropertyValueSpecification\",\"valueRequired\":true,\"valueName\":\"search_term_string\"}}],\"inLanguage\":\"en-US\"},{\"@type\":\"Organization\",\"@id\":\"https:\/\/kgerad.de\/#organization\",\"name\":\"MEINRADLADEN\",\"alternateName\":\"MEIN RADLADEN\",\"url\":\"https:\/\/kgerad.de\/\",\"logo\":{\"@type\":\"ImageObject\",\"inLanguage\":\"en-US\",\"@id\":\"https:\/\/kgerad.de\/#\/schema\/logo\/image\/\",\"url\":\"https:\/\/kgerad.de\/wp-content\/uploads\/2025\/07\/logo-Whit.svg\",\"contentUrl\":\"https:\/\/kgerad.de\/wp-content\/uploads\/2025\/07\/logo-Whit.svg\",\"width\":1640,\"height\":371,\"caption\":\"MEINRADLADEN\"},\"image\":{\"@id\":\"https:\/\/kgerad.de\/#\/schema\/logo\/image\/\"}}]}<\/script>\n<!-- \/ Yoast SEO Premium plugin. -->","yoast_head_json":{"title":"Cube Analog flashgrey\u00b4n\u00b4red","description":"kgerad.de bietet Ihnen das Cube Analog flashgrey\u00b4n\u00b4red zum besten Preis mit kostenlosem Versand in ganz EuropaCube Analog flashgrey\u00b4Cube Analog flashgrey\u00b4","robots":{"index":"index","follow":"follow","max-snippet":"max-snippet:-1","max-image-preview":"max-image-preview:large","max-video-preview":"max-video-preview:-1"},"canonical":"https:\/\/kgerad.de\/en\/product\/cube-analog-flashgreynred\/","og_locale":"en_US","og_type":"article","og_title":"Cube Analog flashgrey\u00b4n\u00b4red","og_description":"Entdecken Sie unseren Online-Fahrradladen: Gro\u00dfe Auswahl an Modellen f\u00fcr alle Radsportbegeisterten. Von Rennr\u00e4dern bis zu Mountainbikes - finden Sie heute Ihren perfekten Wegbegleiter!","og_url":"https:\/\/kgerad.de\/en\/product\/cube-analog-flashgreynred\/","og_site_name":"kgerad.de","article_modified_time":"2023-08-11T10:06:07+00:00","og_image":[{"width":800,"height":448,"url":"https:\/\/kgerad.de\/wp-content\/uploads\/2023\/06\/Cube-Analog-flashgrey\u00b4n\u00b4red.jpg","type":"image\/jpeg"}],"twitter_card":"summary_large_image","twitter_misc":{"Est. reading time":"3 minutes"},"schema":{"@context":"https:\/\/schema.org","@graph":[{"@type":"WebPage","@id":"https:\/\/kgerad.de\/produkt\/cube-analog-flashgreynred\/","url":"https:\/\/kgerad.de\/produkt\/cube-analog-flashgreynred\/","name":"Cube Analog flashgrey\u00b4n\u00b4red","isPartOf":{"@id":"https:\/\/kgerad.de\/#website"},"primaryImageOfPage":{"@id":"https:\/\/kgerad.de\/produkt\/cube-analog-flashgreynred\/#primaryimage"},"image":{"@id":"https:\/\/kgerad.de\/produkt\/cube-analog-flashgreynred\/#primaryimage"},"thumbnailUrl":"https:\/\/kgerad.de\/wp-content\/uploads\/2023\/06\/Cube-Analog-flashgrey\u00b4n\u00b4red.jpg","datePublished":"2022-11-08T19:13:10+00:00","dateModified":"2023-08-11T10:06:07+00:00","description":"kgerad.de bietet Ihnen das Cube Analog flashgrey\u00b4n\u00b4red zum besten Preis mit kostenlosem Versand in ganz EuropaCube Analog flashgrey\u00b4Cube Analog flashgrey\u00b4","breadcrumb":{"@id":"https:\/\/kgerad.de\/produkt\/cube-analog-flashgreynred\/#breadcrumb"},"inLanguage":"en-US","potentialAction":[{"@type":"ReadAction","target":["https:\/\/kgerad.de\/produkt\/cube-analog-flashgreynred\/"]}]},{"@type":"ImageObject","inLanguage":"en-US","@id":"https:\/\/kgerad.de\/produkt\/cube-analog-flashgreynred\/#primaryimage","url":"https:\/\/kgerad.de\/wp-content\/uploads\/2023\/06\/Cube-Analog-flashgrey\u00b4n\u00b4red.jpg","contentUrl":"https:\/\/kgerad.de\/wp-content\/uploads\/2023\/06\/Cube-Analog-flashgrey\u00b4n\u00b4red.jpg","width":800,"height":448,"caption":"Cube Analog flashgrey\u00b4n\u00b4red"},{"@type":"BreadcrumbList","@id":"https:\/\/kgerad.de\/produkt\/cube-analog-flashgreynred\/#breadcrumb","itemListElement":[{"@type":"ListItem","position":1,"name":"Startseite","item":"https:\/\/kgerad.de\/"},{"@type":"ListItem","position":2,"name":"LADEN","item":"https:\/\/kgerad.de\/laden\/"},{"@type":"ListItem","position":3,"name":"Cube Analog flashgrey\u00b4n\u00b4red"}]},{"@type":"WebSite","@id":"https:\/\/kgerad.de\/#website","url":"https:\/\/kgerad.de\/","name":"kgerad.de","description":"Treten Sie mit uns ins Abenteuer!","publisher":{"@id":"https:\/\/kgerad.de\/#organization"},"alternateName":"MEIN RADLADEN","potentialAction":[{"@type":"SearchAction","target":{"@type":"EntryPoint","urlTemplate":"https:\/\/kgerad.de\/?s={search_term_string}"},"query-input":{"@type":"PropertyValueSpecification","valueRequired":true,"valueName":"search_term_string"}}],"inLanguage":"en-US"},{"@type":"Organization","@id":"https:\/\/kgerad.de\/#organization","name":"MEINRADLADEN","alternateName":"MEIN RADLADEN","url":"https:\/\/kgerad.de\/","logo":{"@type":"ImageObject","inLanguage":"en-US","@id":"https:\/\/kgerad.de\/#\/schema\/logo\/image\/","url":"https:\/\/kgerad.de\/wp-content\/uploads\/2025\/07\/logo-Whit.svg","contentUrl":"https:\/\/kgerad.de\/wp-content\/uploads\/2025\/07\/logo-Whit.svg","width":1640,"height":371,"caption":"MEINRADLADEN"},"image":{"@id":"https:\/\/kgerad.de\/#\/schema\/logo\/image\/"}}]}},"_links":{"self":[{"href":"https:\/\/kgerad.de\/en\/wp-json\/wp\/v2\/product\/39108","targetHints":{"allow":["GET"]}}],"collection":[{"href":"https:\/\/kgerad.de\/en\/wp-json\/wp\/v2\/product"}],"about":[{"href":"https:\/\/kgerad.de\/en\/wp-json\/wp\/v2\/types\/product"}],"replies":[{"embeddable":true,"href":"https:\/\/kgerad.de\/en\/wp-json\/wp\/v2\/comments?post=39108"}],"version-history":[{"count":1,"href":"https:\/\/kgerad.de\/en\/wp-json\/wp\/v2\/product\/39108\/revisions"}],"predecessor-version":[{"id":79561,"href":"https:\/\/kgerad.de\/en\/wp-json\/wp\/v2\/product\/39108\/revisions\/79561"}],"wp:featuredmedia":[{"embeddable":true,"href":"https:\/\/kgerad.de\/en\/wp-json\/wp\/v2\/media\/61442"}],"wp:attachment":[{"href":"https:\/\/kgerad.de\/en\/wp-json\/wp\/v2\/media?parent=39108"}],"wp:term":[{"taxonomy":"product_brand","embeddable":true,"href":"https:\/\/kgerad.de\/en\/wp-json\/wp\/v2\/product_brand?post=39108"},{"taxonomy":"product_cat","embeddable":true,"href":"https:\/\/kgerad.de\/en\/wp-json\/wp\/v2\/product_cat?post=39108"},{"taxonomy":"product_tag","embeddable":true,"href":"https:\/\/kgerad.de\/en\/wp-json\/wp\/v2\/product_tag?post=39108"}],"curies":[{"name":"wp","href":"https:\/\/api.w.org\/{rel}","templated":true}]}}