{"id":39093,"date":"2022-11-08T19:59:49","date_gmt":"2022-11-08T18:59:49","guid":{"rendered":"https:\/\/kgerad.de\/?post_type=product&#038;p=39093"},"modified":"2025-06-12T21:57:48","modified_gmt":"2025-06-12T19:57:48","slug":"radon-zr-team-6-0-2","status":"publish","type":"product","link":"https:\/\/kgerad.de\/en\/product\/radon-zr-team-6-0-2\/","title":{"rendered":"Radon ZR Team 6.0"},"content":{"rendered":"<h2 class=\"content--title\"><strong>Radon<\/strong>\u00a0ZR Team 6.0<\/h2>\n<p class=\"product--description\">Unser Radon ZR TEAM 6.0 ist ein Top-Einstieg in die Mountainbike-Welt, hier ist jedes Teil geschickt gew\u00e4hlt, damit der Traileinsatz auch f\u00fcr einen \u00fcberschaubaren Preis richtig Spa\u00df macht.<\/p>\n<hr \/>\n<h3><em>Bitte beachte bei den Rahmengr\u00f6\u00dfen die verschiedenen Laufradgr\u00f6\u00dfen!<\/em><\/h3>\n<hr \/>\n<h3>Die Highlights des Radon ZR Team<\/h3>\n<p>Basis ist der leichte und stabile ZR TEAM Aluminiumrahmen, den Du im Size Split w\u00e4hlen kannst, d.h. bei den g\u00e4ngigen Bestseller-Gr\u00f6\u00dfen 18&#8243; und 20&#8243; kannst Du zwischen agilen 27.5&#8243; und \u00fcberrollfreudigen 29&#8243; Laufr\u00e4dern w\u00e4hlen. An der Front arbeitet sich eine Rock Shox Judy TK Coil an kleinen wie gro\u00dfen Hindernissen ab und h\u00e4lt Ersch\u00fctterungen von Dir fern, f\u00fcr lange Bergaufabschnitte l\u00e4sst sie sich bequem vom Lenker aus blockieren. Die Sram SX Eagle 12-fach Schaltung ist top aktuell und verbindet einfache Handhabung mit gro\u00dfer Bandbreite und l\u00e4sst Dich dadurch auch die steilsten Climbs meistern. Satte Bremspower und solide Haltbarkeit garantiert Dir die Shimano BR-MT200 Bremsanlage, leicht laufend und im Gel\u00e4nde griffig sind Schwalbe&#8217;s Reifenklassiker Smart Sam. Sei schnell und sicher&#8216; Dir das ZR TEAM<\/p>\n<h2>Ausstattung<\/h2>\n<div class=\"product--properties panel has--border\">\n<table class=\"product--properties-table\">\n<tbody>\n<tr class=\"product--properties-row row1\">\n<td class=\"product--properties-label is--bold\">Rahmen:<\/td>\n<td class=\"product--properties-value\">ZR TEAM, Gewicht: 2000 g, Maximale Reifenbreite: 2.35&#8243;, Schaltauge: #10169<\/td>\n<\/tr>\n<tr class=\"product--properties-row row2\">\n<td class=\"product--properties-label is--bold\">Rahmenmaterial:<\/td>\n<td class=\"product--properties-value\">Aluminium<\/td>\n<\/tr>\n<tr class=\"product--properties-row row3\">\n<td class=\"product--properties-label is--bold\">Laufradgr\u00f6\u00dfe:<\/td>\n<td class=\"product--properties-value\">Size split: 27.5&#8243; (16&#8243;, 18&#8243;, 20&#8243;) \/ 29&#8243; (18&#8243;, 20&#8243;, 22&#8243;)<\/td>\n<\/tr>\n<tr class=\"product--properties-row row4\">\n<td class=\"product--properties-label is--bold\">Farbe:<\/td>\n<td class=\"product--properties-value\">\n<table class=\"product--properties-table\">\n<tbody>\n<tr class=\"product--properties-row row4\">\n<td class=\"product--properties-value\">black \/ deepblack<\/td>\n<\/tr>\n<\/tbody>\n<\/table>\n<\/td>\n<\/tr>\n<tr class=\"product--properties-row row5\">\n<td class=\"product--properties-label is--bold\">Gabel:<\/td>\n<td class=\"product--properties-value\">RockShox Judy, TK, Coil, PopLoc Remote<\/td>\n<\/tr>\n<tr class=\"product--properties-row row6\">\n<td class=\"product--properties-label is--bold\">Federweg:<\/td>\n<td class=\"product--properties-value\">100mm<\/td>\n<\/tr>\n<tr class=\"product--properties-row row7\">\n<td class=\"product--properties-label is--bold\">Bremsen:<\/td>\n<td class=\"product--properties-value\">Shimano BR-MT200<\/td>\n<\/tr>\n<tr class=\"product--properties-row row8\">\n<td class=\"product--properties-label is--bold\">Bremsscheiben:<\/td>\n<td class=\"product--properties-value\">Shimano SM-RT10, 180\/160mm, center-lock<\/td>\n<\/tr>\n<tr class=\"product--properties-row row9\">\n<td class=\"product--properties-label is--bold\">Steuersatz:<\/td>\n<td class=\"product--properties-value\">ZS44\/ZS56<\/td>\n<\/tr>\n<tr class=\"product--properties-row row10\">\n<td class=\"product--properties-label is--bold\">Vorbau:<\/td>\n<td class=\"product--properties-value\">LEVELNINE Race, 31.8mm, 6\u00b0 (&#8222;16&#8243;\/60mm, 18&#8243;\/75mm, 20&#8243;\/75mm) \/ (18&#8243;\/75mm, 20&#8243;\/75mm, 22&#8243;\/90mm)<\/td>\n<\/tr>\n<tr class=\"product--properties-row row11\">\n<td class=\"product--properties-label is--bold\">Lenker:<\/td>\n<td class=\"product--properties-value\">LEVELNINE Race, 31.8 x 720mm, 15mm rise<\/td>\n<\/tr>\n<tr class=\"product--properties-row row12\">\n<td class=\"product--properties-label is--bold\">Griffe:<\/td>\n<td class=\"product--properties-value\">RADON performance grips<\/td>\n<\/tr>\n<tr class=\"product--properties-row row13\">\n<td class=\"product--properties-label is--bold\">Sattel:<\/td>\n<td class=\"product--properties-value\">Selle Italia X1<\/td>\n<\/tr>\n<tr class=\"product--properties-row row14\">\n<td class=\"product--properties-label is--bold\">Sattelst\u00fctze:<\/td>\n<td class=\"product--properties-value\">LEVELNINE Race, 30.9 x 400mm<\/td>\n<\/tr>\n<tr class=\"product--properties-row row15\">\n<td class=\"product--properties-label is--bold\">Kurbel:<\/td>\n<td class=\"product--properties-value\">SRAM SX Eagle, Powerspline, 32T, 175mm<\/td>\n<\/tr>\n<\/tbody>\n<\/table>\n<table class=\"product--properties-table\">\n<tbody>\n<tr class=\"product--properties-row row16\">\n<td class=\"product--properties-label is--bold\">Tretlager\/Innenlager:<\/td>\n<td class=\"product--properties-value\">SRAM Power Spline, BSA<\/td>\n<\/tr>\n<tr class=\"product--properties-row row17\">\n<td class=\"product--properties-label is--bold\">Schaltwerk:<\/td>\n<td class=\"product--properties-value\">Sram SX Eagle, 12-speed<\/td>\n<\/tr>\n<tr class=\"product--properties-row row18\">\n<td class=\"product--properties-label is--bold\">Schalthebel:<\/td>\n<td class=\"product--properties-value\">Sram SX Eagle<\/td>\n<\/tr>\n<tr class=\"product--properties-row row19\">\n<td class=\"product--properties-label is--bold\">Kassette:<\/td>\n<td class=\"product--properties-value\">SRAM PG-1210 Eagle, 11-50<\/td>\n<\/tr>\n<tr class=\"product--properties-row row20\">\n<td class=\"product--properties-label is--bold\">Kette:<\/td>\n<td class=\"product--properties-value\">Sram SX Eagle<\/td>\n<\/tr>\n<tr class=\"product--properties-row row21\">\n<td class=\"product--properties-label is--bold\">Reifen:<\/td>\n<td class=\"product--properties-value\">Schwalbe Smart Sam, K-Guard, wired, 27.5&#8243; x 2.25&#8243; \/ 29&#8243; x 2.25&#8243;<\/td>\n<\/tr>\n<tr class=\"product--properties-row row22\">\n<td class=\"product--properties-label is--bold\">Nabe Vorderrad:<\/td>\n<td class=\"product--properties-value\">Shimano Acera HB-M3050<\/td>\n<\/tr>\n<tr class=\"product--properties-row row23\">\n<td class=\"product--properties-label is--bold\">Nabe Hinterrad:<\/td>\n<td class=\"product--properties-value\">Shimano Acera FH-M3050<\/td>\n<\/tr>\n<tr class=\"product--properties-row row24\">\n<td class=\"product--properties-label is--bold\">Speichen:<\/td>\n<td class=\"product--properties-value\">DT Swiss Factory<\/td>\n<\/tr>\n<tr class=\"product--properties-row row25\">\n<td class=\"product--properties-label is--bold\">Felgen:<\/td>\n<td class=\"product--properties-value\">Alexrims SD20<\/td>\n<\/tr>\n<tr class=\"product--properties-row row26\">\n<td class=\"product--properties-label is--bold\">Pedale:<\/td>\n<td class=\"product--properties-value\">nicht im Lieferumfang enthalten<\/td>\n<\/tr>\n<tr class=\"product--properties-row row27\">\n<td class=\"product--properties-label is--bold\">Zul\u00e4ssiges Gesamtgewicht:<\/td>\n<td class=\"product--properties-value\">115 kg (K\u00f6rpergewicht + Fahrrad + Ausr\u00fcstung)<\/td>\n<\/tr>\n<tr class=\"product--properties-row row28\">\n<td class=\"product--properties-label is--bold\">Gewicht Komplettrad:<\/td>\n<td class=\"product--properties-value\">ab 13,8 kg<\/td>\n<\/tr>\n<\/tbody>\n<\/table>\n<\/div>","protected":false},"excerpt":{"rendered":"<div class=\"tab-menu--product js--tab-menu\">\n<div class=\"tab--container-list\">\n<div class=\"tab--container description has--content is--active\">\n<div class=\"tab--content box-description\">\n<div class=\"content--description\">\n<div class=\"ean-box\"><label>Modelljahr: <span style=\"font-size: 16px;\">2022<\/span><\/label><\/div>\n<\/div>\n<\/div>\n<\/div>\n<\/div>\n<\/div>\n<p><a class=\"rating-link-info--box\" name=\"product--publish-comment\"><\/a><\/p>\n<div id=\"detail--product-reviews\" class=\"content--product-reviews 123\"><\/div>","protected":false},"featured_media":61433,"comment_status":"open","ping_status":"closed","template":"","meta":[],"product_brand":[],"product_cat":[36,302,220],"product_tag":[],"class_list":{"0":"post-39093","1":"product","2":"type-product","3":"status-publish","4":"has-post-thumbnail","6":"product_cat-fahrrad","7":"product_cat-hardtail-29","8":"product_cat-mountainbike","9":"pa_marke-radon","11":"first","12":"instock","13":"sale","14":"taxable","15":"shipping-taxable","16":"purchasable","17":"product-type-variable"},"yoast_head":"<!-- This site is optimized with the Yoast SEO Premium plugin v20.12 (Yoast SEO v27.1.1) - https:\/\/yoast.com\/product\/yoast-seo-premium-wordpress\/ -->\n<title>Radon ZR Team 6.0<\/title>\n<meta name=\"description\" content=\"kgerad.de bietet Ihnen das Radon ZR Team 6.0 zum besten Preis mit kostenlosem Versand in ganz EuropaRadon ZR TEAM 6.0Radon ZR TEAM 6.0\" \/>\n<meta name=\"robots\" content=\"index, follow, max-snippet:-1, max-image-preview:large, max-video-preview:-1\" \/>\n<link rel=\"canonical\" href=\"https:\/\/kgerad.de\/en\/product\/radon-zr-team-6-0-2\/\" \/>\n<meta property=\"og:locale\" content=\"en_US\" \/>\n<meta property=\"og:type\" content=\"article\" \/>\n<meta property=\"og:title\" content=\"Radon ZR Team 6.0\" \/>\n<meta property=\"og:description\" content=\"Entdecken Sie unseren Online-Fahrradladen: Gro\u00dfe Auswahl an Modellen f\u00fcr alle Radsportbegeisterten. Von Rennr\u00e4dern bis zu Mountainbikes - finden Sie heute Ihren perfekten Wegbegleiter!\" \/>\n<meta property=\"og:url\" content=\"https:\/\/kgerad.de\/en\/product\/radon-zr-team-6-0-2\/\" \/>\n<meta property=\"og:site_name\" content=\"kgerad.de\" \/>\n<meta property=\"article:modified_time\" content=\"2025-06-12T19:57:48+00:00\" \/>\n<meta property=\"og:image\" content=\"https:\/\/kgerad.de\/wp-content\/uploads\/2023\/06\/Radon-ZR-Team-6.0-9.jpg\" \/>\n\t<meta property=\"og:image:width\" content=\"800\" \/>\n\t<meta property=\"og:image:height\" content=\"466\" \/>\n\t<meta property=\"og:image:type\" content=\"image\/jpeg\" \/>\n<meta name=\"twitter:card\" content=\"summary_large_image\" \/>\n<meta name=\"twitter:label1\" content=\"Est. reading time\" \/>\n\t<meta name=\"twitter:data1\" content=\"2 minutes\" \/>\n<script type=\"application\/ld+json\" class=\"yoast-schema-graph\">{\"@context\":\"https:\/\/schema.org\",\"@graph\":[{\"@type\":\"WebPage\",\"@id\":\"https:\/\/kgerad.de\/produkt\/radon-zr-team-6-0-2\/\",\"url\":\"https:\/\/kgerad.de\/produkt\/radon-zr-team-6-0-2\/\",\"name\":\"Radon ZR Team 6.0\",\"isPartOf\":{\"@id\":\"https:\/\/kgerad.de\/#website\"},\"primaryImageOfPage\":{\"@id\":\"https:\/\/kgerad.de\/produkt\/radon-zr-team-6-0-2\/#primaryimage\"},\"image\":{\"@id\":\"https:\/\/kgerad.de\/produkt\/radon-zr-team-6-0-2\/#primaryimage\"},\"thumbnailUrl\":\"https:\/\/kgerad.de\/wp-content\/uploads\/2023\/06\/Radon-ZR-Team-6.0-9.jpg\",\"datePublished\":\"2022-11-08T18:59:49+00:00\",\"dateModified\":\"2025-06-12T19:57:48+00:00\",\"description\":\"kgerad.de bietet Ihnen das Radon ZR Team 6.0 zum besten Preis mit kostenlosem Versand in ganz EuropaRadon ZR TEAM 6.0Radon ZR TEAM 6.0\",\"breadcrumb\":{\"@id\":\"https:\/\/kgerad.de\/produkt\/radon-zr-team-6-0-2\/#breadcrumb\"},\"inLanguage\":\"en-US\",\"potentialAction\":[{\"@type\":\"ReadAction\",\"target\":[\"https:\/\/kgerad.de\/produkt\/radon-zr-team-6-0-2\/\"]}]},{\"@type\":\"ImageObject\",\"inLanguage\":\"en-US\",\"@id\":\"https:\/\/kgerad.de\/produkt\/radon-zr-team-6-0-2\/#primaryimage\",\"url\":\"https:\/\/kgerad.de\/wp-content\/uploads\/2023\/06\/Radon-ZR-Team-6.0-9.jpg\",\"contentUrl\":\"https:\/\/kgerad.de\/wp-content\/uploads\/2023\/06\/Radon-ZR-Team-6.0-9.jpg\",\"width\":800,\"height\":466,\"caption\":\"Radon ZR Team 6.0\"},{\"@type\":\"BreadcrumbList\",\"@id\":\"https:\/\/kgerad.de\/produkt\/radon-zr-team-6-0-2\/#breadcrumb\",\"itemListElement\":[{\"@type\":\"ListItem\",\"position\":1,\"name\":\"Startseite\",\"item\":\"https:\/\/kgerad.de\/\"},{\"@type\":\"ListItem\",\"position\":2,\"name\":\"LADEN\",\"item\":\"https:\/\/kgerad.de\/laden\/\"},{\"@type\":\"ListItem\",\"position\":3,\"name\":\"Radon ZR Team 6.0\"}]},{\"@type\":\"WebSite\",\"@id\":\"https:\/\/kgerad.de\/#website\",\"url\":\"https:\/\/kgerad.de\/\",\"name\":\"kgerad.de\",\"description\":\"Treten Sie mit uns ins Abenteuer!\",\"publisher\":{\"@id\":\"https:\/\/kgerad.de\/#organization\"},\"alternateName\":\"MEIN RADLADEN\",\"potentialAction\":[{\"@type\":\"SearchAction\",\"target\":{\"@type\":\"EntryPoint\",\"urlTemplate\":\"https:\/\/kgerad.de\/?s={search_term_string}\"},\"query-input\":{\"@type\":\"PropertyValueSpecification\",\"valueRequired\":true,\"valueName\":\"search_term_string\"}}],\"inLanguage\":\"en-US\"},{\"@type\":\"Organization\",\"@id\":\"https:\/\/kgerad.de\/#organization\",\"name\":\"MEINRADLADEN\",\"alternateName\":\"MEIN RADLADEN\",\"url\":\"https:\/\/kgerad.de\/\",\"logo\":{\"@type\":\"ImageObject\",\"inLanguage\":\"en-US\",\"@id\":\"https:\/\/kgerad.de\/#\/schema\/logo\/image\/\",\"url\":\"https:\/\/kgerad.de\/wp-content\/uploads\/2025\/07\/logo-Whit.svg\",\"contentUrl\":\"https:\/\/kgerad.de\/wp-content\/uploads\/2025\/07\/logo-Whit.svg\",\"width\":1640,\"height\":371,\"caption\":\"MEINRADLADEN\"},\"image\":{\"@id\":\"https:\/\/kgerad.de\/#\/schema\/logo\/image\/\"}}]}<\/script>\n<!-- \/ Yoast SEO Premium plugin. -->","yoast_head_json":{"title":"Radon ZR Team 6.0","description":"kgerad.de bietet Ihnen das Radon ZR Team 6.0 zum besten Preis mit kostenlosem Versand in ganz EuropaRadon ZR TEAM 6.0Radon ZR TEAM 6.0","robots":{"index":"index","follow":"follow","max-snippet":"max-snippet:-1","max-image-preview":"max-image-preview:large","max-video-preview":"max-video-preview:-1"},"canonical":"https:\/\/kgerad.de\/en\/product\/radon-zr-team-6-0-2\/","og_locale":"en_US","og_type":"article","og_title":"Radon ZR Team 6.0","og_description":"Entdecken Sie unseren Online-Fahrradladen: Gro\u00dfe Auswahl an Modellen f\u00fcr alle Radsportbegeisterten. Von Rennr\u00e4dern bis zu Mountainbikes - finden Sie heute Ihren perfekten Wegbegleiter!","og_url":"https:\/\/kgerad.de\/en\/product\/radon-zr-team-6-0-2\/","og_site_name":"kgerad.de","article_modified_time":"2025-06-12T19:57:48+00:00","og_image":[{"width":800,"height":466,"url":"https:\/\/kgerad.de\/wp-content\/uploads\/2023\/06\/Radon-ZR-Team-6.0-9.jpg","type":"image\/jpeg"}],"twitter_card":"summary_large_image","twitter_misc":{"Est. reading time":"2 minutes"},"schema":{"@context":"https:\/\/schema.org","@graph":[{"@type":"WebPage","@id":"https:\/\/kgerad.de\/produkt\/radon-zr-team-6-0-2\/","url":"https:\/\/kgerad.de\/produkt\/radon-zr-team-6-0-2\/","name":"Radon ZR Team 6.0","isPartOf":{"@id":"https:\/\/kgerad.de\/#website"},"primaryImageOfPage":{"@id":"https:\/\/kgerad.de\/produkt\/radon-zr-team-6-0-2\/#primaryimage"},"image":{"@id":"https:\/\/kgerad.de\/produkt\/radon-zr-team-6-0-2\/#primaryimage"},"thumbnailUrl":"https:\/\/kgerad.de\/wp-content\/uploads\/2023\/06\/Radon-ZR-Team-6.0-9.jpg","datePublished":"2022-11-08T18:59:49+00:00","dateModified":"2025-06-12T19:57:48+00:00","description":"kgerad.de bietet Ihnen das Radon ZR Team 6.0 zum besten Preis mit kostenlosem Versand in ganz EuropaRadon ZR TEAM 6.0Radon ZR TEAM 6.0","breadcrumb":{"@id":"https:\/\/kgerad.de\/produkt\/radon-zr-team-6-0-2\/#breadcrumb"},"inLanguage":"en-US","potentialAction":[{"@type":"ReadAction","target":["https:\/\/kgerad.de\/produkt\/radon-zr-team-6-0-2\/"]}]},{"@type":"ImageObject","inLanguage":"en-US","@id":"https:\/\/kgerad.de\/produkt\/radon-zr-team-6-0-2\/#primaryimage","url":"https:\/\/kgerad.de\/wp-content\/uploads\/2023\/06\/Radon-ZR-Team-6.0-9.jpg","contentUrl":"https:\/\/kgerad.de\/wp-content\/uploads\/2023\/06\/Radon-ZR-Team-6.0-9.jpg","width":800,"height":466,"caption":"Radon ZR Team 6.0"},{"@type":"BreadcrumbList","@id":"https:\/\/kgerad.de\/produkt\/radon-zr-team-6-0-2\/#breadcrumb","itemListElement":[{"@type":"ListItem","position":1,"name":"Startseite","item":"https:\/\/kgerad.de\/"},{"@type":"ListItem","position":2,"name":"LADEN","item":"https:\/\/kgerad.de\/laden\/"},{"@type":"ListItem","position":3,"name":"Radon ZR Team 6.0"}]},{"@type":"WebSite","@id":"https:\/\/kgerad.de\/#website","url":"https:\/\/kgerad.de\/","name":"kgerad.de","description":"Treten Sie mit uns ins Abenteuer!","publisher":{"@id":"https:\/\/kgerad.de\/#organization"},"alternateName":"MEIN RADLADEN","potentialAction":[{"@type":"SearchAction","target":{"@type":"EntryPoint","urlTemplate":"https:\/\/kgerad.de\/?s={search_term_string}"},"query-input":{"@type":"PropertyValueSpecification","valueRequired":true,"valueName":"search_term_string"}}],"inLanguage":"en-US"},{"@type":"Organization","@id":"https:\/\/kgerad.de\/#organization","name":"MEINRADLADEN","alternateName":"MEIN RADLADEN","url":"https:\/\/kgerad.de\/","logo":{"@type":"ImageObject","inLanguage":"en-US","@id":"https:\/\/kgerad.de\/#\/schema\/logo\/image\/","url":"https:\/\/kgerad.de\/wp-content\/uploads\/2025\/07\/logo-Whit.svg","contentUrl":"https:\/\/kgerad.de\/wp-content\/uploads\/2025\/07\/logo-Whit.svg","width":1640,"height":371,"caption":"MEINRADLADEN"},"image":{"@id":"https:\/\/kgerad.de\/#\/schema\/logo\/image\/"}}]}},"_links":{"self":[{"href":"https:\/\/kgerad.de\/en\/wp-json\/wp\/v2\/product\/39093","targetHints":{"allow":["GET"]}}],"collection":[{"href":"https:\/\/kgerad.de\/en\/wp-json\/wp\/v2\/product"}],"about":[{"href":"https:\/\/kgerad.de\/en\/wp-json\/wp\/v2\/types\/product"}],"replies":[{"embeddable":true,"href":"https:\/\/kgerad.de\/en\/wp-json\/wp\/v2\/comments?post=39093"}],"version-history":[{"count":1,"href":"https:\/\/kgerad.de\/en\/wp-json\/wp\/v2\/product\/39093\/revisions"}],"predecessor-version":[{"id":79558,"href":"https:\/\/kgerad.de\/en\/wp-json\/wp\/v2\/product\/39093\/revisions\/79558"}],"wp:featuredmedia":[{"embeddable":true,"href":"https:\/\/kgerad.de\/en\/wp-json\/wp\/v2\/media\/61433"}],"wp:attachment":[{"href":"https:\/\/kgerad.de\/en\/wp-json\/wp\/v2\/media?parent=39093"}],"wp:term":[{"taxonomy":"product_brand","embeddable":true,"href":"https:\/\/kgerad.de\/en\/wp-json\/wp\/v2\/product_brand?post=39093"},{"taxonomy":"product_cat","embeddable":true,"href":"https:\/\/kgerad.de\/en\/wp-json\/wp\/v2\/product_cat?post=39093"},{"taxonomy":"product_tag","embeddable":true,"href":"https:\/\/kgerad.de\/en\/wp-json\/wp\/v2\/product_tag?post=39093"}],"curies":[{"name":"wp","href":"https:\/\/api.w.org\/{rel}","templated":true}]}}