{"id":39092,"date":"2022-11-08T20:27:19","date_gmt":"2022-11-08T19:27:19","guid":{"rendered":"https:\/\/kgerad.de\/?post_type=product&#038;p=39092"},"modified":"2023-08-11T12:06:22","modified_gmt":"2023-08-11T10:06:22","slug":"ortler-e-montana-500-trapez-schwarz","status":"publish","type":"product","link":"https:\/\/kgerad.de\/en\/product\/ortler-e-montana-500-trapez-schwarz\/","title":{"rendered":"Ortler E-Montana 500 Trapez schwarz"},"content":{"rendered":"<h2 class=\"product-name cyc-typo_display-3 cyc-margin_bottom-1 cyc-no-texttransform js-productName\">Ortler E-Montana 500 Trapez schwarz<\/h2>\n<p>Mit dem Ortler E-Montana hat Ortler ein hochwertiges Trekking E-Bike geschaffen, dass jede elektrisch verst\u00e4rkte Tour garantiert zum Genuss macht.<\/p>\n<p>Das E-Bike der neuesten Generation \u00fcberzeugt durch seinen leistungsstarken Shimano STePS E-6100 Mittelmotor. Trekking Biker kommen so nicht nur schneller voran, sondern k\u00f6nnen auch erheblich weitere Strecken zur\u00fccklegen. Neben dem modernen Elektroantrieb \u00fcberzeugt das Montana vor allem auch durch seine durchdachte und auf Langlebigkeit setzende Detailausstattung. F\u00fcr die richtige Gangwahl sorgt die Shimano Alivio 9 Gang Schaltung, gebremst wird mit hydraulischen Shimano Scheibenbremsen, die zu jedem Zeitpunkt und bei jeder Witterung f\u00fcr absolute Verl\u00e4sslichkeit sorgen. Die 50 mm Federweg der Suntour Federgabel sorgen auch auf Waldwegen f\u00fcr komfortables Fahren. Schwalbe Energizer Plus Reifen \u00fcberzeugen durch geringen Rollwiderstand und einen sehr guten Grip. Fahrkomfort ist somit garantiert.<\/p>\n<p>Abgerundet wird das Ausstattungspaket durch eine AXA LED Beleuchtungsanlage, einen stabilen Tourengep\u00e4cktr\u00e4ger und hochwertige Details wie Ergo Griffe, Vorbau und Lenker sowie einen bequemen Selle Royal Gelsattel. Der Shimano Steps Antrieb ist ein modernes Mittelmotorsystem, welches sich durch hohe Zuverl\u00e4ssigkeit, viel Kraft und lange Reichweite auszeichnet. Die besonderen Highlights beim Shimano Steps Antrieb sind die Schiebehilfe, das Multifunktionsdisplay und die hohe Reichweite. Der Akku ist nach 2 Stunden bereits zu 80 % aufgeladen und nach 4 Stunden komplett. Dank der integrierten Ladestation ist der Akku direkt am Rad nachladbar.<\/p>\n<p>Dieses E-Bike ist f\u00fcr ein Gesamtgewicht von maximal 120 kg geeignet.<\/p>\n<h2><b>Technische Informationen<\/b><\/h2>\n<p>&nbsp;<\/p>\n<table cellspacing=\"0\" cellpadding=\"0\">\n<tbody>\n<tr>\n<td valign=\"top\"><b>Rahmenbausatz<\/b><\/td>\n<td valign=\"top\"><\/td>\n<\/tr>\n<tr>\n<td valign=\"top\">Rahmen<\/td>\n<td valign=\"top\">Diamant, ohne Sto\u00dfd\u00e4mpfer<\/td>\n<\/tr>\n<tr>\n<td valign=\"top\">Gabel<\/td>\n<td valign=\"top\">Suntour NEX-E25-DS Federgabel<\/td>\n<\/tr>\n<tr>\n<td valign=\"top\">Headset<\/td>\n<td valign=\"top\">VP-41AC<\/td>\n<\/tr>\n<tr>\n<td valign=\"top\"><b>Motorisierung<\/b><\/td>\n<td valign=\"top\"><\/td>\n<\/tr>\n<tr>\n<td valign=\"top\">Motor<\/td>\n<td valign=\"top\">Shimano Steps e-6000:<\/p>\n<p>&#8211; Unterst\u00fctzung bis 25 km\/h &#8211; Leistung: 250 Watt;<\/p>\n<p>&#8211; Verhalten: geschmeidig und harmonisch;<\/p>\n<p>&#8211; 3 Unterst\u00fctzungsstufen: Eco \/ Normal \/ Hoch;<\/p>\n<p>&#8211; Gehhilfe.<\/td>\n<\/tr>\n<tr>\n<td valign=\"top\">Batterie<\/td>\n<td valign=\"top\">Akku: Shimano Steps BT-E8010 Lithium-Ionen 504 Wh 36\/14 Volt\/Ah 1000 &#8211; 1000 Ladezyklen 2,5 &#8211; 4,5 h<\/p>\n<p>&nbsp;<\/p>\n<p><b>Informationen<\/b>\u00a0:<\/p>\n<p>Die Autonomien werden nur zur Information angegeben.\u00a0Die Hauptfaktoren f\u00fcr den Verlust der Autonomie sind: Gegenwind, Steigungen, Temperatur unter 15 \u00b0C, Reifen mit zu geringem Luftdruck, Benutzergewicht \u00fcber 70 kg, falsche Fahrradeinstellung, falsche Verwendung der G\u00e4nge.<\/td>\n<\/tr>\n<tr>\n<td valign=\"top\">Konsole<\/td>\n<td valign=\"top\">Shimano SC-E6010<\/td>\n<\/tr>\n<tr>\n<td valign=\"top\"><b>\u00dcbertragung<\/b><\/td>\n<td valign=\"top\"><\/td>\n<\/tr>\n<tr>\n<td valign=\"top\">Schaltwerk hinten<\/td>\n<td valign=\"top\">Shimano Acera, 9-Gang<\/td>\n<\/tr>\n<tr>\n<td valign=\"top\">Gangschaltung<\/td>\n<td valign=\"top\">Shimano Alivio<\/td>\n<\/tr>\n<tr>\n<td valign=\"top\">Pedalboard<\/td>\n<td valign=\"top\">Shimano Steps FC-E6000, 170 mm Kurbeln<\/td>\n<\/tr>\n<tr>\n<td valign=\"top\">Tretlager<\/td>\n<td valign=\"top\">CN<\/td>\n<\/tr>\n<tr>\n<td valign=\"top\">Kassette<\/td>\n<td valign=\"top\">Shimano Alivio, CS-HG300, 11-32 Z\u00e4hne<\/td>\n<\/tr>\n<tr>\n<td valign=\"top\">Kette<\/td>\n<td valign=\"top\">KMC X9e<\/td>\n<\/tr>\n<tr>\n<td valign=\"top\">Bremsen<\/td>\n<td valign=\"top\">Vorne: Hydraulische Scheibenbremse Shimano MT200 &#8211; 160-mm-Rotor<\/p>\n<p>Hinten: Hydraulische Scheibenbremse Shimano MT200 &#8211; 160-mm-Rotor<\/td>\n<\/tr>\n<tr>\n<td valign=\"top\"><b>R\u00e4der und bereifung<\/b><\/td>\n<td valign=\"top\"><\/td>\n<\/tr>\n<tr>\n<td valign=\"top\">R\u00e4der<\/td>\n<td valign=\"top\">Felgen: X-Pert X-15 Hohlkammer, Aluminium<\/p>\n<p>Naben: Shimano HB-M3050<\/p>\n<p>Speichen: Nirosta 2mm<\/td>\n<\/tr>\n<tr>\n<td valign=\"top\">Reifen<\/td>\n<td valign=\"top\">Vorne: Schwalbe Energizer Plus 28&#8243;, 47 mm, reflektierend<\/p>\n<p>Hinten: Schwalbe Energizer Plus 28&#8243;, 47 mm, reflektierend<\/td>\n<\/tr>\n<tr>\n<td valign=\"top\"><b>Peripherieger\u00e4te<\/b><\/td>\n<td valign=\"top\"><\/td>\n<\/tr>\n<tr>\n<td valign=\"top\">Aufh\u00e4nger<\/td>\n<td valign=\"top\">HL NR-AL-16, 33\u00b0 gepfeilt, Rise: 26 mm Rise, Breite: 590 mm Riser-Bar Aluminium<\/td>\n<\/tr>\n<tr>\n<td valign=\"top\">Stengel<\/td>\n<td valign=\"top\">HL TDS-299N-8, 105 mm A-Kopf, Aluminium<\/td>\n<\/tr>\n<tr>\n<td valign=\"top\">Griffe<\/td>\n<td valign=\"top\">Herrmanns Oxy DD29AL<\/td>\n<\/tr>\n<tr>\n<td valign=\"top\">Sattelstiel<\/td>\n<td valign=\"top\">Sattelst\u00fctze 30,4 mm HL SP-C207, 300 mm, Aluminium<\/td>\n<\/tr>\n<tr>\n<td valign=\"top\">Sattel<\/td>\n<td valign=\"top\">Selle Royal HZ 5192, Gel<\/td>\n<\/tr>\n<tr>\n<td valign=\"top\"><b>Beleuchtung<\/b><\/td>\n<td valign=\"top\"><\/td>\n<\/tr>\n<tr>\n<td valign=\"top\">Frontbeleuchtung<\/td>\n<td valign=\"top\">Axa LED Blueline 30 Schalter, 30 Lux<\/td>\n<\/tr>\n<tr>\n<td valign=\"top\">Beleuchtung hinten<\/td>\n<td valign=\"top\">Hermanns H-Trace E-Bike, LED<\/td>\n<\/tr>\n<tr>\n<td valign=\"top\"><b>Beiliegendes Zubeh\u00f6r<\/b><\/td>\n<td valign=\"top\">Racktime Victoria Gep\u00e4cktr\u00e4ger, Alu-Schutzbleche, Seitenst\u00e4nder, VP-658 Pedale, Klingel, Reflektoren und technische Dokumentation<\/td>\n<\/tr>\n<tr>\n<td valign=\"top\"><b>Maximal zul\u00e4ssiges Gesamtgewicht<\/b><\/td>\n<td valign=\"top\">120kg<\/td>\n<\/tr>\n<\/tbody>\n<\/table>","protected":false},"excerpt":{"rendered":"<p>Ortler E-Montana 500 Trapez schwarz Mit dem Ortler E-Montana hat Ortler ein hochwertiges Trekking E-Bike geschaffen, dass jede elektrisch verst\u00e4rkte<\/p>","protected":false},"featured_media":61426,"comment_status":"open","ping_status":"closed","template":"","meta":[],"product_brand":[],"product_cat":[33,247,35,281],"product_tag":[],"class_list":{"0":"post-39092","1":"product","2":"type-product","3":"status-publish","4":"has-post-thumbnail","6":"product_cat-e-bike","7":"product_cat-e-bike-trekking","8":"product_cat-e-bikes-2022","9":"product_cat-e-fahrrad","10":"pa_marke-ortler","12":"first","13":"instock","14":"sale","15":"taxable","16":"shipping-taxable","17":"purchasable","18":"product-type-variable"},"yoast_head":"<!-- This site is optimized with the Yoast SEO Premium plugin v20.12 (Yoast SEO v27.1.1) - https:\/\/yoast.com\/product\/yoast-seo-premium-wordpress\/ -->\n<title>Ortler E-Montana 500 Trapez schwarz<\/title>\n<meta name=\"description\" content=\"kgerad.de bietet Ihnen das Ortler E-Montana 500 Trapez schwarz zum besten Preis mit kostenlosem Versand in ganz EuropaOrtler E-MontanaOrtler E-Montana\" \/>\n<meta name=\"robots\" content=\"index, follow, max-snippet:-1, max-image-preview:large, max-video-preview:-1\" \/>\n<link rel=\"canonical\" href=\"https:\/\/kgerad.de\/en\/product\/ortler-e-montana-500-trapez-schwarz\/\" \/>\n<meta property=\"og:locale\" content=\"en_US\" \/>\n<meta property=\"og:type\" content=\"article\" \/>\n<meta property=\"og:title\" content=\"Ortler E-Montana 500 Trapez schwarz\" \/>\n<meta property=\"og:description\" content=\"Entdecken Sie unseren Online-Fahrradladen: Gro\u00dfe Auswahl an Modellen f\u00fcr alle Radsportbegeisterten. Von Rennr\u00e4dern bis zu Mountainbikes - finden Sie heute Ihren perfekten Wegbegleiter!\" \/>\n<meta property=\"og:url\" content=\"https:\/\/kgerad.de\/en\/product\/ortler-e-montana-500-trapez-schwarz\/\" \/>\n<meta property=\"og:site_name\" content=\"kgerad.de\" \/>\n<meta property=\"article:modified_time\" content=\"2023-08-11T10:06:22+00:00\" \/>\n<meta property=\"og:image\" content=\"https:\/\/kgerad.de\/wp-content\/uploads\/2023\/06\/velo-de-voyage-electrique-ortler-montana-diamant-noir-2020-.jpg\" \/>\n\t<meta property=\"og:image:width\" content=\"800\" \/>\n\t<meta property=\"og:image:height\" content=\"800\" \/>\n\t<meta property=\"og:image:type\" content=\"image\/jpeg\" \/>\n<meta name=\"twitter:card\" content=\"summary_large_image\" \/>\n<meta name=\"twitter:label1\" content=\"Est. reading time\" \/>\n\t<meta name=\"twitter:data1\" content=\"3 minutes\" \/>\n<script type=\"application\/ld+json\" class=\"yoast-schema-graph\">{\"@context\":\"https:\/\/schema.org\",\"@graph\":[{\"@type\":\"WebPage\",\"@id\":\"https:\/\/kgerad.de\/produkt\/ortler-e-montana-500-trapez-schwarz\/\",\"url\":\"https:\/\/kgerad.de\/produkt\/ortler-e-montana-500-trapez-schwarz\/\",\"name\":\"Ortler E-Montana 500 Trapez schwarz\",\"isPartOf\":{\"@id\":\"https:\/\/kgerad.de\/#website\"},\"primaryImageOfPage\":{\"@id\":\"https:\/\/kgerad.de\/produkt\/ortler-e-montana-500-trapez-schwarz\/#primaryimage\"},\"image\":{\"@id\":\"https:\/\/kgerad.de\/produkt\/ortler-e-montana-500-trapez-schwarz\/#primaryimage\"},\"thumbnailUrl\":\"https:\/\/kgerad.de\/wp-content\/uploads\/2023\/06\/velo-de-voyage-electrique-ortler-montana-diamant-noir-2020-.jpg\",\"datePublished\":\"2022-11-08T19:27:19+00:00\",\"dateModified\":\"2023-08-11T10:06:22+00:00\",\"description\":\"kgerad.de bietet Ihnen das Ortler E-Montana 500 Trapez schwarz zum besten Preis mit kostenlosem Versand in ganz EuropaOrtler E-MontanaOrtler E-Montana\",\"breadcrumb\":{\"@id\":\"https:\/\/kgerad.de\/produkt\/ortler-e-montana-500-trapez-schwarz\/#breadcrumb\"},\"inLanguage\":\"en-US\",\"potentialAction\":[{\"@type\":\"ReadAction\",\"target\":[\"https:\/\/kgerad.de\/produkt\/ortler-e-montana-500-trapez-schwarz\/\"]}]},{\"@type\":\"ImageObject\",\"inLanguage\":\"en-US\",\"@id\":\"https:\/\/kgerad.de\/produkt\/ortler-e-montana-500-trapez-schwarz\/#primaryimage\",\"url\":\"https:\/\/kgerad.de\/wp-content\/uploads\/2023\/06\/velo-de-voyage-electrique-ortler-montana-diamant-noir-2020-.jpg\",\"contentUrl\":\"https:\/\/kgerad.de\/wp-content\/uploads\/2023\/06\/velo-de-voyage-electrique-ortler-montana-diamant-noir-2020-.jpg\",\"width\":800,\"height\":800,\"caption\":\"Ortler E-Montana 500 Trapez schwarz\"},{\"@type\":\"BreadcrumbList\",\"@id\":\"https:\/\/kgerad.de\/produkt\/ortler-e-montana-500-trapez-schwarz\/#breadcrumb\",\"itemListElement\":[{\"@type\":\"ListItem\",\"position\":1,\"name\":\"Startseite\",\"item\":\"https:\/\/kgerad.de\/\"},{\"@type\":\"ListItem\",\"position\":2,\"name\":\"LADEN\",\"item\":\"https:\/\/kgerad.de\/laden\/\"},{\"@type\":\"ListItem\",\"position\":3,\"name\":\"Ortler E-Montana 500 Trapez schwarz\"}]},{\"@type\":\"WebSite\",\"@id\":\"https:\/\/kgerad.de\/#website\",\"url\":\"https:\/\/kgerad.de\/\",\"name\":\"kgerad.de\",\"description\":\"Treten Sie mit uns ins Abenteuer!\",\"publisher\":{\"@id\":\"https:\/\/kgerad.de\/#organization\"},\"alternateName\":\"MEIN RADLADEN\",\"potentialAction\":[{\"@type\":\"SearchAction\",\"target\":{\"@type\":\"EntryPoint\",\"urlTemplate\":\"https:\/\/kgerad.de\/?s={search_term_string}\"},\"query-input\":{\"@type\":\"PropertyValueSpecification\",\"valueRequired\":true,\"valueName\":\"search_term_string\"}}],\"inLanguage\":\"en-US\"},{\"@type\":\"Organization\",\"@id\":\"https:\/\/kgerad.de\/#organization\",\"name\":\"MEINRADLADEN\",\"alternateName\":\"MEIN RADLADEN\",\"url\":\"https:\/\/kgerad.de\/\",\"logo\":{\"@type\":\"ImageObject\",\"inLanguage\":\"en-US\",\"@id\":\"https:\/\/kgerad.de\/#\/schema\/logo\/image\/\",\"url\":\"https:\/\/kgerad.de\/wp-content\/uploads\/2025\/07\/logo-Whit.svg\",\"contentUrl\":\"https:\/\/kgerad.de\/wp-content\/uploads\/2025\/07\/logo-Whit.svg\",\"width\":1640,\"height\":371,\"caption\":\"MEINRADLADEN\"},\"image\":{\"@id\":\"https:\/\/kgerad.de\/#\/schema\/logo\/image\/\"}}]}<\/script>\n<!-- \/ Yoast SEO Premium plugin. -->","yoast_head_json":{"title":"Ortler E-Montana 500 Trapez schwarz","description":"kgerad.de bietet Ihnen das Ortler E-Montana 500 Trapez schwarz zum besten Preis mit kostenlosem Versand in ganz EuropaOrtler E-MontanaOrtler E-Montana","robots":{"index":"index","follow":"follow","max-snippet":"max-snippet:-1","max-image-preview":"max-image-preview:large","max-video-preview":"max-video-preview:-1"},"canonical":"https:\/\/kgerad.de\/en\/product\/ortler-e-montana-500-trapez-schwarz\/","og_locale":"en_US","og_type":"article","og_title":"Ortler E-Montana 500 Trapez schwarz","og_description":"Entdecken Sie unseren Online-Fahrradladen: Gro\u00dfe Auswahl an Modellen f\u00fcr alle Radsportbegeisterten. Von Rennr\u00e4dern bis zu Mountainbikes - finden Sie heute Ihren perfekten Wegbegleiter!","og_url":"https:\/\/kgerad.de\/en\/product\/ortler-e-montana-500-trapez-schwarz\/","og_site_name":"kgerad.de","article_modified_time":"2023-08-11T10:06:22+00:00","og_image":[{"width":800,"height":800,"url":"https:\/\/kgerad.de\/wp-content\/uploads\/2023\/06\/velo-de-voyage-electrique-ortler-montana-diamant-noir-2020-.jpg","type":"image\/jpeg"}],"twitter_card":"summary_large_image","twitter_misc":{"Est. reading time":"3 minutes"},"schema":{"@context":"https:\/\/schema.org","@graph":[{"@type":"WebPage","@id":"https:\/\/kgerad.de\/produkt\/ortler-e-montana-500-trapez-schwarz\/","url":"https:\/\/kgerad.de\/produkt\/ortler-e-montana-500-trapez-schwarz\/","name":"Ortler E-Montana 500 Trapez schwarz","isPartOf":{"@id":"https:\/\/kgerad.de\/#website"},"primaryImageOfPage":{"@id":"https:\/\/kgerad.de\/produkt\/ortler-e-montana-500-trapez-schwarz\/#primaryimage"},"image":{"@id":"https:\/\/kgerad.de\/produkt\/ortler-e-montana-500-trapez-schwarz\/#primaryimage"},"thumbnailUrl":"https:\/\/kgerad.de\/wp-content\/uploads\/2023\/06\/velo-de-voyage-electrique-ortler-montana-diamant-noir-2020-.jpg","datePublished":"2022-11-08T19:27:19+00:00","dateModified":"2023-08-11T10:06:22+00:00","description":"kgerad.de bietet Ihnen das Ortler E-Montana 500 Trapez schwarz zum besten Preis mit kostenlosem Versand in ganz EuropaOrtler E-MontanaOrtler E-Montana","breadcrumb":{"@id":"https:\/\/kgerad.de\/produkt\/ortler-e-montana-500-trapez-schwarz\/#breadcrumb"},"inLanguage":"en-US","potentialAction":[{"@type":"ReadAction","target":["https:\/\/kgerad.de\/produkt\/ortler-e-montana-500-trapez-schwarz\/"]}]},{"@type":"ImageObject","inLanguage":"en-US","@id":"https:\/\/kgerad.de\/produkt\/ortler-e-montana-500-trapez-schwarz\/#primaryimage","url":"https:\/\/kgerad.de\/wp-content\/uploads\/2023\/06\/velo-de-voyage-electrique-ortler-montana-diamant-noir-2020-.jpg","contentUrl":"https:\/\/kgerad.de\/wp-content\/uploads\/2023\/06\/velo-de-voyage-electrique-ortler-montana-diamant-noir-2020-.jpg","width":800,"height":800,"caption":"Ortler E-Montana 500 Trapez schwarz"},{"@type":"BreadcrumbList","@id":"https:\/\/kgerad.de\/produkt\/ortler-e-montana-500-trapez-schwarz\/#breadcrumb","itemListElement":[{"@type":"ListItem","position":1,"name":"Startseite","item":"https:\/\/kgerad.de\/"},{"@type":"ListItem","position":2,"name":"LADEN","item":"https:\/\/kgerad.de\/laden\/"},{"@type":"ListItem","position":3,"name":"Ortler E-Montana 500 Trapez schwarz"}]},{"@type":"WebSite","@id":"https:\/\/kgerad.de\/#website","url":"https:\/\/kgerad.de\/","name":"kgerad.de","description":"Treten Sie mit uns ins Abenteuer!","publisher":{"@id":"https:\/\/kgerad.de\/#organization"},"alternateName":"MEIN RADLADEN","potentialAction":[{"@type":"SearchAction","target":{"@type":"EntryPoint","urlTemplate":"https:\/\/kgerad.de\/?s={search_term_string}"},"query-input":{"@type":"PropertyValueSpecification","valueRequired":true,"valueName":"search_term_string"}}],"inLanguage":"en-US"},{"@type":"Organization","@id":"https:\/\/kgerad.de\/#organization","name":"MEINRADLADEN","alternateName":"MEIN RADLADEN","url":"https:\/\/kgerad.de\/","logo":{"@type":"ImageObject","inLanguage":"en-US","@id":"https:\/\/kgerad.de\/#\/schema\/logo\/image\/","url":"https:\/\/kgerad.de\/wp-content\/uploads\/2025\/07\/logo-Whit.svg","contentUrl":"https:\/\/kgerad.de\/wp-content\/uploads\/2025\/07\/logo-Whit.svg","width":1640,"height":371,"caption":"MEINRADLADEN"},"image":{"@id":"https:\/\/kgerad.de\/#\/schema\/logo\/image\/"}}]}},"_links":{"self":[{"href":"https:\/\/kgerad.de\/en\/wp-json\/wp\/v2\/product\/39092","targetHints":{"allow":["GET"]}}],"collection":[{"href":"https:\/\/kgerad.de\/en\/wp-json\/wp\/v2\/product"}],"about":[{"href":"https:\/\/kgerad.de\/en\/wp-json\/wp\/v2\/types\/product"}],"replies":[{"embeddable":true,"href":"https:\/\/kgerad.de\/en\/wp-json\/wp\/v2\/comments?post=39092"}],"version-history":[{"count":2,"href":"https:\/\/kgerad.de\/en\/wp-json\/wp\/v2\/product\/39092\/revisions"}],"predecessor-version":[{"id":79564,"href":"https:\/\/kgerad.de\/en\/wp-json\/wp\/v2\/product\/39092\/revisions\/79564"}],"wp:featuredmedia":[{"embeddable":true,"href":"https:\/\/kgerad.de\/en\/wp-json\/wp\/v2\/media\/61426"}],"wp:attachment":[{"href":"https:\/\/kgerad.de\/en\/wp-json\/wp\/v2\/media?parent=39092"}],"wp:term":[{"taxonomy":"product_brand","embeddable":true,"href":"https:\/\/kgerad.de\/en\/wp-json\/wp\/v2\/product_brand?post=39092"},{"taxonomy":"product_cat","embeddable":true,"href":"https:\/\/kgerad.de\/en\/wp-json\/wp\/v2\/product_cat?post=39092"},{"taxonomy":"product_tag","embeddable":true,"href":"https:\/\/kgerad.de\/en\/wp-json\/wp\/v2\/product_tag?post=39092"}],"curies":[{"name":"wp","href":"https:\/\/api.w.org\/{rel}","templated":true}]}}