{"id":39072,"date":"2022-11-08T19:37:41","date_gmt":"2022-11-08T18:37:41","guid":{"rendered":"https:\/\/kgerad.de\/?post_type=product&#038;p=39072"},"modified":"2023-08-11T12:06:17","modified_gmt":"2023-08-11T10:06:17","slug":"kalkhoff-entice-3-b-move","status":"publish","type":"product","link":"https:\/\/kgerad.de\/en\/product\/kalkhoff-entice-3-b-move\/","title":{"rendered":"Kalkhoff Entice 3.B Move"},"content":{"rendered":"<h2 class=\"product--title\"><strong>Kalkhoff<\/strong>\u00a0Entice 3.B Move<\/h2>\n<p class=\"product--rating-container\">Wenn jede Tour zum Microadventure wird, dann bist du mit dem Kalkhoff Entice 3.B Move unterwegs. Ausgestattet mit dem kraftvollen Bosch Smart System f\u00fcr zuverl\u00e4ssige Unterst\u00fctzung auf allen Untergr\u00fcnden, einer reichweitenstarken Batterie, hydraulischen Scheibenbremsen und breiten Stollenreifen f\u00fchlt sich dieses Offroad-Bike in jeder Landschaft zuhause. Und die vollintegrierte Rahmenplattform? Sieht einfach vor jedem Hintergrund gut aus.<\/p>\n<hr \/>\n<h3>Features &#8211; Kalkhoff Entince 3.B Move<\/h3>\n<ul>\n<li>Starkes Bosch Performance Line System<\/li>\n<li>Integrierte 500 Wh Batterie<\/li>\n<li>Mit Freilauf<\/li>\n<li>Hydraulische Scheibenbremsen<\/li>\n<li>Bereifung mit Pannenschutz<\/li>\n<li>Ergonomische Touchpoints<\/li>\n<li>Verstellbarer Lenkervorbau<\/li>\n<li>Sichere und langlebige LED Beleuchtung<\/li>\n<\/ul>\n<hr \/>\n<h3>Die Kalkhoff Entince 3 Familie<\/h3>\n<p>Schotter statt Asphalt. Wald statt Gro\u00dfstadtdschungel. Freiheit statt Termindruck. Perfekte Momente erlebt man auf dem Sattel immer dann, wenn man Grenzen \u00fcberwindet. Das Entice 3 ist daf\u00fcr wie gemacht \u2013 mit seiner robusten All-Terrain Ausstattung und dem kraftvollen Bosch Performance Smart System ist es jederzeit zu H\u00f6chstleistungen bereit. Eine starke Batterie mit Smart Charger verschafft zus\u00e4tzliche Reichweite und mit dem Intuvia 100 Display hast du deine Fahrdaten jederzeit im Blick. So k\u00f6nnen Fitnessfahrer ihre Leistung gezielt verbessern und Freizeitfahrer erleben Touring auf einem neuen Niveau. Ein E-Allroad Bike, das du besonders vielseitig einsetzen kannst, weil es Alltags-aufgaben genauso meistert wie die gro\u00dfen Herausforderungen. Das Entice 3 ist ein E-Bike f\u00fcr alle F\u00e4lle \u2013 und f\u00fcr die kleinen Abenteuer zwischendurch. Wohin auch immer dich deine Reise f\u00fchrt.<\/p>\n<h3>Bosch eBike Flow App<\/h3>\n<div><img fetchpriority=\"high\" decoding=\"async\" class=\"\" title=\"Bosch eBike Flow App\" src=\"https:\/\/cd.bike-discount.de\/media\/image\/a4\/27\/51\/bosch-ebike-flowapp-ios-homescreenbosch-my2022-de.jpg\" alt=\"\" width=\"441\" height=\"453\" data-mid=\"681648\" data-src=\"media\/image\/bosch-ebike-flowapp-ios-homescreenbosch-my2022-de.jpg\" \/><\/div>\n<p><strong>Das eBike erweitern<\/strong><br \/>\nLade mit der eBike Flow App neue Funktionen und Updates f\u00fcr Komponenten wie den Akku oder Motor herunter und sende sie via Bluetooth an dein eBike. So ist es auf dem neusten Stand und du erh\u00e4ltst mehr M\u00f6glichkeiten.<\/p>\n<p><strong>Aktivit\u00e4ten aufzeichnen<\/strong><br \/>\nZeichne deine Tour- und Fitnessdaten auf, sobald du losf\u00e4hrst. Bei iPhone-Nutzern synchronisiert das Activity Tracking auf Wunsch zudem alle Daten selbstst\u00e4ndig mit Apple Health. Legst du eine Pause ein, stoppt die Aufzeichnung automatisch.<\/p>\n<p><strong>Fahrmodi individualisieren<\/strong><br \/>\nPasse den Fahrmodus genau an deine Bed\u00fcrfnisse an: Die Fahrmodi Eco, Tour, Sport und Turbo kannst du fein abgestuft so einstellen, dass sie dir mehr Unterst\u00fctzung bieten oder weniger Strom verbrauchen.<\/p>\n<p><strong>Alles im Blick behalten<\/strong><br \/>\nVerschaffe dir auf dem Home Screen einen schnellen \u00dcberblick \u00fcber alles Wichtige. Ob Akkustand, Rest-Reichweite, bereits gefahrene Strecke oder n\u00e4chster Servicetermin \u2013 der Home Screen zeigt dir mit laufend aktualisierten eBike-Daten \u00fcbersichtlich alles, was du wissen musst.<\/p>\n<h2>Ausstattung<\/h2>\n<div class=\"product--properties panel has--border\">\n<table class=\"product--properties-table\" style=\"height: 430px;\" width=\"633\">\n<tbody>\n<tr class=\"product--properties-row row1\">\n<td class=\"product--properties-label is--bold\">Rahmen:<\/td>\n<td class=\"product--properties-value\">Integrale 3|23<\/td>\n<\/tr>\n<tr class=\"product--properties-row row2\">\n<td class=\"product--properties-label is--bold\">Rahmenmaterial:<\/td>\n<td class=\"product--properties-value\">Aluminium<\/td>\n<\/tr>\n<tr class=\"product--properties-row row3\">\n<td class=\"product--properties-label is--bold\">Laufradgr\u00f6\u00dfe:<\/td>\n<td class=\"product--properties-value\">27&#8243;<\/td>\n<\/tr>\n<tr class=\"product--properties-row row4\">\n<td class=\"product--properties-label is--bold\">Farbe:<\/td>\n<td class=\"product--properties-value\">stoneblue matt<\/td>\n<\/tr>\n<tr class=\"product--properties-row row5\">\n<td class=\"product--properties-label is--bold\">Gabel:<\/td>\n<td class=\"product--properties-value\">SR Suntour XCM ATB, adjustable, 80 mm Travel<\/td>\n<\/tr>\n<tr class=\"product--properties-row row6\">\n<td class=\"product--properties-label is--bold\">Federweg:<\/td>\n<td class=\"product--properties-value\">80 mm<\/td>\n<\/tr>\n<tr class=\"product--properties-row row7\">\n<td class=\"product--properties-label is--bold\">Bremsen:<\/td>\n<td class=\"product--properties-value\">Shimano MT200, hydraulic disc brake<\/td>\n<\/tr>\n<tr class=\"product--properties-row row8\">\n<td class=\"product--properties-label is--bold\">Bremsscheiben:<\/td>\n<td class=\"product--properties-value\">180 mm \/ 160 mm<\/td>\n<\/tr>\n<tr class=\"product--properties-row row9\">\n<td class=\"product--properties-label is--bold\">Vorbau:<\/td>\n<td class=\"product--properties-value\">Aluminium, adjustable (S: 90mm \/ M: 110mm)<\/td>\n<\/tr>\n<tr class=\"product--properties-row row10\">\n<td class=\"product--properties-label is--bold\">Lenker:<\/td>\n<td class=\"product--properties-value\">Sport Riser, aluminium<\/td>\n<\/tr>\n<tr class=\"product--properties-row row11\">\n<td class=\"product--properties-label is--bold\">Griffe:<\/td>\n<td class=\"product--properties-value\">Ergon GP10<\/td>\n<\/tr>\n<tr class=\"product--properties-row row12\">\n<td class=\"product--properties-label is--bold\">Sattel:<\/td>\n<td class=\"product--properties-value\">Selle Royal Vivo<\/td>\n<\/tr>\n<tr class=\"product--properties-row row13\">\n<td class=\"product--properties-label is--bold\">Sattelst\u00fctze:<\/td>\n<td class=\"product--properties-value\">Concept EX, aluminium<\/td>\n<\/tr>\n<tr class=\"product--properties-row row14\">\n<td class=\"product--properties-label is--bold\">Kurbel:<\/td>\n<td class=\"product--properties-value\">aluminium, 170 mm, 42T<\/td>\n<\/tr>\n<tr class=\"product--properties-row row15\">\n<td class=\"product--properties-label is--bold\">Schaltwerk:<\/td>\n<td class=\"product--properties-value\">Shimano Alivio M3100<\/td>\n<\/tr>\n<\/tbody>\n<\/table>\n<table class=\"product--properties-table\">\n<tbody>\n<tr class=\"product--properties-row row16\">\n<td class=\"product--properties-label is--bold\">Schalthebel:<\/td>\n<td class=\"product--properties-value\">Shimano Alivio<\/td>\n<\/tr>\n<tr class=\"product--properties-row row17\">\n<td class=\"product--properties-label is--bold\">Kassette:<\/td>\n<td class=\"product--properties-value\">Shimano, 11-36T<\/td>\n<\/tr>\n<tr class=\"product--properties-row row18\">\n<td class=\"product--properties-label is--bold\">Kette:<\/td>\n<td class=\"product--properties-value\">KMC X9<\/td>\n<\/tr>\n<tr class=\"product--properties-row row19\">\n<td class=\"product--properties-label is--bold\">Reifen:<\/td>\n<td class=\"product--properties-value\">Schwalbe Smart Sam, 54-584<\/td>\n<\/tr>\n<tr class=\"product--properties-row row20\">\n<td class=\"product--properties-label is--bold\">Nabe Vorderrad:<\/td>\n<td class=\"product--properties-value\">Shimano TX505, QR<\/td>\n<\/tr>\n<tr class=\"product--properties-row row21\">\n<td class=\"product--properties-label is--bold\">Nabe Hinterrad:<\/td>\n<td class=\"product--properties-value\">Shimano TX505, QR<\/td>\n<\/tr>\n<tr class=\"product--properties-row row22\">\n<td class=\"product--properties-label is--bold\">Speichen:<\/td>\n<td class=\"product--properties-value\">Niro<\/td>\n<\/tr>\n<tr class=\"product--properties-row row23\">\n<td class=\"product--properties-label is--bold\">Felgen:<\/td>\n<td class=\"product--properties-value\">Aluminium, eyelets, 25mm<\/td>\n<\/tr>\n<tr class=\"product--properties-row row24\">\n<td class=\"product--properties-label is--bold\">Display:<\/td>\n<td class=\"product--properties-value\">Bosch Intuvia 100, with LED Remote<\/td>\n<\/tr>\n<tr class=\"product--properties-row row25\">\n<td class=\"product--properties-label is--bold\">Akku:<\/td>\n<td class=\"product--properties-value\">Bosch PowerTube 500 Wh<\/td>\n<\/tr>\n<tr class=\"product--properties-row row26\">\n<td class=\"product--properties-label is--bold\">Ladeger\u00e4t:<\/td>\n<td class=\"product--properties-value\">Bosch, 4A<\/td>\n<\/tr>\n<tr class=\"product--properties-row row27\">\n<td class=\"product--properties-label is--bold\">Motor:<\/td>\n<td class=\"product--properties-value\">Bosch Performance Line Smart System, 36 V \/ 250 W \/ 75 Nm<\/td>\n<\/tr>\n<tr class=\"product--properties-row row28\">\n<td class=\"product--properties-label is--bold\">Scheinwerfer:<\/td>\n<td class=\"product--properties-value\">Herrmans H-Black MR4, LED<\/td>\n<\/tr>\n<tr class=\"product--properties-row row29\">\n<td class=\"product--properties-label is--bold\">R\u00fccklicht:<\/td>\n<td class=\"product--properties-value\">Herrmans H-Trace, LED<\/td>\n<\/tr>\n<tr class=\"product--properties-row row30\">\n<td class=\"product--properties-label is--bold\">Gep\u00e4cktr\u00e4ger:<\/td>\n<td class=\"product--properties-value\">MIK Rear Carrier<\/td>\n<\/tr>\n<tr class=\"product--properties-row row31\">\n<td class=\"product--properties-label is--bold\">Pedale:<\/td>\n<td class=\"product--properties-value\">MTB, with reflector<\/td>\n<\/tr>\n<tr class=\"product--properties-row row32\">\n<td class=\"product--properties-label is--bold\">Sonstiges:<\/td>\n<td class=\"product--properties-value\">Schutzblech, St\u00e4nder<\/td>\n<\/tr>\n<tr class=\"product--properties-row row33\">\n<td class=\"product--properties-label is--bold\">Zul\u00e4ssiges Gesamtgewicht:<\/td>\n<td class=\"product--properties-value\">130 kg (K\u00f6rpergewicht + Fahrrad + Ausr\u00fcstung)<\/td>\n<\/tr>\n<\/tbody>\n<\/table>\n<\/div>","protected":false},"excerpt":{"rendered":"<div class=\"tab-menu--product js--tab-menu\">\n<div class=\"tab--container-list\">\n<div class=\"tab--container description has--content is--active\">\n<div class=\"tab--content box-description\">\n<div class=\"content--description\">\n<div class=\"ean-box\"><label>Modelljahr: <span style=\"font-size: 16px;\">2023<\/span><\/label><\/div>\n<\/div>\n<\/div>\n<\/div>\n<\/div>\n<\/div>\n<p><a class=\"rating-link-info--box\" name=\"product--publish-comment\"><\/a><\/p>\n<div id=\"detail--product-reviews\" class=\"content--product-reviews 123\"><\/div>","protected":false},"featured_media":61424,"comment_status":"open","ping_status":"closed","template":"","meta":[],"product_brand":[],"product_cat":[33,247,270,281],"product_tag":[],"class_list":{"0":"post-39072","1":"product","2":"type-product","3":"status-publish","4":"has-post-thumbnail","6":"product_cat-e-bike","7":"product_cat-e-bike-trekking","8":"product_cat-e-bikes-2023","9":"product_cat-e-fahrrad","10":"pa_marke-kalkhoff","12":"first","13":"instock","14":"sale","15":"taxable","16":"shipping-taxable","17":"purchasable","18":"product-type-variable"},"yoast_head":"<!-- This site is optimized with the Yoast SEO Premium plugin v20.12 (Yoast SEO v27.1.1) - https:\/\/yoast.com\/product\/yoast-seo-premium-wordpress\/ -->\n<title>Kalkhoff Entice 3.B Move<\/title>\n<meta name=\"description\" content=\"kgerad.de bietet Ihnen das Kalkhoff Entice 3.B Move zum besten Preis mit kostenlosem Versand in ganz EuropaKalkhoff Entice 3.B MoveKalkhoff Entice 3.B Move\" \/>\n<meta name=\"robots\" content=\"index, follow, max-snippet:-1, max-image-preview:large, max-video-preview:-1\" \/>\n<link rel=\"canonical\" href=\"https:\/\/kgerad.de\/en\/product\/kalkhoff-entice-3-b-move\/\" \/>\n<meta property=\"og:locale\" content=\"en_US\" \/>\n<meta property=\"og:type\" content=\"article\" \/>\n<meta property=\"og:title\" content=\"Kalkhoff Entice 3.B Move\" \/>\n<meta property=\"og:description\" content=\"Entdecken Sie unseren Online-Fahrradladen: Gro\u00dfe Auswahl an Modellen f\u00fcr alle Radsportbegeisterten. Von Rennr\u00e4dern bis zu Mountainbikes - finden Sie heute Ihren perfekten Wegbegleiter!\" \/>\n<meta property=\"og:url\" content=\"https:\/\/kgerad.de\/en\/product\/kalkhoff-entice-3-b-move\/\" \/>\n<meta property=\"og:site_name\" content=\"kgerad.de\" \/>\n<meta property=\"article:modified_time\" content=\"2023-08-11T10:06:17+00:00\" \/>\n<meta property=\"og:image\" content=\"https:\/\/kgerad.de\/wp-content\/uploads\/2023\/06\/Kalkhoff-Entice-3B-Move-663520564_800x800.jpg\" \/>\n\t<meta property=\"og:image:width\" content=\"800\" \/>\n\t<meta property=\"og:image:height\" content=\"524\" \/>\n\t<meta property=\"og:image:type\" content=\"image\/jpeg\" \/>\n<meta name=\"twitter:card\" content=\"summary_large_image\" \/>\n<meta name=\"twitter:label1\" content=\"Est. reading time\" \/>\n\t<meta name=\"twitter:data1\" content=\"4 minutes\" \/>\n<script type=\"application\/ld+json\" class=\"yoast-schema-graph\">{\"@context\":\"https:\/\/schema.org\",\"@graph\":[{\"@type\":\"WebPage\",\"@id\":\"https:\/\/kgerad.de\/produkt\/kalkhoff-entice-3-b-move\/\",\"url\":\"https:\/\/kgerad.de\/produkt\/kalkhoff-entice-3-b-move\/\",\"name\":\"Kalkhoff Entice 3.B Move\",\"isPartOf\":{\"@id\":\"https:\/\/kgerad.de\/#website\"},\"primaryImageOfPage\":{\"@id\":\"https:\/\/kgerad.de\/produkt\/kalkhoff-entice-3-b-move\/#primaryimage\"},\"image\":{\"@id\":\"https:\/\/kgerad.de\/produkt\/kalkhoff-entice-3-b-move\/#primaryimage\"},\"thumbnailUrl\":\"https:\/\/kgerad.de\/wp-content\/uploads\/2023\/06\/Kalkhoff-Entice-3B-Move-663520564_800x800.jpg\",\"datePublished\":\"2022-11-08T18:37:41+00:00\",\"dateModified\":\"2023-08-11T10:06:17+00:00\",\"description\":\"kgerad.de bietet Ihnen das Kalkhoff Entice 3.B Move zum besten Preis mit kostenlosem Versand in ganz EuropaKalkhoff Entice 3.B MoveKalkhoff Entice 3.B Move\",\"breadcrumb\":{\"@id\":\"https:\/\/kgerad.de\/produkt\/kalkhoff-entice-3-b-move\/#breadcrumb\"},\"inLanguage\":\"en-US\",\"potentialAction\":[{\"@type\":\"ReadAction\",\"target\":[\"https:\/\/kgerad.de\/produkt\/kalkhoff-entice-3-b-move\/\"]}]},{\"@type\":\"ImageObject\",\"inLanguage\":\"en-US\",\"@id\":\"https:\/\/kgerad.de\/produkt\/kalkhoff-entice-3-b-move\/#primaryimage\",\"url\":\"https:\/\/kgerad.de\/wp-content\/uploads\/2023\/06\/Kalkhoff-Entice-3B-Move-663520564_800x800.jpg\",\"contentUrl\":\"https:\/\/kgerad.de\/wp-content\/uploads\/2023\/06\/Kalkhoff-Entice-3B-Move-663520564_800x800.jpg\",\"width\":800,\"height\":524,\"caption\":\"Kalkhoff Entice 3.B Move\"},{\"@type\":\"BreadcrumbList\",\"@id\":\"https:\/\/kgerad.de\/produkt\/kalkhoff-entice-3-b-move\/#breadcrumb\",\"itemListElement\":[{\"@type\":\"ListItem\",\"position\":1,\"name\":\"Startseite\",\"item\":\"https:\/\/kgerad.de\/\"},{\"@type\":\"ListItem\",\"position\":2,\"name\":\"LADEN\",\"item\":\"https:\/\/kgerad.de\/laden\/\"},{\"@type\":\"ListItem\",\"position\":3,\"name\":\"Kalkhoff Entice 3.B Move\"}]},{\"@type\":\"WebSite\",\"@id\":\"https:\/\/kgerad.de\/#website\",\"url\":\"https:\/\/kgerad.de\/\",\"name\":\"kgerad.de\",\"description\":\"Treten Sie mit uns ins Abenteuer!\",\"publisher\":{\"@id\":\"https:\/\/kgerad.de\/#organization\"},\"alternateName\":\"MEIN RADLADEN\",\"potentialAction\":[{\"@type\":\"SearchAction\",\"target\":{\"@type\":\"EntryPoint\",\"urlTemplate\":\"https:\/\/kgerad.de\/?s={search_term_string}\"},\"query-input\":{\"@type\":\"PropertyValueSpecification\",\"valueRequired\":true,\"valueName\":\"search_term_string\"}}],\"inLanguage\":\"en-US\"},{\"@type\":\"Organization\",\"@id\":\"https:\/\/kgerad.de\/#organization\",\"name\":\"MEINRADLADEN\",\"alternateName\":\"MEIN RADLADEN\",\"url\":\"https:\/\/kgerad.de\/\",\"logo\":{\"@type\":\"ImageObject\",\"inLanguage\":\"en-US\",\"@id\":\"https:\/\/kgerad.de\/#\/schema\/logo\/image\/\",\"url\":\"https:\/\/kgerad.de\/wp-content\/uploads\/2025\/07\/logo-Whit.svg\",\"contentUrl\":\"https:\/\/kgerad.de\/wp-content\/uploads\/2025\/07\/logo-Whit.svg\",\"width\":1640,\"height\":371,\"caption\":\"MEINRADLADEN\"},\"image\":{\"@id\":\"https:\/\/kgerad.de\/#\/schema\/logo\/image\/\"}}]}<\/script>\n<!-- \/ Yoast SEO Premium plugin. -->","yoast_head_json":{"title":"Kalkhoff Entice 3.B Move","description":"kgerad.de bietet Ihnen das Kalkhoff Entice 3.B Move zum besten Preis mit kostenlosem Versand in ganz EuropaKalkhoff Entice 3.B MoveKalkhoff Entice 3.B Move","robots":{"index":"index","follow":"follow","max-snippet":"max-snippet:-1","max-image-preview":"max-image-preview:large","max-video-preview":"max-video-preview:-1"},"canonical":"https:\/\/kgerad.de\/en\/product\/kalkhoff-entice-3-b-move\/","og_locale":"en_US","og_type":"article","og_title":"Kalkhoff Entice 3.B Move","og_description":"Entdecken Sie unseren Online-Fahrradladen: Gro\u00dfe Auswahl an Modellen f\u00fcr alle Radsportbegeisterten. Von Rennr\u00e4dern bis zu Mountainbikes - finden Sie heute Ihren perfekten Wegbegleiter!","og_url":"https:\/\/kgerad.de\/en\/product\/kalkhoff-entice-3-b-move\/","og_site_name":"kgerad.de","article_modified_time":"2023-08-11T10:06:17+00:00","og_image":[{"width":800,"height":524,"url":"https:\/\/kgerad.de\/wp-content\/uploads\/2023\/06\/Kalkhoff-Entice-3B-Move-663520564_800x800.jpg","type":"image\/jpeg"}],"twitter_card":"summary_large_image","twitter_misc":{"Est. reading time":"4 minutes"},"schema":{"@context":"https:\/\/schema.org","@graph":[{"@type":"WebPage","@id":"https:\/\/kgerad.de\/produkt\/kalkhoff-entice-3-b-move\/","url":"https:\/\/kgerad.de\/produkt\/kalkhoff-entice-3-b-move\/","name":"Kalkhoff Entice 3.B Move","isPartOf":{"@id":"https:\/\/kgerad.de\/#website"},"primaryImageOfPage":{"@id":"https:\/\/kgerad.de\/produkt\/kalkhoff-entice-3-b-move\/#primaryimage"},"image":{"@id":"https:\/\/kgerad.de\/produkt\/kalkhoff-entice-3-b-move\/#primaryimage"},"thumbnailUrl":"https:\/\/kgerad.de\/wp-content\/uploads\/2023\/06\/Kalkhoff-Entice-3B-Move-663520564_800x800.jpg","datePublished":"2022-11-08T18:37:41+00:00","dateModified":"2023-08-11T10:06:17+00:00","description":"kgerad.de bietet Ihnen das Kalkhoff Entice 3.B Move zum besten Preis mit kostenlosem Versand in ganz EuropaKalkhoff Entice 3.B MoveKalkhoff Entice 3.B Move","breadcrumb":{"@id":"https:\/\/kgerad.de\/produkt\/kalkhoff-entice-3-b-move\/#breadcrumb"},"inLanguage":"en-US","potentialAction":[{"@type":"ReadAction","target":["https:\/\/kgerad.de\/produkt\/kalkhoff-entice-3-b-move\/"]}]},{"@type":"ImageObject","inLanguage":"en-US","@id":"https:\/\/kgerad.de\/produkt\/kalkhoff-entice-3-b-move\/#primaryimage","url":"https:\/\/kgerad.de\/wp-content\/uploads\/2023\/06\/Kalkhoff-Entice-3B-Move-663520564_800x800.jpg","contentUrl":"https:\/\/kgerad.de\/wp-content\/uploads\/2023\/06\/Kalkhoff-Entice-3B-Move-663520564_800x800.jpg","width":800,"height":524,"caption":"Kalkhoff Entice 3.B Move"},{"@type":"BreadcrumbList","@id":"https:\/\/kgerad.de\/produkt\/kalkhoff-entice-3-b-move\/#breadcrumb","itemListElement":[{"@type":"ListItem","position":1,"name":"Startseite","item":"https:\/\/kgerad.de\/"},{"@type":"ListItem","position":2,"name":"LADEN","item":"https:\/\/kgerad.de\/laden\/"},{"@type":"ListItem","position":3,"name":"Kalkhoff Entice 3.B Move"}]},{"@type":"WebSite","@id":"https:\/\/kgerad.de\/#website","url":"https:\/\/kgerad.de\/","name":"kgerad.de","description":"Treten Sie mit uns ins Abenteuer!","publisher":{"@id":"https:\/\/kgerad.de\/#organization"},"alternateName":"MEIN RADLADEN","potentialAction":[{"@type":"SearchAction","target":{"@type":"EntryPoint","urlTemplate":"https:\/\/kgerad.de\/?s={search_term_string}"},"query-input":{"@type":"PropertyValueSpecification","valueRequired":true,"valueName":"search_term_string"}}],"inLanguage":"en-US"},{"@type":"Organization","@id":"https:\/\/kgerad.de\/#organization","name":"MEINRADLADEN","alternateName":"MEIN RADLADEN","url":"https:\/\/kgerad.de\/","logo":{"@type":"ImageObject","inLanguage":"en-US","@id":"https:\/\/kgerad.de\/#\/schema\/logo\/image\/","url":"https:\/\/kgerad.de\/wp-content\/uploads\/2025\/07\/logo-Whit.svg","contentUrl":"https:\/\/kgerad.de\/wp-content\/uploads\/2025\/07\/logo-Whit.svg","width":1640,"height":371,"caption":"MEINRADLADEN"},"image":{"@id":"https:\/\/kgerad.de\/#\/schema\/logo\/image\/"}}]}},"_links":{"self":[{"href":"https:\/\/kgerad.de\/en\/wp-json\/wp\/v2\/product\/39072","targetHints":{"allow":["GET"]}}],"collection":[{"href":"https:\/\/kgerad.de\/en\/wp-json\/wp\/v2\/product"}],"about":[{"href":"https:\/\/kgerad.de\/en\/wp-json\/wp\/v2\/types\/product"}],"replies":[{"embeddable":true,"href":"https:\/\/kgerad.de\/en\/wp-json\/wp\/v2\/comments?post=39072"}],"version-history":[{"count":2,"href":"https:\/\/kgerad.de\/en\/wp-json\/wp\/v2\/product\/39072\/revisions"}],"predecessor-version":[{"id":79563,"href":"https:\/\/kgerad.de\/en\/wp-json\/wp\/v2\/product\/39072\/revisions\/79563"}],"wp:featuredmedia":[{"embeddable":true,"href":"https:\/\/kgerad.de\/en\/wp-json\/wp\/v2\/media\/61424"}],"wp:attachment":[{"href":"https:\/\/kgerad.de\/en\/wp-json\/wp\/v2\/media?parent=39072"}],"wp:term":[{"taxonomy":"product_brand","embeddable":true,"href":"https:\/\/kgerad.de\/en\/wp-json\/wp\/v2\/product_brand?post=39072"},{"taxonomy":"product_cat","embeddable":true,"href":"https:\/\/kgerad.de\/en\/wp-json\/wp\/v2\/product_cat?post=39072"},{"taxonomy":"product_tag","embeddable":true,"href":"https:\/\/kgerad.de\/en\/wp-json\/wp\/v2\/product_tag?post=39072"}],"curies":[{"name":"wp","href":"https:\/\/api.w.org\/{rel}","templated":true}]}}