{"id":39057,"date":"2022-11-08T19:27:25","date_gmt":"2022-11-08T18:27:25","guid":{"rendered":"https:\/\/kgerad.de\/?post_type=product&#038;p=39057"},"modified":"2023-08-11T12:12:43","modified_gmt":"2023-08-11T10:12:43","slug":"kalkhoff-entice-1-b-move","status":"publish","type":"product","link":"https:\/\/kgerad.de\/en\/product\/kalkhoff-entice-1-b-move\/","title":{"rendered":"Kalkhoff Entice 1.B Move"},"content":{"rendered":"<h2 class=\"product--title\"><strong>Kalkhoff<\/strong>\u00a0Entice 1.B Move<\/h2>\n<div class=\"product--rating-container\">\n<p>Dein E-Bike, um neue Welten zu entdecken. Auf zu neuen Abenteuern und Zielen &#8211; mit dem starken Bosch Smart System erklimmst du selbst steilste Anstiege m\u00fchelos, w\u00e4hrend du auf dem lntuvia 100 Display den \u00dcberblick beh\u00e4ltst. Die breiten Stollenreifen halten dich auch auf schwierigsten Schotterpassagen in der Spur. Und mit der komfortablen Federgabel mit ExtraFederweg f\u00fchlst du dich auch dann sicher, wenn es im Gel\u00e4nde zur Sache geht. Los geht&#8217;s, das Kalkhoff Entice 1.B Move ist dein Eintrittsticket in die Welt der E-Allroad Bikes.<\/p>\n<hr \/>\n<h3>Features &#8211; Kalkhoff Entice 1.B Move<\/h3>\n<ul>\n<li>Ergonomische Touch points<\/li>\n<li>Sichere und langlebige LED Beleuchtung<\/li>\n<li>Hydraulische Scheibenbremsen<\/li>\n<li>Reifen mit optimiertem Profil f\u00fcr Sicherheit sowie gutes und ruhiges Abrollverhalten<\/li>\n<li>Verstellbarer Lenkervorbau<\/li>\n<li>27.5&#8243; Bereifung<\/li>\n<li>Rahmenbohrungen f\u00fcr Rahmenschloss, Flaschenhalter und Lenkungsd\u00e4mpfer<\/li>\n<\/ul>\n<hr \/>\n<h3>Die Kalkhoff Entice 1.B Move Familie<\/h3>\n<p>Einfach aufsteigen und los, aus dem Alltag direkt ins Abenteuer. Wenn der Asphalt endet, f\u00e4hrst du einfach weiter, denn du wei\u00dft: Das Entice 1 nimmt jede Herausforderung an. Ab ins Gel\u00e4nde oder mitten durch den Wald, die engsten Kurven nehmen, die steilsten Abfahrten meistern und fernab der ausgetretenen Wege immer wieder Neues entdecken. Ein E-Bike, das auch im unwegsamen Gel\u00e4nde zu Hause ist \u2013 und mit dem sich jeder noch so steile Berg pl\u00f6tzlich ganz klein anf\u00fchlt. Daf\u00fcr hat Kalkhoff das Einstiegsmodell ins E-Allroad Segment nicht nur mit dem kraftvollen Bosch Smart System, sondern auch mit zahlreichen weiteren starken Komponenten ausgestattet. Von der nachgiebigen Gel\u00e4ndefedergabel f\u00fcr holprige Schotterpfade \u00fcber eine belastbare Rahmenplattform bis hin zu den extrabreiten Stollenreifen \u2013 diesem All-Terrain E-Bike fehlt es an nichts. So kommst du immer ans Ziel, ohne Umwege, ohne Kompromisse. Was m\u00f6chtest du heute erleben?<\/p>\n<hr \/>\n<h3>MIK Adapterplatte<\/h3>\n<p>Mit der MIK-Adapterplatte k\u00f6nnen verschiedene Zubeh\u00f6rteile, K\u00f6rbe und Taschen in 1 Sekunde befestigt werden. Auch das Abnehmen und Mitnehmen dieser Teile funktioniert wegen der MIK-Adapterplatte rasend schnell. Mit dem MIK-System ist so ein Auswechseln besonders einfach.<\/p>\n<table width=\"100%\">\n<tbody>\n<tr>\n<td><img decoding=\"async\" src=\"https:\/\/cd.bike-discount.de\/media\/image\/66\/86\/5d\/mik-adapterplatte.jpg\" width=\"219\" height=\"222\" align=\"left\" data-src=\"media\/image\/mik-adapterplatte.jpg\" \/><\/td>\n<td><strong>MIK ist deine schnelle Transportl\u00f6sung f\u00fcr Zubeh\u00f6rteile, K\u00f6rbe und Taschen<\/strong><\/p>\n<ul>\n<li>Die MIK Adapterplatte verwendet man in der Kombination mit abnehmbaren Fahrradteilen<\/li>\n<li>Die Adapterplatte ist bei der Verwendung von Basil Produkten wie den Fahrradk\u00f6rben und den Fahrradtaschen sehr n\u00fctzlich<\/li>\n<\/ul>\n<\/td>\n<\/tr>\n<\/tbody>\n<\/table>\n<h2>Ausstattung<\/h2>\n<div class=\"product--properties panel has--border\">\n<table class=\"product--properties-table\" style=\"height: 420px;\" width=\"634\">\n<tbody>\n<tr class=\"product--properties-row row1\">\n<td class=\"product--properties-label is--bold\">Rahmen:<\/td>\n<td class=\"product--properties-value\">1|23 Bosch, E-Comfort<\/td>\n<\/tr>\n<tr class=\"product--properties-row row2\">\n<td class=\"product--properties-label is--bold\">Rahmenmaterial:<\/td>\n<td class=\"product--properties-value\">Aluminium<\/td>\n<\/tr>\n<tr class=\"product--properties-row row3\">\n<td class=\"product--properties-label is--bold\">Laufradgr\u00f6\u00dfe:<\/td>\n<td class=\"product--properties-value\">27.5&#8243;<\/td>\n<\/tr>\n<tr class=\"product--properties-row row4\">\n<td class=\"product--properties-label is--bold\">Farbe:<\/td>\n<td class=\"product--properties-value\">moonstonegrey matt<\/td>\n<\/tr>\n<tr class=\"product--properties-row row5\">\n<td class=\"product--properties-label is--bold\">Gabel:<\/td>\n<td class=\"product--properties-value\">SR Suntour NVX, adjustable<\/td>\n<\/tr>\n<tr class=\"product--properties-row row6\">\n<td class=\"product--properties-label is--bold\">Federweg:<\/td>\n<td class=\"product--properties-value\">100 mm<\/td>\n<\/tr>\n<tr class=\"product--properties-row row7\">\n<td class=\"product--properties-label is--bold\">Bremsen:<\/td>\n<td class=\"product--properties-value\">Tektro T280, 2-piston, hydraulic disc brake<\/td>\n<\/tr>\n<tr class=\"product--properties-row row8\">\n<td class=\"product--properties-label is--bold\">Bremsscheiben:<\/td>\n<td class=\"product--properties-value\">180 mm \/ 160 mm<\/td>\n<\/tr>\n<tr class=\"product--properties-row row9\">\n<td class=\"product--properties-label is--bold\">Vorbau:<\/td>\n<td class=\"product--properties-value\">Aluminium, adjustable (XS\/S: 90 mm \/ M\/L: 110 mm)<\/td>\n<\/tr>\n<tr class=\"product--properties-row row10\">\n<td class=\"product--properties-label is--bold\">Lenker:<\/td>\n<td class=\"product--properties-value\">Tour, Aluminium, 640 mm<\/td>\n<\/tr>\n<tr class=\"product--properties-row row11\">\n<td class=\"product--properties-label is--bold\">Griffe:<\/td>\n<td class=\"product--properties-value\">Ergon GP10<\/td>\n<\/tr>\n<tr class=\"product--properties-row row12\">\n<td class=\"product--properties-label is--bold\">Sattel:<\/td>\n<td class=\"product--properties-value\">Selle Royal TCM<\/td>\n<\/tr>\n<tr class=\"product--properties-row row13\">\n<td class=\"product--properties-label is--bold\">Sattelst\u00fctze:<\/td>\n<td class=\"product--properties-value\">Concept EX, aluminium<\/td>\n<\/tr>\n<tr class=\"product--properties-row row14\">\n<td class=\"product--properties-label is--bold\">Kurbel:<\/td>\n<td class=\"product--properties-value\">aluminium, 170 mm, 42T<\/td>\n<\/tr>\n<tr class=\"product--properties-row row15\">\n<td class=\"product--properties-label is--bold\">Schaltwerk:<\/td>\n<td class=\"product--properties-value\">Shimano Acera<\/td>\n<\/tr>\n<\/tbody>\n<\/table>\n<table class=\"product--properties-table\">\n<tbody>\n<tr class=\"product--properties-row row16\">\n<td class=\"product--properties-label is--bold\">Schalthebel:<\/td>\n<td class=\"product--properties-value\">Shimano Altus<\/td>\n<\/tr>\n<tr class=\"product--properties-row row17\">\n<td class=\"product--properties-label is--bold\">Kassette:<\/td>\n<td class=\"product--properties-value\">Shimano HG200, 11-40<\/td>\n<\/tr>\n<tr class=\"product--properties-row row18\">\n<td class=\"product--properties-label is--bold\">Kette:<\/td>\n<td class=\"product--properties-value\">KMC X8<\/td>\n<\/tr>\n<tr class=\"product--properties-row row19\">\n<td class=\"product--properties-label is--bold\">Reifen:<\/td>\n<td class=\"product--properties-value\">Schwalbe Smart Sam, 54-584<\/td>\n<\/tr>\n<tr class=\"product--properties-row row20\">\n<td class=\"product--properties-label is--bold\">Nabe Vorderrad:<\/td>\n<td class=\"product--properties-value\">KT TC7F, Centerlock<\/td>\n<\/tr>\n<tr class=\"product--properties-row row21\">\n<td class=\"product--properties-label is--bold\">Nabe Hinterrad:<\/td>\n<td class=\"product--properties-value\">KT TC7R, Centerlock, 10-speed<\/td>\n<\/tr>\n<tr class=\"product--properties-row row22\">\n<td class=\"product--properties-label is--bold\">Speichen:<\/td>\n<td class=\"product--properties-value\">Niro<\/td>\n<\/tr>\n<tr class=\"product--properties-row row23\">\n<td class=\"product--properties-label is--bold\">Felgen:<\/td>\n<td class=\"product--properties-value\">Aluminium, eyelets, 25mm<\/td>\n<\/tr>\n<tr class=\"product--properties-row row24\">\n<td class=\"product--properties-label is--bold\">Display:<\/td>\n<td class=\"product--properties-value\">Bosch Intuvia 100, with LED Remote<\/td>\n<\/tr>\n<tr class=\"product--properties-row row25\">\n<td class=\"product--properties-label is--bold\">Akku:<\/td>\n<td class=\"product--properties-value\">Bosch Power Pack 545 Wh<\/td>\n<\/tr>\n<tr class=\"product--properties-row row26\">\n<td class=\"product--properties-label is--bold\">Ladeger\u00e4t:<\/td>\n<td class=\"product--properties-value\">Bosch, 4A<\/td>\n<\/tr>\n<tr class=\"product--properties-row row27\">\n<td class=\"product--properties-label is--bold\">Motor:<\/td>\n<td class=\"product--properties-value\">Bosch Performance Line Smart System, 36 V \/ 250 W \/ 75 Nm<\/td>\n<\/tr>\n<tr class=\"product--properties-row row28\">\n<td class=\"product--properties-label is--bold\">Scheinwerfer:<\/td>\n<td class=\"product--properties-value\">Herrmans H-Black MR4, LED<\/td>\n<\/tr>\n<tr class=\"product--properties-row row29\">\n<td class=\"product--properties-label is--bold\">R\u00fccklicht:<\/td>\n<td class=\"product--properties-value\">Herrmans H-Trace, LED<\/td>\n<\/tr>\n<tr class=\"product--properties-row row30\">\n<td class=\"product--properties-label is--bold\">Gep\u00e4cktr\u00e4ger:<\/td>\n<td class=\"product--properties-value\">MIK Rear Carrier<\/td>\n<\/tr>\n<tr class=\"product--properties-row row31\">\n<td class=\"product--properties-label is--bold\">Pedale:<\/td>\n<td class=\"product--properties-value\">MTB, with reflector<\/td>\n<\/tr>\n<tr class=\"product--properties-row row32\">\n<td class=\"product--properties-label is--bold\">Sonstiges:<\/td>\n<td class=\"product--properties-value\">Schutzblech, St\u00e4nder<\/td>\n<\/tr>\n<tr class=\"product--properties-row row33\">\n<td class=\"product--properties-label is--bold\">Zul\u00e4ssiges Gesamtgewicht:<\/td>\n<td class=\"product--properties-value\">130 kg (K\u00f6rpergewicht + Fahrrad + Ausr\u00fcstung)<\/td>\n<\/tr>\n<\/tbody>\n<\/table>\n<\/div>\n<\/div>","protected":false},"excerpt":{"rendered":"<div class=\"tab-menu--product js--tab-menu\">\n<div class=\"tab--container-list\">\n<div class=\"tab--container description has--content is--active\">\n<div class=\"tab--content box-description\">\n<div class=\"content--description\">\n<div class=\"ean-box\"><label>Modelljahr: <span style=\"font-size: 16px;\">2023<\/span><\/label><\/div>\n<\/div>\n<\/div>\n<\/div>\n<\/div>\n<\/div>\n<p><a class=\"rating-link-info--box\" name=\"product--publish-comment\"><\/a><\/p>\n<div id=\"detail--product-reviews\" class=\"content--product-reviews 123\"><\/div>","protected":false},"featured_media":61417,"comment_status":"open","ping_status":"closed","template":"","meta":[],"product_brand":[],"product_cat":[33,247,270,281],"product_tag":[],"class_list":{"0":"post-39057","1":"product","2":"type-product","3":"status-publish","4":"has-post-thumbnail","6":"product_cat-e-bike","7":"product_cat-e-bike-trekking","8":"product_cat-e-bikes-2023","9":"product_cat-e-fahrrad","10":"pa_marke-kalkhoff","12":"first","13":"instock","14":"sale","15":"taxable","16":"shipping-taxable","17":"purchasable","18":"product-type-variable"},"yoast_head":"<!-- This site is optimized with the Yoast SEO Premium plugin v20.12 (Yoast SEO v27.1.1) - https:\/\/yoast.com\/product\/yoast-seo-premium-wordpress\/ -->\n<title>Kalkhoff Entice 1.B Move<\/title>\n<meta name=\"description\" content=\"kgerad.de bietet Ihnen das Kalkhoff Entice 1.B Move zum besten Preis mit kostenlosem Versand in ganz EuropaKalkhoff Entice 1.B MoveKalkhoff Entice 1.B Move\" \/>\n<meta name=\"robots\" content=\"index, follow, max-snippet:-1, max-image-preview:large, max-video-preview:-1\" \/>\n<link rel=\"canonical\" href=\"https:\/\/kgerad.de\/en\/product\/kalkhoff-entice-1-b-move\/\" \/>\n<meta property=\"og:locale\" content=\"en_US\" \/>\n<meta property=\"og:type\" content=\"article\" \/>\n<meta property=\"og:title\" content=\"Kalkhoff Entice 1.B Move\" \/>\n<meta property=\"og:description\" content=\"Entdecken Sie unseren Online-Fahrradladen: Gro\u00dfe Auswahl an Modellen f\u00fcr alle Radsportbegeisterten. Von Rennr\u00e4dern bis zu Mountainbikes - finden Sie heute Ihren perfekten Wegbegleiter!\" \/>\n<meta property=\"og:url\" content=\"https:\/\/kgerad.de\/en\/product\/kalkhoff-entice-1-b-move\/\" \/>\n<meta property=\"og:site_name\" content=\"kgerad.de\" \/>\n<meta property=\"article:modified_time\" content=\"2023-08-11T10:12:43+00:00\" \/>\n<meta property=\"og:image\" content=\"https:\/\/kgerad.de\/wp-content\/uploads\/2023\/06\/Kalkhoff-Entice-1B-Move-663521585_800x800.jpg\" \/>\n\t<meta property=\"og:image:width\" content=\"800\" \/>\n\t<meta property=\"og:image:height\" content=\"498\" \/>\n\t<meta property=\"og:image:type\" content=\"image\/jpeg\" \/>\n<meta name=\"twitter:card\" content=\"summary_large_image\" \/>\n<meta name=\"twitter:label1\" content=\"Est. reading time\" \/>\n\t<meta name=\"twitter:data1\" content=\"3 minutes\" \/>\n<script type=\"application\/ld+json\" class=\"yoast-schema-graph\">{\"@context\":\"https:\/\/schema.org\",\"@graph\":[{\"@type\":\"WebPage\",\"@id\":\"https:\/\/kgerad.de\/produkt\/kalkhoff-entice-1-b-move\/\",\"url\":\"https:\/\/kgerad.de\/produkt\/kalkhoff-entice-1-b-move\/\",\"name\":\"Kalkhoff Entice 1.B Move\",\"isPartOf\":{\"@id\":\"https:\/\/kgerad.de\/#website\"},\"primaryImageOfPage\":{\"@id\":\"https:\/\/kgerad.de\/produkt\/kalkhoff-entice-1-b-move\/#primaryimage\"},\"image\":{\"@id\":\"https:\/\/kgerad.de\/produkt\/kalkhoff-entice-1-b-move\/#primaryimage\"},\"thumbnailUrl\":\"https:\/\/kgerad.de\/wp-content\/uploads\/2023\/06\/Kalkhoff-Entice-1B-Move-663521585_800x800.jpg\",\"datePublished\":\"2022-11-08T18:27:25+00:00\",\"dateModified\":\"2023-08-11T10:12:43+00:00\",\"description\":\"kgerad.de bietet Ihnen das Kalkhoff Entice 1.B Move zum besten Preis mit kostenlosem Versand in ganz EuropaKalkhoff Entice 1.B MoveKalkhoff Entice 1.B Move\",\"breadcrumb\":{\"@id\":\"https:\/\/kgerad.de\/produkt\/kalkhoff-entice-1-b-move\/#breadcrumb\"},\"inLanguage\":\"en-US\",\"potentialAction\":[{\"@type\":\"ReadAction\",\"target\":[\"https:\/\/kgerad.de\/produkt\/kalkhoff-entice-1-b-move\/\"]}]},{\"@type\":\"ImageObject\",\"inLanguage\":\"en-US\",\"@id\":\"https:\/\/kgerad.de\/produkt\/kalkhoff-entice-1-b-move\/#primaryimage\",\"url\":\"https:\/\/kgerad.de\/wp-content\/uploads\/2023\/06\/Kalkhoff-Entice-1B-Move-663521585_800x800.jpg\",\"contentUrl\":\"https:\/\/kgerad.de\/wp-content\/uploads\/2023\/06\/Kalkhoff-Entice-1B-Move-663521585_800x800.jpg\",\"width\":800,\"height\":498,\"caption\":\"Kalkhoff Entice 1.B Move\"},{\"@type\":\"BreadcrumbList\",\"@id\":\"https:\/\/kgerad.de\/produkt\/kalkhoff-entice-1-b-move\/#breadcrumb\",\"itemListElement\":[{\"@type\":\"ListItem\",\"position\":1,\"name\":\"Startseite\",\"item\":\"https:\/\/kgerad.de\/\"},{\"@type\":\"ListItem\",\"position\":2,\"name\":\"LADEN\",\"item\":\"https:\/\/kgerad.de\/laden\/\"},{\"@type\":\"ListItem\",\"position\":3,\"name\":\"Kalkhoff Entice 1.B Move\"}]},{\"@type\":\"WebSite\",\"@id\":\"https:\/\/kgerad.de\/#website\",\"url\":\"https:\/\/kgerad.de\/\",\"name\":\"kgerad.de\",\"description\":\"Treten Sie mit uns ins Abenteuer!\",\"publisher\":{\"@id\":\"https:\/\/kgerad.de\/#organization\"},\"alternateName\":\"MEIN RADLADEN\",\"potentialAction\":[{\"@type\":\"SearchAction\",\"target\":{\"@type\":\"EntryPoint\",\"urlTemplate\":\"https:\/\/kgerad.de\/?s={search_term_string}\"},\"query-input\":{\"@type\":\"PropertyValueSpecification\",\"valueRequired\":true,\"valueName\":\"search_term_string\"}}],\"inLanguage\":\"en-US\"},{\"@type\":\"Organization\",\"@id\":\"https:\/\/kgerad.de\/#organization\",\"name\":\"MEINRADLADEN\",\"alternateName\":\"MEIN RADLADEN\",\"url\":\"https:\/\/kgerad.de\/\",\"logo\":{\"@type\":\"ImageObject\",\"inLanguage\":\"en-US\",\"@id\":\"https:\/\/kgerad.de\/#\/schema\/logo\/image\/\",\"url\":\"https:\/\/kgerad.de\/wp-content\/uploads\/2025\/07\/logo-Whit.svg\",\"contentUrl\":\"https:\/\/kgerad.de\/wp-content\/uploads\/2025\/07\/logo-Whit.svg\",\"width\":1640,\"height\":371,\"caption\":\"MEINRADLADEN\"},\"image\":{\"@id\":\"https:\/\/kgerad.de\/#\/schema\/logo\/image\/\"}}]}<\/script>\n<!-- \/ Yoast SEO Premium plugin. -->","yoast_head_json":{"title":"Kalkhoff Entice 1.B Move","description":"kgerad.de bietet Ihnen das Kalkhoff Entice 1.B Move zum besten Preis mit kostenlosem Versand in ganz EuropaKalkhoff Entice 1.B MoveKalkhoff Entice 1.B Move","robots":{"index":"index","follow":"follow","max-snippet":"max-snippet:-1","max-image-preview":"max-image-preview:large","max-video-preview":"max-video-preview:-1"},"canonical":"https:\/\/kgerad.de\/en\/product\/kalkhoff-entice-1-b-move\/","og_locale":"en_US","og_type":"article","og_title":"Kalkhoff Entice 1.B Move","og_description":"Entdecken Sie unseren Online-Fahrradladen: Gro\u00dfe Auswahl an Modellen f\u00fcr alle Radsportbegeisterten. Von Rennr\u00e4dern bis zu Mountainbikes - finden Sie heute Ihren perfekten Wegbegleiter!","og_url":"https:\/\/kgerad.de\/en\/product\/kalkhoff-entice-1-b-move\/","og_site_name":"kgerad.de","article_modified_time":"2023-08-11T10:12:43+00:00","og_image":[{"width":800,"height":498,"url":"https:\/\/kgerad.de\/wp-content\/uploads\/2023\/06\/Kalkhoff-Entice-1B-Move-663521585_800x800.jpg","type":"image\/jpeg"}],"twitter_card":"summary_large_image","twitter_misc":{"Est. reading time":"3 minutes"},"schema":{"@context":"https:\/\/schema.org","@graph":[{"@type":"WebPage","@id":"https:\/\/kgerad.de\/produkt\/kalkhoff-entice-1-b-move\/","url":"https:\/\/kgerad.de\/produkt\/kalkhoff-entice-1-b-move\/","name":"Kalkhoff Entice 1.B Move","isPartOf":{"@id":"https:\/\/kgerad.de\/#website"},"primaryImageOfPage":{"@id":"https:\/\/kgerad.de\/produkt\/kalkhoff-entice-1-b-move\/#primaryimage"},"image":{"@id":"https:\/\/kgerad.de\/produkt\/kalkhoff-entice-1-b-move\/#primaryimage"},"thumbnailUrl":"https:\/\/kgerad.de\/wp-content\/uploads\/2023\/06\/Kalkhoff-Entice-1B-Move-663521585_800x800.jpg","datePublished":"2022-11-08T18:27:25+00:00","dateModified":"2023-08-11T10:12:43+00:00","description":"kgerad.de bietet Ihnen das Kalkhoff Entice 1.B Move zum besten Preis mit kostenlosem Versand in ganz EuropaKalkhoff Entice 1.B MoveKalkhoff Entice 1.B Move","breadcrumb":{"@id":"https:\/\/kgerad.de\/produkt\/kalkhoff-entice-1-b-move\/#breadcrumb"},"inLanguage":"en-US","potentialAction":[{"@type":"ReadAction","target":["https:\/\/kgerad.de\/produkt\/kalkhoff-entice-1-b-move\/"]}]},{"@type":"ImageObject","inLanguage":"en-US","@id":"https:\/\/kgerad.de\/produkt\/kalkhoff-entice-1-b-move\/#primaryimage","url":"https:\/\/kgerad.de\/wp-content\/uploads\/2023\/06\/Kalkhoff-Entice-1B-Move-663521585_800x800.jpg","contentUrl":"https:\/\/kgerad.de\/wp-content\/uploads\/2023\/06\/Kalkhoff-Entice-1B-Move-663521585_800x800.jpg","width":800,"height":498,"caption":"Kalkhoff Entice 1.B Move"},{"@type":"BreadcrumbList","@id":"https:\/\/kgerad.de\/produkt\/kalkhoff-entice-1-b-move\/#breadcrumb","itemListElement":[{"@type":"ListItem","position":1,"name":"Startseite","item":"https:\/\/kgerad.de\/"},{"@type":"ListItem","position":2,"name":"LADEN","item":"https:\/\/kgerad.de\/laden\/"},{"@type":"ListItem","position":3,"name":"Kalkhoff Entice 1.B Move"}]},{"@type":"WebSite","@id":"https:\/\/kgerad.de\/#website","url":"https:\/\/kgerad.de\/","name":"kgerad.de","description":"Treten Sie mit uns ins Abenteuer!","publisher":{"@id":"https:\/\/kgerad.de\/#organization"},"alternateName":"MEIN RADLADEN","potentialAction":[{"@type":"SearchAction","target":{"@type":"EntryPoint","urlTemplate":"https:\/\/kgerad.de\/?s={search_term_string}"},"query-input":{"@type":"PropertyValueSpecification","valueRequired":true,"valueName":"search_term_string"}}],"inLanguage":"en-US"},{"@type":"Organization","@id":"https:\/\/kgerad.de\/#organization","name":"MEINRADLADEN","alternateName":"MEIN RADLADEN","url":"https:\/\/kgerad.de\/","logo":{"@type":"ImageObject","inLanguage":"en-US","@id":"https:\/\/kgerad.de\/#\/schema\/logo\/image\/","url":"https:\/\/kgerad.de\/wp-content\/uploads\/2025\/07\/logo-Whit.svg","contentUrl":"https:\/\/kgerad.de\/wp-content\/uploads\/2025\/07\/logo-Whit.svg","width":1640,"height":371,"caption":"MEINRADLADEN"},"image":{"@id":"https:\/\/kgerad.de\/#\/schema\/logo\/image\/"}}]}},"_links":{"self":[{"href":"https:\/\/kgerad.de\/en\/wp-json\/wp\/v2\/product\/39057","targetHints":{"allow":["GET"]}}],"collection":[{"href":"https:\/\/kgerad.de\/en\/wp-json\/wp\/v2\/product"}],"about":[{"href":"https:\/\/kgerad.de\/en\/wp-json\/wp\/v2\/types\/product"}],"replies":[{"embeddable":true,"href":"https:\/\/kgerad.de\/en\/wp-json\/wp\/v2\/comments?post=39057"}],"version-history":[{"count":2,"href":"https:\/\/kgerad.de\/en\/wp-json\/wp\/v2\/product\/39057\/revisions"}],"predecessor-version":[{"id":79570,"href":"https:\/\/kgerad.de\/en\/wp-json\/wp\/v2\/product\/39057\/revisions\/79570"}],"wp:featuredmedia":[{"embeddable":true,"href":"https:\/\/kgerad.de\/en\/wp-json\/wp\/v2\/media\/61417"}],"wp:attachment":[{"href":"https:\/\/kgerad.de\/en\/wp-json\/wp\/v2\/media?parent=39057"}],"wp:term":[{"taxonomy":"product_brand","embeddable":true,"href":"https:\/\/kgerad.de\/en\/wp-json\/wp\/v2\/product_brand?post=39057"},{"taxonomy":"product_cat","embeddable":true,"href":"https:\/\/kgerad.de\/en\/wp-json\/wp\/v2\/product_cat?post=39057"},{"taxonomy":"product_tag","embeddable":true,"href":"https:\/\/kgerad.de\/en\/wp-json\/wp\/v2\/product_tag?post=39057"}],"curies":[{"name":"wp","href":"https:\/\/api.w.org\/{rel}","templated":true}]}}