{"id":39000,"date":"2022-11-08T18:52:47","date_gmt":"2022-11-08T17:52:47","guid":{"rendered":"https:\/\/kgerad.de\/?post_type=product&#038;p=39000"},"modified":"2023-08-11T10:52:39","modified_gmt":"2023-08-11T08:52:39","slug":"kalkhoff-entice-5-b-advance","status":"publish","type":"product","link":"https:\/\/kgerad.de\/en\/product\/kalkhoff-entice-5-b-advance\/","title":{"rendered":"Kalkhoff Entice 5.B Advance+"},"content":{"rendered":"<h2 class=\"product--title\"><strong>Kalkhoff<\/strong>\u00a0Entice 5.B Advance+<\/h2>\n<div class=\"product--rating-container\">\n<p>Extra robust, extra stark, extra gel\u00e4ndetauglich. Das Kalkhoff Entice 5.B Advance+ ist dein multifunktionales Trekking-Crossover mit Moutainbike-Genen. Mit dem kraftvollen Bosch CX Smart Systems und einer Ausstattung f\u00fcr Champions ist diesem E-Bike kein Hindernis zu schwer, keine Anfahrt zu steil und kein Abenteuer zu gro\u00df. H\u00f6chstleistungen unter Extrembedingungen, auch dank eines zugelassenen Gesamtgewichts von bis zu 170 kg. Ein Rad f\u00fcr Tourenprofis und solche, die es werden wollen.<\/p>\n<hr \/>\n<h3>Features &#8211; Kalkhoff Entice 5.B Advance+<\/h3>\n<ul>\n<li>Plus Setup &#8211; bis zu 170 kg zul\u00e4ssiges Gesamtgewicht<\/li>\n<li>Starkes Bosch Performance Line CX System<\/li>\n<li>Integrierte 625 Wh Batterie<\/li>\n<li>Solide und robuste Anbauteile<\/li>\n<li>Ergonomische Touchpoints<\/li>\n<li>Verstellbarer Lenkervorbau mit Kabelintegration<\/li>\n<li>Sicheres R\u00fccklicht mit Stoplicht<\/li>\n<\/ul>\n<p><b>Erlebe das neue Plus+ von Kalkhoff<\/b><br \/>\nPLUS+ steht f\u00fcr noch mehr Belastung und noch mehr Flexibilit\u00e4t. Die Modelle der neuen PLUS+ Serie bieten mit einer Traglast von bis zu 170 kg Gesamtgewicht ein extra hohes Ma\u00df an Fahrkomfort auf jedem Terrain. Auch f\u00fcr das Extra an Sicherheit ist gesorgt. F\u00fcr alle, die ein PLUS+ an Freiheit lieben.<\/p>\n<hr \/>\n<h3>Die Kalkhoff Entice 5 Familie<\/h3>\n<p>N\u00e4chstes Ziel: Australische W\u00fcste! Zugegeben, das h\u00f6rt sich im ersten Moment utopisch an. Wenn du das Entice 5+ allerdings einmal ausprobiert hast, wirst du wissen, was Kalkhoff meint. Ob entspannte Urlaubsradtour in Italien oder wildes E-Bike Abenteuer in den Alpen \u2013 das sportliche Allroad-E-Bike mit SUV-Konzept performt auf asphaltierten Radautobahnen genauso wie auf anspruchsvollen Schotterpfaden und Touren durchs Gel\u00e4nde. Ideal f\u00fcr l\u00e4ngere Strecken und gro\u00dfe Ziele: Das besonders belastbare Set-Up. Das Kalkhoff Entice 5+ nimmt Anh\u00e4nger, Packtaschen und Ausr\u00fcstung bis zu einem zugelassenen Gesamtgewicht von 170 kg mit. Ein E-Bike, das dank der zuverl\u00e4ssigen Batterie mit Smart Charger, den extra-breiten Touring-Reifen und dem leistungsstarken Bosch Smart System auch dann noch f\u00e4hrt, wenn viele andere schon umkehren. Vielleicht sogar bis in die australische W\u00fcste.<\/p>\n<hr \/>\n<h3>MIK HD Adapterplatte<\/h3>\n<p>Familie im Gep\u00e4ck mit nur einem Klick: Die Neue MIK Heavy Duty (HD) Adapterplatte ist f\u00fcr Kindersitze zugelassen. Extrastark. Extrasicher. Extrapraktisch.<\/p>\n<p>Mit dem innovativen Adapter-System lassen sich Kindersitze schnell und unkompliziert auf den Gep\u00e4cktr\u00e4ger einklicken &#8211; und pl\u00f6tzlich ist Platz f\u00fcr Zwei. Morgens in die Kita, kurz zum Markt oder einfach mal raus mit der ganzen Familie, die Kleinsten fahren immer sicher mit. Und wenn du allein das Abenteuer suchst, l\u00e4sst sich der Kindersitz genauso intuitiv gegen Fahrradtasche, Korb oder Kiste tauschen. Schon nimmt dein E-Bike dir die Einkaufst\u00fcten, das Picknick oder die Touring-Ausr\u00fcstung ab \u2013 mit einer Traglast von bis zu 27 Kilogramm. So passt es sich t\u00e4glich deinen Bed\u00fcrfnissen an, familienfreundlich und f\u00fcr jede Herausforderung zu haben.<\/p>\n<table width=\"100%\">\n<tbody>\n<tr>\n<td width=\"300\"><img fetchpriority=\"high\" decoding=\"async\" src=\"https:\/\/cd.bike-discount.de\/media\/image\/b8\/30\/53\/MIK-HD-Adapterplatte.jpg\" alt=\"\" width=\"300\" height=\"193\" data-src=\"media\/image\/MIK-HD-Adapterplatte.jpg\" \/><\/td>\n<td><strong>MIK HD ist deine Transportl\u00f6sung f\u00fcr mehr Flexibilit\u00e4t in allen Lebenslagen<\/strong><\/p>\n<ul>\n<li>Die MIK HD Adapterplatte mit Zweistep-Sicherung wurde speziell f\u00fcr Kindersitze entwickelt und ist bereits in verschiedene Kindersitzmodelle integriert<\/li>\n<li>MIK HD ist ein innovatives Open-Platform-System, deshalb kannst du dein Zubeh\u00f6r aus vielen bekannten Marken w\u00e4hlen \u2013 und in Sekundenschnelle austauschen<\/li>\n<li>Alle heutigen und zuk\u00fcnftigen MIK K\u00f6rbe und Taschen passen immer in die MIK-HD Gep\u00e4ck-tr\u00e4ger und in die normalen MIK-Gep\u00e4cktr\u00e4ger!<\/li>\n<li>MIK-HD Tr\u00e4ger: das sind extra starke Gep\u00e4cktr\u00e4ger, belastbar bis 27 kg (EN 11243)<\/li>\n<\/ul>\n<\/td>\n<\/tr>\n<\/tbody>\n<\/table>\n<h2>Ausstattung<\/h2>\n<div class=\"product--properties panel has--border\">\n<table class=\"product--properties-table\">\n<tbody>\n<tr class=\"product--properties-row row1\">\n<td class=\"product--properties-label is--bold\">Rahmen:<\/td>\n<td class=\"product--properties-value\">Integrale 0.6 CX, Aluminium<\/td>\n<\/tr>\n<tr class=\"product--properties-row row2\">\n<td class=\"product--properties-label is--bold\">Rahmenmaterial:<\/td>\n<td class=\"product--properties-value\">Aluminium<\/td>\n<\/tr>\n<tr class=\"product--properties-row row3\">\n<td class=\"product--properties-label is--bold\">Laufradgr\u00f6\u00dfe:<\/td>\n<td class=\"product--properties-value\">29&#8243;<\/td>\n<\/tr>\n<tr class=\"product--properties-row row4\">\n<td class=\"product--properties-label is--bold\">Farbe:<\/td>\n<td class=\"product--properties-value\">moonstonegrey matt<\/td>\n<\/tr>\n<tr class=\"product--properties-row row5\">\n<td class=\"product--properties-label is--bold\">Gabel:<\/td>\n<td class=\"product--properties-value\">Suntour Mobie34 Air, 15 mm thru axle<\/td>\n<\/tr>\n<tr class=\"product--properties-row row6\">\n<td class=\"product--properties-label is--bold\">Federweg:<\/td>\n<td class=\"product--properties-value\">100 mm<\/td>\n<\/tr>\n<tr class=\"product--properties-row row7\">\n<td class=\"product--properties-label is--bold\">Bremsen:<\/td>\n<td class=\"product--properties-value\">Tektro T535, 4-piston, hydraulic disc brake<\/td>\n<\/tr>\n<tr class=\"product--properties-row row8\">\n<td class=\"product--properties-label is--bold\">Bremsscheiben:<\/td>\n<td class=\"product--properties-value\">180 mm \/ 180 mm<\/td>\n<\/tr>\n<tr class=\"product--properties-row row9\">\n<td class=\"product--properties-label is--bold\">Vorbau:<\/td>\n<td class=\"product--properties-value\">Concept EX, adjustable, 80 mm<\/td>\n<\/tr>\n<tr class=\"product--properties-row row10\">\n<td class=\"product--properties-label is--bold\">Lenker:<\/td>\n<td class=\"product--properties-value\">Concept EX Riser<\/td>\n<\/tr>\n<tr class=\"product--properties-row row11\">\n<td class=\"product--properties-label is--bold\">Griffe:<\/td>\n<td class=\"product--properties-value\">Ergon GA30<\/td>\n<\/tr>\n<tr class=\"product--properties-row row12\">\n<td class=\"product--properties-label is--bold\">Sattel:<\/td>\n<td class=\"product--properties-value\">Selle Royal Vivo<\/td>\n<\/tr>\n<tr class=\"product--properties-row row13\">\n<td class=\"product--properties-label is--bold\">Sattelst\u00fctze:<\/td>\n<td class=\"product--properties-value\">By Schulz Parallelogramm G.2, suspension<\/td>\n<\/tr>\n<tr class=\"product--properties-row row14\">\n<td class=\"product--properties-label is--bold\">Kurbel:<\/td>\n<td class=\"product--properties-value\">aluminium, 170 mm, 38T<\/td>\n<\/tr>\n<tr class=\"product--properties-row row15\">\n<td class=\"product--properties-label is--bold\">Schaltwerk:<\/td>\n<td class=\"product--properties-value\">Shimano Deore XT M8130, 11-Speed<\/td>\n<\/tr>\n<\/tbody>\n<\/table>\n<table class=\"product--properties-table\">\n<tbody>\n<tr class=\"product--properties-row row16\">\n<td class=\"product--properties-label is--bold\">Schalthebel:<\/td>\n<td class=\"product--properties-value\">Shimano Deore XT<\/td>\n<\/tr>\n<tr class=\"product--properties-row row17\">\n<td class=\"product--properties-label is--bold\">Kassette:<\/td>\n<td class=\"product--properties-value\">Shimano Deore XT, 11-50T<\/td>\n<\/tr>\n<tr class=\"product--properties-row row18\">\n<td class=\"product--properties-label is--bold\">Kette:<\/td>\n<td class=\"product--properties-value\">Shimano CN-LG50<\/td>\n<\/tr>\n<tr class=\"product--properties-row row19\">\n<td class=\"product--properties-label is--bold\">Reifen:<\/td>\n<td class=\"product--properties-value\">Maxxis Rekon Race 57-622<\/td>\n<\/tr>\n<tr class=\"product--properties-row row20\">\n<td class=\"product--properties-label is--bold\">Nabe Vorderrad:<\/td>\n<td class=\"product--properties-value\">Shimano Alivio MT400, 15&#215;100 mm with QR<\/td>\n<\/tr>\n<tr class=\"product--properties-row row21\">\n<td class=\"product--properties-label is--bold\">Nabe Hinterrad:<\/td>\n<td class=\"product--properties-value\">Shimano GRX RS470, 12&#215;142 mm thru axle<\/td>\n<\/tr>\n<tr class=\"product--properties-row row22\">\n<td class=\"product--properties-label is--bold\">Speichen:<\/td>\n<td class=\"product--properties-value\">Niro<\/td>\n<\/tr>\n<tr class=\"product--properties-row row23\">\n<td class=\"product--properties-label is--bold\">Felgen:<\/td>\n<td class=\"product--properties-value\">Rodi Cyclone with eyelets<\/td>\n<\/tr>\n<tr class=\"product--properties-row row24\">\n<td class=\"product--properties-label is--bold\">Display:<\/td>\n<td class=\"product--properties-value\">Bosch Kiox 300 colour display with walk assist<\/td>\n<\/tr>\n<tr class=\"product--properties-row row25\">\n<td class=\"product--properties-label is--bold\">Akku:<\/td>\n<td class=\"product--properties-value\">Bosch PowerTube 625 Wh<\/td>\n<\/tr>\n<tr class=\"product--properties-row row26\">\n<td class=\"product--properties-label is--bold\">Ladeger\u00e4t:<\/td>\n<td class=\"product--properties-value\">Bosch, 4A<\/td>\n<\/tr>\n<tr class=\"product--properties-row row27\">\n<td class=\"product--properties-label is--bold\">Motor:<\/td>\n<td class=\"product--properties-value\">Bosch Performance Line CX Smart System, 36 V \/ 250 W \/ 85 Nm<\/td>\n<\/tr>\n<tr class=\"product--properties-row row28\">\n<td class=\"product--properties-label is--bold\">Scheinwerfer:<\/td>\n<td class=\"product--properties-value\">Litemove LED, 110 LUX<\/td>\n<\/tr>\n<tr class=\"product--properties-row row29\">\n<td class=\"product--properties-label is--bold\">R\u00fccklicht:<\/td>\n<td class=\"product--properties-value\">Trelock COB Line, LED<\/td>\n<\/tr>\n<tr class=\"product--properties-row row30\">\n<td class=\"product--properties-label is--bold\">Gep\u00e4cktr\u00e4ger:<\/td>\n<td class=\"product--properties-value\">MIK HD Rear Carrier<\/td>\n<\/tr>\n<tr class=\"product--properties-row row31\">\n<td class=\"product--properties-label is--bold\">Pedale:<\/td>\n<td class=\"product--properties-value\">MTB Flat, aluminium, with reflector<\/td>\n<\/tr>\n<tr class=\"product--properties-row row32\">\n<td class=\"product--properties-label is--bold\">Sonstiges:<\/td>\n<td class=\"product--properties-value\">Schutzblech, St\u00e4nder<\/td>\n<\/tr>\n<tr class=\"product--properties-row row33\">\n<td class=\"product--properties-label is--bold\">Zul\u00e4ssiges Gesamtgewicht:<\/td>\n<td class=\"product--properties-value\">170 kg (K\u00f6rpergewicht + Fahrrad + Ausr\u00fcstung)<\/td>\n<\/tr>\n<\/tbody>\n<\/table>\n<\/div>\n<\/div>","protected":false},"excerpt":{"rendered":"<div class=\"tab-menu--product js--tab-menu\">\n<div class=\"tab--container-list\">\n<div class=\"tab--container description has--content is--active\">\n<div class=\"tab--content box-description\">\n<div class=\"content--description\">\n<div class=\"ean-box\"><label>Modelljahr: <span style=\"font-size: 16px;\">2023<\/span><\/label><\/div>\n<\/div>\n<\/div>\n<\/div>\n<\/div>\n<\/div>\n<p><a class=\"rating-link-info--box\" name=\"product--publish-comment\"><\/a><\/p>\n<div id=\"detail--product-reviews\" class=\"content--product-reviews 123\"><\/div>","protected":false},"featured_media":61395,"comment_status":"open","ping_status":"closed","template":"","meta":[],"product_brand":[],"product_cat":[33,247,270,281],"product_tag":[],"class_list":{"0":"post-39000","1":"product","2":"type-product","3":"status-publish","4":"has-post-thumbnail","6":"product_cat-e-bike","7":"product_cat-e-bike-trekking","8":"product_cat-e-bikes-2023","9":"product_cat-e-fahrrad","10":"pa_marke-kalkhoff","12":"first","13":"instock","14":"sale","15":"taxable","16":"shipping-taxable","17":"purchasable","18":"product-type-variable"},"yoast_head":"<!-- This site is optimized with the Yoast SEO Premium plugin v20.12 (Yoast SEO v27.1.1) - https:\/\/yoast.com\/product\/yoast-seo-premium-wordpress\/ -->\n<title>Kalkhoff Entice 5.B Advance+<\/title>\n<meta name=\"description\" content=\"kgerad.de bietet Ihnen das Kalkhoff Entice 5.B Advance+ zum besten Preis mit kostenlosem Versand in ganz EuropaKalkhoff Entice 5.B Advance+\" \/>\n<meta name=\"robots\" content=\"index, follow, max-snippet:-1, max-image-preview:large, max-video-preview:-1\" \/>\n<link rel=\"canonical\" href=\"https:\/\/kgerad.de\/en\/product\/kalkhoff-entice-5-b-advance\/\" \/>\n<meta property=\"og:locale\" content=\"en_US\" \/>\n<meta property=\"og:type\" content=\"article\" \/>\n<meta property=\"og:title\" content=\"Kalkhoff Entice 5.B Advance+\" \/>\n<meta property=\"og:description\" content=\"Entdecken Sie unseren Online-Fahrradladen: Gro\u00dfe Auswahl an Modellen f\u00fcr alle Radsportbegeisterten. Von Rennr\u00e4dern bis zu Mountainbikes - finden Sie heute Ihren perfekten Wegbegleiter!\" \/>\n<meta property=\"og:url\" content=\"https:\/\/kgerad.de\/en\/product\/kalkhoff-entice-5-b-advance\/\" \/>\n<meta property=\"og:site_name\" content=\"kgerad.de\" \/>\n<meta property=\"article:modified_time\" content=\"2023-08-11T08:52:39+00:00\" \/>\n<meta property=\"og:image\" content=\"https:\/\/kgerad.de\/wp-content\/uploads\/2023\/06\/Kalkhoff-Entice-5B-Advance-663522425.jpg\" \/>\n\t<meta property=\"og:image:width\" content=\"2000\" \/>\n\t<meta property=\"og:image:height\" content=\"1299\" \/>\n\t<meta property=\"og:image:type\" content=\"image\/jpeg\" \/>\n<meta name=\"twitter:card\" content=\"summary_large_image\" \/>\n<meta name=\"twitter:label1\" content=\"Est. reading time\" \/>\n\t<meta name=\"twitter:data1\" content=\"4 minutes\" \/>\n<script type=\"application\/ld+json\" class=\"yoast-schema-graph\">{\"@context\":\"https:\/\/schema.org\",\"@graph\":[{\"@type\":\"WebPage\",\"@id\":\"https:\/\/kgerad.de\/produkt\/kalkhoff-entice-5-b-advance\/\",\"url\":\"https:\/\/kgerad.de\/produkt\/kalkhoff-entice-5-b-advance\/\",\"name\":\"Kalkhoff Entice 5.B Advance+\",\"isPartOf\":{\"@id\":\"https:\/\/kgerad.de\/#website\"},\"primaryImageOfPage\":{\"@id\":\"https:\/\/kgerad.de\/produkt\/kalkhoff-entice-5-b-advance\/#primaryimage\"},\"image\":{\"@id\":\"https:\/\/kgerad.de\/produkt\/kalkhoff-entice-5-b-advance\/#primaryimage\"},\"thumbnailUrl\":\"https:\/\/kgerad.de\/wp-content\/uploads\/2023\/06\/Kalkhoff-Entice-5B-Advance-663522425.jpg\",\"datePublished\":\"2022-11-08T17:52:47+00:00\",\"dateModified\":\"2023-08-11T08:52:39+00:00\",\"description\":\"kgerad.de bietet Ihnen das Kalkhoff Entice 5.B Advance+ zum besten Preis mit kostenlosem Versand in ganz EuropaKalkhoff Entice 5.B Advance+\",\"breadcrumb\":{\"@id\":\"https:\/\/kgerad.de\/produkt\/kalkhoff-entice-5-b-advance\/#breadcrumb\"},\"inLanguage\":\"en-US\",\"potentialAction\":[{\"@type\":\"ReadAction\",\"target\":[\"https:\/\/kgerad.de\/produkt\/kalkhoff-entice-5-b-advance\/\"]}]},{\"@type\":\"ImageObject\",\"inLanguage\":\"en-US\",\"@id\":\"https:\/\/kgerad.de\/produkt\/kalkhoff-entice-5-b-advance\/#primaryimage\",\"url\":\"https:\/\/kgerad.de\/wp-content\/uploads\/2023\/06\/Kalkhoff-Entice-5B-Advance-663522425.jpg\",\"contentUrl\":\"https:\/\/kgerad.de\/wp-content\/uploads\/2023\/06\/Kalkhoff-Entice-5B-Advance-663522425.jpg\",\"width\":2000,\"height\":1299,\"caption\":\"Kalkhoff Entice 5.B Advance+\"},{\"@type\":\"BreadcrumbList\",\"@id\":\"https:\/\/kgerad.de\/produkt\/kalkhoff-entice-5-b-advance\/#breadcrumb\",\"itemListElement\":[{\"@type\":\"ListItem\",\"position\":1,\"name\":\"Startseite\",\"item\":\"https:\/\/kgerad.de\/\"},{\"@type\":\"ListItem\",\"position\":2,\"name\":\"LADEN\",\"item\":\"https:\/\/kgerad.de\/laden\/\"},{\"@type\":\"ListItem\",\"position\":3,\"name\":\"Kalkhoff Entice 5.B Advance+\"}]},{\"@type\":\"WebSite\",\"@id\":\"https:\/\/kgerad.de\/#website\",\"url\":\"https:\/\/kgerad.de\/\",\"name\":\"kgerad.de\",\"description\":\"Treten Sie mit uns ins Abenteuer!\",\"publisher\":{\"@id\":\"https:\/\/kgerad.de\/#organization\"},\"alternateName\":\"MEIN RADLADEN\",\"potentialAction\":[{\"@type\":\"SearchAction\",\"target\":{\"@type\":\"EntryPoint\",\"urlTemplate\":\"https:\/\/kgerad.de\/?s={search_term_string}\"},\"query-input\":{\"@type\":\"PropertyValueSpecification\",\"valueRequired\":true,\"valueName\":\"search_term_string\"}}],\"inLanguage\":\"en-US\"},{\"@type\":\"Organization\",\"@id\":\"https:\/\/kgerad.de\/#organization\",\"name\":\"MEINRADLADEN\",\"alternateName\":\"MEIN RADLADEN\",\"url\":\"https:\/\/kgerad.de\/\",\"logo\":{\"@type\":\"ImageObject\",\"inLanguage\":\"en-US\",\"@id\":\"https:\/\/kgerad.de\/#\/schema\/logo\/image\/\",\"url\":\"https:\/\/kgerad.de\/wp-content\/uploads\/2025\/07\/logo-Whit.svg\",\"contentUrl\":\"https:\/\/kgerad.de\/wp-content\/uploads\/2025\/07\/logo-Whit.svg\",\"width\":1640,\"height\":371,\"caption\":\"MEINRADLADEN\"},\"image\":{\"@id\":\"https:\/\/kgerad.de\/#\/schema\/logo\/image\/\"}}]}<\/script>\n<!-- \/ Yoast SEO Premium plugin. -->","yoast_head_json":{"title":"Kalkhoff Entice 5.B Advance+","description":"kgerad.de bietet Ihnen das Kalkhoff Entice 5.B Advance+ zum besten Preis mit kostenlosem Versand in ganz EuropaKalkhoff Entice 5.B Advance+","robots":{"index":"index","follow":"follow","max-snippet":"max-snippet:-1","max-image-preview":"max-image-preview:large","max-video-preview":"max-video-preview:-1"},"canonical":"https:\/\/kgerad.de\/en\/product\/kalkhoff-entice-5-b-advance\/","og_locale":"en_US","og_type":"article","og_title":"Kalkhoff Entice 5.B Advance+","og_description":"Entdecken Sie unseren Online-Fahrradladen: Gro\u00dfe Auswahl an Modellen f\u00fcr alle Radsportbegeisterten. Von Rennr\u00e4dern bis zu Mountainbikes - finden Sie heute Ihren perfekten Wegbegleiter!","og_url":"https:\/\/kgerad.de\/en\/product\/kalkhoff-entice-5-b-advance\/","og_site_name":"kgerad.de","article_modified_time":"2023-08-11T08:52:39+00:00","og_image":[{"width":2000,"height":1299,"url":"https:\/\/kgerad.de\/wp-content\/uploads\/2023\/06\/Kalkhoff-Entice-5B-Advance-663522425.jpg","type":"image\/jpeg"}],"twitter_card":"summary_large_image","twitter_misc":{"Est. reading time":"4 minutes"},"schema":{"@context":"https:\/\/schema.org","@graph":[{"@type":"WebPage","@id":"https:\/\/kgerad.de\/produkt\/kalkhoff-entice-5-b-advance\/","url":"https:\/\/kgerad.de\/produkt\/kalkhoff-entice-5-b-advance\/","name":"Kalkhoff Entice 5.B Advance+","isPartOf":{"@id":"https:\/\/kgerad.de\/#website"},"primaryImageOfPage":{"@id":"https:\/\/kgerad.de\/produkt\/kalkhoff-entice-5-b-advance\/#primaryimage"},"image":{"@id":"https:\/\/kgerad.de\/produkt\/kalkhoff-entice-5-b-advance\/#primaryimage"},"thumbnailUrl":"https:\/\/kgerad.de\/wp-content\/uploads\/2023\/06\/Kalkhoff-Entice-5B-Advance-663522425.jpg","datePublished":"2022-11-08T17:52:47+00:00","dateModified":"2023-08-11T08:52:39+00:00","description":"kgerad.de bietet Ihnen das Kalkhoff Entice 5.B Advance+ zum besten Preis mit kostenlosem Versand in ganz EuropaKalkhoff Entice 5.B Advance+","breadcrumb":{"@id":"https:\/\/kgerad.de\/produkt\/kalkhoff-entice-5-b-advance\/#breadcrumb"},"inLanguage":"en-US","potentialAction":[{"@type":"ReadAction","target":["https:\/\/kgerad.de\/produkt\/kalkhoff-entice-5-b-advance\/"]}]},{"@type":"ImageObject","inLanguage":"en-US","@id":"https:\/\/kgerad.de\/produkt\/kalkhoff-entice-5-b-advance\/#primaryimage","url":"https:\/\/kgerad.de\/wp-content\/uploads\/2023\/06\/Kalkhoff-Entice-5B-Advance-663522425.jpg","contentUrl":"https:\/\/kgerad.de\/wp-content\/uploads\/2023\/06\/Kalkhoff-Entice-5B-Advance-663522425.jpg","width":2000,"height":1299,"caption":"Kalkhoff Entice 5.B Advance+"},{"@type":"BreadcrumbList","@id":"https:\/\/kgerad.de\/produkt\/kalkhoff-entice-5-b-advance\/#breadcrumb","itemListElement":[{"@type":"ListItem","position":1,"name":"Startseite","item":"https:\/\/kgerad.de\/"},{"@type":"ListItem","position":2,"name":"LADEN","item":"https:\/\/kgerad.de\/laden\/"},{"@type":"ListItem","position":3,"name":"Kalkhoff Entice 5.B Advance+"}]},{"@type":"WebSite","@id":"https:\/\/kgerad.de\/#website","url":"https:\/\/kgerad.de\/","name":"kgerad.de","description":"Treten Sie mit uns ins Abenteuer!","publisher":{"@id":"https:\/\/kgerad.de\/#organization"},"alternateName":"MEIN RADLADEN","potentialAction":[{"@type":"SearchAction","target":{"@type":"EntryPoint","urlTemplate":"https:\/\/kgerad.de\/?s={search_term_string}"},"query-input":{"@type":"PropertyValueSpecification","valueRequired":true,"valueName":"search_term_string"}}],"inLanguage":"en-US"},{"@type":"Organization","@id":"https:\/\/kgerad.de\/#organization","name":"MEINRADLADEN","alternateName":"MEIN RADLADEN","url":"https:\/\/kgerad.de\/","logo":{"@type":"ImageObject","inLanguage":"en-US","@id":"https:\/\/kgerad.de\/#\/schema\/logo\/image\/","url":"https:\/\/kgerad.de\/wp-content\/uploads\/2025\/07\/logo-Whit.svg","contentUrl":"https:\/\/kgerad.de\/wp-content\/uploads\/2025\/07\/logo-Whit.svg","width":1640,"height":371,"caption":"MEINRADLADEN"},"image":{"@id":"https:\/\/kgerad.de\/#\/schema\/logo\/image\/"}}]}},"_links":{"self":[{"href":"https:\/\/kgerad.de\/en\/wp-json\/wp\/v2\/product\/39000","targetHints":{"allow":["GET"]}}],"collection":[{"href":"https:\/\/kgerad.de\/en\/wp-json\/wp\/v2\/product"}],"about":[{"href":"https:\/\/kgerad.de\/en\/wp-json\/wp\/v2\/types\/product"}],"replies":[{"embeddable":true,"href":"https:\/\/kgerad.de\/en\/wp-json\/wp\/v2\/comments?post=39000"}],"version-history":[{"count":2,"href":"https:\/\/kgerad.de\/en\/wp-json\/wp\/v2\/product\/39000\/revisions"}],"predecessor-version":[{"id":79486,"href":"https:\/\/kgerad.de\/en\/wp-json\/wp\/v2\/product\/39000\/revisions\/79486"}],"wp:featuredmedia":[{"embeddable":true,"href":"https:\/\/kgerad.de\/en\/wp-json\/wp\/v2\/media\/61395"}],"wp:attachment":[{"href":"https:\/\/kgerad.de\/en\/wp-json\/wp\/v2\/media?parent=39000"}],"wp:term":[{"taxonomy":"product_brand","embeddable":true,"href":"https:\/\/kgerad.de\/en\/wp-json\/wp\/v2\/product_brand?post=39000"},{"taxonomy":"product_cat","embeddable":true,"href":"https:\/\/kgerad.de\/en\/wp-json\/wp\/v2\/product_cat?post=39000"},{"taxonomy":"product_tag","embeddable":true,"href":"https:\/\/kgerad.de\/en\/wp-json\/wp\/v2\/product_tag?post=39000"}],"curies":[{"name":"wp","href":"https:\/\/api.w.org\/{rel}","templated":true}]}}