{"id":38858,"date":"2022-11-08T17:11:23","date_gmt":"2022-11-08T16:11:23","guid":{"rendered":"https:\/\/kgerad.de\/?post_type=product&#038;p=38858"},"modified":"2023-08-11T11:32:00","modified_gmt":"2023-08-11T09:32:00","slug":"kalkhoff-endeavour-7-b-move-wave","status":"publish","type":"product","link":"https:\/\/kgerad.de\/en\/product\/kalkhoff-endeavour-7-b-move-wave\/","title":{"rendered":"Kalkhoff Endeavour 7.B Move+ Wave"},"content":{"rendered":"<div class=\"product--headername\">\n<h2 class=\"product--title\"><strong>Kalkhoff<\/strong>\u00a0Endeavour 7.B Move+ Wave<\/h2>\n<p class=\"product--rating-container\">Das Kalkhoff Endeavour 7.B Move+ ist mit allem ausgestattet, was das Pendlerherz begehrt \u2013 vom vollintegrierten Bosch Performance Line CX Smart System mit 750 Wh Akku bis hin zum Anti-Rutsch-Pedal. So bist du vollkommen alltagstauglich in der Stadt unterwegs und kannst dich am Wochenende sportlich austoben. Praktisch: Das gro\u00dfe Kiox Display, mit dem du bei allen Lichtverh\u00e4ltnissen volle Kontrolle \u00fcber deine Fahrt genie\u00dft. Willkommen in der Premiumwelt der E-Trekking Bikes!<\/p>\n<hr \/>\n<h3>Features &#8211; Kalkhoff Endeavour 7.B Move+<\/h3>\n<ul>\n<li>Solide und robuste Anbauteile<\/li>\n<li>Starkes Bosch Performance Line CX Smart System<\/li>\n<li>Integrierte 750 Wh Batterie<\/li>\n<li>Plus Setup &#8211; bis zu 170kg zul\u00e4ssiges Gesamtgewicht<\/li>\n<li>Solide und robuste Anbauteile<\/li>\n<li>Ergonomische Touchpoints<\/li>\n<li>Verstellbarer Lenkervorbau mit Kabelintegration<\/li>\n<li>Shimano Linkglide E-Bike Schaltungstechnologie<\/li>\n<li>Sattelst\u00fctze: mit dropper Suspension-Funktion Motor- Cover, Akku- Deckel, Schutzbleche, Gep\u00e4cktr\u00e4ger, Gabel &#8211; alles einheitlich in Premium-Farben lackiert<\/li>\n<\/ul>\n<p><b>Erlebe das neue Plus+ von Kalkhoff<\/b><br \/>\nPLUS+ steht f\u00fcr noch mehr Belastung und noch mehr Flexibilit\u00e4t. Die Modelle der neuen PLUS+ Serie bieten mit einer Traglast von bis zu 170 kg Gesamtgewicht ein extra hohes Ma\u00df an Fahrkomfort auf jedem Terrain. Auch f\u00fcr das Extra an Sicherheit ist gesorgt. F\u00fcr alle, die ein PLUS+ an Freiheit lieben.<\/p>\n<hr \/>\n<h3>Die Kalkhoff Endeavour 7+ Familie<\/h3>\n<p>Absolute Freiheit genie\u00dfen. Auf Asphalt. Auf Schotter. Einfach \u00fcberall. Das Kalkhoff Endeavour 7+ ist ein E-Bike, das alles kann. Und vor allem ist es ein E-Bike, das alles will. Beim morgendlichen Rennen gegen den Verkehr bist du mit dem Premium-Modell aus der Endeavour Familie genauso kraftvoll unterwegs wie auf der spontanen Feierabendrunde. Und die ausgedehnte Flussradtour wird mit diesem Rad ebenso zum Vergn\u00fcgen wie der spannende Campingtrip am Wochenende. Kurzum: Ein E-Bike, aufgrund dessen Vielseitigkeit dir die Welt zu F\u00fc\u00dfen liegt &#8211; sowohl im Freizeit-Outfit als auch im Business-Look. Ein Anspruch, der sich im Ubrigen auch in den vielf\u00e4ltigen Ausstattungsvarianten widergespiegelt: Vom Einstiegsmodell Move bis zum Allesk\u00f6nner Advance spielt der Allrounder die volle Klaviatur des E-Bike Trekkings &#8211; und ist damit dein Garant f\u00fcr die absolute Fahrradfreiheit. Und der ideale Partner f\u00fcr deine t\u00e4glichen Abenteuer auf zwei Reifen &#8211; egal ob Boulevard, Berg oder Tal.<\/p>\n<div class=\"tab-menu--product js--tab-menu\">\n<div class=\"tab--container-list\">\n<div class=\"tab--container has--content is--active\">\n<div class=\"tab--content\">\n<div class=\"content--description\">\n<div class=\"product--description\">\n<h2>Ausstattung<\/h2>\n<div class=\"product--properties panel has--border\">\n<table class=\"product--properties-table\" style=\"height: 429px;\" width=\"656\">\n<tbody>\n<tr class=\"product--properties-row row1\">\n<td class=\"product--properties-label is--bold\">Rahmen:<\/td>\n<td class=\"product--properties-value\">Integrale 1.6, Aluminium<\/td>\n<\/tr>\n<tr class=\"product--properties-row row2\">\n<td class=\"product--properties-label is--bold\">Rahmenmaterial:<\/td>\n<td class=\"product--properties-value\">Aluminium<\/td>\n<\/tr>\n<tr class=\"product--properties-row row3\">\n<td class=\"product--properties-label is--bold\">Laufradgr\u00f6\u00dfe:<\/td>\n<td class=\"product--properties-value\">27,5&#8243;<\/td>\n<\/tr>\n<tr class=\"product--properties-row row4\">\n<td class=\"product--properties-label is--bold\">Farbe:<\/td>\n<td class=\"product--properties-value\">jetgrey matt<\/td>\n<\/tr>\n<tr class=\"product--properties-row row5\">\n<td class=\"product--properties-label is--bold\">Gabel:<\/td>\n<td class=\"product--properties-value\">Suntour Mobie25 Air, lockout, 15 mm thru axle<\/td>\n<\/tr>\n<tr class=\"product--properties-row row6\">\n<td class=\"product--properties-label is--bold\">Federweg:<\/td>\n<td class=\"product--properties-value\">75 mm<\/td>\n<\/tr>\n<tr class=\"product--properties-row row7\">\n<td class=\"product--properties-label is--bold\">Bremsen:<\/td>\n<td class=\"product--properties-value\">Tektro M530, 4-Piston\/2-Piston, hydraulic disc brake, 180 mm \/ 180 mm<\/td>\n<\/tr>\n<tr class=\"product--properties-row row8\">\n<td class=\"product--properties-label is--bold\">Vorbau:<\/td>\n<td class=\"product--properties-value\">Concept EX, adjustable<\/td>\n<\/tr>\n<tr class=\"product--properties-row row9\">\n<td class=\"product--properties-label is--bold\">Lenker:<\/td>\n<td class=\"product--properties-value\">Concept EX Ergo Riser<\/td>\n<\/tr>\n<tr class=\"product--properties-row row10\">\n<td class=\"product--properties-label is--bold\">Griffe:<\/td>\n<td class=\"product--properties-value\">Ergon GA30<\/td>\n<\/tr>\n<tr class=\"product--properties-row row11\">\n<td class=\"product--properties-label is--bold\">Sattel:<\/td>\n<td class=\"product--properties-value\">Fizik Terra Aidon<\/td>\n<\/tr>\n<tr class=\"product--properties-row row12\">\n<td class=\"product--properties-label is--bold\">Sattelst\u00fctze:<\/td>\n<td class=\"product--properties-value\">Concept EX, aluminium<\/td>\n<\/tr>\n<tr class=\"product--properties-row row13\">\n<td class=\"product--properties-label is--bold\">Kurbel:<\/td>\n<td class=\"product--properties-value\">aluminium, 170 mm, 38T<\/td>\n<\/tr>\n<tr class=\"product--properties-row row14\">\n<td class=\"product--properties-label is--bold\">Schaltwerk:<\/td>\n<td class=\"product--properties-value\">Shimano Deore M5130<\/td>\n<\/tr>\n<tr class=\"product--properties-row row15\">\n<td class=\"product--properties-label is--bold\">Schalthebel:<\/td>\n<td class=\"product--properties-value\">Shimano Deore<\/td>\n<\/tr>\n<\/tbody>\n<\/table>\n<table class=\"product--properties-table\">\n<tbody>\n<tr class=\"product--properties-row row16\">\n<td class=\"product--properties-label is--bold\">Kassette:<\/td>\n<td class=\"product--properties-value\">Shimano Deore, 11-43T<\/td>\n<\/tr>\n<tr class=\"product--properties-row row17\">\n<td class=\"product--properties-label is--bold\">Kette:<\/td>\n<td class=\"product--properties-value\">Shimano CN-LG50<\/td>\n<\/tr>\n<tr class=\"product--properties-row row18\">\n<td class=\"product--properties-label is--bold\">Reifen:<\/td>\n<td class=\"product--properties-value\">Schwalbe Marathon Almotion 55-584<\/td>\n<\/tr>\n<tr class=\"product--properties-row row19\">\n<td class=\"product--properties-label is--bold\">Nabe Vorderrad:<\/td>\n<td class=\"product--properties-value\">Shimano Alivio MT400, 15&#215;100 mm with QR<\/td>\n<\/tr>\n<tr class=\"product--properties-row row20\">\n<td class=\"product--properties-label is--bold\">Nabe Hinterrad:<\/td>\n<td class=\"product--properties-value\">Shimano Alivio MT400, 12&#215;142 mm thru axle<\/td>\n<\/tr>\n<tr class=\"product--properties-row row21\">\n<td class=\"product--properties-label is--bold\">Speichen:<\/td>\n<td class=\"product--properties-value\">Niro<\/td>\n<\/tr>\n<tr class=\"product--properties-row row22\">\n<td class=\"product--properties-label is--bold\">Felgen:<\/td>\n<td class=\"product--properties-value\">Rodi TRYP35, with double eyelets<\/td>\n<\/tr>\n<tr class=\"product--properties-row row23\">\n<td class=\"product--properties-label is--bold\">Display:<\/td>\n<td class=\"product--properties-value\">Bosch Kiox 300 colour display with walk assist<\/td>\n<\/tr>\n<tr class=\"product--properties-row row24\">\n<td class=\"product--properties-label is--bold\">Akku:<\/td>\n<td class=\"product--properties-value\">Bosch PowerTube, 750 Wh<\/td>\n<\/tr>\n<tr class=\"product--properties-row row25\">\n<td class=\"product--properties-label is--bold\">Ladeger\u00e4t:<\/td>\n<td class=\"product--properties-value\">Bosch, 4A<\/td>\n<\/tr>\n<tr class=\"product--properties-row row26\">\n<td class=\"product--properties-label is--bold\">Motor:<\/td>\n<td class=\"product--properties-value\">Bosch Performance Line CX Smart System, 36 V \/ 250 W \/ 85 Nm<\/td>\n<\/tr>\n<tr class=\"product--properties-row row27\">\n<td class=\"product--properties-label is--bold\">Scheinwerfer:<\/td>\n<td class=\"product--properties-value\">Litemove 110, LED<\/td>\n<\/tr>\n<tr class=\"product--properties-row row28\">\n<td class=\"product--properties-label is--bold\">R\u00fccklicht:<\/td>\n<td class=\"product--properties-value\">Spanninga Pimento<\/td>\n<\/tr>\n<tr class=\"product--properties-row row29\">\n<td class=\"product--properties-label is--bold\">Gep\u00e4cktr\u00e4ger:<\/td>\n<td class=\"product--properties-value\">Racktime System Carrier<\/td>\n<\/tr>\n<tr class=\"product--properties-row row30\">\n<td class=\"product--properties-label is--bold\">Pedale:<\/td>\n<td class=\"product--properties-value\">Comfort, with anti slip protection and reflector<\/td>\n<\/tr>\n<tr class=\"product--properties-row row31\">\n<td class=\"product--properties-label is--bold\">Sonstiges:<\/td>\n<td class=\"product--properties-value\">Schutzblech, St\u00e4nder<\/td>\n<\/tr>\n<tr class=\"product--properties-row row32\">\n<td class=\"product--properties-label is--bold\">Zul\u00e4ssiges Gesamtgewicht:<\/td>\n<td class=\"product--properties-value\">170 kg (K\u00f6rpergewicht + Fahrrad + Ausr\u00fcstung)<\/td>\n<\/tr>\n<\/tbody>\n<\/table>\n<\/div>\n<\/div>\n<\/div>\n<\/div>\n<\/div>\n<\/div>\n<\/div>\n<\/div>","protected":false},"excerpt":{"rendered":"<div class=\"tab-menu--product js--tab-menu\">\n<div class=\"tab--container-list\">\n<div class=\"tab--container description has--content is--active\">\n<div class=\"tab--content box-description\">\n<div class=\"content--description\">\n<div class=\"ean-box\"><label>Modelljahr: <span style=\"font-size: 16px;\">2023<\/span><\/label><\/div>\n<\/div>\n<\/div>\n<\/div>\n<\/div>\n<\/div>\n<p><a class=\"rating-link-info--box\" name=\"product--publish-comment\"><\/a><\/p>\n<div id=\"detail--product-reviews\" class=\"content--product-reviews 123\"><\/div>","protected":false},"featured_media":61340,"comment_status":"open","ping_status":"closed","template":"","meta":[],"product_brand":[],"product_cat":[33,247,35,281],"product_tag":[],"class_list":{"0":"post-38858","1":"product","2":"type-product","3":"status-publish","4":"has-post-thumbnail","6":"product_cat-e-bike","7":"product_cat-e-bike-trekking","8":"product_cat-e-bikes-2022","9":"product_cat-e-fahrrad","10":"pa_marke-kalkhoff","12":"first","13":"instock","14":"sale","15":"taxable","16":"shipping-taxable","17":"purchasable","18":"product-type-variable"},"yoast_head":"<!-- This site is optimized with the Yoast SEO Premium plugin v20.12 (Yoast SEO v27.1.1) - https:\/\/yoast.com\/product\/yoast-seo-premium-wordpress\/ -->\n<title>Kalkhoff Endeavour 7.B Move+ Wave<\/title>\n<meta name=\"description\" content=\"kgerad.de bietet Ihnen das Kalkhoff Endeavour 7.B Move+ Wave zum besten Preis mit kostenlosem Versand in ganz EuropaKalkhoff Endeavour 7.B Move+\" \/>\n<meta name=\"robots\" content=\"index, follow, max-snippet:-1, max-image-preview:large, max-video-preview:-1\" \/>\n<link rel=\"canonical\" href=\"https:\/\/kgerad.de\/en\/product\/kalkhoff-endeavour-7-b-move-wave\/\" \/>\n<meta property=\"og:locale\" content=\"en_US\" \/>\n<meta property=\"og:type\" content=\"article\" \/>\n<meta property=\"og:title\" content=\"Kalkhoff Endeavour 7.B Move+ Wave\" \/>\n<meta property=\"og:description\" content=\"Entdecken Sie unseren Online-Fahrradladen: Gro\u00dfe Auswahl an Modellen f\u00fcr alle Radsportbegeisterten. Von Rennr\u00e4dern bis zu Mountainbikes - finden Sie heute Ihren perfekten Wegbegleiter!\" \/>\n<meta property=\"og:url\" content=\"https:\/\/kgerad.de\/en\/product\/kalkhoff-endeavour-7-b-move-wave\/\" \/>\n<meta property=\"og:site_name\" content=\"kgerad.de\" \/>\n<meta property=\"article:modified_time\" content=\"2023-08-11T09:32:00+00:00\" \/>\n<meta property=\"og:image\" content=\"https:\/\/kgerad.de\/wp-content\/uploads\/2023\/06\/KH0020030v2022_2022_27_WA_GRY_090_PRO_ENDEAVOUR-7-B-MOVE-PLUS.jpg\" \/>\n\t<meta property=\"og:image:width\" content=\"1000\" \/>\n\t<meta property=\"og:image:height\" content=\"589\" \/>\n\t<meta property=\"og:image:type\" content=\"image\/jpeg\" \/>\n<meta name=\"twitter:card\" content=\"summary_large_image\" \/>\n<meta name=\"twitter:label1\" content=\"Est. reading time\" \/>\n\t<meta name=\"twitter:data1\" content=\"3 minutes\" \/>\n<script type=\"application\/ld+json\" class=\"yoast-schema-graph\">{\"@context\":\"https:\/\/schema.org\",\"@graph\":[{\"@type\":\"WebPage\",\"@id\":\"https:\/\/kgerad.de\/produkt\/kalkhoff-endeavour-7-b-move-wave\/\",\"url\":\"https:\/\/kgerad.de\/produkt\/kalkhoff-endeavour-7-b-move-wave\/\",\"name\":\"Kalkhoff Endeavour 7.B Move+ Wave\",\"isPartOf\":{\"@id\":\"https:\/\/kgerad.de\/#website\"},\"primaryImageOfPage\":{\"@id\":\"https:\/\/kgerad.de\/produkt\/kalkhoff-endeavour-7-b-move-wave\/#primaryimage\"},\"image\":{\"@id\":\"https:\/\/kgerad.de\/produkt\/kalkhoff-endeavour-7-b-move-wave\/#primaryimage\"},\"thumbnailUrl\":\"https:\/\/kgerad.de\/wp-content\/uploads\/2023\/06\/KH0020030v2022_2022_27_WA_GRY_090_PRO_ENDEAVOUR-7-B-MOVE-PLUS.jpg\",\"datePublished\":\"2022-11-08T16:11:23+00:00\",\"dateModified\":\"2023-08-11T09:32:00+00:00\",\"description\":\"kgerad.de bietet Ihnen das Kalkhoff Endeavour 7.B Move+ Wave zum besten Preis mit kostenlosem Versand in ganz EuropaKalkhoff Endeavour 7.B Move+\",\"breadcrumb\":{\"@id\":\"https:\/\/kgerad.de\/produkt\/kalkhoff-endeavour-7-b-move-wave\/#breadcrumb\"},\"inLanguage\":\"en-US\",\"potentialAction\":[{\"@type\":\"ReadAction\",\"target\":[\"https:\/\/kgerad.de\/produkt\/kalkhoff-endeavour-7-b-move-wave\/\"]}]},{\"@type\":\"ImageObject\",\"inLanguage\":\"en-US\",\"@id\":\"https:\/\/kgerad.de\/produkt\/kalkhoff-endeavour-7-b-move-wave\/#primaryimage\",\"url\":\"https:\/\/kgerad.de\/wp-content\/uploads\/2023\/06\/KH0020030v2022_2022_27_WA_GRY_090_PRO_ENDEAVOUR-7-B-MOVE-PLUS.jpg\",\"contentUrl\":\"https:\/\/kgerad.de\/wp-content\/uploads\/2023\/06\/KH0020030v2022_2022_27_WA_GRY_090_PRO_ENDEAVOUR-7-B-MOVE-PLUS.jpg\",\"width\":1000,\"height\":589,\"caption\":\"Kalkhoff Endeavour 7.B Move+ Wave\"},{\"@type\":\"BreadcrumbList\",\"@id\":\"https:\/\/kgerad.de\/produkt\/kalkhoff-endeavour-7-b-move-wave\/#breadcrumb\",\"itemListElement\":[{\"@type\":\"ListItem\",\"position\":1,\"name\":\"Startseite\",\"item\":\"https:\/\/kgerad.de\/\"},{\"@type\":\"ListItem\",\"position\":2,\"name\":\"LADEN\",\"item\":\"https:\/\/kgerad.de\/laden\/\"},{\"@type\":\"ListItem\",\"position\":3,\"name\":\"Kalkhoff Endeavour 7.B Move+ Wave\"}]},{\"@type\":\"WebSite\",\"@id\":\"https:\/\/kgerad.de\/#website\",\"url\":\"https:\/\/kgerad.de\/\",\"name\":\"kgerad.de\",\"description\":\"Treten Sie mit uns ins Abenteuer!\",\"publisher\":{\"@id\":\"https:\/\/kgerad.de\/#organization\"},\"alternateName\":\"MEIN RADLADEN\",\"potentialAction\":[{\"@type\":\"SearchAction\",\"target\":{\"@type\":\"EntryPoint\",\"urlTemplate\":\"https:\/\/kgerad.de\/?s={search_term_string}\"},\"query-input\":{\"@type\":\"PropertyValueSpecification\",\"valueRequired\":true,\"valueName\":\"search_term_string\"}}],\"inLanguage\":\"en-US\"},{\"@type\":\"Organization\",\"@id\":\"https:\/\/kgerad.de\/#organization\",\"name\":\"MEINRADLADEN\",\"alternateName\":\"MEIN RADLADEN\",\"url\":\"https:\/\/kgerad.de\/\",\"logo\":{\"@type\":\"ImageObject\",\"inLanguage\":\"en-US\",\"@id\":\"https:\/\/kgerad.de\/#\/schema\/logo\/image\/\",\"url\":\"https:\/\/kgerad.de\/wp-content\/uploads\/2025\/07\/logo-Whit.svg\",\"contentUrl\":\"https:\/\/kgerad.de\/wp-content\/uploads\/2025\/07\/logo-Whit.svg\",\"width\":1640,\"height\":371,\"caption\":\"MEINRADLADEN\"},\"image\":{\"@id\":\"https:\/\/kgerad.de\/#\/schema\/logo\/image\/\"}}]}<\/script>\n<!-- \/ Yoast SEO Premium plugin. -->","yoast_head_json":{"title":"Kalkhoff Endeavour 7.B Move+ Wave","description":"kgerad.de bietet Ihnen das Kalkhoff Endeavour 7.B Move+ Wave zum besten Preis mit kostenlosem Versand in ganz EuropaKalkhoff Endeavour 7.B Move+","robots":{"index":"index","follow":"follow","max-snippet":"max-snippet:-1","max-image-preview":"max-image-preview:large","max-video-preview":"max-video-preview:-1"},"canonical":"https:\/\/kgerad.de\/en\/product\/kalkhoff-endeavour-7-b-move-wave\/","og_locale":"en_US","og_type":"article","og_title":"Kalkhoff Endeavour 7.B Move+ Wave","og_description":"Entdecken Sie unseren Online-Fahrradladen: Gro\u00dfe Auswahl an Modellen f\u00fcr alle Radsportbegeisterten. Von Rennr\u00e4dern bis zu Mountainbikes - finden Sie heute Ihren perfekten Wegbegleiter!","og_url":"https:\/\/kgerad.de\/en\/product\/kalkhoff-endeavour-7-b-move-wave\/","og_site_name":"kgerad.de","article_modified_time":"2023-08-11T09:32:00+00:00","og_image":[{"width":1000,"height":589,"url":"https:\/\/kgerad.de\/wp-content\/uploads\/2023\/06\/KH0020030v2022_2022_27_WA_GRY_090_PRO_ENDEAVOUR-7-B-MOVE-PLUS.jpg","type":"image\/jpeg"}],"twitter_card":"summary_large_image","twitter_misc":{"Est. reading time":"3 minutes"},"schema":{"@context":"https:\/\/schema.org","@graph":[{"@type":"WebPage","@id":"https:\/\/kgerad.de\/produkt\/kalkhoff-endeavour-7-b-move-wave\/","url":"https:\/\/kgerad.de\/produkt\/kalkhoff-endeavour-7-b-move-wave\/","name":"Kalkhoff Endeavour 7.B Move+ Wave","isPartOf":{"@id":"https:\/\/kgerad.de\/#website"},"primaryImageOfPage":{"@id":"https:\/\/kgerad.de\/produkt\/kalkhoff-endeavour-7-b-move-wave\/#primaryimage"},"image":{"@id":"https:\/\/kgerad.de\/produkt\/kalkhoff-endeavour-7-b-move-wave\/#primaryimage"},"thumbnailUrl":"https:\/\/kgerad.de\/wp-content\/uploads\/2023\/06\/KH0020030v2022_2022_27_WA_GRY_090_PRO_ENDEAVOUR-7-B-MOVE-PLUS.jpg","datePublished":"2022-11-08T16:11:23+00:00","dateModified":"2023-08-11T09:32:00+00:00","description":"kgerad.de bietet Ihnen das Kalkhoff Endeavour 7.B Move+ Wave zum besten Preis mit kostenlosem Versand in ganz EuropaKalkhoff Endeavour 7.B Move+","breadcrumb":{"@id":"https:\/\/kgerad.de\/produkt\/kalkhoff-endeavour-7-b-move-wave\/#breadcrumb"},"inLanguage":"en-US","potentialAction":[{"@type":"ReadAction","target":["https:\/\/kgerad.de\/produkt\/kalkhoff-endeavour-7-b-move-wave\/"]}]},{"@type":"ImageObject","inLanguage":"en-US","@id":"https:\/\/kgerad.de\/produkt\/kalkhoff-endeavour-7-b-move-wave\/#primaryimage","url":"https:\/\/kgerad.de\/wp-content\/uploads\/2023\/06\/KH0020030v2022_2022_27_WA_GRY_090_PRO_ENDEAVOUR-7-B-MOVE-PLUS.jpg","contentUrl":"https:\/\/kgerad.de\/wp-content\/uploads\/2023\/06\/KH0020030v2022_2022_27_WA_GRY_090_PRO_ENDEAVOUR-7-B-MOVE-PLUS.jpg","width":1000,"height":589,"caption":"Kalkhoff Endeavour 7.B Move+ Wave"},{"@type":"BreadcrumbList","@id":"https:\/\/kgerad.de\/produkt\/kalkhoff-endeavour-7-b-move-wave\/#breadcrumb","itemListElement":[{"@type":"ListItem","position":1,"name":"Startseite","item":"https:\/\/kgerad.de\/"},{"@type":"ListItem","position":2,"name":"LADEN","item":"https:\/\/kgerad.de\/laden\/"},{"@type":"ListItem","position":3,"name":"Kalkhoff Endeavour 7.B Move+ Wave"}]},{"@type":"WebSite","@id":"https:\/\/kgerad.de\/#website","url":"https:\/\/kgerad.de\/","name":"kgerad.de","description":"Treten Sie mit uns ins Abenteuer!","publisher":{"@id":"https:\/\/kgerad.de\/#organization"},"alternateName":"MEIN RADLADEN","potentialAction":[{"@type":"SearchAction","target":{"@type":"EntryPoint","urlTemplate":"https:\/\/kgerad.de\/?s={search_term_string}"},"query-input":{"@type":"PropertyValueSpecification","valueRequired":true,"valueName":"search_term_string"}}],"inLanguage":"en-US"},{"@type":"Organization","@id":"https:\/\/kgerad.de\/#organization","name":"MEINRADLADEN","alternateName":"MEIN RADLADEN","url":"https:\/\/kgerad.de\/","logo":{"@type":"ImageObject","inLanguage":"en-US","@id":"https:\/\/kgerad.de\/#\/schema\/logo\/image\/","url":"https:\/\/kgerad.de\/wp-content\/uploads\/2025\/07\/logo-Whit.svg","contentUrl":"https:\/\/kgerad.de\/wp-content\/uploads\/2025\/07\/logo-Whit.svg","width":1640,"height":371,"caption":"MEINRADLADEN"},"image":{"@id":"https:\/\/kgerad.de\/#\/schema\/logo\/image\/"}}]}},"_links":{"self":[{"href":"https:\/\/kgerad.de\/en\/wp-json\/wp\/v2\/product\/38858","targetHints":{"allow":["GET"]}}],"collection":[{"href":"https:\/\/kgerad.de\/en\/wp-json\/wp\/v2\/product"}],"about":[{"href":"https:\/\/kgerad.de\/en\/wp-json\/wp\/v2\/types\/product"}],"replies":[{"embeddable":true,"href":"https:\/\/kgerad.de\/en\/wp-json\/wp\/v2\/comments?post=38858"}],"version-history":[{"count":2,"href":"https:\/\/kgerad.de\/en\/wp-json\/wp\/v2\/product\/38858\/revisions"}],"predecessor-version":[{"id":79537,"href":"https:\/\/kgerad.de\/en\/wp-json\/wp\/v2\/product\/38858\/revisions\/79537"}],"wp:featuredmedia":[{"embeddable":true,"href":"https:\/\/kgerad.de\/en\/wp-json\/wp\/v2\/media\/61340"}],"wp:attachment":[{"href":"https:\/\/kgerad.de\/en\/wp-json\/wp\/v2\/media?parent=38858"}],"wp:term":[{"taxonomy":"product_brand","embeddable":true,"href":"https:\/\/kgerad.de\/en\/wp-json\/wp\/v2\/product_brand?post=38858"},{"taxonomy":"product_cat","embeddable":true,"href":"https:\/\/kgerad.de\/en\/wp-json\/wp\/v2\/product_cat?post=38858"},{"taxonomy":"product_tag","embeddable":true,"href":"https:\/\/kgerad.de\/en\/wp-json\/wp\/v2\/product_tag?post=38858"}],"curies":[{"name":"wp","href":"https:\/\/api.w.org\/{rel}","templated":true}]}}