{"id":38792,"date":"2022-11-08T15:56:24","date_gmt":"2022-11-08T14:56:24","guid":{"rendered":"https:\/\/kgerad.de\/?post_type=product&#038;p=38792"},"modified":"2023-08-11T10:11:56","modified_gmt":"2023-08-11T08:11:56","slug":"cervelo-aspero-grx-rx600-1","status":"publish","type":"product","link":"https:\/\/kgerad.de\/en\/product\/cervelo-aspero-grx-rx600-1\/","title":{"rendered":"Cerv\u00e9lo \u00c1spero GRX RX600"},"content":{"rendered":"<div class=\"product--headername\">\n<h2 class=\"product--title\"><strong>Cerv\u00e9lo<\/strong>\u00a0\u00c1spero GRX RX600<\/h2>\n<p class=\"product--rating-container\">Cerv\u00e9lo \u00c1spero GRX bietet mit der \u00c1spero-Serie das Gravelbike f\u00fcr die Abenteurer unter den Radsportlern. Der hochwertige Carbon-Rahmen gepaart mit robuster Ausstattung bietet auf und abseits geteerter Stra\u00dfen gen\u00fcgend Potential, um sich richtig auszutoben.<\/p>\n<hr \/>\n<h2>Das Gravel-Bike f\u00fcr maximale Geschwindigkeit auf jedem Untergrund &#8211; Cerv\u00e9lo \u00c1spero<\/h2>\n<p>Eine neue Art von Fahrern ist im Entstehen \u2013 eine, die Freiheit und Erkundung liebt, auf der die Gravel-Kultur gegr\u00fcndet wurde, die aber den Hunger sp\u00fcrt, wild zu fahren, sich auszutoben und nicht nur die Geografie, sondern auch die pers\u00f6nlichen Grenzen zu erforschen. Diese Grenze erfordert eine neue Art von Gravel-Maschine, die nicht dazu bestimmt ist, die Trails zu durchstreifen, sondern richtig zu ballern.<\/p>\n<p>F\u00fcr diese Athleten hat Cerv\u00e9lo eine Maschine entwickelt, die f\u00fcr reine, kompromisslose Geschwindigkeit ausgelegt ist und bereit ist, Ziellinien zu Fall zu bringen, KOM-Ranglisten, PRs und FKTs. Ein einzelnes Fahrrad, das zuerst H\u00f6chstgeschwindigkeit generiert und dann als zweites diese Geschwindigkeit \u00fcber die wechselhaften Bedingungen kontrolliert, die Gravel-Athleten bezwingen m\u00fcssen. Eine Maschine, die ohne Grenzen gebaut ist, f\u00fcr die Radrennfahrer, die bereit sind, sie zu testen.<\/p>\n<p>Es ist an der Zeit, das Paradigma des Gravel-Fahrrraddesigns umzustellen vom langsamen Ziehen von Lasten zur schnellen Ert\u00fcchtigung von Athleten. Der \u00c1spero-Rahmen nutzt das umfangreiche Wissen aus dem Stra\u00dfenrennsport und ist mit WorldTour-Steifigkeit f\u00fcr gr\u00f6\u00dfere Pedalkraft\u00fcbertragung entworfen, wobei weniger und leichteres Material verwendet wird, um das Bergsteigen und Beschleunigen zu unterst\u00fctzen, w\u00e4hrend gleichzeitig die Geschwindigkeit mit aerodynamischen Formen maximiert wird, die f\u00fcr die Effizienz bei Geschwindigkeit entscheidend sind.<\/p>\n<hr \/>\n<h3>Features &#8211; Cerv\u00e9lo \u00c1spero GRX RX600<\/h3>\n<p><strong>Der \u00c1spero-Rahmen<\/strong><br \/>\nDer \u00c1spero-Rahmen nutzt das umfangreiche Wissen aus dem Stra\u00dfenrennsport und ist mit WorldTour-Steifigkeit f\u00fcr gr\u00f6\u00dfere Pedalkraft\u00fcbertragung entworfen, wobei weniger und leichteres Material verwendet wird, um das Bergsteigen und Beschleunigen zu unterst\u00fctzen, w\u00e4hrend gleichzeitig die Geschwindigkeit mit aerodynamischen Formen maximiert wird, die f\u00fcr die Effizienz bei Geschwindigkeit entscheidend sind.<\/p>\n<p><strong>650b oder 28&#8243;<\/strong><br \/>\nDas Fahrrad kann an verschiedene Rad\/Reifen-Kombinationen angepasst werden, um die Kontrolle zu maximieren. Cerv\u00e9lo hat das Fahrrad so konstruiert, dass es f\u00fcr die meisten 700&#215;42 oder 650&#215;49 Reifen\/Radkombinationen bequem passt. Nat\u00fcrlich gibt es Variablen \u2013 Felgenbreite, Reifenmantel\/Profiltiefe \u2013, die die letztliche Reifenfreiheit beeinflussen. WICHTIGER HINWEIS \u2013 Cerv\u00e9lo empfiehlt immer eine Freiheit von 4 mm rundum, egal welche Reifen\/Rad-Kombination am Fahrrad installiert ist.<\/p>\n<p><strong>Zwei-Positions-Anpassung<\/strong><br \/>\n\u201eTrail\u201c \u2013 die Reaktion des Vorderrads auf die Eingabe des Fahrers \u2013 ist der kritischste Faktor beim Hochgeschindigkeits-Handling. Die M\u00f6glichkeit, den Trail mit dem Zwei-Positions-\u201eTrail Mixer\u201c einzustellen, um bei der extremen Palette von Reifengr\u00f6\u00dfen einen Ausgleich zu schaffen, sorgt f\u00fcr ein einheitliches Fahrerlebnis.<\/p>\n<p><strong>Ausgewogenes Handling<\/strong><br \/>\nSteifigkeit und Handling arbeiten zusammen, um die Radwege vorhersehbar zu machen und reagieren sofort auf kritische Pedal- und Verspannungseingaben. Der Trail Mixer der Gabel passt den Trail an, um die Ersch\u00fctterungen auf das Handling beim Wechsel zwischen den meisten g\u00e4ngigen Reifengr\u00f6\u00dfen zu verringern.<\/p>\n<hr \/>\n<p class=\"product--rating-container\"><strong>Bitte beachte, dass im Lieferumfang keine Pedale enthalten sind!<\/strong><\/p>\n<hr \/>\n<h3>\u00c1spero | Welcome to the era of speed in gravel<\/h3>\n<p class=\"product--rating-container\"><iframe src=\"https:\/\/www.youtube-nocookie.com\/embed\/yJnZ0IsByJI\" width=\"640\" height=\"360\" frameborder=\"0\" allowfullscreen=\"allowfullscreen\"><\/iframe><\/p>\n<h3>\u00c1spero | About our latest gravel bike<\/h3>\n<p class=\"product--rating-container\"><iframe src=\"https:\/\/www.youtube-nocookie.com\/embed\/EAybwJJzlAg\" width=\"640\" height=\"360\" frameborder=\"0\" allowfullscreen=\"allowfullscreen\"><\/iframe><\/p>\n<div>\n<h2>Ausstattung<\/h2>\n<div class=\"product--properties panel has--border\">\n<table class=\"product--properties-table\">\n<tbody>\n<tr class=\"product--properties-row row1\">\n<td class=\"product--properties-label is--bold\">Rahmen:<\/td>\n<td class=\"product--properties-value\">\u00c1spero<\/td>\n<\/tr>\n<tr class=\"product--properties-row row2\">\n<td class=\"product--properties-label is--bold\">Rahmenmaterial:<\/td>\n<td class=\"product--properties-value\">Carbon<\/td>\n<\/tr>\n<tr class=\"product--properties-row row3\">\n<td class=\"product--properties-label is--bold\">Laufradgr\u00f6\u00dfe:<\/td>\n<td class=\"product--properties-value\">28&#8243;<\/td>\n<\/tr>\n<tr class=\"product--properties-row row4\">\n<td class=\"product--properties-label is--bold\">Farbe:<\/td>\n<td class=\"product--properties-value\">Purple Sunset<\/td>\n<\/tr>\n<tr class=\"product--properties-row row5\">\n<td class=\"product--properties-label is--bold\">Gabel:<\/td>\n<td class=\"product--properties-value\">Cerv\u00e9lo All-Carbon, Tapered \u00c1spero Fork with Adjustable Trail<\/td>\n<\/tr>\n<tr class=\"product--properties-row row6\">\n<td class=\"product--properties-label is--bold\">Bremsen:<\/td>\n<td class=\"product--properties-value\">Shimano GRX RX600 Hydraulic Disc<\/td>\n<\/tr>\n<tr class=\"product--properties-row row7\">\n<td class=\"product--properties-label is--bold\">Bremsscheiben:<\/td>\n<td class=\"product--properties-value\">Shimano SM-RT66, 160 mm \/ 160 mm<\/td>\n<\/tr>\n<tr class=\"product--properties-row row8\">\n<td class=\"product--properties-label is--bold\">Steuersatz:<\/td>\n<td class=\"product--properties-value\">FSA IS2 1-1\/8 x 1-1\/2<\/td>\n<\/tr>\n<tr class=\"product--properties-row row9\">\n<td class=\"product--properties-label is--bold\">Vorbau:<\/td>\n<td class=\"product--properties-value\">Easton EA50 Alloy<\/td>\n<\/tr>\n<tr class=\"product--properties-row row10\">\n<td class=\"product--properties-label is--bold\">Lenker:<\/td>\n<td class=\"product--properties-value\">Easton EA50 AX Alloy<\/td>\n<\/tr>\n<tr class=\"product--properties-row row11\">\n<td class=\"product--properties-label is--bold\">Sattel:<\/td>\n<td class=\"product--properties-value\">Cerv\u00e9lo Road Saddle<\/td>\n<\/tr>\n<tr class=\"product--properties-row row12\">\n<td class=\"product--properties-label is--bold\">Sattelst\u00fctze:<\/td>\n<td class=\"product--properties-value\">Easton EA50 Alloy<\/td>\n<\/tr>\n<tr class=\"product--properties-row row13\">\n<td class=\"product--properties-label is--bold\">Kurbel:<\/td>\n<td class=\"product--properties-value\">Shimano GRX 600 46\/30<\/td>\n<\/tr>\n<tr class=\"product--properties-row row14\">\n<td class=\"product--properties-label is--bold\">Tretlager\/Innenlager:<\/td>\n<td class=\"product--properties-value\">JY-BB 24<\/td>\n<\/tr>\n<tr class=\"product--properties-row row15\">\n<td class=\"product--properties-label is--bold\">Schaltwerk:<\/td>\n<td class=\"product--properties-value\">Shimano GRX 600, 11 spd<\/td>\n<\/tr>\n<\/tbody>\n<\/table>\n<table class=\"product--properties-table\">\n<tbody>\n<tr class=\"product--properties-row row16\">\n<td class=\"product--properties-label is--bold\">Schalthebel:<\/td>\n<td class=\"product--properties-value\">Shimano GRX RX600, 11 spd<\/td>\n<\/tr>\n<tr class=\"product--properties-row row17\">\n<td class=\"product--properties-label is--bold\">Umwerfer:<\/td>\n<td class=\"product--properties-value\">Shimano GRX 600, 11 spd<\/td>\n<\/tr>\n<tr class=\"product--properties-row row18\">\n<td class=\"product--properties-label is--bold\">Kassette:<\/td>\n<td class=\"product--properties-value\">Shimano 105 R7000, 11 spd, 11-34<\/td>\n<\/tr>\n<tr class=\"product--properties-row row19\">\n<td class=\"product--properties-label is--bold\">Kette:<\/td>\n<td class=\"product--properties-value\">Shimano CN-HG601, 11 spd<\/td>\n<\/tr>\n<tr class=\"product--properties-row row20\">\n<td class=\"product--properties-label is--bold\">Reifen:<\/td>\n<td class=\"product--properties-value\">Panaracer Gravel King SK Sport Folding 700&#215;38 60tpi<\/td>\n<\/tr>\n<tr class=\"product--properties-row row21\">\n<td class=\"product--properties-label is--bold\">Laufradsatz:<\/td>\n<td class=\"product--properties-value\">Alexrims Boondocks-7D, 28h (F), 28h (R), 24mm IW, 6-Bolt, Tubeless Ready, Cervelo Indexed Thru-Axles w\/ Lever, 12&#215;100\/142<\/td>\n<\/tr>\n<tr class=\"product--properties-row row22\">\n<td class=\"product--properties-label is--bold\">Pedale:<\/td>\n<td class=\"product--properties-value\">nicht im Lieferumfang enthalten<\/td>\n<\/tr>\n<tr class=\"product--properties-row row23\">\n<td class=\"product--properties-label is--bold\">Sonstiges:<\/td>\n<td class=\"product--properties-value\">Smartpak 400A Top Tube Storage Bag<\/td>\n<\/tr>\n<tr class=\"product--properties-row row24\">\n<td class=\"product--properties-label is--bold\">Zul\u00e4ssiges Gesamtgewicht:<\/td>\n<td class=\"product--properties-value\">100 kg (K\u00f6rpergewicht + Fahrrad + Ausr\u00fcstung)<\/td>\n<\/tr>\n<\/tbody>\n<\/table>\n<\/div>\n<\/div>\n<\/div>\n<div class=\"image-slider--container no--thumbnails\"><\/div>","protected":false},"excerpt":{"rendered":"<div class=\"tab-menu--product js--tab-menu\">\n<div class=\"tab--container-list\">\n<div class=\"tab--container description has--content is--active\">\n<div class=\"tab--content box-description\">\n<div class=\"content--description\">\n<div class=\"ean-box\"><label>Modelljahr: <span style=\"font-size: 16px;\">2022<\/span><\/label><\/div>\n<\/div>\n<\/div>\n<\/div>\n<\/div>\n<\/div>\n<p><a class=\"rating-link-info--box\" name=\"product--publish-comment\"><\/a><\/p>\n<div id=\"detail--product-reviews\" class=\"content--product-reviews 123\"><\/div>","protected":false},"featured_media":61321,"comment_status":"open","ping_status":"closed","template":"","meta":[],"product_brand":[],"product_cat":[36,37],"product_tag":[],"class_list":{"0":"post-38792","1":"product","2":"type-product","3":"status-publish","4":"has-post-thumbnail","6":"product_cat-fahrrad","7":"product_cat-gravel-bikes","8":"pa_marke-cervelo","10":"first","11":"instock","12":"sale","13":"taxable","14":"shipping-taxable","15":"purchasable","16":"product-type-variable"},"yoast_head":"<!-- This site is optimized with the Yoast SEO Premium plugin v20.12 (Yoast SEO v27.1.1) - https:\/\/yoast.com\/product\/yoast-seo-premium-wordpress\/ -->\n<title>Cerv\u00e9lo \u00c1spero GRX RX600<\/title>\n<meta name=\"description\" content=\"Entdecken Sie unseren Online-Fahrradladen: Gro\u00dfe Auswahl an Modellen f\u00fcr alle Radsportbegeisterten. Von Rennr\u00e4dern bis zu Mountainbikes - finden Sie heute Ihren perfekten Wegbegleiter!\" \/>\n<meta name=\"robots\" content=\"index, follow, max-snippet:-1, max-image-preview:large, max-video-preview:-1\" \/>\n<link rel=\"canonical\" href=\"https:\/\/kgerad.de\/en\/product\/cervelo-aspero-grx-rx600-1\/\" \/>\n<meta property=\"og:locale\" content=\"en_US\" \/>\n<meta property=\"og:type\" content=\"article\" \/>\n<meta property=\"og:title\" content=\"Cerv\u00e9lo \u00c1spero GRX RX600\" \/>\n<meta property=\"og:description\" content=\"Entdecken Sie unseren Online-Fahrradladen: Gro\u00dfe Auswahl an Modellen f\u00fcr alle Radsportbegeisterten. Von Rennr\u00e4dern bis zu Mountainbikes - finden Sie heute Ihren perfekten Wegbegleiter!\" \/>\n<meta property=\"og:url\" content=\"https:\/\/kgerad.de\/en\/product\/cervelo-aspero-grx-rx600-1\/\" \/>\n<meta property=\"og:site_name\" content=\"kgerad.de\" \/>\n<meta property=\"article:modified_time\" content=\"2023-08-11T08:11:56+00:00\" \/>\n<meta property=\"og:image\" content=\"https:\/\/kgerad.de\/wp-content\/uploads\/2023\/06\/Cervelo-Aspero-GRX-RX600-1.jpg\" \/>\n\t<meta property=\"og:image:width\" content=\"800\" \/>\n\t<meta property=\"og:image:height\" content=\"467\" \/>\n\t<meta property=\"og:image:type\" content=\"image\/jpeg\" \/>\n<meta name=\"twitter:card\" content=\"summary_large_image\" \/>\n<meta name=\"twitter:label1\" content=\"Est. reading time\" \/>\n\t<meta name=\"twitter:data1\" content=\"4 minutes\" \/>\n<script type=\"application\/ld+json\" class=\"yoast-schema-graph\">{\"@context\":\"https:\/\/schema.org\",\"@graph\":[{\"@type\":\"WebPage\",\"@id\":\"https:\/\/kgerad.de\/produkt\/cervelo-aspero-grx-rx600-1\/\",\"url\":\"https:\/\/kgerad.de\/produkt\/cervelo-aspero-grx-rx600-1\/\",\"name\":\"Cerv\u00e9lo \u00c1spero GRX RX600\",\"isPartOf\":{\"@id\":\"https:\/\/kgerad.de\/#website\"},\"primaryImageOfPage\":{\"@id\":\"https:\/\/kgerad.de\/produkt\/cervelo-aspero-grx-rx600-1\/#primaryimage\"},\"image\":{\"@id\":\"https:\/\/kgerad.de\/produkt\/cervelo-aspero-grx-rx600-1\/#primaryimage\"},\"thumbnailUrl\":\"https:\/\/kgerad.de\/wp-content\/uploads\/2023\/06\/Cervelo-Aspero-GRX-RX600-1.jpg\",\"datePublished\":\"2022-11-08T14:56:24+00:00\",\"dateModified\":\"2023-08-11T08:11:56+00:00\",\"description\":\"Entdecken Sie unseren Online-Fahrradladen: Gro\u00dfe Auswahl an Modellen f\u00fcr alle Radsportbegeisterten. Von Rennr\u00e4dern bis zu Mountainbikes - finden Sie heute Ihren perfekten Wegbegleiter!\",\"breadcrumb\":{\"@id\":\"https:\/\/kgerad.de\/produkt\/cervelo-aspero-grx-rx600-1\/#breadcrumb\"},\"inLanguage\":\"en-US\",\"potentialAction\":[{\"@type\":\"ReadAction\",\"target\":[\"https:\/\/kgerad.de\/produkt\/cervelo-aspero-grx-rx600-1\/\"]}]},{\"@type\":\"ImageObject\",\"inLanguage\":\"en-US\",\"@id\":\"https:\/\/kgerad.de\/produkt\/cervelo-aspero-grx-rx600-1\/#primaryimage\",\"url\":\"https:\/\/kgerad.de\/wp-content\/uploads\/2023\/06\/Cervelo-Aspero-GRX-RX600-1.jpg\",\"contentUrl\":\"https:\/\/kgerad.de\/wp-content\/uploads\/2023\/06\/Cervelo-Aspero-GRX-RX600-1.jpg\",\"width\":800,\"height\":467,\"caption\":\"Cerv\u00e9lo \u00c1spero GRX RX600\"},{\"@type\":\"BreadcrumbList\",\"@id\":\"https:\/\/kgerad.de\/produkt\/cervelo-aspero-grx-rx600-1\/#breadcrumb\",\"itemListElement\":[{\"@type\":\"ListItem\",\"position\":1,\"name\":\"Startseite\",\"item\":\"https:\/\/kgerad.de\/\"},{\"@type\":\"ListItem\",\"position\":2,\"name\":\"LADEN\",\"item\":\"https:\/\/kgerad.de\/laden\/\"},{\"@type\":\"ListItem\",\"position\":3,\"name\":\"Cerv\u00e9lo \u00c1spero GRX RX600\"}]},{\"@type\":\"WebSite\",\"@id\":\"https:\/\/kgerad.de\/#website\",\"url\":\"https:\/\/kgerad.de\/\",\"name\":\"kgerad.de\",\"description\":\"Treten Sie mit uns ins Abenteuer!\",\"publisher\":{\"@id\":\"https:\/\/kgerad.de\/#organization\"},\"alternateName\":\"MEIN RADLADEN\",\"potentialAction\":[{\"@type\":\"SearchAction\",\"target\":{\"@type\":\"EntryPoint\",\"urlTemplate\":\"https:\/\/kgerad.de\/?s={search_term_string}\"},\"query-input\":{\"@type\":\"PropertyValueSpecification\",\"valueRequired\":true,\"valueName\":\"search_term_string\"}}],\"inLanguage\":\"en-US\"},{\"@type\":\"Organization\",\"@id\":\"https:\/\/kgerad.de\/#organization\",\"name\":\"MEINRADLADEN\",\"alternateName\":\"MEIN RADLADEN\",\"url\":\"https:\/\/kgerad.de\/\",\"logo\":{\"@type\":\"ImageObject\",\"inLanguage\":\"en-US\",\"@id\":\"https:\/\/kgerad.de\/#\/schema\/logo\/image\/\",\"url\":\"https:\/\/kgerad.de\/wp-content\/uploads\/2025\/07\/logo-Whit.svg\",\"contentUrl\":\"https:\/\/kgerad.de\/wp-content\/uploads\/2025\/07\/logo-Whit.svg\",\"width\":1640,\"height\":371,\"caption\":\"MEINRADLADEN\"},\"image\":{\"@id\":\"https:\/\/kgerad.de\/#\/schema\/logo\/image\/\"}}]}<\/script>\n<!-- \/ Yoast SEO Premium plugin. -->","yoast_head_json":{"title":"Cerv\u00e9lo \u00c1spero GRX RX600","description":"Entdecken Sie unseren Online-Fahrradladen: Gro\u00dfe Auswahl an Modellen f\u00fcr alle Radsportbegeisterten. Von Rennr\u00e4dern bis zu Mountainbikes - finden Sie heute Ihren perfekten Wegbegleiter!","robots":{"index":"index","follow":"follow","max-snippet":"max-snippet:-1","max-image-preview":"max-image-preview:large","max-video-preview":"max-video-preview:-1"},"canonical":"https:\/\/kgerad.de\/en\/product\/cervelo-aspero-grx-rx600-1\/","og_locale":"en_US","og_type":"article","og_title":"Cerv\u00e9lo \u00c1spero GRX RX600","og_description":"Entdecken Sie unseren Online-Fahrradladen: Gro\u00dfe Auswahl an Modellen f\u00fcr alle Radsportbegeisterten. Von Rennr\u00e4dern bis zu Mountainbikes - finden Sie heute Ihren perfekten Wegbegleiter!","og_url":"https:\/\/kgerad.de\/en\/product\/cervelo-aspero-grx-rx600-1\/","og_site_name":"kgerad.de","article_modified_time":"2023-08-11T08:11:56+00:00","og_image":[{"width":800,"height":467,"url":"https:\/\/kgerad.de\/wp-content\/uploads\/2023\/06\/Cervelo-Aspero-GRX-RX600-1.jpg","type":"image\/jpeg"}],"twitter_card":"summary_large_image","twitter_misc":{"Est. reading time":"4 minutes"},"schema":{"@context":"https:\/\/schema.org","@graph":[{"@type":"WebPage","@id":"https:\/\/kgerad.de\/produkt\/cervelo-aspero-grx-rx600-1\/","url":"https:\/\/kgerad.de\/produkt\/cervelo-aspero-grx-rx600-1\/","name":"Cerv\u00e9lo \u00c1spero GRX RX600","isPartOf":{"@id":"https:\/\/kgerad.de\/#website"},"primaryImageOfPage":{"@id":"https:\/\/kgerad.de\/produkt\/cervelo-aspero-grx-rx600-1\/#primaryimage"},"image":{"@id":"https:\/\/kgerad.de\/produkt\/cervelo-aspero-grx-rx600-1\/#primaryimage"},"thumbnailUrl":"https:\/\/kgerad.de\/wp-content\/uploads\/2023\/06\/Cervelo-Aspero-GRX-RX600-1.jpg","datePublished":"2022-11-08T14:56:24+00:00","dateModified":"2023-08-11T08:11:56+00:00","description":"Entdecken Sie unseren Online-Fahrradladen: Gro\u00dfe Auswahl an Modellen f\u00fcr alle Radsportbegeisterten. Von Rennr\u00e4dern bis zu Mountainbikes - finden Sie heute Ihren perfekten Wegbegleiter!","breadcrumb":{"@id":"https:\/\/kgerad.de\/produkt\/cervelo-aspero-grx-rx600-1\/#breadcrumb"},"inLanguage":"en-US","potentialAction":[{"@type":"ReadAction","target":["https:\/\/kgerad.de\/produkt\/cervelo-aspero-grx-rx600-1\/"]}]},{"@type":"ImageObject","inLanguage":"en-US","@id":"https:\/\/kgerad.de\/produkt\/cervelo-aspero-grx-rx600-1\/#primaryimage","url":"https:\/\/kgerad.de\/wp-content\/uploads\/2023\/06\/Cervelo-Aspero-GRX-RX600-1.jpg","contentUrl":"https:\/\/kgerad.de\/wp-content\/uploads\/2023\/06\/Cervelo-Aspero-GRX-RX600-1.jpg","width":800,"height":467,"caption":"Cerv\u00e9lo \u00c1spero GRX RX600"},{"@type":"BreadcrumbList","@id":"https:\/\/kgerad.de\/produkt\/cervelo-aspero-grx-rx600-1\/#breadcrumb","itemListElement":[{"@type":"ListItem","position":1,"name":"Startseite","item":"https:\/\/kgerad.de\/"},{"@type":"ListItem","position":2,"name":"LADEN","item":"https:\/\/kgerad.de\/laden\/"},{"@type":"ListItem","position":3,"name":"Cerv\u00e9lo \u00c1spero GRX RX600"}]},{"@type":"WebSite","@id":"https:\/\/kgerad.de\/#website","url":"https:\/\/kgerad.de\/","name":"kgerad.de","description":"Treten Sie mit uns ins Abenteuer!","publisher":{"@id":"https:\/\/kgerad.de\/#organization"},"alternateName":"MEIN RADLADEN","potentialAction":[{"@type":"SearchAction","target":{"@type":"EntryPoint","urlTemplate":"https:\/\/kgerad.de\/?s={search_term_string}"},"query-input":{"@type":"PropertyValueSpecification","valueRequired":true,"valueName":"search_term_string"}}],"inLanguage":"en-US"},{"@type":"Organization","@id":"https:\/\/kgerad.de\/#organization","name":"MEINRADLADEN","alternateName":"MEIN RADLADEN","url":"https:\/\/kgerad.de\/","logo":{"@type":"ImageObject","inLanguage":"en-US","@id":"https:\/\/kgerad.de\/#\/schema\/logo\/image\/","url":"https:\/\/kgerad.de\/wp-content\/uploads\/2025\/07\/logo-Whit.svg","contentUrl":"https:\/\/kgerad.de\/wp-content\/uploads\/2025\/07\/logo-Whit.svg","width":1640,"height":371,"caption":"MEINRADLADEN"},"image":{"@id":"https:\/\/kgerad.de\/#\/schema\/logo\/image\/"}}]}},"_links":{"self":[{"href":"https:\/\/kgerad.de\/en\/wp-json\/wp\/v2\/product\/38792","targetHints":{"allow":["GET"]}}],"collection":[{"href":"https:\/\/kgerad.de\/en\/wp-json\/wp\/v2\/product"}],"about":[{"href":"https:\/\/kgerad.de\/en\/wp-json\/wp\/v2\/types\/product"}],"replies":[{"embeddable":true,"href":"https:\/\/kgerad.de\/en\/wp-json\/wp\/v2\/comments?post=38792"}],"version-history":[{"count":1,"href":"https:\/\/kgerad.de\/en\/wp-json\/wp\/v2\/product\/38792\/revisions"}],"predecessor-version":[{"id":79401,"href":"https:\/\/kgerad.de\/en\/wp-json\/wp\/v2\/product\/38792\/revisions\/79401"}],"wp:featuredmedia":[{"embeddable":true,"href":"https:\/\/kgerad.de\/en\/wp-json\/wp\/v2\/media\/61321"}],"wp:attachment":[{"href":"https:\/\/kgerad.de\/en\/wp-json\/wp\/v2\/media?parent=38792"}],"wp:term":[{"taxonomy":"product_brand","embeddable":true,"href":"https:\/\/kgerad.de\/en\/wp-json\/wp\/v2\/product_brand?post=38792"},{"taxonomy":"product_cat","embeddable":true,"href":"https:\/\/kgerad.de\/en\/wp-json\/wp\/v2\/product_cat?post=38792"},{"taxonomy":"product_tag","embeddable":true,"href":"https:\/\/kgerad.de\/en\/wp-json\/wp\/v2\/product_tag?post=38792"}],"curies":[{"name":"wp","href":"https:\/\/api.w.org\/{rel}","templated":true}]}}