{"id":38768,"date":"2022-11-08T15:41:19","date_gmt":"2022-11-08T14:41:19","guid":{"rendered":"https:\/\/kgerad.de\/?post_type=product&#038;p=38768"},"modified":"2023-08-11T10:17:11","modified_gmt":"2023-08-11T08:17:11","slug":"kalkhoff-endeavour-5-b-move","status":"publish","type":"product","link":"https:\/\/kgerad.de\/en\/product\/kalkhoff-endeavour-5-b-move\/","title":{"rendered":"Kalkhoff Endeavour 5.B Move+"},"content":{"rendered":"<h2 class=\"product--title\"><strong>Kalkhoff<\/strong>\u00a0Endeavour 5.B Move+<\/h2>\n<div class=\"product--rating-container\">\n<p>Auto-Ersatz auf zwei Reifen. M\u00fchelos und komfortabel jedes Ziel erreichen &#8211; egal, ob auf Asphalt durch die City oder \u00fcber Waldwege an den See. Flexibel und spontan unterwegs sein und einfach am Berufsverkehr vorbeifliegen. Dank des kraftvollen Bosch Performance Smart System und dem belastbaren Plus+ Konzept bist du mit Kalkhoff Endeavour 5.B Move+ E-Bike effizienter unterwegs, als mit dem Auto. Besonders praktisch: Der MI K HD Gep\u00e4cktr\u00e4ger transportiert nicht nur Eink\u00e4ufe und Gep\u00e4ck, sondern kann auch mit einem Kindersitz kombiniert werden.<\/p>\n<hr \/>\n<h3>Features &#8211; Kalkhoff Endeavour 5.B Move+<\/h3>\n<ul>\n<li>Staker Bosch Motor<\/li>\n<li>Integrierte 625 Wh Batterie<\/li>\n<li>Solide und robuste Anbauteile<\/li>\n<li>Ergonomische Touchpoints<\/li>\n<li>Verstellbarer Lenkervorbau mit Kabelintegration<\/li>\n<\/ul>\n<hr \/>\n<h3>Die Kalkhoff Endeavour 5+ Familie<\/h3>\n<p>Deine Nachbarn wollen sich statt des Rasenm\u00e4hers dein E-Bike ausleihen? Innerhalb der Stadtgrenzen l\u00e4sst du die anderen hinter dir \u2013 und au\u00dferhalb der Stadtgrenzen auch? Du sitzt auf dem Weg durch die City genauso bequem und sicher im Sattel wie bei der Tour durch die Natur? Dann bist du wahrscheinlich mit einem Endeavour 5 unterwegs. Unser leistungsstarkes Multitalent bringt dich einfach \u00fcberall hin: Ins B\u00fcro, in den Supermarkt, an den Badesee oder \u00fcber unbefestigtes Gel\u00e4nde zum sch\u00f6nsten Aussichtspunkt. Sch\u00f6nwetterfahrer oder Ganzjahrespendler, auf dem k\u00fcrzesten Weg zur Arbeit oder auf dem schnellsten Weg ins Abenteuer? Mit diesem E-Trekking Bike musst dudich nicht entscheiden. Formsch\u00f6n, voll-integriert und mit Komfort-Ausstattung \u00fcberzeugt es auf jedem Kilometer und allen Untergr\u00fcnden. Und dank des starken Plus-Konzepts mit einer zugelassenen Traglast von bis zu 170 kg und MIK HD Tr\u00e4ger hast du immer im Gep\u00e4ck, was du gerade brauchst. Entdecke unser Onroad-Bike mit Offroad-Touch.<\/p>\n<hr \/>\n<h3>MIK HD Adapterplatte<\/h3>\n<p>Familie im Gep\u00e4ck mit nur einem Klick: Die Neue MIK Heavy Duty (HD) Adapterplatte ist f\u00fcr Kindersitze zugelassen. Extrastark. Extrasicher. Extrapraktisch.<\/p>\n<p>Mit dem innovativen Adapter-System lassen sich Kindersitze schnell und unkompliziert auf den Gep\u00e4cktr\u00e4ger einklicken &#8211; und pl\u00f6tzlich ist Platz f\u00fcr Zwei. Morgens in die Kita, kurz zum Markt oder einfach mal raus mit der ganzen Familie, die Kleinsten fahren immer sicher mit. Und wenn du allein das Abenteuer suchst, l\u00e4sst sich der Kindersitz genauso intuitiv gegen Fahrradtasche, Korb oder Kiste tauschen. Schon nimmt dein E-Bike dir die Einkaufst\u00fcten, das Picknick oder die Touring-Ausr\u00fcstung ab \u2013 mit einer Traglast von bis zu 27 Kilogramm. So passt es sich t\u00e4glich deinen Bed\u00fcrfnissen an, familienfreundlich und f\u00fcr jede Herausforderung zu haben.<\/p>\n<table width=\"100%\">\n<tbody>\n<tr>\n<td width=\"300\"><img fetchpriority=\"high\" decoding=\"async\" src=\"https:\/\/cd.bike-discount.de\/media\/image\/b8\/30\/53\/MIK-HD-Adapterplatte.jpg\" alt=\"\" width=\"300\" height=\"193\" data-src=\"media\/image\/MIK-HD-Adapterplatte.jpg\" \/><\/td>\n<td><strong>MIK HD ist deine Transportl\u00f6sung f\u00fcr mehr Flexibilit\u00e4t in allen Lebenslagen<\/strong><\/p>\n<ul>\n<li>Die MIK HD Adapterplatte mit Zweistep-Sicherung wurde speziell f\u00fcr Kindersitze entwickelt und ist bereits in verschiedene Kindersitzmodelle integriert<\/li>\n<li>MIK HD ist ein innovatives Open-Platform-System, deshalb kannst du dein Zubeh\u00f6r aus vielen bekannten Marken w\u00e4hlen \u2013 und in Sekundenschnelle austauschen<\/li>\n<li>Alle heutigen und zuk\u00fcnftigen MIK K\u00f6rbe und Taschen passen immer in die MIK-HD Gep\u00e4ck-tr\u00e4ger und in die normalen MIK-Gep\u00e4cktr\u00e4ger!<\/li>\n<li>MIK-HD Tr\u00e4ger: das sind extra starke Gep\u00e4cktr\u00e4ger, belastbar bis 27 kg (EN 11243)<\/li>\n<\/ul>\n<\/td>\n<\/tr>\n<\/tbody>\n<\/table>\n<div class=\"tab-menu--product js--tab-menu\">\n<div class=\"tab--container-list\">\n<div class=\"tab--container has--content is--active\">\n<div class=\"tab--content\">\n<div class=\"content--description\">\n<div class=\"product--description\">\n<h2>Ausstattung<\/h2>\n<div class=\"product--properties panel has--border\">\n<table class=\"product--properties-table\">\n<tbody>\n<tr class=\"product--properties-row row1\">\n<td class=\"product--properties-label is--bold\">Rahmen:<\/td>\n<td class=\"product--properties-value\">Integrale 0.6, Aluminium<\/td>\n<\/tr>\n<tr class=\"product--properties-row row2\">\n<td class=\"product--properties-label is--bold\">Rahmenmaterial:<\/td>\n<td class=\"product--properties-value\">Aluminium<\/td>\n<\/tr>\n<tr class=\"product--properties-row row3\">\n<td class=\"product--properties-label is--bold\">Laufradgr\u00f6\u00dfe:<\/td>\n<td class=\"product--properties-value\">29&#8243;<\/td>\n<\/tr>\n<tr class=\"product--properties-row row4\">\n<td class=\"product--properties-label is--bold\">Farbe:<\/td>\n<td class=\"product--properties-value\">lightgrey matt<\/td>\n<\/tr>\n<tr class=\"product--properties-row row5\">\n<td class=\"product--properties-label is--bold\">Gabel:<\/td>\n<td class=\"product--properties-value\">Suntour Mobie34 Air, 15 mm thru axle<\/td>\n<\/tr>\n<tr class=\"product--properties-row row6\">\n<td class=\"product--properties-label is--bold\">Federweg:<\/td>\n<td class=\"product--properties-value\">80 mm<\/td>\n<\/tr>\n<tr class=\"product--properties-row row7\">\n<td class=\"product--properties-label is--bold\">Bremsen:<\/td>\n<td class=\"product--properties-value\">Tektro T535, 4-piston, hydraulic disc brake<\/td>\n<\/tr>\n<tr class=\"product--properties-row row8\">\n<td class=\"product--properties-label is--bold\">Bremsscheiben:<\/td>\n<td class=\"product--properties-value\">180 mm \/ 180 mm<\/td>\n<\/tr>\n<tr class=\"product--properties-row row9\">\n<td class=\"product--properties-label is--bold\">Vorbau:<\/td>\n<td class=\"product--properties-value\">Concept EX, adjustable, 80 mm<\/td>\n<\/tr>\n<tr class=\"product--properties-row row10\">\n<td class=\"product--properties-label is--bold\">Lenker:<\/td>\n<td class=\"product--properties-value\">Concept EX Riser, 700 mm<\/td>\n<\/tr>\n<tr class=\"product--properties-row row11\">\n<td class=\"product--properties-label is--bold\">Griffe:<\/td>\n<td class=\"product--properties-value\">Ergon GA30<\/td>\n<\/tr>\n<tr class=\"product--properties-row row12\">\n<td class=\"product--properties-label is--bold\">Sattel:<\/td>\n<td class=\"product--properties-value\">Selle Royal Essenza Plus<\/td>\n<\/tr>\n<tr class=\"product--properties-row row13\">\n<td class=\"product--properties-label is--bold\">Sattelst\u00fctze:<\/td>\n<td class=\"product--properties-value\">Aluminium, 31.6 mm<\/td>\n<\/tr>\n<tr class=\"product--properties-row row14\">\n<td class=\"product--properties-label is--bold\">Kurbel:<\/td>\n<td class=\"product--properties-value\">aluminium, 170 mm, 42T<\/td>\n<\/tr>\n<tr class=\"product--properties-row row15\">\n<td class=\"product--properties-label is--bold\">Schaltwerk:<\/td>\n<td class=\"product--properties-value\">Shimano Alivio M3100<\/td>\n<\/tr>\n<\/tbody>\n<\/table>\n<table class=\"product--properties-table\">\n<tbody>\n<tr class=\"product--properties-row row16\">\n<td class=\"product--properties-label is--bold\">Schalthebel:<\/td>\n<td class=\"product--properties-value\">Shimano Alivio<\/td>\n<\/tr>\n<tr class=\"product--properties-row row17\">\n<td class=\"product--properties-label is--bold\">Kassette:<\/td>\n<td class=\"product--properties-value\">Shimano HG400, 11-34T<\/td>\n<\/tr>\n<tr class=\"product--properties-row row18\">\n<td class=\"product--properties-label is--bold\">Kette:<\/td>\n<td class=\"product--properties-value\">KMC X9<\/td>\n<\/tr>\n<tr class=\"product--properties-row row19\">\n<td class=\"product--properties-label is--bold\">Reifen:<\/td>\n<td class=\"product--properties-value\">Schwalbe Land Cruiser Plus 55-622<\/td>\n<\/tr>\n<tr class=\"product--properties-row row20\">\n<td class=\"product--properties-label is--bold\">Nabe Vorderrad:<\/td>\n<td class=\"product--properties-value\">Shimano Alivio MT400, 15&#215;100 mm with QR<\/td>\n<\/tr>\n<tr class=\"product--properties-row row21\">\n<td class=\"product--properties-label is--bold\">Nabe Hinterrad:<\/td>\n<td class=\"product--properties-value\">Shimano Alivio MT400, 12&#215;142 mm thru axle<\/td>\n<\/tr>\n<tr class=\"product--properties-row row22\">\n<td class=\"product--properties-label is--bold\">Speichen:<\/td>\n<td class=\"product--properties-value\">Niro<\/td>\n<\/tr>\n<tr class=\"product--properties-row row23\">\n<td class=\"product--properties-label is--bold\">Felgen:<\/td>\n<td class=\"product--properties-value\">Rodi Cyclone with eyelets<\/td>\n<\/tr>\n<tr class=\"product--properties-row row24\">\n<td class=\"product--properties-label is--bold\">Display:<\/td>\n<td class=\"product--properties-value\">Bosch Intuvia 100, with LED Remote<\/td>\n<\/tr>\n<tr class=\"product--properties-row row25\">\n<td class=\"product--properties-label is--bold\">Akku:<\/td>\n<td class=\"product--properties-value\">Bosch PowerTube 625 Wh<\/td>\n<\/tr>\n<tr class=\"product--properties-row row26\">\n<td class=\"product--properties-label is--bold\">Ladeger\u00e4t:<\/td>\n<td class=\"product--properties-value\">Bosch, 4A<\/td>\n<\/tr>\n<tr class=\"product--properties-row row27\">\n<td class=\"product--properties-label is--bold\">Motor:<\/td>\n<td class=\"product--properties-value\">Bosch Performance Line Smart System, 36 V \/ 250 W \/ 75 Nm<\/td>\n<\/tr>\n<tr class=\"product--properties-row row28\">\n<td class=\"product--properties-label is--bold\">Scheinwerfer:<\/td>\n<td class=\"product--properties-value\">Herrmans H-Black MR4, LED<\/td>\n<\/tr>\n<tr class=\"product--properties-row row29\">\n<td class=\"product--properties-label is--bold\">R\u00fccklicht:<\/td>\n<td class=\"product--properties-value\">Trelock COB Line, LED<\/td>\n<\/tr>\n<tr class=\"product--properties-row row30\">\n<td class=\"product--properties-label is--bold\">Gep\u00e4cktr\u00e4ger:<\/td>\n<td class=\"product--properties-value\">MIK HD Rear Carrier<\/td>\n<\/tr>\n<tr class=\"product--properties-row row31\">\n<td class=\"product--properties-label is--bold\">Pedale:<\/td>\n<td class=\"product--properties-value\">Comfort, with anti slip protection and reflector<\/td>\n<\/tr>\n<tr class=\"product--properties-row row32\">\n<td class=\"product--properties-label is--bold\">Sonstiges:<\/td>\n<td class=\"product--properties-value\">Schutzblech, St\u00e4nder<\/td>\n<\/tr>\n<tr class=\"product--properties-row row33\">\n<td class=\"product--properties-label is--bold\">Zul\u00e4ssiges Gesamtgewicht:<\/td>\n<td class=\"product--properties-value\">170 kg (K\u00f6rpergewicht + Fahrrad + Ausr\u00fcstung)<\/td>\n<\/tr>\n<\/tbody>\n<\/table>\n<\/div>\n<\/div>\n<\/div>\n<\/div>\n<\/div>\n<\/div>\n<\/div>\n<p><a class=\"rating-link-info--box\" name=\"product--publish-comment\"><\/a><\/p>\n<div id=\"detail--product-reviews\" class=\"content--product-reviews 123\"><\/div>\n<\/div>","protected":false},"excerpt":{"rendered":"<div class=\"tab-menu--product js--tab-menu\">\n<div class=\"tab--container-list\">\n<div class=\"tab--container description has--content is--active\">\n<div class=\"tab--content box-description\">\n<div class=\"content--description\">\n<div class=\"ean-box\"><label>Modelljahr: 2023<\/label><\/div>\n<\/div>\n<\/div>\n<\/div>\n<\/div>\n<\/div>\n<p><a class=\"rating-link-info--box\" name=\"product--publish-comment\"><\/a><\/p>\n<div id=\"detail--product-reviews\" class=\"content--product-reviews 123\"><\/div>","protected":false},"featured_media":61317,"comment_status":"open","ping_status":"closed","template":"","meta":[],"product_brand":[],"product_cat":[33,247,270,281],"product_tag":[],"class_list":{"0":"post-38768","1":"product","2":"type-product","3":"status-publish","4":"has-post-thumbnail","6":"product_cat-e-bike","7":"product_cat-e-bike-trekking","8":"product_cat-e-bikes-2023","9":"product_cat-e-fahrrad","10":"pa_marke-kalkhoff","12":"first","13":"instock","14":"sale","15":"taxable","16":"shipping-taxable","17":"purchasable","18":"product-type-variable"},"yoast_head":"<!-- This site is optimized with the Yoast SEO Premium plugin v20.12 (Yoast SEO v27.1.1) - https:\/\/yoast.com\/product\/yoast-seo-premium-wordpress\/ -->\n<title>Kalkhoff Endeavour 5.B Move+<\/title>\n<meta name=\"description\" content=\"Entdecken Sie unseren Online-Fahrradladen: Gro\u00dfe Auswahl an Modellen f\u00fcr alle Radsportbegeisterten. Von Rennr\u00e4dern bis zu Mountainbikes - finden Sie heute Ihren perfekten Wegbegleiter!\" \/>\n<meta name=\"robots\" content=\"index, follow, max-snippet:-1, max-image-preview:large, max-video-preview:-1\" \/>\n<link rel=\"canonical\" href=\"https:\/\/kgerad.de\/en\/product\/kalkhoff-endeavour-5-b-move\/\" \/>\n<meta property=\"og:locale\" content=\"en_US\" \/>\n<meta property=\"og:type\" content=\"article\" \/>\n<meta property=\"og:title\" content=\"Kalkhoff Endeavour 5.B Move+\" \/>\n<meta property=\"og:description\" content=\"Entdecken Sie unseren Online-Fahrradladen: Gro\u00dfe Auswahl an Modellen f\u00fcr alle Radsportbegeisterten. Von Rennr\u00e4dern bis zu Mountainbikes - finden Sie heute Ihren perfekten Wegbegleiter!\" \/>\n<meta property=\"og:url\" content=\"https:\/\/kgerad.de\/en\/product\/kalkhoff-endeavour-5-b-move\/\" \/>\n<meta property=\"og:site_name\" content=\"kgerad.de\" \/>\n<meta property=\"article:modified_time\" content=\"2023-08-11T08:17:11+00:00\" \/>\n<meta property=\"og:image\" content=\"https:\/\/kgerad.de\/wp-content\/uploads\/2023\/06\/KH0020062v2023_2023_29_TR_GRY_090_PRE_ENDEAVOUR-5-B-MOVE-PLUS.jpg\" \/>\n\t<meta property=\"og:image:width\" content=\"2000\" \/>\n\t<meta property=\"og:image:height\" content=\"1181\" \/>\n\t<meta property=\"og:image:type\" content=\"image\/jpeg\" \/>\n<meta name=\"twitter:card\" content=\"summary_large_image\" \/>\n<meta name=\"twitter:label1\" content=\"Est. reading time\" \/>\n\t<meta name=\"twitter:data1\" content=\"4 minutes\" \/>\n<script type=\"application\/ld+json\" class=\"yoast-schema-graph\">{\"@context\":\"https:\/\/schema.org\",\"@graph\":[{\"@type\":\"WebPage\",\"@id\":\"https:\/\/kgerad.de\/produkt\/kalkhoff-endeavour-5-b-move\/\",\"url\":\"https:\/\/kgerad.de\/produkt\/kalkhoff-endeavour-5-b-move\/\",\"name\":\"Kalkhoff Endeavour 5.B Move+\",\"isPartOf\":{\"@id\":\"https:\/\/kgerad.de\/#website\"},\"primaryImageOfPage\":{\"@id\":\"https:\/\/kgerad.de\/produkt\/kalkhoff-endeavour-5-b-move\/#primaryimage\"},\"image\":{\"@id\":\"https:\/\/kgerad.de\/produkt\/kalkhoff-endeavour-5-b-move\/#primaryimage\"},\"thumbnailUrl\":\"https:\/\/kgerad.de\/wp-content\/uploads\/2023\/06\/KH0020062v2023_2023_29_TR_GRY_090_PRE_ENDEAVOUR-5-B-MOVE-PLUS.jpg\",\"datePublished\":\"2022-11-08T14:41:19+00:00\",\"dateModified\":\"2023-08-11T08:17:11+00:00\",\"description\":\"Entdecken Sie unseren Online-Fahrradladen: Gro\u00dfe Auswahl an Modellen f\u00fcr alle Radsportbegeisterten. Von Rennr\u00e4dern bis zu Mountainbikes - finden Sie heute Ihren perfekten Wegbegleiter!\",\"breadcrumb\":{\"@id\":\"https:\/\/kgerad.de\/produkt\/kalkhoff-endeavour-5-b-move\/#breadcrumb\"},\"inLanguage\":\"en-US\",\"potentialAction\":[{\"@type\":\"ReadAction\",\"target\":[\"https:\/\/kgerad.de\/produkt\/kalkhoff-endeavour-5-b-move\/\"]}]},{\"@type\":\"ImageObject\",\"inLanguage\":\"en-US\",\"@id\":\"https:\/\/kgerad.de\/produkt\/kalkhoff-endeavour-5-b-move\/#primaryimage\",\"url\":\"https:\/\/kgerad.de\/wp-content\/uploads\/2023\/06\/KH0020062v2023_2023_29_TR_GRY_090_PRE_ENDEAVOUR-5-B-MOVE-PLUS.jpg\",\"contentUrl\":\"https:\/\/kgerad.de\/wp-content\/uploads\/2023\/06\/KH0020062v2023_2023_29_TR_GRY_090_PRE_ENDEAVOUR-5-B-MOVE-PLUS.jpg\",\"width\":2000,\"height\":1181,\"caption\":\"Kalkhoff Endeavour 5.B Move+\"},{\"@type\":\"BreadcrumbList\",\"@id\":\"https:\/\/kgerad.de\/produkt\/kalkhoff-endeavour-5-b-move\/#breadcrumb\",\"itemListElement\":[{\"@type\":\"ListItem\",\"position\":1,\"name\":\"Startseite\",\"item\":\"https:\/\/kgerad.de\/\"},{\"@type\":\"ListItem\",\"position\":2,\"name\":\"LADEN\",\"item\":\"https:\/\/kgerad.de\/laden\/\"},{\"@type\":\"ListItem\",\"position\":3,\"name\":\"Kalkhoff Endeavour 5.B Move+\"}]},{\"@type\":\"WebSite\",\"@id\":\"https:\/\/kgerad.de\/#website\",\"url\":\"https:\/\/kgerad.de\/\",\"name\":\"kgerad.de\",\"description\":\"Treten Sie mit uns ins Abenteuer!\",\"publisher\":{\"@id\":\"https:\/\/kgerad.de\/#organization\"},\"alternateName\":\"MEIN RADLADEN\",\"potentialAction\":[{\"@type\":\"SearchAction\",\"target\":{\"@type\":\"EntryPoint\",\"urlTemplate\":\"https:\/\/kgerad.de\/?s={search_term_string}\"},\"query-input\":{\"@type\":\"PropertyValueSpecification\",\"valueRequired\":true,\"valueName\":\"search_term_string\"}}],\"inLanguage\":\"en-US\"},{\"@type\":\"Organization\",\"@id\":\"https:\/\/kgerad.de\/#organization\",\"name\":\"MEINRADLADEN\",\"alternateName\":\"MEIN RADLADEN\",\"url\":\"https:\/\/kgerad.de\/\",\"logo\":{\"@type\":\"ImageObject\",\"inLanguage\":\"en-US\",\"@id\":\"https:\/\/kgerad.de\/#\/schema\/logo\/image\/\",\"url\":\"https:\/\/kgerad.de\/wp-content\/uploads\/2025\/07\/logo-Whit.svg\",\"contentUrl\":\"https:\/\/kgerad.de\/wp-content\/uploads\/2025\/07\/logo-Whit.svg\",\"width\":1640,\"height\":371,\"caption\":\"MEINRADLADEN\"},\"image\":{\"@id\":\"https:\/\/kgerad.de\/#\/schema\/logo\/image\/\"}}]}<\/script>\n<!-- \/ Yoast SEO Premium plugin. -->","yoast_head_json":{"title":"Kalkhoff Endeavour 5.B Move+","description":"Entdecken Sie unseren Online-Fahrradladen: Gro\u00dfe Auswahl an Modellen f\u00fcr alle Radsportbegeisterten. Von Rennr\u00e4dern bis zu Mountainbikes - finden Sie heute Ihren perfekten Wegbegleiter!","robots":{"index":"index","follow":"follow","max-snippet":"max-snippet:-1","max-image-preview":"max-image-preview:large","max-video-preview":"max-video-preview:-1"},"canonical":"https:\/\/kgerad.de\/en\/product\/kalkhoff-endeavour-5-b-move\/","og_locale":"en_US","og_type":"article","og_title":"Kalkhoff Endeavour 5.B Move+","og_description":"Entdecken Sie unseren Online-Fahrradladen: Gro\u00dfe Auswahl an Modellen f\u00fcr alle Radsportbegeisterten. Von Rennr\u00e4dern bis zu Mountainbikes - finden Sie heute Ihren perfekten Wegbegleiter!","og_url":"https:\/\/kgerad.de\/en\/product\/kalkhoff-endeavour-5-b-move\/","og_site_name":"kgerad.de","article_modified_time":"2023-08-11T08:17:11+00:00","og_image":[{"width":2000,"height":1181,"url":"https:\/\/kgerad.de\/wp-content\/uploads\/2023\/06\/KH0020062v2023_2023_29_TR_GRY_090_PRE_ENDEAVOUR-5-B-MOVE-PLUS.jpg","type":"image\/jpeg"}],"twitter_card":"summary_large_image","twitter_misc":{"Est. reading time":"4 minutes"},"schema":{"@context":"https:\/\/schema.org","@graph":[{"@type":"WebPage","@id":"https:\/\/kgerad.de\/produkt\/kalkhoff-endeavour-5-b-move\/","url":"https:\/\/kgerad.de\/produkt\/kalkhoff-endeavour-5-b-move\/","name":"Kalkhoff Endeavour 5.B Move+","isPartOf":{"@id":"https:\/\/kgerad.de\/#website"},"primaryImageOfPage":{"@id":"https:\/\/kgerad.de\/produkt\/kalkhoff-endeavour-5-b-move\/#primaryimage"},"image":{"@id":"https:\/\/kgerad.de\/produkt\/kalkhoff-endeavour-5-b-move\/#primaryimage"},"thumbnailUrl":"https:\/\/kgerad.de\/wp-content\/uploads\/2023\/06\/KH0020062v2023_2023_29_TR_GRY_090_PRE_ENDEAVOUR-5-B-MOVE-PLUS.jpg","datePublished":"2022-11-08T14:41:19+00:00","dateModified":"2023-08-11T08:17:11+00:00","description":"Entdecken Sie unseren Online-Fahrradladen: Gro\u00dfe Auswahl an Modellen f\u00fcr alle Radsportbegeisterten. Von Rennr\u00e4dern bis zu Mountainbikes - finden Sie heute Ihren perfekten Wegbegleiter!","breadcrumb":{"@id":"https:\/\/kgerad.de\/produkt\/kalkhoff-endeavour-5-b-move\/#breadcrumb"},"inLanguage":"en-US","potentialAction":[{"@type":"ReadAction","target":["https:\/\/kgerad.de\/produkt\/kalkhoff-endeavour-5-b-move\/"]}]},{"@type":"ImageObject","inLanguage":"en-US","@id":"https:\/\/kgerad.de\/produkt\/kalkhoff-endeavour-5-b-move\/#primaryimage","url":"https:\/\/kgerad.de\/wp-content\/uploads\/2023\/06\/KH0020062v2023_2023_29_TR_GRY_090_PRE_ENDEAVOUR-5-B-MOVE-PLUS.jpg","contentUrl":"https:\/\/kgerad.de\/wp-content\/uploads\/2023\/06\/KH0020062v2023_2023_29_TR_GRY_090_PRE_ENDEAVOUR-5-B-MOVE-PLUS.jpg","width":2000,"height":1181,"caption":"Kalkhoff Endeavour 5.B Move+"},{"@type":"BreadcrumbList","@id":"https:\/\/kgerad.de\/produkt\/kalkhoff-endeavour-5-b-move\/#breadcrumb","itemListElement":[{"@type":"ListItem","position":1,"name":"Startseite","item":"https:\/\/kgerad.de\/"},{"@type":"ListItem","position":2,"name":"LADEN","item":"https:\/\/kgerad.de\/laden\/"},{"@type":"ListItem","position":3,"name":"Kalkhoff Endeavour 5.B Move+"}]},{"@type":"WebSite","@id":"https:\/\/kgerad.de\/#website","url":"https:\/\/kgerad.de\/","name":"kgerad.de","description":"Treten Sie mit uns ins Abenteuer!","publisher":{"@id":"https:\/\/kgerad.de\/#organization"},"alternateName":"MEIN RADLADEN","potentialAction":[{"@type":"SearchAction","target":{"@type":"EntryPoint","urlTemplate":"https:\/\/kgerad.de\/?s={search_term_string}"},"query-input":{"@type":"PropertyValueSpecification","valueRequired":true,"valueName":"search_term_string"}}],"inLanguage":"en-US"},{"@type":"Organization","@id":"https:\/\/kgerad.de\/#organization","name":"MEINRADLADEN","alternateName":"MEIN RADLADEN","url":"https:\/\/kgerad.de\/","logo":{"@type":"ImageObject","inLanguage":"en-US","@id":"https:\/\/kgerad.de\/#\/schema\/logo\/image\/","url":"https:\/\/kgerad.de\/wp-content\/uploads\/2025\/07\/logo-Whit.svg","contentUrl":"https:\/\/kgerad.de\/wp-content\/uploads\/2025\/07\/logo-Whit.svg","width":1640,"height":371,"caption":"MEINRADLADEN"},"image":{"@id":"https:\/\/kgerad.de\/#\/schema\/logo\/image\/"}}]}},"_links":{"self":[{"href":"https:\/\/kgerad.de\/en\/wp-json\/wp\/v2\/product\/38768","targetHints":{"allow":["GET"]}}],"collection":[{"href":"https:\/\/kgerad.de\/en\/wp-json\/wp\/v2\/product"}],"about":[{"href":"https:\/\/kgerad.de\/en\/wp-json\/wp\/v2\/types\/product"}],"replies":[{"embeddable":true,"href":"https:\/\/kgerad.de\/en\/wp-json\/wp\/v2\/comments?post=38768"}],"version-history":[{"count":1,"href":"https:\/\/kgerad.de\/en\/wp-json\/wp\/v2\/product\/38768\/revisions"}],"predecessor-version":[{"id":79417,"href":"https:\/\/kgerad.de\/en\/wp-json\/wp\/v2\/product\/38768\/revisions\/79417"}],"wp:featuredmedia":[{"embeddable":true,"href":"https:\/\/kgerad.de\/en\/wp-json\/wp\/v2\/media\/61317"}],"wp:attachment":[{"href":"https:\/\/kgerad.de\/en\/wp-json\/wp\/v2\/media?parent=38768"}],"wp:term":[{"taxonomy":"product_brand","embeddable":true,"href":"https:\/\/kgerad.de\/en\/wp-json\/wp\/v2\/product_brand?post=38768"},{"taxonomy":"product_cat","embeddable":true,"href":"https:\/\/kgerad.de\/en\/wp-json\/wp\/v2\/product_cat?post=38768"},{"taxonomy":"product_tag","embeddable":true,"href":"https:\/\/kgerad.de\/en\/wp-json\/wp\/v2\/product_tag?post=38768"}],"curies":[{"name":"wp","href":"https:\/\/api.w.org\/{rel}","templated":true}]}}